{"id":746,"date":"2023-10-12T01:55:14","date_gmt":"2023-10-12T01:55:14","guid":{"rendered":"http:\/\/ketamaseeds.com\/?post_type=product&#038;p=746"},"modified":"2023-12-08T01:09:53","modified_gmt":"2023-12-08T01:09:53","slug":"anana","status":"publish","type":"product","link":"https:\/\/ketamaseeds.com\/en\/product\/anana\/","title":{"rendered":"ANAN\u00c1 feminised cannabis seeds"},"content":{"rendered":"<h2>ANAN\u00c1 feminised cannabis seeds<\/h2>\n<p>Anan\u00e1 is a really fast cannabis variety that produces big flowers of spectacular purple tones and full of resin.<\/p>\n<p>Anan\u00e1 flowers have an excellent fruity taste that makes us feel transported to exotic places where a delicious potion is drunk: pineapple juice.<\/p>\n<p>Its genetic, a hybrid of two ancestors that are originally from center Africa, contributes to those nice fragrances and purple tones in the buds. And it is bluish or almost black in the leaves.<\/p>\n<p>The effect of Anan\u00e1, being mostly sativa, is basically cerebral.<\/p>\n<p>It is very easy to cultivate and even though is a good sativa, its flowering period is quite short.<\/p>\n<p>Moreover, the manicure is quite easy because it has very few leaves.<\/p>\n<p>Cultivating indoor, the flowering period will be over between 50 and 57 days.<\/p>\n<p>Cultivating outdoor the harvest will be ready about mid September (North Hemisphere) or between the end of February and beginning of March when it has been cultivated in the South Hemisphere.<\/p>\n<p>Anan\u00e1 becomes a nice surprise for those who want to cultivate sativa strains in a short period of time. And it will be nicely surprising too for expert growers, due to its great quality and unique personality.<\/p>\n<h3>ANAN\u00c1 feminised cannabis seeds<\/h3>\n","protected":false},"excerpt":{"rendered":"<p>ANAN\u00c1 feminised cannabis seeds Anan\u00e1 is a really fast cannabis variety that produces big flowers of spectacular purple tones and full of resin. Anan\u00e1 flowers have an excellent fruity taste that makes us feel transported to exotic places where a delicious potion is drunk: pineapple juice. Its genetic, a hybrid of two ancestors that are [&hellip;]<\/p>\n","protected":false},"featured_media":534,"comment_status":"open","ping_status":"closed","template":"","meta":{"_et_pb_use_builder":"","_et_pb_old_content":"","_et_gb_content_width":""},"product_brand":[],"product_cat":[48],"product_tag":[],"class_list":{"0":"post-746","1":"product","2":"type-product","3":"status-publish","4":"has-post-thumbnail","6":"product_cat-feminized-cannabis-seeds","8":"first","9":"instock","10":"shipping-taxable","11":"purchasable","12":"product-type-variable"},"yoast_head":"<!-- This site is optimized with the Yoast SEO plugin v27.3 - https:\/\/yoast.com\/product\/yoast-seo-wordpress\/ -->\n<title>ANAN\u00c1 feminised cannabis seeds<\/title>\n<meta name=\"description\" content=\"Anan\u00e1 is a really fast cannabis variety that produces big flowers of spectacular purple tones and full of resin. Anan\u00e1 flowers have an excellent fruity ...\" \/>\n<meta name=\"robots\" content=\"index, follow, max-snippet:-1, max-image-preview:large, max-video-preview:-1\" \/>\n<link rel=\"canonical\" href=\"https:\/\/ketamaseeds.com\/en\/product\/anana\/\" \/>\n<meta property=\"og:locale\" content=\"en_US\" \/>\n<meta property=\"og:type\" content=\"article\" \/>\n<meta property=\"og:title\" content=\"ANAN\u00c1 feminised cannabis seeds\" \/>\n<meta property=\"og:description\" content=\"Anan\u00e1 is a really fast cannabis variety that produces big flowers of spectacular purple tones and full of resin. Anan\u00e1 flowers have an excellent fruity ...\" \/>\n<meta property=\"og:url\" content=\"https:\/\/ketamaseeds.com\/en\/product\/anana\/\" \/>\n<meta property=\"og:site_name\" content=\"KETAMA SEEDS\" \/>\n<meta property=\"article:publisher\" content=\"https:\/\/www.facebook.com\/ketamaseedsbank\" \/>\n<meta property=\"article:modified_time\" content=\"2023-12-08T01:09:53+00:00\" \/>\n<meta property=\"og:image\" content=\"https:\/\/ketamaseeds.com\/wp-content\/uploads\/2023\/10\/flores-de-marihuana-variedad-anana-de-ketama-seeds-bank.jpg\" \/>\n\t<meta property=\"og:image:width\" content=\"300\" \/>\n\t<meta property=\"og:image:height\" content=\"300\" \/>\n\t<meta property=\"og:image:type\" content=\"image\/jpeg\" \/>\n<meta name=\"twitter:card\" content=\"summary_large_image\" \/>\n<meta name=\"twitter:site\" content=\"@KetamaSeeds\" \/>\n<meta name=\"twitter:label1\" content=\"Est. reading time\" \/>\n\t<meta name=\"twitter:data1\" content=\"1 minute\" \/>\n<script type=\"application\/ld+json\" class=\"yoast-schema-graph\">{\"@context\":\"https:\\\/\\\/schema.org\",\"@graph\":[{\"@type\":\"WebPage\",\"@id\":\"https:\\\/\\\/ketamaseeds.com\\\/en\\\/product\\\/anana\\\/\",\"url\":\"https:\\\/\\\/ketamaseeds.com\\\/en\\\/product\\\/anana\\\/\",\"name\":\"ANAN\u00c1 feminised cannabis seeds\",\"isPartOf\":{\"@id\":\"https:\\\/\\\/ketamaseeds.com\\\/en\\\/#website\"},\"primaryImageOfPage\":{\"@id\":\"https:\\\/\\\/ketamaseeds.com\\\/en\\\/product\\\/anana\\\/#primaryimage\"},\"image\":{\"@id\":\"https:\\\/\\\/ketamaseeds.com\\\/en\\\/product\\\/anana\\\/#primaryimage\"},\"thumbnailUrl\":\"https:\\\/\\\/ketamaseeds.com\\\/wp-content\\\/uploads\\\/2023\\\/10\\\/flores-de-marihuana-variedad-anana-de-ketama-seeds-bank.jpg\",\"datePublished\":\"2023-10-12T01:55:14+00:00\",\"dateModified\":\"2023-12-08T01:09:53+00:00\",\"description\":\"Anan\u00e1 is a really fast cannabis variety that produces big flowers of spectacular purple tones and full of resin. Anan\u00e1 flowers have an excellent fruity ...\",\"breadcrumb\":{\"@id\":\"https:\\\/\\\/ketamaseeds.com\\\/en\\\/product\\\/anana\\\/#breadcrumb\"},\"inLanguage\":\"en-US\",\"potentialAction\":[{\"@type\":\"ReadAction\",\"target\":[\"https:\\\/\\\/ketamaseeds.com\\\/en\\\/product\\\/anana\\\/\"]}]},{\"@type\":\"ImageObject\",\"inLanguage\":\"en-US\",\"@id\":\"https:\\\/\\\/ketamaseeds.com\\\/en\\\/product\\\/anana\\\/#primaryimage\",\"url\":\"https:\\\/\\\/ketamaseeds.com\\\/wp-content\\\/uploads\\\/2023\\\/10\\\/flores-de-marihuana-variedad-anana-de-ketama-seeds-bank.jpg\",\"contentUrl\":\"https:\\\/\\\/ketamaseeds.com\\\/wp-content\\\/uploads\\\/2023\\\/10\\\/flores-de-marihuana-variedad-anana-de-ketama-seeds-bank.jpg\",\"width\":300,\"height\":300},{\"@type\":\"BreadcrumbList\",\"@id\":\"https:\\\/\\\/ketamaseeds.com\\\/en\\\/product\\\/anana\\\/#breadcrumb\",\"itemListElement\":[{\"@type\":\"ListItem\",\"position\":1,\"name\":\"Home\",\"item\":\"https:\\\/\\\/ketamaseeds.com\\\/en\\\/\"},{\"@type\":\"ListItem\",\"position\":2,\"name\":\"Cannabis seeds\",\"item\":\"https:\\\/\\\/ketamaseeds.com\\\/en\\\/buy-cannabis-seeds\\\/\"},{\"@type\":\"ListItem\",\"position\":3,\"name\":\"ANAN\u00c1 feminised cannabis seeds\"}]},{\"@type\":\"WebSite\",\"@id\":\"https:\\\/\\\/ketamaseeds.com\\\/en\\\/#website\",\"url\":\"https:\\\/\\\/ketamaseeds.com\\\/en\\\/\",\"name\":\"KETAMA SEEDS\",\"description\":\"Banco de semillas de Cannabis\",\"publisher\":{\"@id\":\"https:\\\/\\\/ketamaseeds.com\\\/en\\\/#organization\"},\"potentialAction\":[{\"@type\":\"SearchAction\",\"target\":{\"@type\":\"EntryPoint\",\"urlTemplate\":\"https:\\\/\\\/ketamaseeds.com\\\/en\\\/?s={search_term_string}\"},\"query-input\":{\"@type\":\"PropertyValueSpecification\",\"valueRequired\":true,\"valueName\":\"search_term_string\"}}],\"inLanguage\":\"en-US\"},{\"@type\":\"Organization\",\"@id\":\"https:\\\/\\\/ketamaseeds.com\\\/en\\\/#organization\",\"name\":\"KETAMA SEEDS\",\"url\":\"https:\\\/\\\/ketamaseeds.com\\\/en\\\/\",\"logo\":{\"@type\":\"ImageObject\",\"inLanguage\":\"en-US\",\"@id\":\"https:\\\/\\\/ketamaseeds.com\\\/en\\\/#\\\/schema\\\/logo\\\/image\\\/\",\"url\":\"https:\\\/\\\/ketamaseeds.com\\\/wp-content\\\/uploads\\\/2023\\\/10\\\/cropped-ketama-seeds-logo.jpeg\",\"contentUrl\":\"https:\\\/\\\/ketamaseeds.com\\\/wp-content\\\/uploads\\\/2023\\\/10\\\/cropped-ketama-seeds-logo.jpeg\",\"width\":512,\"height\":512,\"caption\":\"KETAMA SEEDS\"},\"image\":{\"@id\":\"https:\\\/\\\/ketamaseeds.com\\\/en\\\/#\\\/schema\\\/logo\\\/image\\\/\"},\"sameAs\":[\"https:\\\/\\\/www.facebook.com\\\/ketamaseedsbank\",\"https:\\\/\\\/x.com\\\/KetamaSeeds\",\"https:\\\/\\\/www.instagram.com\\\/ketamaseeds\"]}]}<\/script>\n<!-- \/ Yoast SEO plugin. -->","yoast_head_json":{"title":"ANAN\u00c1 feminised cannabis seeds","description":"Anan\u00e1 is a really fast cannabis variety that produces big flowers of spectacular purple tones and full of resin. Anan\u00e1 flowers have an excellent fruity ...","robots":{"index":"index","follow":"follow","max-snippet":"max-snippet:-1","max-image-preview":"max-image-preview:large","max-video-preview":"max-video-preview:-1"},"canonical":"https:\/\/ketamaseeds.com\/en\/product\/anana\/","og_locale":"en_US","og_type":"article","og_title":"ANAN\u00c1 feminised cannabis seeds","og_description":"Anan\u00e1 is a really fast cannabis variety that produces big flowers of spectacular purple tones and full of resin. Anan\u00e1 flowers have an excellent fruity ...","og_url":"https:\/\/ketamaseeds.com\/en\/product\/anana\/","og_site_name":"KETAMA SEEDS","article_publisher":"https:\/\/www.facebook.com\/ketamaseedsbank","article_modified_time":"2023-12-08T01:09:53+00:00","og_image":[{"width":300,"height":300,"url":"https:\/\/ketamaseeds.com\/wp-content\/uploads\/2023\/10\/flores-de-marihuana-variedad-anana-de-ketama-seeds-bank.jpg","type":"image\/jpeg"}],"twitter_card":"summary_large_image","twitter_site":"@KetamaSeeds","twitter_misc":{"Est. reading time":"1 minute"},"schema":{"@context":"https:\/\/schema.org","@graph":[{"@type":"WebPage","@id":"https:\/\/ketamaseeds.com\/en\/product\/anana\/","url":"https:\/\/ketamaseeds.com\/en\/product\/anana\/","name":"ANAN\u00c1 feminised cannabis seeds","isPartOf":{"@id":"https:\/\/ketamaseeds.com\/en\/#website"},"primaryImageOfPage":{"@id":"https:\/\/ketamaseeds.com\/en\/product\/anana\/#primaryimage"},"image":{"@id":"https:\/\/ketamaseeds.com\/en\/product\/anana\/#primaryimage"},"thumbnailUrl":"https:\/\/ketamaseeds.com\/wp-content\/uploads\/2023\/10\/flores-de-marihuana-variedad-anana-de-ketama-seeds-bank.jpg","datePublished":"2023-10-12T01:55:14+00:00","dateModified":"2023-12-08T01:09:53+00:00","description":"Anan\u00e1 is a really fast cannabis variety that produces big flowers of spectacular purple tones and full of resin. Anan\u00e1 flowers have an excellent fruity ...","breadcrumb":{"@id":"https:\/\/ketamaseeds.com\/en\/product\/anana\/#breadcrumb"},"inLanguage":"en-US","potentialAction":[{"@type":"ReadAction","target":["https:\/\/ketamaseeds.com\/en\/product\/anana\/"]}]},{"@type":"ImageObject","inLanguage":"en-US","@id":"https:\/\/ketamaseeds.com\/en\/product\/anana\/#primaryimage","url":"https:\/\/ketamaseeds.com\/wp-content\/uploads\/2023\/10\/flores-de-marihuana-variedad-anana-de-ketama-seeds-bank.jpg","contentUrl":"https:\/\/ketamaseeds.com\/wp-content\/uploads\/2023\/10\/flores-de-marihuana-variedad-anana-de-ketama-seeds-bank.jpg","width":300,"height":300},{"@type":"BreadcrumbList","@id":"https:\/\/ketamaseeds.com\/en\/product\/anana\/#breadcrumb","itemListElement":[{"@type":"ListItem","position":1,"name":"Home","item":"https:\/\/ketamaseeds.com\/en\/"},{"@type":"ListItem","position":2,"name":"Cannabis seeds","item":"https:\/\/ketamaseeds.com\/en\/buy-cannabis-seeds\/"},{"@type":"ListItem","position":3,"name":"ANAN\u00c1 feminised cannabis seeds"}]},{"@type":"WebSite","@id":"https:\/\/ketamaseeds.com\/en\/#website","url":"https:\/\/ketamaseeds.com\/en\/","name":"KETAMA SEEDS","description":"Banco de semillas de Cannabis","publisher":{"@id":"https:\/\/ketamaseeds.com\/en\/#organization"},"potentialAction":[{"@type":"SearchAction","target":{"@type":"EntryPoint","urlTemplate":"https:\/\/ketamaseeds.com\/en\/?s={search_term_string}"},"query-input":{"@type":"PropertyValueSpecification","valueRequired":true,"valueName":"search_term_string"}}],"inLanguage":"en-US"},{"@type":"Organization","@id":"https:\/\/ketamaseeds.com\/en\/#organization","name":"KETAMA SEEDS","url":"https:\/\/ketamaseeds.com\/en\/","logo":{"@type":"ImageObject","inLanguage":"en-US","@id":"https:\/\/ketamaseeds.com\/en\/#\/schema\/logo\/image\/","url":"https:\/\/ketamaseeds.com\/wp-content\/uploads\/2023\/10\/cropped-ketama-seeds-logo.jpeg","contentUrl":"https:\/\/ketamaseeds.com\/wp-content\/uploads\/2023\/10\/cropped-ketama-seeds-logo.jpeg","width":512,"height":512,"caption":"KETAMA SEEDS"},"image":{"@id":"https:\/\/ketamaseeds.com\/en\/#\/schema\/logo\/image\/"},"sameAs":["https:\/\/www.facebook.com\/ketamaseedsbank","https:\/\/x.com\/KetamaSeeds","https:\/\/www.instagram.com\/ketamaseeds"]}]}},"_links":{"self":[{"href":"https:\/\/ketamaseeds.com\/en\/wp-json\/wp\/v2\/product\/746","targetHints":{"allow":["GET"]}}],"collection":[{"href":"https:\/\/ketamaseeds.com\/en\/wp-json\/wp\/v2\/product"}],"about":[{"href":"https:\/\/ketamaseeds.com\/en\/wp-json\/wp\/v2\/types\/product"}],"replies":[{"embeddable":true,"href":"https:\/\/ketamaseeds.com\/en\/wp-json\/wp\/v2\/comments?post=746"}],"wp:featuredmedia":[{"embeddable":true,"href":"https:\/\/ketamaseeds.com\/en\/wp-json\/wp\/v2\/media\/534"}],"wp:attachment":[{"href":"https:\/\/ketamaseeds.com\/en\/wp-json\/wp\/v2\/media?parent=746"}],"wp:term":[{"taxonomy":"product_brand","embeddable":true,"href":"https:\/\/ketamaseeds.com\/en\/wp-json\/wp\/v2\/product_brand?post=746"},{"taxonomy":"product_cat","embeddable":true,"href":"https:\/\/ketamaseeds.com\/en\/wp-json\/wp\/v2\/product_cat?post=746"},{"taxonomy":"product_tag","embeddable":true,"href":"https:\/\/ketamaseeds.com\/en\/wp-json\/wp\/v2\/product_tag?post=746"}],"curies":[{"name":"wp","href":"https:\/\/api.w.org\/{rel}","templated":true}]}}