{"id":1305,"date":"2023-10-13T18:13:48","date_gmt":"2023-10-13T18:13:48","guid":{"rendered":"http:\/\/ketamaseeds.com\/?page_id=1305"},"modified":"2023-12-13T17:50:13","modified_gmt":"2023-12-13T17:50:13","slug":"politique-de-confidentialite","status":"publish","type":"page","link":"https:\/\/ketamaseeds.com\/fr\/politique-de-confidentialite\/","title":{"rendered":"Politique de confidentialit\u00e9"},"content":{"rendered":"\n<p><br>Information sur la protection des donn\u00e9es de CONTACT<\/p>\n\n\n\n<p><br>Qui est responsable de vos donn\u00e9es ?<\/p>\n\n\n\n<p>Conform\u00e9ment aux dispositions du R\u00e8glement (UE) 2016\/679 du Parlement europ\u00e9en et du Conseil, nous vous informons que les donn\u00e9es personnelles fournies seront trait\u00e9es par Jes\u00fas Javier Ruiz Zuazu avec NIF 29146468V et adresse \u00e0 San Isidro 7 &#8211; 31300, TAFALLA (Navarra).<\/p>\n\n\n\n<p>Dans quel but traitons-nous vos donn\u00e9es personnelles ?<\/p>\n\n\n\n<p>Les donn\u00e9es que vous nous fournissez sont n\u00e9cessaires pour pouvoir vous offrir toutes les garanties du service demand\u00e9, et seront trait\u00e9es aux fins suivantes : pour traiter les demandes formul\u00e9es par le biais des formulaires de contact, du courrier \u00e9lectronique ou des chats disponibles sur les diff\u00e9rents sites Web de l&rsquo;entreprise, ainsi que pour envoyer des bulletins d&rsquo;information aux candidats.<\/p>\n\n\n\n<p>Combien de temps conserverons-nous vos donn\u00e9es ?<\/p>\n\n\n\n<p>Les donn\u00e9es personnelles fournies seront conserv\u00e9es aussi longtemps qu&rsquo;il sera n\u00e9cessaire de contacter l&rsquo;int\u00e9ress\u00e9 ou jusqu&rsquo;\u00e0 ce que l&rsquo;utilisateur demande \u00e0 se d\u00e9sinscrire.<\/p>\n\n\n\n<p>Quelle est la l\u00e9gitimit\u00e9 du traitement de vos donn\u00e9es ?<\/p>\n\n\n\n<p>L&rsquo;int\u00e9r\u00eat l\u00e9gitime du responsable du traitement \u00e0 traiter vos donn\u00e9es est le consentement de la personne concern\u00e9e \u00e0 contacter notre organisation.<\/p>\n\n\n\n<p>Quels sont vos droits lorsque vous nous fournissez vos donn\u00e9es ?<\/p>\n\n\n\n<p>Toute personne a le droit de demander l&rsquo;acc\u00e8s, la rectification, l&rsquo;effacement, la limitation du traitement, l&rsquo;opposition ou le droit \u00e0 la portabilit\u00e9 de ses donn\u00e9es \u00e0 caract\u00e8re personnel en nous \u00e9crivant \u00e0 l&rsquo;adresse de nos bureaux, ou en envoyant un courriel \u00e0 web@ketamaseeds.com, en indiquant le droit qu&rsquo;elle souhaite exercer.<\/p>\n\n\n\n<p>Vous aurez \u00e9galement le droit de retirer votre consentement \u00e0 tout moment. Le retrait du consentement n&rsquo;affectera pas la l\u00e9galit\u00e9 du traitement effectu\u00e9 avant le retrait du consentement.<\/p>\n\n\n\n<p>Vous avez le droit d&rsquo;introduire une r\u00e9clamation aupr\u00e8s de l&rsquo;autorit\u00e9 de contr\u00f4le si vous estimez que vos droits concernant la protection de vos donn\u00e9es \u00e0 caract\u00e8re personnel ont \u00e9t\u00e9 viol\u00e9s.<\/p>\n","protected":false},"excerpt":{"rendered":"<p>Information sur la protection des donn\u00e9es de CONTACT Qui est responsable de vos donn\u00e9es ? Conform\u00e9ment aux dispositions du R\u00e8glement (UE) 2016\/679 du Parlement europ\u00e9en et du Conseil, nous vous informons que les donn\u00e9es personnelles fournies seront trait\u00e9es par Jes\u00fas Javier Ruiz Zuazu avec NIF 29146468V et adresse \u00e0 San Isidro 7 &#8211; 31300, TAFALLA [&hellip;]<\/p>\n","protected":false},"author":1,"featured_media":0,"parent":0,"menu_order":0,"comment_status":"closed","ping_status":"closed","template":"","meta":{"_et_pb_use_builder":"","_et_pb_old_content":"","_et_gb_content_width":"","footnotes":""},"class_list":["post-1305","page","type-page","status-publish","hentry"],"yoast_head":"<!-- This site is optimized with the Yoast SEO plugin v27.3 - https:\/\/yoast.com\/product\/yoast-seo-wordpress\/ -->\n<title>Politique de confidentialit\u00e9 &#8211; KETAMA SEEDS<\/title>\n<meta name=\"robots\" content=\"noindex, nofollow\" \/>\n<meta property=\"og:locale\" content=\"fr_FR\" \/>\n<meta property=\"og:type\" content=\"article\" \/>\n<meta property=\"og:title\" content=\"Politique de confidentialit\u00e9 &#8211; KETAMA SEEDS\" \/>\n<meta property=\"og:description\" content=\"Information sur la protection des donn\u00e9es de CONTACT Qui est responsable de vos donn\u00e9es ? Conform\u00e9ment aux dispositions du R\u00e8glement (UE) 2016\/679 du Parlement europ\u00e9en et du Conseil, nous vous informons que les donn\u00e9es personnelles fournies seront trait\u00e9es par Jes\u00fas Javier Ruiz Zuazu avec NIF 29146468V et adresse \u00e0 San Isidro 7 &#8211; 31300, TAFALLA [&hellip;]\" \/>\n<meta property=\"og:url\" content=\"https:\/\/ketamaseeds.com\/fr\/politique-de-confidentialite\/\" \/>\n<meta property=\"og:site_name\" content=\"KETAMA SEEDS\" \/>\n<meta property=\"article:publisher\" content=\"https:\/\/www.facebook.com\/ketamaseedsbank\" \/>\n<meta property=\"article:modified_time\" content=\"2023-12-13T17:50:13+00:00\" \/>\n<meta property=\"og:image\" content=\"https:\/\/ketamaseeds.com\/wp-content\/uploads\/2023\/10\/banco-de-semillas-de-marihuana-feminizadas-autoflorecientes-ketama-seeds.jpg\" \/>\n\t<meta property=\"og:image:width\" content=\"275\" \/>\n\t<meta property=\"og:image:height\" content=\"110\" \/>\n\t<meta property=\"og:image:type\" content=\"image\/jpeg\" \/>\n<meta name=\"twitter:card\" content=\"summary_large_image\" \/>\n<meta name=\"twitter:site\" content=\"@KetamaSeeds\" \/>\n<meta name=\"twitter:label1\" content=\"Dur\u00e9e de lecture estim\u00e9e\" \/>\n\t<meta name=\"twitter:data1\" content=\"2 minutes\" \/>\n<script type=\"application\/ld+json\" class=\"yoast-schema-graph\">{\"@context\":\"https:\\\/\\\/schema.org\",\"@graph\":[{\"@type\":\"WebPage\",\"@id\":\"https:\\\/\\\/ketamaseeds.com\\\/fr\\\/politique-de-confidentialite\\\/\",\"url\":\"https:\\\/\\\/ketamaseeds.com\\\/fr\\\/politique-de-confidentialite\\\/\",\"name\":\"Politique de confidentialit\u00e9 &#8211; KETAMA SEEDS\",\"isPartOf\":{\"@id\":\"https:\\\/\\\/ketamaseeds.com\\\/fr\\\/#website\"},\"datePublished\":\"2023-10-13T18:13:48+00:00\",\"dateModified\":\"2023-12-13T17:50:13+00:00\",\"breadcrumb\":{\"@id\":\"https:\\\/\\\/ketamaseeds.com\\\/fr\\\/politique-de-confidentialite\\\/#breadcrumb\"},\"inLanguage\":\"fr-FR\",\"potentialAction\":[{\"@type\":\"ReadAction\",\"target\":[\"https:\\\/\\\/ketamaseeds.com\\\/fr\\\/politique-de-confidentialite\\\/\"]}]},{\"@type\":\"BreadcrumbList\",\"@id\":\"https:\\\/\\\/ketamaseeds.com\\\/fr\\\/politique-de-confidentialite\\\/#breadcrumb\",\"itemListElement\":[{\"@type\":\"ListItem\",\"position\":1,\"name\":\"Home\",\"item\":\"https:\\\/\\\/ketamaseeds.com\\\/fr\\\/\"},{\"@type\":\"ListItem\",\"position\":2,\"name\":\"Politique de confidentialit\u00e9\"}]},{\"@type\":\"WebSite\",\"@id\":\"https:\\\/\\\/ketamaseeds.com\\\/fr\\\/#website\",\"url\":\"https:\\\/\\\/ketamaseeds.com\\\/fr\\\/\",\"name\":\"KETAMA SEEDS\",\"description\":\"Banco de semillas de Cannabis\",\"publisher\":{\"@id\":\"https:\\\/\\\/ketamaseeds.com\\\/fr\\\/#organization\"},\"potentialAction\":[{\"@type\":\"SearchAction\",\"target\":{\"@type\":\"EntryPoint\",\"urlTemplate\":\"https:\\\/\\\/ketamaseeds.com\\\/fr\\\/?s={search_term_string}\"},\"query-input\":{\"@type\":\"PropertyValueSpecification\",\"valueRequired\":true,\"valueName\":\"search_term_string\"}}],\"inLanguage\":\"fr-FR\"},{\"@type\":\"Organization\",\"@id\":\"https:\\\/\\\/ketamaseeds.com\\\/fr\\\/#organization\",\"name\":\"KETAMA SEEDS\",\"url\":\"https:\\\/\\\/ketamaseeds.com\\\/fr\\\/\",\"logo\":{\"@type\":\"ImageObject\",\"inLanguage\":\"fr-FR\",\"@id\":\"https:\\\/\\\/ketamaseeds.com\\\/fr\\\/#\\\/schema\\\/logo\\\/image\\\/\",\"url\":\"https:\\\/\\\/ketamaseeds.com\\\/wp-content\\\/uploads\\\/2023\\\/10\\\/cropped-ketama-seeds-logo.jpeg\",\"contentUrl\":\"https:\\\/\\\/ketamaseeds.com\\\/wp-content\\\/uploads\\\/2023\\\/10\\\/cropped-ketama-seeds-logo.jpeg\",\"width\":512,\"height\":512,\"caption\":\"KETAMA SEEDS\"},\"image\":{\"@id\":\"https:\\\/\\\/ketamaseeds.com\\\/fr\\\/#\\\/schema\\\/logo\\\/image\\\/\"},\"sameAs\":[\"https:\\\/\\\/www.facebook.com\\\/ketamaseedsbank\",\"https:\\\/\\\/x.com\\\/KetamaSeeds\",\"https:\\\/\\\/www.instagram.com\\\/ketamaseeds\"]}]}<\/script>\n<!-- \/ Yoast SEO plugin. -->","yoast_head_json":{"title":"Politique de confidentialit\u00e9 &#8211; KETAMA SEEDS","robots":{"index":"noindex","follow":"nofollow"},"og_locale":"fr_FR","og_type":"article","og_title":"Politique de confidentialit\u00e9 &#8211; KETAMA SEEDS","og_description":"Information sur la protection des donn\u00e9es de CONTACT Qui est responsable de vos donn\u00e9es ? Conform\u00e9ment aux dispositions du R\u00e8glement (UE) 2016\/679 du Parlement europ\u00e9en et du Conseil, nous vous informons que les donn\u00e9es personnelles fournies seront trait\u00e9es par Jes\u00fas Javier Ruiz Zuazu avec NIF 29146468V et adresse \u00e0 San Isidro 7 &#8211; 31300, TAFALLA [&hellip;]","og_url":"https:\/\/ketamaseeds.com\/fr\/politique-de-confidentialite\/","og_site_name":"KETAMA SEEDS","article_publisher":"https:\/\/www.facebook.com\/ketamaseedsbank","article_modified_time":"2023-12-13T17:50:13+00:00","og_image":[{"width":275,"height":110,"url":"https:\/\/ketamaseeds.com\/wp-content\/uploads\/2023\/10\/banco-de-semillas-de-marihuana-feminizadas-autoflorecientes-ketama-seeds.jpg","type":"image\/jpeg"}],"twitter_card":"summary_large_image","twitter_site":"@KetamaSeeds","twitter_misc":{"Dur\u00e9e de lecture estim\u00e9e":"2 minutes"},"schema":{"@context":"https:\/\/schema.org","@graph":[{"@type":"WebPage","@id":"https:\/\/ketamaseeds.com\/fr\/politique-de-confidentialite\/","url":"https:\/\/ketamaseeds.com\/fr\/politique-de-confidentialite\/","name":"Politique de confidentialit\u00e9 &#8211; KETAMA SEEDS","isPartOf":{"@id":"https:\/\/ketamaseeds.com\/fr\/#website"},"datePublished":"2023-10-13T18:13:48+00:00","dateModified":"2023-12-13T17:50:13+00:00","breadcrumb":{"@id":"https:\/\/ketamaseeds.com\/fr\/politique-de-confidentialite\/#breadcrumb"},"inLanguage":"fr-FR","potentialAction":[{"@type":"ReadAction","target":["https:\/\/ketamaseeds.com\/fr\/politique-de-confidentialite\/"]}]},{"@type":"BreadcrumbList","@id":"https:\/\/ketamaseeds.com\/fr\/politique-de-confidentialite\/#breadcrumb","itemListElement":[{"@type":"ListItem","position":1,"name":"Home","item":"https:\/\/ketamaseeds.com\/fr\/"},{"@type":"ListItem","position":2,"name":"Politique de confidentialit\u00e9"}]},{"@type":"WebSite","@id":"https:\/\/ketamaseeds.com\/fr\/#website","url":"https:\/\/ketamaseeds.com\/fr\/","name":"KETAMA SEEDS","description":"Banco de semillas de Cannabis","publisher":{"@id":"https:\/\/ketamaseeds.com\/fr\/#organization"},"potentialAction":[{"@type":"SearchAction","target":{"@type":"EntryPoint","urlTemplate":"https:\/\/ketamaseeds.com\/fr\/?s={search_term_string}"},"query-input":{"@type":"PropertyValueSpecification","valueRequired":true,"valueName":"search_term_string"}}],"inLanguage":"fr-FR"},{"@type":"Organization","@id":"https:\/\/ketamaseeds.com\/fr\/#organization","name":"KETAMA SEEDS","url":"https:\/\/ketamaseeds.com\/fr\/","logo":{"@type":"ImageObject","inLanguage":"fr-FR","@id":"https:\/\/ketamaseeds.com\/fr\/#\/schema\/logo\/image\/","url":"https:\/\/ketamaseeds.com\/wp-content\/uploads\/2023\/10\/cropped-ketama-seeds-logo.jpeg","contentUrl":"https:\/\/ketamaseeds.com\/wp-content\/uploads\/2023\/10\/cropped-ketama-seeds-logo.jpeg","width":512,"height":512,"caption":"KETAMA SEEDS"},"image":{"@id":"https:\/\/ketamaseeds.com\/fr\/#\/schema\/logo\/image\/"},"sameAs":["https:\/\/www.facebook.com\/ketamaseedsbank","https:\/\/x.com\/KetamaSeeds","https:\/\/www.instagram.com\/ketamaseeds"]}]}},"_links":{"self":[{"href":"https:\/\/ketamaseeds.com\/fr\/wp-json\/wp\/v2\/pages\/1305","targetHints":{"allow":["GET"]}}],"collection":[{"href":"https:\/\/ketamaseeds.com\/fr\/wp-json\/wp\/v2\/pages"}],"about":[{"href":"https:\/\/ketamaseeds.com\/fr\/wp-json\/wp\/v2\/types\/page"}],"author":[{"embeddable":true,"href":"https:\/\/ketamaseeds.com\/fr\/wp-json\/wp\/v2\/users\/1"}],"replies":[{"embeddable":true,"href":"https:\/\/ketamaseeds.com\/fr\/wp-json\/wp\/v2\/comments?post=1305"}],"version-history":[{"count":0,"href":"https:\/\/ketamaseeds.com\/fr\/wp-json\/wp\/v2\/pages\/1305\/revisions"}],"wp:attachment":[{"href":"https:\/\/ketamaseeds.com\/fr\/wp-json\/wp\/v2\/media?parent=1305"}],"curies":[{"name":"wp","href":"https:\/\/api.w.org\/{rel}","templated":true}]}}