{"id":1311,"date":"2023-10-15T19:00:51","date_gmt":"2023-10-15T19:00:51","guid":{"rendered":"http:\/\/ketamaseeds.com\/?page_id=1311"},"modified":"2023-12-13T18:05:13","modified_gmt":"2023-12-13T18:05:13","slug":"modes-de-paiement","status":"publish","type":"page","link":"https:\/\/ketamaseeds.com\/fr\/modes-de-paiement\/","title":{"rendered":"Modes de paiement"},"content":{"rendered":"\n<h3 class=\"wp-block-heading\"><br>Paiement par carte de cr\u00e9dit ou de d\u00e9bit<br><\/h3>\n\n\n\n<h3 class=\"wp-block-heading\">Paiement avec des crypto-monnaies<\/h3>\n\n\n\n<p><br>Dans notre boutique en ligne, pour des raisons de s\u00e9curit\u00e9 et de commodit\u00e9, nous avons s\u00e9lectionn\u00e9 pour le moment comme seules m\u00e9thodes, le paiement avec les cartes de d\u00e9bit et de cr\u00e9dit les plus utilis\u00e9es telles que VISA, AMERICAN EXPRESS, MASTERCARD, ainsi que les cryptocurrencies les plus utilis\u00e9es dans le monde.<\/p>\n\n\n\n<p>Lorsque vous effectuez le paiement dans notre boutique de graines de cannabis avec l&rsquo;une de ces m\u00e9thodes, vous payez avec votre devise, au taux de change officiel au moment de l&rsquo;achat.<\/p>\n\n\n\n<p>Si vous souhaitez calculer le co\u00fbt dans la devise de votre pays, vous pouvez utiliser ce convertisseur de devises.<\/p>\n\n\n\n<p>Au moment final de l&rsquo;achat, le web, \u00e0 travers un serveur s\u00e9curis\u00e9 (SSL) de notre fournisseur de paiement, effectue l&rsquo;op\u00e9ration de paiement de la mani\u00e8re la plus s\u00fbre.<\/p>\n\n\n\n<p>En gardant toujours \u00e0 l&rsquo;esprit la discr\u00e9tion dans tout ce qui concerne votre achat, dans le r\u00e9sum\u00e9 des paiements de votre carte appara\u00eetra le nom d&rsquo;une soci\u00e9t\u00e9 de commerce \u00e9lectronique.<\/p>\n\n\n\n<p>ATTENTION<\/p>\n\n\n\n<p>Notre boutique a activ\u00e9 le syst\u00e8me de paiement 3D SECURE, ce syst\u00e8me de paiement prot\u00e8ge les cartes contre une \u00e9ventuelle utilisation frauduleuse, chaque carte fait appel \u00e0 ce syst\u00e8me de diff\u00e9rentes mani\u00e8res.<\/p>\n\n\n\n<p>Visa : Verified by Visa<br>MasterCard : SecureCode<br>American Express : Safekey<\/p>\n\n\n\n<p>Lorsque le paiement est r\u00e9ussi, vous verrez \u00e0 l&rsquo;\u00e9cran que votre paiement a \u00e9t\u00e9 effectu\u00e9 correctement, le montant de celui-ci et le num\u00e9ro de votre achat. Vous recevrez \u00e9galement un courriel avec votre commande. Si vous ne voyez pas l&rsquo;e-mail dans votre bo\u00eete de r\u00e9ception, vous devez le rechercher dans votre dossier de courrier ind\u00e9sirable.<\/p>\n\n\n\n<p>Que faire si votre paiement n&rsquo;est pas autoris\u00e9 ?<\/p>\n\n\n\n<p>Si notre syst\u00e8me de paiement n&rsquo;autorise pas votre paiement lorsque vous essayez de l&rsquo;effectuer, vous verrez que vous \u00eates redirig\u00e9 vers la page d&rsquo;accueil de notre site web.<\/p>\n\n\n\n<p>Il est probable que votre carte ne dispose pas encore de ce dispositif de s\u00e9curit\u00e9 appel\u00e9 3D SECURE, ou qu&rsquo;elle n&rsquo;est pas encore autoris\u00e9e \u00e0 effectuer des achats sur l&rsquo;internet et \u00e0 l&rsquo;\u00e9tranger.<\/p>\n\n\n\n<p>Veuillez noter qu&rsquo;apr\u00e8s 3 tentatives infructueuses, votre carte sera bloqu\u00e9e par votre banque pour des raisons de s\u00e9curit\u00e9.<\/p>\n\n\n\n<p>Comment r\u00e9soudre ce probl\u00e8me ?<\/p>\n\n\n\n<p>La plupart des banques utilisent d\u00e9j\u00e0 le mode 3D SECURE pour des raisons de s\u00e9curit\u00e9 et ne l&rsquo;activent normalement sur les cartes qu&rsquo;\u00e0 la demande de leurs clients.<\/p>\n\n\n\n<p>Si vous appelez votre banque ou si vous vous rendez sur place pour lui demander d&rsquo;activer votre carte afin de pouvoir effectuer des achats sur l&rsquo;internet dans les pays \u00e9trangers qui exigent le mode 3D SECURE, elle l&rsquo;activera pour vous en m\u00eame temps, normalement dans un d\u00e9lai de 24 heures.<\/p>\n\n\n\n<p>De cette mani\u00e8re, vous devriez pouvoir acheter vos graines pr\u00e9f\u00e9r\u00e9es sans probl\u00e8me dans n&rsquo;importe quel pays.<\/p>\n","protected":false},"excerpt":{"rendered":"<p>Paiement par carte de cr\u00e9dit ou de d\u00e9bit Paiement avec des crypto-monnaies Dans notre boutique en ligne, pour des raisons de s\u00e9curit\u00e9 et de commodit\u00e9, nous avons s\u00e9lectionn\u00e9 pour le moment comme seules m\u00e9thodes, le paiement avec les cartes de d\u00e9bit et de cr\u00e9dit les plus utilis\u00e9es telles que VISA, AMERICAN EXPRESS, MASTERCARD, ainsi que [&hellip;]<\/p>\n","protected":false},"author":1,"featured_media":0,"parent":0,"menu_order":0,"comment_status":"closed","ping_status":"closed","template":"","meta":{"_et_pb_use_builder":"","_et_pb_old_content":"","_et_gb_content_width":"","footnotes":""},"class_list":["post-1311","page","type-page","status-publish","hentry"],"yoast_head":"<!-- This site is optimized with the Yoast SEO plugin v27.4 - https:\/\/yoast.com\/product\/yoast-seo-wordpress\/ -->\n<title>Modes de paiement &#8211; KETAMA SEEDS<\/title>\n<meta name=\"robots\" content=\"noindex, nofollow\" \/>\n<meta property=\"og:locale\" content=\"fr_FR\" \/>\n<meta property=\"og:type\" content=\"article\" \/>\n<meta property=\"og:title\" content=\"Modes de paiement &#8211; KETAMA SEEDS\" \/>\n<meta property=\"og:description\" content=\"Paiement par carte de cr\u00e9dit ou de d\u00e9bit Paiement avec des crypto-monnaies Dans notre boutique en ligne, pour des raisons de s\u00e9curit\u00e9 et de commodit\u00e9, nous avons s\u00e9lectionn\u00e9 pour le moment comme seules m\u00e9thodes, le paiement avec les cartes de d\u00e9bit et de cr\u00e9dit les plus utilis\u00e9es telles que VISA, AMERICAN EXPRESS, MASTERCARD, ainsi que [&hellip;]\" \/>\n<meta property=\"og:url\" content=\"https:\/\/ketamaseeds.com\/fr\/modes-de-paiement\/\" \/>\n<meta property=\"og:site_name\" content=\"KETAMA SEEDS\" \/>\n<meta property=\"article:publisher\" content=\"https:\/\/www.facebook.com\/ketamaseedsbank\" \/>\n<meta property=\"article:modified_time\" content=\"2023-12-13T18:05:13+00:00\" \/>\n<meta property=\"og:image\" content=\"https:\/\/ketamaseeds.com\/wp-content\/uploads\/2023\/10\/banco-de-semillas-de-marihuana-feminizadas-autoflorecientes-ketama-seeds.jpg\" \/>\n\t<meta property=\"og:image:width\" content=\"275\" \/>\n\t<meta property=\"og:image:height\" content=\"110\" \/>\n\t<meta property=\"og:image:type\" content=\"image\/jpeg\" \/>\n<meta name=\"twitter:card\" content=\"summary_large_image\" \/>\n<meta name=\"twitter:site\" content=\"@KetamaSeeds\" \/>\n<meta name=\"twitter:label1\" content=\"Dur\u00e9e de lecture estim\u00e9e\" \/>\n\t<meta name=\"twitter:data1\" content=\"3 minutes\" \/>\n<script type=\"application\/ld+json\" class=\"yoast-schema-graph\">{\"@context\":\"https:\\\/\\\/schema.org\",\"@graph\":[{\"@type\":\"WebPage\",\"@id\":\"https:\\\/\\\/ketamaseeds.com\\\/fr\\\/modes-de-paiement\\\/\",\"url\":\"https:\\\/\\\/ketamaseeds.com\\\/fr\\\/modes-de-paiement\\\/\",\"name\":\"Modes de paiement &#8211; KETAMA SEEDS\",\"isPartOf\":{\"@id\":\"https:\\\/\\\/ketamaseeds.com\\\/fr\\\/#website\"},\"datePublished\":\"2023-10-15T19:00:51+00:00\",\"dateModified\":\"2023-12-13T18:05:13+00:00\",\"breadcrumb\":{\"@id\":\"https:\\\/\\\/ketamaseeds.com\\\/fr\\\/modes-de-paiement\\\/#breadcrumb\"},\"inLanguage\":\"fr-FR\",\"potentialAction\":[{\"@type\":\"ReadAction\",\"target\":[\"https:\\\/\\\/ketamaseeds.com\\\/fr\\\/modes-de-paiement\\\/\"]}]},{\"@type\":\"BreadcrumbList\",\"@id\":\"https:\\\/\\\/ketamaseeds.com\\\/fr\\\/modes-de-paiement\\\/#breadcrumb\",\"itemListElement\":[{\"@type\":\"ListItem\",\"position\":1,\"name\":\"Home\",\"item\":\"https:\\\/\\\/ketamaseeds.com\\\/fr\\\/\"},{\"@type\":\"ListItem\",\"position\":2,\"name\":\"Modes de paiement\"}]},{\"@type\":\"WebSite\",\"@id\":\"https:\\\/\\\/ketamaseeds.com\\\/fr\\\/#website\",\"url\":\"https:\\\/\\\/ketamaseeds.com\\\/fr\\\/\",\"name\":\"KETAMA SEEDS\",\"description\":\"Banco de semillas de Cannabis\",\"publisher\":{\"@id\":\"https:\\\/\\\/ketamaseeds.com\\\/fr\\\/#organization\"},\"potentialAction\":[{\"@type\":\"SearchAction\",\"target\":{\"@type\":\"EntryPoint\",\"urlTemplate\":\"https:\\\/\\\/ketamaseeds.com\\\/fr\\\/?s={search_term_string}\"},\"query-input\":{\"@type\":\"PropertyValueSpecification\",\"valueRequired\":true,\"valueName\":\"search_term_string\"}}],\"inLanguage\":\"fr-FR\"},{\"@type\":\"Organization\",\"@id\":\"https:\\\/\\\/ketamaseeds.com\\\/fr\\\/#organization\",\"name\":\"KETAMA SEEDS\",\"url\":\"https:\\\/\\\/ketamaseeds.com\\\/fr\\\/\",\"logo\":{\"@type\":\"ImageObject\",\"inLanguage\":\"fr-FR\",\"@id\":\"https:\\\/\\\/ketamaseeds.com\\\/fr\\\/#\\\/schema\\\/logo\\\/image\\\/\",\"url\":\"https:\\\/\\\/ketamaseeds.com\\\/wp-content\\\/uploads\\\/2023\\\/10\\\/cropped-ketama-seeds-logo.jpeg\",\"contentUrl\":\"https:\\\/\\\/ketamaseeds.com\\\/wp-content\\\/uploads\\\/2023\\\/10\\\/cropped-ketama-seeds-logo.jpeg\",\"width\":512,\"height\":512,\"caption\":\"KETAMA SEEDS\"},\"image\":{\"@id\":\"https:\\\/\\\/ketamaseeds.com\\\/fr\\\/#\\\/schema\\\/logo\\\/image\\\/\"},\"sameAs\":[\"https:\\\/\\\/www.facebook.com\\\/ketamaseedsbank\",\"https:\\\/\\\/x.com\\\/KetamaSeeds\",\"https:\\\/\\\/www.instagram.com\\\/ketamaseeds\"]}]}<\/script>\n<!-- \/ Yoast SEO plugin. -->","yoast_head_json":{"title":"Modes de paiement &#8211; KETAMA SEEDS","robots":{"index":"noindex","follow":"nofollow"},"og_locale":"fr_FR","og_type":"article","og_title":"Modes de paiement &#8211; KETAMA SEEDS","og_description":"Paiement par carte de cr\u00e9dit ou de d\u00e9bit Paiement avec des crypto-monnaies Dans notre boutique en ligne, pour des raisons de s\u00e9curit\u00e9 et de commodit\u00e9, nous avons s\u00e9lectionn\u00e9 pour le moment comme seules m\u00e9thodes, le paiement avec les cartes de d\u00e9bit et de cr\u00e9dit les plus utilis\u00e9es telles que VISA, AMERICAN EXPRESS, MASTERCARD, ainsi que [&hellip;]","og_url":"https:\/\/ketamaseeds.com\/fr\/modes-de-paiement\/","og_site_name":"KETAMA SEEDS","article_publisher":"https:\/\/www.facebook.com\/ketamaseedsbank","article_modified_time":"2023-12-13T18:05:13+00:00","og_image":[{"width":275,"height":110,"url":"https:\/\/ketamaseeds.com\/wp-content\/uploads\/2023\/10\/banco-de-semillas-de-marihuana-feminizadas-autoflorecientes-ketama-seeds.jpg","type":"image\/jpeg"}],"twitter_card":"summary_large_image","twitter_site":"@KetamaSeeds","twitter_misc":{"Dur\u00e9e de lecture estim\u00e9e":"3 minutes"},"schema":{"@context":"https:\/\/schema.org","@graph":[{"@type":"WebPage","@id":"https:\/\/ketamaseeds.com\/fr\/modes-de-paiement\/","url":"https:\/\/ketamaseeds.com\/fr\/modes-de-paiement\/","name":"Modes de paiement &#8211; KETAMA SEEDS","isPartOf":{"@id":"https:\/\/ketamaseeds.com\/fr\/#website"},"datePublished":"2023-10-15T19:00:51+00:00","dateModified":"2023-12-13T18:05:13+00:00","breadcrumb":{"@id":"https:\/\/ketamaseeds.com\/fr\/modes-de-paiement\/#breadcrumb"},"inLanguage":"fr-FR","potentialAction":[{"@type":"ReadAction","target":["https:\/\/ketamaseeds.com\/fr\/modes-de-paiement\/"]}]},{"@type":"BreadcrumbList","@id":"https:\/\/ketamaseeds.com\/fr\/modes-de-paiement\/#breadcrumb","itemListElement":[{"@type":"ListItem","position":1,"name":"Home","item":"https:\/\/ketamaseeds.com\/fr\/"},{"@type":"ListItem","position":2,"name":"Modes de paiement"}]},{"@type":"WebSite","@id":"https:\/\/ketamaseeds.com\/fr\/#website","url":"https:\/\/ketamaseeds.com\/fr\/","name":"KETAMA SEEDS","description":"Banco de semillas de Cannabis","publisher":{"@id":"https:\/\/ketamaseeds.com\/fr\/#organization"},"potentialAction":[{"@type":"SearchAction","target":{"@type":"EntryPoint","urlTemplate":"https:\/\/ketamaseeds.com\/fr\/?s={search_term_string}"},"query-input":{"@type":"PropertyValueSpecification","valueRequired":true,"valueName":"search_term_string"}}],"inLanguage":"fr-FR"},{"@type":"Organization","@id":"https:\/\/ketamaseeds.com\/fr\/#organization","name":"KETAMA SEEDS","url":"https:\/\/ketamaseeds.com\/fr\/","logo":{"@type":"ImageObject","inLanguage":"fr-FR","@id":"https:\/\/ketamaseeds.com\/fr\/#\/schema\/logo\/image\/","url":"https:\/\/ketamaseeds.com\/wp-content\/uploads\/2023\/10\/cropped-ketama-seeds-logo.jpeg","contentUrl":"https:\/\/ketamaseeds.com\/wp-content\/uploads\/2023\/10\/cropped-ketama-seeds-logo.jpeg","width":512,"height":512,"caption":"KETAMA SEEDS"},"image":{"@id":"https:\/\/ketamaseeds.com\/fr\/#\/schema\/logo\/image\/"},"sameAs":["https:\/\/www.facebook.com\/ketamaseedsbank","https:\/\/x.com\/KetamaSeeds","https:\/\/www.instagram.com\/ketamaseeds"]}]}},"_links":{"self":[{"href":"https:\/\/ketamaseeds.com\/fr\/wp-json\/wp\/v2\/pages\/1311","targetHints":{"allow":["GET"]}}],"collection":[{"href":"https:\/\/ketamaseeds.com\/fr\/wp-json\/wp\/v2\/pages"}],"about":[{"href":"https:\/\/ketamaseeds.com\/fr\/wp-json\/wp\/v2\/types\/page"}],"author":[{"embeddable":true,"href":"https:\/\/ketamaseeds.com\/fr\/wp-json\/wp\/v2\/users\/1"}],"replies":[{"embeddable":true,"href":"https:\/\/ketamaseeds.com\/fr\/wp-json\/wp\/v2\/comments?post=1311"}],"version-history":[{"count":0,"href":"https:\/\/ketamaseeds.com\/fr\/wp-json\/wp\/v2\/pages\/1311\/revisions"}],"wp:attachment":[{"href":"https:\/\/ketamaseeds.com\/fr\/wp-json\/wp\/v2\/media?parent=1311"}],"curies":[{"name":"wp","href":"https:\/\/api.w.org\/{rel}","templated":true}]}}