{"id":1319,"date":"2023-10-15T19:07:07","date_gmt":"2023-10-15T19:07:07","guid":{"rendered":"http:\/\/ketamaseeds.com\/?page_id=1319"},"modified":"2023-12-13T18:50:48","modified_gmt":"2023-12-13T18:50:48","slug":"methodes-dexpedition","status":"publish","type":"page","link":"https:\/\/ketamaseeds.com\/fr\/methodes-dexpedition\/","title":{"rendered":"M\u00e9thodes d&rsquo;exp\u00e9dition"},"content":{"rendered":"\n<h3 class=\"wp-block-heading\">Depuis notre boutique en ligne, nous livrons dans tous les pays et dans toutes les r\u00e9gions du monde.<\/h3>\n\n\n\n<h3 class=\"wp-block-heading\"><br>L&rsquo;Europe, l&rsquo;Asie, l&rsquo;Afrique, l&rsquo;Am\u00e9rique du Nord et du Sud et toutes les autres r\u00e9gions du monde re\u00e7oivent des livraisons \u00e0 domicile de nos graines de cannabis.<\/h3>\n\n\n\n<p><br>La m\u00e9thode d&rsquo;exp\u00e9dition est toujours tr\u00e8s discr\u00e8te, l&rsquo;exp\u00e9diteur est une personne, et n&rsquo;a aucun signe ext\u00e9rieur li\u00e9 \u00e0 son contenu.<\/p>\n\n\n\n<p>Nous envoyons par Correos de Espa\u00f1a et la livraison est effectu\u00e9e par l&rsquo;entreprise postale de votre pays, \u00e0 votre domicile ou \u00e0 l&rsquo;adresse de livraison que vous nous donnez lors de l&rsquo;achat.<\/p>\n\n\n\n<p>Si au moment o\u00f9 le facteur va effectuer la livraison, il n&rsquo;y a personne sur place, il laisse un avis pour que vous puissiez le retirer au bureau de poste correspondant.<\/p>\n\n\n\n<p>Pour toutes les commandes, vous pourrez toujours savoir o\u00f9 se trouve votre achat gr\u00e2ce \u00e0 un code de suivi fourni par Correos Correos et nous vous enverrons un e-mail lorsque votre commande quittera nos bureaux.<\/p>\n\n\n\n<p>D\u00e9lais de livraison des commandes de notre boutique de graines de cannabis :<br>Nous pr\u00e9parons les commandes de notre boutique de graines de cannabis le jour suivant leur r\u00e9ception,<\/p>\n\n\n\n<p>en Espagne, elles sont livr\u00e9es en 24 &#8211; 48 heures.<\/p>\n\n\n\n<p>Europe : 2 \u00e0 5 jours<\/p>\n\n\n\n<p>\u00c9tats-Unis : 5 jours<\/p>\n\n\n\n<p>Am\u00e9rique Centrale, du Nord et du Sud :<\/p>\n\n\n\n<p>ARGENTINE 7 jours<\/p>\n\n\n\n<p>BOLIVIE 10-15 jours<\/p>\n\n\n\n<p>CHILI 10-15 jours<\/p>\n\n\n\n<p>COLOMBIE 10-15 jours<\/p>\n\n\n\n<p>COSTA RICA 15-20 jours<\/p>\n\n\n\n<p>CUBA 10-15 jours<\/p>\n\n\n\n<p>EQUATEUR 10-15 jours<\/p>\n\n\n\n<p>EL SALVADOR, GUATEMALA, HONDURAS et NICARAGUA 15-20 jours<\/p>\n\n\n\n<p>PUERTO RICO : 6-8 jours<\/p>\n\n\n\n<p>MEXIQUE, 20 \u00e0 30 jours<\/p>\n\n\n\n<p>PANAMA 10-15 jours<\/p>\n\n\n\n<p>PARAGUAY 10-15 jours<\/p>\n\n\n\n<p>PEROU 10-15 jours<\/p>\n\n\n\n<p>PUERTO RICO 10 jours<\/p>\n\n\n\n<p>R\u00c9PUBLIQUE DOMINICAINE 10-15 jours<\/p>\n\n\n\n<p>URUGUAY 10 jours<\/p>\n\n\n\n<p>VENEZUELA 10-15 jours<\/p>\n\n\n\n<p>Reste du continent 12 &#8211; 15 jours<\/p>\n\n\n\n<p>Afrique : 15 &#8211; 20 jours<\/p>\n\n\n\n<h3 class=\"wp-block-heading\">CO\u00dbT D&rsquo;EXP\u00c9DITION :<\/h3>\n\n\n\n<p>ESPAGNE 6 \u20ac EUROS<\/p>\n\n\n\n<p>EUROPE 6 \u20ac EUROS<\/p>\n\n\n\n<p>AM\u00c9RIQUE ET RESTE DU MONDE 9 \u20ac EUROS<\/p>\n\n\n\n<h3 class=\"wp-block-heading\">AVIS DE NON-RESPONSABILIT\u00c9<\/h3>\n\n\n\n<p><br>La possession de graines de chanvre en Espagne n&rsquo;est pas une infraction p\u00e9nale (Convention de Vienne de 1961). La culture du cannabis peut faire l&rsquo;objet de sanctions administratives et p\u00e9nales (article 25.1 de la loi organique pour la protection de la s\u00e9curit\u00e9 publique et article 368 du code p\u00e9nal).<\/p>\n\n\n\n<p>L&rsquo;importation, la possession et la vente ou la distribution de graines de cannabis ne sont pas r\u00e9glement\u00e9es par la loi, conform\u00e9ment au trait\u00e9 unilat\u00e9ral sur les stup\u00e9fiants conclu \u00e0 Vienne en 1961.<\/p>\n\n\n\n<p>Dans certains pays comme l&rsquo;Espagne, la culture de graines de cannabis par des entreprises, des associations ou des particuliers sans l&rsquo;autorisation appropri\u00e9e peut constituer un d\u00e9lit, de sorte que la vente ou la distribution de graines dans ces pays est exclusivement destin\u00e9e \u00e0 des applications industrielles, \u00e0 la collecte ou \u00e0 la pr\u00e9servation de la g\u00e9n\u00e9tique.<\/p>\n\n\n\n<p>Les distributeurs et les clients de Ketama Seeds acceptent la restriction sp\u00e9cifique selon laquelle les graines ne sont pas utilis\u00e9es par des tiers \u00e0 des fins illicites ou contraires \u00e0 la loi.<\/p>\n\n\n\n<p>Il n&rsquo;est pas non plus pr\u00e9vu d&rsquo;encourager ou d&rsquo;inciter quiconque \u00e0 agir contre la loi et chacun est responsable de ses actes. Nos clients doivent accepter tout ce qui pr\u00e9c\u00e8de en ce qui concerne l&rsquo;exportation de graines de cannabis vers des pays o\u00f9 cela est ill\u00e9gal.<\/p>\n\n\n\n<p>Ketama seeds n&rsquo;assume aucune responsabilit\u00e9 en cas d&rsquo;utilisation ill\u00e9gale ou abusive de ces graines de collection.<\/p>\n\n\n\n<p>En Espagne et dans de nombreuses autres villes europ\u00e9ennes, le commerce des graines de chanvre est l\u00e9gal. Mais dans votre pays elles peuvent \u00eatre interdites, notre conseil est de vous informer d&rsquo;abord sur leur l\u00e9galit\u00e9, sinon vous devrez prendre l&rsquo;enti\u00e8re responsabilit\u00e9 de vos actes. Ketama Seeds ne peut \u00eatre tenu responsable des diff\u00e9rentes r\u00e9glementations qui s&rsquo;appliquent dans chaque pays.<\/p>\n\n\n\n<p>L&rsquo;achat de ces produits dans des pays o\u00f9 les graines de marijuana sont interdites par la loi est interdit. Cependant, si un acheteur d&rsquo;un pays non mentionn\u00e9 ci-dessus ach\u00e8te de mani\u00e8re irresponsable l&rsquo;un de ces produits sans s&rsquo;\u00eatre pr\u00e9alablement inform\u00e9 des lois locales en la mati\u00e8re, l&rsquo;entreprise d\u00e9cline toute responsabilit\u00e9 pour les \u00e9ventuels probl\u00e8mes juridiques qui pourraient survenir et ne remboursera pas les mat\u00e9riaux arr\u00eat\u00e9s ou rejet\u00e9s par les douanes dans l&rsquo;exercice de leurs fonctions.<\/p>\n\n\n\n<p>Les descriptions de ces produits et d&rsquo;autres produits en vente sur ce site ont \u00e9t\u00e9 extraites d&rsquo;entreprises et d&rsquo;ouvrages sp\u00e9cialis\u00e9s r\u00e9dig\u00e9s dans des pays o\u00f9 la l\u00e9gislation n&rsquo;interdit pas la consommation de certaines substances psychoactives, comme en Hollande, ni la culture du cannabis, comme en Uruguay, cela signifie que le fait que certaines descriptions fassent allusion \u00e0 leurs effets apr\u00e8s consommation NE signifie EN AUCUN CAS que vous pouvez les consommer, il s&rsquo;agit d&rsquo;une simple information puisque ces produits sont vendus uniquement \u00e0 des fins m\u00e9dicales et th\u00e9rapeutiques, \u00e0 des \u00e9tudiants en botanique, \u00e0 des naturalistes, \u00e0 des collectionneurs, \u00e0 des souvenirs de la Hollande, etc.<\/p>\n\n\n\n<p>S&rsquo;ils sont utilis\u00e9s pour la consommation humaine, ce sera toujours sous la seule responsabilit\u00e9 de l&rsquo;acheteur et l&rsquo;entreprise d\u00e9cline toute responsabilit\u00e9 possible de ce fait.<\/p>\n\n\n\n<p>Nous vous demandons de faire preuve d&rsquo;engagement et de responsabilit\u00e9.<\/p>\n","protected":false},"excerpt":{"rendered":"<p>Depuis notre boutique en ligne, nous livrons dans tous les pays et dans toutes les r\u00e9gions du monde. L&rsquo;Europe, l&rsquo;Asie, l&rsquo;Afrique, l&rsquo;Am\u00e9rique du Nord et du Sud et toutes les autres r\u00e9gions du monde re\u00e7oivent des livraisons \u00e0 domicile de nos graines de cannabis. La m\u00e9thode d&rsquo;exp\u00e9dition est toujours tr\u00e8s discr\u00e8te, l&rsquo;exp\u00e9diteur est une personne, [&hellip;]<\/p>\n","protected":false},"author":1,"featured_media":0,"parent":0,"menu_order":0,"comment_status":"closed","ping_status":"closed","template":"","meta":{"_et_pb_use_builder":"","_et_pb_old_content":"","_et_gb_content_width":"","footnotes":""},"class_list":["post-1319","page","type-page","status-publish","hentry"],"yoast_head":"<!-- This site is optimized with the Yoast SEO plugin v27.3 - https:\/\/yoast.com\/product\/yoast-seo-wordpress\/ -->\n<title>M\u00e9thodes d&#039;exp\u00e9dition &#8211; KETAMA SEEDS<\/title>\n<meta name=\"robots\" content=\"noindex, nofollow\" \/>\n<meta property=\"og:locale\" content=\"fr_FR\" \/>\n<meta property=\"og:type\" content=\"article\" \/>\n<meta property=\"og:title\" content=\"M\u00e9thodes d&#039;exp\u00e9dition &#8211; KETAMA SEEDS\" \/>\n<meta property=\"og:description\" content=\"Depuis notre boutique en ligne, nous livrons dans tous les pays et dans toutes les r\u00e9gions du monde. L&rsquo;Europe, l&rsquo;Asie, l&rsquo;Afrique, l&rsquo;Am\u00e9rique du Nord et du Sud et toutes les autres r\u00e9gions du monde re\u00e7oivent des livraisons \u00e0 domicile de nos graines de cannabis. La m\u00e9thode d&rsquo;exp\u00e9dition est toujours tr\u00e8s discr\u00e8te, l&rsquo;exp\u00e9diteur est une personne, [&hellip;]\" \/>\n<meta property=\"og:url\" content=\"https:\/\/ketamaseeds.com\/fr\/methodes-dexpedition\/\" \/>\n<meta property=\"og:site_name\" content=\"KETAMA SEEDS\" \/>\n<meta property=\"article:publisher\" content=\"https:\/\/www.facebook.com\/ketamaseedsbank\" \/>\n<meta property=\"article:modified_time\" content=\"2023-12-13T18:50:48+00:00\" \/>\n<meta property=\"og:image\" content=\"https:\/\/ketamaseeds.com\/wp-content\/uploads\/2023\/10\/banco-de-semillas-de-marihuana-feminizadas-autoflorecientes-ketama-seeds.jpg\" \/>\n\t<meta property=\"og:image:width\" content=\"275\" \/>\n\t<meta property=\"og:image:height\" content=\"110\" \/>\n\t<meta property=\"og:image:type\" content=\"image\/jpeg\" \/>\n<meta name=\"twitter:card\" content=\"summary_large_image\" \/>\n<meta name=\"twitter:site\" content=\"@KetamaSeeds\" \/>\n<meta name=\"twitter:label1\" content=\"Dur\u00e9e de lecture estim\u00e9e\" \/>\n\t<meta name=\"twitter:data1\" content=\"4 minutes\" \/>\n<script type=\"application\/ld+json\" class=\"yoast-schema-graph\">{\"@context\":\"https:\\\/\\\/schema.org\",\"@graph\":[{\"@type\":\"WebPage\",\"@id\":\"https:\\\/\\\/ketamaseeds.com\\\/fr\\\/methodes-dexpedition\\\/\",\"url\":\"https:\\\/\\\/ketamaseeds.com\\\/fr\\\/methodes-dexpedition\\\/\",\"name\":\"M\u00e9thodes d'exp\u00e9dition &#8211; KETAMA SEEDS\",\"isPartOf\":{\"@id\":\"https:\\\/\\\/ketamaseeds.com\\\/fr\\\/#website\"},\"datePublished\":\"2023-10-15T19:07:07+00:00\",\"dateModified\":\"2023-12-13T18:50:48+00:00\",\"breadcrumb\":{\"@id\":\"https:\\\/\\\/ketamaseeds.com\\\/fr\\\/methodes-dexpedition\\\/#breadcrumb\"},\"inLanguage\":\"fr-FR\",\"potentialAction\":[{\"@type\":\"ReadAction\",\"target\":[\"https:\\\/\\\/ketamaseeds.com\\\/fr\\\/methodes-dexpedition\\\/\"]}]},{\"@type\":\"BreadcrumbList\",\"@id\":\"https:\\\/\\\/ketamaseeds.com\\\/fr\\\/methodes-dexpedition\\\/#breadcrumb\",\"itemListElement\":[{\"@type\":\"ListItem\",\"position\":1,\"name\":\"Home\",\"item\":\"https:\\\/\\\/ketamaseeds.com\\\/fr\\\/\"},{\"@type\":\"ListItem\",\"position\":2,\"name\":\"M\u00e9thodes d&rsquo;exp\u00e9dition\"}]},{\"@type\":\"WebSite\",\"@id\":\"https:\\\/\\\/ketamaseeds.com\\\/fr\\\/#website\",\"url\":\"https:\\\/\\\/ketamaseeds.com\\\/fr\\\/\",\"name\":\"KETAMA SEEDS\",\"description\":\"Banco de semillas de Cannabis\",\"publisher\":{\"@id\":\"https:\\\/\\\/ketamaseeds.com\\\/fr\\\/#organization\"},\"potentialAction\":[{\"@type\":\"SearchAction\",\"target\":{\"@type\":\"EntryPoint\",\"urlTemplate\":\"https:\\\/\\\/ketamaseeds.com\\\/fr\\\/?s={search_term_string}\"},\"query-input\":{\"@type\":\"PropertyValueSpecification\",\"valueRequired\":true,\"valueName\":\"search_term_string\"}}],\"inLanguage\":\"fr-FR\"},{\"@type\":\"Organization\",\"@id\":\"https:\\\/\\\/ketamaseeds.com\\\/fr\\\/#organization\",\"name\":\"KETAMA SEEDS\",\"url\":\"https:\\\/\\\/ketamaseeds.com\\\/fr\\\/\",\"logo\":{\"@type\":\"ImageObject\",\"inLanguage\":\"fr-FR\",\"@id\":\"https:\\\/\\\/ketamaseeds.com\\\/fr\\\/#\\\/schema\\\/logo\\\/image\\\/\",\"url\":\"https:\\\/\\\/ketamaseeds.com\\\/wp-content\\\/uploads\\\/2023\\\/10\\\/cropped-ketama-seeds-logo.jpeg\",\"contentUrl\":\"https:\\\/\\\/ketamaseeds.com\\\/wp-content\\\/uploads\\\/2023\\\/10\\\/cropped-ketama-seeds-logo.jpeg\",\"width\":512,\"height\":512,\"caption\":\"KETAMA SEEDS\"},\"image\":{\"@id\":\"https:\\\/\\\/ketamaseeds.com\\\/fr\\\/#\\\/schema\\\/logo\\\/image\\\/\"},\"sameAs\":[\"https:\\\/\\\/www.facebook.com\\\/ketamaseedsbank\",\"https:\\\/\\\/x.com\\\/KetamaSeeds\",\"https:\\\/\\\/www.instagram.com\\\/ketamaseeds\"]}]}<\/script>\n<!-- \/ Yoast SEO plugin. -->","yoast_head_json":{"title":"M\u00e9thodes d'exp\u00e9dition &#8211; KETAMA SEEDS","robots":{"index":"noindex","follow":"nofollow"},"og_locale":"fr_FR","og_type":"article","og_title":"M\u00e9thodes d'exp\u00e9dition &#8211; KETAMA SEEDS","og_description":"Depuis notre boutique en ligne, nous livrons dans tous les pays et dans toutes les r\u00e9gions du monde. L&rsquo;Europe, l&rsquo;Asie, l&rsquo;Afrique, l&rsquo;Am\u00e9rique du Nord et du Sud et toutes les autres r\u00e9gions du monde re\u00e7oivent des livraisons \u00e0 domicile de nos graines de cannabis. La m\u00e9thode d&rsquo;exp\u00e9dition est toujours tr\u00e8s discr\u00e8te, l&rsquo;exp\u00e9diteur est une personne, [&hellip;]","og_url":"https:\/\/ketamaseeds.com\/fr\/methodes-dexpedition\/","og_site_name":"KETAMA SEEDS","article_publisher":"https:\/\/www.facebook.com\/ketamaseedsbank","article_modified_time":"2023-12-13T18:50:48+00:00","og_image":[{"width":275,"height":110,"url":"https:\/\/ketamaseeds.com\/wp-content\/uploads\/2023\/10\/banco-de-semillas-de-marihuana-feminizadas-autoflorecientes-ketama-seeds.jpg","type":"image\/jpeg"}],"twitter_card":"summary_large_image","twitter_site":"@KetamaSeeds","twitter_misc":{"Dur\u00e9e de lecture estim\u00e9e":"4 minutes"},"schema":{"@context":"https:\/\/schema.org","@graph":[{"@type":"WebPage","@id":"https:\/\/ketamaseeds.com\/fr\/methodes-dexpedition\/","url":"https:\/\/ketamaseeds.com\/fr\/methodes-dexpedition\/","name":"M\u00e9thodes d'exp\u00e9dition &#8211; KETAMA SEEDS","isPartOf":{"@id":"https:\/\/ketamaseeds.com\/fr\/#website"},"datePublished":"2023-10-15T19:07:07+00:00","dateModified":"2023-12-13T18:50:48+00:00","breadcrumb":{"@id":"https:\/\/ketamaseeds.com\/fr\/methodes-dexpedition\/#breadcrumb"},"inLanguage":"fr-FR","potentialAction":[{"@type":"ReadAction","target":["https:\/\/ketamaseeds.com\/fr\/methodes-dexpedition\/"]}]},{"@type":"BreadcrumbList","@id":"https:\/\/ketamaseeds.com\/fr\/methodes-dexpedition\/#breadcrumb","itemListElement":[{"@type":"ListItem","position":1,"name":"Home","item":"https:\/\/ketamaseeds.com\/fr\/"},{"@type":"ListItem","position":2,"name":"M\u00e9thodes d&rsquo;exp\u00e9dition"}]},{"@type":"WebSite","@id":"https:\/\/ketamaseeds.com\/fr\/#website","url":"https:\/\/ketamaseeds.com\/fr\/","name":"KETAMA SEEDS","description":"Banco de semillas de Cannabis","publisher":{"@id":"https:\/\/ketamaseeds.com\/fr\/#organization"},"potentialAction":[{"@type":"SearchAction","target":{"@type":"EntryPoint","urlTemplate":"https:\/\/ketamaseeds.com\/fr\/?s={search_term_string}"},"query-input":{"@type":"PropertyValueSpecification","valueRequired":true,"valueName":"search_term_string"}}],"inLanguage":"fr-FR"},{"@type":"Organization","@id":"https:\/\/ketamaseeds.com\/fr\/#organization","name":"KETAMA SEEDS","url":"https:\/\/ketamaseeds.com\/fr\/","logo":{"@type":"ImageObject","inLanguage":"fr-FR","@id":"https:\/\/ketamaseeds.com\/fr\/#\/schema\/logo\/image\/","url":"https:\/\/ketamaseeds.com\/wp-content\/uploads\/2023\/10\/cropped-ketama-seeds-logo.jpeg","contentUrl":"https:\/\/ketamaseeds.com\/wp-content\/uploads\/2023\/10\/cropped-ketama-seeds-logo.jpeg","width":512,"height":512,"caption":"KETAMA SEEDS"},"image":{"@id":"https:\/\/ketamaseeds.com\/fr\/#\/schema\/logo\/image\/"},"sameAs":["https:\/\/www.facebook.com\/ketamaseedsbank","https:\/\/x.com\/KetamaSeeds","https:\/\/www.instagram.com\/ketamaseeds"]}]}},"_links":{"self":[{"href":"https:\/\/ketamaseeds.com\/fr\/wp-json\/wp\/v2\/pages\/1319","targetHints":{"allow":["GET"]}}],"collection":[{"href":"https:\/\/ketamaseeds.com\/fr\/wp-json\/wp\/v2\/pages"}],"about":[{"href":"https:\/\/ketamaseeds.com\/fr\/wp-json\/wp\/v2\/types\/page"}],"author":[{"embeddable":true,"href":"https:\/\/ketamaseeds.com\/fr\/wp-json\/wp\/v2\/users\/1"}],"replies":[{"embeddable":true,"href":"https:\/\/ketamaseeds.com\/fr\/wp-json\/wp\/v2\/comments?post=1319"}],"version-history":[{"count":0,"href":"https:\/\/ketamaseeds.com\/fr\/wp-json\/wp\/v2\/pages\/1319\/revisions"}],"wp:attachment":[{"href":"https:\/\/ketamaseeds.com\/fr\/wp-json\/wp\/v2\/media?parent=1319"}],"curies":[{"name":"wp","href":"https:\/\/api.w.org\/{rel}","templated":true}]}}