{"id":821,"date":"2023-10-13T18:06:49","date_gmt":"2023-10-13T18:06:49","guid":{"rendered":"http:\/\/ketamaseeds.com\/?page_id=821"},"modified":"2023-11-29T23:35:21","modified_gmt":"2023-11-29T23:35:21","slug":"politique-des-cookies","status":"publish","type":"page","link":"https:\/\/ketamaseeds.com\/fr\/politique-des-cookies\/","title":{"rendered":"Politique des cookies"},"content":{"rendered":"\n<p>Un cookie est un petit fichier texte stock\u00e9 dans votre navigateur lorsque vous visitez presque n&rsquo;importe quelle page Web. Son utilit\u00e9 est que le site Web puisse se souvenir de votre visite lorsque vous naviguez \u00e0 nouveau sur cette page. Les cookies stockent g\u00e9n\u00e9ralement des informations techniques, des pr\u00e9f\u00e9rences personnelles, la personnalisation du contenu, des statistiques d&rsquo;utilisation, des liens vers des r\u00e9seaux sociaux, l&rsquo;acc\u00e8s aux comptes d&rsquo;utilisateurs, etc. L&rsquo;objectif du cookie est d&rsquo;adapter le contenu du site Web \u00e0 votre profil et \u00e0 vos besoins. Sans cookies, les services offerts par n&rsquo;importe quelle page seraient consid\u00e9rablement r\u00e9duits. Si vous souhaitez consulter plus d&rsquo;informations sur ce que sont les cookies, ce qu&rsquo;ils stockent, comment les supprimer, les d\u00e9sactiver, etc., veuillez utiliser n&rsquo;importe quel moteur de recherche.<\/p>\n\n\n\n<p><strong>Cookies utilis\u00e9s sur ce site<\/strong><\/p>\n\n\n\n<p>Conform\u00e9ment aux directives de l&rsquo;Agence espagnole de protection des donn\u00e9es, nous d\u00e9taillons l&rsquo;utilisation de cookies effectu\u00e9e par ce site Web afin de vous informer le plus pr\u00e9cis\u00e9ment possible.<\/p>\n\n\n\n<p><strong>Ce site Web utilise les cookies suivants :<\/strong><\/p>\n\n\n\n<p>Cookies de session, pour garantir que les utilisateurs qui \u00e9crivent des commentaires sur le blog sont des applications humaines et non automatis\u00e9es. C&rsquo;est ainsi que le spam est combattu.<\/p>\n\n\n\n<p><strong>Ce site Web utilise les cookies tiers suivants :<\/strong><\/p>\n\n\n\n<p>Google Analytics : stocke des cookies pour pouvoir \u00e9tablir des statistiques sur le trafic et le volume de visites sur ce site Internet. En utilisant ce site Internet, vous consentez au traitement des donn\u00e9es vous concernant par Google. Par cons\u00e9quent, l\u2019exercice de tout droit \u00e0 cet \u00e9gard doit se faire en communiquant directement avec Google.<\/p>\n\n\n\n<p>R\u00e9seaux sociaux : Chaque r\u00e9seau social utilise ses propres cookies afin que vous puissiez cliquer sur les boutons J&rsquo;aime ou Partager.<br>D\u00e9sactivation ou suppression des cookies<br>\u00c0 tout moment, vous pouvez exercer votre droit de d\u00e9sactiver ou de supprimer les cookies de ce site Internet. Ces actions sont effectu\u00e9es diff\u00e9remment selon le navigateur que vous utilisez.<\/p>\n\n\n\n<p><strong>Notes compl\u00e9mentaires<\/strong><\/p>\n\n\n\n<p>Ni ce site Web ni ses repr\u00e9sentants l\u00e9gaux ne sont responsables du contenu ou de la v\u00e9racit\u00e9 des politiques de confidentialit\u00e9 que peuvent avoir les tiers mentionn\u00e9s dans cette politique de cookies.<br>Les navigateurs Web sont les outils charg\u00e9s de stocker les cookies et \u00e0 partir de cet endroit, vous devez exercer votre droit de les \u00e9liminer ou de les d\u00e9sactiver. Ni ce site Web ni ses repr\u00e9sentants l\u00e9gaux ne peuvent garantir le traitement correct ou incorrect des cookies par les navigateurs susmentionn\u00e9s.<br>Dans certains cas, il est n\u00e9cessaire d&rsquo;installer des cookies pour que le navigateur n&rsquo;oublie pas sa d\u00e9cision de ne pas les accepter.<br>Dans le cas des cookies Google Analytics, cette soci\u00e9t\u00e9 stocke les cookies sur des serveurs situ\u00e9s aux \u00c9tats-Unis et s&rsquo;engage \u00e0 ne pas les partager avec des tiers, sauf dans les cas o\u00f9 cela est n\u00e9cessaire au fonctionnement du syst\u00e8me ou lorsque la loi exige un tel effet. . Selon Google, il ne stocke pas votre adresse IP. Google Inc. est une soci\u00e9t\u00e9 adh\u00e9rant au Safe Harbor Agreement qui garantit que toutes les donn\u00e9es transf\u00e9r\u00e9es seront trait\u00e9es avec un niveau de protection conforme \u00e0 la r\u00e9glementation europ\u00e9enne. Vous pouvez consulter des informations d\u00e9taill\u00e9es \u00e0 ce sujet sur ce lien. Si vous souhaitez des informations sur la mani\u00e8re dont Google utilise les cookies, nous joignons cet autre lien.<\/p>\n","protected":false},"excerpt":{"rendered":"<p>Un cookie est un petit fichier texte stock\u00e9 dans votre navigateur lorsque vous visitez presque n&rsquo;importe quelle page Web. Son utilit\u00e9 est que le site Web puisse se souvenir de votre visite lorsque vous naviguez \u00e0 nouveau sur cette page. Les cookies stockent g\u00e9n\u00e9ralement des informations techniques, des pr\u00e9f\u00e9rences personnelles, la personnalisation du contenu, des [&hellip;]<\/p>\n","protected":false},"author":1,"featured_media":0,"parent":0,"menu_order":0,"comment_status":"closed","ping_status":"closed","template":"","meta":{"_et_pb_use_builder":"","_et_pb_old_content":"","_et_gb_content_width":"","footnotes":""},"class_list":["post-821","page","type-page","status-publish","hentry"],"yoast_head":"<!-- This site is optimized with the Yoast SEO plugin v27.3 - https:\/\/yoast.com\/product\/yoast-seo-wordpress\/ -->\n<title>Politique des cookies &#8211; KETAMA SEEDS<\/title>\n<meta name=\"robots\" content=\"noindex, nofollow\" \/>\n<meta property=\"og:locale\" content=\"fr_FR\" \/>\n<meta property=\"og:type\" content=\"article\" \/>\n<meta property=\"og:title\" content=\"Politique des cookies &#8211; KETAMA SEEDS\" \/>\n<meta property=\"og:description\" content=\"Un cookie est un petit fichier texte stock\u00e9 dans votre navigateur lorsque vous visitez presque n&rsquo;importe quelle page Web. Son utilit\u00e9 est que le site Web puisse se souvenir de votre visite lorsque vous naviguez \u00e0 nouveau sur cette page. Les cookies stockent g\u00e9n\u00e9ralement des informations techniques, des pr\u00e9f\u00e9rences personnelles, la personnalisation du contenu, des [&hellip;]\" \/>\n<meta property=\"og:url\" content=\"https:\/\/ketamaseeds.com\/fr\/politique-des-cookies\/\" \/>\n<meta property=\"og:site_name\" content=\"KETAMA SEEDS\" \/>\n<meta property=\"article:publisher\" content=\"https:\/\/www.facebook.com\/ketamaseedsbank\" \/>\n<meta property=\"article:modified_time\" content=\"2023-11-29T23:35:21+00:00\" \/>\n<meta property=\"og:image\" content=\"https:\/\/ketamaseeds.com\/wp-content\/uploads\/2023\/10\/banco-de-semillas-de-marihuana-feminizadas-autoflorecientes-ketama-seeds.jpg\" \/>\n\t<meta property=\"og:image:width\" content=\"275\" \/>\n\t<meta property=\"og:image:height\" content=\"110\" \/>\n\t<meta property=\"og:image:type\" content=\"image\/jpeg\" \/>\n<meta name=\"twitter:card\" content=\"summary_large_image\" \/>\n<meta name=\"twitter:site\" content=\"@KetamaSeeds\" \/>\n<meta name=\"twitter:label1\" content=\"Dur\u00e9e de lecture estim\u00e9e\" \/>\n\t<meta name=\"twitter:data1\" content=\"3 minutes\" \/>\n<script type=\"application\/ld+json\" class=\"yoast-schema-graph\">{\"@context\":\"https:\\\/\\\/schema.org\",\"@graph\":[{\"@type\":\"WebPage\",\"@id\":\"https:\\\/\\\/ketamaseeds.com\\\/fr\\\/politique-des-cookies\\\/\",\"url\":\"https:\\\/\\\/ketamaseeds.com\\\/fr\\\/politique-des-cookies\\\/\",\"name\":\"Politique des cookies &#8211; KETAMA SEEDS\",\"isPartOf\":{\"@id\":\"https:\\\/\\\/ketamaseeds.com\\\/fr\\\/#website\"},\"datePublished\":\"2023-10-13T18:06:49+00:00\",\"dateModified\":\"2023-11-29T23:35:21+00:00\",\"breadcrumb\":{\"@id\":\"https:\\\/\\\/ketamaseeds.com\\\/fr\\\/politique-des-cookies\\\/#breadcrumb\"},\"inLanguage\":\"fr-FR\",\"potentialAction\":[{\"@type\":\"ReadAction\",\"target\":[\"https:\\\/\\\/ketamaseeds.com\\\/fr\\\/politique-des-cookies\\\/\"]}]},{\"@type\":\"BreadcrumbList\",\"@id\":\"https:\\\/\\\/ketamaseeds.com\\\/fr\\\/politique-des-cookies\\\/#breadcrumb\",\"itemListElement\":[{\"@type\":\"ListItem\",\"position\":1,\"name\":\"Home\",\"item\":\"https:\\\/\\\/ketamaseeds.com\\\/fr\\\/\"},{\"@type\":\"ListItem\",\"position\":2,\"name\":\"Politique des cookies\"}]},{\"@type\":\"WebSite\",\"@id\":\"https:\\\/\\\/ketamaseeds.com\\\/fr\\\/#website\",\"url\":\"https:\\\/\\\/ketamaseeds.com\\\/fr\\\/\",\"name\":\"KETAMA SEEDS\",\"description\":\"Banco de semillas de Cannabis\",\"publisher\":{\"@id\":\"https:\\\/\\\/ketamaseeds.com\\\/fr\\\/#organization\"},\"potentialAction\":[{\"@type\":\"SearchAction\",\"target\":{\"@type\":\"EntryPoint\",\"urlTemplate\":\"https:\\\/\\\/ketamaseeds.com\\\/fr\\\/?s={search_term_string}\"},\"query-input\":{\"@type\":\"PropertyValueSpecification\",\"valueRequired\":true,\"valueName\":\"search_term_string\"}}],\"inLanguage\":\"fr-FR\"},{\"@type\":\"Organization\",\"@id\":\"https:\\\/\\\/ketamaseeds.com\\\/fr\\\/#organization\",\"name\":\"KETAMA SEEDS\",\"url\":\"https:\\\/\\\/ketamaseeds.com\\\/fr\\\/\",\"logo\":{\"@type\":\"ImageObject\",\"inLanguage\":\"fr-FR\",\"@id\":\"https:\\\/\\\/ketamaseeds.com\\\/fr\\\/#\\\/schema\\\/logo\\\/image\\\/\",\"url\":\"https:\\\/\\\/ketamaseeds.com\\\/wp-content\\\/uploads\\\/2023\\\/10\\\/cropped-ketama-seeds-logo.jpeg\",\"contentUrl\":\"https:\\\/\\\/ketamaseeds.com\\\/wp-content\\\/uploads\\\/2023\\\/10\\\/cropped-ketama-seeds-logo.jpeg\",\"width\":512,\"height\":512,\"caption\":\"KETAMA SEEDS\"},\"image\":{\"@id\":\"https:\\\/\\\/ketamaseeds.com\\\/fr\\\/#\\\/schema\\\/logo\\\/image\\\/\"},\"sameAs\":[\"https:\\\/\\\/www.facebook.com\\\/ketamaseedsbank\",\"https:\\\/\\\/x.com\\\/KetamaSeeds\",\"https:\\\/\\\/www.instagram.com\\\/ketamaseeds\"]}]}<\/script>\n<!-- \/ Yoast SEO plugin. -->","yoast_head_json":{"title":"Politique des cookies &#8211; KETAMA SEEDS","robots":{"index":"noindex","follow":"nofollow"},"og_locale":"fr_FR","og_type":"article","og_title":"Politique des cookies &#8211; KETAMA SEEDS","og_description":"Un cookie est un petit fichier texte stock\u00e9 dans votre navigateur lorsque vous visitez presque n&rsquo;importe quelle page Web. Son utilit\u00e9 est que le site Web puisse se souvenir de votre visite lorsque vous naviguez \u00e0 nouveau sur cette page. Les cookies stockent g\u00e9n\u00e9ralement des informations techniques, des pr\u00e9f\u00e9rences personnelles, la personnalisation du contenu, des [&hellip;]","og_url":"https:\/\/ketamaseeds.com\/fr\/politique-des-cookies\/","og_site_name":"KETAMA SEEDS","article_publisher":"https:\/\/www.facebook.com\/ketamaseedsbank","article_modified_time":"2023-11-29T23:35:21+00:00","og_image":[{"width":275,"height":110,"url":"https:\/\/ketamaseeds.com\/wp-content\/uploads\/2023\/10\/banco-de-semillas-de-marihuana-feminizadas-autoflorecientes-ketama-seeds.jpg","type":"image\/jpeg"}],"twitter_card":"summary_large_image","twitter_site":"@KetamaSeeds","twitter_misc":{"Dur\u00e9e de lecture estim\u00e9e":"3 minutes"},"schema":{"@context":"https:\/\/schema.org","@graph":[{"@type":"WebPage","@id":"https:\/\/ketamaseeds.com\/fr\/politique-des-cookies\/","url":"https:\/\/ketamaseeds.com\/fr\/politique-des-cookies\/","name":"Politique des cookies &#8211; KETAMA SEEDS","isPartOf":{"@id":"https:\/\/ketamaseeds.com\/fr\/#website"},"datePublished":"2023-10-13T18:06:49+00:00","dateModified":"2023-11-29T23:35:21+00:00","breadcrumb":{"@id":"https:\/\/ketamaseeds.com\/fr\/politique-des-cookies\/#breadcrumb"},"inLanguage":"fr-FR","potentialAction":[{"@type":"ReadAction","target":["https:\/\/ketamaseeds.com\/fr\/politique-des-cookies\/"]}]},{"@type":"BreadcrumbList","@id":"https:\/\/ketamaseeds.com\/fr\/politique-des-cookies\/#breadcrumb","itemListElement":[{"@type":"ListItem","position":1,"name":"Home","item":"https:\/\/ketamaseeds.com\/fr\/"},{"@type":"ListItem","position":2,"name":"Politique des cookies"}]},{"@type":"WebSite","@id":"https:\/\/ketamaseeds.com\/fr\/#website","url":"https:\/\/ketamaseeds.com\/fr\/","name":"KETAMA SEEDS","description":"Banco de semillas de Cannabis","publisher":{"@id":"https:\/\/ketamaseeds.com\/fr\/#organization"},"potentialAction":[{"@type":"SearchAction","target":{"@type":"EntryPoint","urlTemplate":"https:\/\/ketamaseeds.com\/fr\/?s={search_term_string}"},"query-input":{"@type":"PropertyValueSpecification","valueRequired":true,"valueName":"search_term_string"}}],"inLanguage":"fr-FR"},{"@type":"Organization","@id":"https:\/\/ketamaseeds.com\/fr\/#organization","name":"KETAMA SEEDS","url":"https:\/\/ketamaseeds.com\/fr\/","logo":{"@type":"ImageObject","inLanguage":"fr-FR","@id":"https:\/\/ketamaseeds.com\/fr\/#\/schema\/logo\/image\/","url":"https:\/\/ketamaseeds.com\/wp-content\/uploads\/2023\/10\/cropped-ketama-seeds-logo.jpeg","contentUrl":"https:\/\/ketamaseeds.com\/wp-content\/uploads\/2023\/10\/cropped-ketama-seeds-logo.jpeg","width":512,"height":512,"caption":"KETAMA SEEDS"},"image":{"@id":"https:\/\/ketamaseeds.com\/fr\/#\/schema\/logo\/image\/"},"sameAs":["https:\/\/www.facebook.com\/ketamaseedsbank","https:\/\/x.com\/KetamaSeeds","https:\/\/www.instagram.com\/ketamaseeds"]}]}},"_links":{"self":[{"href":"https:\/\/ketamaseeds.com\/fr\/wp-json\/wp\/v2\/pages\/821","targetHints":{"allow":["GET"]}}],"collection":[{"href":"https:\/\/ketamaseeds.com\/fr\/wp-json\/wp\/v2\/pages"}],"about":[{"href":"https:\/\/ketamaseeds.com\/fr\/wp-json\/wp\/v2\/types\/page"}],"author":[{"embeddable":true,"href":"https:\/\/ketamaseeds.com\/fr\/wp-json\/wp\/v2\/users\/1"}],"replies":[{"embeddable":true,"href":"https:\/\/ketamaseeds.com\/fr\/wp-json\/wp\/v2\/comments?post=821"}],"version-history":[{"count":0,"href":"https:\/\/ketamaseeds.com\/fr\/wp-json\/wp\/v2\/pages\/821\/revisions"}],"wp:attachment":[{"href":"https:\/\/ketamaseeds.com\/fr\/wp-json\/wp\/v2\/media?parent=821"}],"curies":[{"name":"wp","href":"https:\/\/api.w.org\/{rel}","templated":true}]}}