{"id":924,"date":"2023-10-14T20:23:57","date_gmt":"2023-10-14T20:23:57","guid":{"rendered":"http:\/\/ketamaseeds.com\/?page_id=924"},"modified":"2023-11-27T00:31:05","modified_gmt":"2023-11-27T00:31:05","slug":"banque-de-graines-de-cannabis","status":"publish","type":"page","link":"https:\/\/ketamaseeds.com\/fr\/","title":{"rendered":"Banque de graines de cannabis"},"content":{"rendered":"\n<h2 class=\"wp-block-heading\">Banque de graines de cannabis<\/h2>\n\n\n\n<p>Bienvenue sur le site de la banque de graines de marijuana KETAMA SEEDS, o\u00f9 l&rsquo;avenir du cannabis commence entre vos mains !<br>Nous sommes plus qu&rsquo;une banque de graines de cannabis, nous sommes le chemin vers un monde de possibilit\u00e9s et de d\u00e9couvertes. Au c\u0153ur de notre g\u00e9n\u00e9tique se trouve une passion pour la qualit\u00e9, l&rsquo;innovation et le respect d&rsquo;une plante qui est ch\u00e9rie depuis des si\u00e8cles.<\/p>\n\n\n\n<p>Chez KETAMA SEEDS, notre mission est d&rsquo;offrir aux cultivateurs du monde entier un acc\u00e8s aux graines de cannabis les meilleures et les plus fiables. Nous travaillons sans rel\u00e2che pour que chacune de nos graines soit un t\u00e9moignage d&rsquo;excellence g\u00e9n\u00e9tique, de fiabilit\u00e9 et de vigueur.<\/p>\n\n\n\n<p>KETAMA SEEDS est votre porte d&rsquo;entr\u00e9e vers un monde de possibilit\u00e9s. Que vous soyez un collectionneur, un cultivateur exp\u00e9riment\u00e9 ou un d\u00e9butant enthousiaste, nous sommes l\u00e0 pour vous \u00e0 chaque \u00e9tape. Ensemble, nous pouvons participer \u00e0 la r\u00e9volution du cannabis, en cultivant de mani\u00e8re responsable et respectueuse.<\/p>\n\n\n\n<p>Les meilleures graines de marijuana f\u00e9minis\u00e9es et autofleurissantes<br>Graines de marijuana. Apr\u00e8s un long voyage au cours duquel nous avons pu exp\u00e9rimenter \u00e0 tous les niveaux des vari\u00e9t\u00e9s de cannabis sativa et indica provenant de nombreux pays, nous avons d\u00e9cid\u00e9 de partager avec vous toutes ces graines de cannabis f\u00e9minis\u00e9es et autofloraison de grande qualit\u00e9 g\u00e9n\u00e9tique que nous cultivons et stabilisons depuis des ann\u00e9es.<\/p>\n\n\n\n<p>Nous avons choisi, et nous continuerons \u00e0 le faire, pour leur qualit\u00e9, leurs propri\u00e9t\u00e9s m\u00e9dicinales, leur production, \u2026 toutes les vari\u00e9t\u00e9s et les croisements de graines de marijuana f\u00e9minis\u00e9es et autofleurissantes que nous pr\u00e9sentons dans notre catalogue.<\/p>\n\n\n\n<p>Le choix du nom de notre banque de graines de marijuana a \u00e9t\u00e9 une t\u00e2che facile et unanime pour notre \u00e9quipe, car nous avons tous eu l&rsquo;honneur de visiter l&rsquo;endroit au Maroc avec la plus longue tradition de culture de marijuana et d&rsquo;\u00e9laboration du haschisch le plus pris\u00e9 de la plan\u00e8te.<\/p>\n\n\n\n<p>C&rsquo;est pour cette raison qu&rsquo;avec beaucoup d&rsquo;affection, nous accordons la plus haute reconnaissance \u00e0 Ketama et \u00e0 ses habitants. Salam Aleikum.<\/p>\n\n\n\n<p>Welcome, Welcome, Marhaba, Accueil, Willkommen, Welkom, \u0434\u043e\u0431\u0440\u043e \u043f\u043e\u0436\u0430\u043b\u043e\u0432\u0430\u0442\u044c, Benvenuto, \u6b53\u8fce, Boas-vindas, \u6b22\u8fce,\u062a\u0631\u062d\u064a\u0628,\u062a\u0631\u062d\u064a\u0628<\/p>\n\n\n\n<p>Graines de cannabis \u00e0 forte teneur en CBD.<br>Graines de marijuana riches en CBD avec des niveaux de psychoactivit\u00e9 plus faibles et qui \u00e9taient \u00e0 l&rsquo;origine destin\u00e9es \u00e0 d&rsquo;autres types d&rsquo;utilisateurs,<\/p>\n\n\n\n<p>comme notre KETAMA CBD, une vari\u00e9t\u00e9 de cannabis dont la teneur en CBD est sup\u00e9rieure \u00e0 celle du THC et qui r\u00e9pond aux attentes de tous les types d&rsquo;utilisateurs.<\/p>\n\n\n\n<p>G\u00e9n\u00e9tiques de cannabis sativa et indica pour l&rsquo;int\u00e9rieur et l&rsquo;ext\u00e9rieur.<br>G\u00e9n\u00e9tique hautement stabilis\u00e9e. Toutes nos graines de marijuana sativa ou indica sont 100% f\u00e9minis\u00e9es.<\/p>\n\n\n\n<p>Voir la liste des <a href=\"https:\/\/ketamaseeds.com\/fr\/categorie-produit\/graines-autofloraison\/\">graines autofloraison<\/a> et des <a href=\"https:\/\/ketamaseeds.com\/fr\/categorie-produit\/graines-feminisees\/\">graines f\u00e9minis\u00e9es<\/a> de diff\u00e9rentes g\u00e9n\u00e9tiques, types, couleurs, saveurs, ar\u00f4mes et vari\u00e9t\u00e9s de marijuana les plus sativa ou indica.<\/p>\n\n\n\n<h4 class=\"wp-block-heading\"><strong>Graines f\u00e9minis\u00e9es<\/strong>:<em>&nbsp;ANAN\u00c1 \u2013 BEAUTIFUL DAY \u2013&nbsp;CREATION \u2013 CREATIVE \u2013 CRITIKUSH \u2013 CRITICAL KETAMA \u2013 CRITICAL HERER \u2013 DIESEL HERER \u2013 FRUTILLA HAZE \u2013 INSPIRATION \u2013 KAMNESIA \u2013 KETAMA CBD \u2013 KETAMA CHEESE \u2013 KETAMA DIESEL \u2013 KEMANGO \u2013 KETAMA KUSH \u2013 MUJICA GOLD \u2013 URUWHITE<\/em><\/h4>\n\n\n\n<h4 class=\"wp-block-heading\"><strong>Graines autofloraisons<\/strong>:&nbsp;<em>CREATIVE AUTO \u2013 KETAMA CHEESE AUTO \u2013 CRITICAL AUTO \u2013 CRITICAL HERER AUTO \u2013 GANGSTER AUTO \u2013 NORTHERN MOROCCO AUTO<\/em><\/h4>\n","protected":false},"excerpt":{"rendered":"<p>Banque de graines de cannabis Bienvenue sur le site de la banque de graines de marijuana KETAMA SEEDS, o\u00f9 l&rsquo;avenir du cannabis commence entre vos mains !Nous sommes plus qu&rsquo;une banque de graines de cannabis, nous sommes le chemin vers un monde de possibilit\u00e9s et de d\u00e9couvertes. Au c\u0153ur de notre g\u00e9n\u00e9tique se trouve une [&hellip;]<\/p>\n","protected":false},"author":1,"featured_media":496,"parent":0,"menu_order":0,"comment_status":"closed","ping_status":"closed","template":"","meta":{"_et_pb_use_builder":"on","_et_pb_old_content":"","_et_gb_content_width":"","footnotes":""},"class_list":["post-924","page","type-page","status-publish","has-post-thumbnail","hentry"],"yoast_head":"<!-- This site is optimized with the Yoast SEO plugin v27.3 - https:\/\/yoast.com\/product\/yoast-seo-wordpress\/ -->\n<title>Banque de graines de cannabis &#8211; KETAMA SEEDS<\/title>\n<meta name=\"description\" content=\"Banque de graines de cannabis f\u00e9minis\u00e9es et autofloraison. Les meilleures g\u00e9n\u00e9tiques de marijuana sativa et indica pour l&#039;int\u00e9rieur et ...\" \/>\n<meta name=\"robots\" content=\"index, follow, max-snippet:-1, max-image-preview:large, max-video-preview:-1\" \/>\n<link rel=\"canonical\" href=\"https:\/\/ketamaseeds.com\/fr\/\" \/>\n<meta property=\"og:locale\" content=\"fr_FR\" \/>\n<meta property=\"og:type\" content=\"article\" \/>\n<meta property=\"og:title\" content=\"Banque de graines de cannabis &#8211; KETAMA SEEDS\" \/>\n<meta property=\"og:description\" content=\"Banque de graines de cannabis f\u00e9minis\u00e9es et autofloraison. Les meilleures g\u00e9n\u00e9tiques de marijuana sativa et indica pour l&#039;int\u00e9rieur et ...\" \/>\n<meta property=\"og:url\" content=\"https:\/\/ketamaseeds.com\/fr\/\" \/>\n<meta property=\"og:site_name\" content=\"KETAMA SEEDS\" \/>\n<meta property=\"article:publisher\" content=\"https:\/\/www.facebook.com\/ketamaseedsbank\" \/>\n<meta property=\"article:modified_time\" content=\"2023-11-27T00:31:05+00:00\" \/>\n<meta property=\"og:image\" content=\"https:\/\/ketamaseeds.com\/wp-content\/uploads\/2023\/10\/ketama-seeds-logo.jpeg\" \/>\n\t<meta property=\"og:image:width\" content=\"300\" \/>\n\t<meta property=\"og:image:height\" content=\"300\" \/>\n\t<meta property=\"og:image:type\" content=\"image\/jpeg\" \/>\n<meta name=\"twitter:card\" content=\"summary_large_image\" \/>\n<meta name=\"twitter:site\" content=\"@KetamaSeeds\" \/>\n<meta name=\"twitter:label1\" content=\"Dur\u00e9e de lecture estim\u00e9e\" \/>\n\t<meta name=\"twitter:data1\" content=\"3 minutes\" \/>\n<script type=\"application\/ld+json\" class=\"yoast-schema-graph\">{\"@context\":\"https:\\\/\\\/schema.org\",\"@graph\":[{\"@type\":\"WebPage\",\"@id\":\"https:\\\/\\\/ketamaseeds.com\\\/fr\\\/\",\"url\":\"https:\\\/\\\/ketamaseeds.com\\\/fr\\\/\",\"name\":\"Banque de graines de cannabis &#8211; KETAMA SEEDS\",\"isPartOf\":{\"@id\":\"https:\\\/\\\/ketamaseeds.com\\\/fr\\\/#website\"},\"primaryImageOfPage\":{\"@id\":\"https:\\\/\\\/ketamaseeds.com\\\/fr\\\/#primaryimage\"},\"image\":{\"@id\":\"https:\\\/\\\/ketamaseeds.com\\\/fr\\\/#primaryimage\"},\"thumbnailUrl\":\"https:\\\/\\\/ketamaseeds.com\\\/wp-content\\\/uploads\\\/2023\\\/10\\\/ketama-seeds-logo.jpeg\",\"datePublished\":\"2023-10-14T20:23:57+00:00\",\"dateModified\":\"2023-11-27T00:31:05+00:00\",\"description\":\"Banque de graines de cannabis f\u00e9minis\u00e9es et autofloraison. Les meilleures g\u00e9n\u00e9tiques de marijuana sativa et indica pour l'int\u00e9rieur et ...\",\"breadcrumb\":{\"@id\":\"https:\\\/\\\/ketamaseeds.com\\\/fr\\\/#breadcrumb\"},\"inLanguage\":\"fr-FR\",\"potentialAction\":[{\"@type\":\"ReadAction\",\"target\":[\"https:\\\/\\\/ketamaseeds.com\\\/fr\\\/\"]}]},{\"@type\":\"ImageObject\",\"inLanguage\":\"fr-FR\",\"@id\":\"https:\\\/\\\/ketamaseeds.com\\\/fr\\\/#primaryimage\",\"url\":\"https:\\\/\\\/ketamaseeds.com\\\/wp-content\\\/uploads\\\/2023\\\/10\\\/ketama-seeds-logo.jpeg\",\"contentUrl\":\"https:\\\/\\\/ketamaseeds.com\\\/wp-content\\\/uploads\\\/2023\\\/10\\\/ketama-seeds-logo.jpeg\",\"width\":300,\"height\":300},{\"@type\":\"BreadcrumbList\",\"@id\":\"https:\\\/\\\/ketamaseeds.com\\\/fr\\\/#breadcrumb\",\"itemListElement\":[{\"@type\":\"ListItem\",\"position\":1,\"name\":\"Home\",\"item\":\"https:\\\/\\\/ketamaseeds.com\\\/fr\\\/\"},{\"@type\":\"ListItem\",\"position\":2,\"name\":\"Banque de graines de cannabis\"}]},{\"@type\":\"WebSite\",\"@id\":\"https:\\\/\\\/ketamaseeds.com\\\/fr\\\/#website\",\"url\":\"https:\\\/\\\/ketamaseeds.com\\\/fr\\\/\",\"name\":\"KETAMA SEEDS\",\"description\":\"Banco de semillas de Cannabis\",\"publisher\":{\"@id\":\"https:\\\/\\\/ketamaseeds.com\\\/fr\\\/#organization\"},\"potentialAction\":[{\"@type\":\"SearchAction\",\"target\":{\"@type\":\"EntryPoint\",\"urlTemplate\":\"https:\\\/\\\/ketamaseeds.com\\\/fr\\\/?s={search_term_string}\"},\"query-input\":{\"@type\":\"PropertyValueSpecification\",\"valueRequired\":true,\"valueName\":\"search_term_string\"}}],\"inLanguage\":\"fr-FR\"},{\"@type\":\"Organization\",\"@id\":\"https:\\\/\\\/ketamaseeds.com\\\/fr\\\/#organization\",\"name\":\"KETAMA SEEDS\",\"url\":\"https:\\\/\\\/ketamaseeds.com\\\/fr\\\/\",\"logo\":{\"@type\":\"ImageObject\",\"inLanguage\":\"fr-FR\",\"@id\":\"https:\\\/\\\/ketamaseeds.com\\\/fr\\\/#\\\/schema\\\/logo\\\/image\\\/\",\"url\":\"https:\\\/\\\/ketamaseeds.com\\\/wp-content\\\/uploads\\\/2023\\\/10\\\/cropped-ketama-seeds-logo.jpeg\",\"contentUrl\":\"https:\\\/\\\/ketamaseeds.com\\\/wp-content\\\/uploads\\\/2023\\\/10\\\/cropped-ketama-seeds-logo.jpeg\",\"width\":512,\"height\":512,\"caption\":\"KETAMA SEEDS\"},\"image\":{\"@id\":\"https:\\\/\\\/ketamaseeds.com\\\/fr\\\/#\\\/schema\\\/logo\\\/image\\\/\"},\"sameAs\":[\"https:\\\/\\\/www.facebook.com\\\/ketamaseedsbank\",\"https:\\\/\\\/x.com\\\/KetamaSeeds\",\"https:\\\/\\\/www.instagram.com\\\/ketamaseeds\"]}]}<\/script>\n<!-- \/ Yoast SEO plugin. -->","yoast_head_json":{"title":"Banque de graines de cannabis &#8211; KETAMA SEEDS","description":"Banque de graines de cannabis f\u00e9minis\u00e9es et autofloraison. Les meilleures g\u00e9n\u00e9tiques de marijuana sativa et indica pour l'int\u00e9rieur et ...","robots":{"index":"index","follow":"follow","max-snippet":"max-snippet:-1","max-image-preview":"max-image-preview:large","max-video-preview":"max-video-preview:-1"},"canonical":"https:\/\/ketamaseeds.com\/fr\/","og_locale":"fr_FR","og_type":"article","og_title":"Banque de graines de cannabis &#8211; KETAMA SEEDS","og_description":"Banque de graines de cannabis f\u00e9minis\u00e9es et autofloraison. Les meilleures g\u00e9n\u00e9tiques de marijuana sativa et indica pour l'int\u00e9rieur et ...","og_url":"https:\/\/ketamaseeds.com\/fr\/","og_site_name":"KETAMA SEEDS","article_publisher":"https:\/\/www.facebook.com\/ketamaseedsbank","article_modified_time":"2023-11-27T00:31:05+00:00","og_image":[{"width":300,"height":300,"url":"https:\/\/ketamaseeds.com\/wp-content\/uploads\/2023\/10\/ketama-seeds-logo.jpeg","type":"image\/jpeg"}],"twitter_card":"summary_large_image","twitter_site":"@KetamaSeeds","twitter_misc":{"Dur\u00e9e de lecture estim\u00e9e":"3 minutes"},"schema":{"@context":"https:\/\/schema.org","@graph":[{"@type":"WebPage","@id":"https:\/\/ketamaseeds.com\/fr\/","url":"https:\/\/ketamaseeds.com\/fr\/","name":"Banque de graines de cannabis &#8211; KETAMA SEEDS","isPartOf":{"@id":"https:\/\/ketamaseeds.com\/fr\/#website"},"primaryImageOfPage":{"@id":"https:\/\/ketamaseeds.com\/fr\/#primaryimage"},"image":{"@id":"https:\/\/ketamaseeds.com\/fr\/#primaryimage"},"thumbnailUrl":"https:\/\/ketamaseeds.com\/wp-content\/uploads\/2023\/10\/ketama-seeds-logo.jpeg","datePublished":"2023-10-14T20:23:57+00:00","dateModified":"2023-11-27T00:31:05+00:00","description":"Banque de graines de cannabis f\u00e9minis\u00e9es et autofloraison. Les meilleures g\u00e9n\u00e9tiques de marijuana sativa et indica pour l'int\u00e9rieur et ...","breadcrumb":{"@id":"https:\/\/ketamaseeds.com\/fr\/#breadcrumb"},"inLanguage":"fr-FR","potentialAction":[{"@type":"ReadAction","target":["https:\/\/ketamaseeds.com\/fr\/"]}]},{"@type":"ImageObject","inLanguage":"fr-FR","@id":"https:\/\/ketamaseeds.com\/fr\/#primaryimage","url":"https:\/\/ketamaseeds.com\/wp-content\/uploads\/2023\/10\/ketama-seeds-logo.jpeg","contentUrl":"https:\/\/ketamaseeds.com\/wp-content\/uploads\/2023\/10\/ketama-seeds-logo.jpeg","width":300,"height":300},{"@type":"BreadcrumbList","@id":"https:\/\/ketamaseeds.com\/fr\/#breadcrumb","itemListElement":[{"@type":"ListItem","position":1,"name":"Home","item":"https:\/\/ketamaseeds.com\/fr\/"},{"@type":"ListItem","position":2,"name":"Banque de graines de cannabis"}]},{"@type":"WebSite","@id":"https:\/\/ketamaseeds.com\/fr\/#website","url":"https:\/\/ketamaseeds.com\/fr\/","name":"KETAMA SEEDS","description":"Banco de semillas de Cannabis","publisher":{"@id":"https:\/\/ketamaseeds.com\/fr\/#organization"},"potentialAction":[{"@type":"SearchAction","target":{"@type":"EntryPoint","urlTemplate":"https:\/\/ketamaseeds.com\/fr\/?s={search_term_string}"},"query-input":{"@type":"PropertyValueSpecification","valueRequired":true,"valueName":"search_term_string"}}],"inLanguage":"fr-FR"},{"@type":"Organization","@id":"https:\/\/ketamaseeds.com\/fr\/#organization","name":"KETAMA SEEDS","url":"https:\/\/ketamaseeds.com\/fr\/","logo":{"@type":"ImageObject","inLanguage":"fr-FR","@id":"https:\/\/ketamaseeds.com\/fr\/#\/schema\/logo\/image\/","url":"https:\/\/ketamaseeds.com\/wp-content\/uploads\/2023\/10\/cropped-ketama-seeds-logo.jpeg","contentUrl":"https:\/\/ketamaseeds.com\/wp-content\/uploads\/2023\/10\/cropped-ketama-seeds-logo.jpeg","width":512,"height":512,"caption":"KETAMA SEEDS"},"image":{"@id":"https:\/\/ketamaseeds.com\/fr\/#\/schema\/logo\/image\/"},"sameAs":["https:\/\/www.facebook.com\/ketamaseedsbank","https:\/\/x.com\/KetamaSeeds","https:\/\/www.instagram.com\/ketamaseeds"]}]}},"_links":{"self":[{"href":"https:\/\/ketamaseeds.com\/fr\/wp-json\/wp\/v2\/pages\/924","targetHints":{"allow":["GET"]}}],"collection":[{"href":"https:\/\/ketamaseeds.com\/fr\/wp-json\/wp\/v2\/pages"}],"about":[{"href":"https:\/\/ketamaseeds.com\/fr\/wp-json\/wp\/v2\/types\/page"}],"author":[{"embeddable":true,"href":"https:\/\/ketamaseeds.com\/fr\/wp-json\/wp\/v2\/users\/1"}],"replies":[{"embeddable":true,"href":"https:\/\/ketamaseeds.com\/fr\/wp-json\/wp\/v2\/comments?post=924"}],"version-history":[{"count":0,"href":"https:\/\/ketamaseeds.com\/fr\/wp-json\/wp\/v2\/pages\/924\/revisions"}],"wp:featuredmedia":[{"embeddable":true,"href":"https:\/\/ketamaseeds.com\/fr\/wp-json\/wp\/v2\/media\/496"}],"wp:attachment":[{"href":"https:\/\/ketamaseeds.com\/fr\/wp-json\/wp\/v2\/media?parent=924"}],"curies":[{"name":"wp","href":"https:\/\/api.w.org\/{rel}","templated":true}]}}