{"id":1010,"date":"2023-10-11T01:06:22","date_gmt":"2023-10-11T01:06:22","guid":{"rendered":"http:\/\/ketamaseeds.com\/product\/kemango-graines-de-cannabis-feminisees\/"},"modified":"2023-12-16T00:38:37","modified_gmt":"2023-12-16T00:38:37","slug":"kemango-graines-de-cannabis-feminisees","status":"publish","type":"product","link":"https:\/\/ketamaseeds.com\/fr\/produit\/kemango-graines-de-cannabis-feminisees\/","title":{"rendered":"KEMANGO graines de cannabis f\u00e9minis\u00e9es"},"content":{"rendered":"<h2>KEMANGO graines de cannabis f\u00e9minis\u00e9es<\/h2>\n<p>KEMANGO graines de cannabis f\u00e9minis\u00e9es. La vigueur et la production de notre CRITICAL KETAMA sont d\u00e9montr\u00e9es dans ce croisement avec l&rsquo;une des g\u00e9n\u00e9tiques les plus fruit\u00e9es et reconnues, la SOMANGO.<\/p>\n<p>La KEMANGO se caract\u00e9rise par son ar\u00f4me fin et son go\u00fbt de fruits tropicaux qui, lorsqu&rsquo;elle est br\u00fbl\u00e9e, produit une fum\u00e9e tr\u00e8s dense qui caresse le palais avec ces saveurs fines qui nous font parfois oublier sa grande puissance h\u00e9rit\u00e9e de la CRITICAL.<\/p>\n<p>Une riche vari\u00e9t\u00e9 de marijuana qui se d\u00e9veloppe avec une grande vigueur et qui nous apportera une bonne r\u00e9colte de fleurs r\u00e9guli\u00e8res de taille moyenne.<\/p>\n<p>C&rsquo;est une plante tr\u00e8s facile \u00e0 cultiver. De plus, gr\u00e2ce \u00e0 son d\u00e9veloppement rapide, la KEMANGO est recommand\u00e9e pour tout type de climat.<\/p>\n<p>KEMANGO est une plante de taille moyenne qui atteindra facilement deux m\u00e8tres et demi de hauteur en ext\u00e9rieur.<\/p>\n<p>Les graines de marijuana f\u00e9minis\u00e9es KEMANGO sont une vari\u00e9t\u00e9 qui donne d\u00e9j\u00e0 \u00e0 parler de sa haute qualit\u00e9.<\/p>\n<p>KEMANGO est une vari\u00e9t\u00e9 de cannabis qui r\u00e9compense vos sens tout en vous surprenant par ses ar\u00f4mes, ses saveurs et ses effets.<\/p>\n<p>VARI\u00c9T\u00c9 :<br \/>\nG\u00e9n\u00e9tique : Hybride Critical Ketama X Somango 60% sativa &#8211; 40% indica<\/p>\n<p>Odeur : Fruits tropicaux<\/p>\n<p>Effet : m\u00e9ditatif &#8211; relaxant.<\/p>\n<p>THC : 17 &#8211; 19 &#8211; %<\/p>\n<p>CBD : Moyen<\/p>\n<p>Sensibilit\u00e9 aux champignons : mod\u00e9r\u00e9e<\/p>\n<p>Param\u00e8tres de culture<\/p>\n<p>Hydroponique biologique<\/p>\n<p>Croissance EC 0,7 &#8211; 1,2 ms 1,1 &#8211; 1,4 ms<\/p>\n<p>EC floraison 0,9 &#8211; 1,3 ms 1,4 &#8211; 2,2 ms<\/p>\n<p>Croissance PH 5,6 &#8211; 5,8 5,8<\/p>\n<p>D\u00c9VELOPPEMENT<\/p>\n<p>Ext\u00e9rieur Int\u00e9rieur<\/p>\n<p>R\u00e9colte : D\u00e9but octobre 50 &#8211; 55 jours<\/p>\n<p>Production : 500 &#8211; 800 grammes par plante 500 &#8211; 800 grammes par plante 400 &#8211; 500 grammes par m\u00e8tre carr\u00e9<\/p>\n","protected":false},"excerpt":{"rendered":"<p>KEMANGO graines de cannabis f\u00e9minis\u00e9es KEMANGO graines de cannabis f\u00e9minis\u00e9es. La vigueur et la production de notre CRITICAL KETAMA sont d\u00e9montr\u00e9es dans ce croisement avec l&rsquo;une des g\u00e9n\u00e9tiques les plus fruit\u00e9es et reconnues, la SOMANGO. La KEMANGO se caract\u00e9rise par son ar\u00f4me fin et son go\u00fbt de fruits tropicaux qui, lorsqu&rsquo;elle est br\u00fbl\u00e9e, produit une [&hellip;]<\/p>\n","protected":false},"featured_media":688,"comment_status":"open","ping_status":"closed","template":"","meta":{"_et_pb_use_builder":"","_et_pb_old_content":"","_et_gb_content_width":""},"product_brand":[],"product_cat":[47],"product_tag":[],"class_list":{"0":"post-1010","1":"product","2":"type-product","3":"status-publish","4":"has-post-thumbnail","6":"product_cat-graines-feminisees","8":"first","9":"instock","10":"shipping-taxable","11":"purchasable","12":"product-type-variable"},"yoast_head":"<!-- This site is optimized with the Yoast SEO plugin v27.3 - https:\/\/yoast.com\/product\/yoast-seo-wordpress\/ -->\n<title>KEMANGO graines de cannabis f\u00e9minis\u00e9es<\/title>\n<meta name=\"description\" content=\"KEMANGO graines de cannabis f\u00e9minis\u00e9es. La vigueur et la production de notre CRITICAL KETAMA sont d\u00e9montr\u00e9es dans ce croisement avec l&#039;une des g\u00e9n\u00e9tiques les plus fruit\u00e9es et reconnues, la SOMANGO.\" \/>\n<meta name=\"robots\" content=\"index, follow, max-snippet:-1, max-image-preview:large, max-video-preview:-1\" \/>\n<link rel=\"canonical\" href=\"https:\/\/ketamaseeds.com\/fr\/produit\/kemango-graines-de-cannabis-feminisees\/\" \/>\n<meta property=\"og:locale\" content=\"fr_FR\" \/>\n<meta property=\"og:type\" content=\"article\" \/>\n<meta property=\"og:title\" content=\"KEMANGO graines de cannabis f\u00e9minis\u00e9es\" \/>\n<meta property=\"og:description\" content=\"KEMANGO graines de cannabis f\u00e9minis\u00e9es. La vigueur et la production de notre CRITICAL KETAMA sont d\u00e9montr\u00e9es dans ce croisement avec l&#039;une des g\u00e9n\u00e9tiques les plus fruit\u00e9es et reconnues, la SOMANGO.\" \/>\n<meta property=\"og:url\" content=\"https:\/\/ketamaseeds.com\/fr\/produit\/kemango-graines-de-cannabis-feminisees\/\" \/>\n<meta property=\"og:site_name\" content=\"KETAMA SEEDS\" \/>\n<meta property=\"article:publisher\" content=\"https:\/\/www.facebook.com\/ketamaseedsbank\" \/>\n<meta property=\"article:modified_time\" content=\"2023-12-16T00:38:37+00:00\" \/>\n<meta property=\"og:image\" content=\"https:\/\/ketamaseeds.com\/wp-content\/uploads\/2023\/10\/fotografia-de-planta-de-marihuana-variedad-kemango-de-ketama-seeds.jpg\" \/>\n\t<meta property=\"og:image:width\" content=\"1280\" \/>\n\t<meta property=\"og:image:height\" content=\"853\" \/>\n\t<meta property=\"og:image:type\" content=\"image\/jpeg\" \/>\n<meta name=\"twitter:card\" content=\"summary_large_image\" \/>\n<meta name=\"twitter:site\" content=\"@KetamaSeeds\" \/>\n<meta name=\"twitter:label1\" content=\"Dur\u00e9e de lecture estim\u00e9e\" \/>\n\t<meta name=\"twitter:data1\" content=\"2 minutes\" \/>\n<script type=\"application\/ld+json\" class=\"yoast-schema-graph\">{\"@context\":\"https:\\\/\\\/schema.org\",\"@graph\":[{\"@type\":\"WebPage\",\"@id\":\"https:\\\/\\\/ketamaseeds.com\\\/fr\\\/produit\\\/kemango-graines-de-cannabis-feminisees\\\/\",\"url\":\"https:\\\/\\\/ketamaseeds.com\\\/fr\\\/produit\\\/kemango-graines-de-cannabis-feminisees\\\/\",\"name\":\"KEMANGO graines de cannabis f\u00e9minis\u00e9es\",\"isPartOf\":{\"@id\":\"https:\\\/\\\/ketamaseeds.com\\\/fr\\\/#website\"},\"primaryImageOfPage\":{\"@id\":\"https:\\\/\\\/ketamaseeds.com\\\/fr\\\/produit\\\/kemango-graines-de-cannabis-feminisees\\\/#primaryimage\"},\"image\":{\"@id\":\"https:\\\/\\\/ketamaseeds.com\\\/fr\\\/produit\\\/kemango-graines-de-cannabis-feminisees\\\/#primaryimage\"},\"thumbnailUrl\":\"https:\\\/\\\/ketamaseeds.com\\\/wp-content\\\/uploads\\\/2023\\\/10\\\/fotografia-de-planta-de-marihuana-variedad-kemango-de-ketama-seeds.jpg\",\"datePublished\":\"2023-10-11T01:06:22+00:00\",\"dateModified\":\"2023-12-16T00:38:37+00:00\",\"description\":\"KEMANGO graines de cannabis f\u00e9minis\u00e9es. La vigueur et la production de notre CRITICAL KETAMA sont d\u00e9montr\u00e9es dans ce croisement avec l'une des g\u00e9n\u00e9tiques les plus fruit\u00e9es et reconnues, la SOMANGO.\",\"breadcrumb\":{\"@id\":\"https:\\\/\\\/ketamaseeds.com\\\/fr\\\/produit\\\/kemango-graines-de-cannabis-feminisees\\\/#breadcrumb\"},\"inLanguage\":\"fr-FR\",\"potentialAction\":[{\"@type\":\"ReadAction\",\"target\":[\"https:\\\/\\\/ketamaseeds.com\\\/fr\\\/produit\\\/kemango-graines-de-cannabis-feminisees\\\/\"]}]},{\"@type\":\"ImageObject\",\"inLanguage\":\"fr-FR\",\"@id\":\"https:\\\/\\\/ketamaseeds.com\\\/fr\\\/produit\\\/kemango-graines-de-cannabis-feminisees\\\/#primaryimage\",\"url\":\"https:\\\/\\\/ketamaseeds.com\\\/wp-content\\\/uploads\\\/2023\\\/10\\\/fotografia-de-planta-de-marihuana-variedad-kemango-de-ketama-seeds.jpg\",\"contentUrl\":\"https:\\\/\\\/ketamaseeds.com\\\/wp-content\\\/uploads\\\/2023\\\/10\\\/fotografia-de-planta-de-marihuana-variedad-kemango-de-ketama-seeds.jpg\",\"width\":1280,\"height\":853},{\"@type\":\"BreadcrumbList\",\"@id\":\"https:\\\/\\\/ketamaseeds.com\\\/fr\\\/produit\\\/kemango-graines-de-cannabis-feminisees\\\/#breadcrumb\",\"itemListElement\":[{\"@type\":\"ListItem\",\"position\":1,\"name\":\"Home\",\"item\":\"https:\\\/\\\/ketamaseeds.com\\\/fr\\\/\"},{\"@type\":\"ListItem\",\"position\":2,\"name\":\"Graines de cannabis\",\"item\":\"https:\\\/\\\/ketamaseeds.com\\\/fr\\\/graines-de-cannabis\\\/\"},{\"@type\":\"ListItem\",\"position\":3,\"name\":\"KEMANGO graines de cannabis f\u00e9minis\u00e9es\"}]},{\"@type\":\"WebSite\",\"@id\":\"https:\\\/\\\/ketamaseeds.com\\\/fr\\\/#website\",\"url\":\"https:\\\/\\\/ketamaseeds.com\\\/fr\\\/\",\"name\":\"KETAMA SEEDS\",\"description\":\"Banco de semillas de Cannabis\",\"publisher\":{\"@id\":\"https:\\\/\\\/ketamaseeds.com\\\/fr\\\/#organization\"},\"potentialAction\":[{\"@type\":\"SearchAction\",\"target\":{\"@type\":\"EntryPoint\",\"urlTemplate\":\"https:\\\/\\\/ketamaseeds.com\\\/fr\\\/?s={search_term_string}\"},\"query-input\":{\"@type\":\"PropertyValueSpecification\",\"valueRequired\":true,\"valueName\":\"search_term_string\"}}],\"inLanguage\":\"fr-FR\"},{\"@type\":\"Organization\",\"@id\":\"https:\\\/\\\/ketamaseeds.com\\\/fr\\\/#organization\",\"name\":\"KETAMA SEEDS\",\"url\":\"https:\\\/\\\/ketamaseeds.com\\\/fr\\\/\",\"logo\":{\"@type\":\"ImageObject\",\"inLanguage\":\"fr-FR\",\"@id\":\"https:\\\/\\\/ketamaseeds.com\\\/fr\\\/#\\\/schema\\\/logo\\\/image\\\/\",\"url\":\"https:\\\/\\\/ketamaseeds.com\\\/wp-content\\\/uploads\\\/2023\\\/10\\\/cropped-ketama-seeds-logo.jpeg\",\"contentUrl\":\"https:\\\/\\\/ketamaseeds.com\\\/wp-content\\\/uploads\\\/2023\\\/10\\\/cropped-ketama-seeds-logo.jpeg\",\"width\":512,\"height\":512,\"caption\":\"KETAMA SEEDS\"},\"image\":{\"@id\":\"https:\\\/\\\/ketamaseeds.com\\\/fr\\\/#\\\/schema\\\/logo\\\/image\\\/\"},\"sameAs\":[\"https:\\\/\\\/www.facebook.com\\\/ketamaseedsbank\",\"https:\\\/\\\/x.com\\\/KetamaSeeds\",\"https:\\\/\\\/www.instagram.com\\\/ketamaseeds\"]}]}<\/script>\n<!-- \/ Yoast SEO plugin. -->","yoast_head_json":{"title":"KEMANGO graines de cannabis f\u00e9minis\u00e9es","description":"KEMANGO graines de cannabis f\u00e9minis\u00e9es. La vigueur et la production de notre CRITICAL KETAMA sont d\u00e9montr\u00e9es dans ce croisement avec l'une des g\u00e9n\u00e9tiques les plus fruit\u00e9es et reconnues, la SOMANGO.","robots":{"index":"index","follow":"follow","max-snippet":"max-snippet:-1","max-image-preview":"max-image-preview:large","max-video-preview":"max-video-preview:-1"},"canonical":"https:\/\/ketamaseeds.com\/fr\/produit\/kemango-graines-de-cannabis-feminisees\/","og_locale":"fr_FR","og_type":"article","og_title":"KEMANGO graines de cannabis f\u00e9minis\u00e9es","og_description":"KEMANGO graines de cannabis f\u00e9minis\u00e9es. La vigueur et la production de notre CRITICAL KETAMA sont d\u00e9montr\u00e9es dans ce croisement avec l'une des g\u00e9n\u00e9tiques les plus fruit\u00e9es et reconnues, la SOMANGO.","og_url":"https:\/\/ketamaseeds.com\/fr\/produit\/kemango-graines-de-cannabis-feminisees\/","og_site_name":"KETAMA SEEDS","article_publisher":"https:\/\/www.facebook.com\/ketamaseedsbank","article_modified_time":"2023-12-16T00:38:37+00:00","og_image":[{"width":1280,"height":853,"url":"https:\/\/ketamaseeds.com\/wp-content\/uploads\/2023\/10\/fotografia-de-planta-de-marihuana-variedad-kemango-de-ketama-seeds.jpg","type":"image\/jpeg"}],"twitter_card":"summary_large_image","twitter_site":"@KetamaSeeds","twitter_misc":{"Dur\u00e9e de lecture estim\u00e9e":"2 minutes"},"schema":{"@context":"https:\/\/schema.org","@graph":[{"@type":"WebPage","@id":"https:\/\/ketamaseeds.com\/fr\/produit\/kemango-graines-de-cannabis-feminisees\/","url":"https:\/\/ketamaseeds.com\/fr\/produit\/kemango-graines-de-cannabis-feminisees\/","name":"KEMANGO graines de cannabis f\u00e9minis\u00e9es","isPartOf":{"@id":"https:\/\/ketamaseeds.com\/fr\/#website"},"primaryImageOfPage":{"@id":"https:\/\/ketamaseeds.com\/fr\/produit\/kemango-graines-de-cannabis-feminisees\/#primaryimage"},"image":{"@id":"https:\/\/ketamaseeds.com\/fr\/produit\/kemango-graines-de-cannabis-feminisees\/#primaryimage"},"thumbnailUrl":"https:\/\/ketamaseeds.com\/wp-content\/uploads\/2023\/10\/fotografia-de-planta-de-marihuana-variedad-kemango-de-ketama-seeds.jpg","datePublished":"2023-10-11T01:06:22+00:00","dateModified":"2023-12-16T00:38:37+00:00","description":"KEMANGO graines de cannabis f\u00e9minis\u00e9es. La vigueur et la production de notre CRITICAL KETAMA sont d\u00e9montr\u00e9es dans ce croisement avec l'une des g\u00e9n\u00e9tiques les plus fruit\u00e9es et reconnues, la SOMANGO.","breadcrumb":{"@id":"https:\/\/ketamaseeds.com\/fr\/produit\/kemango-graines-de-cannabis-feminisees\/#breadcrumb"},"inLanguage":"fr-FR","potentialAction":[{"@type":"ReadAction","target":["https:\/\/ketamaseeds.com\/fr\/produit\/kemango-graines-de-cannabis-feminisees\/"]}]},{"@type":"ImageObject","inLanguage":"fr-FR","@id":"https:\/\/ketamaseeds.com\/fr\/produit\/kemango-graines-de-cannabis-feminisees\/#primaryimage","url":"https:\/\/ketamaseeds.com\/wp-content\/uploads\/2023\/10\/fotografia-de-planta-de-marihuana-variedad-kemango-de-ketama-seeds.jpg","contentUrl":"https:\/\/ketamaseeds.com\/wp-content\/uploads\/2023\/10\/fotografia-de-planta-de-marihuana-variedad-kemango-de-ketama-seeds.jpg","width":1280,"height":853},{"@type":"BreadcrumbList","@id":"https:\/\/ketamaseeds.com\/fr\/produit\/kemango-graines-de-cannabis-feminisees\/#breadcrumb","itemListElement":[{"@type":"ListItem","position":1,"name":"Home","item":"https:\/\/ketamaseeds.com\/fr\/"},{"@type":"ListItem","position":2,"name":"Graines de cannabis","item":"https:\/\/ketamaseeds.com\/fr\/graines-de-cannabis\/"},{"@type":"ListItem","position":3,"name":"KEMANGO graines de cannabis f\u00e9minis\u00e9es"}]},{"@type":"WebSite","@id":"https:\/\/ketamaseeds.com\/fr\/#website","url":"https:\/\/ketamaseeds.com\/fr\/","name":"KETAMA SEEDS","description":"Banco de semillas de Cannabis","publisher":{"@id":"https:\/\/ketamaseeds.com\/fr\/#organization"},"potentialAction":[{"@type":"SearchAction","target":{"@type":"EntryPoint","urlTemplate":"https:\/\/ketamaseeds.com\/fr\/?s={search_term_string}"},"query-input":{"@type":"PropertyValueSpecification","valueRequired":true,"valueName":"search_term_string"}}],"inLanguage":"fr-FR"},{"@type":"Organization","@id":"https:\/\/ketamaseeds.com\/fr\/#organization","name":"KETAMA SEEDS","url":"https:\/\/ketamaseeds.com\/fr\/","logo":{"@type":"ImageObject","inLanguage":"fr-FR","@id":"https:\/\/ketamaseeds.com\/fr\/#\/schema\/logo\/image\/","url":"https:\/\/ketamaseeds.com\/wp-content\/uploads\/2023\/10\/cropped-ketama-seeds-logo.jpeg","contentUrl":"https:\/\/ketamaseeds.com\/wp-content\/uploads\/2023\/10\/cropped-ketama-seeds-logo.jpeg","width":512,"height":512,"caption":"KETAMA SEEDS"},"image":{"@id":"https:\/\/ketamaseeds.com\/fr\/#\/schema\/logo\/image\/"},"sameAs":["https:\/\/www.facebook.com\/ketamaseedsbank","https:\/\/x.com\/KetamaSeeds","https:\/\/www.instagram.com\/ketamaseeds"]}]}},"_links":{"self":[{"href":"https:\/\/ketamaseeds.com\/fr\/wp-json\/wp\/v2\/product\/1010","targetHints":{"allow":["GET"]}}],"collection":[{"href":"https:\/\/ketamaseeds.com\/fr\/wp-json\/wp\/v2\/product"}],"about":[{"href":"https:\/\/ketamaseeds.com\/fr\/wp-json\/wp\/v2\/types\/product"}],"replies":[{"embeddable":true,"href":"https:\/\/ketamaseeds.com\/fr\/wp-json\/wp\/v2\/comments?post=1010"}],"wp:featuredmedia":[{"embeddable":true,"href":"https:\/\/ketamaseeds.com\/fr\/wp-json\/wp\/v2\/media\/688"}],"wp:attachment":[{"href":"https:\/\/ketamaseeds.com\/fr\/wp-json\/wp\/v2\/media?parent=1010"}],"wp:term":[{"taxonomy":"product_brand","embeddable":true,"href":"https:\/\/ketamaseeds.com\/fr\/wp-json\/wp\/v2\/product_brand?post=1010"},{"taxonomy":"product_cat","embeddable":true,"href":"https:\/\/ketamaseeds.com\/fr\/wp-json\/wp\/v2\/product_cat?post=1010"},{"taxonomy":"product_tag","embeddable":true,"href":"https:\/\/ketamaseeds.com\/fr\/wp-json\/wp\/v2\/product_tag?post=1010"}],"curies":[{"name":"wp","href":"https:\/\/api.w.org\/{rel}","templated":true}]}}