{"id":1028,"date":"2023-10-11T23:27:18","date_gmt":"2023-10-11T23:27:18","guid":{"rendered":"http:\/\/ketamaseeds.com\/product\/ketama-cheese-graines-de-cannabis-feminisees\/"},"modified":"2023-12-08T12:33:57","modified_gmt":"2023-12-08T12:33:57","slug":"ketama-cheese-graines-de-cannabis-feminisees","status":"publish","type":"product","link":"https:\/\/ketamaseeds.com\/fr\/produit\/ketama-cheese-graines-de-cannabis-feminisees\/","title":{"rendered":"KETAMA CHEESE graines de cannabis f\u00e9minis\u00e9es"},"content":{"rendered":"<h2>KETAMA CHEESE GRAINES DE CANNABIS F\u00c9MINIS\u00c9ES<\/h2>\n<p>Les graines de marijuana f\u00e9minis\u00e9es KETAMA CHEESE de cette vari\u00e9t\u00e9 sont le r\u00e9sultat d&rsquo;un grand travail de s\u00e9lection des meilleures Afghani #1 et d&rsquo;une des vari\u00e9t\u00e9s les plus connues en Europe, la Skunk #1.<\/p>\n<p>Le r\u00e9sultat est cette excellente vari\u00e9t\u00e9 appr\u00e9ci\u00e9e par les experts pour sa saveur et son ar\u00f4me exquis, ainsi que pour sa grande production.<\/p>\n<p>Le CHEESE est arriv\u00e9 des \u00c9tats-Unis \u00e0 la fin des ann\u00e9es 80 et est devenu tr\u00e8s populaire en Angleterre.<\/p>\n<p>Le KETAMA CHEESE peut \u00eatre cultiv\u00e9 \u00e0 l&rsquo;int\u00e9rieur et \u00e0 l&rsquo;ext\u00e9rieur dans les climats temp\u00e9r\u00e9s, et dans les climats tr\u00e8s froids dans une serre.<\/p>\n<p>C&rsquo;est une plante facile \u00e0 cultiver qui prend peu de place \u00e0 l&rsquo;int\u00e9rieur, mais c&rsquo;est \u00e0 l&rsquo;ext\u00e9rieur que nous la verrons \u00e0 son meilleur.<\/p>\n<p>Les bourgeons de la KETAMA CHEESE sont gros, durs et pleins de r\u00e9sine \u00e0 l&rsquo;ar\u00f4me incomparable.<\/p>\n<p>L&rsquo;ar\u00f4me riche qu&rsquo;elle d\u00e9gage est assez p\u00e9n\u00e9trant, c&rsquo;est pourquoi les cultures d&rsquo;int\u00e9rieur auront besoin d&rsquo;un bon filtre pour la cultiver sans attirer l&rsquo;attention.<\/p>\n<p>Les graines de marijuana KETAMA CHEESE sont sans aucun doute une bonne g\u00e9n\u00e9tique que tout amateur de cannabis devrait cultiver.<\/p>\n<h3>KETAMA CHEESE GRAINES DE CANNABIS F\u00c9MINIS\u00c9ES<\/h3>\n<p>CROP : AFGHANI x SKUNK<br \/>\nVARI\u00c9T\u00c9 : Hybride \u00e0 dominance Sativa<br \/>\nAROME : Ar\u00f4me de mouffette et d&rsquo;\u00e9pices.<br \/>\nEFFET : Physique et mental.<br \/>\nTHC : 9 &#8211; 12 %.<br \/>\nCBD : HAUT<br \/>\nSensibilit\u00e9 aux champignons : Mod\u00e9r\u00e9e<br \/>\nPARAM\u00c8TRES BIOLOGIQUES HYDROPONIQUES<br \/>\nCroissance EC : 0,7ms 1-1,2ms<br \/>\nEC Floraison : 1ms 1,2ms<br \/>\nPH Croissance : 6.0 5,8<br \/>\nPH floraison : 7,0 6,0<br \/>\nD\u00c9VELOPPEMENT EXT\u00c9RIEUR INT\u00c9RIEUR<br \/>\nR\u00c9COLTE : 5-10 octobre 55-60 jours<br \/>\nRENDEMENT : 600 gr. par plante 450-550 gr\/m2<\/p>\n","protected":false},"excerpt":{"rendered":"<p>KETAMA CHEESE graines de marijuana f\u00e9minis\u00e9es pour culture en int\u00e9rieur et en ext\u00e9rieur.<\/p>\n<p>R\u00e9compenses :<\/p>\n<p>Erdi ALdea Cup 2016<\/p>\n<p>\u00ab\u00a0Meilleure souche &#8211; ext\u00e9rieur Bio\u00a0\u00bb.<\/p>\n","protected":false},"featured_media":520,"comment_status":"open","ping_status":"closed","template":"","meta":{"_et_pb_use_builder":"","_et_pb_old_content":"","_et_gb_content_width":""},"product_brand":[],"product_cat":[47],"product_tag":[],"class_list":{"0":"post-1028","1":"product","2":"type-product","3":"status-publish","4":"has-post-thumbnail","6":"product_cat-graines-feminisees","8":"first","9":"instock","10":"shipping-taxable","11":"purchasable","12":"product-type-variable"},"yoast_head":"<!-- This site is optimized with the Yoast SEO plugin v27.3 - https:\/\/yoast.com\/product\/yoast-seo-wordpress\/ -->\n<title>KETAMA CHEESE graines de cannabis f\u00e9minis\u00e9es<\/title>\n<meta name=\"description\" content=\"Le CHEESE est arriv\u00e9 des \u00c9tats-Unis \u00e0 la fin des ann\u00e9es 80 et est devenu tr\u00e8s populaire en Angleterre. Le KETAMA CHEESE peut \u00eatre cultiv\u00e9 \u00e0 l&#039;int\u00e9rieur et \u00e0 l&#039;ext\u00e9rieur dans les\" \/>\n<meta name=\"robots\" content=\"index, follow, max-snippet:-1, max-image-preview:large, max-video-preview:-1\" \/>\n<link rel=\"canonical\" href=\"https:\/\/ketamaseeds.com\/fr\/produit\/ketama-cheese-graines-de-cannabis-feminisees\/\" \/>\n<meta property=\"og:locale\" content=\"fr_FR\" \/>\n<meta property=\"og:type\" content=\"article\" \/>\n<meta property=\"og:title\" content=\"KETAMA CHEESE graines de cannabis f\u00e9minis\u00e9es\" \/>\n<meta property=\"og:description\" content=\"Le CHEESE est arriv\u00e9 des \u00c9tats-Unis \u00e0 la fin des ann\u00e9es 80 et est devenu tr\u00e8s populaire en Angleterre. Le KETAMA CHEESE peut \u00eatre cultiv\u00e9 \u00e0 l&#039;int\u00e9rieur et \u00e0 l&#039;ext\u00e9rieur dans les\" \/>\n<meta property=\"og:url\" content=\"https:\/\/ketamaseeds.com\/fr\/produit\/ketama-cheese-graines-de-cannabis-feminisees\/\" \/>\n<meta property=\"og:site_name\" content=\"KETAMA SEEDS\" \/>\n<meta property=\"article:publisher\" content=\"https:\/\/www.facebook.com\/ketamaseedsbank\" \/>\n<meta property=\"article:modified_time\" content=\"2023-12-08T12:33:57+00:00\" \/>\n<meta property=\"og:image\" content=\"https:\/\/ketamaseeds.com\/wp-content\/uploads\/2023\/10\/KETAMA-CHEESE-semillas-de-marihuana-ketama-seeds-bank.jpg\" \/>\n\t<meta property=\"og:image:width\" content=\"1000\" \/>\n\t<meta property=\"og:image:height\" content=\"750\" \/>\n\t<meta property=\"og:image:type\" content=\"image\/jpeg\" \/>\n<meta name=\"twitter:card\" content=\"summary_large_image\" \/>\n<meta name=\"twitter:site\" content=\"@KetamaSeeds\" \/>\n<meta name=\"twitter:label1\" content=\"Dur\u00e9e de lecture estim\u00e9e\" \/>\n\t<meta name=\"twitter:data1\" content=\"2 minutes\" \/>\n<script type=\"application\/ld+json\" class=\"yoast-schema-graph\">{\"@context\":\"https:\\\/\\\/schema.org\",\"@graph\":[{\"@type\":\"WebPage\",\"@id\":\"https:\\\/\\\/ketamaseeds.com\\\/fr\\\/produit\\\/ketama-cheese-graines-de-cannabis-feminisees\\\/\",\"url\":\"https:\\\/\\\/ketamaseeds.com\\\/fr\\\/produit\\\/ketama-cheese-graines-de-cannabis-feminisees\\\/\",\"name\":\"KETAMA CHEESE graines de cannabis f\u00e9minis\u00e9es\",\"isPartOf\":{\"@id\":\"https:\\\/\\\/ketamaseeds.com\\\/fr\\\/#website\"},\"primaryImageOfPage\":{\"@id\":\"https:\\\/\\\/ketamaseeds.com\\\/fr\\\/produit\\\/ketama-cheese-graines-de-cannabis-feminisees\\\/#primaryimage\"},\"image\":{\"@id\":\"https:\\\/\\\/ketamaseeds.com\\\/fr\\\/produit\\\/ketama-cheese-graines-de-cannabis-feminisees\\\/#primaryimage\"},\"thumbnailUrl\":\"https:\\\/\\\/ketamaseeds.com\\\/wp-content\\\/uploads\\\/2023\\\/10\\\/KETAMA-CHEESE-semillas-de-marihuana-ketama-seeds-bank.jpg\",\"datePublished\":\"2023-10-11T23:27:18+00:00\",\"dateModified\":\"2023-12-08T12:33:57+00:00\",\"description\":\"Le CHEESE est arriv\u00e9 des \u00c9tats-Unis \u00e0 la fin des ann\u00e9es 80 et est devenu tr\u00e8s populaire en Angleterre. Le KETAMA CHEESE peut \u00eatre cultiv\u00e9 \u00e0 l'int\u00e9rieur et \u00e0 l'ext\u00e9rieur dans les\",\"breadcrumb\":{\"@id\":\"https:\\\/\\\/ketamaseeds.com\\\/fr\\\/produit\\\/ketama-cheese-graines-de-cannabis-feminisees\\\/#breadcrumb\"},\"inLanguage\":\"fr-FR\",\"potentialAction\":[{\"@type\":\"ReadAction\",\"target\":[\"https:\\\/\\\/ketamaseeds.com\\\/fr\\\/produit\\\/ketama-cheese-graines-de-cannabis-feminisees\\\/\"]}]},{\"@type\":\"ImageObject\",\"inLanguage\":\"fr-FR\",\"@id\":\"https:\\\/\\\/ketamaseeds.com\\\/fr\\\/produit\\\/ketama-cheese-graines-de-cannabis-feminisees\\\/#primaryimage\",\"url\":\"https:\\\/\\\/ketamaseeds.com\\\/wp-content\\\/uploads\\\/2023\\\/10\\\/KETAMA-CHEESE-semillas-de-marihuana-ketama-seeds-bank.jpg\",\"contentUrl\":\"https:\\\/\\\/ketamaseeds.com\\\/wp-content\\\/uploads\\\/2023\\\/10\\\/KETAMA-CHEESE-semillas-de-marihuana-ketama-seeds-bank.jpg\",\"width\":1000,\"height\":750,\"caption\":\"KETAMA CHEESE graines de cannabis f\u00e9minis\u00e9es\"},{\"@type\":\"BreadcrumbList\",\"@id\":\"https:\\\/\\\/ketamaseeds.com\\\/fr\\\/produit\\\/ketama-cheese-graines-de-cannabis-feminisees\\\/#breadcrumb\",\"itemListElement\":[{\"@type\":\"ListItem\",\"position\":1,\"name\":\"Home\",\"item\":\"https:\\\/\\\/ketamaseeds.com\\\/fr\\\/\"},{\"@type\":\"ListItem\",\"position\":2,\"name\":\"Graines de cannabis\",\"item\":\"https:\\\/\\\/ketamaseeds.com\\\/fr\\\/graines-de-cannabis\\\/\"},{\"@type\":\"ListItem\",\"position\":3,\"name\":\"KETAMA CHEESE graines de cannabis f\u00e9minis\u00e9es\"}]},{\"@type\":\"WebSite\",\"@id\":\"https:\\\/\\\/ketamaseeds.com\\\/fr\\\/#website\",\"url\":\"https:\\\/\\\/ketamaseeds.com\\\/fr\\\/\",\"name\":\"KETAMA SEEDS\",\"description\":\"Banco de semillas de Cannabis\",\"publisher\":{\"@id\":\"https:\\\/\\\/ketamaseeds.com\\\/fr\\\/#organization\"},\"potentialAction\":[{\"@type\":\"SearchAction\",\"target\":{\"@type\":\"EntryPoint\",\"urlTemplate\":\"https:\\\/\\\/ketamaseeds.com\\\/fr\\\/?s={search_term_string}\"},\"query-input\":{\"@type\":\"PropertyValueSpecification\",\"valueRequired\":true,\"valueName\":\"search_term_string\"}}],\"inLanguage\":\"fr-FR\"},{\"@type\":\"Organization\",\"@id\":\"https:\\\/\\\/ketamaseeds.com\\\/fr\\\/#organization\",\"name\":\"KETAMA SEEDS\",\"url\":\"https:\\\/\\\/ketamaseeds.com\\\/fr\\\/\",\"logo\":{\"@type\":\"ImageObject\",\"inLanguage\":\"fr-FR\",\"@id\":\"https:\\\/\\\/ketamaseeds.com\\\/fr\\\/#\\\/schema\\\/logo\\\/image\\\/\",\"url\":\"https:\\\/\\\/ketamaseeds.com\\\/wp-content\\\/uploads\\\/2023\\\/10\\\/cropped-ketama-seeds-logo.jpeg\",\"contentUrl\":\"https:\\\/\\\/ketamaseeds.com\\\/wp-content\\\/uploads\\\/2023\\\/10\\\/cropped-ketama-seeds-logo.jpeg\",\"width\":512,\"height\":512,\"caption\":\"KETAMA SEEDS\"},\"image\":{\"@id\":\"https:\\\/\\\/ketamaseeds.com\\\/fr\\\/#\\\/schema\\\/logo\\\/image\\\/\"},\"sameAs\":[\"https:\\\/\\\/www.facebook.com\\\/ketamaseedsbank\",\"https:\\\/\\\/x.com\\\/KetamaSeeds\",\"https:\\\/\\\/www.instagram.com\\\/ketamaseeds\"]}]}<\/script>\n<!-- \/ Yoast SEO plugin. -->","yoast_head_json":{"title":"KETAMA CHEESE graines de cannabis f\u00e9minis\u00e9es","description":"Le CHEESE est arriv\u00e9 des \u00c9tats-Unis \u00e0 la fin des ann\u00e9es 80 et est devenu tr\u00e8s populaire en Angleterre. Le KETAMA CHEESE peut \u00eatre cultiv\u00e9 \u00e0 l'int\u00e9rieur et \u00e0 l'ext\u00e9rieur dans les","robots":{"index":"index","follow":"follow","max-snippet":"max-snippet:-1","max-image-preview":"max-image-preview:large","max-video-preview":"max-video-preview:-1"},"canonical":"https:\/\/ketamaseeds.com\/fr\/produit\/ketama-cheese-graines-de-cannabis-feminisees\/","og_locale":"fr_FR","og_type":"article","og_title":"KETAMA CHEESE graines de cannabis f\u00e9minis\u00e9es","og_description":"Le CHEESE est arriv\u00e9 des \u00c9tats-Unis \u00e0 la fin des ann\u00e9es 80 et est devenu tr\u00e8s populaire en Angleterre. Le KETAMA CHEESE peut \u00eatre cultiv\u00e9 \u00e0 l'int\u00e9rieur et \u00e0 l'ext\u00e9rieur dans les","og_url":"https:\/\/ketamaseeds.com\/fr\/produit\/ketama-cheese-graines-de-cannabis-feminisees\/","og_site_name":"KETAMA SEEDS","article_publisher":"https:\/\/www.facebook.com\/ketamaseedsbank","article_modified_time":"2023-12-08T12:33:57+00:00","og_image":[{"width":1000,"height":750,"url":"https:\/\/ketamaseeds.com\/wp-content\/uploads\/2023\/10\/KETAMA-CHEESE-semillas-de-marihuana-ketama-seeds-bank.jpg","type":"image\/jpeg"}],"twitter_card":"summary_large_image","twitter_site":"@KetamaSeeds","twitter_misc":{"Dur\u00e9e de lecture estim\u00e9e":"2 minutes"},"schema":{"@context":"https:\/\/schema.org","@graph":[{"@type":"WebPage","@id":"https:\/\/ketamaseeds.com\/fr\/produit\/ketama-cheese-graines-de-cannabis-feminisees\/","url":"https:\/\/ketamaseeds.com\/fr\/produit\/ketama-cheese-graines-de-cannabis-feminisees\/","name":"KETAMA CHEESE graines de cannabis f\u00e9minis\u00e9es","isPartOf":{"@id":"https:\/\/ketamaseeds.com\/fr\/#website"},"primaryImageOfPage":{"@id":"https:\/\/ketamaseeds.com\/fr\/produit\/ketama-cheese-graines-de-cannabis-feminisees\/#primaryimage"},"image":{"@id":"https:\/\/ketamaseeds.com\/fr\/produit\/ketama-cheese-graines-de-cannabis-feminisees\/#primaryimage"},"thumbnailUrl":"https:\/\/ketamaseeds.com\/wp-content\/uploads\/2023\/10\/KETAMA-CHEESE-semillas-de-marihuana-ketama-seeds-bank.jpg","datePublished":"2023-10-11T23:27:18+00:00","dateModified":"2023-12-08T12:33:57+00:00","description":"Le CHEESE est arriv\u00e9 des \u00c9tats-Unis \u00e0 la fin des ann\u00e9es 80 et est devenu tr\u00e8s populaire en Angleterre. Le KETAMA CHEESE peut \u00eatre cultiv\u00e9 \u00e0 l'int\u00e9rieur et \u00e0 l'ext\u00e9rieur dans les","breadcrumb":{"@id":"https:\/\/ketamaseeds.com\/fr\/produit\/ketama-cheese-graines-de-cannabis-feminisees\/#breadcrumb"},"inLanguage":"fr-FR","potentialAction":[{"@type":"ReadAction","target":["https:\/\/ketamaseeds.com\/fr\/produit\/ketama-cheese-graines-de-cannabis-feminisees\/"]}]},{"@type":"ImageObject","inLanguage":"fr-FR","@id":"https:\/\/ketamaseeds.com\/fr\/produit\/ketama-cheese-graines-de-cannabis-feminisees\/#primaryimage","url":"https:\/\/ketamaseeds.com\/wp-content\/uploads\/2023\/10\/KETAMA-CHEESE-semillas-de-marihuana-ketama-seeds-bank.jpg","contentUrl":"https:\/\/ketamaseeds.com\/wp-content\/uploads\/2023\/10\/KETAMA-CHEESE-semillas-de-marihuana-ketama-seeds-bank.jpg","width":1000,"height":750,"caption":"KETAMA CHEESE graines de cannabis f\u00e9minis\u00e9es"},{"@type":"BreadcrumbList","@id":"https:\/\/ketamaseeds.com\/fr\/produit\/ketama-cheese-graines-de-cannabis-feminisees\/#breadcrumb","itemListElement":[{"@type":"ListItem","position":1,"name":"Home","item":"https:\/\/ketamaseeds.com\/fr\/"},{"@type":"ListItem","position":2,"name":"Graines de cannabis","item":"https:\/\/ketamaseeds.com\/fr\/graines-de-cannabis\/"},{"@type":"ListItem","position":3,"name":"KETAMA CHEESE graines de cannabis f\u00e9minis\u00e9es"}]},{"@type":"WebSite","@id":"https:\/\/ketamaseeds.com\/fr\/#website","url":"https:\/\/ketamaseeds.com\/fr\/","name":"KETAMA SEEDS","description":"Banco de semillas de Cannabis","publisher":{"@id":"https:\/\/ketamaseeds.com\/fr\/#organization"},"potentialAction":[{"@type":"SearchAction","target":{"@type":"EntryPoint","urlTemplate":"https:\/\/ketamaseeds.com\/fr\/?s={search_term_string}"},"query-input":{"@type":"PropertyValueSpecification","valueRequired":true,"valueName":"search_term_string"}}],"inLanguage":"fr-FR"},{"@type":"Organization","@id":"https:\/\/ketamaseeds.com\/fr\/#organization","name":"KETAMA SEEDS","url":"https:\/\/ketamaseeds.com\/fr\/","logo":{"@type":"ImageObject","inLanguage":"fr-FR","@id":"https:\/\/ketamaseeds.com\/fr\/#\/schema\/logo\/image\/","url":"https:\/\/ketamaseeds.com\/wp-content\/uploads\/2023\/10\/cropped-ketama-seeds-logo.jpeg","contentUrl":"https:\/\/ketamaseeds.com\/wp-content\/uploads\/2023\/10\/cropped-ketama-seeds-logo.jpeg","width":512,"height":512,"caption":"KETAMA SEEDS"},"image":{"@id":"https:\/\/ketamaseeds.com\/fr\/#\/schema\/logo\/image\/"},"sameAs":["https:\/\/www.facebook.com\/ketamaseedsbank","https:\/\/x.com\/KetamaSeeds","https:\/\/www.instagram.com\/ketamaseeds"]}]}},"_links":{"self":[{"href":"https:\/\/ketamaseeds.com\/fr\/wp-json\/wp\/v2\/product\/1028","targetHints":{"allow":["GET"]}}],"collection":[{"href":"https:\/\/ketamaseeds.com\/fr\/wp-json\/wp\/v2\/product"}],"about":[{"href":"https:\/\/ketamaseeds.com\/fr\/wp-json\/wp\/v2\/types\/product"}],"replies":[{"embeddable":true,"href":"https:\/\/ketamaseeds.com\/fr\/wp-json\/wp\/v2\/comments?post=1028"}],"wp:featuredmedia":[{"embeddable":true,"href":"https:\/\/ketamaseeds.com\/fr\/wp-json\/wp\/v2\/media\/520"}],"wp:attachment":[{"href":"https:\/\/ketamaseeds.com\/fr\/wp-json\/wp\/v2\/media?parent=1028"}],"wp:term":[{"taxonomy":"product_brand","embeddable":true,"href":"https:\/\/ketamaseeds.com\/fr\/wp-json\/wp\/v2\/product_brand?post=1028"},{"taxonomy":"product_cat","embeddable":true,"href":"https:\/\/ketamaseeds.com\/fr\/wp-json\/wp\/v2\/product_cat?post=1028"},{"taxonomy":"product_tag","embeddable":true,"href":"https:\/\/ketamaseeds.com\/fr\/wp-json\/wp\/v2\/product_tag?post=1028"}],"curies":[{"name":"wp","href":"https:\/\/api.w.org\/{rel}","templated":true}]}}