{"id":1046,"date":"2023-10-12T00:24:23","date_gmt":"2023-10-12T00:24:23","guid":{"rendered":"http:\/\/ketamaseeds.com\/product\/ketama-diesel-graines-de-cannabis-feminisees\/"},"modified":"2023-12-07T20:57:46","modified_gmt":"2023-12-07T20:57:46","slug":"ketama-diesel-graines-de-cannabis-feminisees","status":"publish","type":"product","link":"https:\/\/ketamaseeds.com\/fr\/produit\/ketama-diesel-graines-de-cannabis-feminisees\/","title":{"rendered":"KETAMA DIESEL graines de cannabis f\u00e9minis\u00e9es"},"content":{"rendered":"<h2>KETAMA DIESEL graines de cannabis f\u00e9minis\u00e9es<\/h2>\n<p>Les graines de marijuana f\u00e9minis\u00e9es KETAMA DIESEL sont une excellente vari\u00e9t\u00e9 \u00e0 dominance sativa.<\/p>\n<p>La finesse d&rsquo;une AFGHANI et la puissance d&rsquo;une SATIVA MEXICAINE en font une g\u00e9n\u00e9tique de premier ordre.<\/p>\n<p>Apr\u00e8s un long travail de s\u00e9lection, nous avons obtenu cette vari\u00e9t\u00e9 exotique \u00e0 l&rsquo;ar\u00f4me riche et \u00e0 la saveur fine et \u00e9quilibr\u00e9e.<\/p>\n<p>Les graines de marijuana f\u00e9minis\u00e9es KETAMA DIESEL sont tr\u00e8s faciles \u00e0 cultiver en int\u00e9rieur et en ext\u00e9rieur.<\/p>\n<p>Les graines f\u00e9minis\u00e9es KETAMA DIESEL nous donneront des plantes tr\u00e8s vigoureuses de taille moyenne et \u00e0 floraison courte.<\/p>\n<p>En ext\u00e9rieur, la plante atteindra 3 m\u00e8tres.<\/p>\n<p>Une plante qui terminera sa floraison de mani\u00e8re spectaculaire avec des bourgeons longs et consistants pleins de r\u00e9sine avec ce fin m\u00e9lange d&rsquo;ar\u00f4me de diesel, de fruits exotiques et d&rsquo;agrumes.<\/p>\n<p>En plus de sa saveur caract\u00e9ristique, puisqu&rsquo;elle produit beaucoup de r\u00e9sine, c&rsquo;est une vari\u00e9t\u00e9 de cannabis tr\u00e8s utilis\u00e9e pour faire du hasch.<\/p>\n<p>Un hasch qui, comme les bonnes fleurs de la vari\u00e9t\u00e9 KETAMA DIESEL, laisse un arri\u00e8re-go\u00fbt tr\u00e8s fin, tr\u00e8s proche de celui d&rsquo;une bonne r\u00e9glisse.<\/p>\n<p>Nous sommes tr\u00e8s heureux de voir toutes sortes de cultivateurs et d&rsquo;amateurs de cannabis aussi satisfaits des r\u00e9sultats de cette vari\u00e9t\u00e9.<\/p>\n<p>VARI\u00c9T\u00c9 : Hybride \u00e0 dominance sativa<br \/>\nAROME : Fruits tropicaux et notes d&rsquo;agrumes<br \/>\nEFFET : C\u00e9r\u00e9bral et durable<br \/>\nTHC : 13 &#8211; 16 %.<br \/>\nCBD : FAIBLE<br \/>\nSensibilit\u00e9 aux champignons : FAIBLE<br \/>\nPARAM\u00c8TRES DE CROISSANCE BIOLOGIQUE HYDROPONIQUE<br \/>\nCroissance EC : 0,7ms 1-1,2ms<br \/>\nEC Floraison : 1ms 1,2ms<br \/>\nPH Croissance : 6.0 5,8<br \/>\nPH floraison : 7,0 6,0<br \/>\nD\u00c9VELOPPEMENT EXT\u00c9RIEUR INT\u00c9RIEUR<br \/>\nR\u00c9COLTE : 10-15 octobre 60-65 jours<br \/>\nRENDEMENT : Jusqu&rsquo;\u00e0 1 KG. par plante 400-500 gr\/m2<\/p>\n<h3>KETAMA DIESEL graines de marijuana f\u00e9minis\u00e9es<\/h3>\n","protected":false},"excerpt":{"rendered":"<p>KETAMA DIESEL graines de cannabis f\u00e9minis\u00e9es Les graines de marijuana f\u00e9minis\u00e9es KETAMA DIESEL sont une excellente vari\u00e9t\u00e9 \u00e0 dominance sativa. La finesse d&rsquo;une AFGHANI et la puissance d&rsquo;une SATIVA MEXICAINE en font une g\u00e9n\u00e9tique de premier ordre. Apr\u00e8s un long travail de s\u00e9lection, nous avons obtenu cette vari\u00e9t\u00e9 exotique \u00e0 l&rsquo;ar\u00f4me riche et \u00e0 la [&hellip;]<\/p>\n","protected":false},"featured_media":685,"comment_status":"open","ping_status":"closed","template":"","meta":{"_et_pb_use_builder":"","_et_pb_old_content":"","_et_gb_content_width":""},"product_brand":[],"product_cat":[47],"product_tag":[],"class_list":{"0":"post-1046","1":"product","2":"type-product","3":"status-publish","4":"has-post-thumbnail","6":"product_cat-graines-feminisees","8":"first","9":"instock","10":"shipping-taxable","11":"purchasable","12":"product-type-variable"},"yoast_head":"<!-- This site is optimized with the Yoast SEO plugin v27.3 - https:\/\/yoast.com\/product\/yoast-seo-wordpress\/ -->\n<title>KETAMA DIESEL graines de cannabis f\u00e9minis\u00e9es<\/title>\n<meta name=\"description\" content=\"Les graines de marijuana f\u00e9minis\u00e9es KETAMA DIESEL sont une excellente vari\u00e9t\u00e9 \u00e0 dominance sativa. La finesse d&#039;une AFGHANI et la puissance d&#039;une SATIVA MEXICAINE en font une g\u00e9n\u00e9tique de premier ordre.\" \/>\n<meta name=\"robots\" content=\"index, follow, max-snippet:-1, max-image-preview:large, max-video-preview:-1\" \/>\n<link rel=\"canonical\" href=\"https:\/\/ketamaseeds.com\/fr\/produit\/ketama-diesel-graines-de-cannabis-feminisees\/\" \/>\n<meta property=\"og:locale\" content=\"fr_FR\" \/>\n<meta property=\"og:type\" content=\"article\" \/>\n<meta property=\"og:title\" content=\"KETAMA DIESEL graines de cannabis f\u00e9minis\u00e9es\" \/>\n<meta property=\"og:description\" content=\"Les graines de marijuana f\u00e9minis\u00e9es KETAMA DIESEL sont une excellente vari\u00e9t\u00e9 \u00e0 dominance sativa. La finesse d&#039;une AFGHANI et la puissance d&#039;une SATIVA MEXICAINE en font une g\u00e9n\u00e9tique de premier ordre.\" \/>\n<meta property=\"og:url\" content=\"https:\/\/ketamaseeds.com\/fr\/produit\/ketama-diesel-graines-de-cannabis-feminisees\/\" \/>\n<meta property=\"og:site_name\" content=\"KETAMA SEEDS\" \/>\n<meta property=\"article:publisher\" content=\"https:\/\/www.facebook.com\/ketamaseedsbank\" \/>\n<meta property=\"article:modified_time\" content=\"2023-12-07T20:57:46+00:00\" \/>\n<meta property=\"og:image\" content=\"https:\/\/ketamaseeds.com\/wp-content\/uploads\/2023\/10\/flor-planta-de-cannabis-de-la-variedad-ketama-diesel.jpg\" \/>\n\t<meta property=\"og:image:width\" content=\"1280\" \/>\n\t<meta property=\"og:image:height\" content=\"720\" \/>\n\t<meta property=\"og:image:type\" content=\"image\/jpeg\" \/>\n<meta name=\"twitter:card\" content=\"summary_large_image\" \/>\n<meta name=\"twitter:site\" content=\"@KetamaSeeds\" \/>\n<meta name=\"twitter:label1\" content=\"Dur\u00e9e de lecture estim\u00e9e\" \/>\n\t<meta name=\"twitter:data1\" content=\"2 minutes\" \/>\n<script type=\"application\/ld+json\" class=\"yoast-schema-graph\">{\"@context\":\"https:\\\/\\\/schema.org\",\"@graph\":[{\"@type\":\"WebPage\",\"@id\":\"https:\\\/\\\/ketamaseeds.com\\\/fr\\\/produit\\\/ketama-diesel-graines-de-cannabis-feminisees\\\/\",\"url\":\"https:\\\/\\\/ketamaseeds.com\\\/fr\\\/produit\\\/ketama-diesel-graines-de-cannabis-feminisees\\\/\",\"name\":\"KETAMA DIESEL graines de cannabis f\u00e9minis\u00e9es\",\"isPartOf\":{\"@id\":\"https:\\\/\\\/ketamaseeds.com\\\/fr\\\/#website\"},\"primaryImageOfPage\":{\"@id\":\"https:\\\/\\\/ketamaseeds.com\\\/fr\\\/produit\\\/ketama-diesel-graines-de-cannabis-feminisees\\\/#primaryimage\"},\"image\":{\"@id\":\"https:\\\/\\\/ketamaseeds.com\\\/fr\\\/produit\\\/ketama-diesel-graines-de-cannabis-feminisees\\\/#primaryimage\"},\"thumbnailUrl\":\"https:\\\/\\\/ketamaseeds.com\\\/wp-content\\\/uploads\\\/2023\\\/10\\\/flor-planta-de-cannabis-de-la-variedad-ketama-diesel.jpg\",\"datePublished\":\"2023-10-12T00:24:23+00:00\",\"dateModified\":\"2023-12-07T20:57:46+00:00\",\"description\":\"Les graines de marijuana f\u00e9minis\u00e9es KETAMA DIESEL sont une excellente vari\u00e9t\u00e9 \u00e0 dominance sativa. La finesse d'une AFGHANI et la puissance d'une SATIVA MEXICAINE en font une g\u00e9n\u00e9tique de premier ordre.\",\"breadcrumb\":{\"@id\":\"https:\\\/\\\/ketamaseeds.com\\\/fr\\\/produit\\\/ketama-diesel-graines-de-cannabis-feminisees\\\/#breadcrumb\"},\"inLanguage\":\"fr-FR\",\"potentialAction\":[{\"@type\":\"ReadAction\",\"target\":[\"https:\\\/\\\/ketamaseeds.com\\\/fr\\\/produit\\\/ketama-diesel-graines-de-cannabis-feminisees\\\/\"]}]},{\"@type\":\"ImageObject\",\"inLanguage\":\"fr-FR\",\"@id\":\"https:\\\/\\\/ketamaseeds.com\\\/fr\\\/produit\\\/ketama-diesel-graines-de-cannabis-feminisees\\\/#primaryimage\",\"url\":\"https:\\\/\\\/ketamaseeds.com\\\/wp-content\\\/uploads\\\/2023\\\/10\\\/flor-planta-de-cannabis-de-la-variedad-ketama-diesel.jpg\",\"contentUrl\":\"https:\\\/\\\/ketamaseeds.com\\\/wp-content\\\/uploads\\\/2023\\\/10\\\/flor-planta-de-cannabis-de-la-variedad-ketama-diesel.jpg\",\"width\":1280,\"height\":720,\"caption\":\"ketama diesel plante de marijuana\"},{\"@type\":\"BreadcrumbList\",\"@id\":\"https:\\\/\\\/ketamaseeds.com\\\/fr\\\/produit\\\/ketama-diesel-graines-de-cannabis-feminisees\\\/#breadcrumb\",\"itemListElement\":[{\"@type\":\"ListItem\",\"position\":1,\"name\":\"Home\",\"item\":\"https:\\\/\\\/ketamaseeds.com\\\/fr\\\/\"},{\"@type\":\"ListItem\",\"position\":2,\"name\":\"Graines de cannabis\",\"item\":\"https:\\\/\\\/ketamaseeds.com\\\/fr\\\/graines-de-cannabis\\\/\"},{\"@type\":\"ListItem\",\"position\":3,\"name\":\"KETAMA DIESEL graines de cannabis f\u00e9minis\u00e9es\"}]},{\"@type\":\"WebSite\",\"@id\":\"https:\\\/\\\/ketamaseeds.com\\\/fr\\\/#website\",\"url\":\"https:\\\/\\\/ketamaseeds.com\\\/fr\\\/\",\"name\":\"KETAMA SEEDS\",\"description\":\"Banco de semillas de Cannabis\",\"publisher\":{\"@id\":\"https:\\\/\\\/ketamaseeds.com\\\/fr\\\/#organization\"},\"potentialAction\":[{\"@type\":\"SearchAction\",\"target\":{\"@type\":\"EntryPoint\",\"urlTemplate\":\"https:\\\/\\\/ketamaseeds.com\\\/fr\\\/?s={search_term_string}\"},\"query-input\":{\"@type\":\"PropertyValueSpecification\",\"valueRequired\":true,\"valueName\":\"search_term_string\"}}],\"inLanguage\":\"fr-FR\"},{\"@type\":\"Organization\",\"@id\":\"https:\\\/\\\/ketamaseeds.com\\\/fr\\\/#organization\",\"name\":\"KETAMA SEEDS\",\"url\":\"https:\\\/\\\/ketamaseeds.com\\\/fr\\\/\",\"logo\":{\"@type\":\"ImageObject\",\"inLanguage\":\"fr-FR\",\"@id\":\"https:\\\/\\\/ketamaseeds.com\\\/fr\\\/#\\\/schema\\\/logo\\\/image\\\/\",\"url\":\"https:\\\/\\\/ketamaseeds.com\\\/wp-content\\\/uploads\\\/2023\\\/10\\\/cropped-ketama-seeds-logo.jpeg\",\"contentUrl\":\"https:\\\/\\\/ketamaseeds.com\\\/wp-content\\\/uploads\\\/2023\\\/10\\\/cropped-ketama-seeds-logo.jpeg\",\"width\":512,\"height\":512,\"caption\":\"KETAMA SEEDS\"},\"image\":{\"@id\":\"https:\\\/\\\/ketamaseeds.com\\\/fr\\\/#\\\/schema\\\/logo\\\/image\\\/\"},\"sameAs\":[\"https:\\\/\\\/www.facebook.com\\\/ketamaseedsbank\",\"https:\\\/\\\/x.com\\\/KetamaSeeds\",\"https:\\\/\\\/www.instagram.com\\\/ketamaseeds\"]}]}<\/script>\n<!-- \/ Yoast SEO plugin. -->","yoast_head_json":{"title":"KETAMA DIESEL graines de cannabis f\u00e9minis\u00e9es","description":"Les graines de marijuana f\u00e9minis\u00e9es KETAMA DIESEL sont une excellente vari\u00e9t\u00e9 \u00e0 dominance sativa. La finesse d'une AFGHANI et la puissance d'une SATIVA MEXICAINE en font une g\u00e9n\u00e9tique de premier ordre.","robots":{"index":"index","follow":"follow","max-snippet":"max-snippet:-1","max-image-preview":"max-image-preview:large","max-video-preview":"max-video-preview:-1"},"canonical":"https:\/\/ketamaseeds.com\/fr\/produit\/ketama-diesel-graines-de-cannabis-feminisees\/","og_locale":"fr_FR","og_type":"article","og_title":"KETAMA DIESEL graines de cannabis f\u00e9minis\u00e9es","og_description":"Les graines de marijuana f\u00e9minis\u00e9es KETAMA DIESEL sont une excellente vari\u00e9t\u00e9 \u00e0 dominance sativa. La finesse d'une AFGHANI et la puissance d'une SATIVA MEXICAINE en font une g\u00e9n\u00e9tique de premier ordre.","og_url":"https:\/\/ketamaseeds.com\/fr\/produit\/ketama-diesel-graines-de-cannabis-feminisees\/","og_site_name":"KETAMA SEEDS","article_publisher":"https:\/\/www.facebook.com\/ketamaseedsbank","article_modified_time":"2023-12-07T20:57:46+00:00","og_image":[{"width":1280,"height":720,"url":"https:\/\/ketamaseeds.com\/wp-content\/uploads\/2023\/10\/flor-planta-de-cannabis-de-la-variedad-ketama-diesel.jpg","type":"image\/jpeg"}],"twitter_card":"summary_large_image","twitter_site":"@KetamaSeeds","twitter_misc":{"Dur\u00e9e de lecture estim\u00e9e":"2 minutes"},"schema":{"@context":"https:\/\/schema.org","@graph":[{"@type":"WebPage","@id":"https:\/\/ketamaseeds.com\/fr\/produit\/ketama-diesel-graines-de-cannabis-feminisees\/","url":"https:\/\/ketamaseeds.com\/fr\/produit\/ketama-diesel-graines-de-cannabis-feminisees\/","name":"KETAMA DIESEL graines de cannabis f\u00e9minis\u00e9es","isPartOf":{"@id":"https:\/\/ketamaseeds.com\/fr\/#website"},"primaryImageOfPage":{"@id":"https:\/\/ketamaseeds.com\/fr\/produit\/ketama-diesel-graines-de-cannabis-feminisees\/#primaryimage"},"image":{"@id":"https:\/\/ketamaseeds.com\/fr\/produit\/ketama-diesel-graines-de-cannabis-feminisees\/#primaryimage"},"thumbnailUrl":"https:\/\/ketamaseeds.com\/wp-content\/uploads\/2023\/10\/flor-planta-de-cannabis-de-la-variedad-ketama-diesel.jpg","datePublished":"2023-10-12T00:24:23+00:00","dateModified":"2023-12-07T20:57:46+00:00","description":"Les graines de marijuana f\u00e9minis\u00e9es KETAMA DIESEL sont une excellente vari\u00e9t\u00e9 \u00e0 dominance sativa. La finesse d'une AFGHANI et la puissance d'une SATIVA MEXICAINE en font une g\u00e9n\u00e9tique de premier ordre.","breadcrumb":{"@id":"https:\/\/ketamaseeds.com\/fr\/produit\/ketama-diesel-graines-de-cannabis-feminisees\/#breadcrumb"},"inLanguage":"fr-FR","potentialAction":[{"@type":"ReadAction","target":["https:\/\/ketamaseeds.com\/fr\/produit\/ketama-diesel-graines-de-cannabis-feminisees\/"]}]},{"@type":"ImageObject","inLanguage":"fr-FR","@id":"https:\/\/ketamaseeds.com\/fr\/produit\/ketama-diesel-graines-de-cannabis-feminisees\/#primaryimage","url":"https:\/\/ketamaseeds.com\/wp-content\/uploads\/2023\/10\/flor-planta-de-cannabis-de-la-variedad-ketama-diesel.jpg","contentUrl":"https:\/\/ketamaseeds.com\/wp-content\/uploads\/2023\/10\/flor-planta-de-cannabis-de-la-variedad-ketama-diesel.jpg","width":1280,"height":720,"caption":"ketama diesel plante de marijuana"},{"@type":"BreadcrumbList","@id":"https:\/\/ketamaseeds.com\/fr\/produit\/ketama-diesel-graines-de-cannabis-feminisees\/#breadcrumb","itemListElement":[{"@type":"ListItem","position":1,"name":"Home","item":"https:\/\/ketamaseeds.com\/fr\/"},{"@type":"ListItem","position":2,"name":"Graines de cannabis","item":"https:\/\/ketamaseeds.com\/fr\/graines-de-cannabis\/"},{"@type":"ListItem","position":3,"name":"KETAMA DIESEL graines de cannabis f\u00e9minis\u00e9es"}]},{"@type":"WebSite","@id":"https:\/\/ketamaseeds.com\/fr\/#website","url":"https:\/\/ketamaseeds.com\/fr\/","name":"KETAMA SEEDS","description":"Banco de semillas de Cannabis","publisher":{"@id":"https:\/\/ketamaseeds.com\/fr\/#organization"},"potentialAction":[{"@type":"SearchAction","target":{"@type":"EntryPoint","urlTemplate":"https:\/\/ketamaseeds.com\/fr\/?s={search_term_string}"},"query-input":{"@type":"PropertyValueSpecification","valueRequired":true,"valueName":"search_term_string"}}],"inLanguage":"fr-FR"},{"@type":"Organization","@id":"https:\/\/ketamaseeds.com\/fr\/#organization","name":"KETAMA SEEDS","url":"https:\/\/ketamaseeds.com\/fr\/","logo":{"@type":"ImageObject","inLanguage":"fr-FR","@id":"https:\/\/ketamaseeds.com\/fr\/#\/schema\/logo\/image\/","url":"https:\/\/ketamaseeds.com\/wp-content\/uploads\/2023\/10\/cropped-ketama-seeds-logo.jpeg","contentUrl":"https:\/\/ketamaseeds.com\/wp-content\/uploads\/2023\/10\/cropped-ketama-seeds-logo.jpeg","width":512,"height":512,"caption":"KETAMA SEEDS"},"image":{"@id":"https:\/\/ketamaseeds.com\/fr\/#\/schema\/logo\/image\/"},"sameAs":["https:\/\/www.facebook.com\/ketamaseedsbank","https:\/\/x.com\/KetamaSeeds","https:\/\/www.instagram.com\/ketamaseeds"]}]}},"_links":{"self":[{"href":"https:\/\/ketamaseeds.com\/fr\/wp-json\/wp\/v2\/product\/1046","targetHints":{"allow":["GET"]}}],"collection":[{"href":"https:\/\/ketamaseeds.com\/fr\/wp-json\/wp\/v2\/product"}],"about":[{"href":"https:\/\/ketamaseeds.com\/fr\/wp-json\/wp\/v2\/types\/product"}],"replies":[{"embeddable":true,"href":"https:\/\/ketamaseeds.com\/fr\/wp-json\/wp\/v2\/comments?post=1046"}],"wp:featuredmedia":[{"embeddable":true,"href":"https:\/\/ketamaseeds.com\/fr\/wp-json\/wp\/v2\/media\/685"}],"wp:attachment":[{"href":"https:\/\/ketamaseeds.com\/fr\/wp-json\/wp\/v2\/media?parent=1046"}],"wp:term":[{"taxonomy":"product_brand","embeddable":true,"href":"https:\/\/ketamaseeds.com\/fr\/wp-json\/wp\/v2\/product_brand?post=1046"},{"taxonomy":"product_cat","embeddable":true,"href":"https:\/\/ketamaseeds.com\/fr\/wp-json\/wp\/v2\/product_cat?post=1046"},{"taxonomy":"product_tag","embeddable":true,"href":"https:\/\/ketamaseeds.com\/fr\/wp-json\/wp\/v2\/product_tag?post=1046"}],"curies":[{"name":"wp","href":"https:\/\/api.w.org\/{rel}","templated":true}]}}