{"id":1122,"date":"2023-10-12T00:37:59","date_gmt":"2023-10-12T00:37:59","guid":{"rendered":"http:\/\/ketamaseeds.com\/product\/ketama-kush-graines-de-cannabis-feminisees\/"},"modified":"2025-04-12T21:58:24","modified_gmt":"2025-04-12T21:58:24","slug":"ketama-kush-graines-de-cannabis-feminisees","status":"publish","type":"product","link":"https:\/\/ketamaseeds.com\/fr\/produit\/ketama-kush-graines-de-cannabis-feminisees\/","title":{"rendered":"KETAMA KUSH graines de cannabis f\u00e9minis\u00e9es"},"content":{"rendered":"<h2>KETAMA KUSH graines de cannabis f\u00e9minis\u00e9es<\/h2>\n<p>Les graines de marijuana f\u00e9minis\u00e9es KETAMA KUSH sont le r\u00e9sultat d&rsquo;un long travail de s\u00e9lection de la part de notre \u00e9quipe de s\u00e9lectionneurs. A partir de ph\u00e9notypes de la plus haute qualit\u00e9, nous avons choisi celui-ci pour ses caract\u00e9ristiques qui le rendent si sp\u00e9cial et appr\u00e9ci\u00e9 par les experts Kush du monde entier.<\/p>\n<p>La vari\u00e9t\u00e9 de cannabis Kush est connue pour son origine dans les montagnes de l&rsquo;Hindu Kush, entre l&rsquo;Afghanistan et le Pakistan. Les vari\u00e9t\u00e9s Kush sont appr\u00e9ci\u00e9es pour leur puissance, leur ar\u00f4me particulier et leurs propri\u00e9t\u00e9s relaxantes.<\/p>\n<p>Caract\u00e9ris\u00e9es par des bourgeons denses, des feuilles larges et des tons terreux, les vari\u00e9t\u00e9s Kush induisent souvent une sensation de profonde relaxation physique et sont populaires pour soulager le stress et l&rsquo;insomnie.<\/p>\n<p>Avec une grande vari\u00e9t\u00e9 de vari\u00e9t\u00e9s descendantes, la famille Kush a laiss\u00e9 une marque durable sur la culture du cannabis.<\/p>\n<p>La KETAMA KUSH, lorsqu&rsquo;elle est cultiv\u00e9e \u00e0 l&rsquo;ext\u00e9rieur, vous donnera une plante de 3 m\u00e8tres pleine de petits bourgeons compacts et couverts de r\u00e9sine.<\/p>\n<p>Si vous la cultivez en int\u00e9rieur et que vous n&rsquo;avez pas beaucoup de hauteur, il n&rsquo;est pas conseill\u00e9 de lui donner trop de jours de croissance en raison de sa grande vigueur et de son d\u00e9veloppement spectaculaire.<\/p>\n<p>Une excellente vari\u00e9t\u00e9 de cannabis avec les meilleures caract\u00e9ristiques et propri\u00e9t\u00e9s organoleptiques de la g\u00e9n\u00e9tique KUSH.<\/p>\n<p>VARI\u00c9T\u00c9 : 80% Indica 20% Sativa<br \/>\nAROME : Terreux &#8211; Doux<br \/>\nEFFET : M\u00e9ditatif ou relaxant.<br \/>\nTHC : 16 &#8211; 21 %.<br \/>\nCBD : Moyen<br \/>\nSensibilit\u00e9 aux champignons : Mod\u00e9r\u00e9e<br \/>\nPARAM\u00c8TRES BIOLOGIQUES HYDROPONIQUES<br \/>\nCroissance EC : 0,7ms 1-1,2ms<br \/>\nEC Floraison : 1ms 1,2ms<br \/>\nPH Croissance : 6.0 5.8<br \/>\nPH floraison : 7.0 6.0<br \/>\nD\u00c9VELOPPEMENT EXT\u00c9RIEUR INT\u00c9RIEUR<br \/>\nR\u00c9COLTE : 10-15 octobre 65-70 jours<br \/>\nRENDEMENT : 500-550 gr. par plante 450-500 gr\/m2<\/p>\n","protected":false},"excerpt":{"rendered":"<p>KETAMA KUSH graines de cannabis f\u00e9minis\u00e9es Les graines de marijuana f\u00e9minis\u00e9es KETAMA KUSH sont le r\u00e9sultat d&rsquo;un long travail de s\u00e9lection de la part de notre \u00e9quipe de s\u00e9lectionneurs. A partir de ph\u00e9notypes de la plus haute qualit\u00e9, nous avons choisi celui-ci pour ses caract\u00e9ristiques qui le rendent si sp\u00e9cial et appr\u00e9ci\u00e9 par les experts [&hellip;]<\/p>\n","protected":false},"featured_media":526,"comment_status":"open","ping_status":"closed","template":"","meta":{"_et_pb_use_builder":"","_et_pb_old_content":"","_et_gb_content_width":""},"product_brand":[],"product_cat":[47],"product_tag":[],"class_list":{"0":"post-1122","1":"product","2":"type-product","3":"status-publish","4":"has-post-thumbnail","6":"product_cat-graines-feminisees","8":"first","9":"instock","10":"shipping-taxable","11":"purchasable","12":"product-type-variable"},"yoast_head":"<!-- This site is optimized with the Yoast SEO plugin v27.3 - https:\/\/yoast.com\/product\/yoast-seo-wordpress\/ -->\n<title>KETAMA KUSH graines de cannabis f\u00e9minis\u00e9es<\/title>\n<meta name=\"description\" content=\"Une excellente vari\u00e9t\u00e9 de cannabis avec les meilleures caract\u00e9ristiques et propri\u00e9t\u00e9s organoleptiques de la g\u00e9n\u00e9tique KUSH.\" \/>\n<meta name=\"robots\" content=\"index, follow, max-snippet:-1, max-image-preview:large, max-video-preview:-1\" \/>\n<link rel=\"canonical\" href=\"https:\/\/ketamaseeds.com\/fr\/produit\/ketama-kush-graines-de-cannabis-feminisees\/\" \/>\n<meta property=\"og:locale\" content=\"fr_FR\" \/>\n<meta property=\"og:type\" content=\"article\" \/>\n<meta property=\"og:title\" content=\"KETAMA KUSH graines de cannabis f\u00e9minis\u00e9es\" \/>\n<meta property=\"og:description\" content=\"Une excellente vari\u00e9t\u00e9 de cannabis avec les meilleures caract\u00e9ristiques et propri\u00e9t\u00e9s organoleptiques de la g\u00e9n\u00e9tique KUSH.\" \/>\n<meta property=\"og:url\" content=\"https:\/\/ketamaseeds.com\/fr\/produit\/ketama-kush-graines-de-cannabis-feminisees\/\" \/>\n<meta property=\"og:site_name\" content=\"KETAMA SEEDS\" \/>\n<meta property=\"article:publisher\" content=\"https:\/\/www.facebook.com\/ketamaseedsbank\" \/>\n<meta property=\"article:modified_time\" content=\"2025-04-12T21:58:24+00:00\" \/>\n<meta property=\"og:image\" content=\"https:\/\/ketamaseeds.com\/wp-content\/uploads\/2023\/10\/ketama-kush-flor-de-cannabis.jpg\" \/>\n\t<meta property=\"og:image:width\" content=\"1024\" \/>\n\t<meta property=\"og:image:height\" content=\"768\" \/>\n\t<meta property=\"og:image:type\" content=\"image\/jpeg\" \/>\n<meta name=\"twitter:card\" content=\"summary_large_image\" \/>\n<meta name=\"twitter:site\" content=\"@KetamaSeeds\" \/>\n<meta name=\"twitter:label1\" content=\"Dur\u00e9e de lecture estim\u00e9e\" \/>\n\t<meta name=\"twitter:data1\" content=\"2 minutes\" \/>\n<script type=\"application\/ld+json\" class=\"yoast-schema-graph\">{\"@context\":\"https:\\\/\\\/schema.org\",\"@graph\":[{\"@type\":\"WebPage\",\"@id\":\"https:\\\/\\\/ketamaseeds.com\\\/fr\\\/produit\\\/ketama-kush-graines-de-cannabis-feminisees\\\/\",\"url\":\"https:\\\/\\\/ketamaseeds.com\\\/fr\\\/produit\\\/ketama-kush-graines-de-cannabis-feminisees\\\/\",\"name\":\"KETAMA KUSH graines de cannabis f\u00e9minis\u00e9es\",\"isPartOf\":{\"@id\":\"https:\\\/\\\/ketamaseeds.com\\\/fr\\\/#website\"},\"primaryImageOfPage\":{\"@id\":\"https:\\\/\\\/ketamaseeds.com\\\/fr\\\/produit\\\/ketama-kush-graines-de-cannabis-feminisees\\\/#primaryimage\"},\"image\":{\"@id\":\"https:\\\/\\\/ketamaseeds.com\\\/fr\\\/produit\\\/ketama-kush-graines-de-cannabis-feminisees\\\/#primaryimage\"},\"thumbnailUrl\":\"https:\\\/\\\/ketamaseeds.com\\\/wp-content\\\/uploads\\\/2023\\\/10\\\/ketama-kush-flor-de-cannabis.jpg\",\"datePublished\":\"2023-10-12T00:37:59+00:00\",\"dateModified\":\"2025-04-12T21:58:24+00:00\",\"description\":\"Une excellente vari\u00e9t\u00e9 de cannabis avec les meilleures caract\u00e9ristiques et propri\u00e9t\u00e9s organoleptiques de la g\u00e9n\u00e9tique KUSH.\",\"breadcrumb\":{\"@id\":\"https:\\\/\\\/ketamaseeds.com\\\/fr\\\/produit\\\/ketama-kush-graines-de-cannabis-feminisees\\\/#breadcrumb\"},\"inLanguage\":\"fr-FR\",\"potentialAction\":[{\"@type\":\"ReadAction\",\"target\":[\"https:\\\/\\\/ketamaseeds.com\\\/fr\\\/produit\\\/ketama-kush-graines-de-cannabis-feminisees\\\/\"]}]},{\"@type\":\"ImageObject\",\"inLanguage\":\"fr-FR\",\"@id\":\"https:\\\/\\\/ketamaseeds.com\\\/fr\\\/produit\\\/ketama-kush-graines-de-cannabis-feminisees\\\/#primaryimage\",\"url\":\"https:\\\/\\\/ketamaseeds.com\\\/wp-content\\\/uploads\\\/2023\\\/10\\\/ketama-kush-flor-de-cannabis.jpg\",\"contentUrl\":\"https:\\\/\\\/ketamaseeds.com\\\/wp-content\\\/uploads\\\/2023\\\/10\\\/ketama-kush-flor-de-cannabis.jpg\",\"width\":1024,\"height\":768},{\"@type\":\"BreadcrumbList\",\"@id\":\"https:\\\/\\\/ketamaseeds.com\\\/fr\\\/produit\\\/ketama-kush-graines-de-cannabis-feminisees\\\/#breadcrumb\",\"itemListElement\":[{\"@type\":\"ListItem\",\"position\":1,\"name\":\"Home\",\"item\":\"https:\\\/\\\/ketamaseeds.com\\\/fr\\\/\"},{\"@type\":\"ListItem\",\"position\":2,\"name\":\"Graines de cannabis\",\"item\":\"https:\\\/\\\/ketamaseeds.com\\\/fr\\\/graines-de-cannabis\\\/\"},{\"@type\":\"ListItem\",\"position\":3,\"name\":\"KETAMA KUSH graines de cannabis f\u00e9minis\u00e9es\"}]},{\"@type\":\"WebSite\",\"@id\":\"https:\\\/\\\/ketamaseeds.com\\\/fr\\\/#website\",\"url\":\"https:\\\/\\\/ketamaseeds.com\\\/fr\\\/\",\"name\":\"KETAMA SEEDS\",\"description\":\"Banco de semillas de Cannabis\",\"publisher\":{\"@id\":\"https:\\\/\\\/ketamaseeds.com\\\/fr\\\/#organization\"},\"potentialAction\":[{\"@type\":\"SearchAction\",\"target\":{\"@type\":\"EntryPoint\",\"urlTemplate\":\"https:\\\/\\\/ketamaseeds.com\\\/fr\\\/?s={search_term_string}\"},\"query-input\":{\"@type\":\"PropertyValueSpecification\",\"valueRequired\":true,\"valueName\":\"search_term_string\"}}],\"inLanguage\":\"fr-FR\"},{\"@type\":\"Organization\",\"@id\":\"https:\\\/\\\/ketamaseeds.com\\\/fr\\\/#organization\",\"name\":\"KETAMA SEEDS\",\"url\":\"https:\\\/\\\/ketamaseeds.com\\\/fr\\\/\",\"logo\":{\"@type\":\"ImageObject\",\"inLanguage\":\"fr-FR\",\"@id\":\"https:\\\/\\\/ketamaseeds.com\\\/fr\\\/#\\\/schema\\\/logo\\\/image\\\/\",\"url\":\"https:\\\/\\\/ketamaseeds.com\\\/wp-content\\\/uploads\\\/2023\\\/10\\\/cropped-ketama-seeds-logo.jpeg\",\"contentUrl\":\"https:\\\/\\\/ketamaseeds.com\\\/wp-content\\\/uploads\\\/2023\\\/10\\\/cropped-ketama-seeds-logo.jpeg\",\"width\":512,\"height\":512,\"caption\":\"KETAMA SEEDS\"},\"image\":{\"@id\":\"https:\\\/\\\/ketamaseeds.com\\\/fr\\\/#\\\/schema\\\/logo\\\/image\\\/\"},\"sameAs\":[\"https:\\\/\\\/www.facebook.com\\\/ketamaseedsbank\",\"https:\\\/\\\/x.com\\\/KetamaSeeds\",\"https:\\\/\\\/www.instagram.com\\\/ketamaseeds\"]}]}<\/script>\n<!-- \/ Yoast SEO plugin. -->","yoast_head_json":{"title":"KETAMA KUSH graines de cannabis f\u00e9minis\u00e9es","description":"Une excellente vari\u00e9t\u00e9 de cannabis avec les meilleures caract\u00e9ristiques et propri\u00e9t\u00e9s organoleptiques de la g\u00e9n\u00e9tique KUSH.","robots":{"index":"index","follow":"follow","max-snippet":"max-snippet:-1","max-image-preview":"max-image-preview:large","max-video-preview":"max-video-preview:-1"},"canonical":"https:\/\/ketamaseeds.com\/fr\/produit\/ketama-kush-graines-de-cannabis-feminisees\/","og_locale":"fr_FR","og_type":"article","og_title":"KETAMA KUSH graines de cannabis f\u00e9minis\u00e9es","og_description":"Une excellente vari\u00e9t\u00e9 de cannabis avec les meilleures caract\u00e9ristiques et propri\u00e9t\u00e9s organoleptiques de la g\u00e9n\u00e9tique KUSH.","og_url":"https:\/\/ketamaseeds.com\/fr\/produit\/ketama-kush-graines-de-cannabis-feminisees\/","og_site_name":"KETAMA SEEDS","article_publisher":"https:\/\/www.facebook.com\/ketamaseedsbank","article_modified_time":"2025-04-12T21:58:24+00:00","og_image":[{"width":1024,"height":768,"url":"https:\/\/ketamaseeds.com\/wp-content\/uploads\/2023\/10\/ketama-kush-flor-de-cannabis.jpg","type":"image\/jpeg"}],"twitter_card":"summary_large_image","twitter_site":"@KetamaSeeds","twitter_misc":{"Dur\u00e9e de lecture estim\u00e9e":"2 minutes"},"schema":{"@context":"https:\/\/schema.org","@graph":[{"@type":"WebPage","@id":"https:\/\/ketamaseeds.com\/fr\/produit\/ketama-kush-graines-de-cannabis-feminisees\/","url":"https:\/\/ketamaseeds.com\/fr\/produit\/ketama-kush-graines-de-cannabis-feminisees\/","name":"KETAMA KUSH graines de cannabis f\u00e9minis\u00e9es","isPartOf":{"@id":"https:\/\/ketamaseeds.com\/fr\/#website"},"primaryImageOfPage":{"@id":"https:\/\/ketamaseeds.com\/fr\/produit\/ketama-kush-graines-de-cannabis-feminisees\/#primaryimage"},"image":{"@id":"https:\/\/ketamaseeds.com\/fr\/produit\/ketama-kush-graines-de-cannabis-feminisees\/#primaryimage"},"thumbnailUrl":"https:\/\/ketamaseeds.com\/wp-content\/uploads\/2023\/10\/ketama-kush-flor-de-cannabis.jpg","datePublished":"2023-10-12T00:37:59+00:00","dateModified":"2025-04-12T21:58:24+00:00","description":"Une excellente vari\u00e9t\u00e9 de cannabis avec les meilleures caract\u00e9ristiques et propri\u00e9t\u00e9s organoleptiques de la g\u00e9n\u00e9tique KUSH.","breadcrumb":{"@id":"https:\/\/ketamaseeds.com\/fr\/produit\/ketama-kush-graines-de-cannabis-feminisees\/#breadcrumb"},"inLanguage":"fr-FR","potentialAction":[{"@type":"ReadAction","target":["https:\/\/ketamaseeds.com\/fr\/produit\/ketama-kush-graines-de-cannabis-feminisees\/"]}]},{"@type":"ImageObject","inLanguage":"fr-FR","@id":"https:\/\/ketamaseeds.com\/fr\/produit\/ketama-kush-graines-de-cannabis-feminisees\/#primaryimage","url":"https:\/\/ketamaseeds.com\/wp-content\/uploads\/2023\/10\/ketama-kush-flor-de-cannabis.jpg","contentUrl":"https:\/\/ketamaseeds.com\/wp-content\/uploads\/2023\/10\/ketama-kush-flor-de-cannabis.jpg","width":1024,"height":768},{"@type":"BreadcrumbList","@id":"https:\/\/ketamaseeds.com\/fr\/produit\/ketama-kush-graines-de-cannabis-feminisees\/#breadcrumb","itemListElement":[{"@type":"ListItem","position":1,"name":"Home","item":"https:\/\/ketamaseeds.com\/fr\/"},{"@type":"ListItem","position":2,"name":"Graines de cannabis","item":"https:\/\/ketamaseeds.com\/fr\/graines-de-cannabis\/"},{"@type":"ListItem","position":3,"name":"KETAMA KUSH graines de cannabis f\u00e9minis\u00e9es"}]},{"@type":"WebSite","@id":"https:\/\/ketamaseeds.com\/fr\/#website","url":"https:\/\/ketamaseeds.com\/fr\/","name":"KETAMA SEEDS","description":"Banco de semillas de Cannabis","publisher":{"@id":"https:\/\/ketamaseeds.com\/fr\/#organization"},"potentialAction":[{"@type":"SearchAction","target":{"@type":"EntryPoint","urlTemplate":"https:\/\/ketamaseeds.com\/fr\/?s={search_term_string}"},"query-input":{"@type":"PropertyValueSpecification","valueRequired":true,"valueName":"search_term_string"}}],"inLanguage":"fr-FR"},{"@type":"Organization","@id":"https:\/\/ketamaseeds.com\/fr\/#organization","name":"KETAMA SEEDS","url":"https:\/\/ketamaseeds.com\/fr\/","logo":{"@type":"ImageObject","inLanguage":"fr-FR","@id":"https:\/\/ketamaseeds.com\/fr\/#\/schema\/logo\/image\/","url":"https:\/\/ketamaseeds.com\/wp-content\/uploads\/2023\/10\/cropped-ketama-seeds-logo.jpeg","contentUrl":"https:\/\/ketamaseeds.com\/wp-content\/uploads\/2023\/10\/cropped-ketama-seeds-logo.jpeg","width":512,"height":512,"caption":"KETAMA SEEDS"},"image":{"@id":"https:\/\/ketamaseeds.com\/fr\/#\/schema\/logo\/image\/"},"sameAs":["https:\/\/www.facebook.com\/ketamaseedsbank","https:\/\/x.com\/KetamaSeeds","https:\/\/www.instagram.com\/ketamaseeds"]}]}},"_links":{"self":[{"href":"https:\/\/ketamaseeds.com\/fr\/wp-json\/wp\/v2\/product\/1122","targetHints":{"allow":["GET"]}}],"collection":[{"href":"https:\/\/ketamaseeds.com\/fr\/wp-json\/wp\/v2\/product"}],"about":[{"href":"https:\/\/ketamaseeds.com\/fr\/wp-json\/wp\/v2\/types\/product"}],"replies":[{"embeddable":true,"href":"https:\/\/ketamaseeds.com\/fr\/wp-json\/wp\/v2\/comments?post=1122"}],"wp:featuredmedia":[{"embeddable":true,"href":"https:\/\/ketamaseeds.com\/fr\/wp-json\/wp\/v2\/media\/526"}],"wp:attachment":[{"href":"https:\/\/ketamaseeds.com\/fr\/wp-json\/wp\/v2\/media?parent=1122"}],"wp:term":[{"taxonomy":"product_brand","embeddable":true,"href":"https:\/\/ketamaseeds.com\/fr\/wp-json\/wp\/v2\/product_brand?post=1122"},{"taxonomy":"product_cat","embeddable":true,"href":"https:\/\/ketamaseeds.com\/fr\/wp-json\/wp\/v2\/product_cat?post=1122"},{"taxonomy":"product_tag","embeddable":true,"href":"https:\/\/ketamaseeds.com\/fr\/wp-json\/wp\/v2\/product_tag?post=1122"}],"curies":[{"name":"wp","href":"https:\/\/api.w.org\/{rel}","templated":true}]}}