{"id":1141,"date":"2023-10-10T15:37:32","date_gmt":"2023-10-10T15:37:32","guid":{"rendered":"http:\/\/ketamaseeds.com\/product\/mujica-gold-graines-de-cannabis-feminisees\/"},"modified":"2024-04-02T22:55:49","modified_gmt":"2024-04-02T22:55:49","slug":"mujica-gold-graines-de-cannabis-feminisees","status":"publish","type":"product","link":"https:\/\/ketamaseeds.com\/fr\/produit\/mujica-gold-graines-de-cannabis-feminisees\/","title":{"rendered":"MUJICA GOLD graines de cannabis f\u00e9minis\u00e9es"},"content":{"rendered":"<h2>MUJICA GOLD graines de cannabis f\u00e9minis\u00e9es<\/h2>\n<p>MUJICA GOLD graines de cannabis f\u00e9minis\u00e9es, une vari\u00e9t\u00e9 de marijuana en l&rsquo;honneur de Jos\u00e9 Mujica (Pepe), ancien pr\u00e9sident de l&rsquo;Uruguay.<br \/>\nGraines de marijuana f\u00e9minis\u00e9es d&rsquo;une vari\u00e9t\u00e9 qui, comme \u00ab\u00a0El Pepe\u00a0\u00bb, laissera sa marque dans l&rsquo;histoire avec une grande dignit\u00e9.<br \/>\nLes graines de marijuana f\u00e9minis\u00e9es Mujica Gold sont le fruit de l&rsquo;observation, de la recherche et du d\u00e9veloppement d&rsquo;une des vari\u00e9t\u00e9s de cannabis les plus consomm\u00e9es actuellement en Europe pour sa r\u00e9colte rapide, son ar\u00f4me puissant, son go\u00fbt sucr\u00e9 et sa production.<\/p>\n<p>Avec Mujica Gold, nous avons r\u00e9ussi \u00e0 stabiliser un ph\u00e9notype Critical Ketama et \u00e0 le croiser avec l&rsquo;un des joyaux indica de notre biblioth\u00e8que de m\u00e8res. Nous avons ainsi obtenu l&rsquo;une des plantes les plus productives et aromatiques du march\u00e9.<\/p>\n<p>La Mujica Gold poss\u00e8de les ar\u00f4mes fruit\u00e9s clairs de la Critical Ketama m\u00e9lang\u00e9s \u00e0 l&rsquo;acidit\u00e9 caract\u00e9ristique de l&rsquo;indica et \u00e0 des notes de vanille, ce qui produit un go\u00fbt tr\u00e8s durable et agr\u00e9able.<\/p>\n<p>L&rsquo;effet de la Mujica Gold, d\u00fb \u00e0 son ascendance indica, est relaxant et durable.<\/p>\n<p>Mujica Gold est une plante de taille moyenne \u00e0 grande, \u00e0 courte distance internodale, \u00e0 floraison rapide et tr\u00e8s productive.<\/p>\n<p>Mujica Gold atteint des rendements de plus de 600 gr. par plante et, gr\u00e2ce \u00e0 sa grande r\u00e9sistance aux parasites et aux maladies, elle est particuli\u00e8rement adapt\u00e9e \u00e0 tout type de climat.<\/p>\n<p>C&rsquo;est pourquoi nous recommandons cette vari\u00e9t\u00e9 de graines de marijuana f\u00e9minis\u00e9es pour la culture en int\u00e9rieur ou en ext\u00e9rieur.<\/p>\n<p>A ce jour, la Mujica Gold a \u00e9t\u00e9 test\u00e9e en laboratoire et en ext\u00e9rieur dans toutes les r\u00e9gions du monde, donnant d&rsquo;excellents r\u00e9sultats et donc une grande joie aux cultivateurs et aux consommateurs.<\/p>\n<p>VARI\u00c9T\u00c9 : 45% Sativa-55% Indica<br \/>\nAROME : Ar\u00f4me floral de Skunk.<br \/>\nEFFET : M\u00e9ditatif ou relaxant.<br \/>\nTHC : 15-18% CBD : 0,3% THC : 15-18% CBD : 0,3% CBD<br \/>\nCBD : 0,3%.<br \/>\nSensibilit\u00e9 aux champignons : Mod\u00e9r\u00e9e<br \/>\nPARAM\u00c8TRES BIOLOGIQUES HYDROPONIQUES<br \/>\nCroissance EC : 0,7ms 1-1,2ms<br \/>\nEC Floraison : 1ms 1,2ms<br \/>\nPH Croissance : 6.0 5,8<br \/>\nPH floraison : 7,0 6,0<br \/>\nD\u00c9VELOPPEMENT EXT\u00c9RIEUR INT\u00c9RIEUR<br \/>\nR\u00c9COLTE : fin septembre 50-55 jours<br \/>\nRENDEMENT : Jusqu&rsquo;\u00e0 1.600 gr. par plante 600 gr\/m2<\/p>\n","protected":false},"excerpt":{"rendered":"<p>MUJICA GOLD graines de marijuana f\u00e9minis\u00e9es pour l&rsquo;int\u00e9rieur et l&rsquo;ext\u00e9rieur.<\/p>\n<p>R\u00e9compenses :<\/p>\n<p>Copa Cann\u00e1bica de Navarra &#8211; NaparCup<\/p>\n<p>\u00ab\u00a0Meilleure vari\u00e9t\u00e9 Indica\u00a0\u00bb Pamplona 2014<\/p>\n<p>Erdi Aldea Cup 2015<\/p>\n<p>\u00ab\u00a0Meilleure vari\u00e9t\u00e9 &#8211; int\u00e9rieur Bio\u00a0\u00bb.<\/p>\n<p>Master Seeds Cup &#8211; int\u00e9rieur &#8211; ESPAGNE<\/p>\n<p>Meilleure vari\u00e9t\u00e9 2015-2016<\/p>\n<p>Neuro Pacific Cup &#8211; CHILI<\/p>\n<p>Meilleures vari\u00e9t\u00e9s Indica 2016<\/p>\n","protected":false},"featured_media":505,"comment_status":"open","ping_status":"closed","template":"","meta":{"_et_pb_use_builder":"","_et_pb_old_content":"","_et_gb_content_width":""},"product_brand":[],"product_cat":[47],"product_tag":[],"class_list":{"0":"post-1141","1":"product","2":"type-product","3":"status-publish","4":"has-post-thumbnail","6":"product_cat-graines-feminisees","8":"first","9":"instock","10":"shipping-taxable","11":"purchasable","12":"product-type-variable"},"yoast_head":"<!-- This site is optimized with the Yoast SEO plugin v27.3 - https:\/\/yoast.com\/product\/yoast-seo-wordpress\/ -->\n<title>MUJICA GOLD graines de cannabis f\u00e9minis\u00e9es<\/title>\n<meta name=\"description\" content=\"La Mujica Gold poss\u00e8de les ar\u00f4mes fruit\u00e9s clairs de la Critical Ketama m\u00e9lang\u00e9s \u00e0 l&#039;acidit\u00e9 caract\u00e9ristique de l&#039;indica et \u00e0 des notes de vanille, ce qui produit un go\u00fbt tr\u00e8s durable et agr\u00e9able.\" \/>\n<meta name=\"robots\" content=\"index, follow, max-snippet:-1, max-image-preview:large, max-video-preview:-1\" \/>\n<link rel=\"canonical\" href=\"https:\/\/ketamaseeds.com\/fr\/produit\/mujica-gold-graines-de-cannabis-feminisees\/\" \/>\n<meta property=\"og:locale\" content=\"fr_FR\" \/>\n<meta property=\"og:type\" content=\"article\" \/>\n<meta property=\"og:title\" content=\"MUJICA GOLD graines de cannabis f\u00e9minis\u00e9es\" \/>\n<meta property=\"og:description\" content=\"La Mujica Gold poss\u00e8de les ar\u00f4mes fruit\u00e9s clairs de la Critical Ketama m\u00e9lang\u00e9s \u00e0 l&#039;acidit\u00e9 caract\u00e9ristique de l&#039;indica et \u00e0 des notes de vanille, ce qui produit un go\u00fbt tr\u00e8s durable et agr\u00e9able.\" \/>\n<meta property=\"og:url\" content=\"https:\/\/ketamaseeds.com\/fr\/produit\/mujica-gold-graines-de-cannabis-feminisees\/\" \/>\n<meta property=\"og:site_name\" content=\"KETAMA SEEDS\" \/>\n<meta property=\"article:publisher\" content=\"https:\/\/www.facebook.com\/ketamaseedsbank\" \/>\n<meta property=\"article:modified_time\" content=\"2024-04-02T22:55:49+00:00\" \/>\n<meta property=\"og:image\" content=\"https:\/\/ketamaseeds.com\/wp-content\/uploads\/2023\/10\/MUJICA-GOLD-semillas-de-marihuana-feminizadas.jpg\" \/>\n\t<meta property=\"og:image:width\" content=\"1000\" \/>\n\t<meta property=\"og:image:height\" content=\"750\" \/>\n\t<meta property=\"og:image:type\" content=\"image\/jpeg\" \/>\n<meta name=\"twitter:card\" content=\"summary_large_image\" \/>\n<meta name=\"twitter:site\" content=\"@KetamaSeeds\" \/>\n<meta name=\"twitter:label1\" content=\"Dur\u00e9e de lecture estim\u00e9e\" \/>\n\t<meta name=\"twitter:data1\" content=\"2 minutes\" \/>\n<script type=\"application\/ld+json\" class=\"yoast-schema-graph\">{\"@context\":\"https:\\\/\\\/schema.org\",\"@graph\":[{\"@type\":\"WebPage\",\"@id\":\"https:\\\/\\\/ketamaseeds.com\\\/fr\\\/produit\\\/mujica-gold-graines-de-cannabis-feminisees\\\/\",\"url\":\"https:\\\/\\\/ketamaseeds.com\\\/fr\\\/produit\\\/mujica-gold-graines-de-cannabis-feminisees\\\/\",\"name\":\"MUJICA GOLD graines de cannabis f\u00e9minis\u00e9es\",\"isPartOf\":{\"@id\":\"https:\\\/\\\/ketamaseeds.com\\\/fr\\\/#website\"},\"primaryImageOfPage\":{\"@id\":\"https:\\\/\\\/ketamaseeds.com\\\/fr\\\/produit\\\/mujica-gold-graines-de-cannabis-feminisees\\\/#primaryimage\"},\"image\":{\"@id\":\"https:\\\/\\\/ketamaseeds.com\\\/fr\\\/produit\\\/mujica-gold-graines-de-cannabis-feminisees\\\/#primaryimage\"},\"thumbnailUrl\":\"https:\\\/\\\/ketamaseeds.com\\\/wp-content\\\/uploads\\\/2023\\\/10\\\/MUJICA-GOLD-semillas-de-marihuana-feminizadas.jpg\",\"datePublished\":\"2023-10-10T15:37:32+00:00\",\"dateModified\":\"2024-04-02T22:55:49+00:00\",\"description\":\"La Mujica Gold poss\u00e8de les ar\u00f4mes fruit\u00e9s clairs de la Critical Ketama m\u00e9lang\u00e9s \u00e0 l'acidit\u00e9 caract\u00e9ristique de l'indica et \u00e0 des notes de vanille, ce qui produit un go\u00fbt tr\u00e8s durable et agr\u00e9able.\",\"breadcrumb\":{\"@id\":\"https:\\\/\\\/ketamaseeds.com\\\/fr\\\/produit\\\/mujica-gold-graines-de-cannabis-feminisees\\\/#breadcrumb\"},\"inLanguage\":\"fr-FR\",\"potentialAction\":[{\"@type\":\"ReadAction\",\"target\":[\"https:\\\/\\\/ketamaseeds.com\\\/fr\\\/produit\\\/mujica-gold-graines-de-cannabis-feminisees\\\/\"]}]},{\"@type\":\"ImageObject\",\"inLanguage\":\"fr-FR\",\"@id\":\"https:\\\/\\\/ketamaseeds.com\\\/fr\\\/produit\\\/mujica-gold-graines-de-cannabis-feminisees\\\/#primaryimage\",\"url\":\"https:\\\/\\\/ketamaseeds.com\\\/wp-content\\\/uploads\\\/2023\\\/10\\\/MUJICA-GOLD-semillas-de-marihuana-feminizadas.jpg\",\"contentUrl\":\"https:\\\/\\\/ketamaseeds.com\\\/wp-content\\\/uploads\\\/2023\\\/10\\\/MUJICA-GOLD-semillas-de-marihuana-feminizadas.jpg\",\"width\":1000,\"height\":750},{\"@type\":\"BreadcrumbList\",\"@id\":\"https:\\\/\\\/ketamaseeds.com\\\/fr\\\/produit\\\/mujica-gold-graines-de-cannabis-feminisees\\\/#breadcrumb\",\"itemListElement\":[{\"@type\":\"ListItem\",\"position\":1,\"name\":\"Home\",\"item\":\"https:\\\/\\\/ketamaseeds.com\\\/fr\\\/\"},{\"@type\":\"ListItem\",\"position\":2,\"name\":\"Graines de cannabis\",\"item\":\"https:\\\/\\\/ketamaseeds.com\\\/fr\\\/graines-de-cannabis\\\/\"},{\"@type\":\"ListItem\",\"position\":3,\"name\":\"MUJICA GOLD graines de cannabis f\u00e9minis\u00e9es\"}]},{\"@type\":\"WebSite\",\"@id\":\"https:\\\/\\\/ketamaseeds.com\\\/fr\\\/#website\",\"url\":\"https:\\\/\\\/ketamaseeds.com\\\/fr\\\/\",\"name\":\"KETAMA SEEDS\",\"description\":\"Banco de semillas de Cannabis\",\"publisher\":{\"@id\":\"https:\\\/\\\/ketamaseeds.com\\\/fr\\\/#organization\"},\"potentialAction\":[{\"@type\":\"SearchAction\",\"target\":{\"@type\":\"EntryPoint\",\"urlTemplate\":\"https:\\\/\\\/ketamaseeds.com\\\/fr\\\/?s={search_term_string}\"},\"query-input\":{\"@type\":\"PropertyValueSpecification\",\"valueRequired\":true,\"valueName\":\"search_term_string\"}}],\"inLanguage\":\"fr-FR\"},{\"@type\":\"Organization\",\"@id\":\"https:\\\/\\\/ketamaseeds.com\\\/fr\\\/#organization\",\"name\":\"KETAMA SEEDS\",\"url\":\"https:\\\/\\\/ketamaseeds.com\\\/fr\\\/\",\"logo\":{\"@type\":\"ImageObject\",\"inLanguage\":\"fr-FR\",\"@id\":\"https:\\\/\\\/ketamaseeds.com\\\/fr\\\/#\\\/schema\\\/logo\\\/image\\\/\",\"url\":\"https:\\\/\\\/ketamaseeds.com\\\/wp-content\\\/uploads\\\/2023\\\/10\\\/cropped-ketama-seeds-logo.jpeg\",\"contentUrl\":\"https:\\\/\\\/ketamaseeds.com\\\/wp-content\\\/uploads\\\/2023\\\/10\\\/cropped-ketama-seeds-logo.jpeg\",\"width\":512,\"height\":512,\"caption\":\"KETAMA SEEDS\"},\"image\":{\"@id\":\"https:\\\/\\\/ketamaseeds.com\\\/fr\\\/#\\\/schema\\\/logo\\\/image\\\/\"},\"sameAs\":[\"https:\\\/\\\/www.facebook.com\\\/ketamaseedsbank\",\"https:\\\/\\\/x.com\\\/KetamaSeeds\",\"https:\\\/\\\/www.instagram.com\\\/ketamaseeds\"]}]}<\/script>\n<!-- \/ Yoast SEO plugin. -->","yoast_head_json":{"title":"MUJICA GOLD graines de cannabis f\u00e9minis\u00e9es","description":"La Mujica Gold poss\u00e8de les ar\u00f4mes fruit\u00e9s clairs de la Critical Ketama m\u00e9lang\u00e9s \u00e0 l'acidit\u00e9 caract\u00e9ristique de l'indica et \u00e0 des notes de vanille, ce qui produit un go\u00fbt tr\u00e8s durable et agr\u00e9able.","robots":{"index":"index","follow":"follow","max-snippet":"max-snippet:-1","max-image-preview":"max-image-preview:large","max-video-preview":"max-video-preview:-1"},"canonical":"https:\/\/ketamaseeds.com\/fr\/produit\/mujica-gold-graines-de-cannabis-feminisees\/","og_locale":"fr_FR","og_type":"article","og_title":"MUJICA GOLD graines de cannabis f\u00e9minis\u00e9es","og_description":"La Mujica Gold poss\u00e8de les ar\u00f4mes fruit\u00e9s clairs de la Critical Ketama m\u00e9lang\u00e9s \u00e0 l'acidit\u00e9 caract\u00e9ristique de l'indica et \u00e0 des notes de vanille, ce qui produit un go\u00fbt tr\u00e8s durable et agr\u00e9able.","og_url":"https:\/\/ketamaseeds.com\/fr\/produit\/mujica-gold-graines-de-cannabis-feminisees\/","og_site_name":"KETAMA SEEDS","article_publisher":"https:\/\/www.facebook.com\/ketamaseedsbank","article_modified_time":"2024-04-02T22:55:49+00:00","og_image":[{"width":1000,"height":750,"url":"https:\/\/ketamaseeds.com\/wp-content\/uploads\/2023\/10\/MUJICA-GOLD-semillas-de-marihuana-feminizadas.jpg","type":"image\/jpeg"}],"twitter_card":"summary_large_image","twitter_site":"@KetamaSeeds","twitter_misc":{"Dur\u00e9e de lecture estim\u00e9e":"2 minutes"},"schema":{"@context":"https:\/\/schema.org","@graph":[{"@type":"WebPage","@id":"https:\/\/ketamaseeds.com\/fr\/produit\/mujica-gold-graines-de-cannabis-feminisees\/","url":"https:\/\/ketamaseeds.com\/fr\/produit\/mujica-gold-graines-de-cannabis-feminisees\/","name":"MUJICA GOLD graines de cannabis f\u00e9minis\u00e9es","isPartOf":{"@id":"https:\/\/ketamaseeds.com\/fr\/#website"},"primaryImageOfPage":{"@id":"https:\/\/ketamaseeds.com\/fr\/produit\/mujica-gold-graines-de-cannabis-feminisees\/#primaryimage"},"image":{"@id":"https:\/\/ketamaseeds.com\/fr\/produit\/mujica-gold-graines-de-cannabis-feminisees\/#primaryimage"},"thumbnailUrl":"https:\/\/ketamaseeds.com\/wp-content\/uploads\/2023\/10\/MUJICA-GOLD-semillas-de-marihuana-feminizadas.jpg","datePublished":"2023-10-10T15:37:32+00:00","dateModified":"2024-04-02T22:55:49+00:00","description":"La Mujica Gold poss\u00e8de les ar\u00f4mes fruit\u00e9s clairs de la Critical Ketama m\u00e9lang\u00e9s \u00e0 l'acidit\u00e9 caract\u00e9ristique de l'indica et \u00e0 des notes de vanille, ce qui produit un go\u00fbt tr\u00e8s durable et agr\u00e9able.","breadcrumb":{"@id":"https:\/\/ketamaseeds.com\/fr\/produit\/mujica-gold-graines-de-cannabis-feminisees\/#breadcrumb"},"inLanguage":"fr-FR","potentialAction":[{"@type":"ReadAction","target":["https:\/\/ketamaseeds.com\/fr\/produit\/mujica-gold-graines-de-cannabis-feminisees\/"]}]},{"@type":"ImageObject","inLanguage":"fr-FR","@id":"https:\/\/ketamaseeds.com\/fr\/produit\/mujica-gold-graines-de-cannabis-feminisees\/#primaryimage","url":"https:\/\/ketamaseeds.com\/wp-content\/uploads\/2023\/10\/MUJICA-GOLD-semillas-de-marihuana-feminizadas.jpg","contentUrl":"https:\/\/ketamaseeds.com\/wp-content\/uploads\/2023\/10\/MUJICA-GOLD-semillas-de-marihuana-feminizadas.jpg","width":1000,"height":750},{"@type":"BreadcrumbList","@id":"https:\/\/ketamaseeds.com\/fr\/produit\/mujica-gold-graines-de-cannabis-feminisees\/#breadcrumb","itemListElement":[{"@type":"ListItem","position":1,"name":"Home","item":"https:\/\/ketamaseeds.com\/fr\/"},{"@type":"ListItem","position":2,"name":"Graines de cannabis","item":"https:\/\/ketamaseeds.com\/fr\/graines-de-cannabis\/"},{"@type":"ListItem","position":3,"name":"MUJICA GOLD graines de cannabis f\u00e9minis\u00e9es"}]},{"@type":"WebSite","@id":"https:\/\/ketamaseeds.com\/fr\/#website","url":"https:\/\/ketamaseeds.com\/fr\/","name":"KETAMA SEEDS","description":"Banco de semillas de Cannabis","publisher":{"@id":"https:\/\/ketamaseeds.com\/fr\/#organization"},"potentialAction":[{"@type":"SearchAction","target":{"@type":"EntryPoint","urlTemplate":"https:\/\/ketamaseeds.com\/fr\/?s={search_term_string}"},"query-input":{"@type":"PropertyValueSpecification","valueRequired":true,"valueName":"search_term_string"}}],"inLanguage":"fr-FR"},{"@type":"Organization","@id":"https:\/\/ketamaseeds.com\/fr\/#organization","name":"KETAMA SEEDS","url":"https:\/\/ketamaseeds.com\/fr\/","logo":{"@type":"ImageObject","inLanguage":"fr-FR","@id":"https:\/\/ketamaseeds.com\/fr\/#\/schema\/logo\/image\/","url":"https:\/\/ketamaseeds.com\/wp-content\/uploads\/2023\/10\/cropped-ketama-seeds-logo.jpeg","contentUrl":"https:\/\/ketamaseeds.com\/wp-content\/uploads\/2023\/10\/cropped-ketama-seeds-logo.jpeg","width":512,"height":512,"caption":"KETAMA SEEDS"},"image":{"@id":"https:\/\/ketamaseeds.com\/fr\/#\/schema\/logo\/image\/"},"sameAs":["https:\/\/www.facebook.com\/ketamaseedsbank","https:\/\/x.com\/KetamaSeeds","https:\/\/www.instagram.com\/ketamaseeds"]}]}},"_links":{"self":[{"href":"https:\/\/ketamaseeds.com\/fr\/wp-json\/wp\/v2\/product\/1141","targetHints":{"allow":["GET"]}}],"collection":[{"href":"https:\/\/ketamaseeds.com\/fr\/wp-json\/wp\/v2\/product"}],"about":[{"href":"https:\/\/ketamaseeds.com\/fr\/wp-json\/wp\/v2\/types\/product"}],"replies":[{"embeddable":true,"href":"https:\/\/ketamaseeds.com\/fr\/wp-json\/wp\/v2\/comments?post=1141"}],"wp:featuredmedia":[{"embeddable":true,"href":"https:\/\/ketamaseeds.com\/fr\/wp-json\/wp\/v2\/media\/505"}],"wp:attachment":[{"href":"https:\/\/ketamaseeds.com\/fr\/wp-json\/wp\/v2\/media?parent=1141"}],"wp:term":[{"taxonomy":"product_brand","embeddable":true,"href":"https:\/\/ketamaseeds.com\/fr\/wp-json\/wp\/v2\/product_brand?post=1141"},{"taxonomy":"product_cat","embeddable":true,"href":"https:\/\/ketamaseeds.com\/fr\/wp-json\/wp\/v2\/product_cat?post=1141"},{"taxonomy":"product_tag","embeddable":true,"href":"https:\/\/ketamaseeds.com\/fr\/wp-json\/wp\/v2\/product_tag?post=1141"}],"curies":[{"name":"wp","href":"https:\/\/api.w.org\/{rel}","templated":true}]}}