{"id":1159,"date":"2023-10-12T01:26:13","date_gmt":"2023-10-12T01:26:13","guid":{"rendered":"http:\/\/ketamaseeds.com\/product\/uruwhite-graines-de-cannabis-feminisees\/"},"modified":"2023-12-08T01:19:28","modified_gmt":"2023-12-08T01:19:28","slug":"uruwhite-graines-de-cannabis-feminisees","status":"publish","type":"product","link":"https:\/\/ketamaseeds.com\/fr\/produit\/uruwhite-graines-de-cannabis-feminisees\/","title":{"rendered":"URUWHITE graines de cannabis f\u00e9minis\u00e9es"},"content":{"rendered":"<h2>URUWHITE graines de cannabis f\u00e9minis\u00e9es<\/h2>\n<p>La R\u00e9publique orientale de l&rsquo;Uruguay est un pionnier en mati\u00e8re de l\u00e9gislation sur le cannabis. En hommage \u00e0 ce petit pays, nous avons appel\u00e9 notre vari\u00e9t\u00e9 blanche de graines de marijuana f\u00e9minis\u00e9es la plus s\u00e9lectionn\u00e9e et la plus exquise, URUWHITE. C&rsquo;est \u00e0 la fois une vari\u00e9t\u00e9 de graine de cannabis m\u00e9dicale pour certains, et pour les utilisateurs r\u00e9cr\u00e9atifs, l&rsquo;une des plus puissantes.<\/p>\n<p>Le go\u00fbt et l&rsquo;odeur intenses, frais et incomparables de ce ph\u00e9notype de White Widow, est le favori des cultivateurs experts ou des consommateurs et, depuis 1997, l&rsquo;un des tr\u00e9sors g\u00e9n\u00e9tiques de notre banque de graines de marijuana.<\/p>\n<p>La vari\u00e9t\u00e9 de cannabis White Widow est une vari\u00e9t\u00e9 embl\u00e9matique connue pour sa puissance et son \u00e9quilibre entre indica et sativa. Originaire des Pays-Bas, la White Widow se distingue par ses bourgeons denses couverts de trichomes blancs qui lui ont donn\u00e9 son nom.<\/p>\n<p>Avec des niveaux \u00e9lev\u00e9s de THC, elle offre un high c\u00e9r\u00e9bral euphorique suivi d&rsquo;une relaxation physique douce. Cette vari\u00e9t\u00e9 a \u00e9t\u00e9 largement pl\u00e9biscit\u00e9e pour sa combinaison d&rsquo;\u00e9nergie et de relaxation, ce qui en fait un choix populaire parmi les consommateurs de cannabis.<\/p>\n<p>Elle attire l&rsquo;attention, l&rsquo;odorat et le go\u00fbt dans ce cas, des d\u00e9gustateurs experts pour son ar\u00f4me unique et piquant.<\/p>\n<p>L&rsquo;URUWHITE se ramifie beaucoup et sa culture est donc facile, mais dans les zones tr\u00e8s humides et avec les nuits froides, il faut faire attention \u00e0 l&rsquo;apparition de moisissures.<\/p>\n<p>Au moment de la r\u00e9colte, le poids des fleurs est l\u00e9g\u00e8rement inf\u00e9rieur \u00e0 celui des autres vari\u00e9t\u00e9s, ce qui est compens\u00e9 par la grande quantit\u00e9 de r\u00e9sine blanche qui recouvre les fleurs. Tout simplement spectaculaire.<\/p>\n<p>En raison de sa teneur \u00e9lev\u00e9e en THC et en CBD, c&rsquo;est une plante tr\u00e8s recommand\u00e9e pour la fabrication d&rsquo;huile de type Rick Simpson.<\/p>\n<p>C&rsquo;est une plante qui d\u00e9gage une forte odeur, il est donc recommand\u00e9 d&rsquo;avoir un bon filtre pour la culture en int\u00e9rieur.<\/p>\n<p>L&rsquo;URUWHITE est l&rsquo;une des vari\u00e9t\u00e9s de graines de marijuana que la plupart des connaisseurs appr\u00e9cient pour sa puissance \u00e9lev\u00e9e et son go\u00fbt excellent.<\/p>\n<h3>URUWHITE graines de cannabis f\u00e9minis\u00e9es<\/h3>\n<p>VARI\u00c9T\u00c9 : Hybride Indica Sativa \u00e0 dominance Indica.<br \/>\nAROME : Floral avec des notes de citron et des notes bois\u00e9es.<br \/>\nEFFET : Physique &#8211; Mental &#8211; Relaxant &#8211; M\u00e9dicinal<br \/>\nTHC : 20-21% CBD : 0.2%.<br \/>\nCBD : 0,2%.<br \/>\nSensibilit\u00e9 aux champignons : \u00e9lev\u00e9e<br \/>\nPARAM\u00c8TRES DE CULTURE BIOLOGIQUE HYDROPONIQUE<br \/>\nCroissance EC 0,6-0,9ms 1,1-1,4ms<br \/>\nEC Floraison 0,9-1,4ms 1,4-2,2ms<br \/>\nPH Croissance 5,5 5,8<br \/>\nPH Floraison 6,5 6,5<br \/>\nD\u00c9VELOPPEMENT EXT\u00c9RIEUR INT\u00c9RIEUR<br \/>\nR\u00c9COLTE Mi-septembre 55 jours<br \/>\nRENDEMENT 300-500 gr. par plante 400 gr\/m2<\/p>\n","protected":false},"excerpt":{"rendered":"<p>URUWHITE graines de marijuana f\u00e9minis\u00e9es pour l&rsquo;int\u00e9rieur et l&rsquo;ext\u00e9rieur.<\/p>\n","protected":false},"featured_media":529,"comment_status":"open","ping_status":"closed","template":"","meta":{"_et_pb_use_builder":"","_et_pb_old_content":"","_et_gb_content_width":""},"product_brand":[],"product_cat":[47],"product_tag":[],"class_list":{"0":"post-1159","1":"product","2":"type-product","3":"status-publish","4":"has-post-thumbnail","6":"product_cat-graines-feminisees","8":"first","9":"instock","10":"shipping-taxable","11":"purchasable","12":"product-type-variable"},"yoast_head":"<!-- This site is optimized with the Yoast SEO plugin v27.3 - https:\/\/yoast.com\/product\/yoast-seo-wordpress\/ -->\n<title>URUWHITE graines de cannabis f\u00e9minis\u00e9es<\/title>\n<meta name=\"description\" content=\"Le go\u00fbt et l&#039;odeur intenses, frais et incomparables de ce ph\u00e9notype de White Widow, est le favori des cultivateurs experts ou des consommateurs et, depuis 1997, l&#039;un des tr\u00e9sors g\u00e9n\u00e9tiques de notre banque de graines de marijuana.\" \/>\n<meta name=\"robots\" content=\"index, follow, max-snippet:-1, max-image-preview:large, max-video-preview:-1\" \/>\n<link rel=\"canonical\" href=\"https:\/\/ketamaseeds.com\/fr\/produit\/uruwhite-graines-de-cannabis-feminisees\/\" \/>\n<meta property=\"og:locale\" content=\"fr_FR\" \/>\n<meta property=\"og:type\" content=\"article\" \/>\n<meta property=\"og:title\" content=\"URUWHITE graines de cannabis f\u00e9minis\u00e9es\" \/>\n<meta property=\"og:description\" content=\"Le go\u00fbt et l&#039;odeur intenses, frais et incomparables de ce ph\u00e9notype de White Widow, est le favori des cultivateurs experts ou des consommateurs et, depuis 1997, l&#039;un des tr\u00e9sors g\u00e9n\u00e9tiques de notre banque de graines de marijuana.\" \/>\n<meta property=\"og:url\" content=\"https:\/\/ketamaseeds.com\/fr\/produit\/uruwhite-graines-de-cannabis-feminisees\/\" \/>\n<meta property=\"og:site_name\" content=\"KETAMA SEEDS\" \/>\n<meta property=\"article:publisher\" content=\"https:\/\/www.facebook.com\/ketamaseedsbank\" \/>\n<meta property=\"article:modified_time\" content=\"2023-12-08T01:19:28+00:00\" \/>\n<meta property=\"og:image\" content=\"https:\/\/ketamaseeds.com\/wp-content\/uploads\/2023\/10\/URUWHITE-semillas-de-marihuana-feminizadas.jpg\" \/>\n\t<meta property=\"og:image:width\" content=\"576\" \/>\n\t<meta property=\"og:image:height\" content=\"720\" \/>\n\t<meta property=\"og:image:type\" content=\"image\/jpeg\" \/>\n<meta name=\"twitter:card\" content=\"summary_large_image\" \/>\n<meta name=\"twitter:site\" content=\"@KetamaSeeds\" \/>\n<meta name=\"twitter:label1\" content=\"Dur\u00e9e de lecture estim\u00e9e\" \/>\n\t<meta name=\"twitter:data1\" content=\"2 minutes\" \/>\n<script type=\"application\/ld+json\" class=\"yoast-schema-graph\">{\"@context\":\"https:\\\/\\\/schema.org\",\"@graph\":[{\"@type\":\"WebPage\",\"@id\":\"https:\\\/\\\/ketamaseeds.com\\\/fr\\\/produit\\\/uruwhite-graines-de-cannabis-feminisees\\\/\",\"url\":\"https:\\\/\\\/ketamaseeds.com\\\/fr\\\/produit\\\/uruwhite-graines-de-cannabis-feminisees\\\/\",\"name\":\"URUWHITE graines de cannabis f\u00e9minis\u00e9es\",\"isPartOf\":{\"@id\":\"https:\\\/\\\/ketamaseeds.com\\\/fr\\\/#website\"},\"primaryImageOfPage\":{\"@id\":\"https:\\\/\\\/ketamaseeds.com\\\/fr\\\/produit\\\/uruwhite-graines-de-cannabis-feminisees\\\/#primaryimage\"},\"image\":{\"@id\":\"https:\\\/\\\/ketamaseeds.com\\\/fr\\\/produit\\\/uruwhite-graines-de-cannabis-feminisees\\\/#primaryimage\"},\"thumbnailUrl\":\"https:\\\/\\\/ketamaseeds.com\\\/wp-content\\\/uploads\\\/2023\\\/10\\\/URUWHITE-semillas-de-marihuana-feminizadas.jpg\",\"datePublished\":\"2023-10-12T01:26:13+00:00\",\"dateModified\":\"2023-12-08T01:19:28+00:00\",\"description\":\"Le go\u00fbt et l'odeur intenses, frais et incomparables de ce ph\u00e9notype de White Widow, est le favori des cultivateurs experts ou des consommateurs et, depuis 1997, l'un des tr\u00e9sors g\u00e9n\u00e9tiques de notre banque de graines de marijuana.\",\"breadcrumb\":{\"@id\":\"https:\\\/\\\/ketamaseeds.com\\\/fr\\\/produit\\\/uruwhite-graines-de-cannabis-feminisees\\\/#breadcrumb\"},\"inLanguage\":\"fr-FR\",\"potentialAction\":[{\"@type\":\"ReadAction\",\"target\":[\"https:\\\/\\\/ketamaseeds.com\\\/fr\\\/produit\\\/uruwhite-graines-de-cannabis-feminisees\\\/\"]}]},{\"@type\":\"ImageObject\",\"inLanguage\":\"fr-FR\",\"@id\":\"https:\\\/\\\/ketamaseeds.com\\\/fr\\\/produit\\\/uruwhite-graines-de-cannabis-feminisees\\\/#primaryimage\",\"url\":\"https:\\\/\\\/ketamaseeds.com\\\/wp-content\\\/uploads\\\/2023\\\/10\\\/URUWHITE-semillas-de-marihuana-feminizadas.jpg\",\"contentUrl\":\"https:\\\/\\\/ketamaseeds.com\\\/wp-content\\\/uploads\\\/2023\\\/10\\\/URUWHITE-semillas-de-marihuana-feminizadas.jpg\",\"width\":576,\"height\":720},{\"@type\":\"BreadcrumbList\",\"@id\":\"https:\\\/\\\/ketamaseeds.com\\\/fr\\\/produit\\\/uruwhite-graines-de-cannabis-feminisees\\\/#breadcrumb\",\"itemListElement\":[{\"@type\":\"ListItem\",\"position\":1,\"name\":\"Home\",\"item\":\"https:\\\/\\\/ketamaseeds.com\\\/fr\\\/\"},{\"@type\":\"ListItem\",\"position\":2,\"name\":\"Graines de cannabis\",\"item\":\"https:\\\/\\\/ketamaseeds.com\\\/fr\\\/graines-de-cannabis\\\/\"},{\"@type\":\"ListItem\",\"position\":3,\"name\":\"URUWHITE graines de cannabis f\u00e9minis\u00e9es\"}]},{\"@type\":\"WebSite\",\"@id\":\"https:\\\/\\\/ketamaseeds.com\\\/fr\\\/#website\",\"url\":\"https:\\\/\\\/ketamaseeds.com\\\/fr\\\/\",\"name\":\"KETAMA SEEDS\",\"description\":\"Banco de semillas de Cannabis\",\"publisher\":{\"@id\":\"https:\\\/\\\/ketamaseeds.com\\\/fr\\\/#organization\"},\"potentialAction\":[{\"@type\":\"SearchAction\",\"target\":{\"@type\":\"EntryPoint\",\"urlTemplate\":\"https:\\\/\\\/ketamaseeds.com\\\/fr\\\/?s={search_term_string}\"},\"query-input\":{\"@type\":\"PropertyValueSpecification\",\"valueRequired\":true,\"valueName\":\"search_term_string\"}}],\"inLanguage\":\"fr-FR\"},{\"@type\":\"Organization\",\"@id\":\"https:\\\/\\\/ketamaseeds.com\\\/fr\\\/#organization\",\"name\":\"KETAMA SEEDS\",\"url\":\"https:\\\/\\\/ketamaseeds.com\\\/fr\\\/\",\"logo\":{\"@type\":\"ImageObject\",\"inLanguage\":\"fr-FR\",\"@id\":\"https:\\\/\\\/ketamaseeds.com\\\/fr\\\/#\\\/schema\\\/logo\\\/image\\\/\",\"url\":\"https:\\\/\\\/ketamaseeds.com\\\/wp-content\\\/uploads\\\/2023\\\/10\\\/cropped-ketama-seeds-logo.jpeg\",\"contentUrl\":\"https:\\\/\\\/ketamaseeds.com\\\/wp-content\\\/uploads\\\/2023\\\/10\\\/cropped-ketama-seeds-logo.jpeg\",\"width\":512,\"height\":512,\"caption\":\"KETAMA SEEDS\"},\"image\":{\"@id\":\"https:\\\/\\\/ketamaseeds.com\\\/fr\\\/#\\\/schema\\\/logo\\\/image\\\/\"},\"sameAs\":[\"https:\\\/\\\/www.facebook.com\\\/ketamaseedsbank\",\"https:\\\/\\\/x.com\\\/KetamaSeeds\",\"https:\\\/\\\/www.instagram.com\\\/ketamaseeds\"]}]}<\/script>\n<!-- \/ Yoast SEO plugin. -->","yoast_head_json":{"title":"URUWHITE graines de cannabis f\u00e9minis\u00e9es","description":"Le go\u00fbt et l'odeur intenses, frais et incomparables de ce ph\u00e9notype de White Widow, est le favori des cultivateurs experts ou des consommateurs et, depuis 1997, l'un des tr\u00e9sors g\u00e9n\u00e9tiques de notre banque de graines de marijuana.","robots":{"index":"index","follow":"follow","max-snippet":"max-snippet:-1","max-image-preview":"max-image-preview:large","max-video-preview":"max-video-preview:-1"},"canonical":"https:\/\/ketamaseeds.com\/fr\/produit\/uruwhite-graines-de-cannabis-feminisees\/","og_locale":"fr_FR","og_type":"article","og_title":"URUWHITE graines de cannabis f\u00e9minis\u00e9es","og_description":"Le go\u00fbt et l'odeur intenses, frais et incomparables de ce ph\u00e9notype de White Widow, est le favori des cultivateurs experts ou des consommateurs et, depuis 1997, l'un des tr\u00e9sors g\u00e9n\u00e9tiques de notre banque de graines de marijuana.","og_url":"https:\/\/ketamaseeds.com\/fr\/produit\/uruwhite-graines-de-cannabis-feminisees\/","og_site_name":"KETAMA SEEDS","article_publisher":"https:\/\/www.facebook.com\/ketamaseedsbank","article_modified_time":"2023-12-08T01:19:28+00:00","og_image":[{"width":576,"height":720,"url":"https:\/\/ketamaseeds.com\/wp-content\/uploads\/2023\/10\/URUWHITE-semillas-de-marihuana-feminizadas.jpg","type":"image\/jpeg"}],"twitter_card":"summary_large_image","twitter_site":"@KetamaSeeds","twitter_misc":{"Dur\u00e9e de lecture estim\u00e9e":"2 minutes"},"schema":{"@context":"https:\/\/schema.org","@graph":[{"@type":"WebPage","@id":"https:\/\/ketamaseeds.com\/fr\/produit\/uruwhite-graines-de-cannabis-feminisees\/","url":"https:\/\/ketamaseeds.com\/fr\/produit\/uruwhite-graines-de-cannabis-feminisees\/","name":"URUWHITE graines de cannabis f\u00e9minis\u00e9es","isPartOf":{"@id":"https:\/\/ketamaseeds.com\/fr\/#website"},"primaryImageOfPage":{"@id":"https:\/\/ketamaseeds.com\/fr\/produit\/uruwhite-graines-de-cannabis-feminisees\/#primaryimage"},"image":{"@id":"https:\/\/ketamaseeds.com\/fr\/produit\/uruwhite-graines-de-cannabis-feminisees\/#primaryimage"},"thumbnailUrl":"https:\/\/ketamaseeds.com\/wp-content\/uploads\/2023\/10\/URUWHITE-semillas-de-marihuana-feminizadas.jpg","datePublished":"2023-10-12T01:26:13+00:00","dateModified":"2023-12-08T01:19:28+00:00","description":"Le go\u00fbt et l'odeur intenses, frais et incomparables de ce ph\u00e9notype de White Widow, est le favori des cultivateurs experts ou des consommateurs et, depuis 1997, l'un des tr\u00e9sors g\u00e9n\u00e9tiques de notre banque de graines de marijuana.","breadcrumb":{"@id":"https:\/\/ketamaseeds.com\/fr\/produit\/uruwhite-graines-de-cannabis-feminisees\/#breadcrumb"},"inLanguage":"fr-FR","potentialAction":[{"@type":"ReadAction","target":["https:\/\/ketamaseeds.com\/fr\/produit\/uruwhite-graines-de-cannabis-feminisees\/"]}]},{"@type":"ImageObject","inLanguage":"fr-FR","@id":"https:\/\/ketamaseeds.com\/fr\/produit\/uruwhite-graines-de-cannabis-feminisees\/#primaryimage","url":"https:\/\/ketamaseeds.com\/wp-content\/uploads\/2023\/10\/URUWHITE-semillas-de-marihuana-feminizadas.jpg","contentUrl":"https:\/\/ketamaseeds.com\/wp-content\/uploads\/2023\/10\/URUWHITE-semillas-de-marihuana-feminizadas.jpg","width":576,"height":720},{"@type":"BreadcrumbList","@id":"https:\/\/ketamaseeds.com\/fr\/produit\/uruwhite-graines-de-cannabis-feminisees\/#breadcrumb","itemListElement":[{"@type":"ListItem","position":1,"name":"Home","item":"https:\/\/ketamaseeds.com\/fr\/"},{"@type":"ListItem","position":2,"name":"Graines de cannabis","item":"https:\/\/ketamaseeds.com\/fr\/graines-de-cannabis\/"},{"@type":"ListItem","position":3,"name":"URUWHITE graines de cannabis f\u00e9minis\u00e9es"}]},{"@type":"WebSite","@id":"https:\/\/ketamaseeds.com\/fr\/#website","url":"https:\/\/ketamaseeds.com\/fr\/","name":"KETAMA SEEDS","description":"Banco de semillas de Cannabis","publisher":{"@id":"https:\/\/ketamaseeds.com\/fr\/#organization"},"potentialAction":[{"@type":"SearchAction","target":{"@type":"EntryPoint","urlTemplate":"https:\/\/ketamaseeds.com\/fr\/?s={search_term_string}"},"query-input":{"@type":"PropertyValueSpecification","valueRequired":true,"valueName":"search_term_string"}}],"inLanguage":"fr-FR"},{"@type":"Organization","@id":"https:\/\/ketamaseeds.com\/fr\/#organization","name":"KETAMA SEEDS","url":"https:\/\/ketamaseeds.com\/fr\/","logo":{"@type":"ImageObject","inLanguage":"fr-FR","@id":"https:\/\/ketamaseeds.com\/fr\/#\/schema\/logo\/image\/","url":"https:\/\/ketamaseeds.com\/wp-content\/uploads\/2023\/10\/cropped-ketama-seeds-logo.jpeg","contentUrl":"https:\/\/ketamaseeds.com\/wp-content\/uploads\/2023\/10\/cropped-ketama-seeds-logo.jpeg","width":512,"height":512,"caption":"KETAMA SEEDS"},"image":{"@id":"https:\/\/ketamaseeds.com\/fr\/#\/schema\/logo\/image\/"},"sameAs":["https:\/\/www.facebook.com\/ketamaseedsbank","https:\/\/x.com\/KetamaSeeds","https:\/\/www.instagram.com\/ketamaseeds"]}]}},"_links":{"self":[{"href":"https:\/\/ketamaseeds.com\/fr\/wp-json\/wp\/v2\/product\/1159","targetHints":{"allow":["GET"]}}],"collection":[{"href":"https:\/\/ketamaseeds.com\/fr\/wp-json\/wp\/v2\/product"}],"about":[{"href":"https:\/\/ketamaseeds.com\/fr\/wp-json\/wp\/v2\/types\/product"}],"replies":[{"embeddable":true,"href":"https:\/\/ketamaseeds.com\/fr\/wp-json\/wp\/v2\/comments?post=1159"}],"wp:featuredmedia":[{"embeddable":true,"href":"https:\/\/ketamaseeds.com\/fr\/wp-json\/wp\/v2\/media\/529"}],"wp:attachment":[{"href":"https:\/\/ketamaseeds.com\/fr\/wp-json\/wp\/v2\/media?parent=1159"}],"wp:term":[{"taxonomy":"product_brand","embeddable":true,"href":"https:\/\/ketamaseeds.com\/fr\/wp-json\/wp\/v2\/product_brand?post=1159"},{"taxonomy":"product_cat","embeddable":true,"href":"https:\/\/ketamaseeds.com\/fr\/wp-json\/wp\/v2\/product_cat?post=1159"},{"taxonomy":"product_tag","embeddable":true,"href":"https:\/\/ketamaseeds.com\/fr\/wp-json\/wp\/v2\/product_tag?post=1159"}],"curies":[{"name":"wp","href":"https:\/\/api.w.org\/{rel}","templated":true}]}}