{"id":1183,"date":"2023-10-25T20:56:29","date_gmt":"2023-10-25T20:56:29","guid":{"rendered":"http:\/\/ketamaseeds.com\/product\/cheese-auto-graines-de-cannabis-feminisees\/"},"modified":"2023-12-08T16:18:50","modified_gmt":"2023-12-08T16:18:50","slug":"cheese-auto-graines-de-cannabis-autofloraison","status":"publish","type":"product","link":"https:\/\/ketamaseeds.com\/fr\/produit\/cheese-auto-graines-de-cannabis-autofloraison\/","title":{"rendered":"CHEESE AUTO graines de cannabis autofloraison"},"content":{"rendered":"<h2>CHEESE AUTO graines de cannabis autofloraison<\/h2>\n<p>Les graines de cannabis KETAMA CHEESE AUTO sont la vari\u00e9t\u00e9 \u00e0 autofloraison des graines de marijuana f\u00e9minis\u00e9es KETAMA CHEESE.<\/p>\n<p>Nous avons obtenu un hybride de grande qualit\u00e9, tr\u00e8s facile \u00e0 cultiver en int\u00e9rieur comme en ext\u00e9rieur.<\/p>\n<p>C&rsquo;est une plante de hauteur moyenne, avec une grande distance internodale, qui pousse vigoureusement et fleurit rapidement.<\/p>\n<p>Ce qui surprend beaucoup, outre son go\u00fbt excellent, c&rsquo;est la grande taille de ses bourgeons charg\u00e9s de r\u00e9sine.<\/p>\n<p>Cette vari\u00e9t\u00e9 est appr\u00e9ci\u00e9e par les cultivateurs pour sa facilit\u00e9 de culture et sa capacit\u00e9 \u00e0 passer de la germination \u00e0 la r\u00e9colte en un temps relativement court.<\/p>\n<p>Elle offre un effet \u00e9quilibr\u00e9, avec des propri\u00e9t\u00e9s relaxantes qui ne sont g\u00e9n\u00e9ralement pas trop fortes.<\/p>\n<p>Cheese Auto a gagn\u00e9 en popularit\u00e9 aupr\u00e8s des cultivateurs novices et de ceux qui recherchent une r\u00e9colte rapide avec des caract\u00e9ristiques aromatiques uniques.<\/p>\n<p>La qualit\u00e9 et le rendement de la KETAMA CHEESE AUTO font de ces graines de marijuana \u00e0 autofloraison l&rsquo;un des meilleurs choix.<\/p>\n<p>VARI\u00c9T\u00c9 DE GRAINES : AUTOFLORAISON F\u00c9MINIS\u00c9E<br \/>\nAROME : Ar\u00f4me de mouffette et d&rsquo;\u00e9pices.<br \/>\nEFFET : M\u00e9ditatif ou relaxant.<br \/>\nTHC : 9 &#8211; 12 %.<br \/>\nCBD : 0,3 %.<br \/>\nSensibilit\u00e9 aux champignons : Mod\u00e9r\u00e9e<br \/>\nPARAM\u00c8TRES BIOLOGIQUES HYDROPONIQUES<br \/>\nCroissance EC : 0,7ms 1-1,2ms<br \/>\nEC Floraison : 1ms 1,2ms<br \/>\nPH Croissance : 6.0 5,8<br \/>\nPH floraison : 7,0 6,0<br \/>\nD\u00c9VELOPPEMENT EXT\u00c9RIEUR INT\u00c9RIEUR<br \/>\nR\u00c9COLTE : 80 jours 80 jours<br \/>\nRENDEMENT : 80- 170 gr. par plante 500 -550 gr\/m2<\/p>\n<h3>CHEESE AUTO graines de cannabis autoflorissantes<\/h3>\n","protected":false},"excerpt":{"rendered":"<p>CHEESE AUTO graines de cannabis autofloraison Les graines de cannabis KETAMA CHEESE AUTO sont la vari\u00e9t\u00e9 \u00e0 autofloraison des graines de marijuana f\u00e9minis\u00e9es KETAMA CHEESE. Nous avons obtenu un hybride de grande qualit\u00e9, tr\u00e8s facile \u00e0 cultiver en int\u00e9rieur comme en ext\u00e9rieur. C&rsquo;est une plante de hauteur moyenne, avec une grande distance internodale, qui pousse [&hellip;]<\/p>\n","protected":false},"featured_media":616,"comment_status":"open","ping_status":"closed","template":"","meta":{"_et_pb_use_builder":"","_et_pb_old_content":"","_et_gb_content_width":""},"product_brand":[],"product_cat":[39],"product_tag":[],"class_list":{"0":"post-1183","1":"product","2":"type-product","3":"status-publish","4":"has-post-thumbnail","6":"product_cat-graines-autofloraison","8":"first","9":"instock","10":"shipping-taxable","11":"purchasable","12":"product-type-variable"},"yoast_head":"<!-- This site is optimized with the Yoast SEO plugin v27.2 - https:\/\/yoast.com\/product\/yoast-seo-wordpress\/ -->\n<title>CHEESE AUTO graines de cannabis autofloraison<\/title>\n<meta name=\"description\" content=\"Cheese Auto a gagn\u00e9 en popularit\u00e9 aupr\u00e8s des cultivateurs novices et de ceux qui recherchent une r\u00e9colte rapide avec des caract\u00e9ristiques aromatiques uniques.\" \/>\n<meta name=\"robots\" content=\"index, follow, max-snippet:-1, max-image-preview:large, max-video-preview:-1\" \/>\n<link rel=\"canonical\" href=\"https:\/\/ketamaseeds.com\/fr\/produit\/cheese-auto-graines-de-cannabis-autofloraison\/\" \/>\n<meta property=\"og:locale\" content=\"fr_FR\" \/>\n<meta property=\"og:type\" content=\"article\" \/>\n<meta property=\"og:title\" content=\"CHEESE AUTO graines de cannabis autofloraison\" \/>\n<meta property=\"og:description\" content=\"Cheese Auto a gagn\u00e9 en popularit\u00e9 aupr\u00e8s des cultivateurs novices et de ceux qui recherchent une r\u00e9colte rapide avec des caract\u00e9ristiques aromatiques uniques.\" \/>\n<meta property=\"og:url\" content=\"https:\/\/ketamaseeds.com\/fr\/produit\/cheese-auto-graines-de-cannabis-autofloraison\/\" \/>\n<meta property=\"og:site_name\" content=\"KETAMA SEEDS\" \/>\n<meta property=\"article:publisher\" content=\"https:\/\/www.facebook.com\/ketamaseedsbank\" \/>\n<meta property=\"article:modified_time\" content=\"2023-12-08T16:18:50+00:00\" \/>\n<meta property=\"og:image\" content=\"https:\/\/ketamaseeds.com\/wp-content\/uploads\/2023\/10\/ketama-cheese-auto-flor-de-cannabis.jpg\" \/>\n\t<meta property=\"og:image:width\" content=\"800\" \/>\n\t<meta property=\"og:image:height\" content=\"600\" \/>\n\t<meta property=\"og:image:type\" content=\"image\/jpeg\" \/>\n<meta name=\"twitter:card\" content=\"summary_large_image\" \/>\n<meta name=\"twitter:site\" content=\"@KetamaSeeds\" \/>\n<meta name=\"twitter:label1\" content=\"Dur\u00e9e de lecture estim\u00e9e\" \/>\n\t<meta name=\"twitter:data1\" content=\"2 minutes\" \/>\n<script type=\"application\/ld+json\" class=\"yoast-schema-graph\">{\"@context\":\"https:\/\/schema.org\",\"@graph\":[{\"@type\":\"WebPage\",\"@id\":\"https:\/\/ketamaseeds.com\/fr\/produit\/cheese-auto-graines-de-cannabis-autofloraison\/\",\"url\":\"https:\/\/ketamaseeds.com\/fr\/produit\/cheese-auto-graines-de-cannabis-autofloraison\/\",\"name\":\"CHEESE AUTO graines de cannabis autofloraison\",\"isPartOf\":{\"@id\":\"https:\/\/ketamaseeds.com\/fr\/#website\"},\"primaryImageOfPage\":{\"@id\":\"https:\/\/ketamaseeds.com\/fr\/produit\/cheese-auto-graines-de-cannabis-autofloraison\/#primaryimage\"},\"image\":{\"@id\":\"https:\/\/ketamaseeds.com\/fr\/produit\/cheese-auto-graines-de-cannabis-autofloraison\/#primaryimage\"},\"thumbnailUrl\":\"https:\/\/ketamaseeds.com\/wp-content\/uploads\/2023\/10\/ketama-cheese-auto-flor-de-cannabis.jpg\",\"datePublished\":\"2023-10-25T20:56:29+00:00\",\"dateModified\":\"2023-12-08T16:18:50+00:00\",\"description\":\"Cheese Auto a gagn\u00e9 en popularit\u00e9 aupr\u00e8s des cultivateurs novices et de ceux qui recherchent une r\u00e9colte rapide avec des caract\u00e9ristiques aromatiques uniques.\",\"breadcrumb\":{\"@id\":\"https:\/\/ketamaseeds.com\/fr\/produit\/cheese-auto-graines-de-cannabis-autofloraison\/#breadcrumb\"},\"inLanguage\":\"fr-FR\",\"potentialAction\":[{\"@type\":\"ReadAction\",\"target\":[\"https:\/\/ketamaseeds.com\/fr\/produit\/cheese-auto-graines-de-cannabis-autofloraison\/\"]}]},{\"@type\":\"ImageObject\",\"inLanguage\":\"fr-FR\",\"@id\":\"https:\/\/ketamaseeds.com\/fr\/produit\/cheese-auto-graines-de-cannabis-autofloraison\/#primaryimage\",\"url\":\"https:\/\/ketamaseeds.com\/wp-content\/uploads\/2023\/10\/ketama-cheese-auto-flor-de-cannabis.jpg\",\"contentUrl\":\"https:\/\/ketamaseeds.com\/wp-content\/uploads\/2023\/10\/ketama-cheese-auto-flor-de-cannabis.jpg\",\"width\":800,\"height\":600,\"caption\":\"KETAMA CHEESE fleur de cannabis \u00e0 autofloraison\"},{\"@type\":\"BreadcrumbList\",\"@id\":\"https:\/\/ketamaseeds.com\/fr\/produit\/cheese-auto-graines-de-cannabis-autofloraison\/#breadcrumb\",\"itemListElement\":[{\"@type\":\"ListItem\",\"position\":1,\"name\":\"Home\",\"item\":\"https:\/\/ketamaseeds.com\/fr\/\"},{\"@type\":\"ListItem\",\"position\":2,\"name\":\"Graines de cannabis\",\"item\":\"https:\/\/ketamaseeds.com\/fr\/graines-de-cannabis\/\"},{\"@type\":\"ListItem\",\"position\":3,\"name\":\"CHEESE AUTO graines de cannabis autofloraison\"}]},{\"@type\":\"WebSite\",\"@id\":\"https:\/\/ketamaseeds.com\/fr\/#website\",\"url\":\"https:\/\/ketamaseeds.com\/fr\/\",\"name\":\"KETAMA SEEDS\",\"description\":\"Banco de semillas de Cannabis\",\"publisher\":{\"@id\":\"https:\/\/ketamaseeds.com\/fr\/#organization\"},\"potentialAction\":[{\"@type\":\"SearchAction\",\"target\":{\"@type\":\"EntryPoint\",\"urlTemplate\":\"https:\/\/ketamaseeds.com\/fr\/?s={search_term_string}\"},\"query-input\":{\"@type\":\"PropertyValueSpecification\",\"valueRequired\":true,\"valueName\":\"search_term_string\"}}],\"inLanguage\":\"fr-FR\"},{\"@type\":\"Organization\",\"@id\":\"https:\/\/ketamaseeds.com\/fr\/#organization\",\"name\":\"KETAMA SEEDS\",\"url\":\"https:\/\/ketamaseeds.com\/fr\/\",\"logo\":{\"@type\":\"ImageObject\",\"inLanguage\":\"fr-FR\",\"@id\":\"https:\/\/ketamaseeds.com\/fr\/#\/schema\/logo\/image\/\",\"url\":\"https:\/\/ketamaseeds.com\/wp-content\/uploads\/2023\/10\/cropped-ketama-seeds-logo.jpeg\",\"contentUrl\":\"https:\/\/ketamaseeds.com\/wp-content\/uploads\/2023\/10\/cropped-ketama-seeds-logo.jpeg\",\"width\":512,\"height\":512,\"caption\":\"KETAMA SEEDS\"},\"image\":{\"@id\":\"https:\/\/ketamaseeds.com\/fr\/#\/schema\/logo\/image\/\"},\"sameAs\":[\"https:\/\/www.facebook.com\/ketamaseedsbank\",\"https:\/\/x.com\/KetamaSeeds\",\"https:\/\/www.instagram.com\/ketamaseeds\"]}]}<\/script>\n<!-- \/ Yoast SEO plugin. -->","yoast_head_json":{"title":"CHEESE AUTO graines de cannabis autofloraison","description":"Cheese Auto a gagn\u00e9 en popularit\u00e9 aupr\u00e8s des cultivateurs novices et de ceux qui recherchent une r\u00e9colte rapide avec des caract\u00e9ristiques aromatiques uniques.","robots":{"index":"index","follow":"follow","max-snippet":"max-snippet:-1","max-image-preview":"max-image-preview:large","max-video-preview":"max-video-preview:-1"},"canonical":"https:\/\/ketamaseeds.com\/fr\/produit\/cheese-auto-graines-de-cannabis-autofloraison\/","og_locale":"fr_FR","og_type":"article","og_title":"CHEESE AUTO graines de cannabis autofloraison","og_description":"Cheese Auto a gagn\u00e9 en popularit\u00e9 aupr\u00e8s des cultivateurs novices et de ceux qui recherchent une r\u00e9colte rapide avec des caract\u00e9ristiques aromatiques uniques.","og_url":"https:\/\/ketamaseeds.com\/fr\/produit\/cheese-auto-graines-de-cannabis-autofloraison\/","og_site_name":"KETAMA SEEDS","article_publisher":"https:\/\/www.facebook.com\/ketamaseedsbank","article_modified_time":"2023-12-08T16:18:50+00:00","og_image":[{"width":800,"height":600,"url":"https:\/\/ketamaseeds.com\/wp-content\/uploads\/2023\/10\/ketama-cheese-auto-flor-de-cannabis.jpg","type":"image\/jpeg"}],"twitter_card":"summary_large_image","twitter_site":"@KetamaSeeds","twitter_misc":{"Dur\u00e9e de lecture estim\u00e9e":"2 minutes"},"schema":{"@context":"https:\/\/schema.org","@graph":[{"@type":"WebPage","@id":"https:\/\/ketamaseeds.com\/fr\/produit\/cheese-auto-graines-de-cannabis-autofloraison\/","url":"https:\/\/ketamaseeds.com\/fr\/produit\/cheese-auto-graines-de-cannabis-autofloraison\/","name":"CHEESE AUTO graines de cannabis autofloraison","isPartOf":{"@id":"https:\/\/ketamaseeds.com\/fr\/#website"},"primaryImageOfPage":{"@id":"https:\/\/ketamaseeds.com\/fr\/produit\/cheese-auto-graines-de-cannabis-autofloraison\/#primaryimage"},"image":{"@id":"https:\/\/ketamaseeds.com\/fr\/produit\/cheese-auto-graines-de-cannabis-autofloraison\/#primaryimage"},"thumbnailUrl":"https:\/\/ketamaseeds.com\/wp-content\/uploads\/2023\/10\/ketama-cheese-auto-flor-de-cannabis.jpg","datePublished":"2023-10-25T20:56:29+00:00","dateModified":"2023-12-08T16:18:50+00:00","description":"Cheese Auto a gagn\u00e9 en popularit\u00e9 aupr\u00e8s des cultivateurs novices et de ceux qui recherchent une r\u00e9colte rapide avec des caract\u00e9ristiques aromatiques uniques.","breadcrumb":{"@id":"https:\/\/ketamaseeds.com\/fr\/produit\/cheese-auto-graines-de-cannabis-autofloraison\/#breadcrumb"},"inLanguage":"fr-FR","potentialAction":[{"@type":"ReadAction","target":["https:\/\/ketamaseeds.com\/fr\/produit\/cheese-auto-graines-de-cannabis-autofloraison\/"]}]},{"@type":"ImageObject","inLanguage":"fr-FR","@id":"https:\/\/ketamaseeds.com\/fr\/produit\/cheese-auto-graines-de-cannabis-autofloraison\/#primaryimage","url":"https:\/\/ketamaseeds.com\/wp-content\/uploads\/2023\/10\/ketama-cheese-auto-flor-de-cannabis.jpg","contentUrl":"https:\/\/ketamaseeds.com\/wp-content\/uploads\/2023\/10\/ketama-cheese-auto-flor-de-cannabis.jpg","width":800,"height":600,"caption":"KETAMA CHEESE fleur de cannabis \u00e0 autofloraison"},{"@type":"BreadcrumbList","@id":"https:\/\/ketamaseeds.com\/fr\/produit\/cheese-auto-graines-de-cannabis-autofloraison\/#breadcrumb","itemListElement":[{"@type":"ListItem","position":1,"name":"Home","item":"https:\/\/ketamaseeds.com\/fr\/"},{"@type":"ListItem","position":2,"name":"Graines de cannabis","item":"https:\/\/ketamaseeds.com\/fr\/graines-de-cannabis\/"},{"@type":"ListItem","position":3,"name":"CHEESE AUTO graines de cannabis autofloraison"}]},{"@type":"WebSite","@id":"https:\/\/ketamaseeds.com\/fr\/#website","url":"https:\/\/ketamaseeds.com\/fr\/","name":"KETAMA SEEDS","description":"Banco de semillas de Cannabis","publisher":{"@id":"https:\/\/ketamaseeds.com\/fr\/#organization"},"potentialAction":[{"@type":"SearchAction","target":{"@type":"EntryPoint","urlTemplate":"https:\/\/ketamaseeds.com\/fr\/?s={search_term_string}"},"query-input":{"@type":"PropertyValueSpecification","valueRequired":true,"valueName":"search_term_string"}}],"inLanguage":"fr-FR"},{"@type":"Organization","@id":"https:\/\/ketamaseeds.com\/fr\/#organization","name":"KETAMA SEEDS","url":"https:\/\/ketamaseeds.com\/fr\/","logo":{"@type":"ImageObject","inLanguage":"fr-FR","@id":"https:\/\/ketamaseeds.com\/fr\/#\/schema\/logo\/image\/","url":"https:\/\/ketamaseeds.com\/wp-content\/uploads\/2023\/10\/cropped-ketama-seeds-logo.jpeg","contentUrl":"https:\/\/ketamaseeds.com\/wp-content\/uploads\/2023\/10\/cropped-ketama-seeds-logo.jpeg","width":512,"height":512,"caption":"KETAMA SEEDS"},"image":{"@id":"https:\/\/ketamaseeds.com\/fr\/#\/schema\/logo\/image\/"},"sameAs":["https:\/\/www.facebook.com\/ketamaseedsbank","https:\/\/x.com\/KetamaSeeds","https:\/\/www.instagram.com\/ketamaseeds"]}]}},"_links":{"self":[{"href":"https:\/\/ketamaseeds.com\/fr\/wp-json\/wp\/v2\/product\/1183","targetHints":{"allow":["GET"]}}],"collection":[{"href":"https:\/\/ketamaseeds.com\/fr\/wp-json\/wp\/v2\/product"}],"about":[{"href":"https:\/\/ketamaseeds.com\/fr\/wp-json\/wp\/v2\/types\/product"}],"replies":[{"embeddable":true,"href":"https:\/\/ketamaseeds.com\/fr\/wp-json\/wp\/v2\/comments?post=1183"}],"wp:featuredmedia":[{"embeddable":true,"href":"https:\/\/ketamaseeds.com\/fr\/wp-json\/wp\/v2\/media\/616"}],"wp:attachment":[{"href":"https:\/\/ketamaseeds.com\/fr\/wp-json\/wp\/v2\/media?parent=1183"}],"wp:term":[{"taxonomy":"product_brand","embeddable":true,"href":"https:\/\/ketamaseeds.com\/fr\/wp-json\/wp\/v2\/product_brand?post=1183"},{"taxonomy":"product_cat","embeddable":true,"href":"https:\/\/ketamaseeds.com\/fr\/wp-json\/wp\/v2\/product_cat?post=1183"},{"taxonomy":"product_tag","embeddable":true,"href":"https:\/\/ketamaseeds.com\/fr\/wp-json\/wp\/v2\/product_tag?post=1183"}],"curies":[{"name":"wp","href":"https:\/\/api.w.org\/{rel}","templated":true}]}}