{"id":1206,"date":"2023-10-25T20:34:03","date_gmt":"2023-10-25T20:34:03","guid":{"rendered":"http:\/\/ketamaseeds.com\/product\/gangster-auto-graines-de-cannabis-autofloraison\/"},"modified":"2023-12-08T16:10:12","modified_gmt":"2023-12-08T16:10:12","slug":"gangster-auto-graines-de-cannabis-autofloraison","status":"publish","type":"product","link":"https:\/\/ketamaseeds.com\/fr\/produit\/gangster-auto-graines-de-cannabis-autofloraison\/","title":{"rendered":"GANGSTER AUTO graines de cannabis autofloraison"},"content":{"rendered":"<h2>GANGSTER AUTO graines de cannabis autofloraison<\/h2>\n<p>GANGSTER AUTO graines de marijuana \u00e0 autofloraison, une vari\u00e9t\u00e9 riche qui conserve toutes les caract\u00e9ristiques et les nuances de l&rsquo;OG Kush.<\/p>\n<p>GANGSTER AUTO est une vari\u00e9t\u00e9 de cannabis qui se distingue par sa beaut\u00e9 avec des plantes fortes et vigoureuses, un d\u00e9veloppement tr\u00e8s rapide dans lequel nous verrons des plantes de taille moyenne et une floraison pr\u00e9coce pleine de bourgeons lourds et consistants.<\/p>\n<p>Elle a un ar\u00f4me et une saveur tr\u00e8s reconnaissables avec des touches d&rsquo;agrumes et d&rsquo;\u00e9pices h\u00e9rit\u00e9es de l&rsquo;OG Kush.<\/p>\n<p>Les graines f\u00e9minis\u00e9es \u00e0 autofloraison GANGSTER AUTO permettent \u00e0 tous les types de cultivateurs d&rsquo;appr\u00e9cier leur haute qualit\u00e9 et leur rapidit\u00e9.<\/p>\n<p>Dans les r\u00e9gions au climat chaud, la GANGSTER AUTO en ext\u00e9rieur donnera de tr\u00e8s bonnes r\u00e9coltes, tout comme en int\u00e9rieur.<\/p>\n<p>L&rsquo;effet produit par la GANGSTER AUTO est puissant, physique et mental, et sa dur\u00e9e est assez longue.<\/p>\n<p>Une vari\u00e9t\u00e9 de marijuana \u00e0 autofloraison aux saveurs fines que nous recommandons \u00e0 tous les collectionneurs et amateurs de qualit\u00e9.<\/p>\n<p>Transformez votre culture GANGSTER Auto. D\u00e9couvrez la magie de cette vari\u00e9t\u00e9 classique dans une version \u00e0 autofloraison.<\/p>\n<p>Cultivez votre propre h\u00e9ritage de cannabis avec la puissance et la saveur l\u00e9gendaires de GANGSTER Auto.<\/p>\n<p>VARI\u00c9T\u00c9 : Hybride \u00e0 dominance indica<br \/>\nAROME : Agrumes et \u00e9pices<br \/>\nEFFET : Cr\u00e9atif &#8211; Relaxant<br \/>\nTHC : 10-14%.<br \/>\nCBD : Moyennement \u00e9lev\u00e9<br \/>\nSensibilit\u00e9 aux champignons : \u00e9lev\u00e9e<br \/>\nPARAM\u00c8TRES DE CULTURE BIOLOGIQUE HYDROPONIQUE<br \/>\nCroissance EC 0,6-0,9ms 1,1-1,4ms<br \/>\nEC Floraison 0,9-1,4ms 1,4-2,2ms<br \/>\nPH Croissance 5,5 5,8<br \/>\nPH Floraison 6,5 6,5<br \/>\nD\u00c9VELOPPEMENT EXT\u00c9RIEUR INT\u00c9RIEUR<br \/>\nR\u00c9COLTE 70-75 jours 70-75 jours<br \/>\nRENDEMENT 50- 200 gr. par plante 400-500 gr\/ par m2<\/p>\n<h3>GANGSTER AUTO graines de cannabis autofloraison<\/h3>\n","protected":false},"excerpt":{"rendered":"<p>GANGSTER AUTO graines de cannabis autofloraison GANGSTER AUTO graines de marijuana \u00e0 autofloraison, une vari\u00e9t\u00e9 riche qui conserve toutes les caract\u00e9ristiques et les nuances de l&rsquo;OG Kush. GANGSTER AUTO est une vari\u00e9t\u00e9 de cannabis qui se distingue par sa beaut\u00e9 avec des plantes fortes et vigoureuses, un d\u00e9veloppement tr\u00e8s rapide dans lequel nous verrons des [&hellip;]<\/p>\n","protected":false},"featured_media":613,"comment_status":"open","ping_status":"closed","template":"","meta":{"_et_pb_use_builder":"","_et_pb_old_content":"","_et_gb_content_width":""},"product_brand":[],"product_cat":[39],"product_tag":[],"class_list":{"0":"post-1206","1":"product","2":"type-product","3":"status-publish","4":"has-post-thumbnail","6":"product_cat-graines-autofloraison","8":"first","9":"instock","10":"shipping-taxable","11":"purchasable","12":"product-type-variable"},"yoast_head":"<!-- This site is optimized with the Yoast SEO plugin v27.3 - https:\/\/yoast.com\/product\/yoast-seo-wordpress\/ -->\n<title>GANGSTER AUTO graines de cannabis autofloraison<\/title>\n<meta name=\"description\" content=\"GANGSTER AUTO graines de marijuana \u00e0 autofloraison, une vari\u00e9t\u00e9 riche qui conserve toutes les caract\u00e9ristiques et les nuances de l&#039;OG Kush.\" \/>\n<meta name=\"robots\" content=\"index, follow, max-snippet:-1, max-image-preview:large, max-video-preview:-1\" \/>\n<link rel=\"canonical\" href=\"https:\/\/ketamaseeds.com\/fr\/produit\/gangster-auto-graines-de-cannabis-autofloraison\/\" \/>\n<meta property=\"og:locale\" content=\"fr_FR\" \/>\n<meta property=\"og:type\" content=\"article\" \/>\n<meta property=\"og:title\" content=\"GANGSTER AUTO graines de cannabis autofloraison\" \/>\n<meta property=\"og:description\" content=\"GANGSTER AUTO graines de marijuana \u00e0 autofloraison, une vari\u00e9t\u00e9 riche qui conserve toutes les caract\u00e9ristiques et les nuances de l&#039;OG Kush.\" \/>\n<meta property=\"og:url\" content=\"https:\/\/ketamaseeds.com\/fr\/produit\/gangster-auto-graines-de-cannabis-autofloraison\/\" \/>\n<meta property=\"og:site_name\" content=\"KETAMA SEEDS\" \/>\n<meta property=\"article:publisher\" content=\"https:\/\/www.facebook.com\/ketamaseedsbank\" \/>\n<meta property=\"article:modified_time\" content=\"2023-12-08T16:10:12+00:00\" \/>\n<meta property=\"og:image\" content=\"https:\/\/ketamaseeds.com\/wp-content\/uploads\/2023\/10\/GANGSTER-AUTO-semillas-autoflorecientes-feminizadas.jpg\" \/>\n\t<meta property=\"og:image:width\" content=\"360\" \/>\n\t<meta property=\"og:image:height\" content=\"480\" \/>\n\t<meta property=\"og:image:type\" content=\"image\/jpeg\" \/>\n<meta name=\"twitter:card\" content=\"summary_large_image\" \/>\n<meta name=\"twitter:site\" content=\"@KetamaSeeds\" \/>\n<meta name=\"twitter:label1\" content=\"Dur\u00e9e de lecture estim\u00e9e\" \/>\n\t<meta name=\"twitter:data1\" content=\"2 minutes\" \/>\n<script type=\"application\/ld+json\" class=\"yoast-schema-graph\">{\"@context\":\"https:\\\/\\\/schema.org\",\"@graph\":[{\"@type\":\"WebPage\",\"@id\":\"https:\\\/\\\/ketamaseeds.com\\\/fr\\\/produit\\\/gangster-auto-graines-de-cannabis-autofloraison\\\/\",\"url\":\"https:\\\/\\\/ketamaseeds.com\\\/fr\\\/produit\\\/gangster-auto-graines-de-cannabis-autofloraison\\\/\",\"name\":\"GANGSTER AUTO graines de cannabis autofloraison\",\"isPartOf\":{\"@id\":\"https:\\\/\\\/ketamaseeds.com\\\/fr\\\/#website\"},\"primaryImageOfPage\":{\"@id\":\"https:\\\/\\\/ketamaseeds.com\\\/fr\\\/produit\\\/gangster-auto-graines-de-cannabis-autofloraison\\\/#primaryimage\"},\"image\":{\"@id\":\"https:\\\/\\\/ketamaseeds.com\\\/fr\\\/produit\\\/gangster-auto-graines-de-cannabis-autofloraison\\\/#primaryimage\"},\"thumbnailUrl\":\"https:\\\/\\\/ketamaseeds.com\\\/wp-content\\\/uploads\\\/2023\\\/10\\\/GANGSTER-AUTO-semillas-autoflorecientes-feminizadas.jpg\",\"datePublished\":\"2023-10-25T20:34:03+00:00\",\"dateModified\":\"2023-12-08T16:10:12+00:00\",\"description\":\"GANGSTER AUTO graines de marijuana \u00e0 autofloraison, une vari\u00e9t\u00e9 riche qui conserve toutes les caract\u00e9ristiques et les nuances de l'OG Kush.\",\"breadcrumb\":{\"@id\":\"https:\\\/\\\/ketamaseeds.com\\\/fr\\\/produit\\\/gangster-auto-graines-de-cannabis-autofloraison\\\/#breadcrumb\"},\"inLanguage\":\"fr-FR\",\"potentialAction\":[{\"@type\":\"ReadAction\",\"target\":[\"https:\\\/\\\/ketamaseeds.com\\\/fr\\\/produit\\\/gangster-auto-graines-de-cannabis-autofloraison\\\/\"]}]},{\"@type\":\"ImageObject\",\"inLanguage\":\"fr-FR\",\"@id\":\"https:\\\/\\\/ketamaseeds.com\\\/fr\\\/produit\\\/gangster-auto-graines-de-cannabis-autofloraison\\\/#primaryimage\",\"url\":\"https:\\\/\\\/ketamaseeds.com\\\/wp-content\\\/uploads\\\/2023\\\/10\\\/GANGSTER-AUTO-semillas-autoflorecientes-feminizadas.jpg\",\"contentUrl\":\"https:\\\/\\\/ketamaseeds.com\\\/wp-content\\\/uploads\\\/2023\\\/10\\\/GANGSTER-AUTO-semillas-autoflorecientes-feminizadas.jpg\",\"width\":360,\"height\":480,\"caption\":\"GANGSTER AUTO graines de cannabis autofloraison\"},{\"@type\":\"BreadcrumbList\",\"@id\":\"https:\\\/\\\/ketamaseeds.com\\\/fr\\\/produit\\\/gangster-auto-graines-de-cannabis-autofloraison\\\/#breadcrumb\",\"itemListElement\":[{\"@type\":\"ListItem\",\"position\":1,\"name\":\"Home\",\"item\":\"https:\\\/\\\/ketamaseeds.com\\\/fr\\\/\"},{\"@type\":\"ListItem\",\"position\":2,\"name\":\"Graines de cannabis\",\"item\":\"https:\\\/\\\/ketamaseeds.com\\\/fr\\\/graines-de-cannabis\\\/\"},{\"@type\":\"ListItem\",\"position\":3,\"name\":\"GANGSTER AUTO graines de cannabis autofloraison\"}]},{\"@type\":\"WebSite\",\"@id\":\"https:\\\/\\\/ketamaseeds.com\\\/fr\\\/#website\",\"url\":\"https:\\\/\\\/ketamaseeds.com\\\/fr\\\/\",\"name\":\"KETAMA SEEDS\",\"description\":\"Banco de semillas de Cannabis\",\"publisher\":{\"@id\":\"https:\\\/\\\/ketamaseeds.com\\\/fr\\\/#organization\"},\"potentialAction\":[{\"@type\":\"SearchAction\",\"target\":{\"@type\":\"EntryPoint\",\"urlTemplate\":\"https:\\\/\\\/ketamaseeds.com\\\/fr\\\/?s={search_term_string}\"},\"query-input\":{\"@type\":\"PropertyValueSpecification\",\"valueRequired\":true,\"valueName\":\"search_term_string\"}}],\"inLanguage\":\"fr-FR\"},{\"@type\":\"Organization\",\"@id\":\"https:\\\/\\\/ketamaseeds.com\\\/fr\\\/#organization\",\"name\":\"KETAMA SEEDS\",\"url\":\"https:\\\/\\\/ketamaseeds.com\\\/fr\\\/\",\"logo\":{\"@type\":\"ImageObject\",\"inLanguage\":\"fr-FR\",\"@id\":\"https:\\\/\\\/ketamaseeds.com\\\/fr\\\/#\\\/schema\\\/logo\\\/image\\\/\",\"url\":\"https:\\\/\\\/ketamaseeds.com\\\/wp-content\\\/uploads\\\/2023\\\/10\\\/cropped-ketama-seeds-logo.jpeg\",\"contentUrl\":\"https:\\\/\\\/ketamaseeds.com\\\/wp-content\\\/uploads\\\/2023\\\/10\\\/cropped-ketama-seeds-logo.jpeg\",\"width\":512,\"height\":512,\"caption\":\"KETAMA SEEDS\"},\"image\":{\"@id\":\"https:\\\/\\\/ketamaseeds.com\\\/fr\\\/#\\\/schema\\\/logo\\\/image\\\/\"},\"sameAs\":[\"https:\\\/\\\/www.facebook.com\\\/ketamaseedsbank\",\"https:\\\/\\\/x.com\\\/KetamaSeeds\",\"https:\\\/\\\/www.instagram.com\\\/ketamaseeds\"]}]}<\/script>\n<!-- \/ Yoast SEO plugin. -->","yoast_head_json":{"title":"GANGSTER AUTO graines de cannabis autofloraison","description":"GANGSTER AUTO graines de marijuana \u00e0 autofloraison, une vari\u00e9t\u00e9 riche qui conserve toutes les caract\u00e9ristiques et les nuances de l'OG Kush.","robots":{"index":"index","follow":"follow","max-snippet":"max-snippet:-1","max-image-preview":"max-image-preview:large","max-video-preview":"max-video-preview:-1"},"canonical":"https:\/\/ketamaseeds.com\/fr\/produit\/gangster-auto-graines-de-cannabis-autofloraison\/","og_locale":"fr_FR","og_type":"article","og_title":"GANGSTER AUTO graines de cannabis autofloraison","og_description":"GANGSTER AUTO graines de marijuana \u00e0 autofloraison, une vari\u00e9t\u00e9 riche qui conserve toutes les caract\u00e9ristiques et les nuances de l'OG Kush.","og_url":"https:\/\/ketamaseeds.com\/fr\/produit\/gangster-auto-graines-de-cannabis-autofloraison\/","og_site_name":"KETAMA SEEDS","article_publisher":"https:\/\/www.facebook.com\/ketamaseedsbank","article_modified_time":"2023-12-08T16:10:12+00:00","og_image":[{"width":360,"height":480,"url":"https:\/\/ketamaseeds.com\/wp-content\/uploads\/2023\/10\/GANGSTER-AUTO-semillas-autoflorecientes-feminizadas.jpg","type":"image\/jpeg"}],"twitter_card":"summary_large_image","twitter_site":"@KetamaSeeds","twitter_misc":{"Dur\u00e9e de lecture estim\u00e9e":"2 minutes"},"schema":{"@context":"https:\/\/schema.org","@graph":[{"@type":"WebPage","@id":"https:\/\/ketamaseeds.com\/fr\/produit\/gangster-auto-graines-de-cannabis-autofloraison\/","url":"https:\/\/ketamaseeds.com\/fr\/produit\/gangster-auto-graines-de-cannabis-autofloraison\/","name":"GANGSTER AUTO graines de cannabis autofloraison","isPartOf":{"@id":"https:\/\/ketamaseeds.com\/fr\/#website"},"primaryImageOfPage":{"@id":"https:\/\/ketamaseeds.com\/fr\/produit\/gangster-auto-graines-de-cannabis-autofloraison\/#primaryimage"},"image":{"@id":"https:\/\/ketamaseeds.com\/fr\/produit\/gangster-auto-graines-de-cannabis-autofloraison\/#primaryimage"},"thumbnailUrl":"https:\/\/ketamaseeds.com\/wp-content\/uploads\/2023\/10\/GANGSTER-AUTO-semillas-autoflorecientes-feminizadas.jpg","datePublished":"2023-10-25T20:34:03+00:00","dateModified":"2023-12-08T16:10:12+00:00","description":"GANGSTER AUTO graines de marijuana \u00e0 autofloraison, une vari\u00e9t\u00e9 riche qui conserve toutes les caract\u00e9ristiques et les nuances de l'OG Kush.","breadcrumb":{"@id":"https:\/\/ketamaseeds.com\/fr\/produit\/gangster-auto-graines-de-cannabis-autofloraison\/#breadcrumb"},"inLanguage":"fr-FR","potentialAction":[{"@type":"ReadAction","target":["https:\/\/ketamaseeds.com\/fr\/produit\/gangster-auto-graines-de-cannabis-autofloraison\/"]}]},{"@type":"ImageObject","inLanguage":"fr-FR","@id":"https:\/\/ketamaseeds.com\/fr\/produit\/gangster-auto-graines-de-cannabis-autofloraison\/#primaryimage","url":"https:\/\/ketamaseeds.com\/wp-content\/uploads\/2023\/10\/GANGSTER-AUTO-semillas-autoflorecientes-feminizadas.jpg","contentUrl":"https:\/\/ketamaseeds.com\/wp-content\/uploads\/2023\/10\/GANGSTER-AUTO-semillas-autoflorecientes-feminizadas.jpg","width":360,"height":480,"caption":"GANGSTER AUTO graines de cannabis autofloraison"},{"@type":"BreadcrumbList","@id":"https:\/\/ketamaseeds.com\/fr\/produit\/gangster-auto-graines-de-cannabis-autofloraison\/#breadcrumb","itemListElement":[{"@type":"ListItem","position":1,"name":"Home","item":"https:\/\/ketamaseeds.com\/fr\/"},{"@type":"ListItem","position":2,"name":"Graines de cannabis","item":"https:\/\/ketamaseeds.com\/fr\/graines-de-cannabis\/"},{"@type":"ListItem","position":3,"name":"GANGSTER AUTO graines de cannabis autofloraison"}]},{"@type":"WebSite","@id":"https:\/\/ketamaseeds.com\/fr\/#website","url":"https:\/\/ketamaseeds.com\/fr\/","name":"KETAMA SEEDS","description":"Banco de semillas de Cannabis","publisher":{"@id":"https:\/\/ketamaseeds.com\/fr\/#organization"},"potentialAction":[{"@type":"SearchAction","target":{"@type":"EntryPoint","urlTemplate":"https:\/\/ketamaseeds.com\/fr\/?s={search_term_string}"},"query-input":{"@type":"PropertyValueSpecification","valueRequired":true,"valueName":"search_term_string"}}],"inLanguage":"fr-FR"},{"@type":"Organization","@id":"https:\/\/ketamaseeds.com\/fr\/#organization","name":"KETAMA SEEDS","url":"https:\/\/ketamaseeds.com\/fr\/","logo":{"@type":"ImageObject","inLanguage":"fr-FR","@id":"https:\/\/ketamaseeds.com\/fr\/#\/schema\/logo\/image\/","url":"https:\/\/ketamaseeds.com\/wp-content\/uploads\/2023\/10\/cropped-ketama-seeds-logo.jpeg","contentUrl":"https:\/\/ketamaseeds.com\/wp-content\/uploads\/2023\/10\/cropped-ketama-seeds-logo.jpeg","width":512,"height":512,"caption":"KETAMA SEEDS"},"image":{"@id":"https:\/\/ketamaseeds.com\/fr\/#\/schema\/logo\/image\/"},"sameAs":["https:\/\/www.facebook.com\/ketamaseedsbank","https:\/\/x.com\/KetamaSeeds","https:\/\/www.instagram.com\/ketamaseeds"]}]}},"_links":{"self":[{"href":"https:\/\/ketamaseeds.com\/fr\/wp-json\/wp\/v2\/product\/1206","targetHints":{"allow":["GET"]}}],"collection":[{"href":"https:\/\/ketamaseeds.com\/fr\/wp-json\/wp\/v2\/product"}],"about":[{"href":"https:\/\/ketamaseeds.com\/fr\/wp-json\/wp\/v2\/types\/product"}],"replies":[{"embeddable":true,"href":"https:\/\/ketamaseeds.com\/fr\/wp-json\/wp\/v2\/comments?post=1206"}],"wp:featuredmedia":[{"embeddable":true,"href":"https:\/\/ketamaseeds.com\/fr\/wp-json\/wp\/v2\/media\/613"}],"wp:attachment":[{"href":"https:\/\/ketamaseeds.com\/fr\/wp-json\/wp\/v2\/media?parent=1206"}],"wp:term":[{"taxonomy":"product_brand","embeddable":true,"href":"https:\/\/ketamaseeds.com\/fr\/wp-json\/wp\/v2\/product_brand?post=1206"},{"taxonomy":"product_cat","embeddable":true,"href":"https:\/\/ketamaseeds.com\/fr\/wp-json\/wp\/v2\/product_cat?post=1206"},{"taxonomy":"product_tag","embeddable":true,"href":"https:\/\/ketamaseeds.com\/fr\/wp-json\/wp\/v2\/product_tag?post=1206"}],"curies":[{"name":"wp","href":"https:\/\/api.w.org\/{rel}","templated":true}]}}