{"id":1224,"date":"2023-10-12T02:57:17","date_gmt":"2023-10-12T02:57:17","guid":{"rendered":"http:\/\/ketamaseeds.com\/product\/critical-auto-graines-de-cannabis-autofloraison\/"},"modified":"2025-04-12T18:55:08","modified_gmt":"2025-04-12T18:55:08","slug":"critical-auto-graines-de-cannabis-autofloraison","status":"publish","type":"product","link":"https:\/\/ketamaseeds.com\/fr\/produit\/critical-auto-graines-de-cannabis-autofloraison\/","title":{"rendered":"CRITICAL AUTO graines de cannabis autofloraison"},"content":{"rendered":"<h2>CRITICAL AUTO graines de cannabis autofloraison<\/h2>\n<p>Apr\u00e8s un long travail, nous avons obtenu des graines de marijuana CRITICAL AUTO de derni\u00e8re g\u00e9n\u00e9ration qui se distinguent par leur ar\u00f4me, la consistance des fleurs et leur production \u00e9lev\u00e9e.<\/p>\n<p>La CRITICAL AUTO conserve l&rsquo;ar\u00f4me caract\u00e9ristique de sa g\u00e9n\u00e9tique, toute la beaut\u00e9, la couleur et la splendeur de la <a href=\"https:\/\/ketamaseeds.com\/fr\/produit\/critical\/\">CRITICAL KETAMA<\/a>.<\/p>\n<p>Avec sa croissance rapide, il est frappant de voir comment la CRITICAL AUTO finit par se d\u00e9velopper en une plante de grande taille.<\/p>\n<p>Sous un bon climat et bien nourri, il peut atteindre une hauteur d&rsquo;un peu plus d&rsquo;un m\u00e8tre et demi.<\/p>\n<p>Ses fleurs apparaissent \u00e9galement sur les branches lat\u00e9rales, ces bourgeons durs qui finiront par donner une r\u00e9colte fructueuse.<\/p>\n<p>En r\u00e9sum\u00e9, une vari\u00e9t\u00e9 de graines de marijuana \u00e0 autofloraison de descendance Indica qui, en peu de temps, donne des r\u00e9sultats spectaculaires.<\/p>\n<p>Comme il s&rsquo;agit de plantes \u00e0 autofloraison, dans les endroits b\u00e9n\u00e9ficiant d&rsquo;un bon climat, elles peuvent \u00eatre r\u00e9colt\u00e9es plusieurs fois par an en raison de leur rapidit\u00e9.<\/p>\n<p>Nombreux sont ceux qui optent pour la culture en int\u00e9rieur, dans de petits ou grands espaces.<\/p>\n<p>Nous sommes ravis de contribuer au d\u00e9veloppement de ces graines de marijuana \u00e0 autofloraison CRITICAL AUTO, l&rsquo;une des vari\u00e9t\u00e9s les plus populaires aujourd&rsquo;hui, et fiers de poss\u00e9der les graines les plus stables et les plus productives de cette c\u00e9l\u00e8bre vari\u00e9t\u00e9.<\/p>\n<p>Sans aucun doute, les graines de marijuana f\u00e9minis\u00e9es \u00e0 floraison automatique de notre vari\u00e9t\u00e9 CRITICAL AUTO sont l&rsquo;une des meilleures options lorsque nous voulons des r\u00e9coltes pr\u00e9coces ou que nous disposons de peu d&rsquo;espace pour cultiver des plantes.<\/p>\n<p>VARI\u00c9T\u00c9 DE GRAINE : AUTOFLORAISON F\u00c9MINIS\u00c9E<br \/>\nAROME : Agrumes, bois et \u00e9pices<br \/>\nEFFET : Relaxant<br \/>\nTHC : 9-13%.<br \/>\nCBD : moyen &#8211; \u00e9lev\u00e9<br \/>\nSensibilit\u00e9 aux champignons : HAUTE<br \/>\nPARAM\u00c8TRES BIOLOGIQUES HYDROPONIQUES<br \/>\nCroissance EC : 0,7ms 1-1,2ms<br \/>\nEC Floraison : 1ms 1,2ms<br \/>\nPH Croissance : 6.0 5,8<br \/>\nPH floraison : 7,0 6,0<br \/>\nD\u00c9VELOPPEMENT EXT\u00c9RIEUR INT\u00c9RIEUR<br \/>\nR\u00c9COLTE : 60-65 jours 60-65 jours<br \/>\nRENDEMENT : 70 &#8211; 150 gr. par plante 450 gr\/m2<\/p>\n<h3>CRITICAL AUTO graines de cannabis autofloraison<\/h3>\n","protected":false},"excerpt":{"rendered":"<p><strong>CRITICAL AUTO graines de marijuana f\u00e9minis\u00e9es \u00e0 autofloraison pour l&rsquo;int\u00e9rieur et l&rsquo;ext\u00e9rieur.<\/strong><\/p>\n","protected":false},"featured_media":541,"comment_status":"open","ping_status":"closed","template":"","meta":{"_et_pb_use_builder":"","_et_pb_old_content":"","_et_gb_content_width":""},"product_brand":[],"product_cat":[39],"product_tag":[],"class_list":{"0":"post-1224","1":"product","2":"type-product","3":"status-publish","4":"has-post-thumbnail","6":"product_cat-graines-autofloraison","8":"first","9":"instock","10":"shipping-taxable","11":"purchasable","12":"product-type-variable"},"yoast_head":"<!-- This site is optimized with the Yoast SEO plugin v27.3 - https:\/\/yoast.com\/product\/yoast-seo-wordpress\/ -->\n<title>CRITICAL AUTO graines de cannabis autofloraison<\/title>\n<meta name=\"description\" content=\"La CRITICAL AUTO conserve l&#039;ar\u00f4me caract\u00e9ristique de sa g\u00e9n\u00e9tique, toute la beaut\u00e9, la couleur et la splendeur de la CRITICAL KETAMA.\" \/>\n<meta name=\"robots\" content=\"index, follow, max-snippet:-1, max-image-preview:large, max-video-preview:-1\" \/>\n<link rel=\"canonical\" href=\"https:\/\/ketamaseeds.com\/fr\/produit\/critical-auto-graines-de-cannabis-autofloraison\/\" \/>\n<meta property=\"og:locale\" content=\"fr_FR\" \/>\n<meta property=\"og:type\" content=\"article\" \/>\n<meta property=\"og:title\" content=\"CRITICAL AUTO graines de cannabis autofloraison\" \/>\n<meta property=\"og:description\" content=\"La CRITICAL AUTO conserve l&#039;ar\u00f4me caract\u00e9ristique de sa g\u00e9n\u00e9tique, toute la beaut\u00e9, la couleur et la splendeur de la CRITICAL KETAMA.\" \/>\n<meta property=\"og:url\" content=\"https:\/\/ketamaseeds.com\/fr\/produit\/critical-auto-graines-de-cannabis-autofloraison\/\" \/>\n<meta property=\"og:site_name\" content=\"KETAMA SEEDS\" \/>\n<meta property=\"article:publisher\" content=\"https:\/\/www.facebook.com\/ketamaseedsbank\" \/>\n<meta property=\"article:modified_time\" content=\"2025-04-12T18:55:08+00:00\" \/>\n<meta property=\"og:image\" content=\"https:\/\/ketamaseeds.com\/wp-content\/uploads\/2023\/10\/Critical-auto-flor-de-cannabis.jpg\" \/>\n\t<meta property=\"og:image:width\" content=\"720\" \/>\n\t<meta property=\"og:image:height\" content=\"960\" \/>\n\t<meta property=\"og:image:type\" content=\"image\/jpeg\" \/>\n<meta name=\"twitter:card\" content=\"summary_large_image\" \/>\n<meta name=\"twitter:site\" content=\"@KetamaSeeds\" \/>\n<meta name=\"twitter:label1\" content=\"Dur\u00e9e de lecture estim\u00e9e\" \/>\n\t<meta name=\"twitter:data1\" content=\"2 minutes\" \/>\n<script type=\"application\/ld+json\" class=\"yoast-schema-graph\">{\"@context\":\"https:\\\/\\\/schema.org\",\"@graph\":[{\"@type\":\"WebPage\",\"@id\":\"https:\\\/\\\/ketamaseeds.com\\\/fr\\\/produit\\\/critical-auto-graines-de-cannabis-autofloraison\\\/\",\"url\":\"https:\\\/\\\/ketamaseeds.com\\\/fr\\\/produit\\\/critical-auto-graines-de-cannabis-autofloraison\\\/\",\"name\":\"CRITICAL AUTO graines de cannabis autofloraison\",\"isPartOf\":{\"@id\":\"https:\\\/\\\/ketamaseeds.com\\\/fr\\\/#website\"},\"primaryImageOfPage\":{\"@id\":\"https:\\\/\\\/ketamaseeds.com\\\/fr\\\/produit\\\/critical-auto-graines-de-cannabis-autofloraison\\\/#primaryimage\"},\"image\":{\"@id\":\"https:\\\/\\\/ketamaseeds.com\\\/fr\\\/produit\\\/critical-auto-graines-de-cannabis-autofloraison\\\/#primaryimage\"},\"thumbnailUrl\":\"https:\\\/\\\/ketamaseeds.com\\\/wp-content\\\/uploads\\\/2023\\\/10\\\/Critical-auto-flor-de-cannabis.jpg\",\"datePublished\":\"2023-10-12T02:57:17+00:00\",\"dateModified\":\"2025-04-12T18:55:08+00:00\",\"description\":\"La CRITICAL AUTO conserve l'ar\u00f4me caract\u00e9ristique de sa g\u00e9n\u00e9tique, toute la beaut\u00e9, la couleur et la splendeur de la CRITICAL KETAMA.\",\"breadcrumb\":{\"@id\":\"https:\\\/\\\/ketamaseeds.com\\\/fr\\\/produit\\\/critical-auto-graines-de-cannabis-autofloraison\\\/#breadcrumb\"},\"inLanguage\":\"fr-FR\",\"potentialAction\":[{\"@type\":\"ReadAction\",\"target\":[\"https:\\\/\\\/ketamaseeds.com\\\/fr\\\/produit\\\/critical-auto-graines-de-cannabis-autofloraison\\\/\"]}]},{\"@type\":\"ImageObject\",\"inLanguage\":\"fr-FR\",\"@id\":\"https:\\\/\\\/ketamaseeds.com\\\/fr\\\/produit\\\/critical-auto-graines-de-cannabis-autofloraison\\\/#primaryimage\",\"url\":\"https:\\\/\\\/ketamaseeds.com\\\/wp-content\\\/uploads\\\/2023\\\/10\\\/Critical-auto-flor-de-cannabis.jpg\",\"contentUrl\":\"https:\\\/\\\/ketamaseeds.com\\\/wp-content\\\/uploads\\\/2023\\\/10\\\/Critical-auto-flor-de-cannabis.jpg\",\"width\":720,\"height\":960,\"caption\":\"CRITICAL AUTO graines de cannabis autofloraison\"},{\"@type\":\"BreadcrumbList\",\"@id\":\"https:\\\/\\\/ketamaseeds.com\\\/fr\\\/produit\\\/critical-auto-graines-de-cannabis-autofloraison\\\/#breadcrumb\",\"itemListElement\":[{\"@type\":\"ListItem\",\"position\":1,\"name\":\"Home\",\"item\":\"https:\\\/\\\/ketamaseeds.com\\\/fr\\\/\"},{\"@type\":\"ListItem\",\"position\":2,\"name\":\"Graines de cannabis\",\"item\":\"https:\\\/\\\/ketamaseeds.com\\\/fr\\\/graines-de-cannabis\\\/\"},{\"@type\":\"ListItem\",\"position\":3,\"name\":\"CRITICAL AUTO graines de cannabis autofloraison\"}]},{\"@type\":\"WebSite\",\"@id\":\"https:\\\/\\\/ketamaseeds.com\\\/fr\\\/#website\",\"url\":\"https:\\\/\\\/ketamaseeds.com\\\/fr\\\/\",\"name\":\"KETAMA SEEDS\",\"description\":\"Banco de semillas de Cannabis\",\"publisher\":{\"@id\":\"https:\\\/\\\/ketamaseeds.com\\\/fr\\\/#organization\"},\"potentialAction\":[{\"@type\":\"SearchAction\",\"target\":{\"@type\":\"EntryPoint\",\"urlTemplate\":\"https:\\\/\\\/ketamaseeds.com\\\/fr\\\/?s={search_term_string}\"},\"query-input\":{\"@type\":\"PropertyValueSpecification\",\"valueRequired\":true,\"valueName\":\"search_term_string\"}}],\"inLanguage\":\"fr-FR\"},{\"@type\":\"Organization\",\"@id\":\"https:\\\/\\\/ketamaseeds.com\\\/fr\\\/#organization\",\"name\":\"KETAMA SEEDS\",\"url\":\"https:\\\/\\\/ketamaseeds.com\\\/fr\\\/\",\"logo\":{\"@type\":\"ImageObject\",\"inLanguage\":\"fr-FR\",\"@id\":\"https:\\\/\\\/ketamaseeds.com\\\/fr\\\/#\\\/schema\\\/logo\\\/image\\\/\",\"url\":\"https:\\\/\\\/ketamaseeds.com\\\/wp-content\\\/uploads\\\/2023\\\/10\\\/cropped-ketama-seeds-logo.jpeg\",\"contentUrl\":\"https:\\\/\\\/ketamaseeds.com\\\/wp-content\\\/uploads\\\/2023\\\/10\\\/cropped-ketama-seeds-logo.jpeg\",\"width\":512,\"height\":512,\"caption\":\"KETAMA SEEDS\"},\"image\":{\"@id\":\"https:\\\/\\\/ketamaseeds.com\\\/fr\\\/#\\\/schema\\\/logo\\\/image\\\/\"},\"sameAs\":[\"https:\\\/\\\/www.facebook.com\\\/ketamaseedsbank\",\"https:\\\/\\\/x.com\\\/KetamaSeeds\",\"https:\\\/\\\/www.instagram.com\\\/ketamaseeds\"]}]}<\/script>\n<!-- \/ Yoast SEO plugin. -->","yoast_head_json":{"title":"CRITICAL AUTO graines de cannabis autofloraison","description":"La CRITICAL AUTO conserve l'ar\u00f4me caract\u00e9ristique de sa g\u00e9n\u00e9tique, toute la beaut\u00e9, la couleur et la splendeur de la CRITICAL KETAMA.","robots":{"index":"index","follow":"follow","max-snippet":"max-snippet:-1","max-image-preview":"max-image-preview:large","max-video-preview":"max-video-preview:-1"},"canonical":"https:\/\/ketamaseeds.com\/fr\/produit\/critical-auto-graines-de-cannabis-autofloraison\/","og_locale":"fr_FR","og_type":"article","og_title":"CRITICAL AUTO graines de cannabis autofloraison","og_description":"La CRITICAL AUTO conserve l'ar\u00f4me caract\u00e9ristique de sa g\u00e9n\u00e9tique, toute la beaut\u00e9, la couleur et la splendeur de la CRITICAL KETAMA.","og_url":"https:\/\/ketamaseeds.com\/fr\/produit\/critical-auto-graines-de-cannabis-autofloraison\/","og_site_name":"KETAMA SEEDS","article_publisher":"https:\/\/www.facebook.com\/ketamaseedsbank","article_modified_time":"2025-04-12T18:55:08+00:00","og_image":[{"width":720,"height":960,"url":"https:\/\/ketamaseeds.com\/wp-content\/uploads\/2023\/10\/Critical-auto-flor-de-cannabis.jpg","type":"image\/jpeg"}],"twitter_card":"summary_large_image","twitter_site":"@KetamaSeeds","twitter_misc":{"Dur\u00e9e de lecture estim\u00e9e":"2 minutes"},"schema":{"@context":"https:\/\/schema.org","@graph":[{"@type":"WebPage","@id":"https:\/\/ketamaseeds.com\/fr\/produit\/critical-auto-graines-de-cannabis-autofloraison\/","url":"https:\/\/ketamaseeds.com\/fr\/produit\/critical-auto-graines-de-cannabis-autofloraison\/","name":"CRITICAL AUTO graines de cannabis autofloraison","isPartOf":{"@id":"https:\/\/ketamaseeds.com\/fr\/#website"},"primaryImageOfPage":{"@id":"https:\/\/ketamaseeds.com\/fr\/produit\/critical-auto-graines-de-cannabis-autofloraison\/#primaryimage"},"image":{"@id":"https:\/\/ketamaseeds.com\/fr\/produit\/critical-auto-graines-de-cannabis-autofloraison\/#primaryimage"},"thumbnailUrl":"https:\/\/ketamaseeds.com\/wp-content\/uploads\/2023\/10\/Critical-auto-flor-de-cannabis.jpg","datePublished":"2023-10-12T02:57:17+00:00","dateModified":"2025-04-12T18:55:08+00:00","description":"La CRITICAL AUTO conserve l'ar\u00f4me caract\u00e9ristique de sa g\u00e9n\u00e9tique, toute la beaut\u00e9, la couleur et la splendeur de la CRITICAL KETAMA.","breadcrumb":{"@id":"https:\/\/ketamaseeds.com\/fr\/produit\/critical-auto-graines-de-cannabis-autofloraison\/#breadcrumb"},"inLanguage":"fr-FR","potentialAction":[{"@type":"ReadAction","target":["https:\/\/ketamaseeds.com\/fr\/produit\/critical-auto-graines-de-cannabis-autofloraison\/"]}]},{"@type":"ImageObject","inLanguage":"fr-FR","@id":"https:\/\/ketamaseeds.com\/fr\/produit\/critical-auto-graines-de-cannabis-autofloraison\/#primaryimage","url":"https:\/\/ketamaseeds.com\/wp-content\/uploads\/2023\/10\/Critical-auto-flor-de-cannabis.jpg","contentUrl":"https:\/\/ketamaseeds.com\/wp-content\/uploads\/2023\/10\/Critical-auto-flor-de-cannabis.jpg","width":720,"height":960,"caption":"CRITICAL AUTO graines de cannabis autofloraison"},{"@type":"BreadcrumbList","@id":"https:\/\/ketamaseeds.com\/fr\/produit\/critical-auto-graines-de-cannabis-autofloraison\/#breadcrumb","itemListElement":[{"@type":"ListItem","position":1,"name":"Home","item":"https:\/\/ketamaseeds.com\/fr\/"},{"@type":"ListItem","position":2,"name":"Graines de cannabis","item":"https:\/\/ketamaseeds.com\/fr\/graines-de-cannabis\/"},{"@type":"ListItem","position":3,"name":"CRITICAL AUTO graines de cannabis autofloraison"}]},{"@type":"WebSite","@id":"https:\/\/ketamaseeds.com\/fr\/#website","url":"https:\/\/ketamaseeds.com\/fr\/","name":"KETAMA SEEDS","description":"Banco de semillas de Cannabis","publisher":{"@id":"https:\/\/ketamaseeds.com\/fr\/#organization"},"potentialAction":[{"@type":"SearchAction","target":{"@type":"EntryPoint","urlTemplate":"https:\/\/ketamaseeds.com\/fr\/?s={search_term_string}"},"query-input":{"@type":"PropertyValueSpecification","valueRequired":true,"valueName":"search_term_string"}}],"inLanguage":"fr-FR"},{"@type":"Organization","@id":"https:\/\/ketamaseeds.com\/fr\/#organization","name":"KETAMA SEEDS","url":"https:\/\/ketamaseeds.com\/fr\/","logo":{"@type":"ImageObject","inLanguage":"fr-FR","@id":"https:\/\/ketamaseeds.com\/fr\/#\/schema\/logo\/image\/","url":"https:\/\/ketamaseeds.com\/wp-content\/uploads\/2023\/10\/cropped-ketama-seeds-logo.jpeg","contentUrl":"https:\/\/ketamaseeds.com\/wp-content\/uploads\/2023\/10\/cropped-ketama-seeds-logo.jpeg","width":512,"height":512,"caption":"KETAMA SEEDS"},"image":{"@id":"https:\/\/ketamaseeds.com\/fr\/#\/schema\/logo\/image\/"},"sameAs":["https:\/\/www.facebook.com\/ketamaseedsbank","https:\/\/x.com\/KetamaSeeds","https:\/\/www.instagram.com\/ketamaseeds"]}]}},"_links":{"self":[{"href":"https:\/\/ketamaseeds.com\/fr\/wp-json\/wp\/v2\/product\/1224","targetHints":{"allow":["GET"]}}],"collection":[{"href":"https:\/\/ketamaseeds.com\/fr\/wp-json\/wp\/v2\/product"}],"about":[{"href":"https:\/\/ketamaseeds.com\/fr\/wp-json\/wp\/v2\/types\/product"}],"replies":[{"embeddable":true,"href":"https:\/\/ketamaseeds.com\/fr\/wp-json\/wp\/v2\/comments?post=1224"}],"wp:featuredmedia":[{"embeddable":true,"href":"https:\/\/ketamaseeds.com\/fr\/wp-json\/wp\/v2\/media\/541"}],"wp:attachment":[{"href":"https:\/\/ketamaseeds.com\/fr\/wp-json\/wp\/v2\/media?parent=1224"}],"wp:term":[{"taxonomy":"product_brand","embeddable":true,"href":"https:\/\/ketamaseeds.com\/fr\/wp-json\/wp\/v2\/product_brand?post=1224"},{"taxonomy":"product_cat","embeddable":true,"href":"https:\/\/ketamaseeds.com\/fr\/wp-json\/wp\/v2\/product_cat?post=1224"},{"taxonomy":"product_tag","embeddable":true,"href":"https:\/\/ketamaseeds.com\/fr\/wp-json\/wp\/v2\/product_tag?post=1224"}],"curies":[{"name":"wp","href":"https:\/\/api.w.org\/{rel}","templated":true}]}}