{"id":1242,"date":"2023-10-11T02:00:26","date_gmt":"2023-10-11T02:00:26","guid":{"rendered":"http:\/\/ketamaseeds.com\/product\/creative-auto-graines-de-cannabis-autofloraison\/"},"modified":"2023-12-08T15:36:39","modified_gmt":"2023-12-08T15:36:39","slug":"creative-auto-graines-de-cannabis-autofloraison","status":"publish","type":"product","link":"https:\/\/ketamaseeds.com\/fr\/produit\/creative-auto-graines-de-cannabis-autofloraison\/","title":{"rendered":"CREATIVE AUTO graines de cannabis autofloraison"},"content":{"rendered":"<h2>CREATIVE AUTO graines de cannabis \u00e0 autofloraison<\/h2>\n<p>Les graines de marijuana autofloraison CREATIVE AUTO sont une vari\u00e9t\u00e9 qui est \u00e0 la hauteur de la qualit\u00e9 et de la production de sa grande s\u0153ur, les graines de marijuana f\u00e9minis\u00e9es CREATIVE.<\/p>\n<p>CREATIVE AUTO est la vari\u00e9t\u00e9 de graines de marijuana \u00e0 autofloraison la plus productive du march\u00e9.<\/p>\n<p>Avec cette plante, nous avons r\u00e9ussi \u00e0 faire en sorte que les cultivateurs du monde entier, m\u00eame sous des climats difficiles, r\u00e9alisent leurs r\u00eaves avec d&rsquo;excellentes r\u00e9coltes.<\/p>\n<p>CREATIVE AUTO est une plante forte, tr\u00e8s facile \u00e0 cultiver, de taille moyenne avec des branches qui finiront par \u00eatre remplies de grosses t\u00eates compactes avec beaucoup de r\u00e9sine.<\/p>\n<p>Les graines de marijuana CREATIVE AUTO produisent des fleurs avec un go\u00fbt excellent et un niveau \u00e9lev\u00e9 de psychoactivit\u00e9.<\/p>\n<p>La vari\u00e9t\u00e9 de cannabis CREATIVE Auto est une vari\u00e9t\u00e9 \u00e0 autofloraison qui h\u00e9rite de ses caract\u00e9ristiques de la c\u00e9l\u00e8bre vari\u00e9t\u00e9 CREATIVE.<\/p>\n<p>R\u00e9put\u00e9e pour sa puissance, cette vari\u00e9t\u00e9 procure un effet c\u00e9r\u00e9bral fort et euphorisant, avec une teneur importante en THC.<\/p>\n<p>Sa g\u00e9n\u00e9tique autofloraison lui conf\u00e8re un cycle de vie plus court, ce qui la rend id\u00e9ale pour les cultivateurs \u00e0 la recherche de r\u00e9coltes rapides et fiables.<\/p>\n<p>Avec un profil d&rsquo;ar\u00f4me d&rsquo;agrumes et des notes de pin, la CREATIVE Auto est appr\u00e9ci\u00e9e \u00e0 la fois pour sa puissance et son go\u00fbt distinctif.<\/p>\n<p>C&rsquo;est une plante qui a besoin de beaucoup de nourriture, qu&rsquo;elle soit cultiv\u00e9e \u00e0 l&rsquo;int\u00e9rieur ou \u00e0 l&rsquo;ext\u00e9rieur.<\/p>\n<p>Pour les cultures d&rsquo;int\u00e9rieur, il est conseill\u00e9 d&rsquo;utiliser des lampes de 600 W, car elles absorbent les lumens sans probl\u00e8me, ainsi que les nutriments.<\/p>\n<p>D\u00e9couvrez la puissance et la rapidit\u00e9 de CREATIVE Auto<\/p>\n<p>Cultivez votre propre exp\u00e9rience euphorique avec cette vari\u00e9t\u00e9 d&rsquo;\u00e9lite \u00e0 autofloraison.<\/p>\n<p>Faites fleurir votre jardin avec la l\u00e9gendaire CREATIVE Auto et profitez d&rsquo;une r\u00e9colte puissante et savoureuse en un temps record.<\/p>\n<p>VARI\u00c9T\u00c9 : AUTOFLORAISON F\u00c9MINIS\u00c9E<br \/>\nAROME : Floral avec des notes de citron et de bois.<br \/>\nEFFET : Cr\u00e9atif &#8211; Relaxant<br \/>\nTHC : 13-18%.<br \/>\nCBD : \u00c9LEV\u00c9<br \/>\nSensibilit\u00e9 aux champignons : \u00e9lev\u00e9e<br \/>\nPARAM\u00c8TRES DE LA CULTURE BIOLOGIQUE HYDROPONIQUE<br \/>\nCroissance EC 0,6-0,9ms 1,1-1,4ms<br \/>\nEC Floraison 0,9-1,4ms 1,4-2,2ms<br \/>\nPH Croissance 5,5 5,8<br \/>\nPH Floraison 6,5 6,5<br \/>\nD\u00c9VELOPPEMENT EXT\u00c9RIEUR INT\u00c9RIEUR<br \/>\nR\u00c9COLTE 75 jours 75 jours<br \/>\nRENDEMENT 80-250 gr. par plante 50-180 gr\/par plante<\/p>\n<h3>CREATIVE AUTO graines de cannabis autofloraison<\/h3>\n","protected":false},"excerpt":{"rendered":"<p>CREATIVE AUTO graines de cannabis \u00e0 autofloraison Les graines de marijuana autofloraison CREATIVE AUTO sont une vari\u00e9t\u00e9 qui est \u00e0 la hauteur de la qualit\u00e9 et de la production de sa grande s\u0153ur, les graines de marijuana f\u00e9minis\u00e9es CREATIVE. CREATIVE AUTO est la vari\u00e9t\u00e9 de graines de marijuana \u00e0 autofloraison la plus productive du march\u00e9. [&hellip;]<\/p>\n","protected":false},"featured_media":517,"comment_status":"open","ping_status":"closed","template":"","meta":{"_et_pb_use_builder":"","_et_pb_old_content":"","_et_gb_content_width":""},"product_brand":[],"product_cat":[39],"product_tag":[],"class_list":{"0":"post-1242","1":"product","2":"type-product","3":"status-publish","4":"has-post-thumbnail","6":"product_cat-graines-autofloraison","8":"first","9":"instock","10":"shipping-taxable","11":"purchasable","12":"product-type-variable"},"yoast_head":"<!-- This site is optimized with the Yoast SEO plugin v27.2 - https:\/\/yoast.com\/product\/yoast-seo-wordpress\/ -->\n<title>CREATIVE AUTO graines de cannabis autofloraison<\/title>\n<meta name=\"description\" content=\"CREATIVE AUTO est la vari\u00e9t\u00e9 de graines de marijuana \u00e0 autofloraison la plus productive du march\u00e9. Avec cette plante, nous avons ...\" \/>\n<meta name=\"robots\" content=\"index, follow, max-snippet:-1, max-image-preview:large, max-video-preview:-1\" \/>\n<link rel=\"canonical\" href=\"https:\/\/ketamaseeds.com\/fr\/produit\/creative-auto-graines-de-cannabis-autofloraison\/\" \/>\n<meta property=\"og:locale\" content=\"fr_FR\" \/>\n<meta property=\"og:type\" content=\"article\" \/>\n<meta property=\"og:title\" content=\"CREATIVE AUTO graines de cannabis autofloraison\" \/>\n<meta property=\"og:description\" content=\"CREATIVE AUTO est la vari\u00e9t\u00e9 de graines de marijuana \u00e0 autofloraison la plus productive du march\u00e9. Avec cette plante, nous avons ...\" \/>\n<meta property=\"og:url\" content=\"https:\/\/ketamaseeds.com\/fr\/produit\/creative-auto-graines-de-cannabis-autofloraison\/\" \/>\n<meta property=\"og:site_name\" content=\"KETAMA SEEDS\" \/>\n<meta property=\"article:publisher\" content=\"https:\/\/www.facebook.com\/ketamaseedsbank\" \/>\n<meta property=\"article:modified_time\" content=\"2023-12-08T15:36:39+00:00\" \/>\n<meta property=\"og:image\" content=\"http:\/\/ketamaseeds.com\/wp-content\/uploads\/2023\/10\/CREATIVE-AUTO-semillas-de-marihuana-autoflorecientes-Ketama-Seeds-225x300.jpg\" \/>\n<meta name=\"twitter:card\" content=\"summary_large_image\" \/>\n<meta name=\"twitter:image\" content=\"http:\/\/ketamaseeds.com\/wp-content\/uploads\/2023\/10\/CREATIVE-AUTO-semillas-de-marihuana-autoflorecientes-Ketama-Seeds.jpg\" \/>\n<meta name=\"twitter:site\" content=\"@KetamaSeeds\" \/>\n<meta name=\"twitter:label1\" content=\"Dur\u00e9e de lecture estim\u00e9e\" \/>\n\t<meta name=\"twitter:data1\" content=\"2 minutes\" \/>\n<script type=\"application\/ld+json\" class=\"yoast-schema-graph\">{\"@context\":\"https:\/\/schema.org\",\"@graph\":[{\"@type\":\"WebPage\",\"@id\":\"https:\/\/ketamaseeds.com\/fr\/produit\/creative-auto-graines-de-cannabis-autofloraison\/\",\"url\":\"https:\/\/ketamaseeds.com\/fr\/produit\/creative-auto-graines-de-cannabis-autofloraison\/\",\"name\":\"CREATIVE AUTO graines de cannabis autofloraison\",\"isPartOf\":{\"@id\":\"https:\/\/ketamaseeds.com\/fr\/#website\"},\"primaryImageOfPage\":{\"@id\":\"https:\/\/ketamaseeds.com\/fr\/produit\/creative-auto-graines-de-cannabis-autofloraison\/#primaryimage\"},\"image\":{\"@id\":\"https:\/\/ketamaseeds.com\/fr\/produit\/creative-auto-graines-de-cannabis-autofloraison\/#primaryimage\"},\"thumbnailUrl\":\"https:\/\/ketamaseeds.com\/wp-content\/uploads\/2023\/10\/CREATIVE-AUTO-semillas-de-marihuana-autoflorecientes-Ketama-Seeds.jpg\",\"datePublished\":\"2023-10-11T02:00:26+00:00\",\"dateModified\":\"2023-12-08T15:36:39+00:00\",\"description\":\"CREATIVE AUTO est la vari\u00e9t\u00e9 de graines de marijuana \u00e0 autofloraison la plus productive du march\u00e9. Avec cette plante, nous avons ...\",\"breadcrumb\":{\"@id\":\"https:\/\/ketamaseeds.com\/fr\/produit\/creative-auto-graines-de-cannabis-autofloraison\/#breadcrumb\"},\"inLanguage\":\"fr-FR\",\"potentialAction\":[{\"@type\":\"ReadAction\",\"target\":[\"https:\/\/ketamaseeds.com\/fr\/produit\/creative-auto-graines-de-cannabis-autofloraison\/\"]}]},{\"@type\":\"ImageObject\",\"inLanguage\":\"fr-FR\",\"@id\":\"https:\/\/ketamaseeds.com\/fr\/produit\/creative-auto-graines-de-cannabis-autofloraison\/#primaryimage\",\"url\":\"https:\/\/ketamaseeds.com\/wp-content\/uploads\/2023\/10\/CREATIVE-AUTO-semillas-de-marihuana-autoflorecientes-Ketama-Seeds.jpg\",\"contentUrl\":\"https:\/\/ketamaseeds.com\/wp-content\/uploads\/2023\/10\/CREATIVE-AUTO-semillas-de-marihuana-autoflorecientes-Ketama-Seeds.jpg\",\"width\":500,\"height\":667,\"caption\":\"CREATIVE AUTO graines de cannabis \u00e0 autofloraison\"},{\"@type\":\"BreadcrumbList\",\"@id\":\"https:\/\/ketamaseeds.com\/fr\/produit\/creative-auto-graines-de-cannabis-autofloraison\/#breadcrumb\",\"itemListElement\":[{\"@type\":\"ListItem\",\"position\":1,\"name\":\"Home\",\"item\":\"https:\/\/ketamaseeds.com\/fr\/\"},{\"@type\":\"ListItem\",\"position\":2,\"name\":\"Graines de cannabis\",\"item\":\"https:\/\/ketamaseeds.com\/fr\/graines-de-cannabis\/\"},{\"@type\":\"ListItem\",\"position\":3,\"name\":\"CREATIVE AUTO graines de cannabis autofloraison\"}]},{\"@type\":\"WebSite\",\"@id\":\"https:\/\/ketamaseeds.com\/fr\/#website\",\"url\":\"https:\/\/ketamaseeds.com\/fr\/\",\"name\":\"KETAMA SEEDS\",\"description\":\"Banco de semillas de Cannabis\",\"publisher\":{\"@id\":\"https:\/\/ketamaseeds.com\/fr\/#organization\"},\"potentialAction\":[{\"@type\":\"SearchAction\",\"target\":{\"@type\":\"EntryPoint\",\"urlTemplate\":\"https:\/\/ketamaseeds.com\/fr\/?s={search_term_string}\"},\"query-input\":{\"@type\":\"PropertyValueSpecification\",\"valueRequired\":true,\"valueName\":\"search_term_string\"}}],\"inLanguage\":\"fr-FR\"},{\"@type\":\"Organization\",\"@id\":\"https:\/\/ketamaseeds.com\/fr\/#organization\",\"name\":\"KETAMA SEEDS\",\"url\":\"https:\/\/ketamaseeds.com\/fr\/\",\"logo\":{\"@type\":\"ImageObject\",\"inLanguage\":\"fr-FR\",\"@id\":\"https:\/\/ketamaseeds.com\/fr\/#\/schema\/logo\/image\/\",\"url\":\"https:\/\/ketamaseeds.com\/wp-content\/uploads\/2023\/10\/cropped-ketama-seeds-logo.jpeg\",\"contentUrl\":\"https:\/\/ketamaseeds.com\/wp-content\/uploads\/2023\/10\/cropped-ketama-seeds-logo.jpeg\",\"width\":512,\"height\":512,\"caption\":\"KETAMA SEEDS\"},\"image\":{\"@id\":\"https:\/\/ketamaseeds.com\/fr\/#\/schema\/logo\/image\/\"},\"sameAs\":[\"https:\/\/www.facebook.com\/ketamaseedsbank\",\"https:\/\/x.com\/KetamaSeeds\",\"https:\/\/www.instagram.com\/ketamaseeds\"]}]}<\/script>\n<!-- \/ Yoast SEO plugin. -->","yoast_head_json":{"title":"CREATIVE AUTO graines de cannabis autofloraison","description":"CREATIVE AUTO est la vari\u00e9t\u00e9 de graines de marijuana \u00e0 autofloraison la plus productive du march\u00e9. Avec cette plante, nous avons ...","robots":{"index":"index","follow":"follow","max-snippet":"max-snippet:-1","max-image-preview":"max-image-preview:large","max-video-preview":"max-video-preview:-1"},"canonical":"https:\/\/ketamaseeds.com\/fr\/produit\/creative-auto-graines-de-cannabis-autofloraison\/","og_locale":"fr_FR","og_type":"article","og_title":"CREATIVE AUTO graines de cannabis autofloraison","og_description":"CREATIVE AUTO est la vari\u00e9t\u00e9 de graines de marijuana \u00e0 autofloraison la plus productive du march\u00e9. Avec cette plante, nous avons ...","og_url":"https:\/\/ketamaseeds.com\/fr\/produit\/creative-auto-graines-de-cannabis-autofloraison\/","og_site_name":"KETAMA SEEDS","article_publisher":"https:\/\/www.facebook.com\/ketamaseedsbank","article_modified_time":"2023-12-08T15:36:39+00:00","og_image":[{"url":"http:\/\/ketamaseeds.com\/wp-content\/uploads\/2023\/10\/CREATIVE-AUTO-semillas-de-marihuana-autoflorecientes-Ketama-Seeds-225x300.jpg","type":"","width":"","height":""}],"twitter_card":"summary_large_image","twitter_image":"http:\/\/ketamaseeds.com\/wp-content\/uploads\/2023\/10\/CREATIVE-AUTO-semillas-de-marihuana-autoflorecientes-Ketama-Seeds.jpg","twitter_site":"@KetamaSeeds","twitter_misc":{"Dur\u00e9e de lecture estim\u00e9e":"2 minutes"},"schema":{"@context":"https:\/\/schema.org","@graph":[{"@type":"WebPage","@id":"https:\/\/ketamaseeds.com\/fr\/produit\/creative-auto-graines-de-cannabis-autofloraison\/","url":"https:\/\/ketamaseeds.com\/fr\/produit\/creative-auto-graines-de-cannabis-autofloraison\/","name":"CREATIVE AUTO graines de cannabis autofloraison","isPartOf":{"@id":"https:\/\/ketamaseeds.com\/fr\/#website"},"primaryImageOfPage":{"@id":"https:\/\/ketamaseeds.com\/fr\/produit\/creative-auto-graines-de-cannabis-autofloraison\/#primaryimage"},"image":{"@id":"https:\/\/ketamaseeds.com\/fr\/produit\/creative-auto-graines-de-cannabis-autofloraison\/#primaryimage"},"thumbnailUrl":"https:\/\/ketamaseeds.com\/wp-content\/uploads\/2023\/10\/CREATIVE-AUTO-semillas-de-marihuana-autoflorecientes-Ketama-Seeds.jpg","datePublished":"2023-10-11T02:00:26+00:00","dateModified":"2023-12-08T15:36:39+00:00","description":"CREATIVE AUTO est la vari\u00e9t\u00e9 de graines de marijuana \u00e0 autofloraison la plus productive du march\u00e9. Avec cette plante, nous avons ...","breadcrumb":{"@id":"https:\/\/ketamaseeds.com\/fr\/produit\/creative-auto-graines-de-cannabis-autofloraison\/#breadcrumb"},"inLanguage":"fr-FR","potentialAction":[{"@type":"ReadAction","target":["https:\/\/ketamaseeds.com\/fr\/produit\/creative-auto-graines-de-cannabis-autofloraison\/"]}]},{"@type":"ImageObject","inLanguage":"fr-FR","@id":"https:\/\/ketamaseeds.com\/fr\/produit\/creative-auto-graines-de-cannabis-autofloraison\/#primaryimage","url":"https:\/\/ketamaseeds.com\/wp-content\/uploads\/2023\/10\/CREATIVE-AUTO-semillas-de-marihuana-autoflorecientes-Ketama-Seeds.jpg","contentUrl":"https:\/\/ketamaseeds.com\/wp-content\/uploads\/2023\/10\/CREATIVE-AUTO-semillas-de-marihuana-autoflorecientes-Ketama-Seeds.jpg","width":500,"height":667,"caption":"CREATIVE AUTO graines de cannabis \u00e0 autofloraison"},{"@type":"BreadcrumbList","@id":"https:\/\/ketamaseeds.com\/fr\/produit\/creative-auto-graines-de-cannabis-autofloraison\/#breadcrumb","itemListElement":[{"@type":"ListItem","position":1,"name":"Home","item":"https:\/\/ketamaseeds.com\/fr\/"},{"@type":"ListItem","position":2,"name":"Graines de cannabis","item":"https:\/\/ketamaseeds.com\/fr\/graines-de-cannabis\/"},{"@type":"ListItem","position":3,"name":"CREATIVE AUTO graines de cannabis autofloraison"}]},{"@type":"WebSite","@id":"https:\/\/ketamaseeds.com\/fr\/#website","url":"https:\/\/ketamaseeds.com\/fr\/","name":"KETAMA SEEDS","description":"Banco de semillas de Cannabis","publisher":{"@id":"https:\/\/ketamaseeds.com\/fr\/#organization"},"potentialAction":[{"@type":"SearchAction","target":{"@type":"EntryPoint","urlTemplate":"https:\/\/ketamaseeds.com\/fr\/?s={search_term_string}"},"query-input":{"@type":"PropertyValueSpecification","valueRequired":true,"valueName":"search_term_string"}}],"inLanguage":"fr-FR"},{"@type":"Organization","@id":"https:\/\/ketamaseeds.com\/fr\/#organization","name":"KETAMA SEEDS","url":"https:\/\/ketamaseeds.com\/fr\/","logo":{"@type":"ImageObject","inLanguage":"fr-FR","@id":"https:\/\/ketamaseeds.com\/fr\/#\/schema\/logo\/image\/","url":"https:\/\/ketamaseeds.com\/wp-content\/uploads\/2023\/10\/cropped-ketama-seeds-logo.jpeg","contentUrl":"https:\/\/ketamaseeds.com\/wp-content\/uploads\/2023\/10\/cropped-ketama-seeds-logo.jpeg","width":512,"height":512,"caption":"KETAMA SEEDS"},"image":{"@id":"https:\/\/ketamaseeds.com\/fr\/#\/schema\/logo\/image\/"},"sameAs":["https:\/\/www.facebook.com\/ketamaseedsbank","https:\/\/x.com\/KetamaSeeds","https:\/\/www.instagram.com\/ketamaseeds"]}]}},"_links":{"self":[{"href":"https:\/\/ketamaseeds.com\/fr\/wp-json\/wp\/v2\/product\/1242","targetHints":{"allow":["GET"]}}],"collection":[{"href":"https:\/\/ketamaseeds.com\/fr\/wp-json\/wp\/v2\/product"}],"about":[{"href":"https:\/\/ketamaseeds.com\/fr\/wp-json\/wp\/v2\/types\/product"}],"replies":[{"embeddable":true,"href":"https:\/\/ketamaseeds.com\/fr\/wp-json\/wp\/v2\/comments?post=1242"}],"wp:featuredmedia":[{"embeddable":true,"href":"https:\/\/ketamaseeds.com\/fr\/wp-json\/wp\/v2\/media\/517"}],"wp:attachment":[{"href":"https:\/\/ketamaseeds.com\/fr\/wp-json\/wp\/v2\/media?parent=1242"}],"wp:term":[{"taxonomy":"product_brand","embeddable":true,"href":"https:\/\/ketamaseeds.com\/fr\/wp-json\/wp\/v2\/product_brand?post=1242"},{"taxonomy":"product_cat","embeddable":true,"href":"https:\/\/ketamaseeds.com\/fr\/wp-json\/wp\/v2\/product_cat?post=1242"},{"taxonomy":"product_tag","embeddable":true,"href":"https:\/\/ketamaseeds.com\/fr\/wp-json\/wp\/v2\/product_tag?post=1242"}],"curies":[{"name":"wp","href":"https:\/\/api.w.org\/{rel}","templated":true}]}}