{"id":718,"date":"2023-10-25T23:22:25","date_gmt":"2023-10-25T23:22:25","guid":{"rendered":"http:\/\/ketamaseeds.com\/product\/northern-morocco-auto-semillas-autoflorecientes-feminizadas\/"},"modified":"2023-12-08T16:23:25","modified_gmt":"2023-12-08T16:23:25","slug":"northern-morocco-auto","status":"publish","type":"product","link":"https:\/\/ketamaseeds.com\/fr\/produit\/northern-morocco-auto\/","title":{"rendered":"NORTHERN MOROCCO AUTO graines de cannabis autofloraison"},"content":{"rendered":"<h2>NORTHERN MOROCCO AUTO graines f\u00e9minis\u00e9es autofloraison<\/h2>\n<p>NORTHERN MOROCCO AUTO. Une bonne plante de cannabis avec de grandes fleurs qui contient la riche saveur de Northern Lights et presque toute sa psychoactivit\u00e9.<\/p>\n<p>Une vari\u00e9t\u00e9 de cannabis \u00e0 autofloraison issue du croisement de NORTHERN LIGHTS avec une plante \u00e0 autofloraison.<\/p>\n<p>NORTHERN MOROCCO AUTO est une vari\u00e9t\u00e9 de cannabis \u00e0 autofloraison qui pousse et se ramifie tr\u00e8s bien.<\/p>\n<p>Pour en profiter pleinement, nous recommandons, comme toujours, de la nourrir avec des engrais organiques.<\/p>\n<p>C&rsquo;est une plante forte qui nous apportera une bonne r\u00e9colte de fleurs grandes et compactes avec un go\u00fbt sucr\u00e9 et cette puissance qui nous rappelle les Northern Lights.<\/p>\n<p>NORTHERN AUTO est une plante \u00e0 floraison automatique qui commence \u00e0 fleurir \u00e0 partir de la troisi\u00e8me semaine apr\u00e8s la germination.<\/p>\n<p>Les diff\u00e9rentes caract\u00e9ristiques de la NORTHERN en font un bon choix pour les cultures pr\u00e9coces.<\/p>\n<p>Et bien s\u00fbr, pour les personnes qui, pour diverses raisons, ne veulent pas que leurs plantes d\u00e9passent un m\u00e8tre et demi.<\/p>\n<p>Sa production atteint 80 gr. en ext\u00e9rieur et jusqu&rsquo;\u00e0 50 gr. en int\u00e9rieur.<\/p>\n<p>Illuminez votre jardin avec Northern Lights Auto.<\/p>\n<p>D\u00e9couvrez la beaut\u00e9 et la puissance de cette vari\u00e9t\u00e9 iconique dans sa version autofloraison.<\/p>\n<p>Ne manquez pas l&rsquo;occasion de cultiver votre propre cannabis aurora avec Northern Lights Auto et faites l&rsquo;exp\u00e9rience de la magie chez vous.<\/p>\n<h3>NORTHERN MOROCCO AUTO graines de cannabis \u00e0 autofloraison<\/h3>\n","protected":false},"excerpt":{"rendered":"<p>NORTHERN MOROCCO AUTO graines f\u00e9minis\u00e9es autofloraison NORTHERN MOROCCO AUTO. Une bonne plante de cannabis avec de grandes fleurs qui contient la riche saveur de Northern Lights et presque toute sa psychoactivit\u00e9. Une vari\u00e9t\u00e9 de cannabis \u00e0 autofloraison issue du croisement de NORTHERN LIGHTS avec une plante \u00e0 autofloraison. NORTHERN MOROCCO AUTO est une vari\u00e9t\u00e9 de [&hellip;]<\/p>\n","protected":false},"featured_media":622,"comment_status":"open","ping_status":"closed","template":"","meta":{"_et_pb_use_builder":"","_et_pb_old_content":"","_et_gb_content_width":""},"product_brand":[],"product_cat":[39],"product_tag":[],"class_list":{"0":"post-718","1":"product","2":"type-product","3":"status-publish","4":"has-post-thumbnail","6":"product_cat-graines-autofloraison","8":"first","9":"instock","10":"shipping-taxable","11":"purchasable","12":"product-type-variable"},"yoast_head":"<!-- This site is optimized with the Yoast SEO plugin v27.3 - https:\/\/yoast.com\/product\/yoast-seo-wordpress\/ -->\n<title>NORTHERN MOROCCO AUTO graines de cannabis autofloraison<\/title>\n<meta name=\"description\" content=\"NORTHERN MOROCCO AUTO. Une vari\u00e9t\u00e9 de cannabis \u00e0 autofloraison issue du croisement de NORTHERN LIGHTS avec une plante \u00e0 autofloraison.\" \/>\n<meta name=\"robots\" content=\"index, follow, max-snippet:-1, max-image-preview:large, max-video-preview:-1\" \/>\n<link rel=\"canonical\" href=\"https:\/\/ketamaseeds.com\/fr\/produit\/northern-morocco-auto\/\" \/>\n<meta property=\"og:locale\" content=\"fr_FR\" \/>\n<meta property=\"og:type\" content=\"article\" \/>\n<meta property=\"og:title\" content=\"NORTHERN MOROCCO AUTO graines de cannabis autofloraison\" \/>\n<meta property=\"og:description\" content=\"NORTHERN MOROCCO AUTO. Une vari\u00e9t\u00e9 de cannabis \u00e0 autofloraison issue du croisement de NORTHERN LIGHTS avec une plante \u00e0 autofloraison.\" \/>\n<meta property=\"og:url\" content=\"https:\/\/ketamaseeds.com\/fr\/produit\/northern-morocco-auto\/\" \/>\n<meta property=\"og:site_name\" content=\"KETAMA SEEDS\" \/>\n<meta property=\"article:publisher\" content=\"https:\/\/www.facebook.com\/ketamaseedsbank\" \/>\n<meta property=\"article:modified_time\" content=\"2023-12-08T16:23:25+00:00\" \/>\n<meta property=\"og:image\" content=\"https:\/\/ketamaseeds.com\/wp-content\/uploads\/2023\/10\/northern-morocco-auto-semillas-autoflorecientes-ketama-seeds-bank.jpg\" \/>\n\t<meta property=\"og:image:width\" content=\"371\" \/>\n\t<meta property=\"og:image:height\" content=\"600\" \/>\n\t<meta property=\"og:image:type\" content=\"image\/jpeg\" \/>\n<meta name=\"twitter:card\" content=\"summary_large_image\" \/>\n<meta name=\"twitter:site\" content=\"@KetamaSeeds\" \/>\n<meta name=\"twitter:label1\" content=\"Dur\u00e9e de lecture estim\u00e9e\" \/>\n\t<meta name=\"twitter:data1\" content=\"2 minutes\" \/>\n<script type=\"application\/ld+json\" class=\"yoast-schema-graph\">{\"@context\":\"https:\\\/\\\/schema.org\",\"@graph\":[{\"@type\":\"WebPage\",\"@id\":\"https:\\\/\\\/ketamaseeds.com\\\/fr\\\/produit\\\/northern-morocco-auto\\\/\",\"url\":\"https:\\\/\\\/ketamaseeds.com\\\/fr\\\/produit\\\/northern-morocco-auto\\\/\",\"name\":\"NORTHERN MOROCCO AUTO graines de cannabis autofloraison\",\"isPartOf\":{\"@id\":\"https:\\\/\\\/ketamaseeds.com\\\/fr\\\/#website\"},\"primaryImageOfPage\":{\"@id\":\"https:\\\/\\\/ketamaseeds.com\\\/fr\\\/produit\\\/northern-morocco-auto\\\/#primaryimage\"},\"image\":{\"@id\":\"https:\\\/\\\/ketamaseeds.com\\\/fr\\\/produit\\\/northern-morocco-auto\\\/#primaryimage\"},\"thumbnailUrl\":\"https:\\\/\\\/ketamaseeds.com\\\/wp-content\\\/uploads\\\/2023\\\/10\\\/northern-morocco-auto-semillas-autoflorecientes-ketama-seeds-bank.jpg\",\"datePublished\":\"2023-10-25T23:22:25+00:00\",\"dateModified\":\"2023-12-08T16:23:25+00:00\",\"description\":\"NORTHERN MOROCCO AUTO. Une vari\u00e9t\u00e9 de cannabis \u00e0 autofloraison issue du croisement de NORTHERN LIGHTS avec une plante \u00e0 autofloraison.\",\"breadcrumb\":{\"@id\":\"https:\\\/\\\/ketamaseeds.com\\\/fr\\\/produit\\\/northern-morocco-auto\\\/#breadcrumb\"},\"inLanguage\":\"fr-FR\",\"potentialAction\":[{\"@type\":\"ReadAction\",\"target\":[\"https:\\\/\\\/ketamaseeds.com\\\/fr\\\/produit\\\/northern-morocco-auto\\\/\"]}]},{\"@type\":\"ImageObject\",\"inLanguage\":\"fr-FR\",\"@id\":\"https:\\\/\\\/ketamaseeds.com\\\/fr\\\/produit\\\/northern-morocco-auto\\\/#primaryimage\",\"url\":\"https:\\\/\\\/ketamaseeds.com\\\/wp-content\\\/uploads\\\/2023\\\/10\\\/northern-morocco-auto-semillas-autoflorecientes-ketama-seeds-bank.jpg\",\"contentUrl\":\"https:\\\/\\\/ketamaseeds.com\\\/wp-content\\\/uploads\\\/2023\\\/10\\\/northern-morocco-auto-semillas-autoflorecientes-ketama-seeds-bank.jpg\",\"width\":371,\"height\":600,\"caption\":\"NORTHERN MOROCCO AUTO graines f\u00e9minis\u00e9es autofloraison\"},{\"@type\":\"BreadcrumbList\",\"@id\":\"https:\\\/\\\/ketamaseeds.com\\\/fr\\\/produit\\\/northern-morocco-auto\\\/#breadcrumb\",\"itemListElement\":[{\"@type\":\"ListItem\",\"position\":1,\"name\":\"Home\",\"item\":\"https:\\\/\\\/ketamaseeds.com\\\/fr\\\/\"},{\"@type\":\"ListItem\",\"position\":2,\"name\":\"Graines de cannabis\",\"item\":\"https:\\\/\\\/ketamaseeds.com\\\/fr\\\/graines-de-cannabis\\\/\"},{\"@type\":\"ListItem\",\"position\":3,\"name\":\"NORTHERN MOROCCO AUTO graines de cannabis autofloraison\"}]},{\"@type\":\"WebSite\",\"@id\":\"https:\\\/\\\/ketamaseeds.com\\\/fr\\\/#website\",\"url\":\"https:\\\/\\\/ketamaseeds.com\\\/fr\\\/\",\"name\":\"KETAMA SEEDS\",\"description\":\"Banco de semillas de Cannabis\",\"publisher\":{\"@id\":\"https:\\\/\\\/ketamaseeds.com\\\/fr\\\/#organization\"},\"potentialAction\":[{\"@type\":\"SearchAction\",\"target\":{\"@type\":\"EntryPoint\",\"urlTemplate\":\"https:\\\/\\\/ketamaseeds.com\\\/fr\\\/?s={search_term_string}\"},\"query-input\":{\"@type\":\"PropertyValueSpecification\",\"valueRequired\":true,\"valueName\":\"search_term_string\"}}],\"inLanguage\":\"fr-FR\"},{\"@type\":\"Organization\",\"@id\":\"https:\\\/\\\/ketamaseeds.com\\\/fr\\\/#organization\",\"name\":\"KETAMA SEEDS\",\"url\":\"https:\\\/\\\/ketamaseeds.com\\\/fr\\\/\",\"logo\":{\"@type\":\"ImageObject\",\"inLanguage\":\"fr-FR\",\"@id\":\"https:\\\/\\\/ketamaseeds.com\\\/fr\\\/#\\\/schema\\\/logo\\\/image\\\/\",\"url\":\"https:\\\/\\\/ketamaseeds.com\\\/wp-content\\\/uploads\\\/2023\\\/10\\\/cropped-ketama-seeds-logo.jpeg\",\"contentUrl\":\"https:\\\/\\\/ketamaseeds.com\\\/wp-content\\\/uploads\\\/2023\\\/10\\\/cropped-ketama-seeds-logo.jpeg\",\"width\":512,\"height\":512,\"caption\":\"KETAMA SEEDS\"},\"image\":{\"@id\":\"https:\\\/\\\/ketamaseeds.com\\\/fr\\\/#\\\/schema\\\/logo\\\/image\\\/\"},\"sameAs\":[\"https:\\\/\\\/www.facebook.com\\\/ketamaseedsbank\",\"https:\\\/\\\/x.com\\\/KetamaSeeds\",\"https:\\\/\\\/www.instagram.com\\\/ketamaseeds\"]}]}<\/script>\n<!-- \/ Yoast SEO plugin. -->","yoast_head_json":{"title":"NORTHERN MOROCCO AUTO graines de cannabis autofloraison","description":"NORTHERN MOROCCO AUTO. Une vari\u00e9t\u00e9 de cannabis \u00e0 autofloraison issue du croisement de NORTHERN LIGHTS avec une plante \u00e0 autofloraison.","robots":{"index":"index","follow":"follow","max-snippet":"max-snippet:-1","max-image-preview":"max-image-preview:large","max-video-preview":"max-video-preview:-1"},"canonical":"https:\/\/ketamaseeds.com\/fr\/produit\/northern-morocco-auto\/","og_locale":"fr_FR","og_type":"article","og_title":"NORTHERN MOROCCO AUTO graines de cannabis autofloraison","og_description":"NORTHERN MOROCCO AUTO. Une vari\u00e9t\u00e9 de cannabis \u00e0 autofloraison issue du croisement de NORTHERN LIGHTS avec une plante \u00e0 autofloraison.","og_url":"https:\/\/ketamaseeds.com\/fr\/produit\/northern-morocco-auto\/","og_site_name":"KETAMA SEEDS","article_publisher":"https:\/\/www.facebook.com\/ketamaseedsbank","article_modified_time":"2023-12-08T16:23:25+00:00","og_image":[{"width":371,"height":600,"url":"https:\/\/ketamaseeds.com\/wp-content\/uploads\/2023\/10\/northern-morocco-auto-semillas-autoflorecientes-ketama-seeds-bank.jpg","type":"image\/jpeg"}],"twitter_card":"summary_large_image","twitter_site":"@KetamaSeeds","twitter_misc":{"Dur\u00e9e de lecture estim\u00e9e":"2 minutes"},"schema":{"@context":"https:\/\/schema.org","@graph":[{"@type":"WebPage","@id":"https:\/\/ketamaseeds.com\/fr\/produit\/northern-morocco-auto\/","url":"https:\/\/ketamaseeds.com\/fr\/produit\/northern-morocco-auto\/","name":"NORTHERN MOROCCO AUTO graines de cannabis autofloraison","isPartOf":{"@id":"https:\/\/ketamaseeds.com\/fr\/#website"},"primaryImageOfPage":{"@id":"https:\/\/ketamaseeds.com\/fr\/produit\/northern-morocco-auto\/#primaryimage"},"image":{"@id":"https:\/\/ketamaseeds.com\/fr\/produit\/northern-morocco-auto\/#primaryimage"},"thumbnailUrl":"https:\/\/ketamaseeds.com\/wp-content\/uploads\/2023\/10\/northern-morocco-auto-semillas-autoflorecientes-ketama-seeds-bank.jpg","datePublished":"2023-10-25T23:22:25+00:00","dateModified":"2023-12-08T16:23:25+00:00","description":"NORTHERN MOROCCO AUTO. Une vari\u00e9t\u00e9 de cannabis \u00e0 autofloraison issue du croisement de NORTHERN LIGHTS avec une plante \u00e0 autofloraison.","breadcrumb":{"@id":"https:\/\/ketamaseeds.com\/fr\/produit\/northern-morocco-auto\/#breadcrumb"},"inLanguage":"fr-FR","potentialAction":[{"@type":"ReadAction","target":["https:\/\/ketamaseeds.com\/fr\/produit\/northern-morocco-auto\/"]}]},{"@type":"ImageObject","inLanguage":"fr-FR","@id":"https:\/\/ketamaseeds.com\/fr\/produit\/northern-morocco-auto\/#primaryimage","url":"https:\/\/ketamaseeds.com\/wp-content\/uploads\/2023\/10\/northern-morocco-auto-semillas-autoflorecientes-ketama-seeds-bank.jpg","contentUrl":"https:\/\/ketamaseeds.com\/wp-content\/uploads\/2023\/10\/northern-morocco-auto-semillas-autoflorecientes-ketama-seeds-bank.jpg","width":371,"height":600,"caption":"NORTHERN MOROCCO AUTO graines f\u00e9minis\u00e9es autofloraison"},{"@type":"BreadcrumbList","@id":"https:\/\/ketamaseeds.com\/fr\/produit\/northern-morocco-auto\/#breadcrumb","itemListElement":[{"@type":"ListItem","position":1,"name":"Home","item":"https:\/\/ketamaseeds.com\/fr\/"},{"@type":"ListItem","position":2,"name":"Graines de cannabis","item":"https:\/\/ketamaseeds.com\/fr\/graines-de-cannabis\/"},{"@type":"ListItem","position":3,"name":"NORTHERN MOROCCO AUTO graines de cannabis autofloraison"}]},{"@type":"WebSite","@id":"https:\/\/ketamaseeds.com\/fr\/#website","url":"https:\/\/ketamaseeds.com\/fr\/","name":"KETAMA SEEDS","description":"Banco de semillas de Cannabis","publisher":{"@id":"https:\/\/ketamaseeds.com\/fr\/#organization"},"potentialAction":[{"@type":"SearchAction","target":{"@type":"EntryPoint","urlTemplate":"https:\/\/ketamaseeds.com\/fr\/?s={search_term_string}"},"query-input":{"@type":"PropertyValueSpecification","valueRequired":true,"valueName":"search_term_string"}}],"inLanguage":"fr-FR"},{"@type":"Organization","@id":"https:\/\/ketamaseeds.com\/fr\/#organization","name":"KETAMA SEEDS","url":"https:\/\/ketamaseeds.com\/fr\/","logo":{"@type":"ImageObject","inLanguage":"fr-FR","@id":"https:\/\/ketamaseeds.com\/fr\/#\/schema\/logo\/image\/","url":"https:\/\/ketamaseeds.com\/wp-content\/uploads\/2023\/10\/cropped-ketama-seeds-logo.jpeg","contentUrl":"https:\/\/ketamaseeds.com\/wp-content\/uploads\/2023\/10\/cropped-ketama-seeds-logo.jpeg","width":512,"height":512,"caption":"KETAMA SEEDS"},"image":{"@id":"https:\/\/ketamaseeds.com\/fr\/#\/schema\/logo\/image\/"},"sameAs":["https:\/\/www.facebook.com\/ketamaseedsbank","https:\/\/x.com\/KetamaSeeds","https:\/\/www.instagram.com\/ketamaseeds"]}]}},"_links":{"self":[{"href":"https:\/\/ketamaseeds.com\/fr\/wp-json\/wp\/v2\/product\/718","targetHints":{"allow":["GET"]}}],"collection":[{"href":"https:\/\/ketamaseeds.com\/fr\/wp-json\/wp\/v2\/product"}],"about":[{"href":"https:\/\/ketamaseeds.com\/fr\/wp-json\/wp\/v2\/types\/product"}],"replies":[{"embeddable":true,"href":"https:\/\/ketamaseeds.com\/fr\/wp-json\/wp\/v2\/comments?post=718"}],"wp:featuredmedia":[{"embeddable":true,"href":"https:\/\/ketamaseeds.com\/fr\/wp-json\/wp\/v2\/media\/622"}],"wp:attachment":[{"href":"https:\/\/ketamaseeds.com\/fr\/wp-json\/wp\/v2\/media?parent=718"}],"wp:term":[{"taxonomy":"product_brand","embeddable":true,"href":"https:\/\/ketamaseeds.com\/fr\/wp-json\/wp\/v2\/product_brand?post=718"},{"taxonomy":"product_cat","embeddable":true,"href":"https:\/\/ketamaseeds.com\/fr\/wp-json\/wp\/v2\/product_cat?post=718"},{"taxonomy":"product_tag","embeddable":true,"href":"https:\/\/ketamaseeds.com\/fr\/wp-json\/wp\/v2\/product_tag?post=718"}],"curies":[{"name":"wp","href":"https:\/\/api.w.org\/{rel}","templated":true}]}}