{"id":752,"date":"2023-10-12T01:55:14","date_gmt":"2023-10-12T01:55:14","guid":{"rendered":"http:\/\/ketamaseeds.com\/?post_type=product&#038;p=752"},"modified":"2023-12-08T01:09:53","modified_gmt":"2023-12-08T01:09:53","slug":"anana","status":"publish","type":"product","link":"https:\/\/ketamaseeds.com\/fr\/produit\/anana\/","title":{"rendered":"ANAN\u00c1 graines de cannabis f\u00e9minis\u00e9es"},"content":{"rendered":"<p>ANAN\u00c1 est une vari\u00e9t\u00e9 de cannabis tr\u00e8s rapide qui produit de grandes fleurs aux tons violets spectaculaires, pleines de r\u00e9sine.<\/p>\n<p>Les fleurs d&rsquo;Anan\u00e1 ont un excellent go\u00fbt fruit\u00e9 qui nous transporte dans des lieux tropicaux o\u00f9 l&rsquo;on boit un d\u00e9licieux rafra\u00eechissement, la pi\u00f1a colada.<\/p>\n<p>Sa g\u00e9n\u00e9tique, un hybride de deux vari\u00e9t\u00e9s de cannabis d&rsquo;Afrique centrale, lui conf\u00e8re de riches ar\u00f4mes et ces tons violets dans les fleurs, ou bleut\u00e9s et presque noirs sur les feuilles.<\/p>\n<p>L&rsquo;effet de la Pineapple flowers, comme toute bonne sativa, est principalement mental.<\/p>\n<p>C&rsquo;est une plante tr\u00e8s facile \u00e0 cultiver et qui, bien que descendant principalement du cannabis sativa, peut \u00eatre r\u00e9colt\u00e9e assez rapidement.<\/p>\n<p>De plus, lorsqu&rsquo;il s&rsquo;agit de la tailler, elle nous donnera moins de travail que d&rsquo;autres vari\u00e9t\u00e9s car il s&rsquo;agit d&rsquo;une plante de marijuana avec tr\u00e8s peu de feuilles.<\/p>\n<p>Dans les cultures d&rsquo;int\u00e9rieur, elle terminera sa p\u00e9riode de floraison en 50-57 jours.<\/p>\n<p>En ext\u00e9rieur, elle sera pr\u00eate \u00e0 \u00eatre r\u00e9colt\u00e9e \u00e0 la mi-septembre dans l&rsquo;h\u00e9misph\u00e8re nord et \u00e0 la fin du mois de f\u00e9vrier ou la premi\u00e8re semaine de mars dans l&rsquo;h\u00e9misph\u00e8re sud.<\/p>\n<p>La Pineapple surprend ceux qui veulent exp\u00e9rimenter les sativas pour sa rapidit\u00e9 et les cultivateurs experts pour sa grande qualit\u00e9 et sa personnalit\u00e9.<\/p>\n","protected":false},"excerpt":{"rendered":"<p>ANAN\u00c1 est une vari\u00e9t\u00e9 de cannabis tr\u00e8s rapide qui produit de grandes fleurs aux tons violets spectaculaires, pleines de r\u00e9sine. Les fleurs d&rsquo;Anan\u00e1 ont un excellent go\u00fbt fruit\u00e9 qui nous transporte dans des lieux tropicaux o\u00f9 l&rsquo;on boit un d\u00e9licieux rafra\u00eechissement, la pi\u00f1a colada. Sa g\u00e9n\u00e9tique, un hybride de deux vari\u00e9t\u00e9s de cannabis d&rsquo;Afrique centrale, [&hellip;]<\/p>\n","protected":false},"featured_media":535,"comment_status":"open","ping_status":"closed","template":"","meta":{"_et_pb_use_builder":"","_et_pb_old_content":"","_et_gb_content_width":""},"product_brand":[],"product_cat":[47],"product_tag":[],"class_list":{"0":"post-752","1":"product","2":"type-product","3":"status-publish","4":"has-post-thumbnail","6":"product_cat-graines-feminisees","8":"first","9":"instock","10":"shipping-taxable","11":"purchasable","12":"product-type-variable"},"yoast_head":"<!-- This site is optimized with the Yoast SEO plugin v27.3 - https:\/\/yoast.com\/product\/yoast-seo-wordpress\/ -->\n<title>ANAN\u00c1 graines de cannabis f\u00e9minis\u00e9es<\/title>\n<meta name=\"description\" content=\"ANAN\u00c1 est une vari\u00e9t\u00e9 de cannabis tr\u00e8s rapide qui produit de grandes fleurs aux tons violets spectaculaires, pleines de r\u00e9sine.Les fleurs d&#039;Anan\u00e1 ont un ...\" \/>\n<meta name=\"robots\" content=\"index, follow, max-snippet:-1, max-image-preview:large, max-video-preview:-1\" \/>\n<link rel=\"canonical\" href=\"https:\/\/ketamaseeds.com\/fr\/produit\/anana\/\" \/>\n<meta property=\"og:locale\" content=\"fr_FR\" \/>\n<meta property=\"og:type\" content=\"article\" \/>\n<meta property=\"og:title\" content=\"ANAN\u00c1 graines de cannabis f\u00e9minis\u00e9es\" \/>\n<meta property=\"og:description\" content=\"ANAN\u00c1 est une vari\u00e9t\u00e9 de cannabis tr\u00e8s rapide qui produit de grandes fleurs aux tons violets spectaculaires, pleines de r\u00e9sine.Les fleurs d&#039;Anan\u00e1 ont un ...\" \/>\n<meta property=\"og:url\" content=\"https:\/\/ketamaseeds.com\/fr\/produit\/anana\/\" \/>\n<meta property=\"og:site_name\" content=\"KETAMA SEEDS\" \/>\n<meta property=\"article:publisher\" content=\"https:\/\/www.facebook.com\/ketamaseedsbank\" \/>\n<meta property=\"article:modified_time\" content=\"2023-12-08T01:09:53+00:00\" \/>\n<meta property=\"og:image\" content=\"https:\/\/ketamaseeds.com\/wp-content\/uploads\/2023\/10\/flores-de-marihuana-variedad-anana-de-ketama-seeds-bank.jpg\" \/>\n\t<meta property=\"og:image:width\" content=\"300\" \/>\n\t<meta property=\"og:image:height\" content=\"300\" \/>\n\t<meta property=\"og:image:type\" content=\"image\/jpeg\" \/>\n<meta name=\"twitter:card\" content=\"summary_large_image\" \/>\n<meta name=\"twitter:site\" content=\"@KetamaSeeds\" \/>\n<meta name=\"twitter:label1\" content=\"Dur\u00e9e de lecture estim\u00e9e\" \/>\n\t<meta name=\"twitter:data1\" content=\"1 minute\" \/>\n<script type=\"application\/ld+json\" class=\"yoast-schema-graph\">{\"@context\":\"https:\\\/\\\/schema.org\",\"@graph\":[{\"@type\":\"WebPage\",\"@id\":\"https:\\\/\\\/ketamaseeds.com\\\/fr\\\/produit\\\/anana\\\/\",\"url\":\"https:\\\/\\\/ketamaseeds.com\\\/fr\\\/produit\\\/anana\\\/\",\"name\":\"ANAN\u00c1 graines de cannabis f\u00e9minis\u00e9es\",\"isPartOf\":{\"@id\":\"https:\\\/\\\/ketamaseeds.com\\\/fr\\\/#website\"},\"primaryImageOfPage\":{\"@id\":\"https:\\\/\\\/ketamaseeds.com\\\/fr\\\/produit\\\/anana\\\/#primaryimage\"},\"image\":{\"@id\":\"https:\\\/\\\/ketamaseeds.com\\\/fr\\\/produit\\\/anana\\\/#primaryimage\"},\"thumbnailUrl\":\"https:\\\/\\\/ketamaseeds.com\\\/wp-content\\\/uploads\\\/2023\\\/10\\\/flores-de-marihuana-variedad-anana-de-ketama-seeds-bank.jpg\",\"datePublished\":\"2023-10-12T01:55:14+00:00\",\"dateModified\":\"2023-12-08T01:09:53+00:00\",\"description\":\"ANAN\u00c1 est une vari\u00e9t\u00e9 de cannabis tr\u00e8s rapide qui produit de grandes fleurs aux tons violets spectaculaires, pleines de r\u00e9sine.Les fleurs d'Anan\u00e1 ont un ...\",\"breadcrumb\":{\"@id\":\"https:\\\/\\\/ketamaseeds.com\\\/fr\\\/produit\\\/anana\\\/#breadcrumb\"},\"inLanguage\":\"fr-FR\",\"potentialAction\":[{\"@type\":\"ReadAction\",\"target\":[\"https:\\\/\\\/ketamaseeds.com\\\/fr\\\/produit\\\/anana\\\/\"]}]},{\"@type\":\"ImageObject\",\"inLanguage\":\"fr-FR\",\"@id\":\"https:\\\/\\\/ketamaseeds.com\\\/fr\\\/produit\\\/anana\\\/#primaryimage\",\"url\":\"https:\\\/\\\/ketamaseeds.com\\\/wp-content\\\/uploads\\\/2023\\\/10\\\/flores-de-marihuana-variedad-anana-de-ketama-seeds-bank.jpg\",\"contentUrl\":\"https:\\\/\\\/ketamaseeds.com\\\/wp-content\\\/uploads\\\/2023\\\/10\\\/flores-de-marihuana-variedad-anana-de-ketama-seeds-bank.jpg\",\"width\":300,\"height\":300},{\"@type\":\"BreadcrumbList\",\"@id\":\"https:\\\/\\\/ketamaseeds.com\\\/fr\\\/produit\\\/anana\\\/#breadcrumb\",\"itemListElement\":[{\"@type\":\"ListItem\",\"position\":1,\"name\":\"Home\",\"item\":\"https:\\\/\\\/ketamaseeds.com\\\/fr\\\/\"},{\"@type\":\"ListItem\",\"position\":2,\"name\":\"Graines de cannabis\",\"item\":\"https:\\\/\\\/ketamaseeds.com\\\/fr\\\/graines-de-cannabis\\\/\"},{\"@type\":\"ListItem\",\"position\":3,\"name\":\"ANAN\u00c1 graines de cannabis f\u00e9minis\u00e9es\"}]},{\"@type\":\"WebSite\",\"@id\":\"https:\\\/\\\/ketamaseeds.com\\\/fr\\\/#website\",\"url\":\"https:\\\/\\\/ketamaseeds.com\\\/fr\\\/\",\"name\":\"KETAMA SEEDS\",\"description\":\"Banco de semillas de Cannabis\",\"publisher\":{\"@id\":\"https:\\\/\\\/ketamaseeds.com\\\/fr\\\/#organization\"},\"potentialAction\":[{\"@type\":\"SearchAction\",\"target\":{\"@type\":\"EntryPoint\",\"urlTemplate\":\"https:\\\/\\\/ketamaseeds.com\\\/fr\\\/?s={search_term_string}\"},\"query-input\":{\"@type\":\"PropertyValueSpecification\",\"valueRequired\":true,\"valueName\":\"search_term_string\"}}],\"inLanguage\":\"fr-FR\"},{\"@type\":\"Organization\",\"@id\":\"https:\\\/\\\/ketamaseeds.com\\\/fr\\\/#organization\",\"name\":\"KETAMA SEEDS\",\"url\":\"https:\\\/\\\/ketamaseeds.com\\\/fr\\\/\",\"logo\":{\"@type\":\"ImageObject\",\"inLanguage\":\"fr-FR\",\"@id\":\"https:\\\/\\\/ketamaseeds.com\\\/fr\\\/#\\\/schema\\\/logo\\\/image\\\/\",\"url\":\"https:\\\/\\\/ketamaseeds.com\\\/wp-content\\\/uploads\\\/2023\\\/10\\\/cropped-ketama-seeds-logo.jpeg\",\"contentUrl\":\"https:\\\/\\\/ketamaseeds.com\\\/wp-content\\\/uploads\\\/2023\\\/10\\\/cropped-ketama-seeds-logo.jpeg\",\"width\":512,\"height\":512,\"caption\":\"KETAMA SEEDS\"},\"image\":{\"@id\":\"https:\\\/\\\/ketamaseeds.com\\\/fr\\\/#\\\/schema\\\/logo\\\/image\\\/\"},\"sameAs\":[\"https:\\\/\\\/www.facebook.com\\\/ketamaseedsbank\",\"https:\\\/\\\/x.com\\\/KetamaSeeds\",\"https:\\\/\\\/www.instagram.com\\\/ketamaseeds\"]}]}<\/script>\n<!-- \/ Yoast SEO plugin. -->","yoast_head_json":{"title":"ANAN\u00c1 graines de cannabis f\u00e9minis\u00e9es","description":"ANAN\u00c1 est une vari\u00e9t\u00e9 de cannabis tr\u00e8s rapide qui produit de grandes fleurs aux tons violets spectaculaires, pleines de r\u00e9sine.Les fleurs d'Anan\u00e1 ont un ...","robots":{"index":"index","follow":"follow","max-snippet":"max-snippet:-1","max-image-preview":"max-image-preview:large","max-video-preview":"max-video-preview:-1"},"canonical":"https:\/\/ketamaseeds.com\/fr\/produit\/anana\/","og_locale":"fr_FR","og_type":"article","og_title":"ANAN\u00c1 graines de cannabis f\u00e9minis\u00e9es","og_description":"ANAN\u00c1 est une vari\u00e9t\u00e9 de cannabis tr\u00e8s rapide qui produit de grandes fleurs aux tons violets spectaculaires, pleines de r\u00e9sine.Les fleurs d'Anan\u00e1 ont un ...","og_url":"https:\/\/ketamaseeds.com\/fr\/produit\/anana\/","og_site_name":"KETAMA SEEDS","article_publisher":"https:\/\/www.facebook.com\/ketamaseedsbank","article_modified_time":"2023-12-08T01:09:53+00:00","og_image":[{"width":300,"height":300,"url":"https:\/\/ketamaseeds.com\/wp-content\/uploads\/2023\/10\/flores-de-marihuana-variedad-anana-de-ketama-seeds-bank.jpg","type":"image\/jpeg"}],"twitter_card":"summary_large_image","twitter_site":"@KetamaSeeds","twitter_misc":{"Dur\u00e9e de lecture estim\u00e9e":"1 minute"},"schema":{"@context":"https:\/\/schema.org","@graph":[{"@type":"WebPage","@id":"https:\/\/ketamaseeds.com\/fr\/produit\/anana\/","url":"https:\/\/ketamaseeds.com\/fr\/produit\/anana\/","name":"ANAN\u00c1 graines de cannabis f\u00e9minis\u00e9es","isPartOf":{"@id":"https:\/\/ketamaseeds.com\/fr\/#website"},"primaryImageOfPage":{"@id":"https:\/\/ketamaseeds.com\/fr\/produit\/anana\/#primaryimage"},"image":{"@id":"https:\/\/ketamaseeds.com\/fr\/produit\/anana\/#primaryimage"},"thumbnailUrl":"https:\/\/ketamaseeds.com\/wp-content\/uploads\/2023\/10\/flores-de-marihuana-variedad-anana-de-ketama-seeds-bank.jpg","datePublished":"2023-10-12T01:55:14+00:00","dateModified":"2023-12-08T01:09:53+00:00","description":"ANAN\u00c1 est une vari\u00e9t\u00e9 de cannabis tr\u00e8s rapide qui produit de grandes fleurs aux tons violets spectaculaires, pleines de r\u00e9sine.Les fleurs d'Anan\u00e1 ont un ...","breadcrumb":{"@id":"https:\/\/ketamaseeds.com\/fr\/produit\/anana\/#breadcrumb"},"inLanguage":"fr-FR","potentialAction":[{"@type":"ReadAction","target":["https:\/\/ketamaseeds.com\/fr\/produit\/anana\/"]}]},{"@type":"ImageObject","inLanguage":"fr-FR","@id":"https:\/\/ketamaseeds.com\/fr\/produit\/anana\/#primaryimage","url":"https:\/\/ketamaseeds.com\/wp-content\/uploads\/2023\/10\/flores-de-marihuana-variedad-anana-de-ketama-seeds-bank.jpg","contentUrl":"https:\/\/ketamaseeds.com\/wp-content\/uploads\/2023\/10\/flores-de-marihuana-variedad-anana-de-ketama-seeds-bank.jpg","width":300,"height":300},{"@type":"BreadcrumbList","@id":"https:\/\/ketamaseeds.com\/fr\/produit\/anana\/#breadcrumb","itemListElement":[{"@type":"ListItem","position":1,"name":"Home","item":"https:\/\/ketamaseeds.com\/fr\/"},{"@type":"ListItem","position":2,"name":"Graines de cannabis","item":"https:\/\/ketamaseeds.com\/fr\/graines-de-cannabis\/"},{"@type":"ListItem","position":3,"name":"ANAN\u00c1 graines de cannabis f\u00e9minis\u00e9es"}]},{"@type":"WebSite","@id":"https:\/\/ketamaseeds.com\/fr\/#website","url":"https:\/\/ketamaseeds.com\/fr\/","name":"KETAMA SEEDS","description":"Banco de semillas de Cannabis","publisher":{"@id":"https:\/\/ketamaseeds.com\/fr\/#organization"},"potentialAction":[{"@type":"SearchAction","target":{"@type":"EntryPoint","urlTemplate":"https:\/\/ketamaseeds.com\/fr\/?s={search_term_string}"},"query-input":{"@type":"PropertyValueSpecification","valueRequired":true,"valueName":"search_term_string"}}],"inLanguage":"fr-FR"},{"@type":"Organization","@id":"https:\/\/ketamaseeds.com\/fr\/#organization","name":"KETAMA SEEDS","url":"https:\/\/ketamaseeds.com\/fr\/","logo":{"@type":"ImageObject","inLanguage":"fr-FR","@id":"https:\/\/ketamaseeds.com\/fr\/#\/schema\/logo\/image\/","url":"https:\/\/ketamaseeds.com\/wp-content\/uploads\/2023\/10\/cropped-ketama-seeds-logo.jpeg","contentUrl":"https:\/\/ketamaseeds.com\/wp-content\/uploads\/2023\/10\/cropped-ketama-seeds-logo.jpeg","width":512,"height":512,"caption":"KETAMA SEEDS"},"image":{"@id":"https:\/\/ketamaseeds.com\/fr\/#\/schema\/logo\/image\/"},"sameAs":["https:\/\/www.facebook.com\/ketamaseedsbank","https:\/\/x.com\/KetamaSeeds","https:\/\/www.instagram.com\/ketamaseeds"]}]}},"_links":{"self":[{"href":"https:\/\/ketamaseeds.com\/fr\/wp-json\/wp\/v2\/product\/752","targetHints":{"allow":["GET"]}}],"collection":[{"href":"https:\/\/ketamaseeds.com\/fr\/wp-json\/wp\/v2\/product"}],"about":[{"href":"https:\/\/ketamaseeds.com\/fr\/wp-json\/wp\/v2\/types\/product"}],"replies":[{"embeddable":true,"href":"https:\/\/ketamaseeds.com\/fr\/wp-json\/wp\/v2\/comments?post=752"}],"wp:featuredmedia":[{"embeddable":true,"href":"https:\/\/ketamaseeds.com\/fr\/wp-json\/wp\/v2\/media\/535"}],"wp:attachment":[{"href":"https:\/\/ketamaseeds.com\/fr\/wp-json\/wp\/v2\/media?parent=752"}],"wp:term":[{"taxonomy":"product_brand","embeddable":true,"href":"https:\/\/ketamaseeds.com\/fr\/wp-json\/wp\/v2\/product_brand?post=752"},{"taxonomy":"product_cat","embeddable":true,"href":"https:\/\/ketamaseeds.com\/fr\/wp-json\/wp\/v2\/product_cat?post=752"},{"taxonomy":"product_tag","embeddable":true,"href":"https:\/\/ketamaseeds.com\/fr\/wp-json\/wp\/v2\/product_tag?post=752"}],"curies":[{"name":"wp","href":"https:\/\/api.w.org\/{rel}","templated":true}]}}