{"id":781,"date":"2023-10-12T03:06:42","date_gmt":"2023-10-12T03:06:42","guid":{"rendered":"http:\/\/ketamaseeds.com\/?post_type=product&#038;p=781"},"modified":"2024-04-04T13:43:34","modified_gmt":"2024-04-04T13:43:34","slug":"beautiful-day","status":"publish","type":"product","link":"https:\/\/ketamaseeds.com\/fr\/produit\/beautiful-day\/","title":{"rendered":"BEAUTIFUL DAY graines de cannabis f\u00e9minis\u00e9es"},"content":{"rendered":"<h2>BEAUTIFUL DAY graines de cannabis f\u00e9minis\u00e9es<\/h2>\n<p>Les graines de marijuana f\u00e9minis\u00e9es BEAUTIFUL DAY sont une vari\u00e9t\u00e9 que notre banque a d\u00e9velopp\u00e9e apr\u00e8s un long processus de s\u00e9lection g\u00e9n\u00e9tique.<\/p>\n<p>BEAUTIFUL DAY est un polyhybride bas\u00e9 sur quatre vari\u00e9t\u00e9s de cannabis s\u00e9lectionn\u00e9es dans des r\u00e9gions tr\u00e8s diff\u00e9rentes de la plan\u00e8te.<\/p>\n<p>Les ar\u00f4mes et les saveurs d\u00e9gag\u00e9s par les fleurs de BEAUTIFUL DAY sont un m\u00e9lange de lavande, de romarin et d&rsquo;herbes aromatiques qui rappellent le go\u00fbt du meilleur haschisch afghan.<\/p>\n<p>L&rsquo;effet produit par les fleurs de BEAUTIFUL DAY est relaxant tout en permettant d&rsquo;avoir une conversation int\u00e9ressante.<\/p>\n<p>Des lieux aussi \u00e9loign\u00e9s que Hawa\u00ef, la Cor\u00e9e, les \u00c9tats-Unis, l&rsquo;Afghanistan et l&rsquo;Europe, qui ont apport\u00e9 \u00e0 notre biblioth\u00e8que g\u00e9n\u00e9tique les vari\u00e9t\u00e9s originales qui composent ce croisement, et qui ne sont ni plus ni moins que l&rsquo;afghane, l&rsquo;hawa\u00efenne, la super skunk et la grande skunk cor\u00e9enne, donnent \u00e0 la BEAUTIFUL DAY de grandes nuances et une tr\u00e8s haute qualit\u00e9.<\/p>\n<p>La tige et les branches de BEAUTIFUL DAY sont \u00e9paisses et robustes. Le r\u00e9sultat est une plante spectaculaire qui attire l&rsquo;attention et qui, m\u00eame si elle est d&rsquo;origine Indica, pousse assez haut. Dans les cultures d&rsquo;int\u00e9rieur, il faut \u00eatre attentif \u00e0 la p\u00e9riode de croissance si l&rsquo;on n&rsquo;a pas beaucoup de hauteur.<\/p>\n<p>La production de la BEAUTIFUL DAY est assez bonne, formant un grand bourgeon central qui, \u00e0 la fin de la p\u00e9riode de floraison, sera compl\u00e8tement recouvert de r\u00e9sine.<\/p>\n<p>C&rsquo;est une plante assez r\u00e9sistante \u00e0 la moisissure et donc adapt\u00e9e \u00e0 tous les climats.<\/p>\n<p>Dans les cultures ext\u00e9rieures, la BEAUTIFUL DAY, en raison des dimensions qu&rsquo;elle peut atteindre et en fonction de la hauteur souhait\u00e9e, ne doit pas \u00eatre plant\u00e9e trop t\u00f4t.<\/p>\n<p>BEAUTIFUL DAY est une vari\u00e9t\u00e9 de cannabis optimale pour les cultures de type SOG.<\/p>\n<p>Une vari\u00e9t\u00e9 de marijuana qui d\u00e9passe les attentes des plus exigeants et qui, gr\u00e2ce \u00e0 sa psychoactivit\u00e9 sp\u00e9ciale, permet de se connecter et de vivre des moments positifs de relaxation, de pens\u00e9e et de r\u00e9flexion.<\/p>\n<p>VARI\u00c9T\u00c9 :Hybride 50% SATIVA 50% INDICA<\/p>\n<p>AROME :Agrumes et \u00e9pices<\/p>\n<p>EFFET :Cr\u00e9atif &#8211; Relaxant<\/p>\n<p>THC :18-19-% CBD :Moyen<\/p>\n<p>Sensibilit\u00e9 aux champignons :Elev\u00e9e<\/p>\n<p>PARAM\u00c8TRES DE CULTURE HYDROPONIQUE<\/p>\n<p>Croissance EC0,6-0,9ms1,1-1,4msFloraison EC0,9-1,4ms1,4-2,2msCroissancePH5.55,8FloraisonPH6.56,5<\/p>\n<p>D\u00c9VELOPPEMENT<\/p>\n<p>EN EXT\u00c9RIEUR 10 octobre<\/p>\n<p>INTERIEUR 60-65 jours<\/p>\n<p>R\u00c9COLTE<\/p>\n<p>RENDEMENT50-400 gr. par plante400-550 gr\/ par m2<\/p>\n","protected":false},"excerpt":{"rendered":"<p>BEAUTIFUL DAY graines de cannabis f\u00e9minis\u00e9es Les graines de marijuana f\u00e9minis\u00e9es BEAUTIFUL DAY sont une vari\u00e9t\u00e9 que notre banque a d\u00e9velopp\u00e9e apr\u00e8s un long processus de s\u00e9lection g\u00e9n\u00e9tique. BEAUTIFUL DAY est un polyhybride bas\u00e9 sur quatre vari\u00e9t\u00e9s de cannabis s\u00e9lectionn\u00e9es dans des r\u00e9gions tr\u00e8s diff\u00e9rentes de la plan\u00e8te. Les ar\u00f4mes et les saveurs d\u00e9gag\u00e9s par [&hellip;]<\/p>\n","protected":false},"featured_media":544,"comment_status":"open","ping_status":"closed","template":"","meta":{"_et_pb_use_builder":"","_et_pb_old_content":"","_et_gb_content_width":""},"product_brand":[],"product_cat":[47],"product_tag":[],"class_list":{"0":"post-781","1":"product","2":"type-product","3":"status-publish","4":"has-post-thumbnail","6":"product_cat-graines-feminisees","8":"first","9":"instock","10":"shipping-taxable","11":"purchasable","12":"product-type-variable"},"yoast_head":"<!-- This site is optimized with the Yoast SEO plugin v27.3 - https:\/\/yoast.com\/product\/yoast-seo-wordpress\/ -->\n<title>BEAUTIFUL DAY graines de cannabis f\u00e9minis\u00e9es<\/title>\n<meta name=\"description\" content=\"BEAUTIFUL DAY est un polyhybride bas\u00e9 sur quatre vari\u00e9t\u00e9s de cannabis s\u00e9lectionn\u00e9es dans des r\u00e9gions tr\u00e8s diff\u00e9rentes de la plan\u00e8te. Les ar\u00f4mes et les ...\" \/>\n<meta name=\"robots\" content=\"index, follow, max-snippet:-1, max-image-preview:large, max-video-preview:-1\" \/>\n<link rel=\"canonical\" href=\"https:\/\/ketamaseeds.com\/fr\/produit\/beautiful-day\/\" \/>\n<meta property=\"og:locale\" content=\"fr_FR\" \/>\n<meta property=\"og:type\" content=\"article\" \/>\n<meta property=\"og:title\" content=\"BEAUTIFUL DAY graines de cannabis f\u00e9minis\u00e9es\" \/>\n<meta property=\"og:description\" content=\"BEAUTIFUL DAY est un polyhybride bas\u00e9 sur quatre vari\u00e9t\u00e9s de cannabis s\u00e9lectionn\u00e9es dans des r\u00e9gions tr\u00e8s diff\u00e9rentes de la plan\u00e8te. Les ar\u00f4mes et les ...\" \/>\n<meta property=\"og:url\" content=\"https:\/\/ketamaseeds.com\/fr\/produit\/beautiful-day\/\" \/>\n<meta property=\"og:site_name\" content=\"KETAMA SEEDS\" \/>\n<meta property=\"article:publisher\" content=\"https:\/\/www.facebook.com\/ketamaseedsbank\" \/>\n<meta property=\"article:modified_time\" content=\"2024-04-04T13:43:34+00:00\" \/>\n<meta property=\"og:image\" content=\"https:\/\/ketamaseeds.com\/wp-content\/uploads\/2023\/10\/BEAUTIFUL-DAY-semillas-de-marihuana-feminizadas.jpg\" \/>\n\t<meta property=\"og:image:width\" content=\"2048\" \/>\n\t<meta property=\"og:image:height\" content=\"1536\" \/>\n\t<meta property=\"og:image:type\" content=\"image\/jpeg\" \/>\n<meta name=\"twitter:card\" content=\"summary_large_image\" \/>\n<meta name=\"twitter:site\" content=\"@KetamaSeeds\" \/>\n<meta name=\"twitter:label1\" content=\"Dur\u00e9e de lecture estim\u00e9e\" \/>\n\t<meta name=\"twitter:data1\" content=\"2 minutes\" \/>\n<script type=\"application\/ld+json\" class=\"yoast-schema-graph\">{\"@context\":\"https:\\\/\\\/schema.org\",\"@graph\":[{\"@type\":\"WebPage\",\"@id\":\"https:\\\/\\\/ketamaseeds.com\\\/fr\\\/produit\\\/beautiful-day\\\/\",\"url\":\"https:\\\/\\\/ketamaseeds.com\\\/fr\\\/produit\\\/beautiful-day\\\/\",\"name\":\"BEAUTIFUL DAY graines de cannabis f\u00e9minis\u00e9es\",\"isPartOf\":{\"@id\":\"https:\\\/\\\/ketamaseeds.com\\\/fr\\\/#website\"},\"primaryImageOfPage\":{\"@id\":\"https:\\\/\\\/ketamaseeds.com\\\/fr\\\/produit\\\/beautiful-day\\\/#primaryimage\"},\"image\":{\"@id\":\"https:\\\/\\\/ketamaseeds.com\\\/fr\\\/produit\\\/beautiful-day\\\/#primaryimage\"},\"thumbnailUrl\":\"https:\\\/\\\/ketamaseeds.com\\\/wp-content\\\/uploads\\\/2023\\\/10\\\/BEAUTIFUL-DAY-semillas-de-marihuana-feminizadas.jpg\",\"datePublished\":\"2023-10-12T03:06:42+00:00\",\"dateModified\":\"2024-04-04T13:43:34+00:00\",\"description\":\"BEAUTIFUL DAY est un polyhybride bas\u00e9 sur quatre vari\u00e9t\u00e9s de cannabis s\u00e9lectionn\u00e9es dans des r\u00e9gions tr\u00e8s diff\u00e9rentes de la plan\u00e8te. Les ar\u00f4mes et les ...\",\"breadcrumb\":{\"@id\":\"https:\\\/\\\/ketamaseeds.com\\\/fr\\\/produit\\\/beautiful-day\\\/#breadcrumb\"},\"inLanguage\":\"fr-FR\",\"potentialAction\":[{\"@type\":\"ReadAction\",\"target\":[\"https:\\\/\\\/ketamaseeds.com\\\/fr\\\/produit\\\/beautiful-day\\\/\"]}]},{\"@type\":\"ImageObject\",\"inLanguage\":\"fr-FR\",\"@id\":\"https:\\\/\\\/ketamaseeds.com\\\/fr\\\/produit\\\/beautiful-day\\\/#primaryimage\",\"url\":\"https:\\\/\\\/ketamaseeds.com\\\/wp-content\\\/uploads\\\/2023\\\/10\\\/BEAUTIFUL-DAY-semillas-de-marihuana-feminizadas.jpg\",\"contentUrl\":\"https:\\\/\\\/ketamaseeds.com\\\/wp-content\\\/uploads\\\/2023\\\/10\\\/BEAUTIFUL-DAY-semillas-de-marihuana-feminizadas.jpg\",\"width\":2048,\"height\":1536},{\"@type\":\"BreadcrumbList\",\"@id\":\"https:\\\/\\\/ketamaseeds.com\\\/fr\\\/produit\\\/beautiful-day\\\/#breadcrumb\",\"itemListElement\":[{\"@type\":\"ListItem\",\"position\":1,\"name\":\"Home\",\"item\":\"https:\\\/\\\/ketamaseeds.com\\\/fr\\\/\"},{\"@type\":\"ListItem\",\"position\":2,\"name\":\"Graines de cannabis\",\"item\":\"https:\\\/\\\/ketamaseeds.com\\\/fr\\\/graines-de-cannabis\\\/\"},{\"@type\":\"ListItem\",\"position\":3,\"name\":\"BEAUTIFUL DAY graines de cannabis f\u00e9minis\u00e9es\"}]},{\"@type\":\"WebSite\",\"@id\":\"https:\\\/\\\/ketamaseeds.com\\\/fr\\\/#website\",\"url\":\"https:\\\/\\\/ketamaseeds.com\\\/fr\\\/\",\"name\":\"KETAMA SEEDS\",\"description\":\"Banco de semillas de Cannabis\",\"publisher\":{\"@id\":\"https:\\\/\\\/ketamaseeds.com\\\/fr\\\/#organization\"},\"potentialAction\":[{\"@type\":\"SearchAction\",\"target\":{\"@type\":\"EntryPoint\",\"urlTemplate\":\"https:\\\/\\\/ketamaseeds.com\\\/fr\\\/?s={search_term_string}\"},\"query-input\":{\"@type\":\"PropertyValueSpecification\",\"valueRequired\":true,\"valueName\":\"search_term_string\"}}],\"inLanguage\":\"fr-FR\"},{\"@type\":\"Organization\",\"@id\":\"https:\\\/\\\/ketamaseeds.com\\\/fr\\\/#organization\",\"name\":\"KETAMA SEEDS\",\"url\":\"https:\\\/\\\/ketamaseeds.com\\\/fr\\\/\",\"logo\":{\"@type\":\"ImageObject\",\"inLanguage\":\"fr-FR\",\"@id\":\"https:\\\/\\\/ketamaseeds.com\\\/fr\\\/#\\\/schema\\\/logo\\\/image\\\/\",\"url\":\"https:\\\/\\\/ketamaseeds.com\\\/wp-content\\\/uploads\\\/2023\\\/10\\\/cropped-ketama-seeds-logo.jpeg\",\"contentUrl\":\"https:\\\/\\\/ketamaseeds.com\\\/wp-content\\\/uploads\\\/2023\\\/10\\\/cropped-ketama-seeds-logo.jpeg\",\"width\":512,\"height\":512,\"caption\":\"KETAMA SEEDS\"},\"image\":{\"@id\":\"https:\\\/\\\/ketamaseeds.com\\\/fr\\\/#\\\/schema\\\/logo\\\/image\\\/\"},\"sameAs\":[\"https:\\\/\\\/www.facebook.com\\\/ketamaseedsbank\",\"https:\\\/\\\/x.com\\\/KetamaSeeds\",\"https:\\\/\\\/www.instagram.com\\\/ketamaseeds\"]}]}<\/script>\n<!-- \/ Yoast SEO plugin. -->","yoast_head_json":{"title":"BEAUTIFUL DAY graines de cannabis f\u00e9minis\u00e9es","description":"BEAUTIFUL DAY est un polyhybride bas\u00e9 sur quatre vari\u00e9t\u00e9s de cannabis s\u00e9lectionn\u00e9es dans des r\u00e9gions tr\u00e8s diff\u00e9rentes de la plan\u00e8te. Les ar\u00f4mes et les ...","robots":{"index":"index","follow":"follow","max-snippet":"max-snippet:-1","max-image-preview":"max-image-preview:large","max-video-preview":"max-video-preview:-1"},"canonical":"https:\/\/ketamaseeds.com\/fr\/produit\/beautiful-day\/","og_locale":"fr_FR","og_type":"article","og_title":"BEAUTIFUL DAY graines de cannabis f\u00e9minis\u00e9es","og_description":"BEAUTIFUL DAY est un polyhybride bas\u00e9 sur quatre vari\u00e9t\u00e9s de cannabis s\u00e9lectionn\u00e9es dans des r\u00e9gions tr\u00e8s diff\u00e9rentes de la plan\u00e8te. Les ar\u00f4mes et les ...","og_url":"https:\/\/ketamaseeds.com\/fr\/produit\/beautiful-day\/","og_site_name":"KETAMA SEEDS","article_publisher":"https:\/\/www.facebook.com\/ketamaseedsbank","article_modified_time":"2024-04-04T13:43:34+00:00","og_image":[{"width":2048,"height":1536,"url":"https:\/\/ketamaseeds.com\/wp-content\/uploads\/2023\/10\/BEAUTIFUL-DAY-semillas-de-marihuana-feminizadas.jpg","type":"image\/jpeg"}],"twitter_card":"summary_large_image","twitter_site":"@KetamaSeeds","twitter_misc":{"Dur\u00e9e de lecture estim\u00e9e":"2 minutes"},"schema":{"@context":"https:\/\/schema.org","@graph":[{"@type":"WebPage","@id":"https:\/\/ketamaseeds.com\/fr\/produit\/beautiful-day\/","url":"https:\/\/ketamaseeds.com\/fr\/produit\/beautiful-day\/","name":"BEAUTIFUL DAY graines de cannabis f\u00e9minis\u00e9es","isPartOf":{"@id":"https:\/\/ketamaseeds.com\/fr\/#website"},"primaryImageOfPage":{"@id":"https:\/\/ketamaseeds.com\/fr\/produit\/beautiful-day\/#primaryimage"},"image":{"@id":"https:\/\/ketamaseeds.com\/fr\/produit\/beautiful-day\/#primaryimage"},"thumbnailUrl":"https:\/\/ketamaseeds.com\/wp-content\/uploads\/2023\/10\/BEAUTIFUL-DAY-semillas-de-marihuana-feminizadas.jpg","datePublished":"2023-10-12T03:06:42+00:00","dateModified":"2024-04-04T13:43:34+00:00","description":"BEAUTIFUL DAY est un polyhybride bas\u00e9 sur quatre vari\u00e9t\u00e9s de cannabis s\u00e9lectionn\u00e9es dans des r\u00e9gions tr\u00e8s diff\u00e9rentes de la plan\u00e8te. Les ar\u00f4mes et les ...","breadcrumb":{"@id":"https:\/\/ketamaseeds.com\/fr\/produit\/beautiful-day\/#breadcrumb"},"inLanguage":"fr-FR","potentialAction":[{"@type":"ReadAction","target":["https:\/\/ketamaseeds.com\/fr\/produit\/beautiful-day\/"]}]},{"@type":"ImageObject","inLanguage":"fr-FR","@id":"https:\/\/ketamaseeds.com\/fr\/produit\/beautiful-day\/#primaryimage","url":"https:\/\/ketamaseeds.com\/wp-content\/uploads\/2023\/10\/BEAUTIFUL-DAY-semillas-de-marihuana-feminizadas.jpg","contentUrl":"https:\/\/ketamaseeds.com\/wp-content\/uploads\/2023\/10\/BEAUTIFUL-DAY-semillas-de-marihuana-feminizadas.jpg","width":2048,"height":1536},{"@type":"BreadcrumbList","@id":"https:\/\/ketamaseeds.com\/fr\/produit\/beautiful-day\/#breadcrumb","itemListElement":[{"@type":"ListItem","position":1,"name":"Home","item":"https:\/\/ketamaseeds.com\/fr\/"},{"@type":"ListItem","position":2,"name":"Graines de cannabis","item":"https:\/\/ketamaseeds.com\/fr\/graines-de-cannabis\/"},{"@type":"ListItem","position":3,"name":"BEAUTIFUL DAY graines de cannabis f\u00e9minis\u00e9es"}]},{"@type":"WebSite","@id":"https:\/\/ketamaseeds.com\/fr\/#website","url":"https:\/\/ketamaseeds.com\/fr\/","name":"KETAMA SEEDS","description":"Banco de semillas de Cannabis","publisher":{"@id":"https:\/\/ketamaseeds.com\/fr\/#organization"},"potentialAction":[{"@type":"SearchAction","target":{"@type":"EntryPoint","urlTemplate":"https:\/\/ketamaseeds.com\/fr\/?s={search_term_string}"},"query-input":{"@type":"PropertyValueSpecification","valueRequired":true,"valueName":"search_term_string"}}],"inLanguage":"fr-FR"},{"@type":"Organization","@id":"https:\/\/ketamaseeds.com\/fr\/#organization","name":"KETAMA SEEDS","url":"https:\/\/ketamaseeds.com\/fr\/","logo":{"@type":"ImageObject","inLanguage":"fr-FR","@id":"https:\/\/ketamaseeds.com\/fr\/#\/schema\/logo\/image\/","url":"https:\/\/ketamaseeds.com\/wp-content\/uploads\/2023\/10\/cropped-ketama-seeds-logo.jpeg","contentUrl":"https:\/\/ketamaseeds.com\/wp-content\/uploads\/2023\/10\/cropped-ketama-seeds-logo.jpeg","width":512,"height":512,"caption":"KETAMA SEEDS"},"image":{"@id":"https:\/\/ketamaseeds.com\/fr\/#\/schema\/logo\/image\/"},"sameAs":["https:\/\/www.facebook.com\/ketamaseedsbank","https:\/\/x.com\/KetamaSeeds","https:\/\/www.instagram.com\/ketamaseeds"]}]}},"_links":{"self":[{"href":"https:\/\/ketamaseeds.com\/fr\/wp-json\/wp\/v2\/product\/781","targetHints":{"allow":["GET"]}}],"collection":[{"href":"https:\/\/ketamaseeds.com\/fr\/wp-json\/wp\/v2\/product"}],"about":[{"href":"https:\/\/ketamaseeds.com\/fr\/wp-json\/wp\/v2\/types\/product"}],"replies":[{"embeddable":true,"href":"https:\/\/ketamaseeds.com\/fr\/wp-json\/wp\/v2\/comments?post=781"}],"wp:featuredmedia":[{"embeddable":true,"href":"https:\/\/ketamaseeds.com\/fr\/wp-json\/wp\/v2\/media\/544"}],"wp:attachment":[{"href":"https:\/\/ketamaseeds.com\/fr\/wp-json\/wp\/v2\/media?parent=781"}],"wp:term":[{"taxonomy":"product_brand","embeddable":true,"href":"https:\/\/ketamaseeds.com\/fr\/wp-json\/wp\/v2\/product_brand?post=781"},{"taxonomy":"product_cat","embeddable":true,"href":"https:\/\/ketamaseeds.com\/fr\/wp-json\/wp\/v2\/product_cat?post=781"},{"taxonomy":"product_tag","embeddable":true,"href":"https:\/\/ketamaseeds.com\/fr\/wp-json\/wp\/v2\/product_tag?post=781"}],"curies":[{"name":"wp","href":"https:\/\/api.w.org\/{rel}","templated":true}]}}