{"id":805,"date":"2023-10-13T12:46:23","date_gmt":"2023-10-13T12:46:23","guid":{"rendered":"http:\/\/ketamaseeds.com\/?post_type=product&#038;p=805"},"modified":"2025-04-12T21:50:04","modified_gmt":"2025-04-12T21:50:04","slug":"creation","status":"publish","type":"product","link":"https:\/\/ketamaseeds.com\/fr\/produit\/creation\/","title":{"rendered":"CREATION graines de cannabis f\u00e9minis\u00e9es"},"content":{"rendered":"<h2>Graines de cannabis f\u00e9minis\u00e9es CREATION<\/h2>\n<p>Graines de cannabis CREATION, une vari\u00e9t\u00e9 de graines de marijuana f\u00e9minis\u00e9es de KETAMA SEEDS avec une touche californienne s\u00e9lectionn\u00e9e.<\/p>\n<p>Le Triangle d&rsquo;\u00c9meraude, une r\u00e9gion mythique de Californie qui s&rsquo;\u00e9tend du comt\u00e9 de Mendocino, en passant par Humboldt jusqu&rsquo;au comt\u00e9 de Trinidad, est la r\u00e9gion des \u00c9tats-Unis avec le plus de tradition en mati\u00e8re de culture de marijuana.<\/p>\n<p>Des g\u00e9n\u00e9tiques prestigieuses et bien reconnues sur le march\u00e9 mondial, et cela gr\u00e2ce \u00e0 une collaboration, sont arriv\u00e9es entre nos mains.<\/p>\n<p>Apr\u00e8s un long travail, nous sommes fiers de pr\u00e9senter les graines de marijuana f\u00e9minis\u00e9es de cette nouvelle vari\u00e9t\u00e9.<\/p>\n<p>C&rsquo;est un hybride \u00e0 dominante Sativa, r\u00e9sultat de l&rsquo;union d&rsquo;un clone \u00e9lite d&rsquo;une plante californienne et d&rsquo;une de nos Kush s\u00e9lectionn\u00e9es.<\/p>\n<p>Le r\u00e9sultat est une grande plante tr\u00e8s vigoureuse, frappante par la grande taille de ses feuilles et ses gros bourgeons pleins de r\u00e9sine.<\/p>\n<p>En int\u00e9rieur, si vous n&rsquo;avez pas beaucoup de hauteur, vous n&rsquo;avez pas besoin de lui donner plusieurs jours de croissance, il devient g\u00e9ant. En ext\u00e9rieur, il atteint 3 m\u00e8tres.<\/p>\n<p>Les plus vertes sont celles qui terminent g\u00e9n\u00e9ralement leur cycle de floraison jusqu&rsquo;\u00e0 une semaine plus t\u00f4t que les violettes.<\/p>\n<p>L&rsquo;effet est assez puissant et la saveur varie selon le ph\u00e9notype entre terreux et sucr\u00e9.<\/p>\n<p>En ce qui concerne sa nutrition, c&rsquo;est une plante sensible \u00e0 la surfertilisation.<\/p>\n<p>Selon le ph\u00e9notype, il sera plus vert ou plus violet, en tout cas spectaculaire.<\/p>\n<p>En savoir plus sur la g\u00e9n\u00e9tique KUSH<\/p>\n<p>VARI\u00c9T\u00c9 : Indica 30% Sativa 70% Hybride<br \/>\nAROME : Agrumes, bois\u00e9<br \/>\nEFFET : M\u00e9ditatif ou relaxant.<br \/>\nTHC : 17-20%.<br \/>\nCBD : Moyen<br \/>\nSensibilit\u00e9 aux champignons : Mod\u00e9r\u00e9e<br \/>\nPARAM\u00c8TRES BIOLOGIQUES HYDROPONIQUES<br \/>\nCroissance EC : 0,7ms 1-1,2ms<br \/>\nEC Floraison : 1ms 1,2ms<br \/>\nPH Croissance : 6.0 5.8<br \/>\nPH floraison : 7.0 6.0<br \/>\nD\u00c9VELOPPEMENT EXT\u00c9RIEUR INT\u00c9RIEUR<br \/>\nR\u00c9COLTE : 10-15 octobre 65-70 jours<br \/>\nRENDEMENT : 650 gr. par plante 450 gr\/m2<\/p>\n","protected":false},"excerpt":{"rendered":"<p>Graines de cannabis f\u00e9minis\u00e9es CREATION Graines de cannabis CREATION, une vari\u00e9t\u00e9 de graines de marijuana f\u00e9minis\u00e9es de KETAMA SEEDS avec une touche californienne s\u00e9lectionn\u00e9e. Le Triangle d&rsquo;\u00c9meraude, une r\u00e9gion mythique de Californie qui s&rsquo;\u00e9tend du comt\u00e9 de Mendocino, en passant par Humboldt jusqu&rsquo;au comt\u00e9 de Trinidad, est la r\u00e9gion des \u00c9tats-Unis avec le plus de [&hellip;]<\/p>\n","protected":false},"featured_media":556,"comment_status":"open","ping_status":"closed","template":"","meta":{"_et_pb_use_builder":"","_et_pb_old_content":"","_et_gb_content_width":""},"product_brand":[],"product_cat":[47],"product_tag":[],"class_list":{"0":"post-805","1":"product","2":"type-product","3":"status-publish","4":"has-post-thumbnail","6":"product_cat-graines-feminisees","8":"first","9":"instock","10":"shipping-taxable","11":"purchasable","12":"product-type-variable"},"yoast_head":"<!-- This site is optimized with the Yoast SEO plugin v27.3 - https:\/\/yoast.com\/product\/yoast-seo-wordpress\/ -->\n<title>CREATION graines de cannabis f\u00e9minis\u00e9es<\/title>\n<meta name=\"description\" content=\"CREATION, une vari\u00e9t\u00e9 de graines de marijuana f\u00e9minis\u00e9es de KETAMA SEEDS avec une touche californienne s\u00e9lectionn\u00e9e. Le Triangle d&#039;\u00c9meraude, une r\u00e9gion ...\" \/>\n<meta name=\"robots\" content=\"index, follow, max-snippet:-1, max-image-preview:large, max-video-preview:-1\" \/>\n<link rel=\"canonical\" href=\"https:\/\/ketamaseeds.com\/fr\/produit\/creation\/\" \/>\n<meta property=\"og:locale\" content=\"fr_FR\" \/>\n<meta property=\"og:type\" content=\"article\" \/>\n<meta property=\"og:title\" content=\"CREATION graines de cannabis f\u00e9minis\u00e9es\" \/>\n<meta property=\"og:description\" content=\"CREATION, une vari\u00e9t\u00e9 de graines de marijuana f\u00e9minis\u00e9es de KETAMA SEEDS avec une touche californienne s\u00e9lectionn\u00e9e. Le Triangle d&#039;\u00c9meraude, une r\u00e9gion ...\" \/>\n<meta property=\"og:url\" content=\"https:\/\/ketamaseeds.com\/fr\/produit\/creation\/\" \/>\n<meta property=\"og:site_name\" content=\"KETAMA SEEDS\" \/>\n<meta property=\"article:publisher\" content=\"https:\/\/www.facebook.com\/ketamaseedsbank\" \/>\n<meta property=\"article:modified_time\" content=\"2025-04-12T21:50:04+00:00\" \/>\n<meta property=\"og:image\" content=\"https:\/\/ketamaseeds.com\/wp-content\/uploads\/2023\/10\/CREATION-cannabis-plant-photo-by-ketama-seeds.jpg\" \/>\n\t<meta property=\"og:image:width\" content=\"1280\" \/>\n\t<meta property=\"og:image:height\" content=\"851\" \/>\n\t<meta property=\"og:image:type\" content=\"image\/jpeg\" \/>\n<meta name=\"twitter:card\" content=\"summary_large_image\" \/>\n<meta name=\"twitter:site\" content=\"@KetamaSeeds\" \/>\n<meta name=\"twitter:label1\" content=\"Dur\u00e9e de lecture estim\u00e9e\" \/>\n\t<meta name=\"twitter:data1\" content=\"2 minutes\" \/>\n<script type=\"application\/ld+json\" class=\"yoast-schema-graph\">{\"@context\":\"https:\\\/\\\/schema.org\",\"@graph\":[{\"@type\":\"WebPage\",\"@id\":\"https:\\\/\\\/ketamaseeds.com\\\/fr\\\/produit\\\/creation\\\/\",\"url\":\"https:\\\/\\\/ketamaseeds.com\\\/fr\\\/produit\\\/creation\\\/\",\"name\":\"CREATION graines de cannabis f\u00e9minis\u00e9es\",\"isPartOf\":{\"@id\":\"https:\\\/\\\/ketamaseeds.com\\\/fr\\\/#website\"},\"primaryImageOfPage\":{\"@id\":\"https:\\\/\\\/ketamaseeds.com\\\/fr\\\/produit\\\/creation\\\/#primaryimage\"},\"image\":{\"@id\":\"https:\\\/\\\/ketamaseeds.com\\\/fr\\\/produit\\\/creation\\\/#primaryimage\"},\"thumbnailUrl\":\"https:\\\/\\\/ketamaseeds.com\\\/wp-content\\\/uploads\\\/2023\\\/10\\\/CREATION-cannabis-plant-photo-by-ketama-seeds.jpg\",\"datePublished\":\"2023-10-13T12:46:23+00:00\",\"dateModified\":\"2025-04-12T21:50:04+00:00\",\"description\":\"CREATION, une vari\u00e9t\u00e9 de graines de marijuana f\u00e9minis\u00e9es de KETAMA SEEDS avec une touche californienne s\u00e9lectionn\u00e9e. Le Triangle d'\u00c9meraude, une r\u00e9gion ...\",\"breadcrumb\":{\"@id\":\"https:\\\/\\\/ketamaseeds.com\\\/fr\\\/produit\\\/creation\\\/#breadcrumb\"},\"inLanguage\":\"fr-FR\",\"potentialAction\":[{\"@type\":\"ReadAction\",\"target\":[\"https:\\\/\\\/ketamaseeds.com\\\/fr\\\/produit\\\/creation\\\/\"]}]},{\"@type\":\"ImageObject\",\"inLanguage\":\"fr-FR\",\"@id\":\"https:\\\/\\\/ketamaseeds.com\\\/fr\\\/produit\\\/creation\\\/#primaryimage\",\"url\":\"https:\\\/\\\/ketamaseeds.com\\\/wp-content\\\/uploads\\\/2023\\\/10\\\/CREATION-cannabis-plant-photo-by-ketama-seeds.jpg\",\"contentUrl\":\"https:\\\/\\\/ketamaseeds.com\\\/wp-content\\\/uploads\\\/2023\\\/10\\\/CREATION-cannabis-plant-photo-by-ketama-seeds.jpg\",\"width\":1280,\"height\":851},{\"@type\":\"BreadcrumbList\",\"@id\":\"https:\\\/\\\/ketamaseeds.com\\\/fr\\\/produit\\\/creation\\\/#breadcrumb\",\"itemListElement\":[{\"@type\":\"ListItem\",\"position\":1,\"name\":\"Home\",\"item\":\"https:\\\/\\\/ketamaseeds.com\\\/fr\\\/\"},{\"@type\":\"ListItem\",\"position\":2,\"name\":\"Graines de cannabis\",\"item\":\"https:\\\/\\\/ketamaseeds.com\\\/fr\\\/graines-de-cannabis\\\/\"},{\"@type\":\"ListItem\",\"position\":3,\"name\":\"CREATION graines de cannabis f\u00e9minis\u00e9es\"}]},{\"@type\":\"WebSite\",\"@id\":\"https:\\\/\\\/ketamaseeds.com\\\/fr\\\/#website\",\"url\":\"https:\\\/\\\/ketamaseeds.com\\\/fr\\\/\",\"name\":\"KETAMA SEEDS\",\"description\":\"Banco de semillas de Cannabis\",\"publisher\":{\"@id\":\"https:\\\/\\\/ketamaseeds.com\\\/fr\\\/#organization\"},\"potentialAction\":[{\"@type\":\"SearchAction\",\"target\":{\"@type\":\"EntryPoint\",\"urlTemplate\":\"https:\\\/\\\/ketamaseeds.com\\\/fr\\\/?s={search_term_string}\"},\"query-input\":{\"@type\":\"PropertyValueSpecification\",\"valueRequired\":true,\"valueName\":\"search_term_string\"}}],\"inLanguage\":\"fr-FR\"},{\"@type\":\"Organization\",\"@id\":\"https:\\\/\\\/ketamaseeds.com\\\/fr\\\/#organization\",\"name\":\"KETAMA SEEDS\",\"url\":\"https:\\\/\\\/ketamaseeds.com\\\/fr\\\/\",\"logo\":{\"@type\":\"ImageObject\",\"inLanguage\":\"fr-FR\",\"@id\":\"https:\\\/\\\/ketamaseeds.com\\\/fr\\\/#\\\/schema\\\/logo\\\/image\\\/\",\"url\":\"https:\\\/\\\/ketamaseeds.com\\\/wp-content\\\/uploads\\\/2023\\\/10\\\/cropped-ketama-seeds-logo.jpeg\",\"contentUrl\":\"https:\\\/\\\/ketamaseeds.com\\\/wp-content\\\/uploads\\\/2023\\\/10\\\/cropped-ketama-seeds-logo.jpeg\",\"width\":512,\"height\":512,\"caption\":\"KETAMA SEEDS\"},\"image\":{\"@id\":\"https:\\\/\\\/ketamaseeds.com\\\/fr\\\/#\\\/schema\\\/logo\\\/image\\\/\"},\"sameAs\":[\"https:\\\/\\\/www.facebook.com\\\/ketamaseedsbank\",\"https:\\\/\\\/x.com\\\/KetamaSeeds\",\"https:\\\/\\\/www.instagram.com\\\/ketamaseeds\"]}]}<\/script>\n<!-- \/ Yoast SEO plugin. -->","yoast_head_json":{"title":"CREATION graines de cannabis f\u00e9minis\u00e9es","description":"CREATION, une vari\u00e9t\u00e9 de graines de marijuana f\u00e9minis\u00e9es de KETAMA SEEDS avec une touche californienne s\u00e9lectionn\u00e9e. Le Triangle d'\u00c9meraude, une r\u00e9gion ...","robots":{"index":"index","follow":"follow","max-snippet":"max-snippet:-1","max-image-preview":"max-image-preview:large","max-video-preview":"max-video-preview:-1"},"canonical":"https:\/\/ketamaseeds.com\/fr\/produit\/creation\/","og_locale":"fr_FR","og_type":"article","og_title":"CREATION graines de cannabis f\u00e9minis\u00e9es","og_description":"CREATION, une vari\u00e9t\u00e9 de graines de marijuana f\u00e9minis\u00e9es de KETAMA SEEDS avec une touche californienne s\u00e9lectionn\u00e9e. Le Triangle d'\u00c9meraude, une r\u00e9gion ...","og_url":"https:\/\/ketamaseeds.com\/fr\/produit\/creation\/","og_site_name":"KETAMA SEEDS","article_publisher":"https:\/\/www.facebook.com\/ketamaseedsbank","article_modified_time":"2025-04-12T21:50:04+00:00","og_image":[{"width":1280,"height":851,"url":"https:\/\/ketamaseeds.com\/wp-content\/uploads\/2023\/10\/CREATION-cannabis-plant-photo-by-ketama-seeds.jpg","type":"image\/jpeg"}],"twitter_card":"summary_large_image","twitter_site":"@KetamaSeeds","twitter_misc":{"Dur\u00e9e de lecture estim\u00e9e":"2 minutes"},"schema":{"@context":"https:\/\/schema.org","@graph":[{"@type":"WebPage","@id":"https:\/\/ketamaseeds.com\/fr\/produit\/creation\/","url":"https:\/\/ketamaseeds.com\/fr\/produit\/creation\/","name":"CREATION graines de cannabis f\u00e9minis\u00e9es","isPartOf":{"@id":"https:\/\/ketamaseeds.com\/fr\/#website"},"primaryImageOfPage":{"@id":"https:\/\/ketamaseeds.com\/fr\/produit\/creation\/#primaryimage"},"image":{"@id":"https:\/\/ketamaseeds.com\/fr\/produit\/creation\/#primaryimage"},"thumbnailUrl":"https:\/\/ketamaseeds.com\/wp-content\/uploads\/2023\/10\/CREATION-cannabis-plant-photo-by-ketama-seeds.jpg","datePublished":"2023-10-13T12:46:23+00:00","dateModified":"2025-04-12T21:50:04+00:00","description":"CREATION, une vari\u00e9t\u00e9 de graines de marijuana f\u00e9minis\u00e9es de KETAMA SEEDS avec une touche californienne s\u00e9lectionn\u00e9e. Le Triangle d'\u00c9meraude, une r\u00e9gion ...","breadcrumb":{"@id":"https:\/\/ketamaseeds.com\/fr\/produit\/creation\/#breadcrumb"},"inLanguage":"fr-FR","potentialAction":[{"@type":"ReadAction","target":["https:\/\/ketamaseeds.com\/fr\/produit\/creation\/"]}]},{"@type":"ImageObject","inLanguage":"fr-FR","@id":"https:\/\/ketamaseeds.com\/fr\/produit\/creation\/#primaryimage","url":"https:\/\/ketamaseeds.com\/wp-content\/uploads\/2023\/10\/CREATION-cannabis-plant-photo-by-ketama-seeds.jpg","contentUrl":"https:\/\/ketamaseeds.com\/wp-content\/uploads\/2023\/10\/CREATION-cannabis-plant-photo-by-ketama-seeds.jpg","width":1280,"height":851},{"@type":"BreadcrumbList","@id":"https:\/\/ketamaseeds.com\/fr\/produit\/creation\/#breadcrumb","itemListElement":[{"@type":"ListItem","position":1,"name":"Home","item":"https:\/\/ketamaseeds.com\/fr\/"},{"@type":"ListItem","position":2,"name":"Graines de cannabis","item":"https:\/\/ketamaseeds.com\/fr\/graines-de-cannabis\/"},{"@type":"ListItem","position":3,"name":"CREATION graines de cannabis f\u00e9minis\u00e9es"}]},{"@type":"WebSite","@id":"https:\/\/ketamaseeds.com\/fr\/#website","url":"https:\/\/ketamaseeds.com\/fr\/","name":"KETAMA SEEDS","description":"Banco de semillas de Cannabis","publisher":{"@id":"https:\/\/ketamaseeds.com\/fr\/#organization"},"potentialAction":[{"@type":"SearchAction","target":{"@type":"EntryPoint","urlTemplate":"https:\/\/ketamaseeds.com\/fr\/?s={search_term_string}"},"query-input":{"@type":"PropertyValueSpecification","valueRequired":true,"valueName":"search_term_string"}}],"inLanguage":"fr-FR"},{"@type":"Organization","@id":"https:\/\/ketamaseeds.com\/fr\/#organization","name":"KETAMA SEEDS","url":"https:\/\/ketamaseeds.com\/fr\/","logo":{"@type":"ImageObject","inLanguage":"fr-FR","@id":"https:\/\/ketamaseeds.com\/fr\/#\/schema\/logo\/image\/","url":"https:\/\/ketamaseeds.com\/wp-content\/uploads\/2023\/10\/cropped-ketama-seeds-logo.jpeg","contentUrl":"https:\/\/ketamaseeds.com\/wp-content\/uploads\/2023\/10\/cropped-ketama-seeds-logo.jpeg","width":512,"height":512,"caption":"KETAMA SEEDS"},"image":{"@id":"https:\/\/ketamaseeds.com\/fr\/#\/schema\/logo\/image\/"},"sameAs":["https:\/\/www.facebook.com\/ketamaseedsbank","https:\/\/x.com\/KetamaSeeds","https:\/\/www.instagram.com\/ketamaseeds"]}]}},"_links":{"self":[{"href":"https:\/\/ketamaseeds.com\/fr\/wp-json\/wp\/v2\/product\/805","targetHints":{"allow":["GET"]}}],"collection":[{"href":"https:\/\/ketamaseeds.com\/fr\/wp-json\/wp\/v2\/product"}],"about":[{"href":"https:\/\/ketamaseeds.com\/fr\/wp-json\/wp\/v2\/types\/product"}],"replies":[{"embeddable":true,"href":"https:\/\/ketamaseeds.com\/fr\/wp-json\/wp\/v2\/comments?post=805"}],"wp:featuredmedia":[{"embeddable":true,"href":"https:\/\/ketamaseeds.com\/fr\/wp-json\/wp\/v2\/media\/556"}],"wp:attachment":[{"href":"https:\/\/ketamaseeds.com\/fr\/wp-json\/wp\/v2\/media?parent=805"}],"wp:term":[{"taxonomy":"product_brand","embeddable":true,"href":"https:\/\/ketamaseeds.com\/fr\/wp-json\/wp\/v2\/product_brand?post=805"},{"taxonomy":"product_cat","embeddable":true,"href":"https:\/\/ketamaseeds.com\/fr\/wp-json\/wp\/v2\/product_cat?post=805"},{"taxonomy":"product_tag","embeddable":true,"href":"https:\/\/ketamaseeds.com\/fr\/wp-json\/wp\/v2\/product_tag?post=805"}],"curies":[{"name":"wp","href":"https:\/\/api.w.org\/{rel}","templated":true}]}}