{"id":851,"date":"2023-10-11T01:32:43","date_gmt":"2023-10-11T01:32:43","guid":{"rendered":"http:\/\/ketamaseeds.com\/?post_type=product&#038;p=851"},"modified":"2024-04-03T08:06:02","modified_gmt":"2024-04-03T08:06:02","slug":"creative","status":"publish","type":"product","link":"https:\/\/ketamaseeds.com\/fr\/produit\/creative\/","title":{"rendered":"CREATIVE graines de cannabis f\u00e9minis\u00e9es"},"content":{"rendered":"<h2>CREATIVE GRAINES DE CANNABIS F\u00c9MINIS\u00c9ES<\/h2>\n<p>CREATIVE. Cette vari\u00e9t\u00e9, comme son nom l\u2019indique, produit un haut niveau de cr\u00e9ativit\u00e9.<\/p>\n<p>En raison de son pouvoir psychoactif \u00e9lev\u00e9, c&rsquo;est la marijuana pr\u00e9f\u00e9r\u00e9e de tous les types d&rsquo;artistes et de personnes qui ont besoin de cr\u00e9er et en m\u00eame temps d&rsquo;avoir une clart\u00e9 mentale.<\/p>\n<p>Les gens fatigu\u00e9s des vari\u00e9t\u00e9s de marijuana qui ne leur disent plus rien, appr\u00e9cient son ar\u00f4me et sa saveur, ressentant les bienfaits qu&rsquo;apportent des composants tels que le THC, le THCV et le CBD.<\/p>\n<p>CREATIVE est une plante qui a besoin de beaucoup d&rsquo;engrais en ext\u00e9rieur et en int\u00e9rieur, elle atteint des hauteurs allant jusqu&rsquo;\u00e0 3,5 m\u00e8tres en ext\u00e9rieur et supporte des niveaux EC sup\u00e9rieurs \u00e0 2,4.<\/p>\n<p>C&rsquo;est une plante tr\u00e8s productive, jusqu&rsquo;\u00e0 1 700 gr. par plante en ext\u00e9rieur et facile \u00e0 cultiver. Si vous la cultivez de mani\u00e8re biologique, elle vous donnera une excellente qualit\u00e9 et un maximum de THCV, un composant de la marijuana pr\u00e9sent dans les sativas \u00e9quatoriales.<\/p>\n<p>Nous sommes tr\u00e8s satisfaits d&rsquo;avoir s\u00e9lectionn\u00e9 deux vari\u00e9t\u00e9s de tr\u00e8s haute qualit\u00e9 pour cette vari\u00e9t\u00e9 qui ravira les producteurs et les consommateurs.<\/p>\n<p>En savoir plus sur la g\u00e9n\u00e9tique HAZE<\/p>\n","protected":false},"excerpt":{"rendered":"<p>CREATIVE GRAINES DE CANNABIS F\u00c9MINIS\u00c9ES CREATIVE. Cette vari\u00e9t\u00e9, comme son nom l\u2019indique, produit un haut niveau de cr\u00e9ativit\u00e9. En raison de son pouvoir psychoactif \u00e9lev\u00e9, c&rsquo;est la marijuana pr\u00e9f\u00e9r\u00e9e de tous les types d&rsquo;artistes et de personnes qui ont besoin de cr\u00e9er et en m\u00eame temps d&rsquo;avoir une clart\u00e9 mentale. Les gens fatigu\u00e9s des vari\u00e9t\u00e9s [&hellip;]<\/p>\n","protected":false},"featured_media":511,"comment_status":"open","ping_status":"closed","template":"","meta":{"_et_pb_use_builder":"","_et_pb_old_content":"","_et_gb_content_width":""},"product_brand":[],"product_cat":[47],"product_tag":[],"class_list":{"0":"post-851","1":"product","2":"type-product","3":"status-publish","4":"has-post-thumbnail","6":"product_cat-graines-feminisees","8":"first","9":"instock","10":"shipping-taxable","11":"purchasable","12":"product-type-variable"},"yoast_head":"<!-- This site is optimized with the Yoast SEO plugin v27.3 - https:\/\/yoast.com\/product\/yoast-seo-wordpress\/ -->\n<title>CREATIVE graines de cannabis f\u00e9minis\u00e9es<\/title>\n<meta name=\"description\" content=\"Creative, comme son nom l\u2019indique, produit un haut niveau de cr\u00e9ativit\u00e9. En raison de son pouvoir psychoactif \u00e9lev\u00e9, c&#039;est la marijuana pr\u00e9f\u00e9r\u00e9e de ...\" \/>\n<meta name=\"robots\" content=\"index, follow, max-snippet:-1, max-image-preview:large, max-video-preview:-1\" \/>\n<link rel=\"canonical\" href=\"https:\/\/ketamaseeds.com\/fr\/produit\/creative\/\" \/>\n<meta property=\"og:locale\" content=\"fr_FR\" \/>\n<meta property=\"og:type\" content=\"article\" \/>\n<meta property=\"og:title\" content=\"CREATIVE graines de cannabis f\u00e9minis\u00e9es\" \/>\n<meta property=\"og:description\" content=\"Creative, comme son nom l\u2019indique, produit un haut niveau de cr\u00e9ativit\u00e9. En raison de son pouvoir psychoactif \u00e9lev\u00e9, c&#039;est la marijuana pr\u00e9f\u00e9r\u00e9e de ...\" \/>\n<meta property=\"og:url\" content=\"https:\/\/ketamaseeds.com\/fr\/produit\/creative\/\" \/>\n<meta property=\"og:site_name\" content=\"KETAMA SEEDS\" \/>\n<meta property=\"article:publisher\" content=\"https:\/\/www.facebook.com\/ketamaseedsbank\" \/>\n<meta property=\"article:modified_time\" content=\"2024-04-03T08:06:02+00:00\" \/>\n<meta property=\"og:image\" content=\"https:\/\/ketamaseeds.com\/wp-content\/uploads\/2023\/10\/CREATIVE-Semillas-de-marihuana-KETAMA-SEEDS-BANK.jpg\" \/>\n\t<meta property=\"og:image:width\" content=\"768\" \/>\n\t<meta property=\"og:image:height\" content=\"1024\" \/>\n\t<meta property=\"og:image:type\" content=\"image\/jpeg\" \/>\n<meta name=\"twitter:card\" content=\"summary_large_image\" \/>\n<meta name=\"twitter:site\" content=\"@KetamaSeeds\" \/>\n<meta name=\"twitter:label1\" content=\"Dur\u00e9e de lecture estim\u00e9e\" \/>\n\t<meta name=\"twitter:data1\" content=\"1 minute\" \/>\n<script type=\"application\/ld+json\" class=\"yoast-schema-graph\">{\"@context\":\"https:\\\/\\\/schema.org\",\"@graph\":[{\"@type\":\"WebPage\",\"@id\":\"https:\\\/\\\/ketamaseeds.com\\\/fr\\\/produit\\\/creative\\\/\",\"url\":\"https:\\\/\\\/ketamaseeds.com\\\/fr\\\/produit\\\/creative\\\/\",\"name\":\"CREATIVE graines de cannabis f\u00e9minis\u00e9es\",\"isPartOf\":{\"@id\":\"https:\\\/\\\/ketamaseeds.com\\\/fr\\\/#website\"},\"primaryImageOfPage\":{\"@id\":\"https:\\\/\\\/ketamaseeds.com\\\/fr\\\/produit\\\/creative\\\/#primaryimage\"},\"image\":{\"@id\":\"https:\\\/\\\/ketamaseeds.com\\\/fr\\\/produit\\\/creative\\\/#primaryimage\"},\"thumbnailUrl\":\"https:\\\/\\\/ketamaseeds.com\\\/wp-content\\\/uploads\\\/2023\\\/10\\\/CREATIVE-Semillas-de-marihuana-KETAMA-SEEDS-BANK.jpg\",\"datePublished\":\"2023-10-11T01:32:43+00:00\",\"dateModified\":\"2024-04-03T08:06:02+00:00\",\"description\":\"Creative, comme son nom l\u2019indique, produit un haut niveau de cr\u00e9ativit\u00e9. En raison de son pouvoir psychoactif \u00e9lev\u00e9, c'est la marijuana pr\u00e9f\u00e9r\u00e9e de ...\",\"breadcrumb\":{\"@id\":\"https:\\\/\\\/ketamaseeds.com\\\/fr\\\/produit\\\/creative\\\/#breadcrumb\"},\"inLanguage\":\"fr-FR\",\"potentialAction\":[{\"@type\":\"ReadAction\",\"target\":[\"https:\\\/\\\/ketamaseeds.com\\\/fr\\\/produit\\\/creative\\\/\"]}]},{\"@type\":\"ImageObject\",\"inLanguage\":\"fr-FR\",\"@id\":\"https:\\\/\\\/ketamaseeds.com\\\/fr\\\/produit\\\/creative\\\/#primaryimage\",\"url\":\"https:\\\/\\\/ketamaseeds.com\\\/wp-content\\\/uploads\\\/2023\\\/10\\\/CREATIVE-Semillas-de-marihuana-KETAMA-SEEDS-BANK.jpg\",\"contentUrl\":\"https:\\\/\\\/ketamaseeds.com\\\/wp-content\\\/uploads\\\/2023\\\/10\\\/CREATIVE-Semillas-de-marihuana-KETAMA-SEEDS-BANK.jpg\",\"width\":768,\"height\":1024},{\"@type\":\"BreadcrumbList\",\"@id\":\"https:\\\/\\\/ketamaseeds.com\\\/fr\\\/produit\\\/creative\\\/#breadcrumb\",\"itemListElement\":[{\"@type\":\"ListItem\",\"position\":1,\"name\":\"Home\",\"item\":\"https:\\\/\\\/ketamaseeds.com\\\/fr\\\/\"},{\"@type\":\"ListItem\",\"position\":2,\"name\":\"Graines de cannabis\",\"item\":\"https:\\\/\\\/ketamaseeds.com\\\/fr\\\/graines-de-cannabis\\\/\"},{\"@type\":\"ListItem\",\"position\":3,\"name\":\"CREATIVE graines de cannabis f\u00e9minis\u00e9es\"}]},{\"@type\":\"WebSite\",\"@id\":\"https:\\\/\\\/ketamaseeds.com\\\/fr\\\/#website\",\"url\":\"https:\\\/\\\/ketamaseeds.com\\\/fr\\\/\",\"name\":\"KETAMA SEEDS\",\"description\":\"Banco de semillas de Cannabis\",\"publisher\":{\"@id\":\"https:\\\/\\\/ketamaseeds.com\\\/fr\\\/#organization\"},\"potentialAction\":[{\"@type\":\"SearchAction\",\"target\":{\"@type\":\"EntryPoint\",\"urlTemplate\":\"https:\\\/\\\/ketamaseeds.com\\\/fr\\\/?s={search_term_string}\"},\"query-input\":{\"@type\":\"PropertyValueSpecification\",\"valueRequired\":true,\"valueName\":\"search_term_string\"}}],\"inLanguage\":\"fr-FR\"},{\"@type\":\"Organization\",\"@id\":\"https:\\\/\\\/ketamaseeds.com\\\/fr\\\/#organization\",\"name\":\"KETAMA SEEDS\",\"url\":\"https:\\\/\\\/ketamaseeds.com\\\/fr\\\/\",\"logo\":{\"@type\":\"ImageObject\",\"inLanguage\":\"fr-FR\",\"@id\":\"https:\\\/\\\/ketamaseeds.com\\\/fr\\\/#\\\/schema\\\/logo\\\/image\\\/\",\"url\":\"https:\\\/\\\/ketamaseeds.com\\\/wp-content\\\/uploads\\\/2023\\\/10\\\/cropped-ketama-seeds-logo.jpeg\",\"contentUrl\":\"https:\\\/\\\/ketamaseeds.com\\\/wp-content\\\/uploads\\\/2023\\\/10\\\/cropped-ketama-seeds-logo.jpeg\",\"width\":512,\"height\":512,\"caption\":\"KETAMA SEEDS\"},\"image\":{\"@id\":\"https:\\\/\\\/ketamaseeds.com\\\/fr\\\/#\\\/schema\\\/logo\\\/image\\\/\"},\"sameAs\":[\"https:\\\/\\\/www.facebook.com\\\/ketamaseedsbank\",\"https:\\\/\\\/x.com\\\/KetamaSeeds\",\"https:\\\/\\\/www.instagram.com\\\/ketamaseeds\"]}]}<\/script>\n<!-- \/ Yoast SEO plugin. -->","yoast_head_json":{"title":"CREATIVE graines de cannabis f\u00e9minis\u00e9es","description":"Creative, comme son nom l\u2019indique, produit un haut niveau de cr\u00e9ativit\u00e9. En raison de son pouvoir psychoactif \u00e9lev\u00e9, c'est la marijuana pr\u00e9f\u00e9r\u00e9e de ...","robots":{"index":"index","follow":"follow","max-snippet":"max-snippet:-1","max-image-preview":"max-image-preview:large","max-video-preview":"max-video-preview:-1"},"canonical":"https:\/\/ketamaseeds.com\/fr\/produit\/creative\/","og_locale":"fr_FR","og_type":"article","og_title":"CREATIVE graines de cannabis f\u00e9minis\u00e9es","og_description":"Creative, comme son nom l\u2019indique, produit un haut niveau de cr\u00e9ativit\u00e9. En raison de son pouvoir psychoactif \u00e9lev\u00e9, c'est la marijuana pr\u00e9f\u00e9r\u00e9e de ...","og_url":"https:\/\/ketamaseeds.com\/fr\/produit\/creative\/","og_site_name":"KETAMA SEEDS","article_publisher":"https:\/\/www.facebook.com\/ketamaseedsbank","article_modified_time":"2024-04-03T08:06:02+00:00","og_image":[{"width":768,"height":1024,"url":"https:\/\/ketamaseeds.com\/wp-content\/uploads\/2023\/10\/CREATIVE-Semillas-de-marihuana-KETAMA-SEEDS-BANK.jpg","type":"image\/jpeg"}],"twitter_card":"summary_large_image","twitter_site":"@KetamaSeeds","twitter_misc":{"Dur\u00e9e de lecture estim\u00e9e":"1 minute"},"schema":{"@context":"https:\/\/schema.org","@graph":[{"@type":"WebPage","@id":"https:\/\/ketamaseeds.com\/fr\/produit\/creative\/","url":"https:\/\/ketamaseeds.com\/fr\/produit\/creative\/","name":"CREATIVE graines de cannabis f\u00e9minis\u00e9es","isPartOf":{"@id":"https:\/\/ketamaseeds.com\/fr\/#website"},"primaryImageOfPage":{"@id":"https:\/\/ketamaseeds.com\/fr\/produit\/creative\/#primaryimage"},"image":{"@id":"https:\/\/ketamaseeds.com\/fr\/produit\/creative\/#primaryimage"},"thumbnailUrl":"https:\/\/ketamaseeds.com\/wp-content\/uploads\/2023\/10\/CREATIVE-Semillas-de-marihuana-KETAMA-SEEDS-BANK.jpg","datePublished":"2023-10-11T01:32:43+00:00","dateModified":"2024-04-03T08:06:02+00:00","description":"Creative, comme son nom l\u2019indique, produit un haut niveau de cr\u00e9ativit\u00e9. En raison de son pouvoir psychoactif \u00e9lev\u00e9, c'est la marijuana pr\u00e9f\u00e9r\u00e9e de ...","breadcrumb":{"@id":"https:\/\/ketamaseeds.com\/fr\/produit\/creative\/#breadcrumb"},"inLanguage":"fr-FR","potentialAction":[{"@type":"ReadAction","target":["https:\/\/ketamaseeds.com\/fr\/produit\/creative\/"]}]},{"@type":"ImageObject","inLanguage":"fr-FR","@id":"https:\/\/ketamaseeds.com\/fr\/produit\/creative\/#primaryimage","url":"https:\/\/ketamaseeds.com\/wp-content\/uploads\/2023\/10\/CREATIVE-Semillas-de-marihuana-KETAMA-SEEDS-BANK.jpg","contentUrl":"https:\/\/ketamaseeds.com\/wp-content\/uploads\/2023\/10\/CREATIVE-Semillas-de-marihuana-KETAMA-SEEDS-BANK.jpg","width":768,"height":1024},{"@type":"BreadcrumbList","@id":"https:\/\/ketamaseeds.com\/fr\/produit\/creative\/#breadcrumb","itemListElement":[{"@type":"ListItem","position":1,"name":"Home","item":"https:\/\/ketamaseeds.com\/fr\/"},{"@type":"ListItem","position":2,"name":"Graines de cannabis","item":"https:\/\/ketamaseeds.com\/fr\/graines-de-cannabis\/"},{"@type":"ListItem","position":3,"name":"CREATIVE graines de cannabis f\u00e9minis\u00e9es"}]},{"@type":"WebSite","@id":"https:\/\/ketamaseeds.com\/fr\/#website","url":"https:\/\/ketamaseeds.com\/fr\/","name":"KETAMA SEEDS","description":"Banco de semillas de Cannabis","publisher":{"@id":"https:\/\/ketamaseeds.com\/fr\/#organization"},"potentialAction":[{"@type":"SearchAction","target":{"@type":"EntryPoint","urlTemplate":"https:\/\/ketamaseeds.com\/fr\/?s={search_term_string}"},"query-input":{"@type":"PropertyValueSpecification","valueRequired":true,"valueName":"search_term_string"}}],"inLanguage":"fr-FR"},{"@type":"Organization","@id":"https:\/\/ketamaseeds.com\/fr\/#organization","name":"KETAMA SEEDS","url":"https:\/\/ketamaseeds.com\/fr\/","logo":{"@type":"ImageObject","inLanguage":"fr-FR","@id":"https:\/\/ketamaseeds.com\/fr\/#\/schema\/logo\/image\/","url":"https:\/\/ketamaseeds.com\/wp-content\/uploads\/2023\/10\/cropped-ketama-seeds-logo.jpeg","contentUrl":"https:\/\/ketamaseeds.com\/wp-content\/uploads\/2023\/10\/cropped-ketama-seeds-logo.jpeg","width":512,"height":512,"caption":"KETAMA SEEDS"},"image":{"@id":"https:\/\/ketamaseeds.com\/fr\/#\/schema\/logo\/image\/"},"sameAs":["https:\/\/www.facebook.com\/ketamaseedsbank","https:\/\/x.com\/KetamaSeeds","https:\/\/www.instagram.com\/ketamaseeds"]}]}},"_links":{"self":[{"href":"https:\/\/ketamaseeds.com\/fr\/wp-json\/wp\/v2\/product\/851","targetHints":{"allow":["GET"]}}],"collection":[{"href":"https:\/\/ketamaseeds.com\/fr\/wp-json\/wp\/v2\/product"}],"about":[{"href":"https:\/\/ketamaseeds.com\/fr\/wp-json\/wp\/v2\/types\/product"}],"replies":[{"embeddable":true,"href":"https:\/\/ketamaseeds.com\/fr\/wp-json\/wp\/v2\/comments?post=851"}],"wp:featuredmedia":[{"embeddable":true,"href":"https:\/\/ketamaseeds.com\/fr\/wp-json\/wp\/v2\/media\/511"}],"wp:attachment":[{"href":"https:\/\/ketamaseeds.com\/fr\/wp-json\/wp\/v2\/media?parent=851"}],"wp:term":[{"taxonomy":"product_brand","embeddable":true,"href":"https:\/\/ketamaseeds.com\/fr\/wp-json\/wp\/v2\/product_brand?post=851"},{"taxonomy":"product_cat","embeddable":true,"href":"https:\/\/ketamaseeds.com\/fr\/wp-json\/wp\/v2\/product_cat?post=851"},{"taxonomy":"product_tag","embeddable":true,"href":"https:\/\/ketamaseeds.com\/fr\/wp-json\/wp\/v2\/product_tag?post=851"}],"curies":[{"name":"wp","href":"https:\/\/api.w.org\/{rel}","templated":true}]}}