{"id":869,"date":"2023-10-13T15:00:44","date_gmt":"2023-10-13T15:00:44","guid":{"rendered":"http:\/\/ketamaseeds.com\/?post_type=product&#038;p=869"},"modified":"2023-12-08T01:38:25","modified_gmt":"2023-12-08T01:38:25","slug":"critical-herer","status":"publish","type":"product","link":"https:\/\/ketamaseeds.com\/fr\/produit\/critical-herer\/","title":{"rendered":"CRITICAL HERER graines de cannabis f\u00e9minis\u00e9es"},"content":{"rendered":"<h2>Graines de marijuana f\u00e9minis\u00e9es CRITICAL HERER<\/h2>\n<p>Les graines de marijuana f\u00e9minis\u00e9es CRITICAL HERER se caract\u00e9risent par \u00eatre une vari\u00e9t\u00e9 vigoureuse et excellente \u00e0 dominance sativa.<\/p>\n<p>Cette vari\u00e9t\u00e9 est le r\u00e9sultat du croisement d&rsquo;un CRITICAL + et du l\u00e9gendaire JACK HERER.<\/p>\n<p>En plus de la vigueur de cette plante de taille moyenne \u00e0 grande, il faut souligner sa haute r\u00e9sistance aux champignons et aux ravageurs, en plus de ses grosses t\u00eates compactes pleines de r\u00e9sine.<\/p>\n<p>Elle a un ar\u00f4me et une saveur bien d\u00e9finis avec des notes d&rsquo;agrumes, d&rsquo;encens, de bois et d&rsquo;\u00e9pices qui conf\u00e8rent \u00e0 cette plante une saveur d\u00e9licieuse et une odeur incomparablement fine.<\/p>\n<p>L&rsquo;excellence de CRITICAL HERER est appr\u00e9ci\u00e9e aussi bien par les cultivateurs exp\u00e9riment\u00e9s que par les nouveaux, car c&rsquo;est une plante tr\u00e8s r\u00e9sistante.<\/p>\n<p>Dans les climats temp\u00e9r\u00e9s, elle obtient d&rsquo;excellentes r\u00e9coltes en ext\u00e9rieur, dans d&rsquo;autres r\u00e9gions de la plan\u00e8te de tr\u00e8s bonnes r\u00e9coltes en serre.<\/p>\n<p>L&rsquo;effet qu&rsquo;il provoque est tr\u00e8s puissant, plus c\u00e9r\u00e9bral que physique, et sa dur\u00e9e peut \u00eatre consid\u00e9r\u00e9e comme longue.<\/p>\n<p>Une marijuana de haute qualit\u00e9 avec cette touche classique de JACK HERER, que les cultivateurs, collectionneurs et utilisateurs du monde entier devraient conna\u00eetre.<\/p>\n","protected":false},"excerpt":{"rendered":"<p>Graines de marijuana f\u00e9minis\u00e9es CRITICAL HERER Les graines de marijuana f\u00e9minis\u00e9es CRITICAL HERER se caract\u00e9risent par \u00eatre une vari\u00e9t\u00e9 vigoureuse et excellente \u00e0 dominance sativa. Cette vari\u00e9t\u00e9 est le r\u00e9sultat du croisement d&rsquo;un CRITICAL + et du l\u00e9gendaire JACK HERER. En plus de la vigueur de cette plante de taille moyenne \u00e0 grande, il faut [&hellip;]<\/p>\n","protected":false},"featured_media":559,"comment_status":"open","ping_status":"closed","template":"","meta":{"_et_pb_use_builder":"","_et_pb_old_content":"","_et_gb_content_width":""},"product_brand":[],"product_cat":[47],"product_tag":[],"class_list":{"0":"post-869","1":"product","2":"type-product","3":"status-publish","4":"has-post-thumbnail","6":"product_cat-graines-feminisees","8":"first","9":"instock","10":"shipping-taxable","11":"purchasable","12":"product-type-variable"},"yoast_head":"<!-- This site is optimized with the Yoast SEO plugin v27.3 - https:\/\/yoast.com\/product\/yoast-seo-wordpress\/ -->\n<title>CRITICAL HERER graines de cannabis f\u00e9minis\u00e9es<\/title>\n<meta name=\"description\" content=\"Les graines de marijuana f\u00e9minis\u00e9es CRITICAL HERER se caract\u00e9risent par \u00eatre une vari\u00e9t\u00e9 vigoureuse et excellente \u00e0 dominance sativa. Cette vari\u00e9t\u00e9 est le\" \/>\n<meta name=\"robots\" content=\"index, follow, max-snippet:-1, max-image-preview:large, max-video-preview:-1\" \/>\n<link rel=\"canonical\" href=\"https:\/\/ketamaseeds.com\/fr\/produit\/critical-herer\/\" \/>\n<meta property=\"og:locale\" content=\"fr_FR\" \/>\n<meta property=\"og:type\" content=\"article\" \/>\n<meta property=\"og:title\" content=\"CRITICAL HERER graines de cannabis f\u00e9minis\u00e9es\" \/>\n<meta property=\"og:description\" content=\"Les graines de marijuana f\u00e9minis\u00e9es CRITICAL HERER se caract\u00e9risent par \u00eatre une vari\u00e9t\u00e9 vigoureuse et excellente \u00e0 dominance sativa. Cette vari\u00e9t\u00e9 est le\" \/>\n<meta property=\"og:url\" content=\"https:\/\/ketamaseeds.com\/fr\/produit\/critical-herer\/\" \/>\n<meta property=\"og:site_name\" content=\"KETAMA SEEDS\" \/>\n<meta property=\"article:publisher\" content=\"https:\/\/www.facebook.com\/ketamaseedsbank\" \/>\n<meta property=\"article:modified_time\" content=\"2023-12-08T01:38:25+00:00\" \/>\n<meta property=\"og:image\" content=\"https:\/\/ketamaseeds.com\/wp-content\/uploads\/2023\/10\/Planta-de-cannabis-de-la-variedad-Critical-Herer-de-semillas-feminizadas.jpg\" \/>\n\t<meta property=\"og:image:width\" content=\"1280\" \/>\n\t<meta property=\"og:image:height\" content=\"720\" \/>\n\t<meta property=\"og:image:type\" content=\"image\/jpeg\" \/>\n<meta name=\"twitter:card\" content=\"summary_large_image\" \/>\n<meta name=\"twitter:site\" content=\"@KetamaSeeds\" \/>\n<meta name=\"twitter:label1\" content=\"Dur\u00e9e de lecture estim\u00e9e\" \/>\n\t<meta name=\"twitter:data1\" content=\"1 minute\" \/>\n<script type=\"application\/ld+json\" class=\"yoast-schema-graph\">{\"@context\":\"https:\\\/\\\/schema.org\",\"@graph\":[{\"@type\":\"WebPage\",\"@id\":\"https:\\\/\\\/ketamaseeds.com\\\/fr\\\/produit\\\/critical-herer\\\/\",\"url\":\"https:\\\/\\\/ketamaseeds.com\\\/fr\\\/produit\\\/critical-herer\\\/\",\"name\":\"CRITICAL HERER graines de cannabis f\u00e9minis\u00e9es\",\"isPartOf\":{\"@id\":\"https:\\\/\\\/ketamaseeds.com\\\/fr\\\/#website\"},\"primaryImageOfPage\":{\"@id\":\"https:\\\/\\\/ketamaseeds.com\\\/fr\\\/produit\\\/critical-herer\\\/#primaryimage\"},\"image\":{\"@id\":\"https:\\\/\\\/ketamaseeds.com\\\/fr\\\/produit\\\/critical-herer\\\/#primaryimage\"},\"thumbnailUrl\":\"https:\\\/\\\/ketamaseeds.com\\\/wp-content\\\/uploads\\\/2023\\\/10\\\/Planta-de-cannabis-de-la-variedad-Critical-Herer-de-semillas-feminizadas.jpg\",\"datePublished\":\"2023-10-13T15:00:44+00:00\",\"dateModified\":\"2023-12-08T01:38:25+00:00\",\"description\":\"Les graines de marijuana f\u00e9minis\u00e9es CRITICAL HERER se caract\u00e9risent par \u00eatre une vari\u00e9t\u00e9 vigoureuse et excellente \u00e0 dominance sativa. Cette vari\u00e9t\u00e9 est le\",\"breadcrumb\":{\"@id\":\"https:\\\/\\\/ketamaseeds.com\\\/fr\\\/produit\\\/critical-herer\\\/#breadcrumb\"},\"inLanguage\":\"fr-FR\",\"potentialAction\":[{\"@type\":\"ReadAction\",\"target\":[\"https:\\\/\\\/ketamaseeds.com\\\/fr\\\/produit\\\/critical-herer\\\/\"]}]},{\"@type\":\"ImageObject\",\"inLanguage\":\"fr-FR\",\"@id\":\"https:\\\/\\\/ketamaseeds.com\\\/fr\\\/produit\\\/critical-herer\\\/#primaryimage\",\"url\":\"https:\\\/\\\/ketamaseeds.com\\\/wp-content\\\/uploads\\\/2023\\\/10\\\/Planta-de-cannabis-de-la-variedad-Critical-Herer-de-semillas-feminizadas.jpg\",\"contentUrl\":\"https:\\\/\\\/ketamaseeds.com\\\/wp-content\\\/uploads\\\/2023\\\/10\\\/Planta-de-cannabis-de-la-variedad-Critical-Herer-de-semillas-feminizadas.jpg\",\"width\":1280,\"height\":720,\"caption\":\"Graines de marijuana f\u00e9minis\u00e9es CRITICAL HERER\"},{\"@type\":\"BreadcrumbList\",\"@id\":\"https:\\\/\\\/ketamaseeds.com\\\/fr\\\/produit\\\/critical-herer\\\/#breadcrumb\",\"itemListElement\":[{\"@type\":\"ListItem\",\"position\":1,\"name\":\"Home\",\"item\":\"https:\\\/\\\/ketamaseeds.com\\\/fr\\\/\"},{\"@type\":\"ListItem\",\"position\":2,\"name\":\"Graines de cannabis\",\"item\":\"https:\\\/\\\/ketamaseeds.com\\\/fr\\\/graines-de-cannabis\\\/\"},{\"@type\":\"ListItem\",\"position\":3,\"name\":\"CRITICAL HERER graines de cannabis f\u00e9minis\u00e9es\"}]},{\"@type\":\"WebSite\",\"@id\":\"https:\\\/\\\/ketamaseeds.com\\\/fr\\\/#website\",\"url\":\"https:\\\/\\\/ketamaseeds.com\\\/fr\\\/\",\"name\":\"KETAMA SEEDS\",\"description\":\"Banco de semillas de Cannabis\",\"publisher\":{\"@id\":\"https:\\\/\\\/ketamaseeds.com\\\/fr\\\/#organization\"},\"potentialAction\":[{\"@type\":\"SearchAction\",\"target\":{\"@type\":\"EntryPoint\",\"urlTemplate\":\"https:\\\/\\\/ketamaseeds.com\\\/fr\\\/?s={search_term_string}\"},\"query-input\":{\"@type\":\"PropertyValueSpecification\",\"valueRequired\":true,\"valueName\":\"search_term_string\"}}],\"inLanguage\":\"fr-FR\"},{\"@type\":\"Organization\",\"@id\":\"https:\\\/\\\/ketamaseeds.com\\\/fr\\\/#organization\",\"name\":\"KETAMA SEEDS\",\"url\":\"https:\\\/\\\/ketamaseeds.com\\\/fr\\\/\",\"logo\":{\"@type\":\"ImageObject\",\"inLanguage\":\"fr-FR\",\"@id\":\"https:\\\/\\\/ketamaseeds.com\\\/fr\\\/#\\\/schema\\\/logo\\\/image\\\/\",\"url\":\"https:\\\/\\\/ketamaseeds.com\\\/wp-content\\\/uploads\\\/2023\\\/10\\\/cropped-ketama-seeds-logo.jpeg\",\"contentUrl\":\"https:\\\/\\\/ketamaseeds.com\\\/wp-content\\\/uploads\\\/2023\\\/10\\\/cropped-ketama-seeds-logo.jpeg\",\"width\":512,\"height\":512,\"caption\":\"KETAMA SEEDS\"},\"image\":{\"@id\":\"https:\\\/\\\/ketamaseeds.com\\\/fr\\\/#\\\/schema\\\/logo\\\/image\\\/\"},\"sameAs\":[\"https:\\\/\\\/www.facebook.com\\\/ketamaseedsbank\",\"https:\\\/\\\/x.com\\\/KetamaSeeds\",\"https:\\\/\\\/www.instagram.com\\\/ketamaseeds\"]}]}<\/script>\n<!-- \/ Yoast SEO plugin. -->","yoast_head_json":{"title":"CRITICAL HERER graines de cannabis f\u00e9minis\u00e9es","description":"Les graines de marijuana f\u00e9minis\u00e9es CRITICAL HERER se caract\u00e9risent par \u00eatre une vari\u00e9t\u00e9 vigoureuse et excellente \u00e0 dominance sativa. Cette vari\u00e9t\u00e9 est le","robots":{"index":"index","follow":"follow","max-snippet":"max-snippet:-1","max-image-preview":"max-image-preview:large","max-video-preview":"max-video-preview:-1"},"canonical":"https:\/\/ketamaseeds.com\/fr\/produit\/critical-herer\/","og_locale":"fr_FR","og_type":"article","og_title":"CRITICAL HERER graines de cannabis f\u00e9minis\u00e9es","og_description":"Les graines de marijuana f\u00e9minis\u00e9es CRITICAL HERER se caract\u00e9risent par \u00eatre une vari\u00e9t\u00e9 vigoureuse et excellente \u00e0 dominance sativa. Cette vari\u00e9t\u00e9 est le","og_url":"https:\/\/ketamaseeds.com\/fr\/produit\/critical-herer\/","og_site_name":"KETAMA SEEDS","article_publisher":"https:\/\/www.facebook.com\/ketamaseedsbank","article_modified_time":"2023-12-08T01:38:25+00:00","og_image":[{"width":1280,"height":720,"url":"https:\/\/ketamaseeds.com\/wp-content\/uploads\/2023\/10\/Planta-de-cannabis-de-la-variedad-Critical-Herer-de-semillas-feminizadas.jpg","type":"image\/jpeg"}],"twitter_card":"summary_large_image","twitter_site":"@KetamaSeeds","twitter_misc":{"Dur\u00e9e de lecture estim\u00e9e":"1 minute"},"schema":{"@context":"https:\/\/schema.org","@graph":[{"@type":"WebPage","@id":"https:\/\/ketamaseeds.com\/fr\/produit\/critical-herer\/","url":"https:\/\/ketamaseeds.com\/fr\/produit\/critical-herer\/","name":"CRITICAL HERER graines de cannabis f\u00e9minis\u00e9es","isPartOf":{"@id":"https:\/\/ketamaseeds.com\/fr\/#website"},"primaryImageOfPage":{"@id":"https:\/\/ketamaseeds.com\/fr\/produit\/critical-herer\/#primaryimage"},"image":{"@id":"https:\/\/ketamaseeds.com\/fr\/produit\/critical-herer\/#primaryimage"},"thumbnailUrl":"https:\/\/ketamaseeds.com\/wp-content\/uploads\/2023\/10\/Planta-de-cannabis-de-la-variedad-Critical-Herer-de-semillas-feminizadas.jpg","datePublished":"2023-10-13T15:00:44+00:00","dateModified":"2023-12-08T01:38:25+00:00","description":"Les graines de marijuana f\u00e9minis\u00e9es CRITICAL HERER se caract\u00e9risent par \u00eatre une vari\u00e9t\u00e9 vigoureuse et excellente \u00e0 dominance sativa. Cette vari\u00e9t\u00e9 est le","breadcrumb":{"@id":"https:\/\/ketamaseeds.com\/fr\/produit\/critical-herer\/#breadcrumb"},"inLanguage":"fr-FR","potentialAction":[{"@type":"ReadAction","target":["https:\/\/ketamaseeds.com\/fr\/produit\/critical-herer\/"]}]},{"@type":"ImageObject","inLanguage":"fr-FR","@id":"https:\/\/ketamaseeds.com\/fr\/produit\/critical-herer\/#primaryimage","url":"https:\/\/ketamaseeds.com\/wp-content\/uploads\/2023\/10\/Planta-de-cannabis-de-la-variedad-Critical-Herer-de-semillas-feminizadas.jpg","contentUrl":"https:\/\/ketamaseeds.com\/wp-content\/uploads\/2023\/10\/Planta-de-cannabis-de-la-variedad-Critical-Herer-de-semillas-feminizadas.jpg","width":1280,"height":720,"caption":"Graines de marijuana f\u00e9minis\u00e9es CRITICAL HERER"},{"@type":"BreadcrumbList","@id":"https:\/\/ketamaseeds.com\/fr\/produit\/critical-herer\/#breadcrumb","itemListElement":[{"@type":"ListItem","position":1,"name":"Home","item":"https:\/\/ketamaseeds.com\/fr\/"},{"@type":"ListItem","position":2,"name":"Graines de cannabis","item":"https:\/\/ketamaseeds.com\/fr\/graines-de-cannabis\/"},{"@type":"ListItem","position":3,"name":"CRITICAL HERER graines de cannabis f\u00e9minis\u00e9es"}]},{"@type":"WebSite","@id":"https:\/\/ketamaseeds.com\/fr\/#website","url":"https:\/\/ketamaseeds.com\/fr\/","name":"KETAMA SEEDS","description":"Banco de semillas de Cannabis","publisher":{"@id":"https:\/\/ketamaseeds.com\/fr\/#organization"},"potentialAction":[{"@type":"SearchAction","target":{"@type":"EntryPoint","urlTemplate":"https:\/\/ketamaseeds.com\/fr\/?s={search_term_string}"},"query-input":{"@type":"PropertyValueSpecification","valueRequired":true,"valueName":"search_term_string"}}],"inLanguage":"fr-FR"},{"@type":"Organization","@id":"https:\/\/ketamaseeds.com\/fr\/#organization","name":"KETAMA SEEDS","url":"https:\/\/ketamaseeds.com\/fr\/","logo":{"@type":"ImageObject","inLanguage":"fr-FR","@id":"https:\/\/ketamaseeds.com\/fr\/#\/schema\/logo\/image\/","url":"https:\/\/ketamaseeds.com\/wp-content\/uploads\/2023\/10\/cropped-ketama-seeds-logo.jpeg","contentUrl":"https:\/\/ketamaseeds.com\/wp-content\/uploads\/2023\/10\/cropped-ketama-seeds-logo.jpeg","width":512,"height":512,"caption":"KETAMA SEEDS"},"image":{"@id":"https:\/\/ketamaseeds.com\/fr\/#\/schema\/logo\/image\/"},"sameAs":["https:\/\/www.facebook.com\/ketamaseedsbank","https:\/\/x.com\/KetamaSeeds","https:\/\/www.instagram.com\/ketamaseeds"]}]}},"_links":{"self":[{"href":"https:\/\/ketamaseeds.com\/fr\/wp-json\/wp\/v2\/product\/869","targetHints":{"allow":["GET"]}}],"collection":[{"href":"https:\/\/ketamaseeds.com\/fr\/wp-json\/wp\/v2\/product"}],"about":[{"href":"https:\/\/ketamaseeds.com\/fr\/wp-json\/wp\/v2\/types\/product"}],"replies":[{"embeddable":true,"href":"https:\/\/ketamaseeds.com\/fr\/wp-json\/wp\/v2\/comments?post=869"}],"wp:featuredmedia":[{"embeddable":true,"href":"https:\/\/ketamaseeds.com\/fr\/wp-json\/wp\/v2\/media\/559"}],"wp:attachment":[{"href":"https:\/\/ketamaseeds.com\/fr\/wp-json\/wp\/v2\/media?parent=869"}],"wp:term":[{"taxonomy":"product_brand","embeddable":true,"href":"https:\/\/ketamaseeds.com\/fr\/wp-json\/wp\/v2\/product_brand?post=869"},{"taxonomy":"product_cat","embeddable":true,"href":"https:\/\/ketamaseeds.com\/fr\/wp-json\/wp\/v2\/product_cat?post=869"},{"taxonomy":"product_tag","embeddable":true,"href":"https:\/\/ketamaseeds.com\/fr\/wp-json\/wp\/v2\/product_tag?post=869"}],"curies":[{"name":"wp","href":"https:\/\/api.w.org\/{rel}","templated":true}]}}