{"id":887,"date":"2023-10-13T10:03:14","date_gmt":"2023-10-13T10:03:14","guid":{"rendered":"http:\/\/ketamaseeds.com\/?post_type=product&#038;p=887"},"modified":"2023-12-08T02:07:10","modified_gmt":"2023-12-08T02:07:10","slug":"critical","status":"publish","type":"product","link":"https:\/\/ketamaseeds.com\/fr\/produit\/critical\/","title":{"rendered":"CRITICAL KETAMA graines de cannabis f\u00e9minis\u00e9es"},"content":{"rendered":"<p>Les graines de cannabis CRITICAL KETAMA sont une excellente vari\u00e9t\u00e9 pour la culture en int\u00e9rieur ou en ext\u00e9rieur.<\/p>\n<p>Faciles \u00e0 cultiver et \u00e0 floraison tr\u00e8s rapide, elles se distinguent par l&rsquo;ar\u00f4me incomparable de leurs fleurs et de leur production.<\/p>\n<p>La CRITICAL KETAMA est une plante de taille moyenne \u00e0 grande qui produit des fleurs grandes et consistantes, ce qui rend n\u00e9cessaire le tuteurage de la plante \u00e0 cause du poids des branches pendant la floraison.<\/p>\n<p>L&rsquo;effet des fleurs de cette vari\u00e9t\u00e9 de graines de cannabis f\u00e9minis\u00e9es est puissant et \u00e9quilibr\u00e9, d&rsquo;abord c\u00e9r\u00e9bral puis physique.<\/p>\n<p>En int\u00e9rieur, en fonction de la hauteur dont nous disposons, il est important de suivre de pr\u00e8s sa croissance pour \u00e9viter les probl\u00e8mes d&rsquo;espace. En ext\u00e9rieur, la plante peut atteindre plus de 2,5 m\u00e8tres.<\/p>\n<p>La haute qualit\u00e9 de cette vari\u00e9t\u00e9 de graines de marijuana f\u00e9minis\u00e9es est tr\u00e8s appr\u00e9ci\u00e9e par les cultivateurs experts.<\/p>\n<h3>CRITICAL KETAMA graines de cannabis f\u00e9minis\u00e9es<\/h3>\n<p>VARI\u00c9T\u00c9 : Indica 50% Sativa 50% Hybride<br \/>\nAROME : Agrumes, bois\u00e9<br \/>\nEFFET : M\u00e9ditatif ou relaxant.<br \/>\nTHC : 15-20%.<br \/>\nCBD : \u00c9LEV\u00c9<br \/>\nSensibilit\u00e9 aux champignons : Mod\u00e9r\u00e9e<br \/>\nPARAM\u00c8TRES BIOLOGIQUES HYDROPONIQUES<br \/>\nCroissance EC : 0,7ms 1-1,2ms<br \/>\nEC Floraison : 1ms 1,2ms<br \/>\nPH Croissance : 6.0 5,8<br \/>\nPH floraison : 7,0 6,0<br \/>\nD\u00c9VELOPPEMENT EXT\u00c9RIEUR INT\u00c9RIEUR<br \/>\nR\u00c9COLTE : 25-30 septembre 45-50 jours<br \/>\nRENDEMENT : Jusqu&rsquo;\u00e0 1300 gr. par plante 650 gr\/m2<\/p>\n","protected":false},"excerpt":{"rendered":"<p>Les graines de cannabis CRITICAL KETAMA sont une excellente vari\u00e9t\u00e9 pour la culture en int\u00e9rieur ou en ext\u00e9rieur. Faciles \u00e0 cultiver et \u00e0 floraison tr\u00e8s rapide, elles se distinguent par l&rsquo;ar\u00f4me incomparable de leurs fleurs et de leur production. La CRITICAL KETAMA est une plante de taille moyenne \u00e0 grande qui produit des fleurs grandes [&hellip;]<\/p>\n","protected":false},"featured_media":553,"comment_status":"open","ping_status":"closed","template":"","meta":{"_et_pb_use_builder":"","_et_pb_old_content":"","_et_gb_content_width":""},"product_brand":[],"product_cat":[47],"product_tag":[],"class_list":{"0":"post-887","1":"product","2":"type-product","3":"status-publish","4":"has-post-thumbnail","6":"product_cat-graines-feminisees","8":"first","9":"instock","10":"shipping-taxable","11":"purchasable","12":"product-type-variable"},"yoast_head":"<!-- This site is optimized with the Yoast SEO plugin v27.3 - https:\/\/yoast.com\/product\/yoast-seo-wordpress\/ -->\n<title>CRITICAL KETAMA graines de cannabis f\u00e9minis\u00e9es<\/title>\n<meta name=\"description\" content=\"Les graines de cannabis CRITICAL KETAMA sont une excellente vari\u00e9t\u00e9 pour la culture en int\u00e9rieur ou en ext\u00e9rieur. Faciles \u00e0 cultiver et \u00e0 floraison tr\u00e8s ...\" \/>\n<meta name=\"robots\" content=\"index, follow, max-snippet:-1, max-image-preview:large, max-video-preview:-1\" \/>\n<link rel=\"canonical\" href=\"https:\/\/ketamaseeds.com\/fr\/produit\/critical\/\" \/>\n<meta property=\"og:locale\" content=\"fr_FR\" \/>\n<meta property=\"og:type\" content=\"article\" \/>\n<meta property=\"og:title\" content=\"CRITICAL KETAMA graines de cannabis f\u00e9minis\u00e9es\" \/>\n<meta property=\"og:description\" content=\"Les graines de cannabis CRITICAL KETAMA sont une excellente vari\u00e9t\u00e9 pour la culture en int\u00e9rieur ou en ext\u00e9rieur. Faciles \u00e0 cultiver et \u00e0 floraison tr\u00e8s ...\" \/>\n<meta property=\"og:url\" content=\"https:\/\/ketamaseeds.com\/fr\/produit\/critical\/\" \/>\n<meta property=\"og:site_name\" content=\"KETAMA SEEDS\" \/>\n<meta property=\"article:publisher\" content=\"https:\/\/www.facebook.com\/ketamaseedsbank\" \/>\n<meta property=\"article:modified_time\" content=\"2023-12-08T02:07:10+00:00\" \/>\n<meta property=\"og:image\" content=\"https:\/\/ketamaseeds.com\/wp-content\/uploads\/2023\/10\/CRITICAL-KETAMA.jpg\" \/>\n\t<meta property=\"og:image:width\" content=\"680\" \/>\n\t<meta property=\"og:image:height\" content=\"768\" \/>\n\t<meta property=\"og:image:type\" content=\"image\/jpeg\" \/>\n<meta name=\"twitter:card\" content=\"summary_large_image\" \/>\n<meta name=\"twitter:site\" content=\"@KetamaSeeds\" \/>\n<meta name=\"twitter:label1\" content=\"Dur\u00e9e de lecture estim\u00e9e\" \/>\n\t<meta name=\"twitter:data1\" content=\"1 minute\" \/>\n<script type=\"application\/ld+json\" class=\"yoast-schema-graph\">{\"@context\":\"https:\\\/\\\/schema.org\",\"@graph\":[{\"@type\":\"WebPage\",\"@id\":\"https:\\\/\\\/ketamaseeds.com\\\/fr\\\/produit\\\/critical\\\/\",\"url\":\"https:\\\/\\\/ketamaseeds.com\\\/fr\\\/produit\\\/critical\\\/\",\"name\":\"CRITICAL KETAMA graines de cannabis f\u00e9minis\u00e9es\",\"isPartOf\":{\"@id\":\"https:\\\/\\\/ketamaseeds.com\\\/fr\\\/#website\"},\"primaryImageOfPage\":{\"@id\":\"https:\\\/\\\/ketamaseeds.com\\\/fr\\\/produit\\\/critical\\\/#primaryimage\"},\"image\":{\"@id\":\"https:\\\/\\\/ketamaseeds.com\\\/fr\\\/produit\\\/critical\\\/#primaryimage\"},\"thumbnailUrl\":\"https:\\\/\\\/ketamaseeds.com\\\/wp-content\\\/uploads\\\/2023\\\/10\\\/CRITICAL-KETAMA.jpg\",\"datePublished\":\"2023-10-13T10:03:14+00:00\",\"dateModified\":\"2023-12-08T02:07:10+00:00\",\"description\":\"Les graines de cannabis CRITICAL KETAMA sont une excellente vari\u00e9t\u00e9 pour la culture en int\u00e9rieur ou en ext\u00e9rieur. Faciles \u00e0 cultiver et \u00e0 floraison tr\u00e8s ...\",\"breadcrumb\":{\"@id\":\"https:\\\/\\\/ketamaseeds.com\\\/fr\\\/produit\\\/critical\\\/#breadcrumb\"},\"inLanguage\":\"fr-FR\",\"potentialAction\":[{\"@type\":\"ReadAction\",\"target\":[\"https:\\\/\\\/ketamaseeds.com\\\/fr\\\/produit\\\/critical\\\/\"]}]},{\"@type\":\"ImageObject\",\"inLanguage\":\"fr-FR\",\"@id\":\"https:\\\/\\\/ketamaseeds.com\\\/fr\\\/produit\\\/critical\\\/#primaryimage\",\"url\":\"https:\\\/\\\/ketamaseeds.com\\\/wp-content\\\/uploads\\\/2023\\\/10\\\/CRITICAL-KETAMA.jpg\",\"contentUrl\":\"https:\\\/\\\/ketamaseeds.com\\\/wp-content\\\/uploads\\\/2023\\\/10\\\/CRITICAL-KETAMA.jpg\",\"width\":680,\"height\":768},{\"@type\":\"BreadcrumbList\",\"@id\":\"https:\\\/\\\/ketamaseeds.com\\\/fr\\\/produit\\\/critical\\\/#breadcrumb\",\"itemListElement\":[{\"@type\":\"ListItem\",\"position\":1,\"name\":\"Home\",\"item\":\"https:\\\/\\\/ketamaseeds.com\\\/fr\\\/\"},{\"@type\":\"ListItem\",\"position\":2,\"name\":\"Graines de cannabis\",\"item\":\"https:\\\/\\\/ketamaseeds.com\\\/fr\\\/graines-de-cannabis\\\/\"},{\"@type\":\"ListItem\",\"position\":3,\"name\":\"CRITICAL KETAMA graines de cannabis f\u00e9minis\u00e9es\"}]},{\"@type\":\"WebSite\",\"@id\":\"https:\\\/\\\/ketamaseeds.com\\\/fr\\\/#website\",\"url\":\"https:\\\/\\\/ketamaseeds.com\\\/fr\\\/\",\"name\":\"KETAMA SEEDS\",\"description\":\"Banco de semillas de Cannabis\",\"publisher\":{\"@id\":\"https:\\\/\\\/ketamaseeds.com\\\/fr\\\/#organization\"},\"potentialAction\":[{\"@type\":\"SearchAction\",\"target\":{\"@type\":\"EntryPoint\",\"urlTemplate\":\"https:\\\/\\\/ketamaseeds.com\\\/fr\\\/?s={search_term_string}\"},\"query-input\":{\"@type\":\"PropertyValueSpecification\",\"valueRequired\":true,\"valueName\":\"search_term_string\"}}],\"inLanguage\":\"fr-FR\"},{\"@type\":\"Organization\",\"@id\":\"https:\\\/\\\/ketamaseeds.com\\\/fr\\\/#organization\",\"name\":\"KETAMA SEEDS\",\"url\":\"https:\\\/\\\/ketamaseeds.com\\\/fr\\\/\",\"logo\":{\"@type\":\"ImageObject\",\"inLanguage\":\"fr-FR\",\"@id\":\"https:\\\/\\\/ketamaseeds.com\\\/fr\\\/#\\\/schema\\\/logo\\\/image\\\/\",\"url\":\"https:\\\/\\\/ketamaseeds.com\\\/wp-content\\\/uploads\\\/2023\\\/10\\\/cropped-ketama-seeds-logo.jpeg\",\"contentUrl\":\"https:\\\/\\\/ketamaseeds.com\\\/wp-content\\\/uploads\\\/2023\\\/10\\\/cropped-ketama-seeds-logo.jpeg\",\"width\":512,\"height\":512,\"caption\":\"KETAMA SEEDS\"},\"image\":{\"@id\":\"https:\\\/\\\/ketamaseeds.com\\\/fr\\\/#\\\/schema\\\/logo\\\/image\\\/\"},\"sameAs\":[\"https:\\\/\\\/www.facebook.com\\\/ketamaseedsbank\",\"https:\\\/\\\/x.com\\\/KetamaSeeds\",\"https:\\\/\\\/www.instagram.com\\\/ketamaseeds\"]}]}<\/script>\n<!-- \/ Yoast SEO plugin. -->","yoast_head_json":{"title":"CRITICAL KETAMA graines de cannabis f\u00e9minis\u00e9es","description":"Les graines de cannabis CRITICAL KETAMA sont une excellente vari\u00e9t\u00e9 pour la culture en int\u00e9rieur ou en ext\u00e9rieur. Faciles \u00e0 cultiver et \u00e0 floraison tr\u00e8s ...","robots":{"index":"index","follow":"follow","max-snippet":"max-snippet:-1","max-image-preview":"max-image-preview:large","max-video-preview":"max-video-preview:-1"},"canonical":"https:\/\/ketamaseeds.com\/fr\/produit\/critical\/","og_locale":"fr_FR","og_type":"article","og_title":"CRITICAL KETAMA graines de cannabis f\u00e9minis\u00e9es","og_description":"Les graines de cannabis CRITICAL KETAMA sont une excellente vari\u00e9t\u00e9 pour la culture en int\u00e9rieur ou en ext\u00e9rieur. Faciles \u00e0 cultiver et \u00e0 floraison tr\u00e8s ...","og_url":"https:\/\/ketamaseeds.com\/fr\/produit\/critical\/","og_site_name":"KETAMA SEEDS","article_publisher":"https:\/\/www.facebook.com\/ketamaseedsbank","article_modified_time":"2023-12-08T02:07:10+00:00","og_image":[{"width":680,"height":768,"url":"https:\/\/ketamaseeds.com\/wp-content\/uploads\/2023\/10\/CRITICAL-KETAMA.jpg","type":"image\/jpeg"}],"twitter_card":"summary_large_image","twitter_site":"@KetamaSeeds","twitter_misc":{"Dur\u00e9e de lecture estim\u00e9e":"1 minute"},"schema":{"@context":"https:\/\/schema.org","@graph":[{"@type":"WebPage","@id":"https:\/\/ketamaseeds.com\/fr\/produit\/critical\/","url":"https:\/\/ketamaseeds.com\/fr\/produit\/critical\/","name":"CRITICAL KETAMA graines de cannabis f\u00e9minis\u00e9es","isPartOf":{"@id":"https:\/\/ketamaseeds.com\/fr\/#website"},"primaryImageOfPage":{"@id":"https:\/\/ketamaseeds.com\/fr\/produit\/critical\/#primaryimage"},"image":{"@id":"https:\/\/ketamaseeds.com\/fr\/produit\/critical\/#primaryimage"},"thumbnailUrl":"https:\/\/ketamaseeds.com\/wp-content\/uploads\/2023\/10\/CRITICAL-KETAMA.jpg","datePublished":"2023-10-13T10:03:14+00:00","dateModified":"2023-12-08T02:07:10+00:00","description":"Les graines de cannabis CRITICAL KETAMA sont une excellente vari\u00e9t\u00e9 pour la culture en int\u00e9rieur ou en ext\u00e9rieur. Faciles \u00e0 cultiver et \u00e0 floraison tr\u00e8s ...","breadcrumb":{"@id":"https:\/\/ketamaseeds.com\/fr\/produit\/critical\/#breadcrumb"},"inLanguage":"fr-FR","potentialAction":[{"@type":"ReadAction","target":["https:\/\/ketamaseeds.com\/fr\/produit\/critical\/"]}]},{"@type":"ImageObject","inLanguage":"fr-FR","@id":"https:\/\/ketamaseeds.com\/fr\/produit\/critical\/#primaryimage","url":"https:\/\/ketamaseeds.com\/wp-content\/uploads\/2023\/10\/CRITICAL-KETAMA.jpg","contentUrl":"https:\/\/ketamaseeds.com\/wp-content\/uploads\/2023\/10\/CRITICAL-KETAMA.jpg","width":680,"height":768},{"@type":"BreadcrumbList","@id":"https:\/\/ketamaseeds.com\/fr\/produit\/critical\/#breadcrumb","itemListElement":[{"@type":"ListItem","position":1,"name":"Home","item":"https:\/\/ketamaseeds.com\/fr\/"},{"@type":"ListItem","position":2,"name":"Graines de cannabis","item":"https:\/\/ketamaseeds.com\/fr\/graines-de-cannabis\/"},{"@type":"ListItem","position":3,"name":"CRITICAL KETAMA graines de cannabis f\u00e9minis\u00e9es"}]},{"@type":"WebSite","@id":"https:\/\/ketamaseeds.com\/fr\/#website","url":"https:\/\/ketamaseeds.com\/fr\/","name":"KETAMA SEEDS","description":"Banco de semillas de Cannabis","publisher":{"@id":"https:\/\/ketamaseeds.com\/fr\/#organization"},"potentialAction":[{"@type":"SearchAction","target":{"@type":"EntryPoint","urlTemplate":"https:\/\/ketamaseeds.com\/fr\/?s={search_term_string}"},"query-input":{"@type":"PropertyValueSpecification","valueRequired":true,"valueName":"search_term_string"}}],"inLanguage":"fr-FR"},{"@type":"Organization","@id":"https:\/\/ketamaseeds.com\/fr\/#organization","name":"KETAMA SEEDS","url":"https:\/\/ketamaseeds.com\/fr\/","logo":{"@type":"ImageObject","inLanguage":"fr-FR","@id":"https:\/\/ketamaseeds.com\/fr\/#\/schema\/logo\/image\/","url":"https:\/\/ketamaseeds.com\/wp-content\/uploads\/2023\/10\/cropped-ketama-seeds-logo.jpeg","contentUrl":"https:\/\/ketamaseeds.com\/wp-content\/uploads\/2023\/10\/cropped-ketama-seeds-logo.jpeg","width":512,"height":512,"caption":"KETAMA SEEDS"},"image":{"@id":"https:\/\/ketamaseeds.com\/fr\/#\/schema\/logo\/image\/"},"sameAs":["https:\/\/www.facebook.com\/ketamaseedsbank","https:\/\/x.com\/KetamaSeeds","https:\/\/www.instagram.com\/ketamaseeds"]}]}},"_links":{"self":[{"href":"https:\/\/ketamaseeds.com\/fr\/wp-json\/wp\/v2\/product\/887","targetHints":{"allow":["GET"]}}],"collection":[{"href":"https:\/\/ketamaseeds.com\/fr\/wp-json\/wp\/v2\/product"}],"about":[{"href":"https:\/\/ketamaseeds.com\/fr\/wp-json\/wp\/v2\/types\/product"}],"replies":[{"embeddable":true,"href":"https:\/\/ketamaseeds.com\/fr\/wp-json\/wp\/v2\/comments?post=887"}],"wp:featuredmedia":[{"embeddable":true,"href":"https:\/\/ketamaseeds.com\/fr\/wp-json\/wp\/v2\/media\/553"}],"wp:attachment":[{"href":"https:\/\/ketamaseeds.com\/fr\/wp-json\/wp\/v2\/media?parent=887"}],"wp:term":[{"taxonomy":"product_brand","embeddable":true,"href":"https:\/\/ketamaseeds.com\/fr\/wp-json\/wp\/v2\/product_brand?post=887"},{"taxonomy":"product_cat","embeddable":true,"href":"https:\/\/ketamaseeds.com\/fr\/wp-json\/wp\/v2\/product_cat?post=887"},{"taxonomy":"product_tag","embeddable":true,"href":"https:\/\/ketamaseeds.com\/fr\/wp-json\/wp\/v2\/product_tag?post=887"}],"curies":[{"name":"wp","href":"https:\/\/api.w.org\/{rel}","templated":true}]}}