{"id":906,"date":"2023-10-12T03:41:30","date_gmt":"2023-10-12T03:41:30","guid":{"rendered":"http:\/\/ketamaseeds.com\/product\/critikush-graines-de-cannabis-feminisees\/"},"modified":"2023-12-08T02:16:57","modified_gmt":"2023-12-08T02:16:57","slug":"critikush-graines-de-cannabis-feminisees","status":"publish","type":"product","link":"https:\/\/ketamaseeds.com\/fr\/produit\/critikush-graines-de-cannabis-feminisees\/","title":{"rendered":"CRITIKUSH graines de cannabis f\u00e9minis\u00e9es"},"content":{"rendered":"<h2>CRITIKUSH, NOTRE CRITICAL KUSH<\/h2>\n<p>Critical Kush. Les graines de marijuana f\u00e9minis\u00e9es CRITIKUSH sont un m\u00e9lange g\u00e9n\u00e9tique de deux vari\u00e9t\u00e9s exquises d&rsquo;Europe et des Etats-Unis.<\/p>\n<p>Le r\u00e9sultat de ce croisement est de la plus haute qualit\u00e9, en plus de la puissance et de la douceur, de la productivit\u00e9.<\/p>\n<p>CRITIKUSH est une plante de taille moyenne avec de longues branches lat\u00e9rales pleines de bourgeons, \u00e0 l&rsquo;ext\u00e9rieur elle peut atteindre 3 m\u00e8tres. Les bourgeons sont les plus proches de ceux de CRITICAL.<\/p>\n<p>Une g\u00e9n\u00e9tique fine qui est aussi tr\u00e8s facile \u00e0 cultiver \u00e0 l&rsquo;int\u00e9rieur ou \u00e0 l&rsquo;ext\u00e9rieur et dans n&rsquo;importe quel type de climat.<\/p>\n<p>Les fleurs de la vari\u00e9t\u00e9 CRITIKUSH sont toujours spectaculaires et pleines de r\u00e9sine, si \u00e0 la fin de la p\u00e9riode de floraison les nuits sont froides, les fleurs de cette plante prennent cette belle teinte violette.<\/p>\n<p>Le go\u00fbt des fleurs est riche, fort et fruit\u00e9, en bref, la CRITIKUSH apporte tout ce que les cultivateurs et les connaisseurs de ces vari\u00e9t\u00e9s attendaient.<\/p>\n<h3>CRITIKUSH graines de marijuana f\u00e9minis\u00e9es<\/h3>\n<p>CROP : KETAMA KUSH x CRITICAL KETAMA<br \/>\nVARI\u00c9T\u00c9 : 50 % Sativa 50 % Indica<br \/>\nAROME : Ar\u00f4me de mouffette.<br \/>\nEFFET : M\u00e9ditatif ou relaxant.<br \/>\nTHC : 15-18%.<br \/>\nCBD : 0,3 %.<br \/>\nSensibilit\u00e9 aux champignons : Mod\u00e9r\u00e9e<br \/>\nPARAM\u00c8TRES BIOLOGIQUES HYDROPONIQUES<br \/>\nCroissance EC : 0,7ms 1-1,2ms<br \/>\nEC Floraison : 1ms 1,2ms<br \/>\nPH Croissance : 6.0 5,8<br \/>\nPH floraison : 7,0 6,0<br \/>\nD\u00c9VELOPPEMENT EXT\u00c9RIEUR INT\u00c9RIEUR<br \/>\nR\u00c9COLTE : fin septembre 50-55 jours<br \/>\nRENDEMENT : 600 gr. par plante 575 gr\/m2<\/p>\n","protected":false},"excerpt":{"rendered":"<p>CRITIKUSH, NOTRE CRITICAL KUSH Critical Kush. Les graines de marijuana f\u00e9minis\u00e9es CRITIKUSH sont un m\u00e9lange g\u00e9n\u00e9tique de deux vari\u00e9t\u00e9s exquises d&rsquo;Europe et des Etats-Unis. Le r\u00e9sultat de ce croisement est de la plus haute qualit\u00e9, en plus de la puissance et de la douceur, de la productivit\u00e9. CRITIKUSH est une plante de taille moyenne avec [&hellip;]<\/p>\n","protected":false},"featured_media":550,"comment_status":"open","ping_status":"closed","template":"","meta":{"_et_pb_use_builder":"","_et_pb_old_content":"","_et_gb_content_width":""},"product_brand":[],"product_cat":[47],"product_tag":[],"class_list":{"0":"post-906","1":"product","2":"type-product","3":"status-publish","4":"has-post-thumbnail","6":"product_cat-graines-feminisees","8":"first","9":"instock","10":"shipping-taxable","11":"purchasable","12":"product-type-variable"},"yoast_head":"<!-- This site is optimized with the Yoast SEO plugin v27.3 - https:\/\/yoast.com\/product\/yoast-seo-wordpress\/ -->\n<title>CRITIKUSH graines de cannabis f\u00e9minis\u00e9es<\/title>\n<meta name=\"robots\" content=\"index, follow, max-snippet:-1, max-image-preview:large, max-video-preview:-1\" \/>\n<link rel=\"canonical\" href=\"https:\/\/ketamaseeds.com\/fr\/produit\/critikush-graines-de-cannabis-feminisees\/\" \/>\n<meta property=\"og:locale\" content=\"fr_FR\" \/>\n<meta property=\"og:type\" content=\"article\" \/>\n<meta property=\"og:title\" content=\"CRITIKUSH graines de cannabis f\u00e9minis\u00e9es\" \/>\n<meta property=\"og:description\" content=\"CRITIKUSH, NOTRE CRITICAL KUSH Critical Kush. Les graines de marijuana f\u00e9minis\u00e9es CRITIKUSH sont un m\u00e9lange g\u00e9n\u00e9tique de deux vari\u00e9t\u00e9s exquises d&rsquo;Europe et des Etats-Unis. Le r\u00e9sultat de ce croisement est de la plus haute qualit\u00e9, en plus de la puissance et de la douceur, de la productivit\u00e9. CRITIKUSH est une plante de taille moyenne avec [&hellip;]\" \/>\n<meta property=\"og:url\" content=\"https:\/\/ketamaseeds.com\/fr\/produit\/critikush-graines-de-cannabis-feminisees\/\" \/>\n<meta property=\"og:site_name\" content=\"KETAMA SEEDS\" \/>\n<meta property=\"article:publisher\" content=\"https:\/\/www.facebook.com\/ketamaseedsbank\" \/>\n<meta property=\"article:modified_time\" content=\"2023-12-08T02:16:57+00:00\" \/>\n<meta property=\"og:image\" content=\"https:\/\/ketamaseeds.com\/wp-content\/uploads\/2023\/10\/critikush-semillas-de-marihuana-de-ketama-seeds-bank.jpg\" \/>\n\t<meta property=\"og:image:width\" content=\"528\" \/>\n\t<meta property=\"og:image:height\" content=\"960\" \/>\n\t<meta property=\"og:image:type\" content=\"image\/jpeg\" \/>\n<meta name=\"twitter:card\" content=\"summary_large_image\" \/>\n<meta name=\"twitter:site\" content=\"@KetamaSeeds\" \/>\n<meta name=\"twitter:label1\" content=\"Dur\u00e9e de lecture estim\u00e9e\" \/>\n\t<meta name=\"twitter:data1\" content=\"2 minutes\" \/>\n<script type=\"application\/ld+json\" class=\"yoast-schema-graph\">{\"@context\":\"https:\\\/\\\/schema.org\",\"@graph\":[{\"@type\":\"WebPage\",\"@id\":\"https:\\\/\\\/ketamaseeds.com\\\/fr\\\/produit\\\/critikush-graines-de-cannabis-feminisees\\\/\",\"url\":\"https:\\\/\\\/ketamaseeds.com\\\/fr\\\/produit\\\/critikush-graines-de-cannabis-feminisees\\\/\",\"name\":\"CRITIKUSH graines de cannabis f\u00e9minis\u00e9es\",\"isPartOf\":{\"@id\":\"https:\\\/\\\/ketamaseeds.com\\\/fr\\\/#website\"},\"primaryImageOfPage\":{\"@id\":\"https:\\\/\\\/ketamaseeds.com\\\/fr\\\/produit\\\/critikush-graines-de-cannabis-feminisees\\\/#primaryimage\"},\"image\":{\"@id\":\"https:\\\/\\\/ketamaseeds.com\\\/fr\\\/produit\\\/critikush-graines-de-cannabis-feminisees\\\/#primaryimage\"},\"thumbnailUrl\":\"https:\\\/\\\/ketamaseeds.com\\\/wp-content\\\/uploads\\\/2023\\\/10\\\/critikush-semillas-de-marihuana-de-ketama-seeds-bank.jpg\",\"datePublished\":\"2023-10-12T03:41:30+00:00\",\"dateModified\":\"2023-12-08T02:16:57+00:00\",\"breadcrumb\":{\"@id\":\"https:\\\/\\\/ketamaseeds.com\\\/fr\\\/produit\\\/critikush-graines-de-cannabis-feminisees\\\/#breadcrumb\"},\"inLanguage\":\"fr-FR\",\"potentialAction\":[{\"@type\":\"ReadAction\",\"target\":[\"https:\\\/\\\/ketamaseeds.com\\\/fr\\\/produit\\\/critikush-graines-de-cannabis-feminisees\\\/\"]}]},{\"@type\":\"ImageObject\",\"inLanguage\":\"fr-FR\",\"@id\":\"https:\\\/\\\/ketamaseeds.com\\\/fr\\\/produit\\\/critikush-graines-de-cannabis-feminisees\\\/#primaryimage\",\"url\":\"https:\\\/\\\/ketamaseeds.com\\\/wp-content\\\/uploads\\\/2023\\\/10\\\/critikush-semillas-de-marihuana-de-ketama-seeds-bank.jpg\",\"contentUrl\":\"https:\\\/\\\/ketamaseeds.com\\\/wp-content\\\/uploads\\\/2023\\\/10\\\/critikush-semillas-de-marihuana-de-ketama-seeds-bank.jpg\",\"width\":528,\"height\":960},{\"@type\":\"BreadcrumbList\",\"@id\":\"https:\\\/\\\/ketamaseeds.com\\\/fr\\\/produit\\\/critikush-graines-de-cannabis-feminisees\\\/#breadcrumb\",\"itemListElement\":[{\"@type\":\"ListItem\",\"position\":1,\"name\":\"Home\",\"item\":\"https:\\\/\\\/ketamaseeds.com\\\/fr\\\/\"},{\"@type\":\"ListItem\",\"position\":2,\"name\":\"Graines de cannabis\",\"item\":\"https:\\\/\\\/ketamaseeds.com\\\/fr\\\/graines-de-cannabis\\\/\"},{\"@type\":\"ListItem\",\"position\":3,\"name\":\"CRITIKUSH graines de cannabis f\u00e9minis\u00e9es\"}]},{\"@type\":\"WebSite\",\"@id\":\"https:\\\/\\\/ketamaseeds.com\\\/fr\\\/#website\",\"url\":\"https:\\\/\\\/ketamaseeds.com\\\/fr\\\/\",\"name\":\"KETAMA SEEDS\",\"description\":\"Banco de semillas de Cannabis\",\"publisher\":{\"@id\":\"https:\\\/\\\/ketamaseeds.com\\\/fr\\\/#organization\"},\"potentialAction\":[{\"@type\":\"SearchAction\",\"target\":{\"@type\":\"EntryPoint\",\"urlTemplate\":\"https:\\\/\\\/ketamaseeds.com\\\/fr\\\/?s={search_term_string}\"},\"query-input\":{\"@type\":\"PropertyValueSpecification\",\"valueRequired\":true,\"valueName\":\"search_term_string\"}}],\"inLanguage\":\"fr-FR\"},{\"@type\":\"Organization\",\"@id\":\"https:\\\/\\\/ketamaseeds.com\\\/fr\\\/#organization\",\"name\":\"KETAMA SEEDS\",\"url\":\"https:\\\/\\\/ketamaseeds.com\\\/fr\\\/\",\"logo\":{\"@type\":\"ImageObject\",\"inLanguage\":\"fr-FR\",\"@id\":\"https:\\\/\\\/ketamaseeds.com\\\/fr\\\/#\\\/schema\\\/logo\\\/image\\\/\",\"url\":\"https:\\\/\\\/ketamaseeds.com\\\/wp-content\\\/uploads\\\/2023\\\/10\\\/cropped-ketama-seeds-logo.jpeg\",\"contentUrl\":\"https:\\\/\\\/ketamaseeds.com\\\/wp-content\\\/uploads\\\/2023\\\/10\\\/cropped-ketama-seeds-logo.jpeg\",\"width\":512,\"height\":512,\"caption\":\"KETAMA SEEDS\"},\"image\":{\"@id\":\"https:\\\/\\\/ketamaseeds.com\\\/fr\\\/#\\\/schema\\\/logo\\\/image\\\/\"},\"sameAs\":[\"https:\\\/\\\/www.facebook.com\\\/ketamaseedsbank\",\"https:\\\/\\\/x.com\\\/KetamaSeeds\",\"https:\\\/\\\/www.instagram.com\\\/ketamaseeds\"]}]}<\/script>\n<!-- \/ Yoast SEO plugin. -->","yoast_head_json":{"title":"CRITIKUSH graines de cannabis f\u00e9minis\u00e9es","robots":{"index":"index","follow":"follow","max-snippet":"max-snippet:-1","max-image-preview":"max-image-preview:large","max-video-preview":"max-video-preview:-1"},"canonical":"https:\/\/ketamaseeds.com\/fr\/produit\/critikush-graines-de-cannabis-feminisees\/","og_locale":"fr_FR","og_type":"article","og_title":"CRITIKUSH graines de cannabis f\u00e9minis\u00e9es","og_description":"CRITIKUSH, NOTRE CRITICAL KUSH Critical Kush. Les graines de marijuana f\u00e9minis\u00e9es CRITIKUSH sont un m\u00e9lange g\u00e9n\u00e9tique de deux vari\u00e9t\u00e9s exquises d&rsquo;Europe et des Etats-Unis. Le r\u00e9sultat de ce croisement est de la plus haute qualit\u00e9, en plus de la puissance et de la douceur, de la productivit\u00e9. CRITIKUSH est une plante de taille moyenne avec [&hellip;]","og_url":"https:\/\/ketamaseeds.com\/fr\/produit\/critikush-graines-de-cannabis-feminisees\/","og_site_name":"KETAMA SEEDS","article_publisher":"https:\/\/www.facebook.com\/ketamaseedsbank","article_modified_time":"2023-12-08T02:16:57+00:00","og_image":[{"width":528,"height":960,"url":"https:\/\/ketamaseeds.com\/wp-content\/uploads\/2023\/10\/critikush-semillas-de-marihuana-de-ketama-seeds-bank.jpg","type":"image\/jpeg"}],"twitter_card":"summary_large_image","twitter_site":"@KetamaSeeds","twitter_misc":{"Dur\u00e9e de lecture estim\u00e9e":"2 minutes"},"schema":{"@context":"https:\/\/schema.org","@graph":[{"@type":"WebPage","@id":"https:\/\/ketamaseeds.com\/fr\/produit\/critikush-graines-de-cannabis-feminisees\/","url":"https:\/\/ketamaseeds.com\/fr\/produit\/critikush-graines-de-cannabis-feminisees\/","name":"CRITIKUSH graines de cannabis f\u00e9minis\u00e9es","isPartOf":{"@id":"https:\/\/ketamaseeds.com\/fr\/#website"},"primaryImageOfPage":{"@id":"https:\/\/ketamaseeds.com\/fr\/produit\/critikush-graines-de-cannabis-feminisees\/#primaryimage"},"image":{"@id":"https:\/\/ketamaseeds.com\/fr\/produit\/critikush-graines-de-cannabis-feminisees\/#primaryimage"},"thumbnailUrl":"https:\/\/ketamaseeds.com\/wp-content\/uploads\/2023\/10\/critikush-semillas-de-marihuana-de-ketama-seeds-bank.jpg","datePublished":"2023-10-12T03:41:30+00:00","dateModified":"2023-12-08T02:16:57+00:00","breadcrumb":{"@id":"https:\/\/ketamaseeds.com\/fr\/produit\/critikush-graines-de-cannabis-feminisees\/#breadcrumb"},"inLanguage":"fr-FR","potentialAction":[{"@type":"ReadAction","target":["https:\/\/ketamaseeds.com\/fr\/produit\/critikush-graines-de-cannabis-feminisees\/"]}]},{"@type":"ImageObject","inLanguage":"fr-FR","@id":"https:\/\/ketamaseeds.com\/fr\/produit\/critikush-graines-de-cannabis-feminisees\/#primaryimage","url":"https:\/\/ketamaseeds.com\/wp-content\/uploads\/2023\/10\/critikush-semillas-de-marihuana-de-ketama-seeds-bank.jpg","contentUrl":"https:\/\/ketamaseeds.com\/wp-content\/uploads\/2023\/10\/critikush-semillas-de-marihuana-de-ketama-seeds-bank.jpg","width":528,"height":960},{"@type":"BreadcrumbList","@id":"https:\/\/ketamaseeds.com\/fr\/produit\/critikush-graines-de-cannabis-feminisees\/#breadcrumb","itemListElement":[{"@type":"ListItem","position":1,"name":"Home","item":"https:\/\/ketamaseeds.com\/fr\/"},{"@type":"ListItem","position":2,"name":"Graines de cannabis","item":"https:\/\/ketamaseeds.com\/fr\/graines-de-cannabis\/"},{"@type":"ListItem","position":3,"name":"CRITIKUSH graines de cannabis f\u00e9minis\u00e9es"}]},{"@type":"WebSite","@id":"https:\/\/ketamaseeds.com\/fr\/#website","url":"https:\/\/ketamaseeds.com\/fr\/","name":"KETAMA SEEDS","description":"Banco de semillas de Cannabis","publisher":{"@id":"https:\/\/ketamaseeds.com\/fr\/#organization"},"potentialAction":[{"@type":"SearchAction","target":{"@type":"EntryPoint","urlTemplate":"https:\/\/ketamaseeds.com\/fr\/?s={search_term_string}"},"query-input":{"@type":"PropertyValueSpecification","valueRequired":true,"valueName":"search_term_string"}}],"inLanguage":"fr-FR"},{"@type":"Organization","@id":"https:\/\/ketamaseeds.com\/fr\/#organization","name":"KETAMA SEEDS","url":"https:\/\/ketamaseeds.com\/fr\/","logo":{"@type":"ImageObject","inLanguage":"fr-FR","@id":"https:\/\/ketamaseeds.com\/fr\/#\/schema\/logo\/image\/","url":"https:\/\/ketamaseeds.com\/wp-content\/uploads\/2023\/10\/cropped-ketama-seeds-logo.jpeg","contentUrl":"https:\/\/ketamaseeds.com\/wp-content\/uploads\/2023\/10\/cropped-ketama-seeds-logo.jpeg","width":512,"height":512,"caption":"KETAMA SEEDS"},"image":{"@id":"https:\/\/ketamaseeds.com\/fr\/#\/schema\/logo\/image\/"},"sameAs":["https:\/\/www.facebook.com\/ketamaseedsbank","https:\/\/x.com\/KetamaSeeds","https:\/\/www.instagram.com\/ketamaseeds"]}]}},"_links":{"self":[{"href":"https:\/\/ketamaseeds.com\/fr\/wp-json\/wp\/v2\/product\/906","targetHints":{"allow":["GET"]}}],"collection":[{"href":"https:\/\/ketamaseeds.com\/fr\/wp-json\/wp\/v2\/product"}],"about":[{"href":"https:\/\/ketamaseeds.com\/fr\/wp-json\/wp\/v2\/types\/product"}],"replies":[{"embeddable":true,"href":"https:\/\/ketamaseeds.com\/fr\/wp-json\/wp\/v2\/comments?post=906"}],"wp:featuredmedia":[{"embeddable":true,"href":"https:\/\/ketamaseeds.com\/fr\/wp-json\/wp\/v2\/media\/550"}],"wp:attachment":[{"href":"https:\/\/ketamaseeds.com\/fr\/wp-json\/wp\/v2\/media?parent=906"}],"wp:term":[{"taxonomy":"product_brand","embeddable":true,"href":"https:\/\/ketamaseeds.com\/fr\/wp-json\/wp\/v2\/product_brand?post=906"},{"taxonomy":"product_cat","embeddable":true,"href":"https:\/\/ketamaseeds.com\/fr\/wp-json\/wp\/v2\/product_cat?post=906"},{"taxonomy":"product_tag","embeddable":true,"href":"https:\/\/ketamaseeds.com\/fr\/wp-json\/wp\/v2\/product_tag?post=906"}],"curies":[{"name":"wp","href":"https:\/\/api.w.org\/{rel}","templated":true}]}}