{"id":938,"date":"2023-10-12T03:31:12","date_gmt":"2023-10-12T03:31:12","guid":{"rendered":"http:\/\/ketamaseeds.com\/product\/diesel-herer-graines-de-cannabis-feminisees\/"},"modified":"2023-11-29T12:25:27","modified_gmt":"2023-11-29T12:25:27","slug":"diesel-herer-graines-de-cannabis-feminisees","status":"publish","type":"product","link":"https:\/\/ketamaseeds.com\/fr\/produit\/diesel-herer-graines-de-cannabis-feminisees\/","title":{"rendered":"DIESEL HERER graines de cannabis f\u00e9minis\u00e9es"},"content":{"rendered":"<h2>DIESEL HERER graines de cannabis f\u00e9minis\u00e9es<\/h2>\n<p>DIESEL HERER. Toute la vigueur de la mythique JACK HERER fusionn\u00e9e avec les ar\u00f4mes riches et particuliers de la KETAMA DIESEL.<\/p>\n<p>Les meilleures caract\u00e9ristiques g\u00e9n\u00e9tiques de ses parents en font une vari\u00e9t\u00e9 \u00e0 la psychoactivit\u00e9 typique du cannabis sativa.<\/p>\n<p>Les ar\u00f4mes que la DIESEL HERER d\u00e9gage sont essentiellement ceux de l&rsquo;eucalyptus, des agrumes que fournit la KETAMA DIESEL, du bois de c\u00e8dre et de l&rsquo;encens.<\/p>\n<p>DIESEL HERER est une plante qui surprend lors de la floraison et de la r\u00e9colte avec un gros bourgeon central et de nombreuses grandes fleurs dures charg\u00e9es de r\u00e9sine.<\/p>\n<p>C&rsquo;est une plante forte qui se d\u00e9veloppe avec une grande vigueur, g\u00e9n\u00e9rant une bonne tige centrale, avec une courte distance internodale.<\/p>\n<p>Dans la phase v\u00e9g\u00e9tative ou de croissance, elle a un grand d\u00e9veloppement, s&rsquo;\u00e9largissant de la m\u00eame mani\u00e8re que les plantes des vari\u00e9t\u00e9s plus indica.<\/p>\n<p>La DIESEL HERER est une vari\u00e9t\u00e9 de cannabis qui a besoin de beaucoup de nourriture. Nourrissez-la bien et elle vous en remerciera, si possible de mani\u00e8re organique.<\/p>\n<p>Pour les cultures d&rsquo;int\u00e9rieur, il faut tenir compte de l&rsquo;odeur riche et forte qu&rsquo;elle d\u00e9gage.<\/p>\n<p>Convient \u00e0 la culture en int\u00e9rieur et en ext\u00e9rieur dans tous les types de climats.<\/p>\n<p>Tr\u00e8s r\u00e9sistante aux parasites, c&rsquo;est une plante de cannabis facile \u00e0 cultiver pour tout le monde.<\/p>\n<p>Une vari\u00e9t\u00e9 tr\u00e8s appr\u00e9ci\u00e9e par les amateurs de cannabis sativa que tout cultivateur ou collectionneur de g\u00e9n\u00e9tique devrait prendre en compte.<\/p>\n<p>PARAM\u00c8TRES DE LA CULTURE BIOLOGIQUE HYDROPONIQUE<br \/>\nCroissance EC 0,6-0,9ms 1,1-1,4ms<br \/>\nEC Floraison 0,9-1,4ms 1,1-1,6ms<br \/>\nPH Croissance 5,5 5,8<br \/>\nPH Floraison 6,3 6,3<br \/>\nD\u00c9VELOPPEMENT EXT\u00c9RIEUR INT\u00c9RIEUR<br \/>\nR\u00c9COLTE Fin octobre 60 &#8211; 70 jours<br \/>\nRENDEMENT 450-850 gr. par plante 300-550 gr\/m2<\/p>\n","protected":false},"excerpt":{"rendered":"<p>DIESEL HERER graines de cannabis f\u00e9minis\u00e9es DIESEL HERER. Toute la vigueur de la mythique JACK HERER fusionn\u00e9e avec les ar\u00f4mes riches et particuliers de la KETAMA DIESEL. Les meilleures caract\u00e9ristiques g\u00e9n\u00e9tiques de ses parents en font une vari\u00e9t\u00e9 \u00e0 la psychoactivit\u00e9 typique du cannabis sativa. Les ar\u00f4mes que la DIESEL HERER d\u00e9gage sont essentiellement ceux [&hellip;]<\/p>\n","protected":false},"featured_media":547,"comment_status":"open","ping_status":"closed","template":"","meta":{"_et_pb_use_builder":"","_et_pb_old_content":"","_et_gb_content_width":""},"product_brand":[],"product_cat":[47],"product_tag":[],"class_list":{"0":"post-938","1":"product","2":"type-product","3":"status-publish","4":"has-post-thumbnail","6":"product_cat-graines-feminisees","8":"first","9":"instock","10":"shipping-taxable","11":"purchasable","12":"product-type-variable"},"yoast_head":"<!-- This site is optimized with the Yoast SEO plugin v27.4 - https:\/\/yoast.com\/product\/yoast-seo-wordpress\/ -->\n<title>DIESEL HERER graines de cannabis f\u00e9minis\u00e9es<\/title>\n<meta name=\"description\" content=\"DIESEL HERER. Toute la vigueur de la mythique JACK HERER fusionn\u00e9e avec les ar\u00f4mes riches et particuliers de la KETAMA DIESEL.\" \/>\n<meta name=\"robots\" content=\"index, follow, max-snippet:-1, max-image-preview:large, max-video-preview:-1\" \/>\n<link rel=\"canonical\" href=\"https:\/\/ketamaseeds.com\/fr\/produit\/diesel-herer-graines-de-cannabis-feminisees\/\" \/>\n<meta property=\"og:locale\" content=\"fr_FR\" \/>\n<meta property=\"og:type\" content=\"article\" \/>\n<meta property=\"og:title\" content=\"DIESEL HERER graines de cannabis f\u00e9minis\u00e9es\" \/>\n<meta property=\"og:description\" content=\"DIESEL HERER. Toute la vigueur de la mythique JACK HERER fusionn\u00e9e avec les ar\u00f4mes riches et particuliers de la KETAMA DIESEL.\" \/>\n<meta property=\"og:url\" content=\"https:\/\/ketamaseeds.com\/fr\/produit\/diesel-herer-graines-de-cannabis-feminisees\/\" \/>\n<meta property=\"og:site_name\" content=\"KETAMA SEEDS\" \/>\n<meta property=\"article:publisher\" content=\"https:\/\/www.facebook.com\/ketamaseedsbank\" \/>\n<meta property=\"article:modified_time\" content=\"2023-11-29T12:25:27+00:00\" \/>\n<meta property=\"og:image\" content=\"https:\/\/ketamaseeds.com\/wp-content\/uploads\/2023\/10\/Diesel-Herer-semillas-cannabis.jpg\" \/>\n\t<meta property=\"og:image:width\" content=\"1024\" \/>\n\t<meta property=\"og:image:height\" content=\"768\" \/>\n\t<meta property=\"og:image:type\" content=\"image\/jpeg\" \/>\n<meta name=\"twitter:card\" content=\"summary_large_image\" \/>\n<meta name=\"twitter:site\" content=\"@KetamaSeeds\" \/>\n<meta name=\"twitter:label1\" content=\"Dur\u00e9e de lecture estim\u00e9e\" \/>\n\t<meta name=\"twitter:data1\" content=\"2 minutes\" \/>\n<script type=\"application\/ld+json\" class=\"yoast-schema-graph\">{\"@context\":\"https:\\\/\\\/schema.org\",\"@graph\":[{\"@type\":\"WebPage\",\"@id\":\"https:\\\/\\\/ketamaseeds.com\\\/fr\\\/produit\\\/diesel-herer-graines-de-cannabis-feminisees\\\/\",\"url\":\"https:\\\/\\\/ketamaseeds.com\\\/fr\\\/produit\\\/diesel-herer-graines-de-cannabis-feminisees\\\/\",\"name\":\"DIESEL HERER graines de cannabis f\u00e9minis\u00e9es\",\"isPartOf\":{\"@id\":\"https:\\\/\\\/ketamaseeds.com\\\/fr\\\/#website\"},\"primaryImageOfPage\":{\"@id\":\"https:\\\/\\\/ketamaseeds.com\\\/fr\\\/produit\\\/diesel-herer-graines-de-cannabis-feminisees\\\/#primaryimage\"},\"image\":{\"@id\":\"https:\\\/\\\/ketamaseeds.com\\\/fr\\\/produit\\\/diesel-herer-graines-de-cannabis-feminisees\\\/#primaryimage\"},\"thumbnailUrl\":\"https:\\\/\\\/ketamaseeds.com\\\/wp-content\\\/uploads\\\/2023\\\/10\\\/Diesel-Herer-semillas-cannabis.jpg\",\"datePublished\":\"2023-10-12T03:31:12+00:00\",\"dateModified\":\"2023-11-29T12:25:27+00:00\",\"description\":\"DIESEL HERER. Toute la vigueur de la mythique JACK HERER fusionn\u00e9e avec les ar\u00f4mes riches et particuliers de la KETAMA DIESEL.\",\"breadcrumb\":{\"@id\":\"https:\\\/\\\/ketamaseeds.com\\\/fr\\\/produit\\\/diesel-herer-graines-de-cannabis-feminisees\\\/#breadcrumb\"},\"inLanguage\":\"fr-FR\",\"potentialAction\":[{\"@type\":\"ReadAction\",\"target\":[\"https:\\\/\\\/ketamaseeds.com\\\/fr\\\/produit\\\/diesel-herer-graines-de-cannabis-feminisees\\\/\"]}]},{\"@type\":\"ImageObject\",\"inLanguage\":\"fr-FR\",\"@id\":\"https:\\\/\\\/ketamaseeds.com\\\/fr\\\/produit\\\/diesel-herer-graines-de-cannabis-feminisees\\\/#primaryimage\",\"url\":\"https:\\\/\\\/ketamaseeds.com\\\/wp-content\\\/uploads\\\/2023\\\/10\\\/Diesel-Herer-semillas-cannabis.jpg\",\"contentUrl\":\"https:\\\/\\\/ketamaseeds.com\\\/wp-content\\\/uploads\\\/2023\\\/10\\\/Diesel-Herer-semillas-cannabis.jpg\",\"width\":1024,\"height\":768},{\"@type\":\"BreadcrumbList\",\"@id\":\"https:\\\/\\\/ketamaseeds.com\\\/fr\\\/produit\\\/diesel-herer-graines-de-cannabis-feminisees\\\/#breadcrumb\",\"itemListElement\":[{\"@type\":\"ListItem\",\"position\":1,\"name\":\"Home\",\"item\":\"https:\\\/\\\/ketamaseeds.com\\\/fr\\\/\"},{\"@type\":\"ListItem\",\"position\":2,\"name\":\"Graines de cannabis\",\"item\":\"https:\\\/\\\/ketamaseeds.com\\\/fr\\\/graines-de-cannabis\\\/\"},{\"@type\":\"ListItem\",\"position\":3,\"name\":\"DIESEL HERER graines de cannabis f\u00e9minis\u00e9es\"}]},{\"@type\":\"WebSite\",\"@id\":\"https:\\\/\\\/ketamaseeds.com\\\/fr\\\/#website\",\"url\":\"https:\\\/\\\/ketamaseeds.com\\\/fr\\\/\",\"name\":\"KETAMA SEEDS\",\"description\":\"Banco de semillas de Cannabis\",\"publisher\":{\"@id\":\"https:\\\/\\\/ketamaseeds.com\\\/fr\\\/#organization\"},\"potentialAction\":[{\"@type\":\"SearchAction\",\"target\":{\"@type\":\"EntryPoint\",\"urlTemplate\":\"https:\\\/\\\/ketamaseeds.com\\\/fr\\\/?s={search_term_string}\"},\"query-input\":{\"@type\":\"PropertyValueSpecification\",\"valueRequired\":true,\"valueName\":\"search_term_string\"}}],\"inLanguage\":\"fr-FR\"},{\"@type\":\"Organization\",\"@id\":\"https:\\\/\\\/ketamaseeds.com\\\/fr\\\/#organization\",\"name\":\"KETAMA SEEDS\",\"url\":\"https:\\\/\\\/ketamaseeds.com\\\/fr\\\/\",\"logo\":{\"@type\":\"ImageObject\",\"inLanguage\":\"fr-FR\",\"@id\":\"https:\\\/\\\/ketamaseeds.com\\\/fr\\\/#\\\/schema\\\/logo\\\/image\\\/\",\"url\":\"https:\\\/\\\/ketamaseeds.com\\\/wp-content\\\/uploads\\\/2023\\\/10\\\/cropped-ketama-seeds-logo.jpeg\",\"contentUrl\":\"https:\\\/\\\/ketamaseeds.com\\\/wp-content\\\/uploads\\\/2023\\\/10\\\/cropped-ketama-seeds-logo.jpeg\",\"width\":512,\"height\":512,\"caption\":\"KETAMA SEEDS\"},\"image\":{\"@id\":\"https:\\\/\\\/ketamaseeds.com\\\/fr\\\/#\\\/schema\\\/logo\\\/image\\\/\"},\"sameAs\":[\"https:\\\/\\\/www.facebook.com\\\/ketamaseedsbank\",\"https:\\\/\\\/x.com\\\/KetamaSeeds\",\"https:\\\/\\\/www.instagram.com\\\/ketamaseeds\"]}]}<\/script>\n<!-- \/ Yoast SEO plugin. -->","yoast_head_json":{"title":"DIESEL HERER graines de cannabis f\u00e9minis\u00e9es","description":"DIESEL HERER. Toute la vigueur de la mythique JACK HERER fusionn\u00e9e avec les ar\u00f4mes riches et particuliers de la KETAMA DIESEL.","robots":{"index":"index","follow":"follow","max-snippet":"max-snippet:-1","max-image-preview":"max-image-preview:large","max-video-preview":"max-video-preview:-1"},"canonical":"https:\/\/ketamaseeds.com\/fr\/produit\/diesel-herer-graines-de-cannabis-feminisees\/","og_locale":"fr_FR","og_type":"article","og_title":"DIESEL HERER graines de cannabis f\u00e9minis\u00e9es","og_description":"DIESEL HERER. Toute la vigueur de la mythique JACK HERER fusionn\u00e9e avec les ar\u00f4mes riches et particuliers de la KETAMA DIESEL.","og_url":"https:\/\/ketamaseeds.com\/fr\/produit\/diesel-herer-graines-de-cannabis-feminisees\/","og_site_name":"KETAMA SEEDS","article_publisher":"https:\/\/www.facebook.com\/ketamaseedsbank","article_modified_time":"2023-11-29T12:25:27+00:00","og_image":[{"width":1024,"height":768,"url":"https:\/\/ketamaseeds.com\/wp-content\/uploads\/2023\/10\/Diesel-Herer-semillas-cannabis.jpg","type":"image\/jpeg"}],"twitter_card":"summary_large_image","twitter_site":"@KetamaSeeds","twitter_misc":{"Dur\u00e9e de lecture estim\u00e9e":"2 minutes"},"schema":{"@context":"https:\/\/schema.org","@graph":[{"@type":"WebPage","@id":"https:\/\/ketamaseeds.com\/fr\/produit\/diesel-herer-graines-de-cannabis-feminisees\/","url":"https:\/\/ketamaseeds.com\/fr\/produit\/diesel-herer-graines-de-cannabis-feminisees\/","name":"DIESEL HERER graines de cannabis f\u00e9minis\u00e9es","isPartOf":{"@id":"https:\/\/ketamaseeds.com\/fr\/#website"},"primaryImageOfPage":{"@id":"https:\/\/ketamaseeds.com\/fr\/produit\/diesel-herer-graines-de-cannabis-feminisees\/#primaryimage"},"image":{"@id":"https:\/\/ketamaseeds.com\/fr\/produit\/diesel-herer-graines-de-cannabis-feminisees\/#primaryimage"},"thumbnailUrl":"https:\/\/ketamaseeds.com\/wp-content\/uploads\/2023\/10\/Diesel-Herer-semillas-cannabis.jpg","datePublished":"2023-10-12T03:31:12+00:00","dateModified":"2023-11-29T12:25:27+00:00","description":"DIESEL HERER. Toute la vigueur de la mythique JACK HERER fusionn\u00e9e avec les ar\u00f4mes riches et particuliers de la KETAMA DIESEL.","breadcrumb":{"@id":"https:\/\/ketamaseeds.com\/fr\/produit\/diesel-herer-graines-de-cannabis-feminisees\/#breadcrumb"},"inLanguage":"fr-FR","potentialAction":[{"@type":"ReadAction","target":["https:\/\/ketamaseeds.com\/fr\/produit\/diesel-herer-graines-de-cannabis-feminisees\/"]}]},{"@type":"ImageObject","inLanguage":"fr-FR","@id":"https:\/\/ketamaseeds.com\/fr\/produit\/diesel-herer-graines-de-cannabis-feminisees\/#primaryimage","url":"https:\/\/ketamaseeds.com\/wp-content\/uploads\/2023\/10\/Diesel-Herer-semillas-cannabis.jpg","contentUrl":"https:\/\/ketamaseeds.com\/wp-content\/uploads\/2023\/10\/Diesel-Herer-semillas-cannabis.jpg","width":1024,"height":768},{"@type":"BreadcrumbList","@id":"https:\/\/ketamaseeds.com\/fr\/produit\/diesel-herer-graines-de-cannabis-feminisees\/#breadcrumb","itemListElement":[{"@type":"ListItem","position":1,"name":"Home","item":"https:\/\/ketamaseeds.com\/fr\/"},{"@type":"ListItem","position":2,"name":"Graines de cannabis","item":"https:\/\/ketamaseeds.com\/fr\/graines-de-cannabis\/"},{"@type":"ListItem","position":3,"name":"DIESEL HERER graines de cannabis f\u00e9minis\u00e9es"}]},{"@type":"WebSite","@id":"https:\/\/ketamaseeds.com\/fr\/#website","url":"https:\/\/ketamaseeds.com\/fr\/","name":"KETAMA SEEDS","description":"Banco de semillas de Cannabis","publisher":{"@id":"https:\/\/ketamaseeds.com\/fr\/#organization"},"potentialAction":[{"@type":"SearchAction","target":{"@type":"EntryPoint","urlTemplate":"https:\/\/ketamaseeds.com\/fr\/?s={search_term_string}"},"query-input":{"@type":"PropertyValueSpecification","valueRequired":true,"valueName":"search_term_string"}}],"inLanguage":"fr-FR"},{"@type":"Organization","@id":"https:\/\/ketamaseeds.com\/fr\/#organization","name":"KETAMA SEEDS","url":"https:\/\/ketamaseeds.com\/fr\/","logo":{"@type":"ImageObject","inLanguage":"fr-FR","@id":"https:\/\/ketamaseeds.com\/fr\/#\/schema\/logo\/image\/","url":"https:\/\/ketamaseeds.com\/wp-content\/uploads\/2023\/10\/cropped-ketama-seeds-logo.jpeg","contentUrl":"https:\/\/ketamaseeds.com\/wp-content\/uploads\/2023\/10\/cropped-ketama-seeds-logo.jpeg","width":512,"height":512,"caption":"KETAMA SEEDS"},"image":{"@id":"https:\/\/ketamaseeds.com\/fr\/#\/schema\/logo\/image\/"},"sameAs":["https:\/\/www.facebook.com\/ketamaseedsbank","https:\/\/x.com\/KetamaSeeds","https:\/\/www.instagram.com\/ketamaseeds"]}]}},"_links":{"self":[{"href":"https:\/\/ketamaseeds.com\/fr\/wp-json\/wp\/v2\/product\/938","targetHints":{"allow":["GET"]}}],"collection":[{"href":"https:\/\/ketamaseeds.com\/fr\/wp-json\/wp\/v2\/product"}],"about":[{"href":"https:\/\/ketamaseeds.com\/fr\/wp-json\/wp\/v2\/types\/product"}],"replies":[{"embeddable":true,"href":"https:\/\/ketamaseeds.com\/fr\/wp-json\/wp\/v2\/comments?post=938"}],"wp:featuredmedia":[{"embeddable":true,"href":"https:\/\/ketamaseeds.com\/fr\/wp-json\/wp\/v2\/media\/547"}],"wp:attachment":[{"href":"https:\/\/ketamaseeds.com\/fr\/wp-json\/wp\/v2\/media?parent=938"}],"wp:term":[{"taxonomy":"product_brand","embeddable":true,"href":"https:\/\/ketamaseeds.com\/fr\/wp-json\/wp\/v2\/product_brand?post=938"},{"taxonomy":"product_cat","embeddable":true,"href":"https:\/\/ketamaseeds.com\/fr\/wp-json\/wp\/v2\/product_cat?post=938"},{"taxonomy":"product_tag","embeddable":true,"href":"https:\/\/ketamaseeds.com\/fr\/wp-json\/wp\/v2\/product_tag?post=938"}],"curies":[{"name":"wp","href":"https:\/\/api.w.org\/{rel}","templated":true}]}}