{"id":956,"date":"2023-10-11T01:43:23","date_gmt":"2023-10-11T01:43:23","guid":{"rendered":"http:\/\/ketamaseeds.com\/product\/frutilla-haze-graines-de-cannabis-feminisees\/"},"modified":"2023-12-08T02:22:13","modified_gmt":"2023-12-08T02:22:13","slug":"frutilla-haze-graines-de-cannabis-feminisees","status":"publish","type":"product","link":"https:\/\/ketamaseeds.com\/fr\/produit\/frutilla-haze-graines-de-cannabis-feminisees\/","title":{"rendered":"FRUTILLA HAZE graines de cannabis f\u00e9minis\u00e9es"},"content":{"rendered":"<h2>FRUTILLA HAZE graines de cannabis f\u00e9minis\u00e9es<\/h2>\n<p>FRUTILLA HAZE est une riche vari\u00e9t\u00e9 de cannabis d&rsquo;ascendance 100% sativa, avec une surprenante saveur de fraise qui vous fait tomber amoureux.<\/p>\n<p>Ses fleurs sont grandes et plut\u00f4t allong\u00e9es. Gr\u00e2ce \u00e0 sa g\u00e9n\u00e9tique Haze, elle cache tr\u00e8s bien l&rsquo;odeur et la riche saveur de fraise jusqu&rsquo;au moment de la combustion.<\/p>\n<p>Son effet relaxant de niveau moyen, en plus de son excellente saveur, en font une vari\u00e9t\u00e9 de cannabis qui couvre un large spectre de consommateurs, des nouveaux aux plus exp\u00e9riment\u00e9s et exigeants.<\/p>\n<p>C&rsquo;est une plante qui se d\u00e9veloppe assez rapidement et qui, en culture d&rsquo;int\u00e9rieur, finit de fleurir en un peu plus de 11 semaines.<\/p>\n<p>C&rsquo;est une plante qui se d\u00e9veloppe beaucoup et dont les branches sont assez allong\u00e9es.<\/p>\n<p>Pendant la p\u00e9riode de floraison, elle peut facilement tripler sa hauteur.<\/p>\n<p>Elle est \u00e9galement fortement recommand\u00e9e pour la culture en ext\u00e9rieur dans les climats \u00e9quatoriaux, tropicaux, subtropicaux et temp\u00e9r\u00e9s.<\/p>\n<p>En raison de sa g\u00e9n\u00e9tique, la HAZE est une plante id\u00e9ale pour \u00eatre cultiv\u00e9e avec diff\u00e9rents types de taille tels que le SOG ou le MAIL LINING.<\/p>\n<p>La FRUTILLA HAZE est une plante de cannabis reconnaissante \u00e0 r\u00e9colter et tr\u00e8s facile \u00e0 cultiver.<\/p>\n<p>PARAM\u00c8TRES DE LA CULTURE BIOLOGIQUE HYDROPONIQUE<br \/>\nCroissance EC 0,6-0,9ms 1,1-1,4ms<br \/>\nEC Floraison 0,9-1,4ms 1,1-1,6ms<br \/>\nPH Croissance 5,5 5,8<br \/>\nPH Floraison 6,3 6,3<br \/>\nD\u00c9VELOPPEMENT EXT\u00c9RIEUR INT\u00c9RIEUR<br \/>\nR\u00c9COLTE Fin octobre 90 jours<br \/>\nRENDEMENT 450-850 gr. par plante 400-600 gr\/m2<\/p>\n","protected":false},"excerpt":{"rendered":"<p>FRUTILLA HAZE graines de cannabis f\u00e9minis\u00e9es FRUTILLA HAZE est une riche vari\u00e9t\u00e9 de cannabis d&rsquo;ascendance 100% sativa, avec une surprenante saveur de fraise qui vous fait tomber amoureux. Ses fleurs sont grandes et plut\u00f4t allong\u00e9es. Gr\u00e2ce \u00e0 sa g\u00e9n\u00e9tique Haze, elle cache tr\u00e8s bien l&rsquo;odeur et la riche saveur de fraise jusqu&rsquo;au moment de la [&hellip;]<\/p>\n","protected":false},"featured_media":514,"comment_status":"open","ping_status":"closed","template":"","meta":{"_et_pb_use_builder":"","_et_pb_old_content":"","_et_gb_content_width":""},"product_brand":[],"product_cat":[47],"product_tag":[],"class_list":{"0":"post-956","1":"product","2":"type-product","3":"status-publish","4":"has-post-thumbnail","6":"product_cat-graines-feminisees","8":"first","9":"instock","10":"shipping-taxable","11":"purchasable","12":"product-type-variable"},"yoast_head":"<!-- This site is optimized with the Yoast SEO plugin v27.3 - https:\/\/yoast.com\/product\/yoast-seo-wordpress\/ -->\n<title>FRUTILLA HAZE graines de cannabis f\u00e9minis\u00e9es<\/title>\n<meta name=\"description\" content=\"FRUTILLA HAZE est une riche vari\u00e9t\u00e9 de cannabis d&#039;ascendance 100% sativa, avec une surprenante saveur de fraise qui vous fait tomber amoureux.\" \/>\n<meta name=\"robots\" content=\"index, follow, max-snippet:-1, max-image-preview:large, max-video-preview:-1\" \/>\n<link rel=\"canonical\" href=\"https:\/\/ketamaseeds.com\/fr\/produit\/frutilla-haze-graines-de-cannabis-feminisees\/\" \/>\n<meta property=\"og:locale\" content=\"fr_FR\" \/>\n<meta property=\"og:type\" content=\"article\" \/>\n<meta property=\"og:title\" content=\"FRUTILLA HAZE graines de cannabis f\u00e9minis\u00e9es\" \/>\n<meta property=\"og:description\" content=\"FRUTILLA HAZE est une riche vari\u00e9t\u00e9 de cannabis d&#039;ascendance 100% sativa, avec une surprenante saveur de fraise qui vous fait tomber amoureux.\" \/>\n<meta property=\"og:url\" content=\"https:\/\/ketamaseeds.com\/fr\/produit\/frutilla-haze-graines-de-cannabis-feminisees\/\" \/>\n<meta property=\"og:site_name\" content=\"KETAMA SEEDS\" \/>\n<meta property=\"article:publisher\" content=\"https:\/\/www.facebook.com\/ketamaseedsbank\" \/>\n<meta property=\"article:modified_time\" content=\"2023-12-08T02:22:13+00:00\" \/>\n<meta property=\"og:image\" content=\"https:\/\/ketamaseeds.com\/wp-content\/uploads\/2023\/10\/FRUTILLA-HAZE-feminised-cannabis-seeds.jpg\" \/>\n\t<meta property=\"og:image:width\" content=\"1280\" \/>\n\t<meta property=\"og:image:height\" content=\"941\" \/>\n\t<meta property=\"og:image:type\" content=\"image\/jpeg\" \/>\n<meta name=\"twitter:card\" content=\"summary_large_image\" \/>\n<meta name=\"twitter:site\" content=\"@KetamaSeeds\" \/>\n<meta name=\"twitter:label1\" content=\"Dur\u00e9e de lecture estim\u00e9e\" \/>\n\t<meta name=\"twitter:data1\" content=\"2 minutes\" \/>\n<script type=\"application\/ld+json\" class=\"yoast-schema-graph\">{\"@context\":\"https:\\\/\\\/schema.org\",\"@graph\":[{\"@type\":\"WebPage\",\"@id\":\"https:\\\/\\\/ketamaseeds.com\\\/fr\\\/produit\\\/frutilla-haze-graines-de-cannabis-feminisees\\\/\",\"url\":\"https:\\\/\\\/ketamaseeds.com\\\/fr\\\/produit\\\/frutilla-haze-graines-de-cannabis-feminisees\\\/\",\"name\":\"FRUTILLA HAZE graines de cannabis f\u00e9minis\u00e9es\",\"isPartOf\":{\"@id\":\"https:\\\/\\\/ketamaseeds.com\\\/fr\\\/#website\"},\"primaryImageOfPage\":{\"@id\":\"https:\\\/\\\/ketamaseeds.com\\\/fr\\\/produit\\\/frutilla-haze-graines-de-cannabis-feminisees\\\/#primaryimage\"},\"image\":{\"@id\":\"https:\\\/\\\/ketamaseeds.com\\\/fr\\\/produit\\\/frutilla-haze-graines-de-cannabis-feminisees\\\/#primaryimage\"},\"thumbnailUrl\":\"https:\\\/\\\/ketamaseeds.com\\\/wp-content\\\/uploads\\\/2023\\\/10\\\/FRUTILLA-HAZE-feminised-cannabis-seeds.jpg\",\"datePublished\":\"2023-10-11T01:43:23+00:00\",\"dateModified\":\"2023-12-08T02:22:13+00:00\",\"description\":\"FRUTILLA HAZE est une riche vari\u00e9t\u00e9 de cannabis d'ascendance 100% sativa, avec une surprenante saveur de fraise qui vous fait tomber amoureux.\",\"breadcrumb\":{\"@id\":\"https:\\\/\\\/ketamaseeds.com\\\/fr\\\/produit\\\/frutilla-haze-graines-de-cannabis-feminisees\\\/#breadcrumb\"},\"inLanguage\":\"fr-FR\",\"potentialAction\":[{\"@type\":\"ReadAction\",\"target\":[\"https:\\\/\\\/ketamaseeds.com\\\/fr\\\/produit\\\/frutilla-haze-graines-de-cannabis-feminisees\\\/\"]}]},{\"@type\":\"ImageObject\",\"inLanguage\":\"fr-FR\",\"@id\":\"https:\\\/\\\/ketamaseeds.com\\\/fr\\\/produit\\\/frutilla-haze-graines-de-cannabis-feminisees\\\/#primaryimage\",\"url\":\"https:\\\/\\\/ketamaseeds.com\\\/wp-content\\\/uploads\\\/2023\\\/10\\\/FRUTILLA-HAZE-feminised-cannabis-seeds.jpg\",\"contentUrl\":\"https:\\\/\\\/ketamaseeds.com\\\/wp-content\\\/uploads\\\/2023\\\/10\\\/FRUTILLA-HAZE-feminised-cannabis-seeds.jpg\",\"width\":1280,\"height\":941,\"caption\":\"FRUTILLA HAZE graines de cannabis f\u00e9minis\u00e9es\"},{\"@type\":\"BreadcrumbList\",\"@id\":\"https:\\\/\\\/ketamaseeds.com\\\/fr\\\/produit\\\/frutilla-haze-graines-de-cannabis-feminisees\\\/#breadcrumb\",\"itemListElement\":[{\"@type\":\"ListItem\",\"position\":1,\"name\":\"Home\",\"item\":\"https:\\\/\\\/ketamaseeds.com\\\/fr\\\/\"},{\"@type\":\"ListItem\",\"position\":2,\"name\":\"Graines de cannabis\",\"item\":\"https:\\\/\\\/ketamaseeds.com\\\/fr\\\/graines-de-cannabis\\\/\"},{\"@type\":\"ListItem\",\"position\":3,\"name\":\"FRUTILLA HAZE graines de cannabis f\u00e9minis\u00e9es\"}]},{\"@type\":\"WebSite\",\"@id\":\"https:\\\/\\\/ketamaseeds.com\\\/fr\\\/#website\",\"url\":\"https:\\\/\\\/ketamaseeds.com\\\/fr\\\/\",\"name\":\"KETAMA SEEDS\",\"description\":\"Banco de semillas de Cannabis\",\"publisher\":{\"@id\":\"https:\\\/\\\/ketamaseeds.com\\\/fr\\\/#organization\"},\"potentialAction\":[{\"@type\":\"SearchAction\",\"target\":{\"@type\":\"EntryPoint\",\"urlTemplate\":\"https:\\\/\\\/ketamaseeds.com\\\/fr\\\/?s={search_term_string}\"},\"query-input\":{\"@type\":\"PropertyValueSpecification\",\"valueRequired\":true,\"valueName\":\"search_term_string\"}}],\"inLanguage\":\"fr-FR\"},{\"@type\":\"Organization\",\"@id\":\"https:\\\/\\\/ketamaseeds.com\\\/fr\\\/#organization\",\"name\":\"KETAMA SEEDS\",\"url\":\"https:\\\/\\\/ketamaseeds.com\\\/fr\\\/\",\"logo\":{\"@type\":\"ImageObject\",\"inLanguage\":\"fr-FR\",\"@id\":\"https:\\\/\\\/ketamaseeds.com\\\/fr\\\/#\\\/schema\\\/logo\\\/image\\\/\",\"url\":\"https:\\\/\\\/ketamaseeds.com\\\/wp-content\\\/uploads\\\/2023\\\/10\\\/cropped-ketama-seeds-logo.jpeg\",\"contentUrl\":\"https:\\\/\\\/ketamaseeds.com\\\/wp-content\\\/uploads\\\/2023\\\/10\\\/cropped-ketama-seeds-logo.jpeg\",\"width\":512,\"height\":512,\"caption\":\"KETAMA SEEDS\"},\"image\":{\"@id\":\"https:\\\/\\\/ketamaseeds.com\\\/fr\\\/#\\\/schema\\\/logo\\\/image\\\/\"},\"sameAs\":[\"https:\\\/\\\/www.facebook.com\\\/ketamaseedsbank\",\"https:\\\/\\\/x.com\\\/KetamaSeeds\",\"https:\\\/\\\/www.instagram.com\\\/ketamaseeds\"]}]}<\/script>\n<!-- \/ Yoast SEO plugin. -->","yoast_head_json":{"title":"FRUTILLA HAZE graines de cannabis f\u00e9minis\u00e9es","description":"FRUTILLA HAZE est une riche vari\u00e9t\u00e9 de cannabis d'ascendance 100% sativa, avec une surprenante saveur de fraise qui vous fait tomber amoureux.","robots":{"index":"index","follow":"follow","max-snippet":"max-snippet:-1","max-image-preview":"max-image-preview:large","max-video-preview":"max-video-preview:-1"},"canonical":"https:\/\/ketamaseeds.com\/fr\/produit\/frutilla-haze-graines-de-cannabis-feminisees\/","og_locale":"fr_FR","og_type":"article","og_title":"FRUTILLA HAZE graines de cannabis f\u00e9minis\u00e9es","og_description":"FRUTILLA HAZE est une riche vari\u00e9t\u00e9 de cannabis d'ascendance 100% sativa, avec une surprenante saveur de fraise qui vous fait tomber amoureux.","og_url":"https:\/\/ketamaseeds.com\/fr\/produit\/frutilla-haze-graines-de-cannabis-feminisees\/","og_site_name":"KETAMA SEEDS","article_publisher":"https:\/\/www.facebook.com\/ketamaseedsbank","article_modified_time":"2023-12-08T02:22:13+00:00","og_image":[{"width":1280,"height":941,"url":"https:\/\/ketamaseeds.com\/wp-content\/uploads\/2023\/10\/FRUTILLA-HAZE-feminised-cannabis-seeds.jpg","type":"image\/jpeg"}],"twitter_card":"summary_large_image","twitter_site":"@KetamaSeeds","twitter_misc":{"Dur\u00e9e de lecture estim\u00e9e":"2 minutes"},"schema":{"@context":"https:\/\/schema.org","@graph":[{"@type":"WebPage","@id":"https:\/\/ketamaseeds.com\/fr\/produit\/frutilla-haze-graines-de-cannabis-feminisees\/","url":"https:\/\/ketamaseeds.com\/fr\/produit\/frutilla-haze-graines-de-cannabis-feminisees\/","name":"FRUTILLA HAZE graines de cannabis f\u00e9minis\u00e9es","isPartOf":{"@id":"https:\/\/ketamaseeds.com\/fr\/#website"},"primaryImageOfPage":{"@id":"https:\/\/ketamaseeds.com\/fr\/produit\/frutilla-haze-graines-de-cannabis-feminisees\/#primaryimage"},"image":{"@id":"https:\/\/ketamaseeds.com\/fr\/produit\/frutilla-haze-graines-de-cannabis-feminisees\/#primaryimage"},"thumbnailUrl":"https:\/\/ketamaseeds.com\/wp-content\/uploads\/2023\/10\/FRUTILLA-HAZE-feminised-cannabis-seeds.jpg","datePublished":"2023-10-11T01:43:23+00:00","dateModified":"2023-12-08T02:22:13+00:00","description":"FRUTILLA HAZE est une riche vari\u00e9t\u00e9 de cannabis d'ascendance 100% sativa, avec une surprenante saveur de fraise qui vous fait tomber amoureux.","breadcrumb":{"@id":"https:\/\/ketamaseeds.com\/fr\/produit\/frutilla-haze-graines-de-cannabis-feminisees\/#breadcrumb"},"inLanguage":"fr-FR","potentialAction":[{"@type":"ReadAction","target":["https:\/\/ketamaseeds.com\/fr\/produit\/frutilla-haze-graines-de-cannabis-feminisees\/"]}]},{"@type":"ImageObject","inLanguage":"fr-FR","@id":"https:\/\/ketamaseeds.com\/fr\/produit\/frutilla-haze-graines-de-cannabis-feminisees\/#primaryimage","url":"https:\/\/ketamaseeds.com\/wp-content\/uploads\/2023\/10\/FRUTILLA-HAZE-feminised-cannabis-seeds.jpg","contentUrl":"https:\/\/ketamaseeds.com\/wp-content\/uploads\/2023\/10\/FRUTILLA-HAZE-feminised-cannabis-seeds.jpg","width":1280,"height":941,"caption":"FRUTILLA HAZE graines de cannabis f\u00e9minis\u00e9es"},{"@type":"BreadcrumbList","@id":"https:\/\/ketamaseeds.com\/fr\/produit\/frutilla-haze-graines-de-cannabis-feminisees\/#breadcrumb","itemListElement":[{"@type":"ListItem","position":1,"name":"Home","item":"https:\/\/ketamaseeds.com\/fr\/"},{"@type":"ListItem","position":2,"name":"Graines de cannabis","item":"https:\/\/ketamaseeds.com\/fr\/graines-de-cannabis\/"},{"@type":"ListItem","position":3,"name":"FRUTILLA HAZE graines de cannabis f\u00e9minis\u00e9es"}]},{"@type":"WebSite","@id":"https:\/\/ketamaseeds.com\/fr\/#website","url":"https:\/\/ketamaseeds.com\/fr\/","name":"KETAMA SEEDS","description":"Banco de semillas de Cannabis","publisher":{"@id":"https:\/\/ketamaseeds.com\/fr\/#organization"},"potentialAction":[{"@type":"SearchAction","target":{"@type":"EntryPoint","urlTemplate":"https:\/\/ketamaseeds.com\/fr\/?s={search_term_string}"},"query-input":{"@type":"PropertyValueSpecification","valueRequired":true,"valueName":"search_term_string"}}],"inLanguage":"fr-FR"},{"@type":"Organization","@id":"https:\/\/ketamaseeds.com\/fr\/#organization","name":"KETAMA SEEDS","url":"https:\/\/ketamaseeds.com\/fr\/","logo":{"@type":"ImageObject","inLanguage":"fr-FR","@id":"https:\/\/ketamaseeds.com\/fr\/#\/schema\/logo\/image\/","url":"https:\/\/ketamaseeds.com\/wp-content\/uploads\/2023\/10\/cropped-ketama-seeds-logo.jpeg","contentUrl":"https:\/\/ketamaseeds.com\/wp-content\/uploads\/2023\/10\/cropped-ketama-seeds-logo.jpeg","width":512,"height":512,"caption":"KETAMA SEEDS"},"image":{"@id":"https:\/\/ketamaseeds.com\/fr\/#\/schema\/logo\/image\/"},"sameAs":["https:\/\/www.facebook.com\/ketamaseedsbank","https:\/\/x.com\/KetamaSeeds","https:\/\/www.instagram.com\/ketamaseeds"]}]}},"_links":{"self":[{"href":"https:\/\/ketamaseeds.com\/fr\/wp-json\/wp\/v2\/product\/956","targetHints":{"allow":["GET"]}}],"collection":[{"href":"https:\/\/ketamaseeds.com\/fr\/wp-json\/wp\/v2\/product"}],"about":[{"href":"https:\/\/ketamaseeds.com\/fr\/wp-json\/wp\/v2\/types\/product"}],"replies":[{"embeddable":true,"href":"https:\/\/ketamaseeds.com\/fr\/wp-json\/wp\/v2\/comments?post=956"}],"wp:featuredmedia":[{"embeddable":true,"href":"https:\/\/ketamaseeds.com\/fr\/wp-json\/wp\/v2\/media\/514"}],"wp:attachment":[{"href":"https:\/\/ketamaseeds.com\/fr\/wp-json\/wp\/v2\/media?parent=956"}],"wp:term":[{"taxonomy":"product_brand","embeddable":true,"href":"https:\/\/ketamaseeds.com\/fr\/wp-json\/wp\/v2\/product_brand?post=956"},{"taxonomy":"product_cat","embeddable":true,"href":"https:\/\/ketamaseeds.com\/fr\/wp-json\/wp\/v2\/product_cat?post=956"},{"taxonomy":"product_tag","embeddable":true,"href":"https:\/\/ketamaseeds.com\/fr\/wp-json\/wp\/v2\/product_tag?post=956"}],"curies":[{"name":"wp","href":"https:\/\/api.w.org\/{rel}","templated":true}]}}