{"id":974,"date":"2023-10-12T02:12:40","date_gmt":"2023-10-12T02:12:40","guid":{"rendered":"http:\/\/ketamaseeds.com\/product\/inspiration-graines-de-cannabis-feminisees\/"},"modified":"2023-12-08T02:33:42","modified_gmt":"2023-12-08T02:33:42","slug":"inspiration-graines-de-cannabis-feminisees","status":"publish","type":"product","link":"https:\/\/ketamaseeds.com\/fr\/produit\/inspiration-graines-de-cannabis-feminisees\/","title":{"rendered":"INSPIRATION graines de cannabis f\u00e9minis\u00e9es"},"content":{"rendered":"<h2>INSPIRATION graines de cannabis f\u00e9minis\u00e9es<\/h2>\n<p>La marijuana la plus puissante. INSPIRATION, une vari\u00e9t\u00e9 de graines de marijuana qui produit des plantes fortes, avec de tr\u00e8s bons effets et spectaculairement attrayantes.<\/p>\n<p>INSPIRATION est l&rsquo;une des vari\u00e9t\u00e9s de graines de marijuana les plus puissantes avec le meilleur \u00e9quilibre Indica-Sativa de KETAMA SEEDS et l&rsquo;une des plus puissantes de notre collection.<\/p>\n<p>C&rsquo;est un croisement entre un clone d&rsquo;\u00e9lite de notre vari\u00e9t\u00e9 de graine f\u00e9minis\u00e9e URUWHITE et la meilleure sativa de notre biblioth\u00e8que de m\u00e8res.<\/p>\n<p>INSPIRATION est une plante robuste, de taille moyenne, buissonnante et pleine de fleurs avec une forte teneur en r\u00e9sine blanche spectaculaire.<\/p>\n<p>En tant que bonne vari\u00e9t\u00e9 Indica, INSPIRATION d\u00e9gage une odeur assez forte depuis la croissance jusqu&rsquo;\u00e0 la fin de la floraison.<\/p>\n<p>INSPIRATION est l&rsquo;une des vari\u00e9t\u00e9s de marijuana les plus puissantes que l&rsquo;on connaisse, elle a un taux de THC tr\u00e8s \u00e9lev\u00e9, son effet est donc plus c\u00e9r\u00e9bral que narcotique et dure plus longtemps.<\/p>\n<p>En r\u00e9sum\u00e9, INSPIRATION est une vari\u00e9t\u00e9 qui ne vous laissera pas indiff\u00e9rent, une plante facile \u00e0 cultiver que tout le monde devrait avoir dans sa biblioth\u00e8que g\u00e9n\u00e9tique.<\/p>\n<p>CROP : URUWHITE x Indica<br \/>\nVARI\u00c9T\u00c9 : 60 % Sativa 40 % Indica<br \/>\nAROME : Floral avec des notes de citron et des notes bois\u00e9es<br \/>\nEFFET : Physique &#8211; Mental &#8211; Relaxant &#8211; M\u00e9dicinal<br \/>\nTHC : 20-22%.<br \/>\nCBD : TR\u00c8S \u00c9LEV\u00c9<br \/>\nSensibilit\u00e9 aux champignons : \u00e9lev\u00e9e<br \/>\nPARAM\u00c8TRES DE LA CULTURE BIOLOGIQUE HYDROPONIQUE<br \/>\nCroissance EC 0,6-0,9ms 1,1-1,4ms<br \/>\nEC Floraison 0,9-1,4ms 1,4-2,2ms<br \/>\nPH Croissance 5,5 5,8<br \/>\nPH Floraison 6,5 6,5<br \/>\nD\u00c9VELOPPEMENT EXT\u00c9RIEUR INT\u00c9RIEUR<br \/>\nR\u00c9COLTE Mi-octobre 55 &#8211; 60 jours<br \/>\nRENDEMENT 350-550 gr. par plante 300-550 gr\/m2<\/p>\n","protected":false},"excerpt":{"rendered":"<p>INSPIRATION graines de marijuana f\u00e9minis\u00e9es pour l&rsquo;int\u00e9rieur et l&rsquo;ext\u00e9rieur.<\/p>\n<p>INSPIRATION est l&rsquo;une des vari\u00e9t\u00e9s de graines de marijuana Indica et Sativa les plus \u00e9quilibr\u00e9es de KETAMA SEEDS.<\/p>\n<p>R\u00e9compenses :<\/p>\n<p>Erdi Aldea Cup 2015<\/p>\n<p>\u00ab\u00a0Premier prix\u00a0\u00bb dans la cat\u00e9gorie des extractions.<\/p>\n<p>Hash r\u00e9alis\u00e9 avec de l&rsquo;eau, de la glace et des fleurs. \u00ab\u00a0Ice or lator.<\/p>\n","protected":false},"featured_media":538,"comment_status":"open","ping_status":"closed","template":"","meta":{"_et_pb_use_builder":"","_et_pb_old_content":"","_et_gb_content_width":""},"product_brand":[],"product_cat":[47],"product_tag":[],"class_list":{"0":"post-974","1":"product","2":"type-product","3":"status-publish","4":"has-post-thumbnail","6":"product_cat-graines-feminisees","8":"first","9":"instock","10":"shipping-taxable","11":"purchasable","12":"product-type-variable"},"yoast_head":"<!-- This site is optimized with the Yoast SEO plugin v27.4 - https:\/\/yoast.com\/product\/yoast-seo-wordpress\/ -->\n<title>INSPIRATION graines de cannabis f\u00e9minis\u00e9es<\/title>\n<meta name=\"description\" content=\"INSPIRATION, une vari\u00e9t\u00e9 de graines de marijuana qui produit des plantes fortes, avec de tr\u00e8s bons effets et spectaculairement attrayantes.\" \/>\n<meta name=\"robots\" content=\"index, follow, max-snippet:-1, max-image-preview:large, max-video-preview:-1\" \/>\n<link rel=\"canonical\" href=\"https:\/\/ketamaseeds.com\/fr\/produit\/inspiration-graines-de-cannabis-feminisees\/\" \/>\n<meta property=\"og:locale\" content=\"fr_FR\" \/>\n<meta property=\"og:type\" content=\"article\" \/>\n<meta property=\"og:title\" content=\"INSPIRATION graines de cannabis f\u00e9minis\u00e9es\" \/>\n<meta property=\"og:description\" content=\"INSPIRATION, une vari\u00e9t\u00e9 de graines de marijuana qui produit des plantes fortes, avec de tr\u00e8s bons effets et spectaculairement attrayantes.\" \/>\n<meta property=\"og:url\" content=\"https:\/\/ketamaseeds.com\/fr\/produit\/inspiration-graines-de-cannabis-feminisees\/\" \/>\n<meta property=\"og:site_name\" content=\"KETAMA SEEDS\" \/>\n<meta property=\"article:publisher\" content=\"https:\/\/www.facebook.com\/ketamaseedsbank\" \/>\n<meta property=\"article:modified_time\" content=\"2023-12-08T02:33:42+00:00\" \/>\n<meta property=\"og:image\" content=\"https:\/\/ketamaseeds.com\/wp-content\/uploads\/2023\/10\/la-marihuana-mas-potente-INSPIRATION-de-KETAMA-SEEDS.jpg\" \/>\n\t<meta property=\"og:image:width\" content=\"1000\" \/>\n\t<meta property=\"og:image:height\" content=\"750\" \/>\n\t<meta property=\"og:image:type\" content=\"image\/jpeg\" \/>\n<meta name=\"twitter:card\" content=\"summary_large_image\" \/>\n<meta name=\"twitter:site\" content=\"@KetamaSeeds\" \/>\n<meta name=\"twitter:label1\" content=\"Dur\u00e9e de lecture estim\u00e9e\" \/>\n\t<meta name=\"twitter:data1\" content=\"2 minutes\" \/>\n<script type=\"application\/ld+json\" class=\"yoast-schema-graph\">{\"@context\":\"https:\\\/\\\/schema.org\",\"@graph\":[{\"@type\":\"WebPage\",\"@id\":\"https:\\\/\\\/ketamaseeds.com\\\/fr\\\/produit\\\/inspiration-graines-de-cannabis-feminisees\\\/\",\"url\":\"https:\\\/\\\/ketamaseeds.com\\\/fr\\\/produit\\\/inspiration-graines-de-cannabis-feminisees\\\/\",\"name\":\"INSPIRATION graines de cannabis f\u00e9minis\u00e9es\",\"isPartOf\":{\"@id\":\"https:\\\/\\\/ketamaseeds.com\\\/fr\\\/#website\"},\"primaryImageOfPage\":{\"@id\":\"https:\\\/\\\/ketamaseeds.com\\\/fr\\\/produit\\\/inspiration-graines-de-cannabis-feminisees\\\/#primaryimage\"},\"image\":{\"@id\":\"https:\\\/\\\/ketamaseeds.com\\\/fr\\\/produit\\\/inspiration-graines-de-cannabis-feminisees\\\/#primaryimage\"},\"thumbnailUrl\":\"https:\\\/\\\/ketamaseeds.com\\\/wp-content\\\/uploads\\\/2023\\\/10\\\/la-marihuana-mas-potente-INSPIRATION-de-KETAMA-SEEDS.jpg\",\"datePublished\":\"2023-10-12T02:12:40+00:00\",\"dateModified\":\"2023-12-08T02:33:42+00:00\",\"description\":\"INSPIRATION, une vari\u00e9t\u00e9 de graines de marijuana qui produit des plantes fortes, avec de tr\u00e8s bons effets et spectaculairement attrayantes.\",\"breadcrumb\":{\"@id\":\"https:\\\/\\\/ketamaseeds.com\\\/fr\\\/produit\\\/inspiration-graines-de-cannabis-feminisees\\\/#breadcrumb\"},\"inLanguage\":\"fr-FR\",\"potentialAction\":[{\"@type\":\"ReadAction\",\"target\":[\"https:\\\/\\\/ketamaseeds.com\\\/fr\\\/produit\\\/inspiration-graines-de-cannabis-feminisees\\\/\"]}]},{\"@type\":\"ImageObject\",\"inLanguage\":\"fr-FR\",\"@id\":\"https:\\\/\\\/ketamaseeds.com\\\/fr\\\/produit\\\/inspiration-graines-de-cannabis-feminisees\\\/#primaryimage\",\"url\":\"https:\\\/\\\/ketamaseeds.com\\\/wp-content\\\/uploads\\\/2023\\\/10\\\/la-marihuana-mas-potente-INSPIRATION-de-KETAMA-SEEDS.jpg\",\"contentUrl\":\"https:\\\/\\\/ketamaseeds.com\\\/wp-content\\\/uploads\\\/2023\\\/10\\\/la-marihuana-mas-potente-INSPIRATION-de-KETAMA-SEEDS.jpg\",\"width\":1000,\"height\":750},{\"@type\":\"BreadcrumbList\",\"@id\":\"https:\\\/\\\/ketamaseeds.com\\\/fr\\\/produit\\\/inspiration-graines-de-cannabis-feminisees\\\/#breadcrumb\",\"itemListElement\":[{\"@type\":\"ListItem\",\"position\":1,\"name\":\"Home\",\"item\":\"https:\\\/\\\/ketamaseeds.com\\\/fr\\\/\"},{\"@type\":\"ListItem\",\"position\":2,\"name\":\"Graines de cannabis\",\"item\":\"https:\\\/\\\/ketamaseeds.com\\\/fr\\\/graines-de-cannabis\\\/\"},{\"@type\":\"ListItem\",\"position\":3,\"name\":\"INSPIRATION graines de cannabis f\u00e9minis\u00e9es\"}]},{\"@type\":\"WebSite\",\"@id\":\"https:\\\/\\\/ketamaseeds.com\\\/fr\\\/#website\",\"url\":\"https:\\\/\\\/ketamaseeds.com\\\/fr\\\/\",\"name\":\"KETAMA SEEDS\",\"description\":\"Banco de semillas de Cannabis\",\"publisher\":{\"@id\":\"https:\\\/\\\/ketamaseeds.com\\\/fr\\\/#organization\"},\"potentialAction\":[{\"@type\":\"SearchAction\",\"target\":{\"@type\":\"EntryPoint\",\"urlTemplate\":\"https:\\\/\\\/ketamaseeds.com\\\/fr\\\/?s={search_term_string}\"},\"query-input\":{\"@type\":\"PropertyValueSpecification\",\"valueRequired\":true,\"valueName\":\"search_term_string\"}}],\"inLanguage\":\"fr-FR\"},{\"@type\":\"Organization\",\"@id\":\"https:\\\/\\\/ketamaseeds.com\\\/fr\\\/#organization\",\"name\":\"KETAMA SEEDS\",\"url\":\"https:\\\/\\\/ketamaseeds.com\\\/fr\\\/\",\"logo\":{\"@type\":\"ImageObject\",\"inLanguage\":\"fr-FR\",\"@id\":\"https:\\\/\\\/ketamaseeds.com\\\/fr\\\/#\\\/schema\\\/logo\\\/image\\\/\",\"url\":\"https:\\\/\\\/ketamaseeds.com\\\/wp-content\\\/uploads\\\/2023\\\/10\\\/cropped-ketama-seeds-logo.jpeg\",\"contentUrl\":\"https:\\\/\\\/ketamaseeds.com\\\/wp-content\\\/uploads\\\/2023\\\/10\\\/cropped-ketama-seeds-logo.jpeg\",\"width\":512,\"height\":512,\"caption\":\"KETAMA SEEDS\"},\"image\":{\"@id\":\"https:\\\/\\\/ketamaseeds.com\\\/fr\\\/#\\\/schema\\\/logo\\\/image\\\/\"},\"sameAs\":[\"https:\\\/\\\/www.facebook.com\\\/ketamaseedsbank\",\"https:\\\/\\\/x.com\\\/KetamaSeeds\",\"https:\\\/\\\/www.instagram.com\\\/ketamaseeds\"]}]}<\/script>\n<!-- \/ Yoast SEO plugin. -->","yoast_head_json":{"title":"INSPIRATION graines de cannabis f\u00e9minis\u00e9es","description":"INSPIRATION, une vari\u00e9t\u00e9 de graines de marijuana qui produit des plantes fortes, avec de tr\u00e8s bons effets et spectaculairement attrayantes.","robots":{"index":"index","follow":"follow","max-snippet":"max-snippet:-1","max-image-preview":"max-image-preview:large","max-video-preview":"max-video-preview:-1"},"canonical":"https:\/\/ketamaseeds.com\/fr\/produit\/inspiration-graines-de-cannabis-feminisees\/","og_locale":"fr_FR","og_type":"article","og_title":"INSPIRATION graines de cannabis f\u00e9minis\u00e9es","og_description":"INSPIRATION, une vari\u00e9t\u00e9 de graines de marijuana qui produit des plantes fortes, avec de tr\u00e8s bons effets et spectaculairement attrayantes.","og_url":"https:\/\/ketamaseeds.com\/fr\/produit\/inspiration-graines-de-cannabis-feminisees\/","og_site_name":"KETAMA SEEDS","article_publisher":"https:\/\/www.facebook.com\/ketamaseedsbank","article_modified_time":"2023-12-08T02:33:42+00:00","og_image":[{"width":1000,"height":750,"url":"https:\/\/ketamaseeds.com\/wp-content\/uploads\/2023\/10\/la-marihuana-mas-potente-INSPIRATION-de-KETAMA-SEEDS.jpg","type":"image\/jpeg"}],"twitter_card":"summary_large_image","twitter_site":"@KetamaSeeds","twitter_misc":{"Dur\u00e9e de lecture estim\u00e9e":"2 minutes"},"schema":{"@context":"https:\/\/schema.org","@graph":[{"@type":"WebPage","@id":"https:\/\/ketamaseeds.com\/fr\/produit\/inspiration-graines-de-cannabis-feminisees\/","url":"https:\/\/ketamaseeds.com\/fr\/produit\/inspiration-graines-de-cannabis-feminisees\/","name":"INSPIRATION graines de cannabis f\u00e9minis\u00e9es","isPartOf":{"@id":"https:\/\/ketamaseeds.com\/fr\/#website"},"primaryImageOfPage":{"@id":"https:\/\/ketamaseeds.com\/fr\/produit\/inspiration-graines-de-cannabis-feminisees\/#primaryimage"},"image":{"@id":"https:\/\/ketamaseeds.com\/fr\/produit\/inspiration-graines-de-cannabis-feminisees\/#primaryimage"},"thumbnailUrl":"https:\/\/ketamaseeds.com\/wp-content\/uploads\/2023\/10\/la-marihuana-mas-potente-INSPIRATION-de-KETAMA-SEEDS.jpg","datePublished":"2023-10-12T02:12:40+00:00","dateModified":"2023-12-08T02:33:42+00:00","description":"INSPIRATION, une vari\u00e9t\u00e9 de graines de marijuana qui produit des plantes fortes, avec de tr\u00e8s bons effets et spectaculairement attrayantes.","breadcrumb":{"@id":"https:\/\/ketamaseeds.com\/fr\/produit\/inspiration-graines-de-cannabis-feminisees\/#breadcrumb"},"inLanguage":"fr-FR","potentialAction":[{"@type":"ReadAction","target":["https:\/\/ketamaseeds.com\/fr\/produit\/inspiration-graines-de-cannabis-feminisees\/"]}]},{"@type":"ImageObject","inLanguage":"fr-FR","@id":"https:\/\/ketamaseeds.com\/fr\/produit\/inspiration-graines-de-cannabis-feminisees\/#primaryimage","url":"https:\/\/ketamaseeds.com\/wp-content\/uploads\/2023\/10\/la-marihuana-mas-potente-INSPIRATION-de-KETAMA-SEEDS.jpg","contentUrl":"https:\/\/ketamaseeds.com\/wp-content\/uploads\/2023\/10\/la-marihuana-mas-potente-INSPIRATION-de-KETAMA-SEEDS.jpg","width":1000,"height":750},{"@type":"BreadcrumbList","@id":"https:\/\/ketamaseeds.com\/fr\/produit\/inspiration-graines-de-cannabis-feminisees\/#breadcrumb","itemListElement":[{"@type":"ListItem","position":1,"name":"Home","item":"https:\/\/ketamaseeds.com\/fr\/"},{"@type":"ListItem","position":2,"name":"Graines de cannabis","item":"https:\/\/ketamaseeds.com\/fr\/graines-de-cannabis\/"},{"@type":"ListItem","position":3,"name":"INSPIRATION graines de cannabis f\u00e9minis\u00e9es"}]},{"@type":"WebSite","@id":"https:\/\/ketamaseeds.com\/fr\/#website","url":"https:\/\/ketamaseeds.com\/fr\/","name":"KETAMA SEEDS","description":"Banco de semillas de Cannabis","publisher":{"@id":"https:\/\/ketamaseeds.com\/fr\/#organization"},"potentialAction":[{"@type":"SearchAction","target":{"@type":"EntryPoint","urlTemplate":"https:\/\/ketamaseeds.com\/fr\/?s={search_term_string}"},"query-input":{"@type":"PropertyValueSpecification","valueRequired":true,"valueName":"search_term_string"}}],"inLanguage":"fr-FR"},{"@type":"Organization","@id":"https:\/\/ketamaseeds.com\/fr\/#organization","name":"KETAMA SEEDS","url":"https:\/\/ketamaseeds.com\/fr\/","logo":{"@type":"ImageObject","inLanguage":"fr-FR","@id":"https:\/\/ketamaseeds.com\/fr\/#\/schema\/logo\/image\/","url":"https:\/\/ketamaseeds.com\/wp-content\/uploads\/2023\/10\/cropped-ketama-seeds-logo.jpeg","contentUrl":"https:\/\/ketamaseeds.com\/wp-content\/uploads\/2023\/10\/cropped-ketama-seeds-logo.jpeg","width":512,"height":512,"caption":"KETAMA SEEDS"},"image":{"@id":"https:\/\/ketamaseeds.com\/fr\/#\/schema\/logo\/image\/"},"sameAs":["https:\/\/www.facebook.com\/ketamaseedsbank","https:\/\/x.com\/KetamaSeeds","https:\/\/www.instagram.com\/ketamaseeds"]}]}},"_links":{"self":[{"href":"https:\/\/ketamaseeds.com\/fr\/wp-json\/wp\/v2\/product\/974","targetHints":{"allow":["GET"]}}],"collection":[{"href":"https:\/\/ketamaseeds.com\/fr\/wp-json\/wp\/v2\/product"}],"about":[{"href":"https:\/\/ketamaseeds.com\/fr\/wp-json\/wp\/v2\/types\/product"}],"replies":[{"embeddable":true,"href":"https:\/\/ketamaseeds.com\/fr\/wp-json\/wp\/v2\/comments?post=974"}],"wp:featuredmedia":[{"embeddable":true,"href":"https:\/\/ketamaseeds.com\/fr\/wp-json\/wp\/v2\/media\/538"}],"wp:attachment":[{"href":"https:\/\/ketamaseeds.com\/fr\/wp-json\/wp\/v2\/media?parent=974"}],"wp:term":[{"taxonomy":"product_brand","embeddable":true,"href":"https:\/\/ketamaseeds.com\/fr\/wp-json\/wp\/v2\/product_brand?post=974"},{"taxonomy":"product_cat","embeddable":true,"href":"https:\/\/ketamaseeds.com\/fr\/wp-json\/wp\/v2\/product_cat?post=974"},{"taxonomy":"product_tag","embeddable":true,"href":"https:\/\/ketamaseeds.com\/fr\/wp-json\/wp\/v2\/product_tag?post=974"}],"curies":[{"name":"wp","href":"https:\/\/api.w.org\/{rel}","templated":true}]}}