{"id":992,"date":"2023-10-12T01:08:09","date_gmt":"2023-10-12T01:08:09","guid":{"rendered":"http:\/\/ketamaseeds.com\/product\/kamnesia-graines-de-cannabis-feminisees\/"},"modified":"2023-12-08T02:47:36","modified_gmt":"2023-12-08T02:47:36","slug":"kamnesia-graines-de-cannabis-feminisees","status":"publish","type":"product","link":"https:\/\/ketamaseeds.com\/fr\/produit\/kamnesia-graines-de-cannabis-feminisees\/","title":{"rendered":"KAMNESIA graines de cannabis f\u00e9minis\u00e9es"},"content":{"rendered":"<h2>KAMNESIA graines de cannabis f\u00e9minis\u00e9es<\/h2>\n<p>KAMNESIA, est la vari\u00e9t\u00e9 la plus Sativa du catalogue de graines de cannabis de KETAMA SEEDS.<\/p>\n<p>La KAMNESIA, en tant que vari\u00e9t\u00e9 de cannabis tardive, et nous savons que toutes les bonnes choses viennent \u00e0 ceux qui attendent, est tr\u00e8s puissante, avec un effet vraiment tonitruant.<\/p>\n<p>Elle est capable d&rsquo;assommer les fumeurs exp\u00e9riment\u00e9s ayant une tol\u00e9rance \u00e9lev\u00e9e au THC. Il y a ceux qui disent que la KAMNESIA est comme si on sortait son \u00e2me de son corps, mais comme toutes les vari\u00e9t\u00e9s, il y aura aussi ceux qui diront qu&rsquo;ils l&rsquo;aiment pour sortir.<\/p>\n<p>Chaque cerveau et syst\u00e8me nerveux assimile le THC diff\u00e9remment.<\/p>\n<p>C&rsquo;est une vari\u00e9t\u00e9 de cannabis qui a un grand punch mais qui nous apporte ensuite de la puissance et de la clart\u00e9 mentale.<\/p>\n<p>C&rsquo;est une plante haute, avec une distance internodale moyenne-\u00e9lev\u00e9e, qui doit \u00eatre cultiv\u00e9e avec un b\u00e2ton ou un tuteur pour soutenir ces grosses t\u00eates r\u00e9guli\u00e8res pleines de r\u00e9sine.<\/p>\n<p>La r\u00e9sine de la plante produite par les graines f\u00e9minis\u00e9es d&rsquo;AMNESIA, la KAMNESIA, est tr\u00e8s pris\u00e9e pour faire du haschisch d&rsquo;une puissance tr\u00e8s \u00e9lev\u00e9e qui vous emm\u00e8ne \u00e0 des niveaux jamais explor\u00e9s auparavant.<\/p>\n<p>Le go\u00fbt des fleurs de la vari\u00e9t\u00e9 KAMNESIA est extr\u00eamement frais avec des notes fruit\u00e9es de bois et d&rsquo;\u00e9pices.<\/p>\n<p>VARI\u00c9T\u00c9 : Hybride \u00e0 dominance sativa 90 % Sativa 10 % Indica<br \/>\nAROME : Fruit\u00e9, bois et \u00e9pices<br \/>\nEFFET : Mental &#8211; Physique<br \/>\nTHC : 24-27% CBD : 0.2% THC : 24-27% CBD : 0.2% THC : 24-27<br \/>\nCBD : 0,2%.<br \/>\nSensibilit\u00e9 aux champignons : \u00e9lev\u00e9e<br \/>\nPARAM\u00c8TRES DE CULTURE BIOLOGIQUE HYDROPONIQUE<br \/>\nCroissance EC 0,6-0,9ms 1,1-1,4ms<br \/>\nEC Floraison 0,9-1,4ms 1,1-1,6ms<br \/>\nPH Croissance 5,5 5,8<br \/>\nPH Floraison 6,3 6,3<br \/>\nD\u00c9VELOPPEMENT EXT\u00c9RIEUR INT\u00c9RIEUR<br \/>\nR\u00c9COLTE Fin octobre 70 &#8211; 75 jours<br \/>\nRENDEMENT 350-550 gr. par plante 300-550 gr\/m2<\/p>\n","protected":false},"excerpt":{"rendered":"<p>KAMNESIA graines de cannabis f\u00e9minis\u00e9es KAMNESIA, est la vari\u00e9t\u00e9 la plus Sativa du catalogue de graines de cannabis de KETAMA SEEDS. La KAMNESIA, en tant que vari\u00e9t\u00e9 de cannabis tardive, et nous savons que toutes les bonnes choses viennent \u00e0 ceux qui attendent, est tr\u00e8s puissante, avec un effet vraiment tonitruant. Elle est capable d&rsquo;assommer [&hellip;]<\/p>\n","protected":false},"featured_media":532,"comment_status":"open","ping_status":"closed","template":"","meta":{"_et_pb_use_builder":"","_et_pb_old_content":"","_et_gb_content_width":""},"product_brand":[],"product_cat":[47],"product_tag":[],"class_list":{"0":"post-992","1":"product","2":"type-product","3":"status-publish","4":"has-post-thumbnail","6":"product_cat-graines-feminisees","8":"first","9":"instock","10":"shipping-taxable","11":"purchasable","12":"product-type-variable"},"yoast_head":"<!-- This site is optimized with the Yoast SEO plugin v27.3 - https:\/\/yoast.com\/product\/yoast-seo-wordpress\/ -->\n<title>KAMNESIA graines de cannabis f\u00e9minis\u00e9es<\/title>\n<meta name=\"description\" content=\"KAMNESIA, est la vari\u00e9t\u00e9 la plus Sativa du catalogue de graines de cannabis de KETAMA SEEDS. La KAMNESIA, en tant que vari\u00e9t\u00e9 de cannabis tardive, et nous savons que toutes les bonnes choses viennent\" \/>\n<meta name=\"robots\" content=\"index, follow, max-snippet:-1, max-image-preview:large, max-video-preview:-1\" \/>\n<link rel=\"canonical\" href=\"https:\/\/ketamaseeds.com\/fr\/produit\/kamnesia-graines-de-cannabis-feminisees\/\" \/>\n<meta property=\"og:locale\" content=\"fr_FR\" \/>\n<meta property=\"og:type\" content=\"article\" \/>\n<meta property=\"og:title\" content=\"KAMNESIA graines de cannabis f\u00e9minis\u00e9es\" \/>\n<meta property=\"og:description\" content=\"KAMNESIA, est la vari\u00e9t\u00e9 la plus Sativa du catalogue de graines de cannabis de KETAMA SEEDS. La KAMNESIA, en tant que vari\u00e9t\u00e9 de cannabis tardive, et nous savons que toutes les bonnes choses viennent\" \/>\n<meta property=\"og:url\" content=\"https:\/\/ketamaseeds.com\/fr\/produit\/kamnesia-graines-de-cannabis-feminisees\/\" \/>\n<meta property=\"og:site_name\" content=\"KETAMA SEEDS\" \/>\n<meta property=\"article:publisher\" content=\"https:\/\/www.facebook.com\/ketamaseedsbank\" \/>\n<meta property=\"article:modified_time\" content=\"2023-12-08T02:47:36+00:00\" \/>\n<meta property=\"og:image\" content=\"https:\/\/ketamaseeds.com\/wp-content\/uploads\/2023\/10\/KAMNESIA-semillas-de-marihuana-feminizadas-KETAMA-SEEDS.jpg\" \/>\n\t<meta property=\"og:image:width\" content=\"360\" \/>\n\t<meta property=\"og:image:height\" content=\"480\" \/>\n\t<meta property=\"og:image:type\" content=\"image\/jpeg\" \/>\n<meta name=\"twitter:card\" content=\"summary_large_image\" \/>\n<meta name=\"twitter:site\" content=\"@KetamaSeeds\" \/>\n<meta name=\"twitter:label1\" content=\"Dur\u00e9e de lecture estim\u00e9e\" \/>\n\t<meta name=\"twitter:data1\" content=\"2 minutes\" \/>\n<script type=\"application\/ld+json\" class=\"yoast-schema-graph\">{\"@context\":\"https:\\\/\\\/schema.org\",\"@graph\":[{\"@type\":\"WebPage\",\"@id\":\"https:\\\/\\\/ketamaseeds.com\\\/fr\\\/produit\\\/kamnesia-graines-de-cannabis-feminisees\\\/\",\"url\":\"https:\\\/\\\/ketamaseeds.com\\\/fr\\\/produit\\\/kamnesia-graines-de-cannabis-feminisees\\\/\",\"name\":\"KAMNESIA graines de cannabis f\u00e9minis\u00e9es\",\"isPartOf\":{\"@id\":\"https:\\\/\\\/ketamaseeds.com\\\/fr\\\/#website\"},\"primaryImageOfPage\":{\"@id\":\"https:\\\/\\\/ketamaseeds.com\\\/fr\\\/produit\\\/kamnesia-graines-de-cannabis-feminisees\\\/#primaryimage\"},\"image\":{\"@id\":\"https:\\\/\\\/ketamaseeds.com\\\/fr\\\/produit\\\/kamnesia-graines-de-cannabis-feminisees\\\/#primaryimage\"},\"thumbnailUrl\":\"https:\\\/\\\/ketamaseeds.com\\\/wp-content\\\/uploads\\\/2023\\\/10\\\/KAMNESIA-semillas-de-marihuana-feminizadas-KETAMA-SEEDS.jpg\",\"datePublished\":\"2023-10-12T01:08:09+00:00\",\"dateModified\":\"2023-12-08T02:47:36+00:00\",\"description\":\"KAMNESIA, est la vari\u00e9t\u00e9 la plus Sativa du catalogue de graines de cannabis de KETAMA SEEDS. La KAMNESIA, en tant que vari\u00e9t\u00e9 de cannabis tardive, et nous savons que toutes les bonnes choses viennent\",\"breadcrumb\":{\"@id\":\"https:\\\/\\\/ketamaseeds.com\\\/fr\\\/produit\\\/kamnesia-graines-de-cannabis-feminisees\\\/#breadcrumb\"},\"inLanguage\":\"fr-FR\",\"potentialAction\":[{\"@type\":\"ReadAction\",\"target\":[\"https:\\\/\\\/ketamaseeds.com\\\/fr\\\/produit\\\/kamnesia-graines-de-cannabis-feminisees\\\/\"]}]},{\"@type\":\"ImageObject\",\"inLanguage\":\"fr-FR\",\"@id\":\"https:\\\/\\\/ketamaseeds.com\\\/fr\\\/produit\\\/kamnesia-graines-de-cannabis-feminisees\\\/#primaryimage\",\"url\":\"https:\\\/\\\/ketamaseeds.com\\\/wp-content\\\/uploads\\\/2023\\\/10\\\/KAMNESIA-semillas-de-marihuana-feminizadas-KETAMA-SEEDS.jpg\",\"contentUrl\":\"https:\\\/\\\/ketamaseeds.com\\\/wp-content\\\/uploads\\\/2023\\\/10\\\/KAMNESIA-semillas-de-marihuana-feminizadas-KETAMA-SEEDS.jpg\",\"width\":360,\"height\":480,\"caption\":\"KAMNESIA semillas de cannabis\"},{\"@type\":\"BreadcrumbList\",\"@id\":\"https:\\\/\\\/ketamaseeds.com\\\/fr\\\/produit\\\/kamnesia-graines-de-cannabis-feminisees\\\/#breadcrumb\",\"itemListElement\":[{\"@type\":\"ListItem\",\"position\":1,\"name\":\"Home\",\"item\":\"https:\\\/\\\/ketamaseeds.com\\\/fr\\\/\"},{\"@type\":\"ListItem\",\"position\":2,\"name\":\"Graines de cannabis\",\"item\":\"https:\\\/\\\/ketamaseeds.com\\\/fr\\\/graines-de-cannabis\\\/\"},{\"@type\":\"ListItem\",\"position\":3,\"name\":\"KAMNESIA graines de cannabis f\u00e9minis\u00e9es\"}]},{\"@type\":\"WebSite\",\"@id\":\"https:\\\/\\\/ketamaseeds.com\\\/fr\\\/#website\",\"url\":\"https:\\\/\\\/ketamaseeds.com\\\/fr\\\/\",\"name\":\"KETAMA SEEDS\",\"description\":\"Banco de semillas de Cannabis\",\"publisher\":{\"@id\":\"https:\\\/\\\/ketamaseeds.com\\\/fr\\\/#organization\"},\"potentialAction\":[{\"@type\":\"SearchAction\",\"target\":{\"@type\":\"EntryPoint\",\"urlTemplate\":\"https:\\\/\\\/ketamaseeds.com\\\/fr\\\/?s={search_term_string}\"},\"query-input\":{\"@type\":\"PropertyValueSpecification\",\"valueRequired\":true,\"valueName\":\"search_term_string\"}}],\"inLanguage\":\"fr-FR\"},{\"@type\":\"Organization\",\"@id\":\"https:\\\/\\\/ketamaseeds.com\\\/fr\\\/#organization\",\"name\":\"KETAMA SEEDS\",\"url\":\"https:\\\/\\\/ketamaseeds.com\\\/fr\\\/\",\"logo\":{\"@type\":\"ImageObject\",\"inLanguage\":\"fr-FR\",\"@id\":\"https:\\\/\\\/ketamaseeds.com\\\/fr\\\/#\\\/schema\\\/logo\\\/image\\\/\",\"url\":\"https:\\\/\\\/ketamaseeds.com\\\/wp-content\\\/uploads\\\/2023\\\/10\\\/cropped-ketama-seeds-logo.jpeg\",\"contentUrl\":\"https:\\\/\\\/ketamaseeds.com\\\/wp-content\\\/uploads\\\/2023\\\/10\\\/cropped-ketama-seeds-logo.jpeg\",\"width\":512,\"height\":512,\"caption\":\"KETAMA SEEDS\"},\"image\":{\"@id\":\"https:\\\/\\\/ketamaseeds.com\\\/fr\\\/#\\\/schema\\\/logo\\\/image\\\/\"},\"sameAs\":[\"https:\\\/\\\/www.facebook.com\\\/ketamaseedsbank\",\"https:\\\/\\\/x.com\\\/KetamaSeeds\",\"https:\\\/\\\/www.instagram.com\\\/ketamaseeds\"]}]}<\/script>\n<!-- \/ Yoast SEO plugin. -->","yoast_head_json":{"title":"KAMNESIA graines de cannabis f\u00e9minis\u00e9es","description":"KAMNESIA, est la vari\u00e9t\u00e9 la plus Sativa du catalogue de graines de cannabis de KETAMA SEEDS. La KAMNESIA, en tant que vari\u00e9t\u00e9 de cannabis tardive, et nous savons que toutes les bonnes choses viennent","robots":{"index":"index","follow":"follow","max-snippet":"max-snippet:-1","max-image-preview":"max-image-preview:large","max-video-preview":"max-video-preview:-1"},"canonical":"https:\/\/ketamaseeds.com\/fr\/produit\/kamnesia-graines-de-cannabis-feminisees\/","og_locale":"fr_FR","og_type":"article","og_title":"KAMNESIA graines de cannabis f\u00e9minis\u00e9es","og_description":"KAMNESIA, est la vari\u00e9t\u00e9 la plus Sativa du catalogue de graines de cannabis de KETAMA SEEDS. La KAMNESIA, en tant que vari\u00e9t\u00e9 de cannabis tardive, et nous savons que toutes les bonnes choses viennent","og_url":"https:\/\/ketamaseeds.com\/fr\/produit\/kamnesia-graines-de-cannabis-feminisees\/","og_site_name":"KETAMA SEEDS","article_publisher":"https:\/\/www.facebook.com\/ketamaseedsbank","article_modified_time":"2023-12-08T02:47:36+00:00","og_image":[{"width":360,"height":480,"url":"https:\/\/ketamaseeds.com\/wp-content\/uploads\/2023\/10\/KAMNESIA-semillas-de-marihuana-feminizadas-KETAMA-SEEDS.jpg","type":"image\/jpeg"}],"twitter_card":"summary_large_image","twitter_site":"@KetamaSeeds","twitter_misc":{"Dur\u00e9e de lecture estim\u00e9e":"2 minutes"},"schema":{"@context":"https:\/\/schema.org","@graph":[{"@type":"WebPage","@id":"https:\/\/ketamaseeds.com\/fr\/produit\/kamnesia-graines-de-cannabis-feminisees\/","url":"https:\/\/ketamaseeds.com\/fr\/produit\/kamnesia-graines-de-cannabis-feminisees\/","name":"KAMNESIA graines de cannabis f\u00e9minis\u00e9es","isPartOf":{"@id":"https:\/\/ketamaseeds.com\/fr\/#website"},"primaryImageOfPage":{"@id":"https:\/\/ketamaseeds.com\/fr\/produit\/kamnesia-graines-de-cannabis-feminisees\/#primaryimage"},"image":{"@id":"https:\/\/ketamaseeds.com\/fr\/produit\/kamnesia-graines-de-cannabis-feminisees\/#primaryimage"},"thumbnailUrl":"https:\/\/ketamaseeds.com\/wp-content\/uploads\/2023\/10\/KAMNESIA-semillas-de-marihuana-feminizadas-KETAMA-SEEDS.jpg","datePublished":"2023-10-12T01:08:09+00:00","dateModified":"2023-12-08T02:47:36+00:00","description":"KAMNESIA, est la vari\u00e9t\u00e9 la plus Sativa du catalogue de graines de cannabis de KETAMA SEEDS. La KAMNESIA, en tant que vari\u00e9t\u00e9 de cannabis tardive, et nous savons que toutes les bonnes choses viennent","breadcrumb":{"@id":"https:\/\/ketamaseeds.com\/fr\/produit\/kamnesia-graines-de-cannabis-feminisees\/#breadcrumb"},"inLanguage":"fr-FR","potentialAction":[{"@type":"ReadAction","target":["https:\/\/ketamaseeds.com\/fr\/produit\/kamnesia-graines-de-cannabis-feminisees\/"]}]},{"@type":"ImageObject","inLanguage":"fr-FR","@id":"https:\/\/ketamaseeds.com\/fr\/produit\/kamnesia-graines-de-cannabis-feminisees\/#primaryimage","url":"https:\/\/ketamaseeds.com\/wp-content\/uploads\/2023\/10\/KAMNESIA-semillas-de-marihuana-feminizadas-KETAMA-SEEDS.jpg","contentUrl":"https:\/\/ketamaseeds.com\/wp-content\/uploads\/2023\/10\/KAMNESIA-semillas-de-marihuana-feminizadas-KETAMA-SEEDS.jpg","width":360,"height":480,"caption":"KAMNESIA semillas de cannabis"},{"@type":"BreadcrumbList","@id":"https:\/\/ketamaseeds.com\/fr\/produit\/kamnesia-graines-de-cannabis-feminisees\/#breadcrumb","itemListElement":[{"@type":"ListItem","position":1,"name":"Home","item":"https:\/\/ketamaseeds.com\/fr\/"},{"@type":"ListItem","position":2,"name":"Graines de cannabis","item":"https:\/\/ketamaseeds.com\/fr\/graines-de-cannabis\/"},{"@type":"ListItem","position":3,"name":"KAMNESIA graines de cannabis f\u00e9minis\u00e9es"}]},{"@type":"WebSite","@id":"https:\/\/ketamaseeds.com\/fr\/#website","url":"https:\/\/ketamaseeds.com\/fr\/","name":"KETAMA SEEDS","description":"Banco de semillas de Cannabis","publisher":{"@id":"https:\/\/ketamaseeds.com\/fr\/#organization"},"potentialAction":[{"@type":"SearchAction","target":{"@type":"EntryPoint","urlTemplate":"https:\/\/ketamaseeds.com\/fr\/?s={search_term_string}"},"query-input":{"@type":"PropertyValueSpecification","valueRequired":true,"valueName":"search_term_string"}}],"inLanguage":"fr-FR"},{"@type":"Organization","@id":"https:\/\/ketamaseeds.com\/fr\/#organization","name":"KETAMA SEEDS","url":"https:\/\/ketamaseeds.com\/fr\/","logo":{"@type":"ImageObject","inLanguage":"fr-FR","@id":"https:\/\/ketamaseeds.com\/fr\/#\/schema\/logo\/image\/","url":"https:\/\/ketamaseeds.com\/wp-content\/uploads\/2023\/10\/cropped-ketama-seeds-logo.jpeg","contentUrl":"https:\/\/ketamaseeds.com\/wp-content\/uploads\/2023\/10\/cropped-ketama-seeds-logo.jpeg","width":512,"height":512,"caption":"KETAMA SEEDS"},"image":{"@id":"https:\/\/ketamaseeds.com\/fr\/#\/schema\/logo\/image\/"},"sameAs":["https:\/\/www.facebook.com\/ketamaseedsbank","https:\/\/x.com\/KetamaSeeds","https:\/\/www.instagram.com\/ketamaseeds"]}]}},"_links":{"self":[{"href":"https:\/\/ketamaseeds.com\/fr\/wp-json\/wp\/v2\/product\/992","targetHints":{"allow":["GET"]}}],"collection":[{"href":"https:\/\/ketamaseeds.com\/fr\/wp-json\/wp\/v2\/product"}],"about":[{"href":"https:\/\/ketamaseeds.com\/fr\/wp-json\/wp\/v2\/types\/product"}],"replies":[{"embeddable":true,"href":"https:\/\/ketamaseeds.com\/fr\/wp-json\/wp\/v2\/comments?post=992"}],"wp:featuredmedia":[{"embeddable":true,"href":"https:\/\/ketamaseeds.com\/fr\/wp-json\/wp\/v2\/media\/532"}],"wp:attachment":[{"href":"https:\/\/ketamaseeds.com\/fr\/wp-json\/wp\/v2\/media?parent=992"}],"wp:term":[{"taxonomy":"product_brand","embeddable":true,"href":"https:\/\/ketamaseeds.com\/fr\/wp-json\/wp\/v2\/product_brand?post=992"},{"taxonomy":"product_cat","embeddable":true,"href":"https:\/\/ketamaseeds.com\/fr\/wp-json\/wp\/v2\/product_cat?post=992"},{"taxonomy":"product_tag","embeddable":true,"href":"https:\/\/ketamaseeds.com\/fr\/wp-json\/wp\/v2\/product_tag?post=992"}],"curies":[{"name":"wp","href":"https:\/\/api.w.org\/{rel}","templated":true}]}}