{"id":1307,"date":"2023-10-13T18:13:48","date_gmt":"2023-10-13T18:13:48","guid":{"rendered":"http:\/\/ketamaseeds.com\/?page_id=1307"},"modified":"2023-12-13T17:55:39","modified_gmt":"2023-12-13T17:55:39","slug":"politica-de-privacidade","status":"publish","type":"page","link":"https:\/\/ketamaseeds.com\/pt-br\/politica-de-privacidade\/","title":{"rendered":"Pol\u00edtica de privacidade"},"content":{"rendered":"\n<p><br>Informa\u00e7\u00f5es sobre prote\u00e7\u00e3o de dados do CONTACT<\/p>\n\n\n\n<p><br>Quem \u00e9 respons\u00e1vel por seus dados?<\/p>\n\n\n\n<p>Em conformidade com as disposi\u00e7\u00f5es do Regulamento (UE) 2016\/679 do Parlamento Europeu e do Conselho, informamos que os dados pessoais fornecidos ser\u00e3o processados por Jes\u00fas Javier Ruiz Zuazu com NIF 29146468V e endere\u00e7o em San Isidro 7 &#8211; 31300, TAFALLA (Navarra).<\/p>\n\n\n\n<p>Com que finalidade processamos seus dados pessoais?<\/p>\n\n\n\n<p>Os dados fornecidos por voc\u00ea s\u00e3o necess\u00e1rios para que possamos lhe oferecer todas as garantias do servi\u00e7o solicitado e ser\u00e3o processados para as seguintes finalidades: atender \u00e0s consultas feitas por meio de formul\u00e1rios de contato, e-mail ou chats dispon\u00edveis nos diferentes sites da empresa, bem como enviar boletins informativos aos candidatos.<\/p>\n\n\n\n<p>Por quanto tempo manteremos seus dados?<\/p>\n\n\n\n<p>Os dados pessoais fornecidos ser\u00e3o mantidos pelo tempo previsto para que seja necess\u00e1rio entrar em contato com a parte interessada ou at\u00e9 que o usu\u00e1rio solicite o cancelamento da inscri\u00e7\u00e3o.<\/p>\n\n\n\n<p>Qual \u00e9 a legitimidade para o processamento de seus dados?<\/p>\n\n\n\n<p>O interesse leg\u00edtimo do controlador de dados em processar seus dados \u00e9 o consentimento do titular dos dados para entrar em contato com nossa organiza\u00e7\u00e3o.<\/p>\n\n\n\n<p>Quais s\u00e3o seus direitos quando voc\u00ea nos fornece seus dados?<\/p>\n\n\n\n<p>Qualquer pessoa tem o direito de solicitar o acesso, a retifica\u00e7\u00e3o, a exclus\u00e3o, a limita\u00e7\u00e3o do processamento, a oposi\u00e7\u00e3o ou o direito \u00e0 portabilidade de seus dados pessoais escrevendo para n\u00f3s em nosso endere\u00e7o comercial ou enviando um e-mail para web@ketamaseeds.com, indicando o direito que deseja exercer.<\/p>\n\n\n\n<p>Voc\u00ea tamb\u00e9m ter\u00e1 o direito de retirar seu consentimento a qualquer momento. A retirada do consentimento n\u00e3o afetar\u00e1 a legalidade do processamento realizado antes da retirada desse consentimento.<\/p>\n\n\n\n<p>Voc\u00ea tem o direito de apresentar uma reclama\u00e7\u00e3o \u00e0 autoridade supervisora se considerar que seus direitos relativos \u00e0 prote\u00e7\u00e3o de seus dados pessoais podem ter sido violados.<\/p>\n","protected":false},"excerpt":{"rendered":"<p>Informa\u00e7\u00f5es sobre prote\u00e7\u00e3o de dados do CONTACT Quem \u00e9 respons\u00e1vel por seus dados? Em conformidade com as disposi\u00e7\u00f5es do Regulamento (UE) 2016\/679 do Parlamento Europeu e do Conselho, informamos que os dados pessoais fornecidos ser\u00e3o processados por Jes\u00fas Javier Ruiz Zuazu com NIF 29146468V e endere\u00e7o em San Isidro 7 &#8211; 31300, TAFALLA (Navarra). Com [&hellip;]<\/p>\n","protected":false},"author":1,"featured_media":0,"parent":0,"menu_order":0,"comment_status":"closed","ping_status":"closed","template":"","meta":{"_et_pb_use_builder":"","_et_pb_old_content":"","_et_gb_content_width":"","footnotes":""},"class_list":["post-1307","page","type-page","status-publish","hentry"],"yoast_head":"<!-- This site is optimized with the Yoast SEO plugin v27.3 - https:\/\/yoast.com\/product\/yoast-seo-wordpress\/ -->\n<title>Pol\u00edtica de privacidade &#8211; KETAMA SEEDS<\/title>\n<meta name=\"robots\" content=\"noindex, nofollow\" \/>\n<meta property=\"og:locale\" content=\"pt_BR\" \/>\n<meta property=\"og:type\" content=\"article\" \/>\n<meta property=\"og:title\" content=\"Pol\u00edtica de privacidade &#8211; KETAMA SEEDS\" \/>\n<meta property=\"og:description\" content=\"Informa\u00e7\u00f5es sobre prote\u00e7\u00e3o de dados do CONTACT Quem \u00e9 respons\u00e1vel por seus dados? Em conformidade com as disposi\u00e7\u00f5es do Regulamento (UE) 2016\/679 do Parlamento Europeu e do Conselho, informamos que os dados pessoais fornecidos ser\u00e3o processados por Jes\u00fas Javier Ruiz Zuazu com NIF 29146468V e endere\u00e7o em San Isidro 7 &#8211; 31300, TAFALLA (Navarra). Com [&hellip;]\" \/>\n<meta property=\"og:url\" content=\"https:\/\/ketamaseeds.com\/pt-br\/politica-de-privacidade\/\" \/>\n<meta property=\"og:site_name\" content=\"KETAMA SEEDS\" \/>\n<meta property=\"article:publisher\" content=\"https:\/\/www.facebook.com\/ketamaseedsbank\" \/>\n<meta property=\"article:modified_time\" content=\"2023-12-13T17:55:39+00:00\" \/>\n<meta property=\"og:image\" content=\"https:\/\/ketamaseeds.com\/wp-content\/uploads\/2023\/10\/banco-de-semillas-de-marihuana-feminizadas-autoflorecientes-ketama-seeds.jpg\" \/>\n\t<meta property=\"og:image:width\" content=\"275\" \/>\n\t<meta property=\"og:image:height\" content=\"110\" \/>\n\t<meta property=\"og:image:type\" content=\"image\/jpeg\" \/>\n<meta name=\"twitter:card\" content=\"summary_large_image\" \/>\n<meta name=\"twitter:site\" content=\"@KetamaSeeds\" \/>\n<meta name=\"twitter:label1\" content=\"Est. tempo de leitura\" \/>\n\t<meta name=\"twitter:data1\" content=\"2 minutos\" \/>\n<script type=\"application\/ld+json\" class=\"yoast-schema-graph\">{\"@context\":\"https:\\\/\\\/schema.org\",\"@graph\":[{\"@type\":\"WebPage\",\"@id\":\"https:\\\/\\\/ketamaseeds.com\\\/pt-br\\\/politica-de-privacidade\\\/\",\"url\":\"https:\\\/\\\/ketamaseeds.com\\\/pt-br\\\/politica-de-privacidade\\\/\",\"name\":\"Pol\u00edtica de privacidade &#8211; KETAMA SEEDS\",\"isPartOf\":{\"@id\":\"https:\\\/\\\/ketamaseeds.com\\\/pt-br\\\/#website\"},\"datePublished\":\"2023-10-13T18:13:48+00:00\",\"dateModified\":\"2023-12-13T17:55:39+00:00\",\"breadcrumb\":{\"@id\":\"https:\\\/\\\/ketamaseeds.com\\\/pt-br\\\/politica-de-privacidade\\\/#breadcrumb\"},\"inLanguage\":\"pt-BR\",\"potentialAction\":[{\"@type\":\"ReadAction\",\"target\":[\"https:\\\/\\\/ketamaseeds.com\\\/pt-br\\\/politica-de-privacidade\\\/\"]}]},{\"@type\":\"BreadcrumbList\",\"@id\":\"https:\\\/\\\/ketamaseeds.com\\\/pt-br\\\/politica-de-privacidade\\\/#breadcrumb\",\"itemListElement\":[{\"@type\":\"ListItem\",\"position\":1,\"name\":\"Home\",\"item\":\"https:\\\/\\\/ketamaseeds.com\\\/pt-br\\\/\"},{\"@type\":\"ListItem\",\"position\":2,\"name\":\"Pol\u00edtica de privacidade\"}]},{\"@type\":\"WebSite\",\"@id\":\"https:\\\/\\\/ketamaseeds.com\\\/pt-br\\\/#website\",\"url\":\"https:\\\/\\\/ketamaseeds.com\\\/pt-br\\\/\",\"name\":\"KETAMA SEEDS\",\"description\":\"Banco de semillas de Cannabis\",\"publisher\":{\"@id\":\"https:\\\/\\\/ketamaseeds.com\\\/pt-br\\\/#organization\"},\"potentialAction\":[{\"@type\":\"SearchAction\",\"target\":{\"@type\":\"EntryPoint\",\"urlTemplate\":\"https:\\\/\\\/ketamaseeds.com\\\/pt-br\\\/?s={search_term_string}\"},\"query-input\":{\"@type\":\"PropertyValueSpecification\",\"valueRequired\":true,\"valueName\":\"search_term_string\"}}],\"inLanguage\":\"pt-BR\"},{\"@type\":\"Organization\",\"@id\":\"https:\\\/\\\/ketamaseeds.com\\\/pt-br\\\/#organization\",\"name\":\"KETAMA SEEDS\",\"url\":\"https:\\\/\\\/ketamaseeds.com\\\/pt-br\\\/\",\"logo\":{\"@type\":\"ImageObject\",\"inLanguage\":\"pt-BR\",\"@id\":\"https:\\\/\\\/ketamaseeds.com\\\/pt-br\\\/#\\\/schema\\\/logo\\\/image\\\/\",\"url\":\"https:\\\/\\\/ketamaseeds.com\\\/wp-content\\\/uploads\\\/2023\\\/10\\\/cropped-ketama-seeds-logo.jpeg\",\"contentUrl\":\"https:\\\/\\\/ketamaseeds.com\\\/wp-content\\\/uploads\\\/2023\\\/10\\\/cropped-ketama-seeds-logo.jpeg\",\"width\":512,\"height\":512,\"caption\":\"KETAMA SEEDS\"},\"image\":{\"@id\":\"https:\\\/\\\/ketamaseeds.com\\\/pt-br\\\/#\\\/schema\\\/logo\\\/image\\\/\"},\"sameAs\":[\"https:\\\/\\\/www.facebook.com\\\/ketamaseedsbank\",\"https:\\\/\\\/x.com\\\/KetamaSeeds\",\"https:\\\/\\\/www.instagram.com\\\/ketamaseeds\"]}]}<\/script>\n<!-- \/ Yoast SEO plugin. -->","yoast_head_json":{"title":"Pol\u00edtica de privacidade &#8211; KETAMA SEEDS","robots":{"index":"noindex","follow":"nofollow"},"og_locale":"pt_BR","og_type":"article","og_title":"Pol\u00edtica de privacidade &#8211; KETAMA SEEDS","og_description":"Informa\u00e7\u00f5es sobre prote\u00e7\u00e3o de dados do CONTACT Quem \u00e9 respons\u00e1vel por seus dados? Em conformidade com as disposi\u00e7\u00f5es do Regulamento (UE) 2016\/679 do Parlamento Europeu e do Conselho, informamos que os dados pessoais fornecidos ser\u00e3o processados por Jes\u00fas Javier Ruiz Zuazu com NIF 29146468V e endere\u00e7o em San Isidro 7 &#8211; 31300, TAFALLA (Navarra). Com [&hellip;]","og_url":"https:\/\/ketamaseeds.com\/pt-br\/politica-de-privacidade\/","og_site_name":"KETAMA SEEDS","article_publisher":"https:\/\/www.facebook.com\/ketamaseedsbank","article_modified_time":"2023-12-13T17:55:39+00:00","og_image":[{"width":275,"height":110,"url":"https:\/\/ketamaseeds.com\/wp-content\/uploads\/2023\/10\/banco-de-semillas-de-marihuana-feminizadas-autoflorecientes-ketama-seeds.jpg","type":"image\/jpeg"}],"twitter_card":"summary_large_image","twitter_site":"@KetamaSeeds","twitter_misc":{"Est. tempo de leitura":"2 minutos"},"schema":{"@context":"https:\/\/schema.org","@graph":[{"@type":"WebPage","@id":"https:\/\/ketamaseeds.com\/pt-br\/politica-de-privacidade\/","url":"https:\/\/ketamaseeds.com\/pt-br\/politica-de-privacidade\/","name":"Pol\u00edtica de privacidade &#8211; KETAMA SEEDS","isPartOf":{"@id":"https:\/\/ketamaseeds.com\/pt-br\/#website"},"datePublished":"2023-10-13T18:13:48+00:00","dateModified":"2023-12-13T17:55:39+00:00","breadcrumb":{"@id":"https:\/\/ketamaseeds.com\/pt-br\/politica-de-privacidade\/#breadcrumb"},"inLanguage":"pt-BR","potentialAction":[{"@type":"ReadAction","target":["https:\/\/ketamaseeds.com\/pt-br\/politica-de-privacidade\/"]}]},{"@type":"BreadcrumbList","@id":"https:\/\/ketamaseeds.com\/pt-br\/politica-de-privacidade\/#breadcrumb","itemListElement":[{"@type":"ListItem","position":1,"name":"Home","item":"https:\/\/ketamaseeds.com\/pt-br\/"},{"@type":"ListItem","position":2,"name":"Pol\u00edtica de privacidade"}]},{"@type":"WebSite","@id":"https:\/\/ketamaseeds.com\/pt-br\/#website","url":"https:\/\/ketamaseeds.com\/pt-br\/","name":"KETAMA SEEDS","description":"Banco de semillas de Cannabis","publisher":{"@id":"https:\/\/ketamaseeds.com\/pt-br\/#organization"},"potentialAction":[{"@type":"SearchAction","target":{"@type":"EntryPoint","urlTemplate":"https:\/\/ketamaseeds.com\/pt-br\/?s={search_term_string}"},"query-input":{"@type":"PropertyValueSpecification","valueRequired":true,"valueName":"search_term_string"}}],"inLanguage":"pt-BR"},{"@type":"Organization","@id":"https:\/\/ketamaseeds.com\/pt-br\/#organization","name":"KETAMA SEEDS","url":"https:\/\/ketamaseeds.com\/pt-br\/","logo":{"@type":"ImageObject","inLanguage":"pt-BR","@id":"https:\/\/ketamaseeds.com\/pt-br\/#\/schema\/logo\/image\/","url":"https:\/\/ketamaseeds.com\/wp-content\/uploads\/2023\/10\/cropped-ketama-seeds-logo.jpeg","contentUrl":"https:\/\/ketamaseeds.com\/wp-content\/uploads\/2023\/10\/cropped-ketama-seeds-logo.jpeg","width":512,"height":512,"caption":"KETAMA SEEDS"},"image":{"@id":"https:\/\/ketamaseeds.com\/pt-br\/#\/schema\/logo\/image\/"},"sameAs":["https:\/\/www.facebook.com\/ketamaseedsbank","https:\/\/x.com\/KetamaSeeds","https:\/\/www.instagram.com\/ketamaseeds"]}]}},"_links":{"self":[{"href":"https:\/\/ketamaseeds.com\/pt-br\/wp-json\/wp\/v2\/pages\/1307","targetHints":{"allow":["GET"]}}],"collection":[{"href":"https:\/\/ketamaseeds.com\/pt-br\/wp-json\/wp\/v2\/pages"}],"about":[{"href":"https:\/\/ketamaseeds.com\/pt-br\/wp-json\/wp\/v2\/types\/page"}],"author":[{"embeddable":true,"href":"https:\/\/ketamaseeds.com\/pt-br\/wp-json\/wp\/v2\/users\/1"}],"replies":[{"embeddable":true,"href":"https:\/\/ketamaseeds.com\/pt-br\/wp-json\/wp\/v2\/comments?post=1307"}],"version-history":[{"count":0,"href":"https:\/\/ketamaseeds.com\/pt-br\/wp-json\/wp\/v2\/pages\/1307\/revisions"}],"wp:attachment":[{"href":"https:\/\/ketamaseeds.com\/pt-br\/wp-json\/wp\/v2\/media?parent=1307"}],"curies":[{"name":"wp","href":"https:\/\/api.w.org\/{rel}","templated":true}]}}