{"id":1309,"date":"2023-10-15T19:00:51","date_gmt":"2023-10-15T19:00:51","guid":{"rendered":"http:\/\/ketamaseeds.com\/?page_id=1309"},"modified":"2023-12-13T18:00:20","modified_gmt":"2023-12-13T18:00:20","slug":"formas-de-pagamento","status":"publish","type":"page","link":"https:\/\/ketamaseeds.com\/pt-br\/formas-de-pagamento\/","title":{"rendered":"Formas de pagamento"},"content":{"rendered":"\n<p><br>Pagamento por cart\u00e3o de cr\u00e9dito ou d\u00e9bito<\/p>\n\n\n\n<p>Pagamento com criptomoedas<\/p>\n\n\n\n<p><br>Em nossa loja on-line, para seguran\u00e7a e conveni\u00eancia, selecionamos, no momento, como \u00fanicos m\u00e9todos, o pagamento com os cart\u00f5es de d\u00e9bito e cr\u00e9dito mais usados, como VISA, AMERICAN EXPRESS, MASTERCARD, bem como as criptomoedas mais usadas no mundo.<\/p>\n\n\n\n<p>Ao fazer o pagamento em nossa loja de sementes de cannabis com qualquer um desses m\u00e9todos, voc\u00ea pagar\u00e1 com sua moeda, \u00e0 taxa de c\u00e2mbio oficial no momento da compra.<\/p>\n\n\n\n<p>Se quiser calcular o custo na moeda de seu pa\u00eds, voc\u00ea pode usar este conversor de moedas.<\/p>\n\n\n\n<p>No momento final da compra, a Web, por meio de um servidor seguro (SSL) de nosso provedor de pagamento, realiza a opera\u00e7\u00e3o de pagamento da maneira mais segura.<\/p>\n\n\n\n<p>Sempre tendo em mente a discri\u00e7\u00e3o em tudo relacionado \u00e0 sua compra, no resumo de pagamentos do seu cart\u00e3o aparecer\u00e1 o nome de uma empresa de com\u00e9rcio eletr\u00f4nico.<\/p>\n\n\n\n<p>ATEN\u00c7\u00c3O<\/p>\n\n\n\n<p>Nossa loja tem habilitado o sistema de pagamento 3D SECURE, esse sistema de pagamento protege os cart\u00f5es contra poss\u00edveis usos fraudulentos, cada cart\u00e3o chama esse sistema de formas diferentes.<\/p>\n\n\n\n<p>Visa: Verified by Visa<br>MasterCard: SecureCode<br>American Express: Safekey<\/p>\n\n\n\n<p>Quando o pagamento for bem-sucedido, voc\u00ea ver\u00e1 na tela que o pagamento foi feito corretamente, o valor do mesmo e o n\u00famero da sua compra. Voc\u00ea tamb\u00e9m receber\u00e1 um e-mail com seu pedido. Se n\u00e3o vir o e-mail em sua caixa de entrada, procure-o na pasta de spam.<\/p>\n\n\n\n<p>O que fazer se seu pagamento n\u00e3o for autorizado?<\/p>\n\n\n\n<p>Se o nosso sistema de pagamento n\u00e3o autorizar o seu pagamento quando voc\u00ea tentar efetu\u00e1-lo, voc\u00ea ver\u00e1 que ser\u00e1 redirecionado para a p\u00e1gina inicial do nosso site.<\/p>\n\n\n\n<p>Seu cart\u00e3o provavelmente ainda n\u00e3o tem esse recurso de seguran\u00e7a chamado 3D SECURE ativado ou ainda n\u00e3o est\u00e1 habilitado para fazer compras na Internet e no exterior.<\/p>\n\n\n\n<p>Observe que, ap\u00f3s 3 tentativas sem sucesso, seu cart\u00e3o ser\u00e1 bloqueado pelo banco por motivos de seguran\u00e7a.<\/p>\n\n\n\n<p>Como resolver isso?<\/p>\n\n\n\n<p>A maioria dos bancos j\u00e1 usa o modo 3D SECURE por motivos de seguran\u00e7a e normalmente n\u00e3o o ativa nos cart\u00f5es at\u00e9 que seus clientes o solicitem.<\/p>\n\n\n\n<p>Se voc\u00ea ligar ou for ao seu banco e pedir que ativem seu cart\u00e3o para fazer compras na Internet em pa\u00edses estrangeiros que exigem o 3D secure, eles o ativar\u00e3o para voc\u00ea na mesma hora, normalmente respondendo em 24 horas.<\/p>\n\n\n\n<p>Dessa forma, voc\u00ea poder\u00e1 comprar suas sementes favoritas sem nenhum problema em qualquer pa\u00eds.<\/p>\n","protected":false},"excerpt":{"rendered":"<p>Pagamento por cart\u00e3o de cr\u00e9dito ou d\u00e9bito Pagamento com criptomoedas Em nossa loja on-line, para seguran\u00e7a e conveni\u00eancia, selecionamos, no momento, como \u00fanicos m\u00e9todos, o pagamento com os cart\u00f5es de d\u00e9bito e cr\u00e9dito mais usados, como VISA, AMERICAN EXPRESS, MASTERCARD, bem como as criptomoedas mais usadas no mundo. Ao fazer o pagamento em nossa loja [&hellip;]<\/p>\n","protected":false},"author":1,"featured_media":0,"parent":0,"menu_order":0,"comment_status":"closed","ping_status":"closed","template":"","meta":{"_et_pb_use_builder":"","_et_pb_old_content":"","_et_gb_content_width":"","footnotes":""},"class_list":["post-1309","page","type-page","status-publish","hentry"],"yoast_head":"<!-- This site is optimized with the Yoast SEO plugin v27.4 - https:\/\/yoast.com\/product\/yoast-seo-wordpress\/ -->\n<title>Formas de pagamento &#8211; KETAMA SEEDS<\/title>\n<meta name=\"robots\" content=\"noindex, nofollow\" \/>\n<meta property=\"og:locale\" content=\"pt_BR\" \/>\n<meta property=\"og:type\" content=\"article\" \/>\n<meta property=\"og:title\" content=\"Formas de pagamento &#8211; KETAMA SEEDS\" \/>\n<meta property=\"og:description\" content=\"Pagamento por cart\u00e3o de cr\u00e9dito ou d\u00e9bito Pagamento com criptomoedas Em nossa loja on-line, para seguran\u00e7a e conveni\u00eancia, selecionamos, no momento, como \u00fanicos m\u00e9todos, o pagamento com os cart\u00f5es de d\u00e9bito e cr\u00e9dito mais usados, como VISA, AMERICAN EXPRESS, MASTERCARD, bem como as criptomoedas mais usadas no mundo. Ao fazer o pagamento em nossa loja [&hellip;]\" \/>\n<meta property=\"og:url\" content=\"https:\/\/ketamaseeds.com\/pt-br\/formas-de-pagamento\/\" \/>\n<meta property=\"og:site_name\" content=\"KETAMA SEEDS\" \/>\n<meta property=\"article:publisher\" content=\"https:\/\/www.facebook.com\/ketamaseedsbank\" \/>\n<meta property=\"article:modified_time\" content=\"2023-12-13T18:00:20+00:00\" \/>\n<meta property=\"og:image\" content=\"https:\/\/ketamaseeds.com\/wp-content\/uploads\/2023\/10\/banco-de-semillas-de-marihuana-feminizadas-autoflorecientes-ketama-seeds.jpg\" \/>\n\t<meta property=\"og:image:width\" content=\"275\" \/>\n\t<meta property=\"og:image:height\" content=\"110\" \/>\n\t<meta property=\"og:image:type\" content=\"image\/jpeg\" \/>\n<meta name=\"twitter:card\" content=\"summary_large_image\" \/>\n<meta name=\"twitter:site\" content=\"@KetamaSeeds\" \/>\n<meta name=\"twitter:label1\" content=\"Est. tempo de leitura\" \/>\n\t<meta name=\"twitter:data1\" content=\"2 minutos\" \/>\n<script type=\"application\/ld+json\" class=\"yoast-schema-graph\">{\"@context\":\"https:\\\/\\\/schema.org\",\"@graph\":[{\"@type\":\"WebPage\",\"@id\":\"https:\\\/\\\/ketamaseeds.com\\\/pt-br\\\/formas-de-pagamento\\\/\",\"url\":\"https:\\\/\\\/ketamaseeds.com\\\/pt-br\\\/formas-de-pagamento\\\/\",\"name\":\"Formas de pagamento &#8211; KETAMA SEEDS\",\"isPartOf\":{\"@id\":\"https:\\\/\\\/ketamaseeds.com\\\/pt-br\\\/#website\"},\"datePublished\":\"2023-10-15T19:00:51+00:00\",\"dateModified\":\"2023-12-13T18:00:20+00:00\",\"breadcrumb\":{\"@id\":\"https:\\\/\\\/ketamaseeds.com\\\/pt-br\\\/formas-de-pagamento\\\/#breadcrumb\"},\"inLanguage\":\"pt-BR\",\"potentialAction\":[{\"@type\":\"ReadAction\",\"target\":[\"https:\\\/\\\/ketamaseeds.com\\\/pt-br\\\/formas-de-pagamento\\\/\"]}]},{\"@type\":\"BreadcrumbList\",\"@id\":\"https:\\\/\\\/ketamaseeds.com\\\/pt-br\\\/formas-de-pagamento\\\/#breadcrumb\",\"itemListElement\":[{\"@type\":\"ListItem\",\"position\":1,\"name\":\"Home\",\"item\":\"https:\\\/\\\/ketamaseeds.com\\\/pt-br\\\/\"},{\"@type\":\"ListItem\",\"position\":2,\"name\":\"Formas de pagamento\"}]},{\"@type\":\"WebSite\",\"@id\":\"https:\\\/\\\/ketamaseeds.com\\\/pt-br\\\/#website\",\"url\":\"https:\\\/\\\/ketamaseeds.com\\\/pt-br\\\/\",\"name\":\"KETAMA SEEDS\",\"description\":\"Banco de semillas de Cannabis\",\"publisher\":{\"@id\":\"https:\\\/\\\/ketamaseeds.com\\\/pt-br\\\/#organization\"},\"potentialAction\":[{\"@type\":\"SearchAction\",\"target\":{\"@type\":\"EntryPoint\",\"urlTemplate\":\"https:\\\/\\\/ketamaseeds.com\\\/pt-br\\\/?s={search_term_string}\"},\"query-input\":{\"@type\":\"PropertyValueSpecification\",\"valueRequired\":true,\"valueName\":\"search_term_string\"}}],\"inLanguage\":\"pt-BR\"},{\"@type\":\"Organization\",\"@id\":\"https:\\\/\\\/ketamaseeds.com\\\/pt-br\\\/#organization\",\"name\":\"KETAMA SEEDS\",\"url\":\"https:\\\/\\\/ketamaseeds.com\\\/pt-br\\\/\",\"logo\":{\"@type\":\"ImageObject\",\"inLanguage\":\"pt-BR\",\"@id\":\"https:\\\/\\\/ketamaseeds.com\\\/pt-br\\\/#\\\/schema\\\/logo\\\/image\\\/\",\"url\":\"https:\\\/\\\/ketamaseeds.com\\\/wp-content\\\/uploads\\\/2023\\\/10\\\/cropped-ketama-seeds-logo.jpeg\",\"contentUrl\":\"https:\\\/\\\/ketamaseeds.com\\\/wp-content\\\/uploads\\\/2023\\\/10\\\/cropped-ketama-seeds-logo.jpeg\",\"width\":512,\"height\":512,\"caption\":\"KETAMA SEEDS\"},\"image\":{\"@id\":\"https:\\\/\\\/ketamaseeds.com\\\/pt-br\\\/#\\\/schema\\\/logo\\\/image\\\/\"},\"sameAs\":[\"https:\\\/\\\/www.facebook.com\\\/ketamaseedsbank\",\"https:\\\/\\\/x.com\\\/KetamaSeeds\",\"https:\\\/\\\/www.instagram.com\\\/ketamaseeds\"]}]}<\/script>\n<!-- \/ Yoast SEO plugin. -->","yoast_head_json":{"title":"Formas de pagamento &#8211; KETAMA SEEDS","robots":{"index":"noindex","follow":"nofollow"},"og_locale":"pt_BR","og_type":"article","og_title":"Formas de pagamento &#8211; KETAMA SEEDS","og_description":"Pagamento por cart\u00e3o de cr\u00e9dito ou d\u00e9bito Pagamento com criptomoedas Em nossa loja on-line, para seguran\u00e7a e conveni\u00eancia, selecionamos, no momento, como \u00fanicos m\u00e9todos, o pagamento com os cart\u00f5es de d\u00e9bito e cr\u00e9dito mais usados, como VISA, AMERICAN EXPRESS, MASTERCARD, bem como as criptomoedas mais usadas no mundo. Ao fazer o pagamento em nossa loja [&hellip;]","og_url":"https:\/\/ketamaseeds.com\/pt-br\/formas-de-pagamento\/","og_site_name":"KETAMA SEEDS","article_publisher":"https:\/\/www.facebook.com\/ketamaseedsbank","article_modified_time":"2023-12-13T18:00:20+00:00","og_image":[{"width":275,"height":110,"url":"https:\/\/ketamaseeds.com\/wp-content\/uploads\/2023\/10\/banco-de-semillas-de-marihuana-feminizadas-autoflorecientes-ketama-seeds.jpg","type":"image\/jpeg"}],"twitter_card":"summary_large_image","twitter_site":"@KetamaSeeds","twitter_misc":{"Est. tempo de leitura":"2 minutos"},"schema":{"@context":"https:\/\/schema.org","@graph":[{"@type":"WebPage","@id":"https:\/\/ketamaseeds.com\/pt-br\/formas-de-pagamento\/","url":"https:\/\/ketamaseeds.com\/pt-br\/formas-de-pagamento\/","name":"Formas de pagamento &#8211; KETAMA SEEDS","isPartOf":{"@id":"https:\/\/ketamaseeds.com\/pt-br\/#website"},"datePublished":"2023-10-15T19:00:51+00:00","dateModified":"2023-12-13T18:00:20+00:00","breadcrumb":{"@id":"https:\/\/ketamaseeds.com\/pt-br\/formas-de-pagamento\/#breadcrumb"},"inLanguage":"pt-BR","potentialAction":[{"@type":"ReadAction","target":["https:\/\/ketamaseeds.com\/pt-br\/formas-de-pagamento\/"]}]},{"@type":"BreadcrumbList","@id":"https:\/\/ketamaseeds.com\/pt-br\/formas-de-pagamento\/#breadcrumb","itemListElement":[{"@type":"ListItem","position":1,"name":"Home","item":"https:\/\/ketamaseeds.com\/pt-br\/"},{"@type":"ListItem","position":2,"name":"Formas de pagamento"}]},{"@type":"WebSite","@id":"https:\/\/ketamaseeds.com\/pt-br\/#website","url":"https:\/\/ketamaseeds.com\/pt-br\/","name":"KETAMA SEEDS","description":"Banco de semillas de Cannabis","publisher":{"@id":"https:\/\/ketamaseeds.com\/pt-br\/#organization"},"potentialAction":[{"@type":"SearchAction","target":{"@type":"EntryPoint","urlTemplate":"https:\/\/ketamaseeds.com\/pt-br\/?s={search_term_string}"},"query-input":{"@type":"PropertyValueSpecification","valueRequired":true,"valueName":"search_term_string"}}],"inLanguage":"pt-BR"},{"@type":"Organization","@id":"https:\/\/ketamaseeds.com\/pt-br\/#organization","name":"KETAMA SEEDS","url":"https:\/\/ketamaseeds.com\/pt-br\/","logo":{"@type":"ImageObject","inLanguage":"pt-BR","@id":"https:\/\/ketamaseeds.com\/pt-br\/#\/schema\/logo\/image\/","url":"https:\/\/ketamaseeds.com\/wp-content\/uploads\/2023\/10\/cropped-ketama-seeds-logo.jpeg","contentUrl":"https:\/\/ketamaseeds.com\/wp-content\/uploads\/2023\/10\/cropped-ketama-seeds-logo.jpeg","width":512,"height":512,"caption":"KETAMA SEEDS"},"image":{"@id":"https:\/\/ketamaseeds.com\/pt-br\/#\/schema\/logo\/image\/"},"sameAs":["https:\/\/www.facebook.com\/ketamaseedsbank","https:\/\/x.com\/KetamaSeeds","https:\/\/www.instagram.com\/ketamaseeds"]}]}},"_links":{"self":[{"href":"https:\/\/ketamaseeds.com\/pt-br\/wp-json\/wp\/v2\/pages\/1309","targetHints":{"allow":["GET"]}}],"collection":[{"href":"https:\/\/ketamaseeds.com\/pt-br\/wp-json\/wp\/v2\/pages"}],"about":[{"href":"https:\/\/ketamaseeds.com\/pt-br\/wp-json\/wp\/v2\/types\/page"}],"author":[{"embeddable":true,"href":"https:\/\/ketamaseeds.com\/pt-br\/wp-json\/wp\/v2\/users\/1"}],"replies":[{"embeddable":true,"href":"https:\/\/ketamaseeds.com\/pt-br\/wp-json\/wp\/v2\/comments?post=1309"}],"version-history":[{"count":0,"href":"https:\/\/ketamaseeds.com\/pt-br\/wp-json\/wp\/v2\/pages\/1309\/revisions"}],"wp:attachment":[{"href":"https:\/\/ketamaseeds.com\/pt-br\/wp-json\/wp\/v2\/media?parent=1309"}],"curies":[{"name":"wp","href":"https:\/\/api.w.org\/{rel}","templated":true}]}}