{"id":1321,"date":"2023-10-15T19:07:07","date_gmt":"2023-10-15T19:07:07","guid":{"rendered":"http:\/\/ketamaseeds.com\/?page_id=1321"},"modified":"2023-12-13T19:00:34","modified_gmt":"2023-12-13T19:00:34","slug":"metodos-de-envio","status":"publish","type":"page","link":"https:\/\/ketamaseeds.com\/pt-br\/metodos-de-envio\/","title":{"rendered":"M\u00e9todos de envio"},"content":{"rendered":"\n<h2 class=\"wp-block-heading\"><br>A partir de nossa loja on-line, enviamos para qualquer pa\u00eds em todas as regi\u00f5es do mundo.<\/h2>\n\n\n\n<h3 class=\"wp-block-heading\"><br>Europa, \u00c1sia, \u00c1frica, Am\u00e9rica do Norte e do Sul e todas as outras regi\u00f5es do mundo recebem entregas em domic\u00edlio de nossas sementes de cannabis.<\/h3>\n\n\n\n<h3 class=\"wp-block-heading\"><br>O m\u00e9todo de envio \u00e9 sempre muito discreto, o remetente \u00e9 uma pessoa e n\u00e3o apresenta sinais externos relacionados ao seu conte\u00fado.<\/h3>\n\n\n\n<p>Enviamos por meio dos Correios da Espanha e a entrega \u00e9 feita pela empresa de correios de seu pa\u00eds, em sua casa ou no endere\u00e7o de entrega que voc\u00ea nos fornece durante a compra.<\/p>\n\n\n\n<p>Se no momento em que o carteiro for fazer a entrega n\u00e3o houver ningu\u00e9m no local, ele deixar\u00e1 um aviso para que voc\u00ea possa retir\u00e1-la na ag\u00eancia postal correspondente.<\/p>\n\n\n\n<p>Para todos os pedidos, voc\u00ea sempre poder\u00e1 saber onde est\u00e1 sua compra por meio de um c\u00f3digo de rastreamento fornecido pelos Correios e n\u00f3s lhe enviaremos um e-mail quando seu pedido sair de nossos escrit\u00f3rios.<\/p>\n\n\n\n<p>Prazos de entrega dos pedidos da nossa loja de sementes de cannabis:<br>Preparamos os pedidos de nossa loja de sementes de cannabis no dia seguinte ao recebimento,<\/p>\n\n\n\n<p>na Espanha, eles s\u00e3o entregues em 24 a 48 horas.<\/p>\n\n\n\n<p>Europa: 2 a 5 dias<\/p>\n\n\n\n<p>Estados Unidos: 5 dias<\/p>\n\n\n\n<p>Am\u00e9rica Central, do Norte e do Sul:<\/p>\n\n\n\n<p>ARGENTINA 7 dias<\/p>\n\n\n\n<p>BOL\u00cdVIA 10-15 dias<\/p>\n\n\n\n<p>BRASIL 10-15 dias<\/p>\n\n\n\n<p>CHILE 10-15 dias<\/p>\n\n\n\n<p>COL\u00d4MBIA 10-15 dias<\/p>\n\n\n\n<p>COSTA RICA 15-20 dias<\/p>\n\n\n\n<p>CUBA 10-15 dias<\/p>\n\n\n\n<p>EQUADOR 10-15 dias<\/p>\n\n\n\n<p>EL SALVADOR, GUATEMALA, HONDURAS e NICAR\u00c1GUA 15-20 dias<\/p>\n\n\n\n<p>PUERTO RICO: 6 a 8 dias<\/p>\n\n\n\n<p>M\u00c9XICO: 20 a 30 dias<\/p>\n\n\n\n<p>PANAM\u00c1 10-15 dias<\/p>\n\n\n\n<p>PARAGUAI 10-15 dias<\/p>\n\n\n\n<p>PERU 10-15 dias<\/p>\n\n\n\n<p>PUERTO RICO: 10 dias<\/p>\n\n\n\n<p>REP\u00daBLICA DOMINICANA 10-15 dias<\/p>\n\n\n\n<p>URUGUAI 10 dias<\/p>\n\n\n\n<p>VENEZUELA 10-15 dias<\/p>\n\n\n\n<p>Resto do continente 12 &#8211; 15 dias<\/p>\n\n\n\n<p>\u00c1frica: 15 a 20 dias<\/p>\n\n\n\n<p>CUSTO DE ENVIO:<\/p>\n\n\n\n<p>ESPANHA 6 \u20ac EUROS<\/p>\n\n\n\n<p>EUROPA 6 EUROS<\/p>\n\n\n\n<p>AM\u00c9RICA E RESTO DO MUNDO 9 \u20ac EUROS<\/p>\n\n\n\n<p>Visitando nossa loja de sementes de cannabis voc\u00ea pode ver todas as caracter\u00edsticas e pre\u00e7os das diferentes variedades que comp\u00f5em o cat\u00e1logo da KETAMA SEEDS, nele voc\u00ea encontrar\u00e1 sementes feminizadas e autoflorescentes de diferentes gen\u00e9ticas v\u00e1lidas para o cultivo tanto em ambientes internos quanto externos.<\/p>\n\n\n\n<p>O comprador \u00e9 respons\u00e1vel por conhecer as leis a esse respeito em seu pa\u00eds de resid\u00eancia.<\/p>\n\n\n\n<h4 class=\"wp-block-heading\">ISEN\u00c7\u00c3O DE RESPONSABILIDADE<\/h4>\n\n\n\n<p>A posse de sementes de c\u00e2nhamo em Espanha n\u00e3o constitui crime (Conven\u00e7\u00e3o de Viena de 1961). O cultivo de cannabis pode estar sujeito a san\u00e7\u00f5es administrativas e criminais (art. 25.1 da Lei Org\u00e2nica de Prote\u00e7\u00e3o \u00e0 Seguran\u00e7a Cidad\u00e3 e art. 368 do C\u00f3digo Penal). A importa\u00e7\u00e3o, posse e venda ou distribui\u00e7\u00e3o de sementes de cannabis n\u00e3o s\u00e3o regulamentadas por lei, de acordo com o tratado unilateral sobre narc\u00f3ticos acordado em Viena em 1961. Em alguns pa\u00edses como Espanha, o cultivo de sementes de cannabis por empresas, associa\u00e7\u00f5es ou indiv\u00edduos, sem a devida autoriza\u00e7\u00e3o, pode constituir crime, pelo que a venda ou distribui\u00e7\u00e3o de sementes nestes pa\u00edses \u00e9 exclusivamente para aplica\u00e7\u00f5es industriais, recolha ou preserva\u00e7\u00e3o. gen\u00e9tica. Os distribuidores e clientes da Ketama Seeds aceitam a restri\u00e7\u00e3o espec\u00edfica de que as sementes n\u00e3o sejam utilizadas por terceiros para fins il\u00edcitos ou contra a lei. Da mesma forma, n\u00e3o se pretende encorajar ou induzir ningu\u00e9m a agir contra a lei e que todos s\u00e3o respons\u00e1veis \u200b\u200bpelos seus atos. Nossos clientes devem aceitar tudo o que foi dito acima em rela\u00e7\u00e3o \u00e0 exporta\u00e7\u00e3o de sementes de cannabis para pa\u00edses onde \u00e9 ilegal. A Ketama Seeds n\u00e3o assume qualquer responsabilidade pelo uso ilegal ou uso dado a estas sementes coletoras. Na Espanha e em muitas outras cidades europeias \u00e9 legal comercializar sementes de c\u00e2nhamo. Mas no seu pa\u00eds podem ser proibidos, o nosso conselho \u00e9 que primeiro se informe sobre a sua legalidade, caso contr\u00e1rio ter\u00e1 de assumir total responsabilidade pelos seus actos. A Ketama Seeds n\u00e3o pode ser responsabilizada pelas diferentes regulamenta\u00e7\u00f5es que se aplicam a cada pa\u00eds.<\/p>\n\n\n\n<p>\u00c9 proibida a compra destes produtos em pa\u00edses onde as sementes de maconha s\u00e3o proibidas por lei. No entanto, se um comprador de um pa\u00eds n\u00e3o mencionado acima adquirir de forma irrespons\u00e1vel algum destes produtos sem ter previamente informado sobre as leis locais a este respeito, a empresa declina qualquer responsabilidade por poss\u00edveis problemas legais que possam surgir e n\u00e3o far\u00e1 reembolsos de materiais. paralisados \u200b\u200bou rejeitados pelas alf\u00e2ndegas no cumprimento do seu dever.<\/p>\n\n\n\n<p>A descri\u00e7\u00e3o destes e de outros produtos \u00e0 venda neste site foi extra\u00edda de empresas e livros especializados escritos em pa\u00edses onde as leis n\u00e3o pro\u00edbem o consumo de certas subst\u00e2ncias psicoativas, como a Holanda, ou, como no Uruguai, tamb\u00e9m o cultivo de cannabis, isto significa que o facto de algumas descri\u00e7\u00f5es fazerem alus\u00f5es aos seus efeitos ap\u00f3s o consumo EM NENHUMA CASO significa que se pode consumi-los, \u00e9 mera informa\u00e7\u00e3o uma vez que estes produtos s\u00e3o vendidos apenas para usos m\u00e9dicos e terap\u00eauticos, a estudantes de bot\u00e2nica, naturalistas, colecionadores, lembran\u00e7as da Holanda, etc.<\/p>\n\n\n\n<p>Caso sejam utilizados para consumo humano, a responsabilidade ser\u00e1 sempre exclusiva do comprador e a empresa declina qualquer responsabilidade poss\u00edvel por esse facto.<\/p>\n\n\n\n<p>Pedimos seu comprometimento e responsabilidade.<\/p>\n","protected":false},"excerpt":{"rendered":"<p>A partir de nossa loja on-line, enviamos para qualquer pa\u00eds em todas as regi\u00f5es do mundo. Europa, \u00c1sia, \u00c1frica, Am\u00e9rica do Norte e do Sul e todas as outras regi\u00f5es do mundo recebem entregas em domic\u00edlio de nossas sementes de cannabis. O m\u00e9todo de envio \u00e9 sempre muito discreto, o remetente \u00e9 uma pessoa e [&hellip;]<\/p>\n","protected":false},"author":1,"featured_media":0,"parent":0,"menu_order":0,"comment_status":"closed","ping_status":"closed","template":"","meta":{"_et_pb_use_builder":"","_et_pb_old_content":"","_et_gb_content_width":"","footnotes":""},"class_list":["post-1321","page","type-page","status-publish","hentry"],"yoast_head":"<!-- This site is optimized with the Yoast SEO plugin v27.3 - https:\/\/yoast.com\/product\/yoast-seo-wordpress\/ -->\n<title>M\u00e9todos de envio &#8211; KETAMA SEEDS<\/title>\n<meta name=\"robots\" content=\"noindex, nofollow\" \/>\n<meta property=\"og:locale\" content=\"pt_BR\" \/>\n<meta property=\"og:type\" content=\"article\" \/>\n<meta property=\"og:title\" content=\"M\u00e9todos de envio &#8211; KETAMA SEEDS\" \/>\n<meta property=\"og:description\" content=\"A partir de nossa loja on-line, enviamos para qualquer pa\u00eds em todas as regi\u00f5es do mundo. Europa, \u00c1sia, \u00c1frica, Am\u00e9rica do Norte e do Sul e todas as outras regi\u00f5es do mundo recebem entregas em domic\u00edlio de nossas sementes de cannabis. O m\u00e9todo de envio \u00e9 sempre muito discreto, o remetente \u00e9 uma pessoa e [&hellip;]\" \/>\n<meta property=\"og:url\" content=\"https:\/\/ketamaseeds.com\/pt-br\/metodos-de-envio\/\" \/>\n<meta property=\"og:site_name\" content=\"KETAMA SEEDS\" \/>\n<meta property=\"article:publisher\" content=\"https:\/\/www.facebook.com\/ketamaseedsbank\" \/>\n<meta property=\"article:modified_time\" content=\"2023-12-13T19:00:34+00:00\" \/>\n<meta property=\"og:image\" content=\"https:\/\/ketamaseeds.com\/wp-content\/uploads\/2023\/10\/banco-de-semillas-de-marihuana-feminizadas-autoflorecientes-ketama-seeds.jpg\" \/>\n\t<meta property=\"og:image:width\" content=\"275\" \/>\n\t<meta property=\"og:image:height\" content=\"110\" \/>\n\t<meta property=\"og:image:type\" content=\"image\/jpeg\" \/>\n<meta name=\"twitter:card\" content=\"summary_large_image\" \/>\n<meta name=\"twitter:site\" content=\"@KetamaSeeds\" \/>\n<meta name=\"twitter:label1\" content=\"Est. tempo de leitura\" \/>\n\t<meta name=\"twitter:data1\" content=\"4 minutos\" \/>\n<script type=\"application\/ld+json\" class=\"yoast-schema-graph\">{\"@context\":\"https:\\\/\\\/schema.org\",\"@graph\":[{\"@type\":\"WebPage\",\"@id\":\"https:\\\/\\\/ketamaseeds.com\\\/pt-br\\\/metodos-de-envio\\\/\",\"url\":\"https:\\\/\\\/ketamaseeds.com\\\/pt-br\\\/metodos-de-envio\\\/\",\"name\":\"M\u00e9todos de envio &#8211; KETAMA SEEDS\",\"isPartOf\":{\"@id\":\"https:\\\/\\\/ketamaseeds.com\\\/pt-br\\\/#website\"},\"datePublished\":\"2023-10-15T19:07:07+00:00\",\"dateModified\":\"2023-12-13T19:00:34+00:00\",\"breadcrumb\":{\"@id\":\"https:\\\/\\\/ketamaseeds.com\\\/pt-br\\\/metodos-de-envio\\\/#breadcrumb\"},\"inLanguage\":\"pt-BR\",\"potentialAction\":[{\"@type\":\"ReadAction\",\"target\":[\"https:\\\/\\\/ketamaseeds.com\\\/pt-br\\\/metodos-de-envio\\\/\"]}]},{\"@type\":\"BreadcrumbList\",\"@id\":\"https:\\\/\\\/ketamaseeds.com\\\/pt-br\\\/metodos-de-envio\\\/#breadcrumb\",\"itemListElement\":[{\"@type\":\"ListItem\",\"position\":1,\"name\":\"Home\",\"item\":\"https:\\\/\\\/ketamaseeds.com\\\/pt-br\\\/\"},{\"@type\":\"ListItem\",\"position\":2,\"name\":\"M\u00e9todos de envio\"}]},{\"@type\":\"WebSite\",\"@id\":\"https:\\\/\\\/ketamaseeds.com\\\/pt-br\\\/#website\",\"url\":\"https:\\\/\\\/ketamaseeds.com\\\/pt-br\\\/\",\"name\":\"KETAMA SEEDS\",\"description\":\"Banco de semillas de Cannabis\",\"publisher\":{\"@id\":\"https:\\\/\\\/ketamaseeds.com\\\/pt-br\\\/#organization\"},\"potentialAction\":[{\"@type\":\"SearchAction\",\"target\":{\"@type\":\"EntryPoint\",\"urlTemplate\":\"https:\\\/\\\/ketamaseeds.com\\\/pt-br\\\/?s={search_term_string}\"},\"query-input\":{\"@type\":\"PropertyValueSpecification\",\"valueRequired\":true,\"valueName\":\"search_term_string\"}}],\"inLanguage\":\"pt-BR\"},{\"@type\":\"Organization\",\"@id\":\"https:\\\/\\\/ketamaseeds.com\\\/pt-br\\\/#organization\",\"name\":\"KETAMA SEEDS\",\"url\":\"https:\\\/\\\/ketamaseeds.com\\\/pt-br\\\/\",\"logo\":{\"@type\":\"ImageObject\",\"inLanguage\":\"pt-BR\",\"@id\":\"https:\\\/\\\/ketamaseeds.com\\\/pt-br\\\/#\\\/schema\\\/logo\\\/image\\\/\",\"url\":\"https:\\\/\\\/ketamaseeds.com\\\/wp-content\\\/uploads\\\/2023\\\/10\\\/cropped-ketama-seeds-logo.jpeg\",\"contentUrl\":\"https:\\\/\\\/ketamaseeds.com\\\/wp-content\\\/uploads\\\/2023\\\/10\\\/cropped-ketama-seeds-logo.jpeg\",\"width\":512,\"height\":512,\"caption\":\"KETAMA SEEDS\"},\"image\":{\"@id\":\"https:\\\/\\\/ketamaseeds.com\\\/pt-br\\\/#\\\/schema\\\/logo\\\/image\\\/\"},\"sameAs\":[\"https:\\\/\\\/www.facebook.com\\\/ketamaseedsbank\",\"https:\\\/\\\/x.com\\\/KetamaSeeds\",\"https:\\\/\\\/www.instagram.com\\\/ketamaseeds\"]}]}<\/script>\n<!-- \/ Yoast SEO plugin. -->","yoast_head_json":{"title":"M\u00e9todos de envio &#8211; KETAMA SEEDS","robots":{"index":"noindex","follow":"nofollow"},"og_locale":"pt_BR","og_type":"article","og_title":"M\u00e9todos de envio &#8211; KETAMA SEEDS","og_description":"A partir de nossa loja on-line, enviamos para qualquer pa\u00eds em todas as regi\u00f5es do mundo. Europa, \u00c1sia, \u00c1frica, Am\u00e9rica do Norte e do Sul e todas as outras regi\u00f5es do mundo recebem entregas em domic\u00edlio de nossas sementes de cannabis. O m\u00e9todo de envio \u00e9 sempre muito discreto, o remetente \u00e9 uma pessoa e [&hellip;]","og_url":"https:\/\/ketamaseeds.com\/pt-br\/metodos-de-envio\/","og_site_name":"KETAMA SEEDS","article_publisher":"https:\/\/www.facebook.com\/ketamaseedsbank","article_modified_time":"2023-12-13T19:00:34+00:00","og_image":[{"width":275,"height":110,"url":"https:\/\/ketamaseeds.com\/wp-content\/uploads\/2023\/10\/banco-de-semillas-de-marihuana-feminizadas-autoflorecientes-ketama-seeds.jpg","type":"image\/jpeg"}],"twitter_card":"summary_large_image","twitter_site":"@KetamaSeeds","twitter_misc":{"Est. tempo de leitura":"4 minutos"},"schema":{"@context":"https:\/\/schema.org","@graph":[{"@type":"WebPage","@id":"https:\/\/ketamaseeds.com\/pt-br\/metodos-de-envio\/","url":"https:\/\/ketamaseeds.com\/pt-br\/metodos-de-envio\/","name":"M\u00e9todos de envio &#8211; KETAMA SEEDS","isPartOf":{"@id":"https:\/\/ketamaseeds.com\/pt-br\/#website"},"datePublished":"2023-10-15T19:07:07+00:00","dateModified":"2023-12-13T19:00:34+00:00","breadcrumb":{"@id":"https:\/\/ketamaseeds.com\/pt-br\/metodos-de-envio\/#breadcrumb"},"inLanguage":"pt-BR","potentialAction":[{"@type":"ReadAction","target":["https:\/\/ketamaseeds.com\/pt-br\/metodos-de-envio\/"]}]},{"@type":"BreadcrumbList","@id":"https:\/\/ketamaseeds.com\/pt-br\/metodos-de-envio\/#breadcrumb","itemListElement":[{"@type":"ListItem","position":1,"name":"Home","item":"https:\/\/ketamaseeds.com\/pt-br\/"},{"@type":"ListItem","position":2,"name":"M\u00e9todos de envio"}]},{"@type":"WebSite","@id":"https:\/\/ketamaseeds.com\/pt-br\/#website","url":"https:\/\/ketamaseeds.com\/pt-br\/","name":"KETAMA SEEDS","description":"Banco de semillas de Cannabis","publisher":{"@id":"https:\/\/ketamaseeds.com\/pt-br\/#organization"},"potentialAction":[{"@type":"SearchAction","target":{"@type":"EntryPoint","urlTemplate":"https:\/\/ketamaseeds.com\/pt-br\/?s={search_term_string}"},"query-input":{"@type":"PropertyValueSpecification","valueRequired":true,"valueName":"search_term_string"}}],"inLanguage":"pt-BR"},{"@type":"Organization","@id":"https:\/\/ketamaseeds.com\/pt-br\/#organization","name":"KETAMA SEEDS","url":"https:\/\/ketamaseeds.com\/pt-br\/","logo":{"@type":"ImageObject","inLanguage":"pt-BR","@id":"https:\/\/ketamaseeds.com\/pt-br\/#\/schema\/logo\/image\/","url":"https:\/\/ketamaseeds.com\/wp-content\/uploads\/2023\/10\/cropped-ketama-seeds-logo.jpeg","contentUrl":"https:\/\/ketamaseeds.com\/wp-content\/uploads\/2023\/10\/cropped-ketama-seeds-logo.jpeg","width":512,"height":512,"caption":"KETAMA SEEDS"},"image":{"@id":"https:\/\/ketamaseeds.com\/pt-br\/#\/schema\/logo\/image\/"},"sameAs":["https:\/\/www.facebook.com\/ketamaseedsbank","https:\/\/x.com\/KetamaSeeds","https:\/\/www.instagram.com\/ketamaseeds"]}]}},"_links":{"self":[{"href":"https:\/\/ketamaseeds.com\/pt-br\/wp-json\/wp\/v2\/pages\/1321","targetHints":{"allow":["GET"]}}],"collection":[{"href":"https:\/\/ketamaseeds.com\/pt-br\/wp-json\/wp\/v2\/pages"}],"about":[{"href":"https:\/\/ketamaseeds.com\/pt-br\/wp-json\/wp\/v2\/types\/page"}],"author":[{"embeddable":true,"href":"https:\/\/ketamaseeds.com\/pt-br\/wp-json\/wp\/v2\/users\/1"}],"replies":[{"embeddable":true,"href":"https:\/\/ketamaseeds.com\/pt-br\/wp-json\/wp\/v2\/comments?post=1321"}],"version-history":[{"count":0,"href":"https:\/\/ketamaseeds.com\/pt-br\/wp-json\/wp\/v2\/pages\/1321\/revisions"}],"wp:attachment":[{"href":"https:\/\/ketamaseeds.com\/pt-br\/wp-json\/wp\/v2\/media?parent=1321"}],"curies":[{"name":"wp","href":"https:\/\/api.w.org\/{rel}","templated":true}]}}