{"id":825,"date":"2023-10-13T18:06:49","date_gmt":"2023-10-13T18:06:49","guid":{"rendered":"http:\/\/ketamaseeds.com\/?page_id=825"},"modified":"2023-11-29T23:39:28","modified_gmt":"2023-11-29T23:39:28","slug":"politica-de-cookies","status":"publish","type":"page","link":"https:\/\/ketamaseeds.com\/pt-br\/politica-de-cookies\/","title":{"rendered":"Pol\u00edtica de cookies"},"content":{"rendered":"\n<p>Um cookie \u00e9 um pequeno arquivo de texto que \u00e9 armazenado no seu navegador quando voc\u00ea visita praticamente qualquer p\u00e1gina da web. A sua utilidade \u00e9 que o site seja capaz de se lembrar da sua visita quando voltar a navegar naquela p\u00e1gina. Os cookies normalmente armazenam informa\u00e7\u00f5es t\u00e9cnicas, prefer\u00eancias pessoais, personaliza\u00e7\u00e3o de conte\u00fados, estat\u00edsticas de utiliza\u00e7\u00e3o, links para redes sociais, acesso a contas de utilizadores, etc. O objetivo do cookie \u00e9 adaptar o conte\u00fado do site ao seu perfil e necessidades. Sem cookies, os servi\u00e7os oferecidos por qualquer p\u00e1gina seriam significativamente reduzidos. Se desejar consultar mais informa\u00e7\u00f5es sobre o que s\u00e3o cookies, o que armazenam, como apag\u00e1-los, desativ\u00e1-los, etc., utilize qualquer motor de busca.<\/p>\n\n\n\n<h2 class=\"wp-block-heading\">Cookies usados \u200b\u200bneste site<\/h2>\n\n\n\n<p><br>Seguindo as orienta\u00e7\u00f5es da Ag\u00eancia Espanhola de Prote\u00e7\u00e3o de Dados, detalhamos a utiliza\u00e7\u00e3o de cookies realizada por este site para inform\u00e1-lo com a maior precis\u00e3o poss\u00edvel.<\/p>\n\n\n\n<h3 class=\"wp-block-heading\">Este site utiliza os seguintes cookies:<\/h3>\n\n\n\n<p>Cookies de sess\u00e3o, para garantir que os utilizadores que escrevem coment\u00e1rios no blog sejam aplica\u00e7\u00f5es humanas e n\u00e3o automatizadas. \u00c9 assim que o spam \u00e9 combatido.<\/p>\n\n\n\n<h3 class=\"wp-block-heading\"><br>Este site utiliza os seguintes cookies de terceiros:<\/h3>\n\n\n\n<p>Google Analytics: Armazena cookies para poder compilar estat\u00edsticas sobre o tr\u00e1fego e volume de visitas a este site. Ao utilizar este site voc\u00ea concorda com o processamento de dados sobre voc\u00ea pelo Google. Portanto, o exerc\u00edcio de qualquer direito neste sentido dever\u00e1 ser feito comunicando-se diretamente com o Google.<\/p>\n\n\n\n<p>Redes sociais: Cada rede social utiliza seus pr\u00f3prios cookies para que voc\u00ea possa clicar nos bot\u00f5es Curtir ou Compartilhar.<br>Desativa\u00e7\u00e3o ou exclus\u00e3o de cookies<\/p>\n\n\n\n<p>A qualquer momento voc\u00ea pode exercer o seu direito de desativar ou excluir cookies deste site. Essas a\u00e7\u00f5es s\u00e3o executadas de forma diferente dependendo do navegador que voc\u00ea est\u00e1 usando.<\/p>\n\n\n\n<h3 class=\"wp-block-heading\">Notas Adicionais<\/h3>\n\n\n\n<p>Nem este site nem os seus representantes legais s\u00e3o respons\u00e1veis \u200b\u200bpelo conte\u00fado ou veracidade das pol\u00edticas de privacidade que os terceiros mencionados nesta pol\u00edtica de cookies possam ter.<br>Os navegadores web s\u00e3o as ferramentas encarregadas de armazenar os cookies e a partir deste local voc\u00ea deve exercer o seu direito de elimin\u00e1-los ou desativ\u00e1-los. Nem este site nem os seus representantes legais podem garantir o correto ou incorreto tratamento dos cookies pelos referidos navegadores.<br>Em alguns casos \u00e9 necess\u00e1rio instalar cookies para que o navegador n\u00e3o esque\u00e7a a sua decis\u00e3o de n\u00e3o aceit\u00e1-los.<br>No caso dos cookies do Google Analytics, esta empresa armazena os cookies em servidores localizados nos Estados Unidos e compromete-se a n\u00e3o os partilhar com terceiros, exceto nos casos em que seja necess\u00e1rio para o funcionamento do sistema ou quando a lei assim o exija. . Segundo o Google, ele n\u00e3o armazena seu endere\u00e7o IP. Google Inc. \u00e9 uma empresa aderida ao Acordo Safe Harbor que garante que todos os dados transferidos ser\u00e3o tratados com um n\u00edvel de prote\u00e7\u00e3o de acordo com as regulamenta\u00e7\u00f5es europeias. Voc\u00ea pode consultar informa\u00e7\u00f5es detalhadas a esse respeito neste link. Se desejar informa\u00e7\u00f5es sobre como o Google utiliza cookies, anexamos este outro link.<\/p>\n","protected":false},"excerpt":{"rendered":"<p>Um cookie \u00e9 um pequeno arquivo de texto que \u00e9 armazenado no seu navegador quando voc\u00ea visita praticamente qualquer p\u00e1gina da web. A sua utilidade \u00e9 que o site seja capaz de se lembrar da sua visita quando voltar a navegar naquela p\u00e1gina. Os cookies normalmente armazenam informa\u00e7\u00f5es t\u00e9cnicas, prefer\u00eancias pessoais, personaliza\u00e7\u00e3o de conte\u00fados, estat\u00edsticas [&hellip;]<\/p>\n","protected":false},"author":1,"featured_media":0,"parent":0,"menu_order":0,"comment_status":"closed","ping_status":"closed","template":"","meta":{"_et_pb_use_builder":"","_et_pb_old_content":"","_et_gb_content_width":"","footnotes":""},"class_list":["post-825","page","type-page","status-publish","hentry"],"yoast_head":"<!-- This site is optimized with the Yoast SEO plugin v27.3 - https:\/\/yoast.com\/product\/yoast-seo-wordpress\/ -->\n<title>Pol\u00edtica de cookies &#8211; KETAMA SEEDS<\/title>\n<meta name=\"robots\" content=\"noindex, nofollow\" \/>\n<meta property=\"og:locale\" content=\"pt_BR\" \/>\n<meta property=\"og:type\" content=\"article\" \/>\n<meta property=\"og:title\" content=\"Pol\u00edtica de cookies &#8211; KETAMA SEEDS\" \/>\n<meta property=\"og:description\" content=\"Um cookie \u00e9 um pequeno arquivo de texto que \u00e9 armazenado no seu navegador quando voc\u00ea visita praticamente qualquer p\u00e1gina da web. A sua utilidade \u00e9 que o site seja capaz de se lembrar da sua visita quando voltar a navegar naquela p\u00e1gina. Os cookies normalmente armazenam informa\u00e7\u00f5es t\u00e9cnicas, prefer\u00eancias pessoais, personaliza\u00e7\u00e3o de conte\u00fados, estat\u00edsticas [&hellip;]\" \/>\n<meta property=\"og:url\" content=\"https:\/\/ketamaseeds.com\/pt-br\/politica-de-cookies\/\" \/>\n<meta property=\"og:site_name\" content=\"KETAMA SEEDS\" \/>\n<meta property=\"article:publisher\" content=\"https:\/\/www.facebook.com\/ketamaseedsbank\" \/>\n<meta property=\"article:modified_time\" content=\"2023-11-29T23:39:28+00:00\" \/>\n<meta property=\"og:image\" content=\"https:\/\/ketamaseeds.com\/wp-content\/uploads\/2023\/10\/banco-de-semillas-de-marihuana-feminizadas-autoflorecientes-ketama-seeds.jpg\" \/>\n\t<meta property=\"og:image:width\" content=\"275\" \/>\n\t<meta property=\"og:image:height\" content=\"110\" \/>\n\t<meta property=\"og:image:type\" content=\"image\/jpeg\" \/>\n<meta name=\"twitter:card\" content=\"summary_large_image\" \/>\n<meta name=\"twitter:site\" content=\"@KetamaSeeds\" \/>\n<meta name=\"twitter:label1\" content=\"Est. tempo de leitura\" \/>\n\t<meta name=\"twitter:data1\" content=\"3 minutos\" \/>\n<script type=\"application\/ld+json\" class=\"yoast-schema-graph\">{\"@context\":\"https:\\\/\\\/schema.org\",\"@graph\":[{\"@type\":\"WebPage\",\"@id\":\"https:\\\/\\\/ketamaseeds.com\\\/pt-br\\\/politica-de-cookies\\\/\",\"url\":\"https:\\\/\\\/ketamaseeds.com\\\/pt-br\\\/politica-de-cookies\\\/\",\"name\":\"Pol\u00edtica de cookies &#8211; KETAMA SEEDS\",\"isPartOf\":{\"@id\":\"https:\\\/\\\/ketamaseeds.com\\\/pt-br\\\/#website\"},\"datePublished\":\"2023-10-13T18:06:49+00:00\",\"dateModified\":\"2023-11-29T23:39:28+00:00\",\"breadcrumb\":{\"@id\":\"https:\\\/\\\/ketamaseeds.com\\\/pt-br\\\/politica-de-cookies\\\/#breadcrumb\"},\"inLanguage\":\"pt-BR\",\"potentialAction\":[{\"@type\":\"ReadAction\",\"target\":[\"https:\\\/\\\/ketamaseeds.com\\\/pt-br\\\/politica-de-cookies\\\/\"]}]},{\"@type\":\"BreadcrumbList\",\"@id\":\"https:\\\/\\\/ketamaseeds.com\\\/pt-br\\\/politica-de-cookies\\\/#breadcrumb\",\"itemListElement\":[{\"@type\":\"ListItem\",\"position\":1,\"name\":\"Home\",\"item\":\"https:\\\/\\\/ketamaseeds.com\\\/pt-br\\\/\"},{\"@type\":\"ListItem\",\"position\":2,\"name\":\"Pol\u00edtica de cookies\"}]},{\"@type\":\"WebSite\",\"@id\":\"https:\\\/\\\/ketamaseeds.com\\\/pt-br\\\/#website\",\"url\":\"https:\\\/\\\/ketamaseeds.com\\\/pt-br\\\/\",\"name\":\"KETAMA SEEDS\",\"description\":\"Banco de semillas de Cannabis\",\"publisher\":{\"@id\":\"https:\\\/\\\/ketamaseeds.com\\\/pt-br\\\/#organization\"},\"potentialAction\":[{\"@type\":\"SearchAction\",\"target\":{\"@type\":\"EntryPoint\",\"urlTemplate\":\"https:\\\/\\\/ketamaseeds.com\\\/pt-br\\\/?s={search_term_string}\"},\"query-input\":{\"@type\":\"PropertyValueSpecification\",\"valueRequired\":true,\"valueName\":\"search_term_string\"}}],\"inLanguage\":\"pt-BR\"},{\"@type\":\"Organization\",\"@id\":\"https:\\\/\\\/ketamaseeds.com\\\/pt-br\\\/#organization\",\"name\":\"KETAMA SEEDS\",\"url\":\"https:\\\/\\\/ketamaseeds.com\\\/pt-br\\\/\",\"logo\":{\"@type\":\"ImageObject\",\"inLanguage\":\"pt-BR\",\"@id\":\"https:\\\/\\\/ketamaseeds.com\\\/pt-br\\\/#\\\/schema\\\/logo\\\/image\\\/\",\"url\":\"https:\\\/\\\/ketamaseeds.com\\\/wp-content\\\/uploads\\\/2023\\\/10\\\/cropped-ketama-seeds-logo.jpeg\",\"contentUrl\":\"https:\\\/\\\/ketamaseeds.com\\\/wp-content\\\/uploads\\\/2023\\\/10\\\/cropped-ketama-seeds-logo.jpeg\",\"width\":512,\"height\":512,\"caption\":\"KETAMA SEEDS\"},\"image\":{\"@id\":\"https:\\\/\\\/ketamaseeds.com\\\/pt-br\\\/#\\\/schema\\\/logo\\\/image\\\/\"},\"sameAs\":[\"https:\\\/\\\/www.facebook.com\\\/ketamaseedsbank\",\"https:\\\/\\\/x.com\\\/KetamaSeeds\",\"https:\\\/\\\/www.instagram.com\\\/ketamaseeds\"]}]}<\/script>\n<!-- \/ Yoast SEO plugin. -->","yoast_head_json":{"title":"Pol\u00edtica de cookies &#8211; KETAMA SEEDS","robots":{"index":"noindex","follow":"nofollow"},"og_locale":"pt_BR","og_type":"article","og_title":"Pol\u00edtica de cookies &#8211; KETAMA SEEDS","og_description":"Um cookie \u00e9 um pequeno arquivo de texto que \u00e9 armazenado no seu navegador quando voc\u00ea visita praticamente qualquer p\u00e1gina da web. A sua utilidade \u00e9 que o site seja capaz de se lembrar da sua visita quando voltar a navegar naquela p\u00e1gina. Os cookies normalmente armazenam informa\u00e7\u00f5es t\u00e9cnicas, prefer\u00eancias pessoais, personaliza\u00e7\u00e3o de conte\u00fados, estat\u00edsticas [&hellip;]","og_url":"https:\/\/ketamaseeds.com\/pt-br\/politica-de-cookies\/","og_site_name":"KETAMA SEEDS","article_publisher":"https:\/\/www.facebook.com\/ketamaseedsbank","article_modified_time":"2023-11-29T23:39:28+00:00","og_image":[{"width":275,"height":110,"url":"https:\/\/ketamaseeds.com\/wp-content\/uploads\/2023\/10\/banco-de-semillas-de-marihuana-feminizadas-autoflorecientes-ketama-seeds.jpg","type":"image\/jpeg"}],"twitter_card":"summary_large_image","twitter_site":"@KetamaSeeds","twitter_misc":{"Est. tempo de leitura":"3 minutos"},"schema":{"@context":"https:\/\/schema.org","@graph":[{"@type":"WebPage","@id":"https:\/\/ketamaseeds.com\/pt-br\/politica-de-cookies\/","url":"https:\/\/ketamaseeds.com\/pt-br\/politica-de-cookies\/","name":"Pol\u00edtica de cookies &#8211; KETAMA SEEDS","isPartOf":{"@id":"https:\/\/ketamaseeds.com\/pt-br\/#website"},"datePublished":"2023-10-13T18:06:49+00:00","dateModified":"2023-11-29T23:39:28+00:00","breadcrumb":{"@id":"https:\/\/ketamaseeds.com\/pt-br\/politica-de-cookies\/#breadcrumb"},"inLanguage":"pt-BR","potentialAction":[{"@type":"ReadAction","target":["https:\/\/ketamaseeds.com\/pt-br\/politica-de-cookies\/"]}]},{"@type":"BreadcrumbList","@id":"https:\/\/ketamaseeds.com\/pt-br\/politica-de-cookies\/#breadcrumb","itemListElement":[{"@type":"ListItem","position":1,"name":"Home","item":"https:\/\/ketamaseeds.com\/pt-br\/"},{"@type":"ListItem","position":2,"name":"Pol\u00edtica de cookies"}]},{"@type":"WebSite","@id":"https:\/\/ketamaseeds.com\/pt-br\/#website","url":"https:\/\/ketamaseeds.com\/pt-br\/","name":"KETAMA SEEDS","description":"Banco de semillas de Cannabis","publisher":{"@id":"https:\/\/ketamaseeds.com\/pt-br\/#organization"},"potentialAction":[{"@type":"SearchAction","target":{"@type":"EntryPoint","urlTemplate":"https:\/\/ketamaseeds.com\/pt-br\/?s={search_term_string}"},"query-input":{"@type":"PropertyValueSpecification","valueRequired":true,"valueName":"search_term_string"}}],"inLanguage":"pt-BR"},{"@type":"Organization","@id":"https:\/\/ketamaseeds.com\/pt-br\/#organization","name":"KETAMA SEEDS","url":"https:\/\/ketamaseeds.com\/pt-br\/","logo":{"@type":"ImageObject","inLanguage":"pt-BR","@id":"https:\/\/ketamaseeds.com\/pt-br\/#\/schema\/logo\/image\/","url":"https:\/\/ketamaseeds.com\/wp-content\/uploads\/2023\/10\/cropped-ketama-seeds-logo.jpeg","contentUrl":"https:\/\/ketamaseeds.com\/wp-content\/uploads\/2023\/10\/cropped-ketama-seeds-logo.jpeg","width":512,"height":512,"caption":"KETAMA SEEDS"},"image":{"@id":"https:\/\/ketamaseeds.com\/pt-br\/#\/schema\/logo\/image\/"},"sameAs":["https:\/\/www.facebook.com\/ketamaseedsbank","https:\/\/x.com\/KetamaSeeds","https:\/\/www.instagram.com\/ketamaseeds"]}]}},"_links":{"self":[{"href":"https:\/\/ketamaseeds.com\/pt-br\/wp-json\/wp\/v2\/pages\/825","targetHints":{"allow":["GET"]}}],"collection":[{"href":"https:\/\/ketamaseeds.com\/pt-br\/wp-json\/wp\/v2\/pages"}],"about":[{"href":"https:\/\/ketamaseeds.com\/pt-br\/wp-json\/wp\/v2\/types\/page"}],"author":[{"embeddable":true,"href":"https:\/\/ketamaseeds.com\/pt-br\/wp-json\/wp\/v2\/users\/1"}],"replies":[{"embeddable":true,"href":"https:\/\/ketamaseeds.com\/pt-br\/wp-json\/wp\/v2\/comments?post=825"}],"version-history":[{"count":0,"href":"https:\/\/ketamaseeds.com\/pt-br\/wp-json\/wp\/v2\/pages\/825\/revisions"}],"wp:attachment":[{"href":"https:\/\/ketamaseeds.com\/pt-br\/wp-json\/wp\/v2\/media?parent=825"}],"curies":[{"name":"wp","href":"https:\/\/api.w.org\/{rel}","templated":true}]}}