{"id":918,"date":"2023-10-14T20:23:57","date_gmt":"2023-10-14T20:23:57","guid":{"rendered":"http:\/\/ketamaseeds.com\/?page_id=918"},"modified":"2023-11-27T00:32:35","modified_gmt":"2023-11-27T00:32:35","slug":"home","status":"publish","type":"page","link":"https:\/\/ketamaseeds.com\/pt-br\/","title":{"rendered":""},"content":{"rendered":"\n<h2 class=\"wp-block-heading\">Banco de sementes de cannabis<\/h2>\n\n\n\n<p>Bem-vindo ao site do banco de sementes de maconha KETAMA SEEDS, onde o futuro da cannabis come\u00e7a em suas m\u00e3os!<\/p>\n\n\n\n<p>Somos mais do que um banco de sementes de maconha, somos o caminho para um mundo de possibilidades e descobertas. No cora\u00e7\u00e3o de nossa gen\u00e9tica est\u00e1 a paix\u00e3o pela qualidade, inova\u00e7\u00e3o e respeito por uma planta que tem sido apreciada h\u00e1 s\u00e9culos.<\/p>\n\n\n\n<p>Na KETAMA SEEDS, nossa miss\u00e3o \u00e9 fornecer aos produtores de todo o mundo acesso \u00e0s melhores e mais confi\u00e1veis sementes de cannabis. Trabalhamos incansavelmente para garantir que cada uma de nossas sementes seja um testemunho de excel\u00eancia gen\u00e9tica, confiabilidade e vigor.<\/p>\n\n\n\n<p>KETAMA SEEDS \u00e9 a sua porta de entrada para um mundo de possibilidades. Quer voc\u00ea seja um colecionador, um cultivador experiente ou um iniciante entusiasmado, estamos aqui para ajud\u00e1-lo em cada etapa do caminho. Juntos, podemos fazer parte da revolu\u00e7\u00e3o da cannabis, cultivando com responsabilidade e respeito.<\/p>\n\n\n\n<h2 class=\"wp-block-heading\">As melhores sementes de maconha feminizadas e autoflorescentes<\/h2>\n\n\n\n<p>Sementes de maconha. Depois de uma longa jornada em que pudemos experimentar em todos os n\u00edveis as variedades de cannabis sativa e indica de muitos pa\u00edses, decidimos compartilhar com voc\u00ea todas essas sementes de cannabis feminizadas e autoflorescentes de gen\u00e9tica de alta qualidade que temos cultivado e estabilizado h\u00e1 anos.<\/p>\n\n\n\n<p>Escolhemos, e continuaremos a escolher, por sua qualidade, propriedades medicinais, produ\u00e7\u00e3o, \u2026 todas as variedades e cruzamentos de sementes de maconha feminizadas e autoflorescentes que apresentamos em nosso cat\u00e1logo.<\/p>\n\n\n\n<p>A escolha do nome do nosso banco de sementes de maconha foi uma tarefa f\u00e1cil e un\u00e2nime para nossa equipe, pois todos tivemos a honra de visitar o lugar no Marrocos com a mais longa tradi\u00e7\u00e3o de cultivo de maconha e de produ\u00e7\u00e3o do haxixe mais apreciado do planeta.<\/p>\n\n\n\n<p>\u00c9 por essa raz\u00e3o que, com grande afeto, damos o mais alto reconhecimento a Ketama e seu povo. Salam Aleikum.<\/p>\n\n\n\n<p>Bem-vindo, Bem vindo, Marhaba, Accueil, Willkommen, Welkom, \u0434\u043e\u0431\u0440\u043e \u043f\u043e\u0436\u0430\u043b\u043e\u0432\u0430\u0442\u044c, Benvenuto, \u6b53\u8fce, Boas-vindas, \u6b22\u8fce,\u062a\u0631\u062d\u064a\u0628,\u062a\u0631\u062d\u064a\u0628<\/p>\n\n\n\n<h3 class=\"wp-block-heading\">Sementes de cannabis com altos n\u00edveis de CBD.<\/h3>\n\n\n\n<p>Sementes de maconha ricas em CBD com n\u00edveis mais baixos de psicoatividade e que foram originalmente destinadas a outros tipos de usu\u00e1rios,<\/p>\n\n\n\n<p>como a nossa KETAMA CBD, uma variedade de cannabis com maior teor de CBD do que de THC, que atendem \u00e0s expectativas de todos os tipos de usu\u00e1rios.<\/p>\n\n\n\n<h4 class=\"wp-block-heading\">Gen\u00e9tica de cannabis sativa e indica para ambientes internos e externos.<\/h4>\n\n\n\n<p>Gen\u00e9tica altamente estabilizada. Todas as nossas sementes de maconha sativa ou indica s\u00e3o 100% feminizadas.<\/p>\n\n\n\n<p>Veja a lista de <a href=\"https:\/\/ketamaseeds.com\/pt-br\/categoria-produto\/sementes-autoflorescentes\/\">sementes autoflorescentes<\/a> e <a href=\"https:\/\/ketamaseeds.com\/pt-br\/categoria-produto\/sementes-feminizadas\/\">sementes feminizadas<\/a> de diferentes gen\u00e9ticas, tipos, cores, sabores, aromas e variedades da maconha mais sativa ou indica.<\/p>\n\n\n\n<h4 class=\"wp-block-heading\"><strong>Sementes&nbsp;feminizadas<\/strong>:<em>&nbsp;ANAN\u00c1 \u2013 BEAUTIFUL DAY \u2013&nbsp;CREATION \u2013 CREATIVE \u2013 CRITIKUSH \u2013 CRITICAL KETAMA \u2013 CRITICAL HERER \u2013 DIESEL HERER \u2013 FRUTILLA HAZE \u2013 INSPIRATION \u2013 KAMNESIA \u2013 KETAMA CBD \u2013 KETAMA CHEESE \u2013 KETAMA DIESEL \u2013 KEMANGO \u2013 KETAMA KUSH \u2013 MUJICA GOLD \u2013 URUWHITE<\/em><\/h4>\n\n\n\n<h4 class=\"wp-block-heading\"><strong>Sementes autoflorescentes feminizadas<\/strong>:&nbsp;<em>CREATIVE AUTO \u2013 KETAMA CHEESE AUTO \u2013 CRITICAL AUTO \u2013 CRITICAL HERER AUTO \u2013 GANGSTER AUTO \u2013 NORTHERN MOROCCO AUTO<\/em><\/h4>\n","protected":false},"excerpt":{"rendered":"<p>Banco de sementes de cannabis Bem-vindo ao site do banco de sementes de maconha KETAMA SEEDS, onde o futuro da cannabis come\u00e7a em suas m\u00e3os! Somos mais do que um banco de sementes de maconha, somos o caminho para um mundo de possibilidades e descobertas. No cora\u00e7\u00e3o de nossa gen\u00e9tica est\u00e1 a paix\u00e3o pela qualidade, [&hellip;]<\/p>\n","protected":false},"author":1,"featured_media":497,"parent":0,"menu_order":0,"comment_status":"closed","ping_status":"closed","template":"","meta":{"_et_pb_use_builder":"on","_et_pb_old_content":"","_et_gb_content_width":"","footnotes":""},"class_list":["post-918","page","type-page","status-publish","has-post-thumbnail","hentry"],"yoast_head":"<!-- This site is optimized with the Yoast SEO plugin v27.3 - https:\/\/yoast.com\/product\/yoast-seo-wordpress\/ -->\n<title>Banco de sementes de cannabis &#8211; KETAMA SEEDS<\/title>\n<meta name=\"description\" content=\"Banco de sementes de maconha feminizadas e autoflorescentes. As melhores gen\u00e9ticas de cannabis sativa e indica para cultivo interno e externo\" \/>\n<meta name=\"robots\" content=\"index, follow, max-snippet:-1, max-image-preview:large, max-video-preview:-1\" \/>\n<link rel=\"canonical\" href=\"https:\/\/ketamaseeds.com\/pt-br\/\" \/>\n<meta property=\"og:locale\" content=\"pt_BR\" \/>\n<meta property=\"og:type\" content=\"article\" \/>\n<meta property=\"og:title\" content=\"Banco de sementes de cannabis &#8211; KETAMA SEEDS\" \/>\n<meta property=\"og:description\" content=\"Banco de sementes de maconha feminizadas e autoflorescentes. As melhores gen\u00e9ticas de cannabis sativa e indica para cultivo interno e externo\" \/>\n<meta property=\"og:url\" content=\"https:\/\/ketamaseeds.com\/pt-br\/\" \/>\n<meta property=\"og:site_name\" content=\"KETAMA SEEDS\" \/>\n<meta property=\"article:publisher\" content=\"https:\/\/www.facebook.com\/ketamaseedsbank\" \/>\n<meta property=\"article:modified_time\" content=\"2023-11-27T00:32:35+00:00\" \/>\n<meta property=\"og:image\" content=\"https:\/\/ketamaseeds.com\/wp-content\/uploads\/2023\/10\/ketama-seeds-logo.jpeg\" \/>\n\t<meta property=\"og:image:width\" content=\"300\" \/>\n\t<meta property=\"og:image:height\" content=\"300\" \/>\n\t<meta property=\"og:image:type\" content=\"image\/jpeg\" \/>\n<meta name=\"twitter:card\" content=\"summary_large_image\" \/>\n<meta name=\"twitter:site\" content=\"@KetamaSeeds\" \/>\n<meta name=\"twitter:label1\" content=\"Est. tempo de leitura\" \/>\n\t<meta name=\"twitter:data1\" content=\"3 minutos\" \/>\n<script type=\"application\/ld+json\" class=\"yoast-schema-graph\">{\"@context\":\"https:\\\/\\\/schema.org\",\"@graph\":[{\"@type\":\"WebPage\",\"@id\":\"https:\\\/\\\/ketamaseeds.com\\\/pt-br\\\/\",\"url\":\"https:\\\/\\\/ketamaseeds.com\\\/pt-br\\\/\",\"name\":\"Banco de sementes de cannabis &#8211; KETAMA SEEDS\",\"isPartOf\":{\"@id\":\"https:\\\/\\\/ketamaseeds.com\\\/pt-br\\\/#website\"},\"primaryImageOfPage\":{\"@id\":\"https:\\\/\\\/ketamaseeds.com\\\/pt-br\\\/#primaryimage\"},\"image\":{\"@id\":\"https:\\\/\\\/ketamaseeds.com\\\/pt-br\\\/#primaryimage\"},\"thumbnailUrl\":\"https:\\\/\\\/ketamaseeds.com\\\/wp-content\\\/uploads\\\/2023\\\/10\\\/ketama-seeds-logo.jpeg\",\"datePublished\":\"2023-10-14T20:23:57+00:00\",\"dateModified\":\"2023-11-27T00:32:35+00:00\",\"description\":\"Banco de sementes de maconha feminizadas e autoflorescentes. As melhores gen\u00e9ticas de cannabis sativa e indica para cultivo interno e externo\",\"inLanguage\":\"pt-BR\",\"potentialAction\":[{\"@type\":\"ReadAction\",\"target\":[\"https:\\\/\\\/ketamaseeds.com\\\/pt-br\\\/\"]}]},{\"@type\":\"ImageObject\",\"inLanguage\":\"pt-BR\",\"@id\":\"https:\\\/\\\/ketamaseeds.com\\\/pt-br\\\/#primaryimage\",\"url\":\"https:\\\/\\\/ketamaseeds.com\\\/wp-content\\\/uploads\\\/2023\\\/10\\\/ketama-seeds-logo.jpeg\",\"contentUrl\":\"https:\\\/\\\/ketamaseeds.com\\\/wp-content\\\/uploads\\\/2023\\\/10\\\/ketama-seeds-logo.jpeg\",\"width\":300,\"height\":300},{\"@type\":\"WebSite\",\"@id\":\"https:\\\/\\\/ketamaseeds.com\\\/pt-br\\\/#website\",\"url\":\"https:\\\/\\\/ketamaseeds.com\\\/pt-br\\\/\",\"name\":\"KETAMA SEEDS\",\"description\":\"Banco de semillas de Cannabis\",\"publisher\":{\"@id\":\"https:\\\/\\\/ketamaseeds.com\\\/pt-br\\\/#organization\"},\"potentialAction\":[{\"@type\":\"SearchAction\",\"target\":{\"@type\":\"EntryPoint\",\"urlTemplate\":\"https:\\\/\\\/ketamaseeds.com\\\/pt-br\\\/?s={search_term_string}\"},\"query-input\":{\"@type\":\"PropertyValueSpecification\",\"valueRequired\":true,\"valueName\":\"search_term_string\"}}],\"inLanguage\":\"pt-BR\"},{\"@type\":\"Organization\",\"@id\":\"https:\\\/\\\/ketamaseeds.com\\\/pt-br\\\/#organization\",\"name\":\"KETAMA SEEDS\",\"url\":\"https:\\\/\\\/ketamaseeds.com\\\/pt-br\\\/\",\"logo\":{\"@type\":\"ImageObject\",\"inLanguage\":\"pt-BR\",\"@id\":\"https:\\\/\\\/ketamaseeds.com\\\/pt-br\\\/#\\\/schema\\\/logo\\\/image\\\/\",\"url\":\"https:\\\/\\\/ketamaseeds.com\\\/wp-content\\\/uploads\\\/2023\\\/10\\\/cropped-ketama-seeds-logo.jpeg\",\"contentUrl\":\"https:\\\/\\\/ketamaseeds.com\\\/wp-content\\\/uploads\\\/2023\\\/10\\\/cropped-ketama-seeds-logo.jpeg\",\"width\":512,\"height\":512,\"caption\":\"KETAMA SEEDS\"},\"image\":{\"@id\":\"https:\\\/\\\/ketamaseeds.com\\\/pt-br\\\/#\\\/schema\\\/logo\\\/image\\\/\"},\"sameAs\":[\"https:\\\/\\\/www.facebook.com\\\/ketamaseedsbank\",\"https:\\\/\\\/x.com\\\/KetamaSeeds\",\"https:\\\/\\\/www.instagram.com\\\/ketamaseeds\"]}]}<\/script>\n<!-- \/ Yoast SEO plugin. -->","yoast_head_json":{"title":"Banco de sementes de cannabis &#8211; KETAMA SEEDS","description":"Banco de sementes de maconha feminizadas e autoflorescentes. As melhores gen\u00e9ticas de cannabis sativa e indica para cultivo interno e externo","robots":{"index":"index","follow":"follow","max-snippet":"max-snippet:-1","max-image-preview":"max-image-preview:large","max-video-preview":"max-video-preview:-1"},"canonical":"https:\/\/ketamaseeds.com\/pt-br\/","og_locale":"pt_BR","og_type":"article","og_title":"Banco de sementes de cannabis &#8211; KETAMA SEEDS","og_description":"Banco de sementes de maconha feminizadas e autoflorescentes. As melhores gen\u00e9ticas de cannabis sativa e indica para cultivo interno e externo","og_url":"https:\/\/ketamaseeds.com\/pt-br\/","og_site_name":"KETAMA SEEDS","article_publisher":"https:\/\/www.facebook.com\/ketamaseedsbank","article_modified_time":"2023-11-27T00:32:35+00:00","og_image":[{"width":300,"height":300,"url":"https:\/\/ketamaseeds.com\/wp-content\/uploads\/2023\/10\/ketama-seeds-logo.jpeg","type":"image\/jpeg"}],"twitter_card":"summary_large_image","twitter_site":"@KetamaSeeds","twitter_misc":{"Est. tempo de leitura":"3 minutos"},"schema":{"@context":"https:\/\/schema.org","@graph":[{"@type":"WebPage","@id":"https:\/\/ketamaseeds.com\/pt-br\/","url":"https:\/\/ketamaseeds.com\/pt-br\/","name":"Banco de sementes de cannabis &#8211; KETAMA SEEDS","isPartOf":{"@id":"https:\/\/ketamaseeds.com\/pt-br\/#website"},"primaryImageOfPage":{"@id":"https:\/\/ketamaseeds.com\/pt-br\/#primaryimage"},"image":{"@id":"https:\/\/ketamaseeds.com\/pt-br\/#primaryimage"},"thumbnailUrl":"https:\/\/ketamaseeds.com\/wp-content\/uploads\/2023\/10\/ketama-seeds-logo.jpeg","datePublished":"2023-10-14T20:23:57+00:00","dateModified":"2023-11-27T00:32:35+00:00","description":"Banco de sementes de maconha feminizadas e autoflorescentes. As melhores gen\u00e9ticas de cannabis sativa e indica para cultivo interno e externo","inLanguage":"pt-BR","potentialAction":[{"@type":"ReadAction","target":["https:\/\/ketamaseeds.com\/pt-br\/"]}]},{"@type":"ImageObject","inLanguage":"pt-BR","@id":"https:\/\/ketamaseeds.com\/pt-br\/#primaryimage","url":"https:\/\/ketamaseeds.com\/wp-content\/uploads\/2023\/10\/ketama-seeds-logo.jpeg","contentUrl":"https:\/\/ketamaseeds.com\/wp-content\/uploads\/2023\/10\/ketama-seeds-logo.jpeg","width":300,"height":300},{"@type":"WebSite","@id":"https:\/\/ketamaseeds.com\/pt-br\/#website","url":"https:\/\/ketamaseeds.com\/pt-br\/","name":"KETAMA SEEDS","description":"Banco de semillas de Cannabis","publisher":{"@id":"https:\/\/ketamaseeds.com\/pt-br\/#organization"},"potentialAction":[{"@type":"SearchAction","target":{"@type":"EntryPoint","urlTemplate":"https:\/\/ketamaseeds.com\/pt-br\/?s={search_term_string}"},"query-input":{"@type":"PropertyValueSpecification","valueRequired":true,"valueName":"search_term_string"}}],"inLanguage":"pt-BR"},{"@type":"Organization","@id":"https:\/\/ketamaseeds.com\/pt-br\/#organization","name":"KETAMA SEEDS","url":"https:\/\/ketamaseeds.com\/pt-br\/","logo":{"@type":"ImageObject","inLanguage":"pt-BR","@id":"https:\/\/ketamaseeds.com\/pt-br\/#\/schema\/logo\/image\/","url":"https:\/\/ketamaseeds.com\/wp-content\/uploads\/2023\/10\/cropped-ketama-seeds-logo.jpeg","contentUrl":"https:\/\/ketamaseeds.com\/wp-content\/uploads\/2023\/10\/cropped-ketama-seeds-logo.jpeg","width":512,"height":512,"caption":"KETAMA SEEDS"},"image":{"@id":"https:\/\/ketamaseeds.com\/pt-br\/#\/schema\/logo\/image\/"},"sameAs":["https:\/\/www.facebook.com\/ketamaseedsbank","https:\/\/x.com\/KetamaSeeds","https:\/\/www.instagram.com\/ketamaseeds"]}]}},"_links":{"self":[{"href":"https:\/\/ketamaseeds.com\/pt-br\/wp-json\/wp\/v2\/pages\/918","targetHints":{"allow":["GET"]}}],"collection":[{"href":"https:\/\/ketamaseeds.com\/pt-br\/wp-json\/wp\/v2\/pages"}],"about":[{"href":"https:\/\/ketamaseeds.com\/pt-br\/wp-json\/wp\/v2\/types\/page"}],"author":[{"embeddable":true,"href":"https:\/\/ketamaseeds.com\/pt-br\/wp-json\/wp\/v2\/users\/1"}],"replies":[{"embeddable":true,"href":"https:\/\/ketamaseeds.com\/pt-br\/wp-json\/wp\/v2\/comments?post=918"}],"version-history":[{"count":0,"href":"https:\/\/ketamaseeds.com\/pt-br\/wp-json\/wp\/v2\/pages\/918\/revisions"}],"wp:featuredmedia":[{"embeddable":true,"href":"https:\/\/ketamaseeds.com\/pt-br\/wp-json\/wp\/v2\/media\/497"}],"wp:attachment":[{"href":"https:\/\/ketamaseeds.com\/pt-br\/wp-json\/wp\/v2\/media?parent=918"}],"curies":[{"name":"wp","href":"https:\/\/api.w.org\/{rel}","templated":true}]}}