{"id":1016,"date":"2023-10-11T01:06:22","date_gmt":"2023-10-11T01:06:22","guid":{"rendered":"http:\/\/ketamaseeds.com\/product\/kemango-sementes-de-cannabis-feminizadas\/"},"modified":"2023-12-16T00:38:37","modified_gmt":"2023-12-16T00:38:37","slug":"kemango-sementes-de-cannabis-feminizadas","status":"publish","type":"product","link":"https:\/\/ketamaseeds.com\/pt-br\/produto\/kemango-sementes-de-cannabis-feminizadas\/","title":{"rendered":"KEMANGO sementes de cannabis feminizadas"},"content":{"rendered":"<h2>KEMANGO sementes de cannabis feminizadas<\/h2>\n<p>Sementes de maconha feminizadas KEMANGO. O vigor e a produ\u00e7\u00e3o da nossa CRITICAL KETAMA s\u00e3o demonstrados nesse cruzamento com uma das gen\u00e9ticas mais frutadas e reconhecidas, a SOMANGO.<\/p>\n<p>A KEMANGO se caracteriza por seu fino aroma e sabor de frutas tropicais que, quando queimada, produz uma fuma\u00e7a muito densa que acaricia o paladar com esses finos sabores que \u00e0s vezes nos fazem esquecer seu grande poder herdado da CRITICAL.<\/p>\n<p>Uma rica variedade de maconha que se desenvolve com grande vigor e nos trar\u00e1 uma boa colheita de flores consistentes de tamanho m\u00e9dio.<\/p>\n<p>\u00c9 uma planta muito f\u00e1cil de cultivar. Al\u00e9m disso, devido ao seu r\u00e1pido desenvolvimento, a KEMANGO \u00e9 recomendada para qualquer tipo de clima.<\/p>\n<p>A KEMANGO \u00e9 uma planta de tamanho m\u00e9dio que atingir\u00e1 facilmente dois metros e meio de altura ao ar livre.<\/p>\n<p>As sementes de maconha feminizadas KEMANGO s\u00e3o uma variedade que j\u00e1 est\u00e1 dando o que falar por sua alta qualidade.<\/p>\n<p>A KEMANGO \u00e9 uma variedade de cannabis que recompensa seus sentidos e o surpreende com seus aromas, sabores e efeitos.<\/p>\n<p>VARIEDADE :<br \/>\nGEN\u00c9TICA: CRITICAL KETAMA\u00a0 x SOMANGO<\/p>\n<p>H\u00edbrido 60 % Sativa &#8211; 40 % Indica<br \/>\nAROMA : Frutas tropicais<br \/>\nEFEITO : Meditativo &#8211; Relaxante<br \/>\nTHC: 17-19-%<br \/>\nCBD: M\u00e9dio<br \/>\nSensibilidade a fungos: Moderada<br \/>\nPAR\u00c2METROS DE CULTIVO BIOL\u00d3GICO HIDROP\u00d4NICO<br \/>\nEC Crescimento 0,7-1,2ms 1,1-1,4ms<br \/>\nEC Flora\u00e7\u00e3o 0,9-1,3ms 1,4-2,2ms<br \/>\nPH Crescimento 5,6 &#8211; 5,8 5,8<br \/>\nPH Flora\u00e7\u00e3o 6,0 -6,5 6,5<br \/>\nDESENVOLVIMENTO EXTERIOR INTERIOR<br \/>\nCOLHEITA In\u00edcio de outubro 50 a 55 dias<br \/>\nRENDIMENTO 500- 800 gr. por planta 400-500 gr\/por m2<\/p>\n<h3>KEMANGO sementes de cannabis feminizadas<\/h3>\n","protected":false},"excerpt":{"rendered":"<p>KEMANGO sementes de cannabis feminizadas Sementes de maconha feminizadas KEMANGO. O vigor e a produ\u00e7\u00e3o da nossa CRITICAL KETAMA s\u00e3o demonstrados nesse cruzamento com uma das gen\u00e9ticas mais frutadas e reconhecidas, a SOMANGO. A KEMANGO se caracteriza por seu fino aroma e sabor de frutas tropicais que, quando queimada, produz uma fuma\u00e7a muito densa que [&hellip;]<\/p>\n","protected":false},"featured_media":689,"comment_status":"open","ping_status":"closed","template":"","meta":{"_et_pb_use_builder":"","_et_pb_old_content":"","_et_gb_content_width":""},"product_brand":[],"product_cat":[49],"product_tag":[],"class_list":{"0":"post-1016","1":"product","2":"type-product","3":"status-publish","4":"has-post-thumbnail","6":"product_cat-sementes-feminizadas","8":"first","9":"instock","10":"shipping-taxable","11":"purchasable","12":"product-type-variable"},"yoast_head":"<!-- This site is optimized with the Yoast SEO plugin v27.3 - https:\/\/yoast.com\/product\/yoast-seo-wordpress\/ -->\n<title>KEMANGO sementes de cannabis feminizadas<\/title>\n<meta name=\"description\" content=\"A KEMANGO se caracteriza por seu fino aroma e sabor de frutas tropicais que, quando queimada, produz uma fuma\u00e7a muito densa que acaricia o paladar com esses finos sabores\" \/>\n<meta name=\"robots\" content=\"index, follow, max-snippet:-1, max-image-preview:large, max-video-preview:-1\" \/>\n<link rel=\"canonical\" href=\"https:\/\/ketamaseeds.com\/pt-br\/produto\/kemango-sementes-de-cannabis-feminizadas\/\" \/>\n<meta property=\"og:locale\" content=\"pt_BR\" \/>\n<meta property=\"og:type\" content=\"article\" \/>\n<meta property=\"og:title\" content=\"KEMANGO sementes de cannabis feminizadas\" \/>\n<meta property=\"og:description\" content=\"A KEMANGO se caracteriza por seu fino aroma e sabor de frutas tropicais que, quando queimada, produz uma fuma\u00e7a muito densa que acaricia o paladar com esses finos sabores\" \/>\n<meta property=\"og:url\" content=\"https:\/\/ketamaseeds.com\/pt-br\/produto\/kemango-sementes-de-cannabis-feminizadas\/\" \/>\n<meta property=\"og:site_name\" content=\"KETAMA SEEDS\" \/>\n<meta property=\"article:publisher\" content=\"https:\/\/www.facebook.com\/ketamaseedsbank\" \/>\n<meta property=\"article:modified_time\" content=\"2023-12-16T00:38:37+00:00\" \/>\n<meta property=\"og:image\" content=\"https:\/\/ketamaseeds.com\/wp-content\/uploads\/2023\/10\/fotografia-de-planta-de-marihuana-variedad-kemango-de-ketama-seeds.jpg\" \/>\n\t<meta property=\"og:image:width\" content=\"1280\" \/>\n\t<meta property=\"og:image:height\" content=\"853\" \/>\n\t<meta property=\"og:image:type\" content=\"image\/jpeg\" \/>\n<meta name=\"twitter:card\" content=\"summary_large_image\" \/>\n<meta name=\"twitter:site\" content=\"@KetamaSeeds\" \/>\n<meta name=\"twitter:label1\" content=\"Est. tempo de leitura\" \/>\n\t<meta name=\"twitter:data1\" content=\"2 minutos\" \/>\n<script type=\"application\/ld+json\" class=\"yoast-schema-graph\">{\"@context\":\"https:\\\/\\\/schema.org\",\"@graph\":[{\"@type\":\"WebPage\",\"@id\":\"https:\\\/\\\/ketamaseeds.com\\\/pt-br\\\/produto\\\/kemango-sementes-de-cannabis-feminizadas\\\/\",\"url\":\"https:\\\/\\\/ketamaseeds.com\\\/pt-br\\\/produto\\\/kemango-sementes-de-cannabis-feminizadas\\\/\",\"name\":\"KEMANGO sementes de cannabis feminizadas\",\"isPartOf\":{\"@id\":\"https:\\\/\\\/ketamaseeds.com\\\/pt-br\\\/#website\"},\"primaryImageOfPage\":{\"@id\":\"https:\\\/\\\/ketamaseeds.com\\\/pt-br\\\/produto\\\/kemango-sementes-de-cannabis-feminizadas\\\/#primaryimage\"},\"image\":{\"@id\":\"https:\\\/\\\/ketamaseeds.com\\\/pt-br\\\/produto\\\/kemango-sementes-de-cannabis-feminizadas\\\/#primaryimage\"},\"thumbnailUrl\":\"https:\\\/\\\/ketamaseeds.com\\\/wp-content\\\/uploads\\\/2023\\\/10\\\/fotografia-de-planta-de-marihuana-variedad-kemango-de-ketama-seeds.jpg\",\"datePublished\":\"2023-10-11T01:06:22+00:00\",\"dateModified\":\"2023-12-16T00:38:37+00:00\",\"description\":\"A KEMANGO se caracteriza por seu fino aroma e sabor de frutas tropicais que, quando queimada, produz uma fuma\u00e7a muito densa que acaricia o paladar com esses finos sabores\",\"breadcrumb\":{\"@id\":\"https:\\\/\\\/ketamaseeds.com\\\/pt-br\\\/produto\\\/kemango-sementes-de-cannabis-feminizadas\\\/#breadcrumb\"},\"inLanguage\":\"pt-BR\",\"potentialAction\":[{\"@type\":\"ReadAction\",\"target\":[\"https:\\\/\\\/ketamaseeds.com\\\/pt-br\\\/produto\\\/kemango-sementes-de-cannabis-feminizadas\\\/\"]}]},{\"@type\":\"ImageObject\",\"inLanguage\":\"pt-BR\",\"@id\":\"https:\\\/\\\/ketamaseeds.com\\\/pt-br\\\/produto\\\/kemango-sementes-de-cannabis-feminizadas\\\/#primaryimage\",\"url\":\"https:\\\/\\\/ketamaseeds.com\\\/wp-content\\\/uploads\\\/2023\\\/10\\\/fotografia-de-planta-de-marihuana-variedad-kemango-de-ketama-seeds.jpg\",\"contentUrl\":\"https:\\\/\\\/ketamaseeds.com\\\/wp-content\\\/uploads\\\/2023\\\/10\\\/fotografia-de-planta-de-marihuana-variedad-kemango-de-ketama-seeds.jpg\",\"width\":1280,\"height\":853},{\"@type\":\"BreadcrumbList\",\"@id\":\"https:\\\/\\\/ketamaseeds.com\\\/pt-br\\\/produto\\\/kemango-sementes-de-cannabis-feminizadas\\\/#breadcrumb\",\"itemListElement\":[{\"@type\":\"ListItem\",\"position\":1,\"name\":\"Home\",\"item\":\"https:\\\/\\\/ketamaseeds.com\\\/pt-br\\\/\"},{\"@type\":\"ListItem\",\"position\":2,\"name\":\"Sementes de cannabis\",\"item\":\"https:\\\/\\\/ketamaseeds.com\\\/pt-br\\\/sementes-de-cannabis\\\/\"},{\"@type\":\"ListItem\",\"position\":3,\"name\":\"KEMANGO sementes de cannabis feminizadas\"}]},{\"@type\":\"WebSite\",\"@id\":\"https:\\\/\\\/ketamaseeds.com\\\/pt-br\\\/#website\",\"url\":\"https:\\\/\\\/ketamaseeds.com\\\/pt-br\\\/\",\"name\":\"KETAMA SEEDS\",\"description\":\"Banco de semillas de Cannabis\",\"publisher\":{\"@id\":\"https:\\\/\\\/ketamaseeds.com\\\/pt-br\\\/#organization\"},\"potentialAction\":[{\"@type\":\"SearchAction\",\"target\":{\"@type\":\"EntryPoint\",\"urlTemplate\":\"https:\\\/\\\/ketamaseeds.com\\\/pt-br\\\/?s={search_term_string}\"},\"query-input\":{\"@type\":\"PropertyValueSpecification\",\"valueRequired\":true,\"valueName\":\"search_term_string\"}}],\"inLanguage\":\"pt-BR\"},{\"@type\":\"Organization\",\"@id\":\"https:\\\/\\\/ketamaseeds.com\\\/pt-br\\\/#organization\",\"name\":\"KETAMA SEEDS\",\"url\":\"https:\\\/\\\/ketamaseeds.com\\\/pt-br\\\/\",\"logo\":{\"@type\":\"ImageObject\",\"inLanguage\":\"pt-BR\",\"@id\":\"https:\\\/\\\/ketamaseeds.com\\\/pt-br\\\/#\\\/schema\\\/logo\\\/image\\\/\",\"url\":\"https:\\\/\\\/ketamaseeds.com\\\/wp-content\\\/uploads\\\/2023\\\/10\\\/cropped-ketama-seeds-logo.jpeg\",\"contentUrl\":\"https:\\\/\\\/ketamaseeds.com\\\/wp-content\\\/uploads\\\/2023\\\/10\\\/cropped-ketama-seeds-logo.jpeg\",\"width\":512,\"height\":512,\"caption\":\"KETAMA SEEDS\"},\"image\":{\"@id\":\"https:\\\/\\\/ketamaseeds.com\\\/pt-br\\\/#\\\/schema\\\/logo\\\/image\\\/\"},\"sameAs\":[\"https:\\\/\\\/www.facebook.com\\\/ketamaseedsbank\",\"https:\\\/\\\/x.com\\\/KetamaSeeds\",\"https:\\\/\\\/www.instagram.com\\\/ketamaseeds\"]}]}<\/script>\n<!-- \/ Yoast SEO plugin. -->","yoast_head_json":{"title":"KEMANGO sementes de cannabis feminizadas","description":"A KEMANGO se caracteriza por seu fino aroma e sabor de frutas tropicais que, quando queimada, produz uma fuma\u00e7a muito densa que acaricia o paladar com esses finos sabores","robots":{"index":"index","follow":"follow","max-snippet":"max-snippet:-1","max-image-preview":"max-image-preview:large","max-video-preview":"max-video-preview:-1"},"canonical":"https:\/\/ketamaseeds.com\/pt-br\/produto\/kemango-sementes-de-cannabis-feminizadas\/","og_locale":"pt_BR","og_type":"article","og_title":"KEMANGO sementes de cannabis feminizadas","og_description":"A KEMANGO se caracteriza por seu fino aroma e sabor de frutas tropicais que, quando queimada, produz uma fuma\u00e7a muito densa que acaricia o paladar com esses finos sabores","og_url":"https:\/\/ketamaseeds.com\/pt-br\/produto\/kemango-sementes-de-cannabis-feminizadas\/","og_site_name":"KETAMA SEEDS","article_publisher":"https:\/\/www.facebook.com\/ketamaseedsbank","article_modified_time":"2023-12-16T00:38:37+00:00","og_image":[{"width":1280,"height":853,"url":"https:\/\/ketamaseeds.com\/wp-content\/uploads\/2023\/10\/fotografia-de-planta-de-marihuana-variedad-kemango-de-ketama-seeds.jpg","type":"image\/jpeg"}],"twitter_card":"summary_large_image","twitter_site":"@KetamaSeeds","twitter_misc":{"Est. tempo de leitura":"2 minutos"},"schema":{"@context":"https:\/\/schema.org","@graph":[{"@type":"WebPage","@id":"https:\/\/ketamaseeds.com\/pt-br\/produto\/kemango-sementes-de-cannabis-feminizadas\/","url":"https:\/\/ketamaseeds.com\/pt-br\/produto\/kemango-sementes-de-cannabis-feminizadas\/","name":"KEMANGO sementes de cannabis feminizadas","isPartOf":{"@id":"https:\/\/ketamaseeds.com\/pt-br\/#website"},"primaryImageOfPage":{"@id":"https:\/\/ketamaseeds.com\/pt-br\/produto\/kemango-sementes-de-cannabis-feminizadas\/#primaryimage"},"image":{"@id":"https:\/\/ketamaseeds.com\/pt-br\/produto\/kemango-sementes-de-cannabis-feminizadas\/#primaryimage"},"thumbnailUrl":"https:\/\/ketamaseeds.com\/wp-content\/uploads\/2023\/10\/fotografia-de-planta-de-marihuana-variedad-kemango-de-ketama-seeds.jpg","datePublished":"2023-10-11T01:06:22+00:00","dateModified":"2023-12-16T00:38:37+00:00","description":"A KEMANGO se caracteriza por seu fino aroma e sabor de frutas tropicais que, quando queimada, produz uma fuma\u00e7a muito densa que acaricia o paladar com esses finos sabores","breadcrumb":{"@id":"https:\/\/ketamaseeds.com\/pt-br\/produto\/kemango-sementes-de-cannabis-feminizadas\/#breadcrumb"},"inLanguage":"pt-BR","potentialAction":[{"@type":"ReadAction","target":["https:\/\/ketamaseeds.com\/pt-br\/produto\/kemango-sementes-de-cannabis-feminizadas\/"]}]},{"@type":"ImageObject","inLanguage":"pt-BR","@id":"https:\/\/ketamaseeds.com\/pt-br\/produto\/kemango-sementes-de-cannabis-feminizadas\/#primaryimage","url":"https:\/\/ketamaseeds.com\/wp-content\/uploads\/2023\/10\/fotografia-de-planta-de-marihuana-variedad-kemango-de-ketama-seeds.jpg","contentUrl":"https:\/\/ketamaseeds.com\/wp-content\/uploads\/2023\/10\/fotografia-de-planta-de-marihuana-variedad-kemango-de-ketama-seeds.jpg","width":1280,"height":853},{"@type":"BreadcrumbList","@id":"https:\/\/ketamaseeds.com\/pt-br\/produto\/kemango-sementes-de-cannabis-feminizadas\/#breadcrumb","itemListElement":[{"@type":"ListItem","position":1,"name":"Home","item":"https:\/\/ketamaseeds.com\/pt-br\/"},{"@type":"ListItem","position":2,"name":"Sementes de cannabis","item":"https:\/\/ketamaseeds.com\/pt-br\/sementes-de-cannabis\/"},{"@type":"ListItem","position":3,"name":"KEMANGO sementes de cannabis feminizadas"}]},{"@type":"WebSite","@id":"https:\/\/ketamaseeds.com\/pt-br\/#website","url":"https:\/\/ketamaseeds.com\/pt-br\/","name":"KETAMA SEEDS","description":"Banco de semillas de Cannabis","publisher":{"@id":"https:\/\/ketamaseeds.com\/pt-br\/#organization"},"potentialAction":[{"@type":"SearchAction","target":{"@type":"EntryPoint","urlTemplate":"https:\/\/ketamaseeds.com\/pt-br\/?s={search_term_string}"},"query-input":{"@type":"PropertyValueSpecification","valueRequired":true,"valueName":"search_term_string"}}],"inLanguage":"pt-BR"},{"@type":"Organization","@id":"https:\/\/ketamaseeds.com\/pt-br\/#organization","name":"KETAMA SEEDS","url":"https:\/\/ketamaseeds.com\/pt-br\/","logo":{"@type":"ImageObject","inLanguage":"pt-BR","@id":"https:\/\/ketamaseeds.com\/pt-br\/#\/schema\/logo\/image\/","url":"https:\/\/ketamaseeds.com\/wp-content\/uploads\/2023\/10\/cropped-ketama-seeds-logo.jpeg","contentUrl":"https:\/\/ketamaseeds.com\/wp-content\/uploads\/2023\/10\/cropped-ketama-seeds-logo.jpeg","width":512,"height":512,"caption":"KETAMA SEEDS"},"image":{"@id":"https:\/\/ketamaseeds.com\/pt-br\/#\/schema\/logo\/image\/"},"sameAs":["https:\/\/www.facebook.com\/ketamaseedsbank","https:\/\/x.com\/KetamaSeeds","https:\/\/www.instagram.com\/ketamaseeds"]}]}},"_links":{"self":[{"href":"https:\/\/ketamaseeds.com\/pt-br\/wp-json\/wp\/v2\/product\/1016","targetHints":{"allow":["GET"]}}],"collection":[{"href":"https:\/\/ketamaseeds.com\/pt-br\/wp-json\/wp\/v2\/product"}],"about":[{"href":"https:\/\/ketamaseeds.com\/pt-br\/wp-json\/wp\/v2\/types\/product"}],"replies":[{"embeddable":true,"href":"https:\/\/ketamaseeds.com\/pt-br\/wp-json\/wp\/v2\/comments?post=1016"}],"wp:featuredmedia":[{"embeddable":true,"href":"https:\/\/ketamaseeds.com\/pt-br\/wp-json\/wp\/v2\/media\/689"}],"wp:attachment":[{"href":"https:\/\/ketamaseeds.com\/pt-br\/wp-json\/wp\/v2\/media?parent=1016"}],"wp:term":[{"taxonomy":"product_brand","embeddable":true,"href":"https:\/\/ketamaseeds.com\/pt-br\/wp-json\/wp\/v2\/product_brand?post=1016"},{"taxonomy":"product_cat","embeddable":true,"href":"https:\/\/ketamaseeds.com\/pt-br\/wp-json\/wp\/v2\/product_cat?post=1016"},{"taxonomy":"product_tag","embeddable":true,"href":"https:\/\/ketamaseeds.com\/pt-br\/wp-json\/wp\/v2\/product_tag?post=1016"}],"curies":[{"name":"wp","href":"https:\/\/api.w.org\/{rel}","templated":true}]}}