{"id":1034,"date":"2023-10-11T23:27:18","date_gmt":"2023-10-11T23:27:18","guid":{"rendered":"http:\/\/ketamaseeds.com\/product\/ketama-cheese-sementes-de-cannabis-feminizadas\/"},"modified":"2023-12-08T12:33:57","modified_gmt":"2023-12-08T12:33:57","slug":"ketama-cheese-sementes-de-cannabis-feminizadas","status":"publish","type":"product","link":"https:\/\/ketamaseeds.com\/pt-br\/produto\/ketama-cheese-sementes-de-cannabis-feminizadas\/","title":{"rendered":"KETAMA CHEESE sementes de cannabis feminizadas"},"content":{"rendered":"<h2>SEMENTES DE CANNABIS FEMINIZADAS KETAMA CHEESE<\/h2>\n<p>As sementes de maconha feminizadas KETAMA CHEESE dessa variedade s\u00e3o o resultado de um grande trabalho de sele\u00e7\u00e3o da melhor Afghani #1 e de uma das variedades mais conhecidas na Europa, a Skunk #1.<\/p>\n<p>O resultado \u00e9 essa excelente variedade, apreciada por especialistas por seu sabor e aroma requintados, bem como por sua grande produ\u00e7\u00e3o.<\/p>\n<p>O queijo chegou inicialmente dos EUA no final dos anos 80 e se tornou bastante popular na Inglaterra.<\/p>\n<p>O KETAMA CHEESE pode ser cultivado em ambientes internos e externos em climas temperados, e em climas muito frios em uma estufa.<\/p>\n<p>\u00c9 uma planta f\u00e1cil de cultivar que ocupa pouco espa\u00e7o em ambientes internos; em ambientes externos, a veremos em sua melhor forma.<\/p>\n<p>Os bot\u00f5es da KETAMA CHEESE s\u00e3o grandes, duros e cheios de resina com um aroma inconfund\u00edvel.<\/p>\n<p>O aroma rico que ela exala \u00e9 bastante penetrante, portanto, em cultivos internos, ser\u00e1 necess\u00e1rio um bom filtro para cultiv\u00e1-la sem chamar a aten\u00e7\u00e3o.<\/p>\n<p>As sementes de maconha KETAMA CHEESE s\u00e3o, sem d\u00favida, uma boa gen\u00e9tica que todo amante da cannabis deve cultivar.<\/p>\n<p>CULTURA: AFGHANI x SKUNK<br \/>\nVARIEDADE: H\u00edbrido com predomin\u00e2ncia sativa<br \/>\nAROMA: Skunk e aroma de especiarias.<br \/>\nEFEITO: F\u00edsico e mental.<br \/>\nTHC : 9 &#8211; 12 %.<br \/>\nCBD : ALTO<br \/>\nSensibilidade a fungos: Moderada<br \/>\nPAR\u00c2METROS BIOL\u00d3GICOS HIDROP\u00d4NICOS<br \/>\nCrescimento CE: 0,7ms 1-1,2ms<br \/>\nEC Flora\u00e7\u00e3o: 1ms 1,2ms<br \/>\nPH Crescimento: 6,0 5,8<br \/>\nPH Flora\u00e7\u00e3o: 7,0 6,0<br \/>\nDESENVOLVIMENTO EXTERIOR INTERIOR<br \/>\nCOLHEITA: 5-10 de outubro 55-60 dias<br \/>\nRENDIMENTO : 600 gr. por planta 450-550 gr\/m2<\/p>\n<h3>SEMENTES DE MACONHA FEMINIZADAS KETAMA CHEESE<\/h3>\n","protected":false},"excerpt":{"rendered":"<p>Sementes de maconha feminizadas KETAMA CHEESE para cultivo interno e externo.<\/p>\n<p>Pr\u00eamios:<\/p>\n<p>Copa Erdi ALdea 2016<\/p>\n<p>&#8220;Melhor variedade &#8211; Bio para ambientes externos&#8221;.<\/p>\n","protected":false},"featured_media":521,"comment_status":"open","ping_status":"closed","template":"","meta":{"_et_pb_use_builder":"","_et_pb_old_content":"","_et_gb_content_width":""},"product_brand":[],"product_cat":[49],"product_tag":[],"class_list":{"0":"post-1034","1":"product","2":"type-product","3":"status-publish","4":"has-post-thumbnail","6":"product_cat-sementes-feminizadas","8":"first","9":"instock","10":"shipping-taxable","11":"purchasable","12":"product-type-variable"},"yoast_head":"<!-- This site is optimized with the Yoast SEO plugin v27.3 - https:\/\/yoast.com\/product\/yoast-seo-wordpress\/ -->\n<title>KETAMA CHEESE sementes de cannabis feminizadas<\/title>\n<meta name=\"description\" content=\"O &quot;CHEESE&quot; veio inicialmente dos EUA no final da d\u00e9cada de 1980 e se tornou bastante popular na Inglaterra. O KETAMA CHEESE pode ser cultivado em ambientes internos e externos em climas temperados,\" \/>\n<meta name=\"robots\" content=\"index, follow, max-snippet:-1, max-image-preview:large, max-video-preview:-1\" \/>\n<link rel=\"canonical\" href=\"https:\/\/ketamaseeds.com\/pt-br\/produto\/ketama-cheese-sementes-de-cannabis-feminizadas\/\" \/>\n<meta property=\"og:locale\" content=\"pt_BR\" \/>\n<meta property=\"og:type\" content=\"article\" \/>\n<meta property=\"og:title\" content=\"KETAMA CHEESE sementes de cannabis feminizadas\" \/>\n<meta property=\"og:description\" content=\"O &quot;CHEESE&quot; veio inicialmente dos EUA no final da d\u00e9cada de 1980 e se tornou bastante popular na Inglaterra. O KETAMA CHEESE pode ser cultivado em ambientes internos e externos em climas temperados,\" \/>\n<meta property=\"og:url\" content=\"https:\/\/ketamaseeds.com\/pt-br\/produto\/ketama-cheese-sementes-de-cannabis-feminizadas\/\" \/>\n<meta property=\"og:site_name\" content=\"KETAMA SEEDS\" \/>\n<meta property=\"article:publisher\" content=\"https:\/\/www.facebook.com\/ketamaseedsbank\" \/>\n<meta property=\"article:modified_time\" content=\"2023-12-08T12:33:57+00:00\" \/>\n<meta property=\"og:image\" content=\"https:\/\/ketamaseeds.com\/wp-content\/uploads\/2023\/10\/KETAMA-CHEESE-semillas-de-marihuana-ketama-seeds-bank.jpg\" \/>\n\t<meta property=\"og:image:width\" content=\"1000\" \/>\n\t<meta property=\"og:image:height\" content=\"750\" \/>\n\t<meta property=\"og:image:type\" content=\"image\/jpeg\" \/>\n<meta name=\"twitter:card\" content=\"summary_large_image\" \/>\n<meta name=\"twitter:site\" content=\"@KetamaSeeds\" \/>\n<meta name=\"twitter:label1\" content=\"Est. tempo de leitura\" \/>\n\t<meta name=\"twitter:data1\" content=\"2 minutos\" \/>\n<script type=\"application\/ld+json\" class=\"yoast-schema-graph\">{\"@context\":\"https:\\\/\\\/schema.org\",\"@graph\":[{\"@type\":\"WebPage\",\"@id\":\"https:\\\/\\\/ketamaseeds.com\\\/pt-br\\\/produto\\\/ketama-cheese-sementes-de-cannabis-feminizadas\\\/\",\"url\":\"https:\\\/\\\/ketamaseeds.com\\\/pt-br\\\/produto\\\/ketama-cheese-sementes-de-cannabis-feminizadas\\\/\",\"name\":\"KETAMA CHEESE sementes de cannabis feminizadas\",\"isPartOf\":{\"@id\":\"https:\\\/\\\/ketamaseeds.com\\\/pt-br\\\/#website\"},\"primaryImageOfPage\":{\"@id\":\"https:\\\/\\\/ketamaseeds.com\\\/pt-br\\\/produto\\\/ketama-cheese-sementes-de-cannabis-feminizadas\\\/#primaryimage\"},\"image\":{\"@id\":\"https:\\\/\\\/ketamaseeds.com\\\/pt-br\\\/produto\\\/ketama-cheese-sementes-de-cannabis-feminizadas\\\/#primaryimage\"},\"thumbnailUrl\":\"https:\\\/\\\/ketamaseeds.com\\\/wp-content\\\/uploads\\\/2023\\\/10\\\/KETAMA-CHEESE-semillas-de-marihuana-ketama-seeds-bank.jpg\",\"datePublished\":\"2023-10-11T23:27:18+00:00\",\"dateModified\":\"2023-12-08T12:33:57+00:00\",\"description\":\"O \\\"CHEESE\\\" veio inicialmente dos EUA no final da d\u00e9cada de 1980 e se tornou bastante popular na Inglaterra. O KETAMA CHEESE pode ser cultivado em ambientes internos e externos em climas temperados,\",\"breadcrumb\":{\"@id\":\"https:\\\/\\\/ketamaseeds.com\\\/pt-br\\\/produto\\\/ketama-cheese-sementes-de-cannabis-feminizadas\\\/#breadcrumb\"},\"inLanguage\":\"pt-BR\",\"potentialAction\":[{\"@type\":\"ReadAction\",\"target\":[\"https:\\\/\\\/ketamaseeds.com\\\/pt-br\\\/produto\\\/ketama-cheese-sementes-de-cannabis-feminizadas\\\/\"]}]},{\"@type\":\"ImageObject\",\"inLanguage\":\"pt-BR\",\"@id\":\"https:\\\/\\\/ketamaseeds.com\\\/pt-br\\\/produto\\\/ketama-cheese-sementes-de-cannabis-feminizadas\\\/#primaryimage\",\"url\":\"https:\\\/\\\/ketamaseeds.com\\\/wp-content\\\/uploads\\\/2023\\\/10\\\/KETAMA-CHEESE-semillas-de-marihuana-ketama-seeds-bank.jpg\",\"contentUrl\":\"https:\\\/\\\/ketamaseeds.com\\\/wp-content\\\/uploads\\\/2023\\\/10\\\/KETAMA-CHEESE-semillas-de-marihuana-ketama-seeds-bank.jpg\",\"width\":1000,\"height\":750,\"caption\":\"ketama cheese sementes de cannabis\"},{\"@type\":\"BreadcrumbList\",\"@id\":\"https:\\\/\\\/ketamaseeds.com\\\/pt-br\\\/produto\\\/ketama-cheese-sementes-de-cannabis-feminizadas\\\/#breadcrumb\",\"itemListElement\":[{\"@type\":\"ListItem\",\"position\":1,\"name\":\"Home\",\"item\":\"https:\\\/\\\/ketamaseeds.com\\\/pt-br\\\/\"},{\"@type\":\"ListItem\",\"position\":2,\"name\":\"Sementes de cannabis\",\"item\":\"https:\\\/\\\/ketamaseeds.com\\\/pt-br\\\/sementes-de-cannabis\\\/\"},{\"@type\":\"ListItem\",\"position\":3,\"name\":\"KETAMA CHEESE sementes de cannabis feminizadas\"}]},{\"@type\":\"WebSite\",\"@id\":\"https:\\\/\\\/ketamaseeds.com\\\/pt-br\\\/#website\",\"url\":\"https:\\\/\\\/ketamaseeds.com\\\/pt-br\\\/\",\"name\":\"KETAMA SEEDS\",\"description\":\"Banco de semillas de Cannabis\",\"publisher\":{\"@id\":\"https:\\\/\\\/ketamaseeds.com\\\/pt-br\\\/#organization\"},\"potentialAction\":[{\"@type\":\"SearchAction\",\"target\":{\"@type\":\"EntryPoint\",\"urlTemplate\":\"https:\\\/\\\/ketamaseeds.com\\\/pt-br\\\/?s={search_term_string}\"},\"query-input\":{\"@type\":\"PropertyValueSpecification\",\"valueRequired\":true,\"valueName\":\"search_term_string\"}}],\"inLanguage\":\"pt-BR\"},{\"@type\":\"Organization\",\"@id\":\"https:\\\/\\\/ketamaseeds.com\\\/pt-br\\\/#organization\",\"name\":\"KETAMA SEEDS\",\"url\":\"https:\\\/\\\/ketamaseeds.com\\\/pt-br\\\/\",\"logo\":{\"@type\":\"ImageObject\",\"inLanguage\":\"pt-BR\",\"@id\":\"https:\\\/\\\/ketamaseeds.com\\\/pt-br\\\/#\\\/schema\\\/logo\\\/image\\\/\",\"url\":\"https:\\\/\\\/ketamaseeds.com\\\/wp-content\\\/uploads\\\/2023\\\/10\\\/cropped-ketama-seeds-logo.jpeg\",\"contentUrl\":\"https:\\\/\\\/ketamaseeds.com\\\/wp-content\\\/uploads\\\/2023\\\/10\\\/cropped-ketama-seeds-logo.jpeg\",\"width\":512,\"height\":512,\"caption\":\"KETAMA SEEDS\"},\"image\":{\"@id\":\"https:\\\/\\\/ketamaseeds.com\\\/pt-br\\\/#\\\/schema\\\/logo\\\/image\\\/\"},\"sameAs\":[\"https:\\\/\\\/www.facebook.com\\\/ketamaseedsbank\",\"https:\\\/\\\/x.com\\\/KetamaSeeds\",\"https:\\\/\\\/www.instagram.com\\\/ketamaseeds\"]}]}<\/script>\n<!-- \/ Yoast SEO plugin. -->","yoast_head_json":{"title":"KETAMA CHEESE sementes de cannabis feminizadas","description":"O \"CHEESE\" veio inicialmente dos EUA no final da d\u00e9cada de 1980 e se tornou bastante popular na Inglaterra. O KETAMA CHEESE pode ser cultivado em ambientes internos e externos em climas temperados,","robots":{"index":"index","follow":"follow","max-snippet":"max-snippet:-1","max-image-preview":"max-image-preview:large","max-video-preview":"max-video-preview:-1"},"canonical":"https:\/\/ketamaseeds.com\/pt-br\/produto\/ketama-cheese-sementes-de-cannabis-feminizadas\/","og_locale":"pt_BR","og_type":"article","og_title":"KETAMA CHEESE sementes de cannabis feminizadas","og_description":"O \"CHEESE\" veio inicialmente dos EUA no final da d\u00e9cada de 1980 e se tornou bastante popular na Inglaterra. O KETAMA CHEESE pode ser cultivado em ambientes internos e externos em climas temperados,","og_url":"https:\/\/ketamaseeds.com\/pt-br\/produto\/ketama-cheese-sementes-de-cannabis-feminizadas\/","og_site_name":"KETAMA SEEDS","article_publisher":"https:\/\/www.facebook.com\/ketamaseedsbank","article_modified_time":"2023-12-08T12:33:57+00:00","og_image":[{"width":1000,"height":750,"url":"https:\/\/ketamaseeds.com\/wp-content\/uploads\/2023\/10\/KETAMA-CHEESE-semillas-de-marihuana-ketama-seeds-bank.jpg","type":"image\/jpeg"}],"twitter_card":"summary_large_image","twitter_site":"@KetamaSeeds","twitter_misc":{"Est. tempo de leitura":"2 minutos"},"schema":{"@context":"https:\/\/schema.org","@graph":[{"@type":"WebPage","@id":"https:\/\/ketamaseeds.com\/pt-br\/produto\/ketama-cheese-sementes-de-cannabis-feminizadas\/","url":"https:\/\/ketamaseeds.com\/pt-br\/produto\/ketama-cheese-sementes-de-cannabis-feminizadas\/","name":"KETAMA CHEESE sementes de cannabis feminizadas","isPartOf":{"@id":"https:\/\/ketamaseeds.com\/pt-br\/#website"},"primaryImageOfPage":{"@id":"https:\/\/ketamaseeds.com\/pt-br\/produto\/ketama-cheese-sementes-de-cannabis-feminizadas\/#primaryimage"},"image":{"@id":"https:\/\/ketamaseeds.com\/pt-br\/produto\/ketama-cheese-sementes-de-cannabis-feminizadas\/#primaryimage"},"thumbnailUrl":"https:\/\/ketamaseeds.com\/wp-content\/uploads\/2023\/10\/KETAMA-CHEESE-semillas-de-marihuana-ketama-seeds-bank.jpg","datePublished":"2023-10-11T23:27:18+00:00","dateModified":"2023-12-08T12:33:57+00:00","description":"O \"CHEESE\" veio inicialmente dos EUA no final da d\u00e9cada de 1980 e se tornou bastante popular na Inglaterra. O KETAMA CHEESE pode ser cultivado em ambientes internos e externos em climas temperados,","breadcrumb":{"@id":"https:\/\/ketamaseeds.com\/pt-br\/produto\/ketama-cheese-sementes-de-cannabis-feminizadas\/#breadcrumb"},"inLanguage":"pt-BR","potentialAction":[{"@type":"ReadAction","target":["https:\/\/ketamaseeds.com\/pt-br\/produto\/ketama-cheese-sementes-de-cannabis-feminizadas\/"]}]},{"@type":"ImageObject","inLanguage":"pt-BR","@id":"https:\/\/ketamaseeds.com\/pt-br\/produto\/ketama-cheese-sementes-de-cannabis-feminizadas\/#primaryimage","url":"https:\/\/ketamaseeds.com\/wp-content\/uploads\/2023\/10\/KETAMA-CHEESE-semillas-de-marihuana-ketama-seeds-bank.jpg","contentUrl":"https:\/\/ketamaseeds.com\/wp-content\/uploads\/2023\/10\/KETAMA-CHEESE-semillas-de-marihuana-ketama-seeds-bank.jpg","width":1000,"height":750,"caption":"ketama cheese sementes de cannabis"},{"@type":"BreadcrumbList","@id":"https:\/\/ketamaseeds.com\/pt-br\/produto\/ketama-cheese-sementes-de-cannabis-feminizadas\/#breadcrumb","itemListElement":[{"@type":"ListItem","position":1,"name":"Home","item":"https:\/\/ketamaseeds.com\/pt-br\/"},{"@type":"ListItem","position":2,"name":"Sementes de cannabis","item":"https:\/\/ketamaseeds.com\/pt-br\/sementes-de-cannabis\/"},{"@type":"ListItem","position":3,"name":"KETAMA CHEESE sementes de cannabis feminizadas"}]},{"@type":"WebSite","@id":"https:\/\/ketamaseeds.com\/pt-br\/#website","url":"https:\/\/ketamaseeds.com\/pt-br\/","name":"KETAMA SEEDS","description":"Banco de semillas de Cannabis","publisher":{"@id":"https:\/\/ketamaseeds.com\/pt-br\/#organization"},"potentialAction":[{"@type":"SearchAction","target":{"@type":"EntryPoint","urlTemplate":"https:\/\/ketamaseeds.com\/pt-br\/?s={search_term_string}"},"query-input":{"@type":"PropertyValueSpecification","valueRequired":true,"valueName":"search_term_string"}}],"inLanguage":"pt-BR"},{"@type":"Organization","@id":"https:\/\/ketamaseeds.com\/pt-br\/#organization","name":"KETAMA SEEDS","url":"https:\/\/ketamaseeds.com\/pt-br\/","logo":{"@type":"ImageObject","inLanguage":"pt-BR","@id":"https:\/\/ketamaseeds.com\/pt-br\/#\/schema\/logo\/image\/","url":"https:\/\/ketamaseeds.com\/wp-content\/uploads\/2023\/10\/cropped-ketama-seeds-logo.jpeg","contentUrl":"https:\/\/ketamaseeds.com\/wp-content\/uploads\/2023\/10\/cropped-ketama-seeds-logo.jpeg","width":512,"height":512,"caption":"KETAMA SEEDS"},"image":{"@id":"https:\/\/ketamaseeds.com\/pt-br\/#\/schema\/logo\/image\/"},"sameAs":["https:\/\/www.facebook.com\/ketamaseedsbank","https:\/\/x.com\/KetamaSeeds","https:\/\/www.instagram.com\/ketamaseeds"]}]}},"_links":{"self":[{"href":"https:\/\/ketamaseeds.com\/pt-br\/wp-json\/wp\/v2\/product\/1034","targetHints":{"allow":["GET"]}}],"collection":[{"href":"https:\/\/ketamaseeds.com\/pt-br\/wp-json\/wp\/v2\/product"}],"about":[{"href":"https:\/\/ketamaseeds.com\/pt-br\/wp-json\/wp\/v2\/types\/product"}],"replies":[{"embeddable":true,"href":"https:\/\/ketamaseeds.com\/pt-br\/wp-json\/wp\/v2\/comments?post=1034"}],"wp:featuredmedia":[{"embeddable":true,"href":"https:\/\/ketamaseeds.com\/pt-br\/wp-json\/wp\/v2\/media\/521"}],"wp:attachment":[{"href":"https:\/\/ketamaseeds.com\/pt-br\/wp-json\/wp\/v2\/media?parent=1034"}],"wp:term":[{"taxonomy":"product_brand","embeddable":true,"href":"https:\/\/ketamaseeds.com\/pt-br\/wp-json\/wp\/v2\/product_brand?post=1034"},{"taxonomy":"product_cat","embeddable":true,"href":"https:\/\/ketamaseeds.com\/pt-br\/wp-json\/wp\/v2\/product_cat?post=1034"},{"taxonomy":"product_tag","embeddable":true,"href":"https:\/\/ketamaseeds.com\/pt-br\/wp-json\/wp\/v2\/product_tag?post=1034"}],"curies":[{"name":"wp","href":"https:\/\/api.w.org\/{rel}","templated":true}]}}