{"id":1052,"date":"2023-10-12T00:24:23","date_gmt":"2023-10-12T00:24:23","guid":{"rendered":"http:\/\/ketamaseeds.com\/product\/ketama-diesel-sementes-de-cannabis-feminizadas\/"},"modified":"2023-12-07T20:57:46","modified_gmt":"2023-12-07T20:57:46","slug":"ketama-diesel-sementes-de-cannabis-feminizadas","status":"publish","type":"product","link":"https:\/\/ketamaseeds.com\/pt-br\/produto\/ketama-diesel-sementes-de-cannabis-feminizadas\/","title":{"rendered":"KETAMA DIESEL sementes de cannabis feminizadas"},"content":{"rendered":"<h2 dir=\"ltr\" data-placeholder=\"Traducci\u00f3n\" data-ved=\"2ahUKEwj_35Gav-SCAxW8U6QEHQ-hApYQ3ewLegQIDRAQ\">KETAMA DIESEL sementes de cannabis feminizadas<\/h2>\n<p id=\"tw-target-text\" class=\"tw-data-text tw-text-large tw-ta\" dir=\"ltr\" data-placeholder=\"Traducci\u00f3n\" data-ved=\"2ahUKEwj_35Gav-SCAxW8U6QEHQ-hApYQ3ewLegQIDRAQ\"><span class=\"Y2IQFc\" lang=\"pt\">As sementes de maconha feminizadas KETAMA DIESEL s\u00e3o uma excelente variedade com predomin\u00e2ncia sativa. <\/span><\/p>\n<p class=\"tw-data-text tw-text-large tw-ta\" dir=\"ltr\" data-placeholder=\"Traducci\u00f3n\" data-ved=\"2ahUKEwj_35Gav-SCAxW8U6QEHQ-hApYQ3ewLegQIDRAQ\"><span class=\"Y2IQFc\" lang=\"pt\">O requinte de um AFGHANI e o poder de um MEXICAN SATIVA fazem dele uma gen\u00e9tica de alto n\u00edvel. <\/span><\/p>\n<p class=\"tw-data-text tw-text-large tw-ta\" dir=\"ltr\" data-placeholder=\"Traducci\u00f3n\" data-ved=\"2ahUKEwj_35Gav-SCAxW8U6QEHQ-hApYQ3ewLegQIDRAQ\"><span class=\"Y2IQFc\" lang=\"pt\">A<\/span><span class=\"Y2IQFc\" lang=\"pt\">p\u00f3s um longo trabalho de sele\u00e7\u00e3o conseguimos esta casta ex\u00f3tica com um aroma rico, mas tamb\u00e9m um sabor fino e equilibrado. <\/span><\/p>\n<p class=\"tw-data-text tw-text-large tw-ta\" dir=\"ltr\" data-placeholder=\"Traducci\u00f3n\" data-ved=\"2ahUKEwj_35Gav-SCAxW8U6QEHQ-hApYQ3ewLegQIDRAQ\"><span class=\"Y2IQFc\" lang=\"pt\">As sementes de maconha feminizadas KETAMA DIESEL s\u00e3o muito f\u00e1ceis de cultivar dentro e fora de casa. <\/span><\/p>\n<p class=\"tw-data-text tw-text-large tw-ta\" dir=\"ltr\" data-placeholder=\"Traducci\u00f3n\" data-ved=\"2ahUKEwj_35Gav-SCAxW8U6QEHQ-hApYQ3ewLegQIDRAQ\"><span class=\"Y2IQFc\" lang=\"pt\">As sementes feminizadas KETAMA DIESEL nos dar\u00e3o plantas muito vigorosas, de tamanho m\u00e9dio-alto e flora\u00e7\u00e3o curta. <\/span><\/p>\n<p class=\"tw-data-text tw-text-large tw-ta\" dir=\"ltr\" data-placeholder=\"Traducci\u00f3n\" data-ved=\"2ahUKEwj_35Gav-SCAxW8U6QEHQ-hApYQ3ewLegQIDRAQ\"><span class=\"Y2IQFc\" lang=\"pt\">No exterior a planta atingir\u00e1 3 metros. Uma planta que terminar\u00e1 a flora\u00e7\u00e3o de forma espetacular com bot\u00f5es longos e consistentes cheios de resina com aquela fina mistura de aromas a gas\u00f3leo, frutas ex\u00f3ticas e citrinos. <\/span><\/p>\n<p class=\"tw-data-text tw-text-large tw-ta\" dir=\"ltr\" data-placeholder=\"Traducci\u00f3n\" data-ved=\"2ahUKEwj_35Gav-SCAxW8U6QEHQ-hApYQ3ewLegQIDRAQ\"><span class=\"Y2IQFc\" lang=\"pt\">Al\u00e9m do sabor caracter\u00edstico, por produzir muita resina, \u00e9 uma variedade de cannabis muito utilizada para fazer haxixe. <\/span><\/p>\n<p class=\"tw-data-text tw-text-large tw-ta\" dir=\"ltr\" data-placeholder=\"Traducci\u00f3n\" data-ved=\"2ahUKEwj_35Gav-SCAxW8U6QEHQ-hApYQ3ewLegQIDRAQ\"><span class=\"Y2IQFc\" lang=\"pt\">Um haxixe que, tal como as boas flores da variedade KETAMA DIESEL, deixa um final de boca fino muito semelhante ao de um bom alca\u00e7uz. <\/span><\/p>\n<p class=\"tw-data-text tw-text-large tw-ta\" dir=\"ltr\" data-placeholder=\"Traducci\u00f3n\" data-ved=\"2ahUKEwj_35Gav-SCAxW8U6QEHQ-hApYQ3ewLegQIDRAQ\"><span class=\"Y2IQFc\" lang=\"pt\">Ficamos muito felizes em ver todos os tipos de produtores e amantes de cannabis t\u00e3o satisfeitos com os resultados desta variedade.<\/span><\/p>\n<p>VARIEDADE : H\u00edbrido com predomin\u00e2ncia de sativa<br \/>\nAROMA: Frutas tropicais e notas c\u00edtricas<br \/>\nEFEITO: Cerebral e de longa dura\u00e7\u00e3o<br \/>\nTHC: 13 A 16%.<br \/>\nCBD: BAIXO<br \/>\nSensibilidade a fungos: BAIXA<br \/>\nPAR\u00c2METROS DE CULTIVO BIOL\u00d3GICO HIDROP\u00d4NICO<br \/>\nCrescimento da CE: 0,7ms 1-1,2ms<br \/>\nEC Flora\u00e7\u00e3o: 1ms 1,2ms<br \/>\nPH Crescimento: 6,0 5,8<br \/>\nPH Flora\u00e7\u00e3o: 7,0 6,0<br \/>\nDESENVOLVIMENTO EXTERIOR INTERIOR<br \/>\nCOLHEITA: 10-15 de outubro 60-65 dias<br \/>\nRENDIMENTO : At\u00e9 1 KG. por planta 400-500 gr\/m2<\/p>\n<h3 dir=\"ltr\" data-placeholder=\"Traducci\u00f3n\" data-ved=\"2ahUKEwj_35Gav-SCAxW8U6QEHQ-hApYQ3ewLegQIDRAQ\">KETAMA DIESEL sementes de maconha feminizadas<\/h3>\n","protected":false},"excerpt":{"rendered":"<p>KETAMA DIESEL sementes de cannabis feminizadas As sementes de maconha feminizadas KETAMA DIESEL s\u00e3o uma excelente variedade com predomin\u00e2ncia sativa. O requinte de um AFGHANI e o poder de um MEXICAN SATIVA fazem dele uma gen\u00e9tica de alto n\u00edvel. Ap\u00f3s um longo trabalho de sele\u00e7\u00e3o conseguimos esta casta ex\u00f3tica com um aroma rico, mas tamb\u00e9m [&hellip;]<\/p>\n","protected":false},"featured_media":686,"comment_status":"open","ping_status":"closed","template":"","meta":{"_et_pb_use_builder":"","_et_pb_old_content":"","_et_gb_content_width":""},"product_brand":[],"product_cat":[49],"product_tag":[],"class_list":{"0":"post-1052","1":"product","2":"type-product","3":"status-publish","4":"has-post-thumbnail","6":"product_cat-sementes-feminizadas","8":"first","9":"instock","10":"shipping-taxable","11":"purchasable","12":"product-type-variable"},"yoast_head":"<!-- This site is optimized with the Yoast SEO plugin v27.3 - https:\/\/yoast.com\/product\/yoast-seo-wordpress\/ -->\n<title>KETAMA DIESEL sementes de cannabis feminizadas<\/title>\n<meta name=\"description\" content=\"As sementes de maconha feminizadas KETAMA DIESEL s\u00e3o uma excelente variedade com predomin\u00e2ncia sativa. O requinte de um AFGHANI e o poder de um MEXICAN SATIVA fazem dele uma gen\u00e9tica de alto n\u00edvel.\" \/>\n<meta name=\"robots\" content=\"index, follow, max-snippet:-1, max-image-preview:large, max-video-preview:-1\" \/>\n<link rel=\"canonical\" href=\"https:\/\/ketamaseeds.com\/pt-br\/produto\/ketama-diesel-sementes-de-cannabis-feminizadas\/\" \/>\n<meta property=\"og:locale\" content=\"pt_BR\" \/>\n<meta property=\"og:type\" content=\"article\" \/>\n<meta property=\"og:title\" content=\"KETAMA DIESEL sementes de cannabis feminizadas\" \/>\n<meta property=\"og:description\" content=\"As sementes de maconha feminizadas KETAMA DIESEL s\u00e3o uma excelente variedade com predomin\u00e2ncia sativa. O requinte de um AFGHANI e o poder de um MEXICAN SATIVA fazem dele uma gen\u00e9tica de alto n\u00edvel.\" \/>\n<meta property=\"og:url\" content=\"https:\/\/ketamaseeds.com\/pt-br\/produto\/ketama-diesel-sementes-de-cannabis-feminizadas\/\" \/>\n<meta property=\"og:site_name\" content=\"KETAMA SEEDS\" \/>\n<meta property=\"article:publisher\" content=\"https:\/\/www.facebook.com\/ketamaseedsbank\" \/>\n<meta property=\"article:modified_time\" content=\"2023-12-07T20:57:46+00:00\" \/>\n<meta property=\"og:image\" content=\"https:\/\/ketamaseeds.com\/wp-content\/uploads\/2023\/10\/flor-planta-de-cannabis-de-la-variedad-ketama-diesel.jpg\" \/>\n\t<meta property=\"og:image:width\" content=\"1280\" \/>\n\t<meta property=\"og:image:height\" content=\"720\" \/>\n\t<meta property=\"og:image:type\" content=\"image\/jpeg\" \/>\n<meta name=\"twitter:card\" content=\"summary_large_image\" \/>\n<meta name=\"twitter:site\" content=\"@KetamaSeeds\" \/>\n<meta name=\"twitter:label1\" content=\"Est. tempo de leitura\" \/>\n\t<meta name=\"twitter:data1\" content=\"2 minutos\" \/>\n<script type=\"application\/ld+json\" class=\"yoast-schema-graph\">{\"@context\":\"https:\\\/\\\/schema.org\",\"@graph\":[{\"@type\":\"WebPage\",\"@id\":\"https:\\\/\\\/ketamaseeds.com\\\/pt-br\\\/produto\\\/ketama-diesel-sementes-de-cannabis-feminizadas\\\/\",\"url\":\"https:\\\/\\\/ketamaseeds.com\\\/pt-br\\\/produto\\\/ketama-diesel-sementes-de-cannabis-feminizadas\\\/\",\"name\":\"KETAMA DIESEL sementes de cannabis feminizadas\",\"isPartOf\":{\"@id\":\"https:\\\/\\\/ketamaseeds.com\\\/pt-br\\\/#website\"},\"primaryImageOfPage\":{\"@id\":\"https:\\\/\\\/ketamaseeds.com\\\/pt-br\\\/produto\\\/ketama-diesel-sementes-de-cannabis-feminizadas\\\/#primaryimage\"},\"image\":{\"@id\":\"https:\\\/\\\/ketamaseeds.com\\\/pt-br\\\/produto\\\/ketama-diesel-sementes-de-cannabis-feminizadas\\\/#primaryimage\"},\"thumbnailUrl\":\"https:\\\/\\\/ketamaseeds.com\\\/wp-content\\\/uploads\\\/2023\\\/10\\\/flor-planta-de-cannabis-de-la-variedad-ketama-diesel.jpg\",\"datePublished\":\"2023-10-12T00:24:23+00:00\",\"dateModified\":\"2023-12-07T20:57:46+00:00\",\"description\":\"As sementes de maconha feminizadas KETAMA DIESEL s\u00e3o uma excelente variedade com predomin\u00e2ncia sativa. O requinte de um AFGHANI e o poder de um MEXICAN SATIVA fazem dele uma gen\u00e9tica de alto n\u00edvel.\",\"breadcrumb\":{\"@id\":\"https:\\\/\\\/ketamaseeds.com\\\/pt-br\\\/produto\\\/ketama-diesel-sementes-de-cannabis-feminizadas\\\/#breadcrumb\"},\"inLanguage\":\"pt-BR\",\"potentialAction\":[{\"@type\":\"ReadAction\",\"target\":[\"https:\\\/\\\/ketamaseeds.com\\\/pt-br\\\/produto\\\/ketama-diesel-sementes-de-cannabis-feminizadas\\\/\"]}]},{\"@type\":\"ImageObject\",\"inLanguage\":\"pt-BR\",\"@id\":\"https:\\\/\\\/ketamaseeds.com\\\/pt-br\\\/produto\\\/ketama-diesel-sementes-de-cannabis-feminizadas\\\/#primaryimage\",\"url\":\"https:\\\/\\\/ketamaseeds.com\\\/wp-content\\\/uploads\\\/2023\\\/10\\\/flor-planta-de-cannabis-de-la-variedad-ketama-diesel.jpg\",\"contentUrl\":\"https:\\\/\\\/ketamaseeds.com\\\/wp-content\\\/uploads\\\/2023\\\/10\\\/flor-planta-de-cannabis-de-la-variedad-ketama-diesel.jpg\",\"width\":1280,\"height\":720,\"caption\":\"planta de maconha ketama diesel\"},{\"@type\":\"BreadcrumbList\",\"@id\":\"https:\\\/\\\/ketamaseeds.com\\\/pt-br\\\/produto\\\/ketama-diesel-sementes-de-cannabis-feminizadas\\\/#breadcrumb\",\"itemListElement\":[{\"@type\":\"ListItem\",\"position\":1,\"name\":\"Home\",\"item\":\"https:\\\/\\\/ketamaseeds.com\\\/pt-br\\\/\"},{\"@type\":\"ListItem\",\"position\":2,\"name\":\"Sementes de cannabis\",\"item\":\"https:\\\/\\\/ketamaseeds.com\\\/pt-br\\\/sementes-de-cannabis\\\/\"},{\"@type\":\"ListItem\",\"position\":3,\"name\":\"KETAMA DIESEL sementes de cannabis feminizadas\"}]},{\"@type\":\"WebSite\",\"@id\":\"https:\\\/\\\/ketamaseeds.com\\\/pt-br\\\/#website\",\"url\":\"https:\\\/\\\/ketamaseeds.com\\\/pt-br\\\/\",\"name\":\"KETAMA SEEDS\",\"description\":\"Banco de semillas de Cannabis\",\"publisher\":{\"@id\":\"https:\\\/\\\/ketamaseeds.com\\\/pt-br\\\/#organization\"},\"potentialAction\":[{\"@type\":\"SearchAction\",\"target\":{\"@type\":\"EntryPoint\",\"urlTemplate\":\"https:\\\/\\\/ketamaseeds.com\\\/pt-br\\\/?s={search_term_string}\"},\"query-input\":{\"@type\":\"PropertyValueSpecification\",\"valueRequired\":true,\"valueName\":\"search_term_string\"}}],\"inLanguage\":\"pt-BR\"},{\"@type\":\"Organization\",\"@id\":\"https:\\\/\\\/ketamaseeds.com\\\/pt-br\\\/#organization\",\"name\":\"KETAMA SEEDS\",\"url\":\"https:\\\/\\\/ketamaseeds.com\\\/pt-br\\\/\",\"logo\":{\"@type\":\"ImageObject\",\"inLanguage\":\"pt-BR\",\"@id\":\"https:\\\/\\\/ketamaseeds.com\\\/pt-br\\\/#\\\/schema\\\/logo\\\/image\\\/\",\"url\":\"https:\\\/\\\/ketamaseeds.com\\\/wp-content\\\/uploads\\\/2023\\\/10\\\/cropped-ketama-seeds-logo.jpeg\",\"contentUrl\":\"https:\\\/\\\/ketamaseeds.com\\\/wp-content\\\/uploads\\\/2023\\\/10\\\/cropped-ketama-seeds-logo.jpeg\",\"width\":512,\"height\":512,\"caption\":\"KETAMA SEEDS\"},\"image\":{\"@id\":\"https:\\\/\\\/ketamaseeds.com\\\/pt-br\\\/#\\\/schema\\\/logo\\\/image\\\/\"},\"sameAs\":[\"https:\\\/\\\/www.facebook.com\\\/ketamaseedsbank\",\"https:\\\/\\\/x.com\\\/KetamaSeeds\",\"https:\\\/\\\/www.instagram.com\\\/ketamaseeds\"]}]}<\/script>\n<!-- \/ Yoast SEO plugin. -->","yoast_head_json":{"title":"KETAMA DIESEL sementes de cannabis feminizadas","description":"As sementes de maconha feminizadas KETAMA DIESEL s\u00e3o uma excelente variedade com predomin\u00e2ncia sativa. O requinte de um AFGHANI e o poder de um MEXICAN SATIVA fazem dele uma gen\u00e9tica de alto n\u00edvel.","robots":{"index":"index","follow":"follow","max-snippet":"max-snippet:-1","max-image-preview":"max-image-preview:large","max-video-preview":"max-video-preview:-1"},"canonical":"https:\/\/ketamaseeds.com\/pt-br\/produto\/ketama-diesel-sementes-de-cannabis-feminizadas\/","og_locale":"pt_BR","og_type":"article","og_title":"KETAMA DIESEL sementes de cannabis feminizadas","og_description":"As sementes de maconha feminizadas KETAMA DIESEL s\u00e3o uma excelente variedade com predomin\u00e2ncia sativa. O requinte de um AFGHANI e o poder de um MEXICAN SATIVA fazem dele uma gen\u00e9tica de alto n\u00edvel.","og_url":"https:\/\/ketamaseeds.com\/pt-br\/produto\/ketama-diesel-sementes-de-cannabis-feminizadas\/","og_site_name":"KETAMA SEEDS","article_publisher":"https:\/\/www.facebook.com\/ketamaseedsbank","article_modified_time":"2023-12-07T20:57:46+00:00","og_image":[{"width":1280,"height":720,"url":"https:\/\/ketamaseeds.com\/wp-content\/uploads\/2023\/10\/flor-planta-de-cannabis-de-la-variedad-ketama-diesel.jpg","type":"image\/jpeg"}],"twitter_card":"summary_large_image","twitter_site":"@KetamaSeeds","twitter_misc":{"Est. tempo de leitura":"2 minutos"},"schema":{"@context":"https:\/\/schema.org","@graph":[{"@type":"WebPage","@id":"https:\/\/ketamaseeds.com\/pt-br\/produto\/ketama-diesel-sementes-de-cannabis-feminizadas\/","url":"https:\/\/ketamaseeds.com\/pt-br\/produto\/ketama-diesel-sementes-de-cannabis-feminizadas\/","name":"KETAMA DIESEL sementes de cannabis feminizadas","isPartOf":{"@id":"https:\/\/ketamaseeds.com\/pt-br\/#website"},"primaryImageOfPage":{"@id":"https:\/\/ketamaseeds.com\/pt-br\/produto\/ketama-diesel-sementes-de-cannabis-feminizadas\/#primaryimage"},"image":{"@id":"https:\/\/ketamaseeds.com\/pt-br\/produto\/ketama-diesel-sementes-de-cannabis-feminizadas\/#primaryimage"},"thumbnailUrl":"https:\/\/ketamaseeds.com\/wp-content\/uploads\/2023\/10\/flor-planta-de-cannabis-de-la-variedad-ketama-diesel.jpg","datePublished":"2023-10-12T00:24:23+00:00","dateModified":"2023-12-07T20:57:46+00:00","description":"As sementes de maconha feminizadas KETAMA DIESEL s\u00e3o uma excelente variedade com predomin\u00e2ncia sativa. O requinte de um AFGHANI e o poder de um MEXICAN SATIVA fazem dele uma gen\u00e9tica de alto n\u00edvel.","breadcrumb":{"@id":"https:\/\/ketamaseeds.com\/pt-br\/produto\/ketama-diesel-sementes-de-cannabis-feminizadas\/#breadcrumb"},"inLanguage":"pt-BR","potentialAction":[{"@type":"ReadAction","target":["https:\/\/ketamaseeds.com\/pt-br\/produto\/ketama-diesel-sementes-de-cannabis-feminizadas\/"]}]},{"@type":"ImageObject","inLanguage":"pt-BR","@id":"https:\/\/ketamaseeds.com\/pt-br\/produto\/ketama-diesel-sementes-de-cannabis-feminizadas\/#primaryimage","url":"https:\/\/ketamaseeds.com\/wp-content\/uploads\/2023\/10\/flor-planta-de-cannabis-de-la-variedad-ketama-diesel.jpg","contentUrl":"https:\/\/ketamaseeds.com\/wp-content\/uploads\/2023\/10\/flor-planta-de-cannabis-de-la-variedad-ketama-diesel.jpg","width":1280,"height":720,"caption":"planta de maconha ketama diesel"},{"@type":"BreadcrumbList","@id":"https:\/\/ketamaseeds.com\/pt-br\/produto\/ketama-diesel-sementes-de-cannabis-feminizadas\/#breadcrumb","itemListElement":[{"@type":"ListItem","position":1,"name":"Home","item":"https:\/\/ketamaseeds.com\/pt-br\/"},{"@type":"ListItem","position":2,"name":"Sementes de cannabis","item":"https:\/\/ketamaseeds.com\/pt-br\/sementes-de-cannabis\/"},{"@type":"ListItem","position":3,"name":"KETAMA DIESEL sementes de cannabis feminizadas"}]},{"@type":"WebSite","@id":"https:\/\/ketamaseeds.com\/pt-br\/#website","url":"https:\/\/ketamaseeds.com\/pt-br\/","name":"KETAMA SEEDS","description":"Banco de semillas de Cannabis","publisher":{"@id":"https:\/\/ketamaseeds.com\/pt-br\/#organization"},"potentialAction":[{"@type":"SearchAction","target":{"@type":"EntryPoint","urlTemplate":"https:\/\/ketamaseeds.com\/pt-br\/?s={search_term_string}"},"query-input":{"@type":"PropertyValueSpecification","valueRequired":true,"valueName":"search_term_string"}}],"inLanguage":"pt-BR"},{"@type":"Organization","@id":"https:\/\/ketamaseeds.com\/pt-br\/#organization","name":"KETAMA SEEDS","url":"https:\/\/ketamaseeds.com\/pt-br\/","logo":{"@type":"ImageObject","inLanguage":"pt-BR","@id":"https:\/\/ketamaseeds.com\/pt-br\/#\/schema\/logo\/image\/","url":"https:\/\/ketamaseeds.com\/wp-content\/uploads\/2023\/10\/cropped-ketama-seeds-logo.jpeg","contentUrl":"https:\/\/ketamaseeds.com\/wp-content\/uploads\/2023\/10\/cropped-ketama-seeds-logo.jpeg","width":512,"height":512,"caption":"KETAMA SEEDS"},"image":{"@id":"https:\/\/ketamaseeds.com\/pt-br\/#\/schema\/logo\/image\/"},"sameAs":["https:\/\/www.facebook.com\/ketamaseedsbank","https:\/\/x.com\/KetamaSeeds","https:\/\/www.instagram.com\/ketamaseeds"]}]}},"_links":{"self":[{"href":"https:\/\/ketamaseeds.com\/pt-br\/wp-json\/wp\/v2\/product\/1052","targetHints":{"allow":["GET"]}}],"collection":[{"href":"https:\/\/ketamaseeds.com\/pt-br\/wp-json\/wp\/v2\/product"}],"about":[{"href":"https:\/\/ketamaseeds.com\/pt-br\/wp-json\/wp\/v2\/types\/product"}],"replies":[{"embeddable":true,"href":"https:\/\/ketamaseeds.com\/pt-br\/wp-json\/wp\/v2\/comments?post=1052"}],"wp:featuredmedia":[{"embeddable":true,"href":"https:\/\/ketamaseeds.com\/pt-br\/wp-json\/wp\/v2\/media\/686"}],"wp:attachment":[{"href":"https:\/\/ketamaseeds.com\/pt-br\/wp-json\/wp\/v2\/media?parent=1052"}],"wp:term":[{"taxonomy":"product_brand","embeddable":true,"href":"https:\/\/ketamaseeds.com\/pt-br\/wp-json\/wp\/v2\/product_brand?post=1052"},{"taxonomy":"product_cat","embeddable":true,"href":"https:\/\/ketamaseeds.com\/pt-br\/wp-json\/wp\/v2\/product_cat?post=1052"},{"taxonomy":"product_tag","embeddable":true,"href":"https:\/\/ketamaseeds.com\/pt-br\/wp-json\/wp\/v2\/product_tag?post=1052"}],"curies":[{"name":"wp","href":"https:\/\/api.w.org\/{rel}","templated":true}]}}