{"id":1128,"date":"2023-10-12T00:37:59","date_gmt":"2023-10-12T00:37:59","guid":{"rendered":"http:\/\/ketamaseeds.com\/product\/ketama-kush-sementes-de-cannabis-feminizadas\/"},"modified":"2025-04-12T21:58:24","modified_gmt":"2025-04-12T21:58:24","slug":"ketama-kush-sementes-de-cannabis-feminizadas","status":"publish","type":"product","link":"https:\/\/ketamaseeds.com\/pt-br\/produto\/ketama-kush-sementes-de-cannabis-feminizadas\/","title":{"rendered":"KETAMA KUSH\u00a0sementes de cannabis feminizadas"},"content":{"rendered":"<h2>KETAMA KUSH\u00a0sementes de cannabis feminizadas<\/h2>\n<p>As sementes de maconha feminizadas KETAMA KUSH s\u00e3o o resultado de um longo trabalho de sele\u00e7\u00e3o da nossa equipe de criadores. Partindo de fen\u00f3tipos da mais alta qualidade, escolhemos este por suas caracter\u00edsticas, que o tornam t\u00e3o especial e apreciado por especialistas em Kush de todo o mundo.<\/p>\n<p>A variedade de cannabis Kush \u00e9 conhecida por suas origens nas montanhas Hindu Kush, entre o Afeganist\u00e3o e o Paquist\u00e3o. As variedades Kush s\u00e3o apreciadas por sua pot\u00eancia, aroma caracter\u00edstico e propriedades relaxantes.<\/p>\n<p>Caracterizadas por bot\u00f5es densos, folhas largas e tons terrosos, as variedades Kush geralmente induzem a uma sensa\u00e7\u00e3o de relaxamento f\u00edsico profundo e s\u00e3o populares para o al\u00edvio do estresse e da ins\u00f4nia.<\/p>\n<p>Com uma grande variedade de variedades descendentes, a fam\u00edlia Kush deixou uma marca duradoura na cultura da cannabis.<\/p>\n<p>A KETAMA KUSH, quando cultivada ao ar livre, lhe dar\u00e1 uma planta de 3 metros cheia de bot\u00f5es pequenos, compactos e cobertos de resina.<\/p>\n<p>Se for cultivada em ambientes internos e n\u00e3o tiver muita altura, n\u00e3o \u00e9 aconselh\u00e1vel dar a ela muitos dias de crescimento devido ao seu alto vigor e desenvolvimento espetacular.<\/p>\n<p>Uma excelente variedade de cannabis com as melhores caracter\u00edsticas e propriedades organol\u00e9pticas da gen\u00e9tica KUSH.<\/p>\n<p>VARIEDADE : 80% Indica 20% Sativa<br \/>\nAROMA: Terroso &#8211; Doce<br \/>\nEFEITO: Meditativo ou relaxante.<br \/>\nTHC: 16 A 21%.<br \/>\nCBD: M\u00e9dio<br \/>\nSensibilidade a fungos: Moderada<br \/>\nPAR\u00c2METROS BIOL\u00d3GICOS HIDROP\u00d4NICOS<br \/>\nCrescimento da CE: 0,7ms 1-1,2ms<br \/>\nEC Flora\u00e7\u00e3o: 1ms 1,2ms<br \/>\nPH Crescimento: 6,0 5,8<br \/>\nPH Flora\u00e7\u00e3o: 7,0 6,0<br \/>\nDESENVOLVIMENTO EXTERIOR INTERIOR<br \/>\nCOLHEITA: 10-15 de outubro 65-70 dias<br \/>\nRENDIMENTO : 500-550 gr. por planta 450-500 gr\/m2<\/p>\n","protected":false},"excerpt":{"rendered":"<p>KETAMA KUSH\u00a0sementes de cannabis feminizadas As sementes de maconha feminizadas KETAMA KUSH s\u00e3o o resultado de um longo trabalho de sele\u00e7\u00e3o da nossa equipe de criadores. Partindo de fen\u00f3tipos da mais alta qualidade, escolhemos este por suas caracter\u00edsticas, que o tornam t\u00e3o especial e apreciado por especialistas em Kush de todo o mundo. A variedade [&hellip;]<\/p>\n","protected":false},"featured_media":527,"comment_status":"open","ping_status":"closed","template":"","meta":{"_et_pb_use_builder":"","_et_pb_old_content":"","_et_gb_content_width":""},"product_brand":[],"product_cat":[49],"product_tag":[],"class_list":{"0":"post-1128","1":"product","2":"type-product","3":"status-publish","4":"has-post-thumbnail","6":"product_cat-sementes-feminizadas","8":"first","9":"instock","10":"shipping-taxable","11":"purchasable","12":"product-type-variable"},"yoast_head":"<!-- This site is optimized with the Yoast SEO plugin v27.3 - https:\/\/yoast.com\/product\/yoast-seo-wordpress\/ -->\n<title>KETAMA KUSH\u00a0sementes de cannabis feminizadas<\/title>\n<meta name=\"description\" content=\"A variedade de cannabis Kush \u00e9 conhecida por suas origens nas montanhas Hindu Kush, entre o Afeganist\u00e3o e o Paquist\u00e3o. As variedades Kush s\u00e3o apreciadas por sua pot\u00eancia, aroma caracter\u00edstico e propriedades relaxantes.\" \/>\n<meta name=\"robots\" content=\"index, follow, max-snippet:-1, max-image-preview:large, max-video-preview:-1\" \/>\n<link rel=\"canonical\" href=\"https:\/\/ketamaseeds.com\/pt-br\/produto\/ketama-kush-sementes-de-cannabis-feminizadas\/\" \/>\n<meta property=\"og:locale\" content=\"pt_BR\" \/>\n<meta property=\"og:type\" content=\"article\" \/>\n<meta property=\"og:title\" content=\"KETAMA KUSH\u00a0sementes de cannabis feminizadas\" \/>\n<meta property=\"og:description\" content=\"A variedade de cannabis Kush \u00e9 conhecida por suas origens nas montanhas Hindu Kush, entre o Afeganist\u00e3o e o Paquist\u00e3o. As variedades Kush s\u00e3o apreciadas por sua pot\u00eancia, aroma caracter\u00edstico e propriedades relaxantes.\" \/>\n<meta property=\"og:url\" content=\"https:\/\/ketamaseeds.com\/pt-br\/produto\/ketama-kush-sementes-de-cannabis-feminizadas\/\" \/>\n<meta property=\"og:site_name\" content=\"KETAMA SEEDS\" \/>\n<meta property=\"article:publisher\" content=\"https:\/\/www.facebook.com\/ketamaseedsbank\" \/>\n<meta property=\"article:modified_time\" content=\"2025-04-12T21:58:24+00:00\" \/>\n<meta property=\"og:image\" content=\"https:\/\/ketamaseeds.com\/wp-content\/uploads\/2023\/10\/ketama-kush-flor-de-cannabis.jpg\" \/>\n\t<meta property=\"og:image:width\" content=\"1024\" \/>\n\t<meta property=\"og:image:height\" content=\"768\" \/>\n\t<meta property=\"og:image:type\" content=\"image\/jpeg\" \/>\n<meta name=\"twitter:card\" content=\"summary_large_image\" \/>\n<meta name=\"twitter:site\" content=\"@KetamaSeeds\" \/>\n<meta name=\"twitter:label1\" content=\"Est. tempo de leitura\" \/>\n\t<meta name=\"twitter:data1\" content=\"2 minutos\" \/>\n<script type=\"application\/ld+json\" class=\"yoast-schema-graph\">{\"@context\":\"https:\\\/\\\/schema.org\",\"@graph\":[{\"@type\":\"WebPage\",\"@id\":\"https:\\\/\\\/ketamaseeds.com\\\/pt-br\\\/produto\\\/ketama-kush-sementes-de-cannabis-feminizadas\\\/\",\"url\":\"https:\\\/\\\/ketamaseeds.com\\\/pt-br\\\/produto\\\/ketama-kush-sementes-de-cannabis-feminizadas\\\/\",\"name\":\"KETAMA KUSH\u00a0sementes de cannabis feminizadas\",\"isPartOf\":{\"@id\":\"https:\\\/\\\/ketamaseeds.com\\\/pt-br\\\/#website\"},\"primaryImageOfPage\":{\"@id\":\"https:\\\/\\\/ketamaseeds.com\\\/pt-br\\\/produto\\\/ketama-kush-sementes-de-cannabis-feminizadas\\\/#primaryimage\"},\"image\":{\"@id\":\"https:\\\/\\\/ketamaseeds.com\\\/pt-br\\\/produto\\\/ketama-kush-sementes-de-cannabis-feminizadas\\\/#primaryimage\"},\"thumbnailUrl\":\"https:\\\/\\\/ketamaseeds.com\\\/wp-content\\\/uploads\\\/2023\\\/10\\\/ketama-kush-flor-de-cannabis.jpg\",\"datePublished\":\"2023-10-12T00:37:59+00:00\",\"dateModified\":\"2025-04-12T21:58:24+00:00\",\"description\":\"A variedade de cannabis Kush \u00e9 conhecida por suas origens nas montanhas Hindu Kush, entre o Afeganist\u00e3o e o Paquist\u00e3o. As variedades Kush s\u00e3o apreciadas por sua pot\u00eancia, aroma caracter\u00edstico e propriedades relaxantes.\",\"breadcrumb\":{\"@id\":\"https:\\\/\\\/ketamaseeds.com\\\/pt-br\\\/produto\\\/ketama-kush-sementes-de-cannabis-feminizadas\\\/#breadcrumb\"},\"inLanguage\":\"pt-BR\",\"potentialAction\":[{\"@type\":\"ReadAction\",\"target\":[\"https:\\\/\\\/ketamaseeds.com\\\/pt-br\\\/produto\\\/ketama-kush-sementes-de-cannabis-feminizadas\\\/\"]}]},{\"@type\":\"ImageObject\",\"inLanguage\":\"pt-BR\",\"@id\":\"https:\\\/\\\/ketamaseeds.com\\\/pt-br\\\/produto\\\/ketama-kush-sementes-de-cannabis-feminizadas\\\/#primaryimage\",\"url\":\"https:\\\/\\\/ketamaseeds.com\\\/wp-content\\\/uploads\\\/2023\\\/10\\\/ketama-kush-flor-de-cannabis.jpg\",\"contentUrl\":\"https:\\\/\\\/ketamaseeds.com\\\/wp-content\\\/uploads\\\/2023\\\/10\\\/ketama-kush-flor-de-cannabis.jpg\",\"width\":1024,\"height\":768},{\"@type\":\"BreadcrumbList\",\"@id\":\"https:\\\/\\\/ketamaseeds.com\\\/pt-br\\\/produto\\\/ketama-kush-sementes-de-cannabis-feminizadas\\\/#breadcrumb\",\"itemListElement\":[{\"@type\":\"ListItem\",\"position\":1,\"name\":\"Home\",\"item\":\"https:\\\/\\\/ketamaseeds.com\\\/pt-br\\\/\"},{\"@type\":\"ListItem\",\"position\":2,\"name\":\"Sementes de cannabis\",\"item\":\"https:\\\/\\\/ketamaseeds.com\\\/pt-br\\\/sementes-de-cannabis\\\/\"},{\"@type\":\"ListItem\",\"position\":3,\"name\":\"KETAMA KUSH\u00a0sementes de cannabis feminizadas\"}]},{\"@type\":\"WebSite\",\"@id\":\"https:\\\/\\\/ketamaseeds.com\\\/pt-br\\\/#website\",\"url\":\"https:\\\/\\\/ketamaseeds.com\\\/pt-br\\\/\",\"name\":\"KETAMA SEEDS\",\"description\":\"Banco de semillas de Cannabis\",\"publisher\":{\"@id\":\"https:\\\/\\\/ketamaseeds.com\\\/pt-br\\\/#organization\"},\"potentialAction\":[{\"@type\":\"SearchAction\",\"target\":{\"@type\":\"EntryPoint\",\"urlTemplate\":\"https:\\\/\\\/ketamaseeds.com\\\/pt-br\\\/?s={search_term_string}\"},\"query-input\":{\"@type\":\"PropertyValueSpecification\",\"valueRequired\":true,\"valueName\":\"search_term_string\"}}],\"inLanguage\":\"pt-BR\"},{\"@type\":\"Organization\",\"@id\":\"https:\\\/\\\/ketamaseeds.com\\\/pt-br\\\/#organization\",\"name\":\"KETAMA SEEDS\",\"url\":\"https:\\\/\\\/ketamaseeds.com\\\/pt-br\\\/\",\"logo\":{\"@type\":\"ImageObject\",\"inLanguage\":\"pt-BR\",\"@id\":\"https:\\\/\\\/ketamaseeds.com\\\/pt-br\\\/#\\\/schema\\\/logo\\\/image\\\/\",\"url\":\"https:\\\/\\\/ketamaseeds.com\\\/wp-content\\\/uploads\\\/2023\\\/10\\\/cropped-ketama-seeds-logo.jpeg\",\"contentUrl\":\"https:\\\/\\\/ketamaseeds.com\\\/wp-content\\\/uploads\\\/2023\\\/10\\\/cropped-ketama-seeds-logo.jpeg\",\"width\":512,\"height\":512,\"caption\":\"KETAMA SEEDS\"},\"image\":{\"@id\":\"https:\\\/\\\/ketamaseeds.com\\\/pt-br\\\/#\\\/schema\\\/logo\\\/image\\\/\"},\"sameAs\":[\"https:\\\/\\\/www.facebook.com\\\/ketamaseedsbank\",\"https:\\\/\\\/x.com\\\/KetamaSeeds\",\"https:\\\/\\\/www.instagram.com\\\/ketamaseeds\"]}]}<\/script>\n<!-- \/ Yoast SEO plugin. -->","yoast_head_json":{"title":"KETAMA KUSH\u00a0sementes de cannabis feminizadas","description":"A variedade de cannabis Kush \u00e9 conhecida por suas origens nas montanhas Hindu Kush, entre o Afeganist\u00e3o e o Paquist\u00e3o. As variedades Kush s\u00e3o apreciadas por sua pot\u00eancia, aroma caracter\u00edstico e propriedades relaxantes.","robots":{"index":"index","follow":"follow","max-snippet":"max-snippet:-1","max-image-preview":"max-image-preview:large","max-video-preview":"max-video-preview:-1"},"canonical":"https:\/\/ketamaseeds.com\/pt-br\/produto\/ketama-kush-sementes-de-cannabis-feminizadas\/","og_locale":"pt_BR","og_type":"article","og_title":"KETAMA KUSH\u00a0sementes de cannabis feminizadas","og_description":"A variedade de cannabis Kush \u00e9 conhecida por suas origens nas montanhas Hindu Kush, entre o Afeganist\u00e3o e o Paquist\u00e3o. As variedades Kush s\u00e3o apreciadas por sua pot\u00eancia, aroma caracter\u00edstico e propriedades relaxantes.","og_url":"https:\/\/ketamaseeds.com\/pt-br\/produto\/ketama-kush-sementes-de-cannabis-feminizadas\/","og_site_name":"KETAMA SEEDS","article_publisher":"https:\/\/www.facebook.com\/ketamaseedsbank","article_modified_time":"2025-04-12T21:58:24+00:00","og_image":[{"width":1024,"height":768,"url":"https:\/\/ketamaseeds.com\/wp-content\/uploads\/2023\/10\/ketama-kush-flor-de-cannabis.jpg","type":"image\/jpeg"}],"twitter_card":"summary_large_image","twitter_site":"@KetamaSeeds","twitter_misc":{"Est. tempo de leitura":"2 minutos"},"schema":{"@context":"https:\/\/schema.org","@graph":[{"@type":"WebPage","@id":"https:\/\/ketamaseeds.com\/pt-br\/produto\/ketama-kush-sementes-de-cannabis-feminizadas\/","url":"https:\/\/ketamaseeds.com\/pt-br\/produto\/ketama-kush-sementes-de-cannabis-feminizadas\/","name":"KETAMA KUSH\u00a0sementes de cannabis feminizadas","isPartOf":{"@id":"https:\/\/ketamaseeds.com\/pt-br\/#website"},"primaryImageOfPage":{"@id":"https:\/\/ketamaseeds.com\/pt-br\/produto\/ketama-kush-sementes-de-cannabis-feminizadas\/#primaryimage"},"image":{"@id":"https:\/\/ketamaseeds.com\/pt-br\/produto\/ketama-kush-sementes-de-cannabis-feminizadas\/#primaryimage"},"thumbnailUrl":"https:\/\/ketamaseeds.com\/wp-content\/uploads\/2023\/10\/ketama-kush-flor-de-cannabis.jpg","datePublished":"2023-10-12T00:37:59+00:00","dateModified":"2025-04-12T21:58:24+00:00","description":"A variedade de cannabis Kush \u00e9 conhecida por suas origens nas montanhas Hindu Kush, entre o Afeganist\u00e3o e o Paquist\u00e3o. As variedades Kush s\u00e3o apreciadas por sua pot\u00eancia, aroma caracter\u00edstico e propriedades relaxantes.","breadcrumb":{"@id":"https:\/\/ketamaseeds.com\/pt-br\/produto\/ketama-kush-sementes-de-cannabis-feminizadas\/#breadcrumb"},"inLanguage":"pt-BR","potentialAction":[{"@type":"ReadAction","target":["https:\/\/ketamaseeds.com\/pt-br\/produto\/ketama-kush-sementes-de-cannabis-feminizadas\/"]}]},{"@type":"ImageObject","inLanguage":"pt-BR","@id":"https:\/\/ketamaseeds.com\/pt-br\/produto\/ketama-kush-sementes-de-cannabis-feminizadas\/#primaryimage","url":"https:\/\/ketamaseeds.com\/wp-content\/uploads\/2023\/10\/ketama-kush-flor-de-cannabis.jpg","contentUrl":"https:\/\/ketamaseeds.com\/wp-content\/uploads\/2023\/10\/ketama-kush-flor-de-cannabis.jpg","width":1024,"height":768},{"@type":"BreadcrumbList","@id":"https:\/\/ketamaseeds.com\/pt-br\/produto\/ketama-kush-sementes-de-cannabis-feminizadas\/#breadcrumb","itemListElement":[{"@type":"ListItem","position":1,"name":"Home","item":"https:\/\/ketamaseeds.com\/pt-br\/"},{"@type":"ListItem","position":2,"name":"Sementes de cannabis","item":"https:\/\/ketamaseeds.com\/pt-br\/sementes-de-cannabis\/"},{"@type":"ListItem","position":3,"name":"KETAMA KUSH\u00a0sementes de cannabis feminizadas"}]},{"@type":"WebSite","@id":"https:\/\/ketamaseeds.com\/pt-br\/#website","url":"https:\/\/ketamaseeds.com\/pt-br\/","name":"KETAMA SEEDS","description":"Banco de semillas de Cannabis","publisher":{"@id":"https:\/\/ketamaseeds.com\/pt-br\/#organization"},"potentialAction":[{"@type":"SearchAction","target":{"@type":"EntryPoint","urlTemplate":"https:\/\/ketamaseeds.com\/pt-br\/?s={search_term_string}"},"query-input":{"@type":"PropertyValueSpecification","valueRequired":true,"valueName":"search_term_string"}}],"inLanguage":"pt-BR"},{"@type":"Organization","@id":"https:\/\/ketamaseeds.com\/pt-br\/#organization","name":"KETAMA SEEDS","url":"https:\/\/ketamaseeds.com\/pt-br\/","logo":{"@type":"ImageObject","inLanguage":"pt-BR","@id":"https:\/\/ketamaseeds.com\/pt-br\/#\/schema\/logo\/image\/","url":"https:\/\/ketamaseeds.com\/wp-content\/uploads\/2023\/10\/cropped-ketama-seeds-logo.jpeg","contentUrl":"https:\/\/ketamaseeds.com\/wp-content\/uploads\/2023\/10\/cropped-ketama-seeds-logo.jpeg","width":512,"height":512,"caption":"KETAMA SEEDS"},"image":{"@id":"https:\/\/ketamaseeds.com\/pt-br\/#\/schema\/logo\/image\/"},"sameAs":["https:\/\/www.facebook.com\/ketamaseedsbank","https:\/\/x.com\/KetamaSeeds","https:\/\/www.instagram.com\/ketamaseeds"]}]}},"_links":{"self":[{"href":"https:\/\/ketamaseeds.com\/pt-br\/wp-json\/wp\/v2\/product\/1128","targetHints":{"allow":["GET"]}}],"collection":[{"href":"https:\/\/ketamaseeds.com\/pt-br\/wp-json\/wp\/v2\/product"}],"about":[{"href":"https:\/\/ketamaseeds.com\/pt-br\/wp-json\/wp\/v2\/types\/product"}],"replies":[{"embeddable":true,"href":"https:\/\/ketamaseeds.com\/pt-br\/wp-json\/wp\/v2\/comments?post=1128"}],"wp:featuredmedia":[{"embeddable":true,"href":"https:\/\/ketamaseeds.com\/pt-br\/wp-json\/wp\/v2\/media\/527"}],"wp:attachment":[{"href":"https:\/\/ketamaseeds.com\/pt-br\/wp-json\/wp\/v2\/media?parent=1128"}],"wp:term":[{"taxonomy":"product_brand","embeddable":true,"href":"https:\/\/ketamaseeds.com\/pt-br\/wp-json\/wp\/v2\/product_brand?post=1128"},{"taxonomy":"product_cat","embeddable":true,"href":"https:\/\/ketamaseeds.com\/pt-br\/wp-json\/wp\/v2\/product_cat?post=1128"},{"taxonomy":"product_tag","embeddable":true,"href":"https:\/\/ketamaseeds.com\/pt-br\/wp-json\/wp\/v2\/product_tag?post=1128"}],"curies":[{"name":"wp","href":"https:\/\/api.w.org\/{rel}","templated":true}]}}