{"id":1147,"date":"2023-10-10T15:37:32","date_gmt":"2023-10-10T15:37:32","guid":{"rendered":"http:\/\/ketamaseeds.com\/product\/mujica-gold-sementes-de-cannabis-feminizadas\/"},"modified":"2024-04-02T22:55:49","modified_gmt":"2024-04-02T22:55:49","slug":"mujica-gold-sementes-de-cannabis-feminizadas","status":"publish","type":"product","link":"https:\/\/ketamaseeds.com\/pt-br\/produto\/mujica-gold-sementes-de-cannabis-feminizadas\/","title":{"rendered":"MUJICA GOLD sementes de cannabis feminizadas"},"content":{"rendered":"<h2>MUJICA GOLD sementes de cannabis feminizadas<\/h2>\n<p>Sementes de maconha feminizadas MUJICA GOLD, uma variedade de maconha em homenagem a Jos\u00e9 Mujica (Pepe), ex-presidente do Uruguai.<br \/>\nSementes de maconha feminizadas de uma variedade que, como &#8220;El Pepe&#8221;, deixar\u00e1 sua marca na hist\u00f3ria com grande dignidade.<br \/>\nAs sementes de maconha feminizadas Mujica Gold s\u00e3o um h\u00edbrido fruto da observa\u00e7\u00e3o, pesquisa e desenvolvimento de uma das variedades de cannabis mais consumidas atualmente na Europa por sua colheita r\u00e1pida, aroma potente, sabor doce e produ\u00e7\u00e3o.<\/p>\n<p>Com a Mujica Gold, conseguimos estabilizar um fen\u00f3tipo Critical Ketama e cruz\u00e1-lo com uma das joias indica de nossa biblioteca de m\u00e3es. Dessa forma, obtivemos uma das plantas mais produtivas e arom\u00e1ticas do mercado.<\/p>\n<p>A Mujica Gold tem os claros aromas frutados da Critical Ketama misturados com a acidez caracter\u00edstica da indica e toques de baunilha, que produzem um sabor muito duradouro e agrad\u00e1vel.<\/p>\n<p>O efeito da Mujica Gold, devido \u00e0 sua ascend\u00eancia indica, \u00e9 relaxante e duradouro.<\/p>\n<p>A Mujica Gold \u00e9 uma planta de altura m\u00e9dia a alta, dist\u00e2ncia internodal curta, flora\u00e7\u00e3o r\u00e1pida e muito produtiva.<\/p>\n<p>A Mujica Gold atinge rendimentos de mais de 600 g por planta e, devido \u00e0 sua alta resist\u00eancia a pragas e doen\u00e7as, \u00e9 particularmente adequada para qualquer tipo de clima.<\/p>\n<p>\u00c9 por isso que recomendamos essa variedade de sementes de maconha feminizadas para cultivo interno ou externo.<\/p>\n<p>At\u00e9 o momento, a Mujica Gold foi testada em cultivos laboratoriais e ao ar livre em todas as regi\u00f5es do mundo, apresentando excelentes resultados e, portanto, grande alegria para os produtores e consumidores.<\/p>\n<p>VARIEDADE : 45% Sativa-55% Indica<br \/>\nAROMA: Aroma floral de Skunk.<br \/>\nEFEITO: Meditativo ou relaxante.<br \/>\nTHC: 15-18% CBD: 0,3% THC: 15-18% CBD: 0,3% CBD<br \/>\nCBD: 0,3%.<br \/>\nSensibilidade a fungos: Moderada<br \/>\nPAR\u00c2METROS BIOL\u00d3GICOS HIDROP\u00d4NICOS<br \/>\nCrescimento da CE: 0,7ms 1-1,2ms<br \/>\nEC Flora\u00e7\u00e3o: 1ms 1,2ms<br \/>\nPH Crescimento: 6,0 5,8<br \/>\nPH Flora\u00e7\u00e3o: 7,0 6,0<br \/>\nDESENVOLVIMENTO EXTERIOR INTERIOR<br \/>\nCOLHEITA: final de setembro 50-55 dias<br \/>\nRENDIMENTO : At\u00e9 1.600 gr. por planta 600 gr\/m2<\/p>\n","protected":false},"excerpt":{"rendered":"<p><strong>Sementes de maconha feminizadas MUJICA GOLD para ambientes internos e externos.<\/strong><\/p>\n<p><strong>Pr\u00eamios:<\/strong><\/p>\n<p><strong>Copa Cann\u00e1bica de Navarra &#8211; NaparCup<\/strong><\/p>\n<p><strong>&#8220;Melhor variedade de \u00edndica&#8221; Pamplona 2014<\/strong><\/p>\n<p><strong>Copa Erdi Aldea 2015<\/strong><\/p>\n<p><strong>&#8220;Melhor variedade &#8211; interior Bio&#8221;.<\/strong><\/p>\n<p><strong>Copa Master Seeds &#8211; interior &#8211; ESPANHA<\/strong><\/p>\n<p><strong>Melhor variedade 2015-2016<\/strong><\/p>\n<p><strong>Copa Neuro Pacific &#8211; CHILE<\/strong><\/p>\n<p><strong>Melhores variedades de \u00edndica 2016<\/strong><\/p>\n","protected":false},"featured_media":506,"comment_status":"open","ping_status":"closed","template":"","meta":{"_et_pb_use_builder":"","_et_pb_old_content":"","_et_gb_content_width":""},"product_brand":[],"product_cat":[49],"product_tag":[],"class_list":{"0":"post-1147","1":"product","2":"type-product","3":"status-publish","4":"has-post-thumbnail","6":"product_cat-sementes-feminizadas","8":"first","9":"instock","10":"shipping-taxable","11":"purchasable","12":"product-type-variable"},"yoast_head":"<!-- This site is optimized with the Yoast SEO plugin v27.3 - https:\/\/yoast.com\/product\/yoast-seo-wordpress\/ -->\n<title>MUJICA GOLD sementes de cannabis feminizadas<\/title>\n<meta name=\"description\" content=\"A Mujica Gold tem os claros aromas frutados da Critical Ketama misturados com a acidez caracter\u00edstica da indica e toques de baunilha, que produzem um sabor muito duradouro e agrad\u00e1vel.\" \/>\n<meta name=\"robots\" content=\"index, follow, max-snippet:-1, max-image-preview:large, max-video-preview:-1\" \/>\n<link rel=\"canonical\" href=\"https:\/\/ketamaseeds.com\/pt-br\/produto\/mujica-gold-sementes-de-cannabis-feminizadas\/\" \/>\n<meta property=\"og:locale\" content=\"pt_BR\" \/>\n<meta property=\"og:type\" content=\"article\" \/>\n<meta property=\"og:title\" content=\"MUJICA GOLD sementes de cannabis feminizadas\" \/>\n<meta property=\"og:description\" content=\"A Mujica Gold tem os claros aromas frutados da Critical Ketama misturados com a acidez caracter\u00edstica da indica e toques de baunilha, que produzem um sabor muito duradouro e agrad\u00e1vel.\" \/>\n<meta property=\"og:url\" content=\"https:\/\/ketamaseeds.com\/pt-br\/produto\/mujica-gold-sementes-de-cannabis-feminizadas\/\" \/>\n<meta property=\"og:site_name\" content=\"KETAMA SEEDS\" \/>\n<meta property=\"article:publisher\" content=\"https:\/\/www.facebook.com\/ketamaseedsbank\" \/>\n<meta property=\"article:modified_time\" content=\"2024-04-02T22:55:49+00:00\" \/>\n<meta property=\"og:image\" content=\"https:\/\/ketamaseeds.com\/wp-content\/uploads\/2023\/10\/MUJICA-GOLD-semillas-de-marihuana-feminizadas.jpg\" \/>\n\t<meta property=\"og:image:width\" content=\"1000\" \/>\n\t<meta property=\"og:image:height\" content=\"750\" \/>\n\t<meta property=\"og:image:type\" content=\"image\/jpeg\" \/>\n<meta name=\"twitter:card\" content=\"summary_large_image\" \/>\n<meta name=\"twitter:site\" content=\"@KetamaSeeds\" \/>\n<meta name=\"twitter:label1\" content=\"Est. tempo de leitura\" \/>\n\t<meta name=\"twitter:data1\" content=\"2 minutos\" \/>\n<script type=\"application\/ld+json\" class=\"yoast-schema-graph\">{\"@context\":\"https:\\\/\\\/schema.org\",\"@graph\":[{\"@type\":\"WebPage\",\"@id\":\"https:\\\/\\\/ketamaseeds.com\\\/pt-br\\\/produto\\\/mujica-gold-sementes-de-cannabis-feminizadas\\\/\",\"url\":\"https:\\\/\\\/ketamaseeds.com\\\/pt-br\\\/produto\\\/mujica-gold-sementes-de-cannabis-feminizadas\\\/\",\"name\":\"MUJICA GOLD sementes de cannabis feminizadas\",\"isPartOf\":{\"@id\":\"https:\\\/\\\/ketamaseeds.com\\\/pt-br\\\/#website\"},\"primaryImageOfPage\":{\"@id\":\"https:\\\/\\\/ketamaseeds.com\\\/pt-br\\\/produto\\\/mujica-gold-sementes-de-cannabis-feminizadas\\\/#primaryimage\"},\"image\":{\"@id\":\"https:\\\/\\\/ketamaseeds.com\\\/pt-br\\\/produto\\\/mujica-gold-sementes-de-cannabis-feminizadas\\\/#primaryimage\"},\"thumbnailUrl\":\"https:\\\/\\\/ketamaseeds.com\\\/wp-content\\\/uploads\\\/2023\\\/10\\\/MUJICA-GOLD-semillas-de-marihuana-feminizadas.jpg\",\"datePublished\":\"2023-10-10T15:37:32+00:00\",\"dateModified\":\"2024-04-02T22:55:49+00:00\",\"description\":\"A Mujica Gold tem os claros aromas frutados da Critical Ketama misturados com a acidez caracter\u00edstica da indica e toques de baunilha, que produzem um sabor muito duradouro e agrad\u00e1vel.\",\"breadcrumb\":{\"@id\":\"https:\\\/\\\/ketamaseeds.com\\\/pt-br\\\/produto\\\/mujica-gold-sementes-de-cannabis-feminizadas\\\/#breadcrumb\"},\"inLanguage\":\"pt-BR\",\"potentialAction\":[{\"@type\":\"ReadAction\",\"target\":[\"https:\\\/\\\/ketamaseeds.com\\\/pt-br\\\/produto\\\/mujica-gold-sementes-de-cannabis-feminizadas\\\/\"]}]},{\"@type\":\"ImageObject\",\"inLanguage\":\"pt-BR\",\"@id\":\"https:\\\/\\\/ketamaseeds.com\\\/pt-br\\\/produto\\\/mujica-gold-sementes-de-cannabis-feminizadas\\\/#primaryimage\",\"url\":\"https:\\\/\\\/ketamaseeds.com\\\/wp-content\\\/uploads\\\/2023\\\/10\\\/MUJICA-GOLD-semillas-de-marihuana-feminizadas.jpg\",\"contentUrl\":\"https:\\\/\\\/ketamaseeds.com\\\/wp-content\\\/uploads\\\/2023\\\/10\\\/MUJICA-GOLD-semillas-de-marihuana-feminizadas.jpg\",\"width\":1000,\"height\":750},{\"@type\":\"BreadcrumbList\",\"@id\":\"https:\\\/\\\/ketamaseeds.com\\\/pt-br\\\/produto\\\/mujica-gold-sementes-de-cannabis-feminizadas\\\/#breadcrumb\",\"itemListElement\":[{\"@type\":\"ListItem\",\"position\":1,\"name\":\"Home\",\"item\":\"https:\\\/\\\/ketamaseeds.com\\\/pt-br\\\/\"},{\"@type\":\"ListItem\",\"position\":2,\"name\":\"Sementes de cannabis\",\"item\":\"https:\\\/\\\/ketamaseeds.com\\\/pt-br\\\/sementes-de-cannabis\\\/\"},{\"@type\":\"ListItem\",\"position\":3,\"name\":\"MUJICA GOLD sementes de cannabis feminizadas\"}]},{\"@type\":\"WebSite\",\"@id\":\"https:\\\/\\\/ketamaseeds.com\\\/pt-br\\\/#website\",\"url\":\"https:\\\/\\\/ketamaseeds.com\\\/pt-br\\\/\",\"name\":\"KETAMA SEEDS\",\"description\":\"Banco de semillas de Cannabis\",\"publisher\":{\"@id\":\"https:\\\/\\\/ketamaseeds.com\\\/pt-br\\\/#organization\"},\"potentialAction\":[{\"@type\":\"SearchAction\",\"target\":{\"@type\":\"EntryPoint\",\"urlTemplate\":\"https:\\\/\\\/ketamaseeds.com\\\/pt-br\\\/?s={search_term_string}\"},\"query-input\":{\"@type\":\"PropertyValueSpecification\",\"valueRequired\":true,\"valueName\":\"search_term_string\"}}],\"inLanguage\":\"pt-BR\"},{\"@type\":\"Organization\",\"@id\":\"https:\\\/\\\/ketamaseeds.com\\\/pt-br\\\/#organization\",\"name\":\"KETAMA SEEDS\",\"url\":\"https:\\\/\\\/ketamaseeds.com\\\/pt-br\\\/\",\"logo\":{\"@type\":\"ImageObject\",\"inLanguage\":\"pt-BR\",\"@id\":\"https:\\\/\\\/ketamaseeds.com\\\/pt-br\\\/#\\\/schema\\\/logo\\\/image\\\/\",\"url\":\"https:\\\/\\\/ketamaseeds.com\\\/wp-content\\\/uploads\\\/2023\\\/10\\\/cropped-ketama-seeds-logo.jpeg\",\"contentUrl\":\"https:\\\/\\\/ketamaseeds.com\\\/wp-content\\\/uploads\\\/2023\\\/10\\\/cropped-ketama-seeds-logo.jpeg\",\"width\":512,\"height\":512,\"caption\":\"KETAMA SEEDS\"},\"image\":{\"@id\":\"https:\\\/\\\/ketamaseeds.com\\\/pt-br\\\/#\\\/schema\\\/logo\\\/image\\\/\"},\"sameAs\":[\"https:\\\/\\\/www.facebook.com\\\/ketamaseedsbank\",\"https:\\\/\\\/x.com\\\/KetamaSeeds\",\"https:\\\/\\\/www.instagram.com\\\/ketamaseeds\"]}]}<\/script>\n<!-- \/ Yoast SEO plugin. -->","yoast_head_json":{"title":"MUJICA GOLD sementes de cannabis feminizadas","description":"A Mujica Gold tem os claros aromas frutados da Critical Ketama misturados com a acidez caracter\u00edstica da indica e toques de baunilha, que produzem um sabor muito duradouro e agrad\u00e1vel.","robots":{"index":"index","follow":"follow","max-snippet":"max-snippet:-1","max-image-preview":"max-image-preview:large","max-video-preview":"max-video-preview:-1"},"canonical":"https:\/\/ketamaseeds.com\/pt-br\/produto\/mujica-gold-sementes-de-cannabis-feminizadas\/","og_locale":"pt_BR","og_type":"article","og_title":"MUJICA GOLD sementes de cannabis feminizadas","og_description":"A Mujica Gold tem os claros aromas frutados da Critical Ketama misturados com a acidez caracter\u00edstica da indica e toques de baunilha, que produzem um sabor muito duradouro e agrad\u00e1vel.","og_url":"https:\/\/ketamaseeds.com\/pt-br\/produto\/mujica-gold-sementes-de-cannabis-feminizadas\/","og_site_name":"KETAMA SEEDS","article_publisher":"https:\/\/www.facebook.com\/ketamaseedsbank","article_modified_time":"2024-04-02T22:55:49+00:00","og_image":[{"width":1000,"height":750,"url":"https:\/\/ketamaseeds.com\/wp-content\/uploads\/2023\/10\/MUJICA-GOLD-semillas-de-marihuana-feminizadas.jpg","type":"image\/jpeg"}],"twitter_card":"summary_large_image","twitter_site":"@KetamaSeeds","twitter_misc":{"Est. tempo de leitura":"2 minutos"},"schema":{"@context":"https:\/\/schema.org","@graph":[{"@type":"WebPage","@id":"https:\/\/ketamaseeds.com\/pt-br\/produto\/mujica-gold-sementes-de-cannabis-feminizadas\/","url":"https:\/\/ketamaseeds.com\/pt-br\/produto\/mujica-gold-sementes-de-cannabis-feminizadas\/","name":"MUJICA GOLD sementes de cannabis feminizadas","isPartOf":{"@id":"https:\/\/ketamaseeds.com\/pt-br\/#website"},"primaryImageOfPage":{"@id":"https:\/\/ketamaseeds.com\/pt-br\/produto\/mujica-gold-sementes-de-cannabis-feminizadas\/#primaryimage"},"image":{"@id":"https:\/\/ketamaseeds.com\/pt-br\/produto\/mujica-gold-sementes-de-cannabis-feminizadas\/#primaryimage"},"thumbnailUrl":"https:\/\/ketamaseeds.com\/wp-content\/uploads\/2023\/10\/MUJICA-GOLD-semillas-de-marihuana-feminizadas.jpg","datePublished":"2023-10-10T15:37:32+00:00","dateModified":"2024-04-02T22:55:49+00:00","description":"A Mujica Gold tem os claros aromas frutados da Critical Ketama misturados com a acidez caracter\u00edstica da indica e toques de baunilha, que produzem um sabor muito duradouro e agrad\u00e1vel.","breadcrumb":{"@id":"https:\/\/ketamaseeds.com\/pt-br\/produto\/mujica-gold-sementes-de-cannabis-feminizadas\/#breadcrumb"},"inLanguage":"pt-BR","potentialAction":[{"@type":"ReadAction","target":["https:\/\/ketamaseeds.com\/pt-br\/produto\/mujica-gold-sementes-de-cannabis-feminizadas\/"]}]},{"@type":"ImageObject","inLanguage":"pt-BR","@id":"https:\/\/ketamaseeds.com\/pt-br\/produto\/mujica-gold-sementes-de-cannabis-feminizadas\/#primaryimage","url":"https:\/\/ketamaseeds.com\/wp-content\/uploads\/2023\/10\/MUJICA-GOLD-semillas-de-marihuana-feminizadas.jpg","contentUrl":"https:\/\/ketamaseeds.com\/wp-content\/uploads\/2023\/10\/MUJICA-GOLD-semillas-de-marihuana-feminizadas.jpg","width":1000,"height":750},{"@type":"BreadcrumbList","@id":"https:\/\/ketamaseeds.com\/pt-br\/produto\/mujica-gold-sementes-de-cannabis-feminizadas\/#breadcrumb","itemListElement":[{"@type":"ListItem","position":1,"name":"Home","item":"https:\/\/ketamaseeds.com\/pt-br\/"},{"@type":"ListItem","position":2,"name":"Sementes de cannabis","item":"https:\/\/ketamaseeds.com\/pt-br\/sementes-de-cannabis\/"},{"@type":"ListItem","position":3,"name":"MUJICA GOLD sementes de cannabis feminizadas"}]},{"@type":"WebSite","@id":"https:\/\/ketamaseeds.com\/pt-br\/#website","url":"https:\/\/ketamaseeds.com\/pt-br\/","name":"KETAMA SEEDS","description":"Banco de semillas de Cannabis","publisher":{"@id":"https:\/\/ketamaseeds.com\/pt-br\/#organization"},"potentialAction":[{"@type":"SearchAction","target":{"@type":"EntryPoint","urlTemplate":"https:\/\/ketamaseeds.com\/pt-br\/?s={search_term_string}"},"query-input":{"@type":"PropertyValueSpecification","valueRequired":true,"valueName":"search_term_string"}}],"inLanguage":"pt-BR"},{"@type":"Organization","@id":"https:\/\/ketamaseeds.com\/pt-br\/#organization","name":"KETAMA SEEDS","url":"https:\/\/ketamaseeds.com\/pt-br\/","logo":{"@type":"ImageObject","inLanguage":"pt-BR","@id":"https:\/\/ketamaseeds.com\/pt-br\/#\/schema\/logo\/image\/","url":"https:\/\/ketamaseeds.com\/wp-content\/uploads\/2023\/10\/cropped-ketama-seeds-logo.jpeg","contentUrl":"https:\/\/ketamaseeds.com\/wp-content\/uploads\/2023\/10\/cropped-ketama-seeds-logo.jpeg","width":512,"height":512,"caption":"KETAMA SEEDS"},"image":{"@id":"https:\/\/ketamaseeds.com\/pt-br\/#\/schema\/logo\/image\/"},"sameAs":["https:\/\/www.facebook.com\/ketamaseedsbank","https:\/\/x.com\/KetamaSeeds","https:\/\/www.instagram.com\/ketamaseeds"]}]}},"_links":{"self":[{"href":"https:\/\/ketamaseeds.com\/pt-br\/wp-json\/wp\/v2\/product\/1147","targetHints":{"allow":["GET"]}}],"collection":[{"href":"https:\/\/ketamaseeds.com\/pt-br\/wp-json\/wp\/v2\/product"}],"about":[{"href":"https:\/\/ketamaseeds.com\/pt-br\/wp-json\/wp\/v2\/types\/product"}],"replies":[{"embeddable":true,"href":"https:\/\/ketamaseeds.com\/pt-br\/wp-json\/wp\/v2\/comments?post=1147"}],"wp:featuredmedia":[{"embeddable":true,"href":"https:\/\/ketamaseeds.com\/pt-br\/wp-json\/wp\/v2\/media\/506"}],"wp:attachment":[{"href":"https:\/\/ketamaseeds.com\/pt-br\/wp-json\/wp\/v2\/media?parent=1147"}],"wp:term":[{"taxonomy":"product_brand","embeddable":true,"href":"https:\/\/ketamaseeds.com\/pt-br\/wp-json\/wp\/v2\/product_brand?post=1147"},{"taxonomy":"product_cat","embeddable":true,"href":"https:\/\/ketamaseeds.com\/pt-br\/wp-json\/wp\/v2\/product_cat?post=1147"},{"taxonomy":"product_tag","embeddable":true,"href":"https:\/\/ketamaseeds.com\/pt-br\/wp-json\/wp\/v2\/product_tag?post=1147"}],"curies":[{"name":"wp","href":"https:\/\/api.w.org\/{rel}","templated":true}]}}