{"id":1194,"date":"2023-10-25T20:56:29","date_gmt":"2023-10-25T20:56:29","guid":{"rendered":"http:\/\/ketamaseeds.com\/product\/cheese-auto-sementes-autoflorescentes\/"},"modified":"2023-12-08T16:18:50","modified_gmt":"2023-12-08T16:18:50","slug":"cheese-auto-sementes-autoflorescentes","status":"publish","type":"product","link":"https:\/\/ketamaseeds.com\/pt-br\/produto\/cheese-auto-sementes-autoflorescentes\/","title":{"rendered":"CHEESE AUTO sementes autoflorescentes"},"content":{"rendered":"<h2>CHEESE AUTO sementes de cannabis autoflorescentes<\/h2>\n<p>As sementes de maconha KETAMA CHEESE AUTO s\u00e3o a variedade autoflorescente das sementes de maconha feminizadas KETAMA CHEESE.<\/p>\n<p>Obtivemos um h\u00edbrido de alta qualidade, muito f\u00e1cil de cultivar tanto em ambientes internos quanto externos.<\/p>\n<p>\u00c9 uma planta de altura m\u00e9dia, com uma grande dist\u00e2ncia internodal, que cresce vigorosamente e floresce rapidamente.<\/p>\n<p>O que surpreende muitos, al\u00e9m de seu excelente sabor, \u00e9 o grande tamanho dos bot\u00f5es carregados de resina.<\/p>\n<p>Essa variedade \u00e9 apreciada pelos produtores por sua facilidade de cultivo e sua capacidade de ir da germina\u00e7\u00e3o \u00e0 colheita em um tempo relativamente curto.<\/p>\n<p>Ela oferece um efeito equilibrado, com propriedades relaxantes que geralmente n\u00e3o s\u00e3o avassaladoras.<\/p>\n<p>A Cheese Auto ganhou popularidade entre os produtores iniciantes e aqueles que buscam uma colheita r\u00e1pida com caracter\u00edsticas de sabor exclusivas.<\/p>\n<p>A qualidade e o rendimento da KETAMA CHEESE AUTO fazem dessas sementes de maconha autoflorescentes uma das melhores op\u00e7\u00f5es.<\/p>\n<h2>CHEESE AUTO sementes de maconha autoflorescentes<\/h2>\n<p>VARIEDADE DE SEMENTES: AUTOFLORESCENTE FEMINIZADA<br \/>\nAROMA: Skunk e aroma de especiarias.<br \/>\nEFEITO: Meditativo ou relaxante.<br \/>\nTHC: 9 &#8211; 12 %.<br \/>\nCBD: 0,3%.<br \/>\nSensibilidade a fungos: Moderada<br \/>\nPAR\u00c2METROS BIOL\u00d3GICOS HIDROP\u00d4NICOS<br \/>\nCrescimento da CE: 0,7ms 1-1,2ms<br \/>\nEC Flora\u00e7\u00e3o: 1ms 1,2ms<br \/>\nPH Crescimento: 6,0 5,8<br \/>\nPH Flora\u00e7\u00e3o: 7,0 6,0<br \/>\nDESENVOLVIMENTO EXTERIOR INTERIOR<br \/>\nCOLHEITA: 80 dias 80 dias<br \/>\nRENDIMENTO : 80- 170 gr. por planta 500 -550 gr\/m2<\/p>\n","protected":false},"excerpt":{"rendered":"<p>CHEESE AUTO sementes de cannabis autoflorescentes As sementes de maconha KETAMA CHEESE AUTO s\u00e3o a variedade autoflorescente das sementes de maconha feminizadas KETAMA CHEESE. Obtivemos um h\u00edbrido de alta qualidade, muito f\u00e1cil de cultivar tanto em ambientes internos quanto externos. \u00c9 uma planta de altura m\u00e9dia, com uma grande dist\u00e2ncia internodal, que cresce vigorosamente e [&hellip;]<\/p>\n","protected":false},"featured_media":617,"comment_status":"open","ping_status":"closed","template":"","meta":{"_et_pb_use_builder":"","_et_pb_old_content":"","_et_gb_content_width":""},"product_brand":[],"product_cat":[46],"product_tag":[],"class_list":{"0":"post-1194","1":"product","2":"type-product","3":"status-publish","4":"has-post-thumbnail","6":"product_cat-sementes-autoflorescentes","8":"first","9":"instock","10":"shipping-taxable","11":"purchasable","12":"product-type-variable"},"yoast_head":"<!-- This site is optimized with the Yoast SEO plugin v27.2 - https:\/\/yoast.com\/product\/yoast-seo-wordpress\/ -->\n<title>CHEESE AUTO sementes autoflorescentes<\/title>\n<meta name=\"description\" content=\"Essa variedade \u00e9 apreciada pelos produtores por sua facilidade de cultivo e sua capacidade de ir da germina\u00e7\u00e3o \u00e0 colheita em um tempo relativamente curto.\" \/>\n<meta name=\"robots\" content=\"index, follow, max-snippet:-1, max-image-preview:large, max-video-preview:-1\" \/>\n<link rel=\"canonical\" href=\"https:\/\/ketamaseeds.com\/pt-br\/produto\/cheese-auto-sementes-autoflorescentes\/\" \/>\n<meta property=\"og:locale\" content=\"pt_BR\" \/>\n<meta property=\"og:type\" content=\"article\" \/>\n<meta property=\"og:title\" content=\"CHEESE AUTO sementes autoflorescentes\" \/>\n<meta property=\"og:description\" content=\"Essa variedade \u00e9 apreciada pelos produtores por sua facilidade de cultivo e sua capacidade de ir da germina\u00e7\u00e3o \u00e0 colheita em um tempo relativamente curto.\" \/>\n<meta property=\"og:url\" content=\"https:\/\/ketamaseeds.com\/pt-br\/produto\/cheese-auto-sementes-autoflorescentes\/\" \/>\n<meta property=\"og:site_name\" content=\"KETAMA SEEDS\" \/>\n<meta property=\"article:publisher\" content=\"https:\/\/www.facebook.com\/ketamaseedsbank\" \/>\n<meta property=\"article:modified_time\" content=\"2023-12-08T16:18:50+00:00\" \/>\n<meta property=\"og:image\" content=\"https:\/\/ketamaseeds.com\/wp-content\/uploads\/2023\/10\/ketama-cheese-auto-flor-de-cannabis.jpg\" \/>\n\t<meta property=\"og:image:width\" content=\"800\" \/>\n\t<meta property=\"og:image:height\" content=\"600\" \/>\n\t<meta property=\"og:image:type\" content=\"image\/jpeg\" \/>\n<meta name=\"twitter:card\" content=\"summary_large_image\" \/>\n<meta name=\"twitter:site\" content=\"@KetamaSeeds\" \/>\n<meta name=\"twitter:label1\" content=\"Est. tempo de leitura\" \/>\n\t<meta name=\"twitter:data1\" content=\"2 minutos\" \/>\n<script type=\"application\/ld+json\" class=\"yoast-schema-graph\">{\"@context\":\"https:\/\/schema.org\",\"@graph\":[{\"@type\":\"WebPage\",\"@id\":\"https:\/\/ketamaseeds.com\/pt-br\/produto\/cheese-auto-sementes-autoflorescentes\/\",\"url\":\"https:\/\/ketamaseeds.com\/pt-br\/produto\/cheese-auto-sementes-autoflorescentes\/\",\"name\":\"CHEESE AUTO sementes autoflorescentes\",\"isPartOf\":{\"@id\":\"https:\/\/ketamaseeds.com\/pt-br\/#website\"},\"primaryImageOfPage\":{\"@id\":\"https:\/\/ketamaseeds.com\/pt-br\/produto\/cheese-auto-sementes-autoflorescentes\/#primaryimage\"},\"image\":{\"@id\":\"https:\/\/ketamaseeds.com\/pt-br\/produto\/cheese-auto-sementes-autoflorescentes\/#primaryimage\"},\"thumbnailUrl\":\"https:\/\/ketamaseeds.com\/wp-content\/uploads\/2023\/10\/ketama-cheese-auto-flor-de-cannabis.jpg\",\"datePublished\":\"2023-10-25T20:56:29+00:00\",\"dateModified\":\"2023-12-08T16:18:50+00:00\",\"description\":\"Essa variedade \u00e9 apreciada pelos produtores por sua facilidade de cultivo e sua capacidade de ir da germina\u00e7\u00e3o \u00e0 colheita em um tempo relativamente curto.\",\"breadcrumb\":{\"@id\":\"https:\/\/ketamaseeds.com\/pt-br\/produto\/cheese-auto-sementes-autoflorescentes\/#breadcrumb\"},\"inLanguage\":\"pt-BR\",\"potentialAction\":[{\"@type\":\"ReadAction\",\"target\":[\"https:\/\/ketamaseeds.com\/pt-br\/produto\/cheese-auto-sementes-autoflorescentes\/\"]}]},{\"@type\":\"ImageObject\",\"inLanguage\":\"pt-BR\",\"@id\":\"https:\/\/ketamaseeds.com\/pt-br\/produto\/cheese-auto-sementes-autoflorescentes\/#primaryimage\",\"url\":\"https:\/\/ketamaseeds.com\/wp-content\/uploads\/2023\/10\/ketama-cheese-auto-flor-de-cannabis.jpg\",\"contentUrl\":\"https:\/\/ketamaseeds.com\/wp-content\/uploads\/2023\/10\/ketama-cheese-auto-flor-de-cannabis.jpg\",\"width\":800,\"height\":600,\"caption\":\"CHEESE AUTO sementes de cannabis autoflorescentes\"},{\"@type\":\"BreadcrumbList\",\"@id\":\"https:\/\/ketamaseeds.com\/pt-br\/produto\/cheese-auto-sementes-autoflorescentes\/#breadcrumb\",\"itemListElement\":[{\"@type\":\"ListItem\",\"position\":1,\"name\":\"Home\",\"item\":\"https:\/\/ketamaseeds.com\/pt-br\/\"},{\"@type\":\"ListItem\",\"position\":2,\"name\":\"Sementes de cannabis\",\"item\":\"https:\/\/ketamaseeds.com\/pt-br\/sementes-de-cannabis\/\"},{\"@type\":\"ListItem\",\"position\":3,\"name\":\"CHEESE AUTO sementes autoflorescentes\"}]},{\"@type\":\"WebSite\",\"@id\":\"https:\/\/ketamaseeds.com\/pt-br\/#website\",\"url\":\"https:\/\/ketamaseeds.com\/pt-br\/\",\"name\":\"KETAMA SEEDS\",\"description\":\"Banco de semillas de Cannabis\",\"publisher\":{\"@id\":\"https:\/\/ketamaseeds.com\/pt-br\/#organization\"},\"potentialAction\":[{\"@type\":\"SearchAction\",\"target\":{\"@type\":\"EntryPoint\",\"urlTemplate\":\"https:\/\/ketamaseeds.com\/pt-br\/?s={search_term_string}\"},\"query-input\":{\"@type\":\"PropertyValueSpecification\",\"valueRequired\":true,\"valueName\":\"search_term_string\"}}],\"inLanguage\":\"pt-BR\"},{\"@type\":\"Organization\",\"@id\":\"https:\/\/ketamaseeds.com\/pt-br\/#organization\",\"name\":\"KETAMA SEEDS\",\"url\":\"https:\/\/ketamaseeds.com\/pt-br\/\",\"logo\":{\"@type\":\"ImageObject\",\"inLanguage\":\"pt-BR\",\"@id\":\"https:\/\/ketamaseeds.com\/pt-br\/#\/schema\/logo\/image\/\",\"url\":\"https:\/\/ketamaseeds.com\/wp-content\/uploads\/2023\/10\/cropped-ketama-seeds-logo.jpeg\",\"contentUrl\":\"https:\/\/ketamaseeds.com\/wp-content\/uploads\/2023\/10\/cropped-ketama-seeds-logo.jpeg\",\"width\":512,\"height\":512,\"caption\":\"KETAMA SEEDS\"},\"image\":{\"@id\":\"https:\/\/ketamaseeds.com\/pt-br\/#\/schema\/logo\/image\/\"},\"sameAs\":[\"https:\/\/www.facebook.com\/ketamaseedsbank\",\"https:\/\/x.com\/KetamaSeeds\",\"https:\/\/www.instagram.com\/ketamaseeds\"]}]}<\/script>\n<!-- \/ Yoast SEO plugin. -->","yoast_head_json":{"title":"CHEESE AUTO sementes autoflorescentes","description":"Essa variedade \u00e9 apreciada pelos produtores por sua facilidade de cultivo e sua capacidade de ir da germina\u00e7\u00e3o \u00e0 colheita em um tempo relativamente curto.","robots":{"index":"index","follow":"follow","max-snippet":"max-snippet:-1","max-image-preview":"max-image-preview:large","max-video-preview":"max-video-preview:-1"},"canonical":"https:\/\/ketamaseeds.com\/pt-br\/produto\/cheese-auto-sementes-autoflorescentes\/","og_locale":"pt_BR","og_type":"article","og_title":"CHEESE AUTO sementes autoflorescentes","og_description":"Essa variedade \u00e9 apreciada pelos produtores por sua facilidade de cultivo e sua capacidade de ir da germina\u00e7\u00e3o \u00e0 colheita em um tempo relativamente curto.","og_url":"https:\/\/ketamaseeds.com\/pt-br\/produto\/cheese-auto-sementes-autoflorescentes\/","og_site_name":"KETAMA SEEDS","article_publisher":"https:\/\/www.facebook.com\/ketamaseedsbank","article_modified_time":"2023-12-08T16:18:50+00:00","og_image":[{"width":800,"height":600,"url":"https:\/\/ketamaseeds.com\/wp-content\/uploads\/2023\/10\/ketama-cheese-auto-flor-de-cannabis.jpg","type":"image\/jpeg"}],"twitter_card":"summary_large_image","twitter_site":"@KetamaSeeds","twitter_misc":{"Est. tempo de leitura":"2 minutos"},"schema":{"@context":"https:\/\/schema.org","@graph":[{"@type":"WebPage","@id":"https:\/\/ketamaseeds.com\/pt-br\/produto\/cheese-auto-sementes-autoflorescentes\/","url":"https:\/\/ketamaseeds.com\/pt-br\/produto\/cheese-auto-sementes-autoflorescentes\/","name":"CHEESE AUTO sementes autoflorescentes","isPartOf":{"@id":"https:\/\/ketamaseeds.com\/pt-br\/#website"},"primaryImageOfPage":{"@id":"https:\/\/ketamaseeds.com\/pt-br\/produto\/cheese-auto-sementes-autoflorescentes\/#primaryimage"},"image":{"@id":"https:\/\/ketamaseeds.com\/pt-br\/produto\/cheese-auto-sementes-autoflorescentes\/#primaryimage"},"thumbnailUrl":"https:\/\/ketamaseeds.com\/wp-content\/uploads\/2023\/10\/ketama-cheese-auto-flor-de-cannabis.jpg","datePublished":"2023-10-25T20:56:29+00:00","dateModified":"2023-12-08T16:18:50+00:00","description":"Essa variedade \u00e9 apreciada pelos produtores por sua facilidade de cultivo e sua capacidade de ir da germina\u00e7\u00e3o \u00e0 colheita em um tempo relativamente curto.","breadcrumb":{"@id":"https:\/\/ketamaseeds.com\/pt-br\/produto\/cheese-auto-sementes-autoflorescentes\/#breadcrumb"},"inLanguage":"pt-BR","potentialAction":[{"@type":"ReadAction","target":["https:\/\/ketamaseeds.com\/pt-br\/produto\/cheese-auto-sementes-autoflorescentes\/"]}]},{"@type":"ImageObject","inLanguage":"pt-BR","@id":"https:\/\/ketamaseeds.com\/pt-br\/produto\/cheese-auto-sementes-autoflorescentes\/#primaryimage","url":"https:\/\/ketamaseeds.com\/wp-content\/uploads\/2023\/10\/ketama-cheese-auto-flor-de-cannabis.jpg","contentUrl":"https:\/\/ketamaseeds.com\/wp-content\/uploads\/2023\/10\/ketama-cheese-auto-flor-de-cannabis.jpg","width":800,"height":600,"caption":"CHEESE AUTO sementes de cannabis autoflorescentes"},{"@type":"BreadcrumbList","@id":"https:\/\/ketamaseeds.com\/pt-br\/produto\/cheese-auto-sementes-autoflorescentes\/#breadcrumb","itemListElement":[{"@type":"ListItem","position":1,"name":"Home","item":"https:\/\/ketamaseeds.com\/pt-br\/"},{"@type":"ListItem","position":2,"name":"Sementes de cannabis","item":"https:\/\/ketamaseeds.com\/pt-br\/sementes-de-cannabis\/"},{"@type":"ListItem","position":3,"name":"CHEESE AUTO sementes autoflorescentes"}]},{"@type":"WebSite","@id":"https:\/\/ketamaseeds.com\/pt-br\/#website","url":"https:\/\/ketamaseeds.com\/pt-br\/","name":"KETAMA SEEDS","description":"Banco de semillas de Cannabis","publisher":{"@id":"https:\/\/ketamaseeds.com\/pt-br\/#organization"},"potentialAction":[{"@type":"SearchAction","target":{"@type":"EntryPoint","urlTemplate":"https:\/\/ketamaseeds.com\/pt-br\/?s={search_term_string}"},"query-input":{"@type":"PropertyValueSpecification","valueRequired":true,"valueName":"search_term_string"}}],"inLanguage":"pt-BR"},{"@type":"Organization","@id":"https:\/\/ketamaseeds.com\/pt-br\/#organization","name":"KETAMA SEEDS","url":"https:\/\/ketamaseeds.com\/pt-br\/","logo":{"@type":"ImageObject","inLanguage":"pt-BR","@id":"https:\/\/ketamaseeds.com\/pt-br\/#\/schema\/logo\/image\/","url":"https:\/\/ketamaseeds.com\/wp-content\/uploads\/2023\/10\/cropped-ketama-seeds-logo.jpeg","contentUrl":"https:\/\/ketamaseeds.com\/wp-content\/uploads\/2023\/10\/cropped-ketama-seeds-logo.jpeg","width":512,"height":512,"caption":"KETAMA SEEDS"},"image":{"@id":"https:\/\/ketamaseeds.com\/pt-br\/#\/schema\/logo\/image\/"},"sameAs":["https:\/\/www.facebook.com\/ketamaseedsbank","https:\/\/x.com\/KetamaSeeds","https:\/\/www.instagram.com\/ketamaseeds"]}]}},"_links":{"self":[{"href":"https:\/\/ketamaseeds.com\/pt-br\/wp-json\/wp\/v2\/product\/1194","targetHints":{"allow":["GET"]}}],"collection":[{"href":"https:\/\/ketamaseeds.com\/pt-br\/wp-json\/wp\/v2\/product"}],"about":[{"href":"https:\/\/ketamaseeds.com\/pt-br\/wp-json\/wp\/v2\/types\/product"}],"replies":[{"embeddable":true,"href":"https:\/\/ketamaseeds.com\/pt-br\/wp-json\/wp\/v2\/comments?post=1194"}],"wp:featuredmedia":[{"embeddable":true,"href":"https:\/\/ketamaseeds.com\/pt-br\/wp-json\/wp\/v2\/media\/617"}],"wp:attachment":[{"href":"https:\/\/ketamaseeds.com\/pt-br\/wp-json\/wp\/v2\/media?parent=1194"}],"wp:term":[{"taxonomy":"product_brand","embeddable":true,"href":"https:\/\/ketamaseeds.com\/pt-br\/wp-json\/wp\/v2\/product_brand?post=1194"},{"taxonomy":"product_cat","embeddable":true,"href":"https:\/\/ketamaseeds.com\/pt-br\/wp-json\/wp\/v2\/product_cat?post=1194"},{"taxonomy":"product_tag","embeddable":true,"href":"https:\/\/ketamaseeds.com\/pt-br\/wp-json\/wp\/v2\/product_tag?post=1194"}],"curies":[{"name":"wp","href":"https:\/\/api.w.org\/{rel}","templated":true}]}}