{"id":1212,"date":"2023-10-25T20:34:03","date_gmt":"2023-10-25T20:34:03","guid":{"rendered":"http:\/\/ketamaseeds.com\/product\/gangster-auto-sementes-de-cannabis-autoflorescentes\/"},"modified":"2023-12-08T16:10:12","modified_gmt":"2023-12-08T16:10:12","slug":"gangster-auto-sementes-de-cannabis-autoflorescentes","status":"publish","type":"product","link":"https:\/\/ketamaseeds.com\/pt-br\/produto\/gangster-auto-sementes-de-cannabis-autoflorescentes\/","title":{"rendered":"GANGSTER AUTO sementes de cannabis autoflorescentes"},"content":{"rendered":"<h2>GANGSTER AUTO sementes de cannabis autoflorescentes<\/h2>\n<p>Sementes de maconha autoflorescentes feminizadas GANGSTER AUTO, uma variedade rica que mant\u00e9m todas as caracter\u00edsticas e nuances da OG Kush.<\/p>\n<p>A GANGSTER AUTO \u00e9 uma variedade de cannabis que se destaca por sua beleza com plantas fortes e vigorosas, tem um desenvolvimento muito r\u00e1pido no qual veremos plantas de tamanho m\u00e9dio e flora\u00e7\u00e3o precoce cheia de bot\u00f5es pesados e consistentes.<\/p>\n<p>Tem um aroma e sabor muito reconhec\u00edveis, com toques c\u00edtricos e picantes herdados da OG Kush.<\/p>\n<p>As sementes autoflorescentes feminizadas GANGSTER AUTO fazem com que todos os tipos de cultivadores desfrutem de sua alta qualidade e velocidade.<\/p>\n<p>Em locais com climas quentes, a GANGSTER AUTO ao ar livre nos dar\u00e1 colheitas muito boas, assim como em cultivos internos.<\/p>\n<p>O efeito produzido pela GANGSTER AUTO \u00e9 poderoso, f\u00edsico e mental, e podemos dizer que sua dura\u00e7\u00e3o \u00e9 bastante longa.<\/p>\n<p>Uma variedade de maconha autoflorescente com sabores finos que recomendamos a todos os colecionadores e amantes da qualidade.<\/p>\n<p>Transforme seu cultivo de GANGSTER Auto. Experimente a magia dessa variedade cl\u00e1ssica em uma vers\u00e3o autoflorescente.<\/p>\n<p>Cultive seu pr\u00f3prio legado de cannabis com a pot\u00eancia e o sabor lend\u00e1rios da GANGSTER Auto.<\/p>\n<p>VARIEDADE : H\u00edbrido com predomin\u00e2ncia de \u00edndica<br \/>\nAROMA: C\u00edtrico e de especiarias<br \/>\nEFEITO: Criativo &#8211; Relaxante<br \/>\nTHC: 10-14-%.<br \/>\nCBD: M\u00e9dio alto<br \/>\nSensibilidade a fungos: Alta<br \/>\nPAR\u00c2METROS DE CULTIVO BIOL\u00d3GICO HIDROP\u00d4NICO<br \/>\nEC Crescimento 0,6-0,9ms 1,1-1,4ms<br \/>\nEC Flora\u00e7\u00e3o 0,9-1,4ms 1,4-2,2ms<br \/>\nPH Crescimento 5,5 5,8<br \/>\nPH Flora\u00e7\u00e3o 6,5 6,5<br \/>\nDESENVOLVIMENTO EXTERIOR INTERIOR<br \/>\nCOLHEITA 70-75 dias 70-75 dias<br \/>\nRENDIMENTO 50- 200 gr. por planta 400-500 gr\/por m2<\/p>\n<h3>Sementes de maconha autoflorescentes feminizadas GANGSTER AUTO<\/h3>\n","protected":false},"excerpt":{"rendered":"<p>GANGSTER AUTO sementes de cannabis autoflorescentes Sementes de maconha autoflorescentes feminizadas GANGSTER AUTO, uma variedade rica que mant\u00e9m todas as caracter\u00edsticas e nuances da OG Kush. A GANGSTER AUTO \u00e9 uma variedade de cannabis que se destaca por sua beleza com plantas fortes e vigorosas, tem um desenvolvimento muito r\u00e1pido no qual veremos plantas de [&hellip;]<\/p>\n","protected":false},"featured_media":614,"comment_status":"open","ping_status":"closed","template":"","meta":{"_et_pb_use_builder":"","_et_pb_old_content":"","_et_gb_content_width":""},"product_brand":[],"product_cat":[46],"product_tag":[],"class_list":{"0":"post-1212","1":"product","2":"type-product","3":"status-publish","4":"has-post-thumbnail","6":"product_cat-sementes-autoflorescentes","8":"first","9":"instock","10":"shipping-taxable","11":"purchasable","12":"product-type-variable"},"yoast_head":"<!-- This site is optimized with the Yoast SEO plugin v27.2 - https:\/\/yoast.com\/product\/yoast-seo-wordpress\/ -->\n<title>GANGSTER AUTO sementes de cannabis autoflorescentes<\/title>\n<meta name=\"description\" content=\"Sementes de maconha autoflorescentes feminizadas GANGSTER AUTO, uma variedade rica que mant\u00e9m todas as caracter\u00edsticas e nuances da OG Kush.\" \/>\n<meta name=\"robots\" content=\"index, follow, max-snippet:-1, max-image-preview:large, max-video-preview:-1\" \/>\n<link rel=\"canonical\" href=\"https:\/\/ketamaseeds.com\/pt-br\/produto\/gangster-auto-sementes-de-cannabis-autoflorescentes\/\" \/>\n<meta property=\"og:locale\" content=\"pt_BR\" \/>\n<meta property=\"og:type\" content=\"article\" \/>\n<meta property=\"og:title\" content=\"GANGSTER AUTO sementes de cannabis autoflorescentes\" \/>\n<meta property=\"og:description\" content=\"Sementes de maconha autoflorescentes feminizadas GANGSTER AUTO, uma variedade rica que mant\u00e9m todas as caracter\u00edsticas e nuances da OG Kush.\" \/>\n<meta property=\"og:url\" content=\"https:\/\/ketamaseeds.com\/pt-br\/produto\/gangster-auto-sementes-de-cannabis-autoflorescentes\/\" \/>\n<meta property=\"og:site_name\" content=\"KETAMA SEEDS\" \/>\n<meta property=\"article:publisher\" content=\"https:\/\/www.facebook.com\/ketamaseedsbank\" \/>\n<meta property=\"article:modified_time\" content=\"2023-12-08T16:10:12+00:00\" \/>\n<meta property=\"og:image\" content=\"https:\/\/ketamaseeds.com\/wp-content\/uploads\/2023\/10\/GANGSTER-AUTO-semillas-autoflorecientes-feminizadas.jpg\" \/>\n\t<meta property=\"og:image:width\" content=\"360\" \/>\n\t<meta property=\"og:image:height\" content=\"480\" \/>\n\t<meta property=\"og:image:type\" content=\"image\/jpeg\" \/>\n<meta name=\"twitter:card\" content=\"summary_large_image\" \/>\n<meta name=\"twitter:site\" content=\"@KetamaSeeds\" \/>\n<meta name=\"twitter:label1\" content=\"Est. tempo de leitura\" \/>\n\t<meta name=\"twitter:data1\" content=\"2 minutos\" \/>\n<script type=\"application\/ld+json\" class=\"yoast-schema-graph\">{\"@context\":\"https:\/\/schema.org\",\"@graph\":[{\"@type\":\"WebPage\",\"@id\":\"https:\/\/ketamaseeds.com\/pt-br\/produto\/gangster-auto-sementes-de-cannabis-autoflorescentes\/\",\"url\":\"https:\/\/ketamaseeds.com\/pt-br\/produto\/gangster-auto-sementes-de-cannabis-autoflorescentes\/\",\"name\":\"GANGSTER AUTO sementes de cannabis autoflorescentes\",\"isPartOf\":{\"@id\":\"https:\/\/ketamaseeds.com\/pt-br\/#website\"},\"primaryImageOfPage\":{\"@id\":\"https:\/\/ketamaseeds.com\/pt-br\/produto\/gangster-auto-sementes-de-cannabis-autoflorescentes\/#primaryimage\"},\"image\":{\"@id\":\"https:\/\/ketamaseeds.com\/pt-br\/produto\/gangster-auto-sementes-de-cannabis-autoflorescentes\/#primaryimage\"},\"thumbnailUrl\":\"https:\/\/ketamaseeds.com\/wp-content\/uploads\/2023\/10\/GANGSTER-AUTO-semillas-autoflorecientes-feminizadas.jpg\",\"datePublished\":\"2023-10-25T20:34:03+00:00\",\"dateModified\":\"2023-12-08T16:10:12+00:00\",\"description\":\"Sementes de maconha autoflorescentes feminizadas GANGSTER AUTO, uma variedade rica que mant\u00e9m todas as caracter\u00edsticas e nuances da OG Kush.\",\"breadcrumb\":{\"@id\":\"https:\/\/ketamaseeds.com\/pt-br\/produto\/gangster-auto-sementes-de-cannabis-autoflorescentes\/#breadcrumb\"},\"inLanguage\":\"pt-BR\",\"potentialAction\":[{\"@type\":\"ReadAction\",\"target\":[\"https:\/\/ketamaseeds.com\/pt-br\/produto\/gangster-auto-sementes-de-cannabis-autoflorescentes\/\"]}]},{\"@type\":\"ImageObject\",\"inLanguage\":\"pt-BR\",\"@id\":\"https:\/\/ketamaseeds.com\/pt-br\/produto\/gangster-auto-sementes-de-cannabis-autoflorescentes\/#primaryimage\",\"url\":\"https:\/\/ketamaseeds.com\/wp-content\/uploads\/2023\/10\/GANGSTER-AUTO-semillas-autoflorecientes-feminizadas.jpg\",\"contentUrl\":\"https:\/\/ketamaseeds.com\/wp-content\/uploads\/2023\/10\/GANGSTER-AUTO-semillas-autoflorecientes-feminizadas.jpg\",\"width\":360,\"height\":480,\"caption\":\"GANGSTER AUTO sementes de cannabis autoflorescentes\"},{\"@type\":\"BreadcrumbList\",\"@id\":\"https:\/\/ketamaseeds.com\/pt-br\/produto\/gangster-auto-sementes-de-cannabis-autoflorescentes\/#breadcrumb\",\"itemListElement\":[{\"@type\":\"ListItem\",\"position\":1,\"name\":\"Home\",\"item\":\"https:\/\/ketamaseeds.com\/pt-br\/\"},{\"@type\":\"ListItem\",\"position\":2,\"name\":\"Sementes de cannabis\",\"item\":\"https:\/\/ketamaseeds.com\/pt-br\/sementes-de-cannabis\/\"},{\"@type\":\"ListItem\",\"position\":3,\"name\":\"GANGSTER AUTO sementes de cannabis autoflorescentes\"}]},{\"@type\":\"WebSite\",\"@id\":\"https:\/\/ketamaseeds.com\/pt-br\/#website\",\"url\":\"https:\/\/ketamaseeds.com\/pt-br\/\",\"name\":\"KETAMA SEEDS\",\"description\":\"Banco de semillas de Cannabis\",\"publisher\":{\"@id\":\"https:\/\/ketamaseeds.com\/pt-br\/#organization\"},\"potentialAction\":[{\"@type\":\"SearchAction\",\"target\":{\"@type\":\"EntryPoint\",\"urlTemplate\":\"https:\/\/ketamaseeds.com\/pt-br\/?s={search_term_string}\"},\"query-input\":{\"@type\":\"PropertyValueSpecification\",\"valueRequired\":true,\"valueName\":\"search_term_string\"}}],\"inLanguage\":\"pt-BR\"},{\"@type\":\"Organization\",\"@id\":\"https:\/\/ketamaseeds.com\/pt-br\/#organization\",\"name\":\"KETAMA SEEDS\",\"url\":\"https:\/\/ketamaseeds.com\/pt-br\/\",\"logo\":{\"@type\":\"ImageObject\",\"inLanguage\":\"pt-BR\",\"@id\":\"https:\/\/ketamaseeds.com\/pt-br\/#\/schema\/logo\/image\/\",\"url\":\"https:\/\/ketamaseeds.com\/wp-content\/uploads\/2023\/10\/cropped-ketama-seeds-logo.jpeg\",\"contentUrl\":\"https:\/\/ketamaseeds.com\/wp-content\/uploads\/2023\/10\/cropped-ketama-seeds-logo.jpeg\",\"width\":512,\"height\":512,\"caption\":\"KETAMA SEEDS\"},\"image\":{\"@id\":\"https:\/\/ketamaseeds.com\/pt-br\/#\/schema\/logo\/image\/\"},\"sameAs\":[\"https:\/\/www.facebook.com\/ketamaseedsbank\",\"https:\/\/x.com\/KetamaSeeds\",\"https:\/\/www.instagram.com\/ketamaseeds\"]}]}<\/script>\n<!-- \/ Yoast SEO plugin. -->","yoast_head_json":{"title":"GANGSTER AUTO sementes de cannabis autoflorescentes","description":"Sementes de maconha autoflorescentes feminizadas GANGSTER AUTO, uma variedade rica que mant\u00e9m todas as caracter\u00edsticas e nuances da OG Kush.","robots":{"index":"index","follow":"follow","max-snippet":"max-snippet:-1","max-image-preview":"max-image-preview:large","max-video-preview":"max-video-preview:-1"},"canonical":"https:\/\/ketamaseeds.com\/pt-br\/produto\/gangster-auto-sementes-de-cannabis-autoflorescentes\/","og_locale":"pt_BR","og_type":"article","og_title":"GANGSTER AUTO sementes de cannabis autoflorescentes","og_description":"Sementes de maconha autoflorescentes feminizadas GANGSTER AUTO, uma variedade rica que mant\u00e9m todas as caracter\u00edsticas e nuances da OG Kush.","og_url":"https:\/\/ketamaseeds.com\/pt-br\/produto\/gangster-auto-sementes-de-cannabis-autoflorescentes\/","og_site_name":"KETAMA SEEDS","article_publisher":"https:\/\/www.facebook.com\/ketamaseedsbank","article_modified_time":"2023-12-08T16:10:12+00:00","og_image":[{"width":360,"height":480,"url":"https:\/\/ketamaseeds.com\/wp-content\/uploads\/2023\/10\/GANGSTER-AUTO-semillas-autoflorecientes-feminizadas.jpg","type":"image\/jpeg"}],"twitter_card":"summary_large_image","twitter_site":"@KetamaSeeds","twitter_misc":{"Est. tempo de leitura":"2 minutos"},"schema":{"@context":"https:\/\/schema.org","@graph":[{"@type":"WebPage","@id":"https:\/\/ketamaseeds.com\/pt-br\/produto\/gangster-auto-sementes-de-cannabis-autoflorescentes\/","url":"https:\/\/ketamaseeds.com\/pt-br\/produto\/gangster-auto-sementes-de-cannabis-autoflorescentes\/","name":"GANGSTER AUTO sementes de cannabis autoflorescentes","isPartOf":{"@id":"https:\/\/ketamaseeds.com\/pt-br\/#website"},"primaryImageOfPage":{"@id":"https:\/\/ketamaseeds.com\/pt-br\/produto\/gangster-auto-sementes-de-cannabis-autoflorescentes\/#primaryimage"},"image":{"@id":"https:\/\/ketamaseeds.com\/pt-br\/produto\/gangster-auto-sementes-de-cannabis-autoflorescentes\/#primaryimage"},"thumbnailUrl":"https:\/\/ketamaseeds.com\/wp-content\/uploads\/2023\/10\/GANGSTER-AUTO-semillas-autoflorecientes-feminizadas.jpg","datePublished":"2023-10-25T20:34:03+00:00","dateModified":"2023-12-08T16:10:12+00:00","description":"Sementes de maconha autoflorescentes feminizadas GANGSTER AUTO, uma variedade rica que mant\u00e9m todas as caracter\u00edsticas e nuances da OG Kush.","breadcrumb":{"@id":"https:\/\/ketamaseeds.com\/pt-br\/produto\/gangster-auto-sementes-de-cannabis-autoflorescentes\/#breadcrumb"},"inLanguage":"pt-BR","potentialAction":[{"@type":"ReadAction","target":["https:\/\/ketamaseeds.com\/pt-br\/produto\/gangster-auto-sementes-de-cannabis-autoflorescentes\/"]}]},{"@type":"ImageObject","inLanguage":"pt-BR","@id":"https:\/\/ketamaseeds.com\/pt-br\/produto\/gangster-auto-sementes-de-cannabis-autoflorescentes\/#primaryimage","url":"https:\/\/ketamaseeds.com\/wp-content\/uploads\/2023\/10\/GANGSTER-AUTO-semillas-autoflorecientes-feminizadas.jpg","contentUrl":"https:\/\/ketamaseeds.com\/wp-content\/uploads\/2023\/10\/GANGSTER-AUTO-semillas-autoflorecientes-feminizadas.jpg","width":360,"height":480,"caption":"GANGSTER AUTO sementes de cannabis autoflorescentes"},{"@type":"BreadcrumbList","@id":"https:\/\/ketamaseeds.com\/pt-br\/produto\/gangster-auto-sementes-de-cannabis-autoflorescentes\/#breadcrumb","itemListElement":[{"@type":"ListItem","position":1,"name":"Home","item":"https:\/\/ketamaseeds.com\/pt-br\/"},{"@type":"ListItem","position":2,"name":"Sementes de cannabis","item":"https:\/\/ketamaseeds.com\/pt-br\/sementes-de-cannabis\/"},{"@type":"ListItem","position":3,"name":"GANGSTER AUTO sementes de cannabis autoflorescentes"}]},{"@type":"WebSite","@id":"https:\/\/ketamaseeds.com\/pt-br\/#website","url":"https:\/\/ketamaseeds.com\/pt-br\/","name":"KETAMA SEEDS","description":"Banco de semillas de Cannabis","publisher":{"@id":"https:\/\/ketamaseeds.com\/pt-br\/#organization"},"potentialAction":[{"@type":"SearchAction","target":{"@type":"EntryPoint","urlTemplate":"https:\/\/ketamaseeds.com\/pt-br\/?s={search_term_string}"},"query-input":{"@type":"PropertyValueSpecification","valueRequired":true,"valueName":"search_term_string"}}],"inLanguage":"pt-BR"},{"@type":"Organization","@id":"https:\/\/ketamaseeds.com\/pt-br\/#organization","name":"KETAMA SEEDS","url":"https:\/\/ketamaseeds.com\/pt-br\/","logo":{"@type":"ImageObject","inLanguage":"pt-BR","@id":"https:\/\/ketamaseeds.com\/pt-br\/#\/schema\/logo\/image\/","url":"https:\/\/ketamaseeds.com\/wp-content\/uploads\/2023\/10\/cropped-ketama-seeds-logo.jpeg","contentUrl":"https:\/\/ketamaseeds.com\/wp-content\/uploads\/2023\/10\/cropped-ketama-seeds-logo.jpeg","width":512,"height":512,"caption":"KETAMA SEEDS"},"image":{"@id":"https:\/\/ketamaseeds.com\/pt-br\/#\/schema\/logo\/image\/"},"sameAs":["https:\/\/www.facebook.com\/ketamaseedsbank","https:\/\/x.com\/KetamaSeeds","https:\/\/www.instagram.com\/ketamaseeds"]}]}},"_links":{"self":[{"href":"https:\/\/ketamaseeds.com\/pt-br\/wp-json\/wp\/v2\/product\/1212","targetHints":{"allow":["GET"]}}],"collection":[{"href":"https:\/\/ketamaseeds.com\/pt-br\/wp-json\/wp\/v2\/product"}],"about":[{"href":"https:\/\/ketamaseeds.com\/pt-br\/wp-json\/wp\/v2\/types\/product"}],"replies":[{"embeddable":true,"href":"https:\/\/ketamaseeds.com\/pt-br\/wp-json\/wp\/v2\/comments?post=1212"}],"wp:featuredmedia":[{"embeddable":true,"href":"https:\/\/ketamaseeds.com\/pt-br\/wp-json\/wp\/v2\/media\/614"}],"wp:attachment":[{"href":"https:\/\/ketamaseeds.com\/pt-br\/wp-json\/wp\/v2\/media?parent=1212"}],"wp:term":[{"taxonomy":"product_brand","embeddable":true,"href":"https:\/\/ketamaseeds.com\/pt-br\/wp-json\/wp\/v2\/product_brand?post=1212"},{"taxonomy":"product_cat","embeddable":true,"href":"https:\/\/ketamaseeds.com\/pt-br\/wp-json\/wp\/v2\/product_cat?post=1212"},{"taxonomy":"product_tag","embeddable":true,"href":"https:\/\/ketamaseeds.com\/pt-br\/wp-json\/wp\/v2\/product_tag?post=1212"}],"curies":[{"name":"wp","href":"https:\/\/api.w.org\/{rel}","templated":true}]}}