{"id":1230,"date":"2023-10-12T02:57:17","date_gmt":"2023-10-12T02:57:17","guid":{"rendered":"http:\/\/ketamaseeds.com\/product\/critical-auto-sementes-de-cannabis-autoflorescentes\/"},"modified":"2025-04-12T18:55:08","modified_gmt":"2025-04-12T18:55:08","slug":"critical-auto-sementes-de-cannabis-autoflorescentes","status":"publish","type":"product","link":"https:\/\/ketamaseeds.com\/pt-br\/produto\/critical-auto-sementes-de-cannabis-autoflorescentes\/","title":{"rendered":"CRITICAL AUTO sementes de cannabis autoflorescentes"},"content":{"rendered":"<h2>SEMENTES DE MACONHA AUTOFLORESCENTES CRITICAL AUTO<\/h2>\n<p>Depois de um longo trabalho, conseguimos algumas sementes de maconha CRITICAL AUTO de \u00faltima gera\u00e7\u00e3o que se destacam por seu aroma, pela consist\u00eancia das flores e por sua alta produ\u00e7\u00e3o.<\/p>\n<p>A CRITICAL AUTO conserva o aroma caracter\u00edstico de sua gen\u00e9tica, toda a beleza, a cor e o esplendor da <a href=\"https:\/\/ketamaseeds.com\/pt-br\/produto\/critical\/\">CRITICAL KETAMA<\/a>.<\/p>\n<p>Com seu r\u00e1pido crescimento, \u00e9 impressionante como a CRITICAL AUTO acaba se desenvolvendo em uma planta de grande porte e tamanho.<\/p>\n<p>Em um clima bom e bem alimentada, ela pode atingir uma altura de pouco mais de um metro e meio.<\/p>\n<p>Suas flores tamb\u00e9m aparecem em todos os ramos laterais, aqueles bot\u00f5es duros que acabar\u00e3o dando uma colheita bem-sucedida.<\/p>\n<p>Em suma, uma variedade de sementes de maconha autoflorescentes de descend\u00eancia indica que, em pouco tempo, d\u00e1 resultados espetaculares.<\/p>\n<p>Como s\u00e3o plantas autoflorescentes, em locais com um bom clima, podem ser colhidas v\u00e1rias vezes por ano devido \u00e0 sua velocidade.<\/p>\n<p>H\u00e1 tamb\u00e9m muitos que optam pelo cultivo interno em espa\u00e7os pequenos ou grandes.<\/p>\n<p>Temos o prazer de contribuir para o desenvolvimento dessas sementes de maconha autoflorescentes CRITICAL AUTO, uma das variedades mais populares da atualidade, e nos orgulhamos de ter as sementes mais est\u00e1veis e produtivas dessa famosa variedade.<\/p>\n<p>Sem d\u00favida, as sementes de maconha autoflorescentes feminizadas da nossa variedade CRITICAL AUTO s\u00e3o uma das melhores op\u00e7\u00f5es quando queremos colheitas precoces ou temos pouco espa\u00e7o para cultivar plantas.<\/p>\n<p>VARIEDADE DA SEMENTE: AUTOFLORESCENTE FEMINIZADA<br \/>\nAROMA : C\u00edtrico, madeiras e especiarias<br \/>\nEFEITO: Relaxante<br \/>\nTHC: 9-13%.<br \/>\nCBD: M\u00e9dio &#8211; Alto<br \/>\nSensibilidade a fungos: ALTA<br \/>\nPAR\u00c2METROS BIOL\u00d3GICOS HIDROP\u00d4NICOS<br \/>\nCrescimento da CE: 0,7ms 1-1,2ms<br \/>\nEC Flora\u00e7\u00e3o: 1ms 1,2ms<br \/>\nPH Crescimento: 6,0 5,8<br \/>\nPH Flora\u00e7\u00e3o: 7,0 6,0<br \/>\nDESENVOLVIMENTO EXTERIOR INTERIOR<br \/>\nCOLHEITA : 60-65 dias 60-65 dias<br \/>\nRENDIMENTO : 70 &#8211; 150 gr. por planta 450 gr\/m2<\/p>\n<h3>CRITICAL AUTO sementes de cannabis autoflorescentes<\/h3>\n","protected":false},"excerpt":{"rendered":"<p><strong>Sementes de maconha autoflorescentes feminizadas CRITICAL AUTO para cultivo interno e externo.<\/strong><\/p>\n","protected":false},"featured_media":542,"comment_status":"open","ping_status":"closed","template":"","meta":{"_et_pb_use_builder":"","_et_pb_old_content":"","_et_gb_content_width":""},"product_brand":[],"product_cat":[46],"product_tag":[],"class_list":{"0":"post-1230","1":"product","2":"type-product","3":"status-publish","4":"has-post-thumbnail","6":"product_cat-sementes-autoflorescentes","8":"first","9":"instock","10":"shipping-taxable","11":"purchasable","12":"product-type-variable"},"yoast_head":"<!-- This site is optimized with the Yoast SEO plugin v27.3 - https:\/\/yoast.com\/product\/yoast-seo-wordpress\/ -->\n<title>CRITICAL AUTO sementes de cannabis autoflorescentes<\/title>\n<meta name=\"description\" content=\"A CRITICAL AUTO conserva o aroma caracter\u00edstico de sua gen\u00e9tica, toda a beleza, a cor e o esplendor da CRITICAL KETAMA.\" \/>\n<meta name=\"robots\" content=\"index, follow, max-snippet:-1, max-image-preview:large, max-video-preview:-1\" \/>\n<link rel=\"canonical\" href=\"https:\/\/ketamaseeds.com\/pt-br\/produto\/critical-auto-sementes-de-cannabis-autoflorescentes\/\" \/>\n<meta property=\"og:locale\" content=\"pt_BR\" \/>\n<meta property=\"og:type\" content=\"article\" \/>\n<meta property=\"og:title\" content=\"CRITICAL AUTO sementes de cannabis autoflorescentes\" \/>\n<meta property=\"og:description\" content=\"A CRITICAL AUTO conserva o aroma caracter\u00edstico de sua gen\u00e9tica, toda a beleza, a cor e o esplendor da CRITICAL KETAMA.\" \/>\n<meta property=\"og:url\" content=\"https:\/\/ketamaseeds.com\/pt-br\/produto\/critical-auto-sementes-de-cannabis-autoflorescentes\/\" \/>\n<meta property=\"og:site_name\" content=\"KETAMA SEEDS\" \/>\n<meta property=\"article:publisher\" content=\"https:\/\/www.facebook.com\/ketamaseedsbank\" \/>\n<meta property=\"article:modified_time\" content=\"2025-04-12T18:55:08+00:00\" \/>\n<meta property=\"og:image\" content=\"https:\/\/ketamaseeds.com\/wp-content\/uploads\/2023\/10\/Critical-auto-flor-de-cannabis.jpg\" \/>\n\t<meta property=\"og:image:width\" content=\"720\" \/>\n\t<meta property=\"og:image:height\" content=\"960\" \/>\n\t<meta property=\"og:image:type\" content=\"image\/jpeg\" \/>\n<meta name=\"twitter:card\" content=\"summary_large_image\" \/>\n<meta name=\"twitter:site\" content=\"@KetamaSeeds\" \/>\n<meta name=\"twitter:label1\" content=\"Est. tempo de leitura\" \/>\n\t<meta name=\"twitter:data1\" content=\"2 minutos\" \/>\n<script type=\"application\/ld+json\" class=\"yoast-schema-graph\">{\"@context\":\"https:\\\/\\\/schema.org\",\"@graph\":[{\"@type\":\"WebPage\",\"@id\":\"https:\\\/\\\/ketamaseeds.com\\\/pt-br\\\/produto\\\/critical-auto-sementes-de-cannabis-autoflorescentes\\\/\",\"url\":\"https:\\\/\\\/ketamaseeds.com\\\/pt-br\\\/produto\\\/critical-auto-sementes-de-cannabis-autoflorescentes\\\/\",\"name\":\"CRITICAL AUTO sementes de cannabis autoflorescentes\",\"isPartOf\":{\"@id\":\"https:\\\/\\\/ketamaseeds.com\\\/pt-br\\\/#website\"},\"primaryImageOfPage\":{\"@id\":\"https:\\\/\\\/ketamaseeds.com\\\/pt-br\\\/produto\\\/critical-auto-sementes-de-cannabis-autoflorescentes\\\/#primaryimage\"},\"image\":{\"@id\":\"https:\\\/\\\/ketamaseeds.com\\\/pt-br\\\/produto\\\/critical-auto-sementes-de-cannabis-autoflorescentes\\\/#primaryimage\"},\"thumbnailUrl\":\"https:\\\/\\\/ketamaseeds.com\\\/wp-content\\\/uploads\\\/2023\\\/10\\\/Critical-auto-flor-de-cannabis.jpg\",\"datePublished\":\"2023-10-12T02:57:17+00:00\",\"dateModified\":\"2025-04-12T18:55:08+00:00\",\"description\":\"A CRITICAL AUTO conserva o aroma caracter\u00edstico de sua gen\u00e9tica, toda a beleza, a cor e o esplendor da CRITICAL KETAMA.\",\"breadcrumb\":{\"@id\":\"https:\\\/\\\/ketamaseeds.com\\\/pt-br\\\/produto\\\/critical-auto-sementes-de-cannabis-autoflorescentes\\\/#breadcrumb\"},\"inLanguage\":\"pt-BR\",\"potentialAction\":[{\"@type\":\"ReadAction\",\"target\":[\"https:\\\/\\\/ketamaseeds.com\\\/pt-br\\\/produto\\\/critical-auto-sementes-de-cannabis-autoflorescentes\\\/\"]}]},{\"@type\":\"ImageObject\",\"inLanguage\":\"pt-BR\",\"@id\":\"https:\\\/\\\/ketamaseeds.com\\\/pt-br\\\/produto\\\/critical-auto-sementes-de-cannabis-autoflorescentes\\\/#primaryimage\",\"url\":\"https:\\\/\\\/ketamaseeds.com\\\/wp-content\\\/uploads\\\/2023\\\/10\\\/Critical-auto-flor-de-cannabis.jpg\",\"contentUrl\":\"https:\\\/\\\/ketamaseeds.com\\\/wp-content\\\/uploads\\\/2023\\\/10\\\/Critical-auto-flor-de-cannabis.jpg\",\"width\":720,\"height\":960},{\"@type\":\"BreadcrumbList\",\"@id\":\"https:\\\/\\\/ketamaseeds.com\\\/pt-br\\\/produto\\\/critical-auto-sementes-de-cannabis-autoflorescentes\\\/#breadcrumb\",\"itemListElement\":[{\"@type\":\"ListItem\",\"position\":1,\"name\":\"Home\",\"item\":\"https:\\\/\\\/ketamaseeds.com\\\/pt-br\\\/\"},{\"@type\":\"ListItem\",\"position\":2,\"name\":\"Sementes de cannabis\",\"item\":\"https:\\\/\\\/ketamaseeds.com\\\/pt-br\\\/sementes-de-cannabis\\\/\"},{\"@type\":\"ListItem\",\"position\":3,\"name\":\"CRITICAL AUTO sementes de cannabis autoflorescentes\"}]},{\"@type\":\"WebSite\",\"@id\":\"https:\\\/\\\/ketamaseeds.com\\\/pt-br\\\/#website\",\"url\":\"https:\\\/\\\/ketamaseeds.com\\\/pt-br\\\/\",\"name\":\"KETAMA SEEDS\",\"description\":\"Banco de semillas de Cannabis\",\"publisher\":{\"@id\":\"https:\\\/\\\/ketamaseeds.com\\\/pt-br\\\/#organization\"},\"potentialAction\":[{\"@type\":\"SearchAction\",\"target\":{\"@type\":\"EntryPoint\",\"urlTemplate\":\"https:\\\/\\\/ketamaseeds.com\\\/pt-br\\\/?s={search_term_string}\"},\"query-input\":{\"@type\":\"PropertyValueSpecification\",\"valueRequired\":true,\"valueName\":\"search_term_string\"}}],\"inLanguage\":\"pt-BR\"},{\"@type\":\"Organization\",\"@id\":\"https:\\\/\\\/ketamaseeds.com\\\/pt-br\\\/#organization\",\"name\":\"KETAMA SEEDS\",\"url\":\"https:\\\/\\\/ketamaseeds.com\\\/pt-br\\\/\",\"logo\":{\"@type\":\"ImageObject\",\"inLanguage\":\"pt-BR\",\"@id\":\"https:\\\/\\\/ketamaseeds.com\\\/pt-br\\\/#\\\/schema\\\/logo\\\/image\\\/\",\"url\":\"https:\\\/\\\/ketamaseeds.com\\\/wp-content\\\/uploads\\\/2023\\\/10\\\/cropped-ketama-seeds-logo.jpeg\",\"contentUrl\":\"https:\\\/\\\/ketamaseeds.com\\\/wp-content\\\/uploads\\\/2023\\\/10\\\/cropped-ketama-seeds-logo.jpeg\",\"width\":512,\"height\":512,\"caption\":\"KETAMA SEEDS\"},\"image\":{\"@id\":\"https:\\\/\\\/ketamaseeds.com\\\/pt-br\\\/#\\\/schema\\\/logo\\\/image\\\/\"},\"sameAs\":[\"https:\\\/\\\/www.facebook.com\\\/ketamaseedsbank\",\"https:\\\/\\\/x.com\\\/KetamaSeeds\",\"https:\\\/\\\/www.instagram.com\\\/ketamaseeds\"]}]}<\/script>\n<!-- \/ Yoast SEO plugin. -->","yoast_head_json":{"title":"CRITICAL AUTO sementes de cannabis autoflorescentes","description":"A CRITICAL AUTO conserva o aroma caracter\u00edstico de sua gen\u00e9tica, toda a beleza, a cor e o esplendor da CRITICAL KETAMA.","robots":{"index":"index","follow":"follow","max-snippet":"max-snippet:-1","max-image-preview":"max-image-preview:large","max-video-preview":"max-video-preview:-1"},"canonical":"https:\/\/ketamaseeds.com\/pt-br\/produto\/critical-auto-sementes-de-cannabis-autoflorescentes\/","og_locale":"pt_BR","og_type":"article","og_title":"CRITICAL AUTO sementes de cannabis autoflorescentes","og_description":"A CRITICAL AUTO conserva o aroma caracter\u00edstico de sua gen\u00e9tica, toda a beleza, a cor e o esplendor da CRITICAL KETAMA.","og_url":"https:\/\/ketamaseeds.com\/pt-br\/produto\/critical-auto-sementes-de-cannabis-autoflorescentes\/","og_site_name":"KETAMA SEEDS","article_publisher":"https:\/\/www.facebook.com\/ketamaseedsbank","article_modified_time":"2025-04-12T18:55:08+00:00","og_image":[{"width":720,"height":960,"url":"https:\/\/ketamaseeds.com\/wp-content\/uploads\/2023\/10\/Critical-auto-flor-de-cannabis.jpg","type":"image\/jpeg"}],"twitter_card":"summary_large_image","twitter_site":"@KetamaSeeds","twitter_misc":{"Est. tempo de leitura":"2 minutos"},"schema":{"@context":"https:\/\/schema.org","@graph":[{"@type":"WebPage","@id":"https:\/\/ketamaseeds.com\/pt-br\/produto\/critical-auto-sementes-de-cannabis-autoflorescentes\/","url":"https:\/\/ketamaseeds.com\/pt-br\/produto\/critical-auto-sementes-de-cannabis-autoflorescentes\/","name":"CRITICAL AUTO sementes de cannabis autoflorescentes","isPartOf":{"@id":"https:\/\/ketamaseeds.com\/pt-br\/#website"},"primaryImageOfPage":{"@id":"https:\/\/ketamaseeds.com\/pt-br\/produto\/critical-auto-sementes-de-cannabis-autoflorescentes\/#primaryimage"},"image":{"@id":"https:\/\/ketamaseeds.com\/pt-br\/produto\/critical-auto-sementes-de-cannabis-autoflorescentes\/#primaryimage"},"thumbnailUrl":"https:\/\/ketamaseeds.com\/wp-content\/uploads\/2023\/10\/Critical-auto-flor-de-cannabis.jpg","datePublished":"2023-10-12T02:57:17+00:00","dateModified":"2025-04-12T18:55:08+00:00","description":"A CRITICAL AUTO conserva o aroma caracter\u00edstico de sua gen\u00e9tica, toda a beleza, a cor e o esplendor da CRITICAL KETAMA.","breadcrumb":{"@id":"https:\/\/ketamaseeds.com\/pt-br\/produto\/critical-auto-sementes-de-cannabis-autoflorescentes\/#breadcrumb"},"inLanguage":"pt-BR","potentialAction":[{"@type":"ReadAction","target":["https:\/\/ketamaseeds.com\/pt-br\/produto\/critical-auto-sementes-de-cannabis-autoflorescentes\/"]}]},{"@type":"ImageObject","inLanguage":"pt-BR","@id":"https:\/\/ketamaseeds.com\/pt-br\/produto\/critical-auto-sementes-de-cannabis-autoflorescentes\/#primaryimage","url":"https:\/\/ketamaseeds.com\/wp-content\/uploads\/2023\/10\/Critical-auto-flor-de-cannabis.jpg","contentUrl":"https:\/\/ketamaseeds.com\/wp-content\/uploads\/2023\/10\/Critical-auto-flor-de-cannabis.jpg","width":720,"height":960},{"@type":"BreadcrumbList","@id":"https:\/\/ketamaseeds.com\/pt-br\/produto\/critical-auto-sementes-de-cannabis-autoflorescentes\/#breadcrumb","itemListElement":[{"@type":"ListItem","position":1,"name":"Home","item":"https:\/\/ketamaseeds.com\/pt-br\/"},{"@type":"ListItem","position":2,"name":"Sementes de cannabis","item":"https:\/\/ketamaseeds.com\/pt-br\/sementes-de-cannabis\/"},{"@type":"ListItem","position":3,"name":"CRITICAL AUTO sementes de cannabis autoflorescentes"}]},{"@type":"WebSite","@id":"https:\/\/ketamaseeds.com\/pt-br\/#website","url":"https:\/\/ketamaseeds.com\/pt-br\/","name":"KETAMA SEEDS","description":"Banco de semillas de Cannabis","publisher":{"@id":"https:\/\/ketamaseeds.com\/pt-br\/#organization"},"potentialAction":[{"@type":"SearchAction","target":{"@type":"EntryPoint","urlTemplate":"https:\/\/ketamaseeds.com\/pt-br\/?s={search_term_string}"},"query-input":{"@type":"PropertyValueSpecification","valueRequired":true,"valueName":"search_term_string"}}],"inLanguage":"pt-BR"},{"@type":"Organization","@id":"https:\/\/ketamaseeds.com\/pt-br\/#organization","name":"KETAMA SEEDS","url":"https:\/\/ketamaseeds.com\/pt-br\/","logo":{"@type":"ImageObject","inLanguage":"pt-BR","@id":"https:\/\/ketamaseeds.com\/pt-br\/#\/schema\/logo\/image\/","url":"https:\/\/ketamaseeds.com\/wp-content\/uploads\/2023\/10\/cropped-ketama-seeds-logo.jpeg","contentUrl":"https:\/\/ketamaseeds.com\/wp-content\/uploads\/2023\/10\/cropped-ketama-seeds-logo.jpeg","width":512,"height":512,"caption":"KETAMA SEEDS"},"image":{"@id":"https:\/\/ketamaseeds.com\/pt-br\/#\/schema\/logo\/image\/"},"sameAs":["https:\/\/www.facebook.com\/ketamaseedsbank","https:\/\/x.com\/KetamaSeeds","https:\/\/www.instagram.com\/ketamaseeds"]}]}},"_links":{"self":[{"href":"https:\/\/ketamaseeds.com\/pt-br\/wp-json\/wp\/v2\/product\/1230","targetHints":{"allow":["GET"]}}],"collection":[{"href":"https:\/\/ketamaseeds.com\/pt-br\/wp-json\/wp\/v2\/product"}],"about":[{"href":"https:\/\/ketamaseeds.com\/pt-br\/wp-json\/wp\/v2\/types\/product"}],"replies":[{"embeddable":true,"href":"https:\/\/ketamaseeds.com\/pt-br\/wp-json\/wp\/v2\/comments?post=1230"}],"wp:featuredmedia":[{"embeddable":true,"href":"https:\/\/ketamaseeds.com\/pt-br\/wp-json\/wp\/v2\/media\/542"}],"wp:attachment":[{"href":"https:\/\/ketamaseeds.com\/pt-br\/wp-json\/wp\/v2\/media?parent=1230"}],"wp:term":[{"taxonomy":"product_brand","embeddable":true,"href":"https:\/\/ketamaseeds.com\/pt-br\/wp-json\/wp\/v2\/product_brand?post=1230"},{"taxonomy":"product_cat","embeddable":true,"href":"https:\/\/ketamaseeds.com\/pt-br\/wp-json\/wp\/v2\/product_cat?post=1230"},{"taxonomy":"product_tag","embeddable":true,"href":"https:\/\/ketamaseeds.com\/pt-br\/wp-json\/wp\/v2\/product_tag?post=1230"}],"curies":[{"name":"wp","href":"https:\/\/api.w.org\/{rel}","templated":true}]}}