{"id":1248,"date":"2023-10-11T02:00:26","date_gmt":"2023-10-11T02:00:26","guid":{"rendered":"http:\/\/ketamaseeds.com\/product\/creative-auto-sementes-de-cannabis-autoflorescentes\/"},"modified":"2023-12-08T15:36:39","modified_gmt":"2023-12-08T15:36:39","slug":"creative-auto-sementes-de-cannabis-autoflorescentes","status":"publish","type":"product","link":"https:\/\/ketamaseeds.com\/pt-br\/produto\/creative-auto-sementes-de-cannabis-autoflorescentes\/","title":{"rendered":"CREATIVE AUTO sementes de cannabis autoflorescentes"},"content":{"rendered":"<h2>Sementes de cannabis autoflorescentes feminizadas CREATIVE AUTO<\/h2>\n<p>As sementes de maconha autoflorescentes CREATIVE AUTO s\u00e3o uma variedade que faz jus \u00e0 qualidade e \u00e0 produ\u00e7\u00e3o de sua irm\u00e3 mais velha, as sementes de maconha feminizadas CREATIVE.<\/p>\n<p>A CREATIVE AUTO \u00e9 a variedade mais produtiva de sementes de maconha autoflorescentes do mercado.<\/p>\n<p>Com essa planta, conseguimos fazer com que produtores de todo o mundo, mesmo em climas dif\u00edceis, realizassem seus sonhos com excelentes colheitas.<\/p>\n<p>A CREATIVE AUTO \u00e9 forte, muito f\u00e1cil de cultivar, de tamanho m\u00e9dio, com ramos que acabar\u00e3o cheios de bot\u00f5es grandes e compactos com muita resina.<\/p>\n<p>As sementes de maconha CREATIVE AUTO produzem flores com excelente sabor e alto n\u00edvel de psicoatividade.<\/p>\n<p>A variedade de cannabis CREATIVE Auto \u00e9 uma variedade autoflorescente que herda suas caracter\u00edsticas da famosa variedade CREATIVE.<\/p>\n<p>Reconhecida por sua pot\u00eancia, essa variedade proporciona um efeito cerebral forte e euf\u00f3rico, com um teor significativo de THC.<\/p>\n<p>Sua gen\u00e9tica autoflorescente significa que ela tem um ciclo de vida mais curto, o que a torna ideal para produtores que buscam colheitas r\u00e1pidas e confi\u00e1veis.<\/p>\n<p>Com um perfil de sabor c\u00edtrico e toques de pinho, a CREATIVE Auto \u00e9 apreciada tanto por sua pot\u00eancia quanto por seu sabor caracter\u00edstico.<\/p>\n<p>\u00c9 uma planta que precisa de muita nutri\u00e7\u00e3o, seja cultivada em ambientes internos ou externos.<\/p>\n<p>Em cultivos internos, \u00e9 recomend\u00e1vel ter l\u00e2mpadas de 600 watts, pois elas absorvem os l\u00famens sem problemas, assim como os nutrientes.<\/p>\n<p>Descubra a pot\u00eancia e a velocidade com a CREATIVE Auto<\/p>\n<p>Cultive sua pr\u00f3pria experi\u00eancia euf\u00f3rica com essa variedade autoflorescente de elite.<\/p>\n<p>Fa\u00e7a seu jardim florescer com a lend\u00e1ria CREATIVE Auto e desfrute de uma colheita potente e saborosa em tempo recorde.<\/p>\n<p>VARIEDADE: AUTOFLORESCENTE FEMINIZADA<br \/>\nAROMA: Floral com toques de lim\u00e3o e madeira.<br \/>\nEFEITO: Criativo &#8211; Relaxante<br \/>\nTHC: 13-18%.<br \/>\nCBD : ALTO<br \/>\nSensibilidade a fungos: Alta<br \/>\nPAR\u00c2METROS DE CULTIVO BIOL\u00d3GICO HIDROP\u00d4NICO<br \/>\nEC Crescimento 0,6-0,9ms 1,1-1,4ms<br \/>\nEC Flora\u00e7\u00e3o 0,9-1,4ms 1,4-2,2ms<br \/>\nPH Crescimento 5,5 5,8<br \/>\nPH Flora\u00e7\u00e3o 6,5 6,5<br \/>\nDESENVOLVIMENTO EXTERIOR INTERIOR<br \/>\nCOLHEITA 75 dias 75 dias<br \/>\nRENDIMENTO 80-250 gr. por planta 50-180 gr\/por planta<\/p>\n<h3>CREATIVE AUTO sementes de cannabis autoflorescentes<\/h3>\n","protected":false},"excerpt":{"rendered":"<p>Sementes de cannabis autoflorescentes feminizadas CREATIVE AUTO As sementes de maconha autoflorescentes CREATIVE AUTO s\u00e3o uma variedade que faz jus \u00e0 qualidade e \u00e0 produ\u00e7\u00e3o de sua irm\u00e3 mais velha, as sementes de maconha feminizadas CREATIVE. A CREATIVE AUTO \u00e9 a variedade mais produtiva de sementes de maconha autoflorescentes do mercado. Com essa planta, conseguimos [&hellip;]<\/p>\n","protected":false},"featured_media":518,"comment_status":"open","ping_status":"closed","template":"","meta":{"_et_pb_use_builder":"","_et_pb_old_content":"","_et_gb_content_width":""},"product_brand":[],"product_cat":[46],"product_tag":[],"class_list":{"0":"post-1248","1":"product","2":"type-product","3":"status-publish","4":"has-post-thumbnail","6":"product_cat-sementes-autoflorescentes","8":"first","9":"instock","10":"shipping-taxable","11":"purchasable","12":"product-type-variable"},"yoast_head":"<!-- This site is optimized with the Yoast SEO plugin v27.2 - https:\/\/yoast.com\/product\/yoast-seo-wordpress\/ -->\n<title>CREATIVE AUTO sementes de cannabis autoflorescentes<\/title>\n<meta name=\"description\" content=\"A CREATIVE AUTO \u00e9 a variedade mais produtiva de sementes de maconha autoflorescentes do mercado. Com essa planta, conseguimos fazer\" \/>\n<meta name=\"robots\" content=\"index, follow, max-snippet:-1, max-image-preview:large, max-video-preview:-1\" \/>\n<link rel=\"canonical\" href=\"https:\/\/ketamaseeds.com\/pt-br\/produto\/creative-auto-sementes-de-cannabis-autoflorescentes\/\" \/>\n<meta property=\"og:locale\" content=\"pt_BR\" \/>\n<meta property=\"og:type\" content=\"article\" \/>\n<meta property=\"og:title\" content=\"CREATIVE AUTO sementes de cannabis autoflorescentes\" \/>\n<meta property=\"og:description\" content=\"A CREATIVE AUTO \u00e9 a variedade mais produtiva de sementes de maconha autoflorescentes do mercado. Com essa planta, conseguimos fazer\" \/>\n<meta property=\"og:url\" content=\"https:\/\/ketamaseeds.com\/pt-br\/produto\/creative-auto-sementes-de-cannabis-autoflorescentes\/\" \/>\n<meta property=\"og:site_name\" content=\"KETAMA SEEDS\" \/>\n<meta property=\"article:publisher\" content=\"https:\/\/www.facebook.com\/ketamaseedsbank\" \/>\n<meta property=\"article:modified_time\" content=\"2023-12-08T15:36:39+00:00\" \/>\n<meta property=\"og:image\" content=\"http:\/\/ketamaseeds.com\/wp-content\/uploads\/2023\/10\/CREATIVE-AUTO-semillas-de-marihuana-autoflorecientes-Ketama-Seeds-225x300.jpg\" \/>\n<meta name=\"twitter:card\" content=\"summary_large_image\" \/>\n<meta name=\"twitter:image\" content=\"http:\/\/ketamaseeds.com\/wp-content\/uploads\/2023\/10\/CREATIVE-AUTO-semillas-de-marihuana-autoflorecientes-Ketama-Seeds.jpg\" \/>\n<meta name=\"twitter:site\" content=\"@KetamaSeeds\" \/>\n<meta name=\"twitter:label1\" content=\"Est. tempo de leitura\" \/>\n\t<meta name=\"twitter:data1\" content=\"2 minutos\" \/>\n<script type=\"application\/ld+json\" class=\"yoast-schema-graph\">{\"@context\":\"https:\/\/schema.org\",\"@graph\":[{\"@type\":\"WebPage\",\"@id\":\"https:\/\/ketamaseeds.com\/pt-br\/produto\/creative-auto-sementes-de-cannabis-autoflorescentes\/\",\"url\":\"https:\/\/ketamaseeds.com\/pt-br\/produto\/creative-auto-sementes-de-cannabis-autoflorescentes\/\",\"name\":\"CREATIVE AUTO sementes de cannabis autoflorescentes\",\"isPartOf\":{\"@id\":\"https:\/\/ketamaseeds.com\/pt-br\/#website\"},\"primaryImageOfPage\":{\"@id\":\"https:\/\/ketamaseeds.com\/pt-br\/produto\/creative-auto-sementes-de-cannabis-autoflorescentes\/#primaryimage\"},\"image\":{\"@id\":\"https:\/\/ketamaseeds.com\/pt-br\/produto\/creative-auto-sementes-de-cannabis-autoflorescentes\/#primaryimage\"},\"thumbnailUrl\":\"https:\/\/ketamaseeds.com\/wp-content\/uploads\/2023\/10\/CREATIVE-AUTO-semillas-de-marihuana-autoflorecientes-Ketama-Seeds.jpg\",\"datePublished\":\"2023-10-11T02:00:26+00:00\",\"dateModified\":\"2023-12-08T15:36:39+00:00\",\"description\":\"A CREATIVE AUTO \u00e9 a variedade mais produtiva de sementes de maconha autoflorescentes do mercado. Com essa planta, conseguimos fazer\",\"breadcrumb\":{\"@id\":\"https:\/\/ketamaseeds.com\/pt-br\/produto\/creative-auto-sementes-de-cannabis-autoflorescentes\/#breadcrumb\"},\"inLanguage\":\"pt-BR\",\"potentialAction\":[{\"@type\":\"ReadAction\",\"target\":[\"https:\/\/ketamaseeds.com\/pt-br\/produto\/creative-auto-sementes-de-cannabis-autoflorescentes\/\"]}]},{\"@type\":\"ImageObject\",\"inLanguage\":\"pt-BR\",\"@id\":\"https:\/\/ketamaseeds.com\/pt-br\/produto\/creative-auto-sementes-de-cannabis-autoflorescentes\/#primaryimage\",\"url\":\"https:\/\/ketamaseeds.com\/wp-content\/uploads\/2023\/10\/CREATIVE-AUTO-semillas-de-marihuana-autoflorecientes-Ketama-Seeds.jpg\",\"contentUrl\":\"https:\/\/ketamaseeds.com\/wp-content\/uploads\/2023\/10\/CREATIVE-AUTO-semillas-de-marihuana-autoflorecientes-Ketama-Seeds.jpg\",\"width\":500,\"height\":667,\"caption\":\"sementes de maconha autoflorescentes CREATIVE AUTO\"},{\"@type\":\"BreadcrumbList\",\"@id\":\"https:\/\/ketamaseeds.com\/pt-br\/produto\/creative-auto-sementes-de-cannabis-autoflorescentes\/#breadcrumb\",\"itemListElement\":[{\"@type\":\"ListItem\",\"position\":1,\"name\":\"Home\",\"item\":\"https:\/\/ketamaseeds.com\/pt-br\/\"},{\"@type\":\"ListItem\",\"position\":2,\"name\":\"Sementes de cannabis\",\"item\":\"https:\/\/ketamaseeds.com\/pt-br\/sementes-de-cannabis\/\"},{\"@type\":\"ListItem\",\"position\":3,\"name\":\"CREATIVE AUTO sementes de cannabis autoflorescentes\"}]},{\"@type\":\"WebSite\",\"@id\":\"https:\/\/ketamaseeds.com\/pt-br\/#website\",\"url\":\"https:\/\/ketamaseeds.com\/pt-br\/\",\"name\":\"KETAMA SEEDS\",\"description\":\"Banco de semillas de Cannabis\",\"publisher\":{\"@id\":\"https:\/\/ketamaseeds.com\/pt-br\/#organization\"},\"potentialAction\":[{\"@type\":\"SearchAction\",\"target\":{\"@type\":\"EntryPoint\",\"urlTemplate\":\"https:\/\/ketamaseeds.com\/pt-br\/?s={search_term_string}\"},\"query-input\":{\"@type\":\"PropertyValueSpecification\",\"valueRequired\":true,\"valueName\":\"search_term_string\"}}],\"inLanguage\":\"pt-BR\"},{\"@type\":\"Organization\",\"@id\":\"https:\/\/ketamaseeds.com\/pt-br\/#organization\",\"name\":\"KETAMA SEEDS\",\"url\":\"https:\/\/ketamaseeds.com\/pt-br\/\",\"logo\":{\"@type\":\"ImageObject\",\"inLanguage\":\"pt-BR\",\"@id\":\"https:\/\/ketamaseeds.com\/pt-br\/#\/schema\/logo\/image\/\",\"url\":\"https:\/\/ketamaseeds.com\/wp-content\/uploads\/2023\/10\/cropped-ketama-seeds-logo.jpeg\",\"contentUrl\":\"https:\/\/ketamaseeds.com\/wp-content\/uploads\/2023\/10\/cropped-ketama-seeds-logo.jpeg\",\"width\":512,\"height\":512,\"caption\":\"KETAMA SEEDS\"},\"image\":{\"@id\":\"https:\/\/ketamaseeds.com\/pt-br\/#\/schema\/logo\/image\/\"},\"sameAs\":[\"https:\/\/www.facebook.com\/ketamaseedsbank\",\"https:\/\/x.com\/KetamaSeeds\",\"https:\/\/www.instagram.com\/ketamaseeds\"]}]}<\/script>\n<!-- \/ Yoast SEO plugin. -->","yoast_head_json":{"title":"CREATIVE AUTO sementes de cannabis autoflorescentes","description":"A CREATIVE AUTO \u00e9 a variedade mais produtiva de sementes de maconha autoflorescentes do mercado. Com essa planta, conseguimos fazer","robots":{"index":"index","follow":"follow","max-snippet":"max-snippet:-1","max-image-preview":"max-image-preview:large","max-video-preview":"max-video-preview:-1"},"canonical":"https:\/\/ketamaseeds.com\/pt-br\/produto\/creative-auto-sementes-de-cannabis-autoflorescentes\/","og_locale":"pt_BR","og_type":"article","og_title":"CREATIVE AUTO sementes de cannabis autoflorescentes","og_description":"A CREATIVE AUTO \u00e9 a variedade mais produtiva de sementes de maconha autoflorescentes do mercado. Com essa planta, conseguimos fazer","og_url":"https:\/\/ketamaseeds.com\/pt-br\/produto\/creative-auto-sementes-de-cannabis-autoflorescentes\/","og_site_name":"KETAMA SEEDS","article_publisher":"https:\/\/www.facebook.com\/ketamaseedsbank","article_modified_time":"2023-12-08T15:36:39+00:00","og_image":[{"url":"http:\/\/ketamaseeds.com\/wp-content\/uploads\/2023\/10\/CREATIVE-AUTO-semillas-de-marihuana-autoflorecientes-Ketama-Seeds-225x300.jpg","type":"","width":"","height":""}],"twitter_card":"summary_large_image","twitter_image":"http:\/\/ketamaseeds.com\/wp-content\/uploads\/2023\/10\/CREATIVE-AUTO-semillas-de-marihuana-autoflorecientes-Ketama-Seeds.jpg","twitter_site":"@KetamaSeeds","twitter_misc":{"Est. tempo de leitura":"2 minutos"},"schema":{"@context":"https:\/\/schema.org","@graph":[{"@type":"WebPage","@id":"https:\/\/ketamaseeds.com\/pt-br\/produto\/creative-auto-sementes-de-cannabis-autoflorescentes\/","url":"https:\/\/ketamaseeds.com\/pt-br\/produto\/creative-auto-sementes-de-cannabis-autoflorescentes\/","name":"CREATIVE AUTO sementes de cannabis autoflorescentes","isPartOf":{"@id":"https:\/\/ketamaseeds.com\/pt-br\/#website"},"primaryImageOfPage":{"@id":"https:\/\/ketamaseeds.com\/pt-br\/produto\/creative-auto-sementes-de-cannabis-autoflorescentes\/#primaryimage"},"image":{"@id":"https:\/\/ketamaseeds.com\/pt-br\/produto\/creative-auto-sementes-de-cannabis-autoflorescentes\/#primaryimage"},"thumbnailUrl":"https:\/\/ketamaseeds.com\/wp-content\/uploads\/2023\/10\/CREATIVE-AUTO-semillas-de-marihuana-autoflorecientes-Ketama-Seeds.jpg","datePublished":"2023-10-11T02:00:26+00:00","dateModified":"2023-12-08T15:36:39+00:00","description":"A CREATIVE AUTO \u00e9 a variedade mais produtiva de sementes de maconha autoflorescentes do mercado. Com essa planta, conseguimos fazer","breadcrumb":{"@id":"https:\/\/ketamaseeds.com\/pt-br\/produto\/creative-auto-sementes-de-cannabis-autoflorescentes\/#breadcrumb"},"inLanguage":"pt-BR","potentialAction":[{"@type":"ReadAction","target":["https:\/\/ketamaseeds.com\/pt-br\/produto\/creative-auto-sementes-de-cannabis-autoflorescentes\/"]}]},{"@type":"ImageObject","inLanguage":"pt-BR","@id":"https:\/\/ketamaseeds.com\/pt-br\/produto\/creative-auto-sementes-de-cannabis-autoflorescentes\/#primaryimage","url":"https:\/\/ketamaseeds.com\/wp-content\/uploads\/2023\/10\/CREATIVE-AUTO-semillas-de-marihuana-autoflorecientes-Ketama-Seeds.jpg","contentUrl":"https:\/\/ketamaseeds.com\/wp-content\/uploads\/2023\/10\/CREATIVE-AUTO-semillas-de-marihuana-autoflorecientes-Ketama-Seeds.jpg","width":500,"height":667,"caption":"sementes de maconha autoflorescentes CREATIVE AUTO"},{"@type":"BreadcrumbList","@id":"https:\/\/ketamaseeds.com\/pt-br\/produto\/creative-auto-sementes-de-cannabis-autoflorescentes\/#breadcrumb","itemListElement":[{"@type":"ListItem","position":1,"name":"Home","item":"https:\/\/ketamaseeds.com\/pt-br\/"},{"@type":"ListItem","position":2,"name":"Sementes de cannabis","item":"https:\/\/ketamaseeds.com\/pt-br\/sementes-de-cannabis\/"},{"@type":"ListItem","position":3,"name":"CREATIVE AUTO sementes de cannabis autoflorescentes"}]},{"@type":"WebSite","@id":"https:\/\/ketamaseeds.com\/pt-br\/#website","url":"https:\/\/ketamaseeds.com\/pt-br\/","name":"KETAMA SEEDS","description":"Banco de semillas de Cannabis","publisher":{"@id":"https:\/\/ketamaseeds.com\/pt-br\/#organization"},"potentialAction":[{"@type":"SearchAction","target":{"@type":"EntryPoint","urlTemplate":"https:\/\/ketamaseeds.com\/pt-br\/?s={search_term_string}"},"query-input":{"@type":"PropertyValueSpecification","valueRequired":true,"valueName":"search_term_string"}}],"inLanguage":"pt-BR"},{"@type":"Organization","@id":"https:\/\/ketamaseeds.com\/pt-br\/#organization","name":"KETAMA SEEDS","url":"https:\/\/ketamaseeds.com\/pt-br\/","logo":{"@type":"ImageObject","inLanguage":"pt-BR","@id":"https:\/\/ketamaseeds.com\/pt-br\/#\/schema\/logo\/image\/","url":"https:\/\/ketamaseeds.com\/wp-content\/uploads\/2023\/10\/cropped-ketama-seeds-logo.jpeg","contentUrl":"https:\/\/ketamaseeds.com\/wp-content\/uploads\/2023\/10\/cropped-ketama-seeds-logo.jpeg","width":512,"height":512,"caption":"KETAMA SEEDS"},"image":{"@id":"https:\/\/ketamaseeds.com\/pt-br\/#\/schema\/logo\/image\/"},"sameAs":["https:\/\/www.facebook.com\/ketamaseedsbank","https:\/\/x.com\/KetamaSeeds","https:\/\/www.instagram.com\/ketamaseeds"]}]}},"_links":{"self":[{"href":"https:\/\/ketamaseeds.com\/pt-br\/wp-json\/wp\/v2\/product\/1248","targetHints":{"allow":["GET"]}}],"collection":[{"href":"https:\/\/ketamaseeds.com\/pt-br\/wp-json\/wp\/v2\/product"}],"about":[{"href":"https:\/\/ketamaseeds.com\/pt-br\/wp-json\/wp\/v2\/types\/product"}],"replies":[{"embeddable":true,"href":"https:\/\/ketamaseeds.com\/pt-br\/wp-json\/wp\/v2\/comments?post=1248"}],"wp:featuredmedia":[{"embeddable":true,"href":"https:\/\/ketamaseeds.com\/pt-br\/wp-json\/wp\/v2\/media\/518"}],"wp:attachment":[{"href":"https:\/\/ketamaseeds.com\/pt-br\/wp-json\/wp\/v2\/media?parent=1248"}],"wp:term":[{"taxonomy":"product_brand","embeddable":true,"href":"https:\/\/ketamaseeds.com\/pt-br\/wp-json\/wp\/v2\/product_brand?post=1248"},{"taxonomy":"product_cat","embeddable":true,"href":"https:\/\/ketamaseeds.com\/pt-br\/wp-json\/wp\/v2\/product_cat?post=1248"},{"taxonomy":"product_tag","embeddable":true,"href":"https:\/\/ketamaseeds.com\/pt-br\/wp-json\/wp\/v2\/product_tag?post=1248"}],"curies":[{"name":"wp","href":"https:\/\/api.w.org\/{rel}","templated":true}]}}