{"id":740,"date":"2023-10-25T23:22:25","date_gmt":"2023-10-25T23:22:25","guid":{"rendered":"http:\/\/ketamaseeds.com\/?post_type=product&#038;p=740"},"modified":"2023-12-08T16:23:25","modified_gmt":"2023-12-08T16:23:25","slug":"northern-morocco-auto","status":"publish","type":"product","link":"https:\/\/ketamaseeds.com\/pt-br\/produto\/northern-morocco-auto\/","title":{"rendered":"NORTHERN MOROCCO AUTO Sementes autoflorescentes"},"content":{"rendered":"<h2>Sementes feminizadas autoflorescentes NORTHERN MOROCCO AUTO<\/h2>\n<p>NORTHERN MOROCCO AUTO. Uma boa planta de cannabis com flores grandes que cont\u00e9m o sabor rico da Northern Lights e quase toda a sua psicoatividade.<\/p>\n<p>Uma variedade de cannabis autoflorescente descendente do cruzamento da NORTHERN LIGHTS com uma planta autoflorescente.<\/p>\n<p>A NORTHERN MOROCCO AUTO \u00e9 uma variedade de maconha autoflorescente que cresce e se ramifica muito bem.<\/p>\n<p>Para aproveit\u00e1-la ao m\u00e1ximo, como sempre, recomendamos aliment\u00e1-la com fertilizantes org\u00e2nicos.<\/p>\n<p>\u00c9 uma planta forte que nos trar\u00e1 uma boa colheita de flores grandes e compactas com um sabor doce e aquele poder que nos lembra a Northern Lights.<\/p>\n<p>A NORTHERN AUTO \u00e9 uma planta autoflorescente que come\u00e7a a florescer a partir da terceira semana ap\u00f3s a germina\u00e7\u00e3o.<\/p>\n<p>As diferentes caracter\u00edsticas da NORTHERN fazem dela uma boa op\u00e7\u00e3o para colheitas precoces.<\/p>\n<p>E, \u00e9 claro, para aquelas pessoas que, por v\u00e1rios motivos, n\u00e3o querem que suas plantas cres\u00e7am mais de um metro e meio.<\/p>\n<p>Sua produ\u00e7\u00e3o chega a 80 g ao ar livre e at\u00e9 50 g dentro de casa.<\/p>\n<p>Ilumine seu jardim com a Northern Lights Auto.<\/p>\n<p>Descubra a beleza e a pot\u00eancia dessa variedade ic\u00f4nica em sua vers\u00e3o autoflorescente.<\/p>\n<p>N\u00e3o perca a oportunidade de cultivar sua pr\u00f3pria aurora de cannabis com a Northern Lights Auto e experimente a magia em casa.<\/p>\n<h3>Sementes de cannabis autoflorescentes NORTHERN MOROCCO AUTO<\/h3>\n","protected":false},"excerpt":{"rendered":"<p>Sementes feminizadas autoflorescentes NORTHERN MOROCCO AUTO NORTHERN MOROCCO AUTO. Uma boa planta de cannabis com flores grandes que cont\u00e9m o sabor rico da Northern Lights e quase toda a sua psicoatividade. Uma variedade de cannabis autoflorescente descendente do cruzamento da NORTHERN LIGHTS com uma planta autoflorescente. A NORTHERN MOROCCO AUTO \u00e9 uma variedade de maconha [&hellip;]<\/p>\n","protected":false},"featured_media":623,"comment_status":"open","ping_status":"closed","template":"","meta":{"_et_pb_use_builder":"","_et_pb_old_content":"","_et_gb_content_width":""},"product_brand":[],"product_cat":[46],"product_tag":[],"class_list":{"0":"post-740","1":"product","2":"type-product","3":"status-publish","4":"has-post-thumbnail","6":"product_cat-sementes-autoflorescentes","8":"first","9":"instock","10":"shipping-taxable","11":"purchasable","12":"product-type-variable"},"yoast_head":"<!-- This site is optimized with the Yoast SEO plugin v27.3 - https:\/\/yoast.com\/product\/yoast-seo-wordpress\/ -->\n<title>Sementes autoflorescentes NORTHERN MOROCCO AUTO<\/title>\n<meta name=\"description\" content=\"NORTHERN MOROCCO AUTO. Uma boa planta de cannabis com flores grandes que cont\u00e9m o sabor rico da Northern Lights e quase toda a sua psicoatividade.\" \/>\n<meta name=\"robots\" content=\"index, follow, max-snippet:-1, max-image-preview:large, max-video-preview:-1\" \/>\n<link rel=\"canonical\" href=\"https:\/\/ketamaseeds.com\/pt-br\/produto\/northern-morocco-auto\/\" \/>\n<meta property=\"og:locale\" content=\"pt_BR\" \/>\n<meta property=\"og:type\" content=\"article\" \/>\n<meta property=\"og:title\" content=\"Sementes autoflorescentes NORTHERN MOROCCO AUTO\" \/>\n<meta property=\"og:description\" content=\"NORTHERN MOROCCO AUTO. Uma boa planta de cannabis com flores grandes que cont\u00e9m o sabor rico da Northern Lights e quase toda a sua psicoatividade.\" \/>\n<meta property=\"og:url\" content=\"https:\/\/ketamaseeds.com\/pt-br\/produto\/northern-morocco-auto\/\" \/>\n<meta property=\"og:site_name\" content=\"KETAMA SEEDS\" \/>\n<meta property=\"article:publisher\" content=\"https:\/\/www.facebook.com\/ketamaseedsbank\" \/>\n<meta property=\"article:modified_time\" content=\"2023-12-08T16:23:25+00:00\" \/>\n<meta property=\"og:image\" content=\"https:\/\/ketamaseeds.com\/wp-content\/uploads\/2023\/10\/northern-morocco-auto-semillas-autoflorecientes-ketama-seeds-bank.jpg\" \/>\n\t<meta property=\"og:image:width\" content=\"371\" \/>\n\t<meta property=\"og:image:height\" content=\"600\" \/>\n\t<meta property=\"og:image:type\" content=\"image\/jpeg\" \/>\n<meta name=\"twitter:card\" content=\"summary_large_image\" \/>\n<meta name=\"twitter:site\" content=\"@KetamaSeeds\" \/>\n<meta name=\"twitter:label1\" content=\"Est. tempo de leitura\" \/>\n\t<meta name=\"twitter:data1\" content=\"2 minutos\" \/>\n<script type=\"application\/ld+json\" class=\"yoast-schema-graph\">{\"@context\":\"https:\\\/\\\/schema.org\",\"@graph\":[{\"@type\":\"WebPage\",\"@id\":\"https:\\\/\\\/ketamaseeds.com\\\/pt-br\\\/produto\\\/northern-morocco-auto\\\/\",\"url\":\"https:\\\/\\\/ketamaseeds.com\\\/pt-br\\\/produto\\\/northern-morocco-auto\\\/\",\"name\":\"Sementes autoflorescentes NORTHERN MOROCCO AUTO\",\"isPartOf\":{\"@id\":\"https:\\\/\\\/ketamaseeds.com\\\/pt-br\\\/#website\"},\"primaryImageOfPage\":{\"@id\":\"https:\\\/\\\/ketamaseeds.com\\\/pt-br\\\/produto\\\/northern-morocco-auto\\\/#primaryimage\"},\"image\":{\"@id\":\"https:\\\/\\\/ketamaseeds.com\\\/pt-br\\\/produto\\\/northern-morocco-auto\\\/#primaryimage\"},\"thumbnailUrl\":\"https:\\\/\\\/ketamaseeds.com\\\/wp-content\\\/uploads\\\/2023\\\/10\\\/northern-morocco-auto-semillas-autoflorecientes-ketama-seeds-bank.jpg\",\"datePublished\":\"2023-10-25T23:22:25+00:00\",\"dateModified\":\"2023-12-08T16:23:25+00:00\",\"description\":\"NORTHERN MOROCCO AUTO. Uma boa planta de cannabis com flores grandes que cont\u00e9m o sabor rico da Northern Lights e quase toda a sua psicoatividade.\",\"breadcrumb\":{\"@id\":\"https:\\\/\\\/ketamaseeds.com\\\/pt-br\\\/produto\\\/northern-morocco-auto\\\/#breadcrumb\"},\"inLanguage\":\"pt-BR\",\"potentialAction\":[{\"@type\":\"ReadAction\",\"target\":[\"https:\\\/\\\/ketamaseeds.com\\\/pt-br\\\/produto\\\/northern-morocco-auto\\\/\"]}]},{\"@type\":\"ImageObject\",\"inLanguage\":\"pt-BR\",\"@id\":\"https:\\\/\\\/ketamaseeds.com\\\/pt-br\\\/produto\\\/northern-morocco-auto\\\/#primaryimage\",\"url\":\"https:\\\/\\\/ketamaseeds.com\\\/wp-content\\\/uploads\\\/2023\\\/10\\\/northern-morocco-auto-semillas-autoflorecientes-ketama-seeds-bank.jpg\",\"contentUrl\":\"https:\\\/\\\/ketamaseeds.com\\\/wp-content\\\/uploads\\\/2023\\\/10\\\/northern-morocco-auto-semillas-autoflorecientes-ketama-seeds-bank.jpg\",\"width\":371,\"height\":600},{\"@type\":\"BreadcrumbList\",\"@id\":\"https:\\\/\\\/ketamaseeds.com\\\/pt-br\\\/produto\\\/northern-morocco-auto\\\/#breadcrumb\",\"itemListElement\":[{\"@type\":\"ListItem\",\"position\":1,\"name\":\"Home\",\"item\":\"https:\\\/\\\/ketamaseeds.com\\\/pt-br\\\/\"},{\"@type\":\"ListItem\",\"position\":2,\"name\":\"Sementes de cannabis\",\"item\":\"https:\\\/\\\/ketamaseeds.com\\\/pt-br\\\/sementes-de-cannabis\\\/\"},{\"@type\":\"ListItem\",\"position\":3,\"name\":\"NORTHERN MOROCCO AUTO Sementes autoflorescentes\"}]},{\"@type\":\"WebSite\",\"@id\":\"https:\\\/\\\/ketamaseeds.com\\\/pt-br\\\/#website\",\"url\":\"https:\\\/\\\/ketamaseeds.com\\\/pt-br\\\/\",\"name\":\"KETAMA SEEDS\",\"description\":\"Banco de semillas de Cannabis\",\"publisher\":{\"@id\":\"https:\\\/\\\/ketamaseeds.com\\\/pt-br\\\/#organization\"},\"potentialAction\":[{\"@type\":\"SearchAction\",\"target\":{\"@type\":\"EntryPoint\",\"urlTemplate\":\"https:\\\/\\\/ketamaseeds.com\\\/pt-br\\\/?s={search_term_string}\"},\"query-input\":{\"@type\":\"PropertyValueSpecification\",\"valueRequired\":true,\"valueName\":\"search_term_string\"}}],\"inLanguage\":\"pt-BR\"},{\"@type\":\"Organization\",\"@id\":\"https:\\\/\\\/ketamaseeds.com\\\/pt-br\\\/#organization\",\"name\":\"KETAMA SEEDS\",\"url\":\"https:\\\/\\\/ketamaseeds.com\\\/pt-br\\\/\",\"logo\":{\"@type\":\"ImageObject\",\"inLanguage\":\"pt-BR\",\"@id\":\"https:\\\/\\\/ketamaseeds.com\\\/pt-br\\\/#\\\/schema\\\/logo\\\/image\\\/\",\"url\":\"https:\\\/\\\/ketamaseeds.com\\\/wp-content\\\/uploads\\\/2023\\\/10\\\/cropped-ketama-seeds-logo.jpeg\",\"contentUrl\":\"https:\\\/\\\/ketamaseeds.com\\\/wp-content\\\/uploads\\\/2023\\\/10\\\/cropped-ketama-seeds-logo.jpeg\",\"width\":512,\"height\":512,\"caption\":\"KETAMA SEEDS\"},\"image\":{\"@id\":\"https:\\\/\\\/ketamaseeds.com\\\/pt-br\\\/#\\\/schema\\\/logo\\\/image\\\/\"},\"sameAs\":[\"https:\\\/\\\/www.facebook.com\\\/ketamaseedsbank\",\"https:\\\/\\\/x.com\\\/KetamaSeeds\",\"https:\\\/\\\/www.instagram.com\\\/ketamaseeds\"]}]}<\/script>\n<!-- \/ Yoast SEO plugin. -->","yoast_head_json":{"title":"Sementes autoflorescentes NORTHERN MOROCCO AUTO","description":"NORTHERN MOROCCO AUTO. Uma boa planta de cannabis com flores grandes que cont\u00e9m o sabor rico da Northern Lights e quase toda a sua psicoatividade.","robots":{"index":"index","follow":"follow","max-snippet":"max-snippet:-1","max-image-preview":"max-image-preview:large","max-video-preview":"max-video-preview:-1"},"canonical":"https:\/\/ketamaseeds.com\/pt-br\/produto\/northern-morocco-auto\/","og_locale":"pt_BR","og_type":"article","og_title":"Sementes autoflorescentes NORTHERN MOROCCO AUTO","og_description":"NORTHERN MOROCCO AUTO. Uma boa planta de cannabis com flores grandes que cont\u00e9m o sabor rico da Northern Lights e quase toda a sua psicoatividade.","og_url":"https:\/\/ketamaseeds.com\/pt-br\/produto\/northern-morocco-auto\/","og_site_name":"KETAMA SEEDS","article_publisher":"https:\/\/www.facebook.com\/ketamaseedsbank","article_modified_time":"2023-12-08T16:23:25+00:00","og_image":[{"width":371,"height":600,"url":"https:\/\/ketamaseeds.com\/wp-content\/uploads\/2023\/10\/northern-morocco-auto-semillas-autoflorecientes-ketama-seeds-bank.jpg","type":"image\/jpeg"}],"twitter_card":"summary_large_image","twitter_site":"@KetamaSeeds","twitter_misc":{"Est. tempo de leitura":"2 minutos"},"schema":{"@context":"https:\/\/schema.org","@graph":[{"@type":"WebPage","@id":"https:\/\/ketamaseeds.com\/pt-br\/produto\/northern-morocco-auto\/","url":"https:\/\/ketamaseeds.com\/pt-br\/produto\/northern-morocco-auto\/","name":"Sementes autoflorescentes NORTHERN MOROCCO AUTO","isPartOf":{"@id":"https:\/\/ketamaseeds.com\/pt-br\/#website"},"primaryImageOfPage":{"@id":"https:\/\/ketamaseeds.com\/pt-br\/produto\/northern-morocco-auto\/#primaryimage"},"image":{"@id":"https:\/\/ketamaseeds.com\/pt-br\/produto\/northern-morocco-auto\/#primaryimage"},"thumbnailUrl":"https:\/\/ketamaseeds.com\/wp-content\/uploads\/2023\/10\/northern-morocco-auto-semillas-autoflorecientes-ketama-seeds-bank.jpg","datePublished":"2023-10-25T23:22:25+00:00","dateModified":"2023-12-08T16:23:25+00:00","description":"NORTHERN MOROCCO AUTO. Uma boa planta de cannabis com flores grandes que cont\u00e9m o sabor rico da Northern Lights e quase toda a sua psicoatividade.","breadcrumb":{"@id":"https:\/\/ketamaseeds.com\/pt-br\/produto\/northern-morocco-auto\/#breadcrumb"},"inLanguage":"pt-BR","potentialAction":[{"@type":"ReadAction","target":["https:\/\/ketamaseeds.com\/pt-br\/produto\/northern-morocco-auto\/"]}]},{"@type":"ImageObject","inLanguage":"pt-BR","@id":"https:\/\/ketamaseeds.com\/pt-br\/produto\/northern-morocco-auto\/#primaryimage","url":"https:\/\/ketamaseeds.com\/wp-content\/uploads\/2023\/10\/northern-morocco-auto-semillas-autoflorecientes-ketama-seeds-bank.jpg","contentUrl":"https:\/\/ketamaseeds.com\/wp-content\/uploads\/2023\/10\/northern-morocco-auto-semillas-autoflorecientes-ketama-seeds-bank.jpg","width":371,"height":600},{"@type":"BreadcrumbList","@id":"https:\/\/ketamaseeds.com\/pt-br\/produto\/northern-morocco-auto\/#breadcrumb","itemListElement":[{"@type":"ListItem","position":1,"name":"Home","item":"https:\/\/ketamaseeds.com\/pt-br\/"},{"@type":"ListItem","position":2,"name":"Sementes de cannabis","item":"https:\/\/ketamaseeds.com\/pt-br\/sementes-de-cannabis\/"},{"@type":"ListItem","position":3,"name":"NORTHERN MOROCCO AUTO Sementes autoflorescentes"}]},{"@type":"WebSite","@id":"https:\/\/ketamaseeds.com\/pt-br\/#website","url":"https:\/\/ketamaseeds.com\/pt-br\/","name":"KETAMA SEEDS","description":"Banco de semillas de Cannabis","publisher":{"@id":"https:\/\/ketamaseeds.com\/pt-br\/#organization"},"potentialAction":[{"@type":"SearchAction","target":{"@type":"EntryPoint","urlTemplate":"https:\/\/ketamaseeds.com\/pt-br\/?s={search_term_string}"},"query-input":{"@type":"PropertyValueSpecification","valueRequired":true,"valueName":"search_term_string"}}],"inLanguage":"pt-BR"},{"@type":"Organization","@id":"https:\/\/ketamaseeds.com\/pt-br\/#organization","name":"KETAMA SEEDS","url":"https:\/\/ketamaseeds.com\/pt-br\/","logo":{"@type":"ImageObject","inLanguage":"pt-BR","@id":"https:\/\/ketamaseeds.com\/pt-br\/#\/schema\/logo\/image\/","url":"https:\/\/ketamaseeds.com\/wp-content\/uploads\/2023\/10\/cropped-ketama-seeds-logo.jpeg","contentUrl":"https:\/\/ketamaseeds.com\/wp-content\/uploads\/2023\/10\/cropped-ketama-seeds-logo.jpeg","width":512,"height":512,"caption":"KETAMA SEEDS"},"image":{"@id":"https:\/\/ketamaseeds.com\/pt-br\/#\/schema\/logo\/image\/"},"sameAs":["https:\/\/www.facebook.com\/ketamaseedsbank","https:\/\/x.com\/KetamaSeeds","https:\/\/www.instagram.com\/ketamaseeds"]}]}},"_links":{"self":[{"href":"https:\/\/ketamaseeds.com\/pt-br\/wp-json\/wp\/v2\/product\/740","targetHints":{"allow":["GET"]}}],"collection":[{"href":"https:\/\/ketamaseeds.com\/pt-br\/wp-json\/wp\/v2\/product"}],"about":[{"href":"https:\/\/ketamaseeds.com\/pt-br\/wp-json\/wp\/v2\/types\/product"}],"replies":[{"embeddable":true,"href":"https:\/\/ketamaseeds.com\/pt-br\/wp-json\/wp\/v2\/comments?post=740"}],"wp:featuredmedia":[{"embeddable":true,"href":"https:\/\/ketamaseeds.com\/pt-br\/wp-json\/wp\/v2\/media\/623"}],"wp:attachment":[{"href":"https:\/\/ketamaseeds.com\/pt-br\/wp-json\/wp\/v2\/media?parent=740"}],"wp:term":[{"taxonomy":"product_brand","embeddable":true,"href":"https:\/\/ketamaseeds.com\/pt-br\/wp-json\/wp\/v2\/product_brand?post=740"},{"taxonomy":"product_cat","embeddable":true,"href":"https:\/\/ketamaseeds.com\/pt-br\/wp-json\/wp\/v2\/product_cat?post=740"},{"taxonomy":"product_tag","embeddable":true,"href":"https:\/\/ketamaseeds.com\/pt-br\/wp-json\/wp\/v2\/product_tag?post=740"}],"curies":[{"name":"wp","href":"https:\/\/api.w.org\/{rel}","templated":true}]}}