{"id":758,"date":"2023-10-12T01:55:14","date_gmt":"2023-10-12T01:55:14","guid":{"rendered":"http:\/\/ketamaseeds.com\/?post_type=product&#038;p=758"},"modified":"2023-12-08T01:09:53","modified_gmt":"2023-12-08T01:09:53","slug":"anana","status":"publish","type":"product","link":"https:\/\/ketamaseeds.com\/pt-br\/produto\/anana\/","title":{"rendered":"ANAN\u00c1 sementes de cannabis feminizadas"},"content":{"rendered":"<p>A ANAN\u00c1 \u00e9 uma variedade de maconha muito r\u00e1pida que produz flores grandes de tons roxos espetaculares cheias de resina.<\/p>\n<p>As flores de Anan\u00e1 t\u00eam um excelente sabor frutado que nos transporta para lugares tropicais onde se bebe um delicioso refresco, a pi\u00f1a colada.<\/p>\n<p>Sua gen\u00e9tica, um h\u00edbrido de duas variedades de cannabis da \u00c1frica central, confere-lhe aromas ricos e esses tons roxos nas flores, ou azulados e quase pretos nas folhas.<\/p>\n<p>O efeito das flores da Pineapple, como uma boa sativa, \u00e9 principalmente mental.<\/p>\n<p>\u00c9 uma planta muito f\u00e1cil de cultivar e que, apesar de descender principalmente da cannabis sativa, pode ser colhida com bastante rapidez.<\/p>\n<p>Al\u00e9m disso, quando se trata de pod\u00e1-la, ela nos dar\u00e1 menos trabalho do que outras variedades, pois \u00e9 uma planta de maconha com muito poucas folhas.<\/p>\n<p>Em cultivos internos, ela terminar\u00e1 seu per\u00edodo de flora\u00e7\u00e3o em 50-57 dias.<\/p>\n<p>Ao ar livre, estar\u00e1 pronta para a colheita em meados de setembro no hemisf\u00e9rio norte e no final de fevereiro ou na primeira semana de mar\u00e7o no hemisf\u00e9rio sul.<\/p>\n<p>A Pineapple surpreende aqueles que querem experimentar sativas por sua velocidade e os cultivadores experientes por sua grande qualidade e personalidade.<\/p>\n<h2>Sementes de maconha feminizadas ANAN\u00c1<\/h2>\n","protected":false},"excerpt":{"rendered":"<p>A ANAN\u00c1 \u00e9 uma variedade de maconha muito r\u00e1pida que produz flores grandes de tons roxos espetaculares cheias de resina. As flores de Anan\u00e1 t\u00eam um excelente sabor frutado que nos transporta para lugares tropicais onde se bebe um delicioso refresco, a pi\u00f1a colada. Sua gen\u00e9tica, um h\u00edbrido de duas variedades de cannabis da \u00c1frica [&hellip;]<\/p>\n","protected":false},"featured_media":536,"comment_status":"open","ping_status":"closed","template":"","meta":{"_et_pb_use_builder":"","_et_pb_old_content":"","_et_gb_content_width":""},"product_brand":[],"product_cat":[49],"product_tag":[],"class_list":{"0":"post-758","1":"product","2":"type-product","3":"status-publish","4":"has-post-thumbnail","6":"product_cat-sementes-feminizadas","8":"first","9":"instock","10":"shipping-taxable","11":"purchasable","12":"product-type-variable"},"yoast_head":"<!-- This site is optimized with the Yoast SEO plugin v27.3 - https:\/\/yoast.com\/product\/yoast-seo-wordpress\/ -->\n<title>ANAN\u00c1 sementes de cannabis feminizadas<\/title>\n<meta name=\"description\" content=\"As flores de Anan\u00e1 t\u00eam um excelente sabor frutado que nos transporta para lugares tropicais onde se bebe um delicioso refresco, a pi\u00f1a colada. Sua gen\u00e9tica\" \/>\n<meta name=\"robots\" content=\"index, follow, max-snippet:-1, max-image-preview:large, max-video-preview:-1\" \/>\n<link rel=\"canonical\" href=\"https:\/\/ketamaseeds.com\/pt-br\/produto\/anana\/\" \/>\n<meta property=\"og:locale\" content=\"pt_BR\" \/>\n<meta property=\"og:type\" content=\"article\" \/>\n<meta property=\"og:title\" content=\"ANAN\u00c1 sementes de cannabis feminizadas\" \/>\n<meta property=\"og:description\" content=\"As flores de Anan\u00e1 t\u00eam um excelente sabor frutado que nos transporta para lugares tropicais onde se bebe um delicioso refresco, a pi\u00f1a colada. Sua gen\u00e9tica\" \/>\n<meta property=\"og:url\" content=\"https:\/\/ketamaseeds.com\/pt-br\/produto\/anana\/\" \/>\n<meta property=\"og:site_name\" content=\"KETAMA SEEDS\" \/>\n<meta property=\"article:publisher\" content=\"https:\/\/www.facebook.com\/ketamaseedsbank\" \/>\n<meta property=\"article:modified_time\" content=\"2023-12-08T01:09:53+00:00\" \/>\n<meta property=\"og:image\" content=\"https:\/\/ketamaseeds.com\/wp-content\/uploads\/2023\/10\/flores-de-marihuana-variedad-anana-de-ketama-seeds-bank.jpg\" \/>\n\t<meta property=\"og:image:width\" content=\"300\" \/>\n\t<meta property=\"og:image:height\" content=\"300\" \/>\n\t<meta property=\"og:image:type\" content=\"image\/jpeg\" \/>\n<meta name=\"twitter:card\" content=\"summary_large_image\" \/>\n<meta name=\"twitter:site\" content=\"@KetamaSeeds\" \/>\n<meta name=\"twitter:label1\" content=\"Est. tempo de leitura\" \/>\n\t<meta name=\"twitter:data1\" content=\"1 minuto\" \/>\n<script type=\"application\/ld+json\" class=\"yoast-schema-graph\">{\"@context\":\"https:\\\/\\\/schema.org\",\"@graph\":[{\"@type\":\"WebPage\",\"@id\":\"https:\\\/\\\/ketamaseeds.com\\\/pt-br\\\/produto\\\/anana\\\/\",\"url\":\"https:\\\/\\\/ketamaseeds.com\\\/pt-br\\\/produto\\\/anana\\\/\",\"name\":\"ANAN\u00c1 sementes de cannabis feminizadas\",\"isPartOf\":{\"@id\":\"https:\\\/\\\/ketamaseeds.com\\\/pt-br\\\/#website\"},\"primaryImageOfPage\":{\"@id\":\"https:\\\/\\\/ketamaseeds.com\\\/pt-br\\\/produto\\\/anana\\\/#primaryimage\"},\"image\":{\"@id\":\"https:\\\/\\\/ketamaseeds.com\\\/pt-br\\\/produto\\\/anana\\\/#primaryimage\"},\"thumbnailUrl\":\"https:\\\/\\\/ketamaseeds.com\\\/wp-content\\\/uploads\\\/2023\\\/10\\\/flores-de-marihuana-variedad-anana-de-ketama-seeds-bank.jpg\",\"datePublished\":\"2023-10-12T01:55:14+00:00\",\"dateModified\":\"2023-12-08T01:09:53+00:00\",\"description\":\"As flores de Anan\u00e1 t\u00eam um excelente sabor frutado que nos transporta para lugares tropicais onde se bebe um delicioso refresco, a pi\u00f1a colada. Sua gen\u00e9tica\",\"breadcrumb\":{\"@id\":\"https:\\\/\\\/ketamaseeds.com\\\/pt-br\\\/produto\\\/anana\\\/#breadcrumb\"},\"inLanguage\":\"pt-BR\",\"potentialAction\":[{\"@type\":\"ReadAction\",\"target\":[\"https:\\\/\\\/ketamaseeds.com\\\/pt-br\\\/produto\\\/anana\\\/\"]}]},{\"@type\":\"ImageObject\",\"inLanguage\":\"pt-BR\",\"@id\":\"https:\\\/\\\/ketamaseeds.com\\\/pt-br\\\/produto\\\/anana\\\/#primaryimage\",\"url\":\"https:\\\/\\\/ketamaseeds.com\\\/wp-content\\\/uploads\\\/2023\\\/10\\\/flores-de-marihuana-variedad-anana-de-ketama-seeds-bank.jpg\",\"contentUrl\":\"https:\\\/\\\/ketamaseeds.com\\\/wp-content\\\/uploads\\\/2023\\\/10\\\/flores-de-marihuana-variedad-anana-de-ketama-seeds-bank.jpg\",\"width\":300,\"height\":300},{\"@type\":\"BreadcrumbList\",\"@id\":\"https:\\\/\\\/ketamaseeds.com\\\/pt-br\\\/produto\\\/anana\\\/#breadcrumb\",\"itemListElement\":[{\"@type\":\"ListItem\",\"position\":1,\"name\":\"Home\",\"item\":\"https:\\\/\\\/ketamaseeds.com\\\/pt-br\\\/\"},{\"@type\":\"ListItem\",\"position\":2,\"name\":\"Sementes de cannabis\",\"item\":\"https:\\\/\\\/ketamaseeds.com\\\/pt-br\\\/sementes-de-cannabis\\\/\"},{\"@type\":\"ListItem\",\"position\":3,\"name\":\"ANAN\u00c1 sementes de cannabis feminizadas\"}]},{\"@type\":\"WebSite\",\"@id\":\"https:\\\/\\\/ketamaseeds.com\\\/pt-br\\\/#website\",\"url\":\"https:\\\/\\\/ketamaseeds.com\\\/pt-br\\\/\",\"name\":\"KETAMA SEEDS\",\"description\":\"Banco de semillas de Cannabis\",\"publisher\":{\"@id\":\"https:\\\/\\\/ketamaseeds.com\\\/pt-br\\\/#organization\"},\"potentialAction\":[{\"@type\":\"SearchAction\",\"target\":{\"@type\":\"EntryPoint\",\"urlTemplate\":\"https:\\\/\\\/ketamaseeds.com\\\/pt-br\\\/?s={search_term_string}\"},\"query-input\":{\"@type\":\"PropertyValueSpecification\",\"valueRequired\":true,\"valueName\":\"search_term_string\"}}],\"inLanguage\":\"pt-BR\"},{\"@type\":\"Organization\",\"@id\":\"https:\\\/\\\/ketamaseeds.com\\\/pt-br\\\/#organization\",\"name\":\"KETAMA SEEDS\",\"url\":\"https:\\\/\\\/ketamaseeds.com\\\/pt-br\\\/\",\"logo\":{\"@type\":\"ImageObject\",\"inLanguage\":\"pt-BR\",\"@id\":\"https:\\\/\\\/ketamaseeds.com\\\/pt-br\\\/#\\\/schema\\\/logo\\\/image\\\/\",\"url\":\"https:\\\/\\\/ketamaseeds.com\\\/wp-content\\\/uploads\\\/2023\\\/10\\\/cropped-ketama-seeds-logo.jpeg\",\"contentUrl\":\"https:\\\/\\\/ketamaseeds.com\\\/wp-content\\\/uploads\\\/2023\\\/10\\\/cropped-ketama-seeds-logo.jpeg\",\"width\":512,\"height\":512,\"caption\":\"KETAMA SEEDS\"},\"image\":{\"@id\":\"https:\\\/\\\/ketamaseeds.com\\\/pt-br\\\/#\\\/schema\\\/logo\\\/image\\\/\"},\"sameAs\":[\"https:\\\/\\\/www.facebook.com\\\/ketamaseedsbank\",\"https:\\\/\\\/x.com\\\/KetamaSeeds\",\"https:\\\/\\\/www.instagram.com\\\/ketamaseeds\"]}]}<\/script>\n<!-- \/ Yoast SEO plugin. -->","yoast_head_json":{"title":"ANAN\u00c1 sementes de cannabis feminizadas","description":"As flores de Anan\u00e1 t\u00eam um excelente sabor frutado que nos transporta para lugares tropicais onde se bebe um delicioso refresco, a pi\u00f1a colada. Sua gen\u00e9tica","robots":{"index":"index","follow":"follow","max-snippet":"max-snippet:-1","max-image-preview":"max-image-preview:large","max-video-preview":"max-video-preview:-1"},"canonical":"https:\/\/ketamaseeds.com\/pt-br\/produto\/anana\/","og_locale":"pt_BR","og_type":"article","og_title":"ANAN\u00c1 sementes de cannabis feminizadas","og_description":"As flores de Anan\u00e1 t\u00eam um excelente sabor frutado que nos transporta para lugares tropicais onde se bebe um delicioso refresco, a pi\u00f1a colada. Sua gen\u00e9tica","og_url":"https:\/\/ketamaseeds.com\/pt-br\/produto\/anana\/","og_site_name":"KETAMA SEEDS","article_publisher":"https:\/\/www.facebook.com\/ketamaseedsbank","article_modified_time":"2023-12-08T01:09:53+00:00","og_image":[{"width":300,"height":300,"url":"https:\/\/ketamaseeds.com\/wp-content\/uploads\/2023\/10\/flores-de-marihuana-variedad-anana-de-ketama-seeds-bank.jpg","type":"image\/jpeg"}],"twitter_card":"summary_large_image","twitter_site":"@KetamaSeeds","twitter_misc":{"Est. tempo de leitura":"1 minuto"},"schema":{"@context":"https:\/\/schema.org","@graph":[{"@type":"WebPage","@id":"https:\/\/ketamaseeds.com\/pt-br\/produto\/anana\/","url":"https:\/\/ketamaseeds.com\/pt-br\/produto\/anana\/","name":"ANAN\u00c1 sementes de cannabis feminizadas","isPartOf":{"@id":"https:\/\/ketamaseeds.com\/pt-br\/#website"},"primaryImageOfPage":{"@id":"https:\/\/ketamaseeds.com\/pt-br\/produto\/anana\/#primaryimage"},"image":{"@id":"https:\/\/ketamaseeds.com\/pt-br\/produto\/anana\/#primaryimage"},"thumbnailUrl":"https:\/\/ketamaseeds.com\/wp-content\/uploads\/2023\/10\/flores-de-marihuana-variedad-anana-de-ketama-seeds-bank.jpg","datePublished":"2023-10-12T01:55:14+00:00","dateModified":"2023-12-08T01:09:53+00:00","description":"As flores de Anan\u00e1 t\u00eam um excelente sabor frutado que nos transporta para lugares tropicais onde se bebe um delicioso refresco, a pi\u00f1a colada. Sua gen\u00e9tica","breadcrumb":{"@id":"https:\/\/ketamaseeds.com\/pt-br\/produto\/anana\/#breadcrumb"},"inLanguage":"pt-BR","potentialAction":[{"@type":"ReadAction","target":["https:\/\/ketamaseeds.com\/pt-br\/produto\/anana\/"]}]},{"@type":"ImageObject","inLanguage":"pt-BR","@id":"https:\/\/ketamaseeds.com\/pt-br\/produto\/anana\/#primaryimage","url":"https:\/\/ketamaseeds.com\/wp-content\/uploads\/2023\/10\/flores-de-marihuana-variedad-anana-de-ketama-seeds-bank.jpg","contentUrl":"https:\/\/ketamaseeds.com\/wp-content\/uploads\/2023\/10\/flores-de-marihuana-variedad-anana-de-ketama-seeds-bank.jpg","width":300,"height":300},{"@type":"BreadcrumbList","@id":"https:\/\/ketamaseeds.com\/pt-br\/produto\/anana\/#breadcrumb","itemListElement":[{"@type":"ListItem","position":1,"name":"Home","item":"https:\/\/ketamaseeds.com\/pt-br\/"},{"@type":"ListItem","position":2,"name":"Sementes de cannabis","item":"https:\/\/ketamaseeds.com\/pt-br\/sementes-de-cannabis\/"},{"@type":"ListItem","position":3,"name":"ANAN\u00c1 sementes de cannabis feminizadas"}]},{"@type":"WebSite","@id":"https:\/\/ketamaseeds.com\/pt-br\/#website","url":"https:\/\/ketamaseeds.com\/pt-br\/","name":"KETAMA SEEDS","description":"Banco de semillas de Cannabis","publisher":{"@id":"https:\/\/ketamaseeds.com\/pt-br\/#organization"},"potentialAction":[{"@type":"SearchAction","target":{"@type":"EntryPoint","urlTemplate":"https:\/\/ketamaseeds.com\/pt-br\/?s={search_term_string}"},"query-input":{"@type":"PropertyValueSpecification","valueRequired":true,"valueName":"search_term_string"}}],"inLanguage":"pt-BR"},{"@type":"Organization","@id":"https:\/\/ketamaseeds.com\/pt-br\/#organization","name":"KETAMA SEEDS","url":"https:\/\/ketamaseeds.com\/pt-br\/","logo":{"@type":"ImageObject","inLanguage":"pt-BR","@id":"https:\/\/ketamaseeds.com\/pt-br\/#\/schema\/logo\/image\/","url":"https:\/\/ketamaseeds.com\/wp-content\/uploads\/2023\/10\/cropped-ketama-seeds-logo.jpeg","contentUrl":"https:\/\/ketamaseeds.com\/wp-content\/uploads\/2023\/10\/cropped-ketama-seeds-logo.jpeg","width":512,"height":512,"caption":"KETAMA SEEDS"},"image":{"@id":"https:\/\/ketamaseeds.com\/pt-br\/#\/schema\/logo\/image\/"},"sameAs":["https:\/\/www.facebook.com\/ketamaseedsbank","https:\/\/x.com\/KetamaSeeds","https:\/\/www.instagram.com\/ketamaseeds"]}]}},"_links":{"self":[{"href":"https:\/\/ketamaseeds.com\/pt-br\/wp-json\/wp\/v2\/product\/758","targetHints":{"allow":["GET"]}}],"collection":[{"href":"https:\/\/ketamaseeds.com\/pt-br\/wp-json\/wp\/v2\/product"}],"about":[{"href":"https:\/\/ketamaseeds.com\/pt-br\/wp-json\/wp\/v2\/types\/product"}],"replies":[{"embeddable":true,"href":"https:\/\/ketamaseeds.com\/pt-br\/wp-json\/wp\/v2\/comments?post=758"}],"wp:featuredmedia":[{"embeddable":true,"href":"https:\/\/ketamaseeds.com\/pt-br\/wp-json\/wp\/v2\/media\/536"}],"wp:attachment":[{"href":"https:\/\/ketamaseeds.com\/pt-br\/wp-json\/wp\/v2\/media?parent=758"}],"wp:term":[{"taxonomy":"product_brand","embeddable":true,"href":"https:\/\/ketamaseeds.com\/pt-br\/wp-json\/wp\/v2\/product_brand?post=758"},{"taxonomy":"product_cat","embeddable":true,"href":"https:\/\/ketamaseeds.com\/pt-br\/wp-json\/wp\/v2\/product_cat?post=758"},{"taxonomy":"product_tag","embeddable":true,"href":"https:\/\/ketamaseeds.com\/pt-br\/wp-json\/wp\/v2\/product_tag?post=758"}],"curies":[{"name":"wp","href":"https:\/\/api.w.org\/{rel}","templated":true}]}}