{"id":787,"date":"2023-10-12T03:06:42","date_gmt":"2023-10-12T03:06:42","guid":{"rendered":"http:\/\/ketamaseeds.com\/?post_type=product&#038;p=787"},"modified":"2024-04-04T13:43:34","modified_gmt":"2024-04-04T13:43:34","slug":"beautiful-day","status":"publish","type":"product","link":"https:\/\/ketamaseeds.com\/pt-br\/produto\/beautiful-day\/","title":{"rendered":"BEAUTIFUL DAY sementes de cannabis feminizadas"},"content":{"rendered":"<h2>Sementes de cannabis feminizadas BEAUTIFUL DAY<\/h2>\n<p>Sementes de maconha feminizadas BEAUTIFUL DAY, uma variedade que nosso banco desenvolveu ap\u00f3s um longo processo de sele\u00e7\u00e3o gen\u00e9tica.<\/p>\n<p>A BEAUTIFUL DAY \u00e9 um polih\u00edbrido baseado em quatro variedades selecionadas de cannabis de \u00e1reas muito diferentes do planeta.<\/p>\n<p>Os aromas e sabores liberados pelas flores da BEAUTIFUL DAY s\u00e3o uma mistura de lavanda, alecrim e ervas arom\u00e1ticas que nos lembram o sabor do melhor haxixe afeg\u00e3o.<\/p>\n<p>O efeito produzido pelas flores da BEAUTIFUL DAY \u00e9 relaxante e, ao mesmo tempo, permite que voc\u00ea tenha uma conversa interessante.<\/p>\n<p>As variedades originais que comp\u00f5em esse cruzamento, provenientes de lugares t\u00e3o distantes como Hava\u00ed, Coreia, EUA, Afeganist\u00e3o e Europa, que contribu\u00edram para a nossa biblioteca gen\u00e9tica, e que n\u00e3o s\u00e3o nem mais nem menos que Afghani, Hawaiian, Super Skunk e Big Skunk Korean, d\u00e3o ao BEAUTIFUL DAY grandes nuances e uma qualidade muito alta.<\/p>\n<p>O caule e os ramos da BEAUTIFUL DAY s\u00e3o grossos e resistentes. O resultado \u00e9 uma planta espetacularmente vistosa, que, mesmo sendo de ascend\u00eancia indica, cresce bastante alto. Nos cultivos de interior, devemos estar atentos ao per\u00edodo de crescimento se n\u00e3o tivermos muita altura.<\/p>\n<p>A produ\u00e7\u00e3o da BEAUTIFUL DAY \u00e9 muito boa, formando um grande bot\u00e3o central que, no final do per\u00edodo de flora\u00e7\u00e3o, estar\u00e1 completamente coberto de resina.<\/p>\n<p>\u00c9 uma planta bastante resistente ao mofo e, portanto, adequada para todos os climas.<\/p>\n<p>Nos cultivos ao ar livre, a BEAUTIFUL DAY, devido \u00e0s dimens\u00f5es que pode alcan\u00e7ar e dependendo da altura que desejamos, n\u00e3o deve ser plantada muito cedo.<\/p>\n<p>A BEAUTIFUL DAY \u00e9 uma variedade de cannabis ideal para o cultivo do tipo SOG.<\/p>\n<p>Uma variedade de maconha que supera as expectativas dos mais exigentes, tamb\u00e9m gra\u00e7as \u00e0 sua psicoatividade especial faz com que eles se conectem e tenham momentos positivos de relaxamento, pensamento e reflex\u00e3o.<\/p>\n<p>VARIEDADE: H\u00edbrida 50% SATIVA 50% INDICA<\/p>\n<p>AROMA: C\u00edtrico e de especiarias<\/p>\n<p>EFEITO: Criativo &#8211; Relaxante<\/p>\n<p>THC :18-19-% CBD :M\u00e9dio<\/p>\n<p>Sensibilidade a fungos: alta<\/p>\n<p>PAR\u00c2METROS DE CULTIVO HIDROP\u00d4NICO<\/p>\n<p>Crescimento EC0,6-0,9ms1,1-1,4msFlora\u00e7\u00e3o EC0,9-1,4ms1,4-2,2msCrescimentoPH5.55,8Flora\u00e7\u00e3oPH6.56,5<\/p>\n<p>DESENVOLVIMENTO<\/p>\n<p>AO AR LIVRE 10 de outubro<\/p>\n<p>Interior 60-65 dias<\/p>\n<p>COLHEITA<\/p>\n<p>RENDIMENTO50-400 gr. por planta400-550 gr\/ por m2<\/p>\n","protected":false},"excerpt":{"rendered":"<p>Sementes de cannabis feminizadas BEAUTIFUL DAY Sementes de maconha feminizadas BEAUTIFUL DAY, uma variedade que nosso banco desenvolveu ap\u00f3s um longo processo de sele\u00e7\u00e3o gen\u00e9tica. A BEAUTIFUL DAY \u00e9 um polih\u00edbrido baseado em quatro variedades selecionadas de cannabis de \u00e1reas muito diferentes do planeta. Os aromas e sabores liberados pelas flores da BEAUTIFUL DAY s\u00e3o [&hellip;]<\/p>\n","protected":false},"featured_media":545,"comment_status":"open","ping_status":"closed","template":"","meta":{"_et_pb_use_builder":"","_et_pb_old_content":"","_et_gb_content_width":""},"product_brand":[],"product_cat":[49],"product_tag":[],"class_list":{"0":"post-787","1":"product","2":"type-product","3":"status-publish","4":"has-post-thumbnail","6":"product_cat-sementes-feminizadas","8":"first","9":"instock","10":"shipping-taxable","11":"purchasable","12":"product-type-variable"},"yoast_head":"<!-- This site is optimized with the Yoast SEO plugin v27.3 - https:\/\/yoast.com\/product\/yoast-seo-wordpress\/ -->\n<title>BEAUTIFUL DAY sementes de cannabis feminizadas<\/title>\n<meta name=\"description\" content=\"A BEAUTIFUL DAY \u00e9 um polih\u00edbrido baseado em quatro variedades selecionadas de cannabis de \u00e1reas muito diferentes do planeta. Os aromas e sabores liberados\" \/>\n<meta name=\"robots\" content=\"index, follow, max-snippet:-1, max-image-preview:large, max-video-preview:-1\" \/>\n<link rel=\"canonical\" href=\"https:\/\/ketamaseeds.com\/pt-br\/produto\/beautiful-day\/\" \/>\n<meta property=\"og:locale\" content=\"pt_BR\" \/>\n<meta property=\"og:type\" content=\"article\" \/>\n<meta property=\"og:title\" content=\"BEAUTIFUL DAY sementes de cannabis feminizadas\" \/>\n<meta property=\"og:description\" content=\"A BEAUTIFUL DAY \u00e9 um polih\u00edbrido baseado em quatro variedades selecionadas de cannabis de \u00e1reas muito diferentes do planeta. Os aromas e sabores liberados\" \/>\n<meta property=\"og:url\" content=\"https:\/\/ketamaseeds.com\/pt-br\/produto\/beautiful-day\/\" \/>\n<meta property=\"og:site_name\" content=\"KETAMA SEEDS\" \/>\n<meta property=\"article:publisher\" content=\"https:\/\/www.facebook.com\/ketamaseedsbank\" \/>\n<meta property=\"article:modified_time\" content=\"2024-04-04T13:43:34+00:00\" \/>\n<meta property=\"og:image\" content=\"https:\/\/ketamaseeds.com\/wp-content\/uploads\/2023\/10\/BEAUTIFUL-DAY-semillas-de-marihuana-feminizadas.jpg\" \/>\n\t<meta property=\"og:image:width\" content=\"2048\" \/>\n\t<meta property=\"og:image:height\" content=\"1536\" \/>\n\t<meta property=\"og:image:type\" content=\"image\/jpeg\" \/>\n<meta name=\"twitter:card\" content=\"summary_large_image\" \/>\n<meta name=\"twitter:site\" content=\"@KetamaSeeds\" \/>\n<meta name=\"twitter:label1\" content=\"Est. tempo de leitura\" \/>\n\t<meta name=\"twitter:data1\" content=\"2 minutos\" \/>\n<script type=\"application\/ld+json\" class=\"yoast-schema-graph\">{\"@context\":\"https:\\\/\\\/schema.org\",\"@graph\":[{\"@type\":\"WebPage\",\"@id\":\"https:\\\/\\\/ketamaseeds.com\\\/pt-br\\\/produto\\\/beautiful-day\\\/\",\"url\":\"https:\\\/\\\/ketamaseeds.com\\\/pt-br\\\/produto\\\/beautiful-day\\\/\",\"name\":\"BEAUTIFUL DAY sementes de cannabis feminizadas\",\"isPartOf\":{\"@id\":\"https:\\\/\\\/ketamaseeds.com\\\/pt-br\\\/#website\"},\"primaryImageOfPage\":{\"@id\":\"https:\\\/\\\/ketamaseeds.com\\\/pt-br\\\/produto\\\/beautiful-day\\\/#primaryimage\"},\"image\":{\"@id\":\"https:\\\/\\\/ketamaseeds.com\\\/pt-br\\\/produto\\\/beautiful-day\\\/#primaryimage\"},\"thumbnailUrl\":\"https:\\\/\\\/ketamaseeds.com\\\/wp-content\\\/uploads\\\/2023\\\/10\\\/BEAUTIFUL-DAY-semillas-de-marihuana-feminizadas.jpg\",\"datePublished\":\"2023-10-12T03:06:42+00:00\",\"dateModified\":\"2024-04-04T13:43:34+00:00\",\"description\":\"A BEAUTIFUL DAY \u00e9 um polih\u00edbrido baseado em quatro variedades selecionadas de cannabis de \u00e1reas muito diferentes do planeta. Os aromas e sabores liberados\",\"breadcrumb\":{\"@id\":\"https:\\\/\\\/ketamaseeds.com\\\/pt-br\\\/produto\\\/beautiful-day\\\/#breadcrumb\"},\"inLanguage\":\"pt-BR\",\"potentialAction\":[{\"@type\":\"ReadAction\",\"target\":[\"https:\\\/\\\/ketamaseeds.com\\\/pt-br\\\/produto\\\/beautiful-day\\\/\"]}]},{\"@type\":\"ImageObject\",\"inLanguage\":\"pt-BR\",\"@id\":\"https:\\\/\\\/ketamaseeds.com\\\/pt-br\\\/produto\\\/beautiful-day\\\/#primaryimage\",\"url\":\"https:\\\/\\\/ketamaseeds.com\\\/wp-content\\\/uploads\\\/2023\\\/10\\\/BEAUTIFUL-DAY-semillas-de-marihuana-feminizadas.jpg\",\"contentUrl\":\"https:\\\/\\\/ketamaseeds.com\\\/wp-content\\\/uploads\\\/2023\\\/10\\\/BEAUTIFUL-DAY-semillas-de-marihuana-feminizadas.jpg\",\"width\":2048,\"height\":1536},{\"@type\":\"BreadcrumbList\",\"@id\":\"https:\\\/\\\/ketamaseeds.com\\\/pt-br\\\/produto\\\/beautiful-day\\\/#breadcrumb\",\"itemListElement\":[{\"@type\":\"ListItem\",\"position\":1,\"name\":\"Home\",\"item\":\"https:\\\/\\\/ketamaseeds.com\\\/pt-br\\\/\"},{\"@type\":\"ListItem\",\"position\":2,\"name\":\"Sementes de cannabis\",\"item\":\"https:\\\/\\\/ketamaseeds.com\\\/pt-br\\\/sementes-de-cannabis\\\/\"},{\"@type\":\"ListItem\",\"position\":3,\"name\":\"BEAUTIFUL DAY sementes de cannabis feminizadas\"}]},{\"@type\":\"WebSite\",\"@id\":\"https:\\\/\\\/ketamaseeds.com\\\/pt-br\\\/#website\",\"url\":\"https:\\\/\\\/ketamaseeds.com\\\/pt-br\\\/\",\"name\":\"KETAMA SEEDS\",\"description\":\"Banco de semillas de Cannabis\",\"publisher\":{\"@id\":\"https:\\\/\\\/ketamaseeds.com\\\/pt-br\\\/#organization\"},\"potentialAction\":[{\"@type\":\"SearchAction\",\"target\":{\"@type\":\"EntryPoint\",\"urlTemplate\":\"https:\\\/\\\/ketamaseeds.com\\\/pt-br\\\/?s={search_term_string}\"},\"query-input\":{\"@type\":\"PropertyValueSpecification\",\"valueRequired\":true,\"valueName\":\"search_term_string\"}}],\"inLanguage\":\"pt-BR\"},{\"@type\":\"Organization\",\"@id\":\"https:\\\/\\\/ketamaseeds.com\\\/pt-br\\\/#organization\",\"name\":\"KETAMA SEEDS\",\"url\":\"https:\\\/\\\/ketamaseeds.com\\\/pt-br\\\/\",\"logo\":{\"@type\":\"ImageObject\",\"inLanguage\":\"pt-BR\",\"@id\":\"https:\\\/\\\/ketamaseeds.com\\\/pt-br\\\/#\\\/schema\\\/logo\\\/image\\\/\",\"url\":\"https:\\\/\\\/ketamaseeds.com\\\/wp-content\\\/uploads\\\/2023\\\/10\\\/cropped-ketama-seeds-logo.jpeg\",\"contentUrl\":\"https:\\\/\\\/ketamaseeds.com\\\/wp-content\\\/uploads\\\/2023\\\/10\\\/cropped-ketama-seeds-logo.jpeg\",\"width\":512,\"height\":512,\"caption\":\"KETAMA SEEDS\"},\"image\":{\"@id\":\"https:\\\/\\\/ketamaseeds.com\\\/pt-br\\\/#\\\/schema\\\/logo\\\/image\\\/\"},\"sameAs\":[\"https:\\\/\\\/www.facebook.com\\\/ketamaseedsbank\",\"https:\\\/\\\/x.com\\\/KetamaSeeds\",\"https:\\\/\\\/www.instagram.com\\\/ketamaseeds\"]}]}<\/script>\n<!-- \/ Yoast SEO plugin. -->","yoast_head_json":{"title":"BEAUTIFUL DAY sementes de cannabis feminizadas","description":"A BEAUTIFUL DAY \u00e9 um polih\u00edbrido baseado em quatro variedades selecionadas de cannabis de \u00e1reas muito diferentes do planeta. Os aromas e sabores liberados","robots":{"index":"index","follow":"follow","max-snippet":"max-snippet:-1","max-image-preview":"max-image-preview:large","max-video-preview":"max-video-preview:-1"},"canonical":"https:\/\/ketamaseeds.com\/pt-br\/produto\/beautiful-day\/","og_locale":"pt_BR","og_type":"article","og_title":"BEAUTIFUL DAY sementes de cannabis feminizadas","og_description":"A BEAUTIFUL DAY \u00e9 um polih\u00edbrido baseado em quatro variedades selecionadas de cannabis de \u00e1reas muito diferentes do planeta. Os aromas e sabores liberados","og_url":"https:\/\/ketamaseeds.com\/pt-br\/produto\/beautiful-day\/","og_site_name":"KETAMA SEEDS","article_publisher":"https:\/\/www.facebook.com\/ketamaseedsbank","article_modified_time":"2024-04-04T13:43:34+00:00","og_image":[{"width":2048,"height":1536,"url":"https:\/\/ketamaseeds.com\/wp-content\/uploads\/2023\/10\/BEAUTIFUL-DAY-semillas-de-marihuana-feminizadas.jpg","type":"image\/jpeg"}],"twitter_card":"summary_large_image","twitter_site":"@KetamaSeeds","twitter_misc":{"Est. tempo de leitura":"2 minutos"},"schema":{"@context":"https:\/\/schema.org","@graph":[{"@type":"WebPage","@id":"https:\/\/ketamaseeds.com\/pt-br\/produto\/beautiful-day\/","url":"https:\/\/ketamaseeds.com\/pt-br\/produto\/beautiful-day\/","name":"BEAUTIFUL DAY sementes de cannabis feminizadas","isPartOf":{"@id":"https:\/\/ketamaseeds.com\/pt-br\/#website"},"primaryImageOfPage":{"@id":"https:\/\/ketamaseeds.com\/pt-br\/produto\/beautiful-day\/#primaryimage"},"image":{"@id":"https:\/\/ketamaseeds.com\/pt-br\/produto\/beautiful-day\/#primaryimage"},"thumbnailUrl":"https:\/\/ketamaseeds.com\/wp-content\/uploads\/2023\/10\/BEAUTIFUL-DAY-semillas-de-marihuana-feminizadas.jpg","datePublished":"2023-10-12T03:06:42+00:00","dateModified":"2024-04-04T13:43:34+00:00","description":"A BEAUTIFUL DAY \u00e9 um polih\u00edbrido baseado em quatro variedades selecionadas de cannabis de \u00e1reas muito diferentes do planeta. Os aromas e sabores liberados","breadcrumb":{"@id":"https:\/\/ketamaseeds.com\/pt-br\/produto\/beautiful-day\/#breadcrumb"},"inLanguage":"pt-BR","potentialAction":[{"@type":"ReadAction","target":["https:\/\/ketamaseeds.com\/pt-br\/produto\/beautiful-day\/"]}]},{"@type":"ImageObject","inLanguage":"pt-BR","@id":"https:\/\/ketamaseeds.com\/pt-br\/produto\/beautiful-day\/#primaryimage","url":"https:\/\/ketamaseeds.com\/wp-content\/uploads\/2023\/10\/BEAUTIFUL-DAY-semillas-de-marihuana-feminizadas.jpg","contentUrl":"https:\/\/ketamaseeds.com\/wp-content\/uploads\/2023\/10\/BEAUTIFUL-DAY-semillas-de-marihuana-feminizadas.jpg","width":2048,"height":1536},{"@type":"BreadcrumbList","@id":"https:\/\/ketamaseeds.com\/pt-br\/produto\/beautiful-day\/#breadcrumb","itemListElement":[{"@type":"ListItem","position":1,"name":"Home","item":"https:\/\/ketamaseeds.com\/pt-br\/"},{"@type":"ListItem","position":2,"name":"Sementes de cannabis","item":"https:\/\/ketamaseeds.com\/pt-br\/sementes-de-cannabis\/"},{"@type":"ListItem","position":3,"name":"BEAUTIFUL DAY sementes de cannabis feminizadas"}]},{"@type":"WebSite","@id":"https:\/\/ketamaseeds.com\/pt-br\/#website","url":"https:\/\/ketamaseeds.com\/pt-br\/","name":"KETAMA SEEDS","description":"Banco de semillas de Cannabis","publisher":{"@id":"https:\/\/ketamaseeds.com\/pt-br\/#organization"},"potentialAction":[{"@type":"SearchAction","target":{"@type":"EntryPoint","urlTemplate":"https:\/\/ketamaseeds.com\/pt-br\/?s={search_term_string}"},"query-input":{"@type":"PropertyValueSpecification","valueRequired":true,"valueName":"search_term_string"}}],"inLanguage":"pt-BR"},{"@type":"Organization","@id":"https:\/\/ketamaseeds.com\/pt-br\/#organization","name":"KETAMA SEEDS","url":"https:\/\/ketamaseeds.com\/pt-br\/","logo":{"@type":"ImageObject","inLanguage":"pt-BR","@id":"https:\/\/ketamaseeds.com\/pt-br\/#\/schema\/logo\/image\/","url":"https:\/\/ketamaseeds.com\/wp-content\/uploads\/2023\/10\/cropped-ketama-seeds-logo.jpeg","contentUrl":"https:\/\/ketamaseeds.com\/wp-content\/uploads\/2023\/10\/cropped-ketama-seeds-logo.jpeg","width":512,"height":512,"caption":"KETAMA SEEDS"},"image":{"@id":"https:\/\/ketamaseeds.com\/pt-br\/#\/schema\/logo\/image\/"},"sameAs":["https:\/\/www.facebook.com\/ketamaseedsbank","https:\/\/x.com\/KetamaSeeds","https:\/\/www.instagram.com\/ketamaseeds"]}]}},"_links":{"self":[{"href":"https:\/\/ketamaseeds.com\/pt-br\/wp-json\/wp\/v2\/product\/787","targetHints":{"allow":["GET"]}}],"collection":[{"href":"https:\/\/ketamaseeds.com\/pt-br\/wp-json\/wp\/v2\/product"}],"about":[{"href":"https:\/\/ketamaseeds.com\/pt-br\/wp-json\/wp\/v2\/types\/product"}],"replies":[{"embeddable":true,"href":"https:\/\/ketamaseeds.com\/pt-br\/wp-json\/wp\/v2\/comments?post=787"}],"wp:featuredmedia":[{"embeddable":true,"href":"https:\/\/ketamaseeds.com\/pt-br\/wp-json\/wp\/v2\/media\/545"}],"wp:attachment":[{"href":"https:\/\/ketamaseeds.com\/pt-br\/wp-json\/wp\/v2\/media?parent=787"}],"wp:term":[{"taxonomy":"product_brand","embeddable":true,"href":"https:\/\/ketamaseeds.com\/pt-br\/wp-json\/wp\/v2\/product_brand?post=787"},{"taxonomy":"product_cat","embeddable":true,"href":"https:\/\/ketamaseeds.com\/pt-br\/wp-json\/wp\/v2\/product_cat?post=787"},{"taxonomy":"product_tag","embeddable":true,"href":"https:\/\/ketamaseeds.com\/pt-br\/wp-json\/wp\/v2\/product_tag?post=787"}],"curies":[{"name":"wp","href":"https:\/\/api.w.org\/{rel}","templated":true}]}}