{"id":799,"date":"2023-10-13T12:46:23","date_gmt":"2023-10-13T12:46:23","guid":{"rendered":"http:\/\/ketamaseeds.com\/?post_type=product&#038;p=799"},"modified":"2025-04-12T21:50:04","modified_gmt":"2025-04-12T21:50:04","slug":"creation","status":"publish","type":"product","link":"https:\/\/ketamaseeds.com\/pt-br\/produto\/creation\/","title":{"rendered":"CREATION sementes de cannabis feminizadas"},"content":{"rendered":"<p>Sementes de maconha CREATION, uma variedade de sementes de maconha feminizadas da KETAMA SEEDS com um toque californiano seleto.<\/p>\n<p>O Tri\u00e2ngulo Esmeralda, a \u00e1rea m\u00edtica da Calif\u00f3rnia que vai do condado de Mendocino, passando por Humboldt at\u00e9 o condado de Trinidad, \u00e9 a \u00e1rea dos Estados Unidos com a mais longa tradi\u00e7\u00e3o no cultivo de maconha.<\/p>\n<p>Gen\u00e9tica de prest\u00edgio que \u00e9 bem conhecida no mercado mundial e que, gra\u00e7as \u00e0 colabora\u00e7\u00e3o, chegou \u00e0s nossas m\u00e3os.<\/p>\n<p>Ap\u00f3s um longo trabalho, temos o orgulho de apresentar as sementes de maconha feminizadas dessa nova variedade.<\/p>\n<p>Trata-se de um h\u00edbrido dominante de sativa, resultado da uni\u00e3o de um clone de elite de uma planta californiana e uma de nossas Kush selecionadas.<\/p>\n<p>O resultado \u00e9 uma planta muito vigorosa e de grande porte, que chama a aten\u00e7\u00e3o pelo grande tamanho de suas folhas e seus grandes bot\u00f5es cheios de resina.<\/p>\n<p>Em ambientes internos, se voc\u00ea n\u00e3o tiver muita altura, n\u00e3o precisar\u00e1 dar a ela muitos dias de crescimento, ela se tornar\u00e1 um gigante. Ao ar livre, ela atinge 3 metros.<\/p>\n<p>As mais verdes s\u00e3o as que geralmente terminam o ciclo de flora\u00e7\u00e3o at\u00e9 uma semana antes das roxas.<\/p>\n<p>O efeito \u00e9 bastante potente e o sabor varia, dependendo do fen\u00f3tipo, entre terroso e doce.<\/p>\n<p>No que diz respeito \u00e0 alimenta\u00e7\u00e3o, ela \u00e9 sens\u00edvel \u00e0 fertiliza\u00e7\u00e3o excessiva.<\/p>\n<p>Dependendo do fen\u00f3tipo, ela ser\u00e1 mais esverdeada ou mais roxa, mas, de qualquer forma, espetacular.<\/p>\n<p>Mais informa\u00e7\u00f5es sobre a gen\u00e9tica da KUSH<\/p>\n<p>VARIEDADE: Indica 30% Sativa 70% H\u00edbrida<br \/>\nAROMA: C\u00edtrico, amadeirado<br \/>\nEFEITO: Meditativo ou relaxante.<br \/>\nTHC: 17-20%.<br \/>\nCBD: m\u00e9dio<br \/>\nSensibilidade a fungos: Moderada<br \/>\nPAR\u00c2METROS BIOL\u00d3GICOS HIDROP\u00d4NICOS<br \/>\nCrescimento da CE: 0,7ms 1-1,2ms<br \/>\nEC Flora\u00e7\u00e3o: 1ms 1,2ms<br \/>\nPH Crescimento: 6,0 5,8<br \/>\nPH Flora\u00e7\u00e3o: 7,0 6,0<br \/>\nDESENVOLVIMENTO EXTERIOR INTERIOR<br \/>\nCOLHEITA: 10-15 de outubro 65-70 dias<br \/>\nRENDIMENTO : 650 gr. por planta 450 gr\/m2<\/p>\n","protected":false},"excerpt":{"rendered":"<p>Sementes de maconha CREATION, uma variedade de sementes de maconha feminizadas da KETAMA SEEDS com um toque californiano seleto. O Tri\u00e2ngulo Esmeralda, a \u00e1rea m\u00edtica da Calif\u00f3rnia que vai do condado de Mendocino, passando por Humboldt at\u00e9 o condado de Trinidad, \u00e9 a \u00e1rea dos Estados Unidos com a mais longa tradi\u00e7\u00e3o no cultivo de [&hellip;]<\/p>\n","protected":false},"featured_media":557,"comment_status":"open","ping_status":"closed","template":"","meta":{"_et_pb_use_builder":"","_et_pb_old_content":"","_et_gb_content_width":""},"product_brand":[],"product_cat":[49],"product_tag":[],"class_list":{"0":"post-799","1":"product","2":"type-product","3":"status-publish","4":"has-post-thumbnail","6":"product_cat-sementes-feminizadas","8":"first","9":"instock","10":"shipping-taxable","11":"purchasable","12":"product-type-variable"},"yoast_head":"<!-- This site is optimized with the Yoast SEO plugin v27.3 - https:\/\/yoast.com\/product\/yoast-seo-wordpress\/ -->\n<title>CREATION sementes de cannabis feminizadas<\/title>\n<meta name=\"description\" content=\"Sementes de maconha CREATION, uma variedade de sementes de cannabis feminizadas da KETAMA SEEDS com um toque californiano seleto. O Tri\u00e2ngulo Esmeralda ...\" \/>\n<meta name=\"robots\" content=\"index, follow, max-snippet:-1, max-image-preview:large, max-video-preview:-1\" \/>\n<link rel=\"canonical\" href=\"https:\/\/ketamaseeds.com\/pt-br\/produto\/creation\/\" \/>\n<meta property=\"og:locale\" content=\"pt_BR\" \/>\n<meta property=\"og:type\" content=\"article\" \/>\n<meta property=\"og:title\" content=\"CREATION sementes de cannabis feminizadas\" \/>\n<meta property=\"og:description\" content=\"Sementes de maconha CREATION, uma variedade de sementes de cannabis feminizadas da KETAMA SEEDS com um toque californiano seleto. O Tri\u00e2ngulo Esmeralda ...\" \/>\n<meta property=\"og:url\" content=\"https:\/\/ketamaseeds.com\/pt-br\/produto\/creation\/\" \/>\n<meta property=\"og:site_name\" content=\"KETAMA SEEDS\" \/>\n<meta property=\"article:publisher\" content=\"https:\/\/www.facebook.com\/ketamaseedsbank\" \/>\n<meta property=\"article:modified_time\" content=\"2025-04-12T21:50:04+00:00\" \/>\n<meta property=\"og:image\" content=\"https:\/\/ketamaseeds.com\/wp-content\/uploads\/2023\/10\/CREATION-cannabis-plant-photo-by-ketama-seeds.jpg\" \/>\n\t<meta property=\"og:image:width\" content=\"1280\" \/>\n\t<meta property=\"og:image:height\" content=\"851\" \/>\n\t<meta property=\"og:image:type\" content=\"image\/jpeg\" \/>\n<meta name=\"twitter:card\" content=\"summary_large_image\" \/>\n<meta name=\"twitter:site\" content=\"@KetamaSeeds\" \/>\n<meta name=\"twitter:label1\" content=\"Est. tempo de leitura\" \/>\n\t<meta name=\"twitter:data1\" content=\"2 minutos\" \/>\n<script type=\"application\/ld+json\" class=\"yoast-schema-graph\">{\"@context\":\"https:\\\/\\\/schema.org\",\"@graph\":[{\"@type\":\"WebPage\",\"@id\":\"https:\\\/\\\/ketamaseeds.com\\\/pt-br\\\/produto\\\/creation\\\/\",\"url\":\"https:\\\/\\\/ketamaseeds.com\\\/pt-br\\\/produto\\\/creation\\\/\",\"name\":\"CREATION sementes de cannabis feminizadas\",\"isPartOf\":{\"@id\":\"https:\\\/\\\/ketamaseeds.com\\\/pt-br\\\/#website\"},\"primaryImageOfPage\":{\"@id\":\"https:\\\/\\\/ketamaseeds.com\\\/pt-br\\\/produto\\\/creation\\\/#primaryimage\"},\"image\":{\"@id\":\"https:\\\/\\\/ketamaseeds.com\\\/pt-br\\\/produto\\\/creation\\\/#primaryimage\"},\"thumbnailUrl\":\"https:\\\/\\\/ketamaseeds.com\\\/wp-content\\\/uploads\\\/2023\\\/10\\\/CREATION-cannabis-plant-photo-by-ketama-seeds.jpg\",\"datePublished\":\"2023-10-13T12:46:23+00:00\",\"dateModified\":\"2025-04-12T21:50:04+00:00\",\"description\":\"Sementes de maconha CREATION, uma variedade de sementes de cannabis feminizadas da KETAMA SEEDS com um toque californiano seleto. O Tri\u00e2ngulo Esmeralda ...\",\"breadcrumb\":{\"@id\":\"https:\\\/\\\/ketamaseeds.com\\\/pt-br\\\/produto\\\/creation\\\/#breadcrumb\"},\"inLanguage\":\"pt-BR\",\"potentialAction\":[{\"@type\":\"ReadAction\",\"target\":[\"https:\\\/\\\/ketamaseeds.com\\\/pt-br\\\/produto\\\/creation\\\/\"]}]},{\"@type\":\"ImageObject\",\"inLanguage\":\"pt-BR\",\"@id\":\"https:\\\/\\\/ketamaseeds.com\\\/pt-br\\\/produto\\\/creation\\\/#primaryimage\",\"url\":\"https:\\\/\\\/ketamaseeds.com\\\/wp-content\\\/uploads\\\/2023\\\/10\\\/CREATION-cannabis-plant-photo-by-ketama-seeds.jpg\",\"contentUrl\":\"https:\\\/\\\/ketamaseeds.com\\\/wp-content\\\/uploads\\\/2023\\\/10\\\/CREATION-cannabis-plant-photo-by-ketama-seeds.jpg\",\"width\":1280,\"height\":851},{\"@type\":\"BreadcrumbList\",\"@id\":\"https:\\\/\\\/ketamaseeds.com\\\/pt-br\\\/produto\\\/creation\\\/#breadcrumb\",\"itemListElement\":[{\"@type\":\"ListItem\",\"position\":1,\"name\":\"Home\",\"item\":\"https:\\\/\\\/ketamaseeds.com\\\/pt-br\\\/\"},{\"@type\":\"ListItem\",\"position\":2,\"name\":\"Sementes de cannabis\",\"item\":\"https:\\\/\\\/ketamaseeds.com\\\/pt-br\\\/sementes-de-cannabis\\\/\"},{\"@type\":\"ListItem\",\"position\":3,\"name\":\"CREATION sementes de cannabis feminizadas\"}]},{\"@type\":\"WebSite\",\"@id\":\"https:\\\/\\\/ketamaseeds.com\\\/pt-br\\\/#website\",\"url\":\"https:\\\/\\\/ketamaseeds.com\\\/pt-br\\\/\",\"name\":\"KETAMA SEEDS\",\"description\":\"Banco de semillas de Cannabis\",\"publisher\":{\"@id\":\"https:\\\/\\\/ketamaseeds.com\\\/pt-br\\\/#organization\"},\"potentialAction\":[{\"@type\":\"SearchAction\",\"target\":{\"@type\":\"EntryPoint\",\"urlTemplate\":\"https:\\\/\\\/ketamaseeds.com\\\/pt-br\\\/?s={search_term_string}\"},\"query-input\":{\"@type\":\"PropertyValueSpecification\",\"valueRequired\":true,\"valueName\":\"search_term_string\"}}],\"inLanguage\":\"pt-BR\"},{\"@type\":\"Organization\",\"@id\":\"https:\\\/\\\/ketamaseeds.com\\\/pt-br\\\/#organization\",\"name\":\"KETAMA SEEDS\",\"url\":\"https:\\\/\\\/ketamaseeds.com\\\/pt-br\\\/\",\"logo\":{\"@type\":\"ImageObject\",\"inLanguage\":\"pt-BR\",\"@id\":\"https:\\\/\\\/ketamaseeds.com\\\/pt-br\\\/#\\\/schema\\\/logo\\\/image\\\/\",\"url\":\"https:\\\/\\\/ketamaseeds.com\\\/wp-content\\\/uploads\\\/2023\\\/10\\\/cropped-ketama-seeds-logo.jpeg\",\"contentUrl\":\"https:\\\/\\\/ketamaseeds.com\\\/wp-content\\\/uploads\\\/2023\\\/10\\\/cropped-ketama-seeds-logo.jpeg\",\"width\":512,\"height\":512,\"caption\":\"KETAMA SEEDS\"},\"image\":{\"@id\":\"https:\\\/\\\/ketamaseeds.com\\\/pt-br\\\/#\\\/schema\\\/logo\\\/image\\\/\"},\"sameAs\":[\"https:\\\/\\\/www.facebook.com\\\/ketamaseedsbank\",\"https:\\\/\\\/x.com\\\/KetamaSeeds\",\"https:\\\/\\\/www.instagram.com\\\/ketamaseeds\"]}]}<\/script>\n<!-- \/ Yoast SEO plugin. -->","yoast_head_json":{"title":"CREATION sementes de cannabis feminizadas","description":"Sementes de maconha CREATION, uma variedade de sementes de cannabis feminizadas da KETAMA SEEDS com um toque californiano seleto. O Tri\u00e2ngulo Esmeralda ...","robots":{"index":"index","follow":"follow","max-snippet":"max-snippet:-1","max-image-preview":"max-image-preview:large","max-video-preview":"max-video-preview:-1"},"canonical":"https:\/\/ketamaseeds.com\/pt-br\/produto\/creation\/","og_locale":"pt_BR","og_type":"article","og_title":"CREATION sementes de cannabis feminizadas","og_description":"Sementes de maconha CREATION, uma variedade de sementes de cannabis feminizadas da KETAMA SEEDS com um toque californiano seleto. O Tri\u00e2ngulo Esmeralda ...","og_url":"https:\/\/ketamaseeds.com\/pt-br\/produto\/creation\/","og_site_name":"KETAMA SEEDS","article_publisher":"https:\/\/www.facebook.com\/ketamaseedsbank","article_modified_time":"2025-04-12T21:50:04+00:00","og_image":[{"width":1280,"height":851,"url":"https:\/\/ketamaseeds.com\/wp-content\/uploads\/2023\/10\/CREATION-cannabis-plant-photo-by-ketama-seeds.jpg","type":"image\/jpeg"}],"twitter_card":"summary_large_image","twitter_site":"@KetamaSeeds","twitter_misc":{"Est. tempo de leitura":"2 minutos"},"schema":{"@context":"https:\/\/schema.org","@graph":[{"@type":"WebPage","@id":"https:\/\/ketamaseeds.com\/pt-br\/produto\/creation\/","url":"https:\/\/ketamaseeds.com\/pt-br\/produto\/creation\/","name":"CREATION sementes de cannabis feminizadas","isPartOf":{"@id":"https:\/\/ketamaseeds.com\/pt-br\/#website"},"primaryImageOfPage":{"@id":"https:\/\/ketamaseeds.com\/pt-br\/produto\/creation\/#primaryimage"},"image":{"@id":"https:\/\/ketamaseeds.com\/pt-br\/produto\/creation\/#primaryimage"},"thumbnailUrl":"https:\/\/ketamaseeds.com\/wp-content\/uploads\/2023\/10\/CREATION-cannabis-plant-photo-by-ketama-seeds.jpg","datePublished":"2023-10-13T12:46:23+00:00","dateModified":"2025-04-12T21:50:04+00:00","description":"Sementes de maconha CREATION, uma variedade de sementes de cannabis feminizadas da KETAMA SEEDS com um toque californiano seleto. O Tri\u00e2ngulo Esmeralda ...","breadcrumb":{"@id":"https:\/\/ketamaseeds.com\/pt-br\/produto\/creation\/#breadcrumb"},"inLanguage":"pt-BR","potentialAction":[{"@type":"ReadAction","target":["https:\/\/ketamaseeds.com\/pt-br\/produto\/creation\/"]}]},{"@type":"ImageObject","inLanguage":"pt-BR","@id":"https:\/\/ketamaseeds.com\/pt-br\/produto\/creation\/#primaryimage","url":"https:\/\/ketamaseeds.com\/wp-content\/uploads\/2023\/10\/CREATION-cannabis-plant-photo-by-ketama-seeds.jpg","contentUrl":"https:\/\/ketamaseeds.com\/wp-content\/uploads\/2023\/10\/CREATION-cannabis-plant-photo-by-ketama-seeds.jpg","width":1280,"height":851},{"@type":"BreadcrumbList","@id":"https:\/\/ketamaseeds.com\/pt-br\/produto\/creation\/#breadcrumb","itemListElement":[{"@type":"ListItem","position":1,"name":"Home","item":"https:\/\/ketamaseeds.com\/pt-br\/"},{"@type":"ListItem","position":2,"name":"Sementes de cannabis","item":"https:\/\/ketamaseeds.com\/pt-br\/sementes-de-cannabis\/"},{"@type":"ListItem","position":3,"name":"CREATION sementes de cannabis feminizadas"}]},{"@type":"WebSite","@id":"https:\/\/ketamaseeds.com\/pt-br\/#website","url":"https:\/\/ketamaseeds.com\/pt-br\/","name":"KETAMA SEEDS","description":"Banco de semillas de Cannabis","publisher":{"@id":"https:\/\/ketamaseeds.com\/pt-br\/#organization"},"potentialAction":[{"@type":"SearchAction","target":{"@type":"EntryPoint","urlTemplate":"https:\/\/ketamaseeds.com\/pt-br\/?s={search_term_string}"},"query-input":{"@type":"PropertyValueSpecification","valueRequired":true,"valueName":"search_term_string"}}],"inLanguage":"pt-BR"},{"@type":"Organization","@id":"https:\/\/ketamaseeds.com\/pt-br\/#organization","name":"KETAMA SEEDS","url":"https:\/\/ketamaseeds.com\/pt-br\/","logo":{"@type":"ImageObject","inLanguage":"pt-BR","@id":"https:\/\/ketamaseeds.com\/pt-br\/#\/schema\/logo\/image\/","url":"https:\/\/ketamaseeds.com\/wp-content\/uploads\/2023\/10\/cropped-ketama-seeds-logo.jpeg","contentUrl":"https:\/\/ketamaseeds.com\/wp-content\/uploads\/2023\/10\/cropped-ketama-seeds-logo.jpeg","width":512,"height":512,"caption":"KETAMA SEEDS"},"image":{"@id":"https:\/\/ketamaseeds.com\/pt-br\/#\/schema\/logo\/image\/"},"sameAs":["https:\/\/www.facebook.com\/ketamaseedsbank","https:\/\/x.com\/KetamaSeeds","https:\/\/www.instagram.com\/ketamaseeds"]}]}},"_links":{"self":[{"href":"https:\/\/ketamaseeds.com\/pt-br\/wp-json\/wp\/v2\/product\/799","targetHints":{"allow":["GET"]}}],"collection":[{"href":"https:\/\/ketamaseeds.com\/pt-br\/wp-json\/wp\/v2\/product"}],"about":[{"href":"https:\/\/ketamaseeds.com\/pt-br\/wp-json\/wp\/v2\/types\/product"}],"replies":[{"embeddable":true,"href":"https:\/\/ketamaseeds.com\/pt-br\/wp-json\/wp\/v2\/comments?post=799"}],"wp:featuredmedia":[{"embeddable":true,"href":"https:\/\/ketamaseeds.com\/pt-br\/wp-json\/wp\/v2\/media\/557"}],"wp:attachment":[{"href":"https:\/\/ketamaseeds.com\/pt-br\/wp-json\/wp\/v2\/media?parent=799"}],"wp:term":[{"taxonomy":"product_brand","embeddable":true,"href":"https:\/\/ketamaseeds.com\/pt-br\/wp-json\/wp\/v2\/product_brand?post=799"},{"taxonomy":"product_cat","embeddable":true,"href":"https:\/\/ketamaseeds.com\/pt-br\/wp-json\/wp\/v2\/product_cat?post=799"},{"taxonomy":"product_tag","embeddable":true,"href":"https:\/\/ketamaseeds.com\/pt-br\/wp-json\/wp\/v2\/product_tag?post=799"}],"curies":[{"name":"wp","href":"https:\/\/api.w.org\/{rel}","templated":true}]}}