{"id":857,"date":"2023-10-11T01:32:43","date_gmt":"2023-10-11T01:32:43","guid":{"rendered":"http:\/\/ketamaseeds.com\/?post_type=product&#038;p=857"},"modified":"2024-04-03T08:06:02","modified_gmt":"2024-04-03T08:06:02","slug":"creative","status":"publish","type":"product","link":"https:\/\/ketamaseeds.com\/pt-br\/produto\/creative\/","title":{"rendered":"CREATIVE sementes de cannabis feminizadas"},"content":{"rendered":"<h2>CREATIVE, SEMENTES DE MACONHA FEMINIZADAS<\/h2>\n<p>Esta variedade, como o pr\u00f3prio nome sugere, produz um alto n\u00edvel de criatividade.<\/p>\n<p>Devido ao seu alto poder psicoativo, \u00e9 a maconha preferida de todos os tipos de artistas e pessoas que precisam criar e ao mesmo tempo ter clareza mental. Pessoas cansadas de variedades de maconha que j\u00e1 n\u00e3o lhes dizem nada, apreciam seu aroma e sabor, sentindo os benef\u00edcios que componentes como THC, THCV e CBD proporcionam.<\/p>\n<p>CREATIVE \u00e9 uma planta que necessita de bastante fertilizante em ambientes externos e internos, atinge alturas de at\u00e9 3,5 metros em ambientes externos e suporta n\u00edveis de CE superiores a 2,4.<\/p>\n<p>\u00c9 uma planta muito produtiva, at\u00e9 1.700 gr. por planta ao ar livre e f\u00e1cil de cultivar. Se voc\u00ea cultiv\u00e1-la organicamente, voc\u00ea ter\u00e1 excelente qualidade e m\u00e1ximo THCV, um componente da maconha encontrado nas sativas equatoriais.<\/p>\n<p>Estamos muito satisfeitos por termos selecionado duas variedades de alt\u00edssima qualidade para esta variedade que ir\u00e1 deliciar produtores e consumidores.<\/p>\n<p>Saiba mais sobre a gen\u00e9tica HAZE<\/p>\n","protected":false},"excerpt":{"rendered":"<p>CREATIVE, SEMENTES DE MACONHA FEMINIZADAS Esta variedade, como o pr\u00f3prio nome sugere, produz um alto n\u00edvel de criatividade. Devido ao seu alto poder psicoativo, \u00e9 a maconha preferida de todos os tipos de artistas e pessoas que precisam criar e ao mesmo tempo ter clareza mental. Pessoas cansadas de variedades de maconha que j\u00e1 n\u00e3o [&hellip;]<\/p>\n","protected":false},"featured_media":512,"comment_status":"open","ping_status":"closed","template":"","meta":{"_et_pb_use_builder":"","_et_pb_old_content":"","_et_gb_content_width":""},"product_brand":[],"product_cat":[49],"product_tag":[],"class_list":{"0":"post-857","1":"product","2":"type-product","3":"status-publish","4":"has-post-thumbnail","6":"product_cat-sementes-feminizadas","8":"first","9":"instock","10":"shipping-taxable","11":"purchasable","12":"product-type-variable"},"yoast_head":"<!-- This site is optimized with the Yoast SEO plugin v27.3 - https:\/\/yoast.com\/product\/yoast-seo-wordpress\/ -->\n<title>CREATIVE, sementes de cannabis feminizadas<\/title>\n<meta name=\"description\" content=\"Esta variedade, como o pr\u00f3prio nome sugere, produz um alto n\u00edvel de criatividade.Devido ao seu alto poder psicoativo, \u00e9 a maconha preferida de todos os ...\" \/>\n<meta name=\"robots\" content=\"index, follow, max-snippet:-1, max-image-preview:large, max-video-preview:-1\" \/>\n<link rel=\"canonical\" href=\"https:\/\/ketamaseeds.com\/pt-br\/produto\/creative\/\" \/>\n<meta property=\"og:locale\" content=\"pt_BR\" \/>\n<meta property=\"og:type\" content=\"article\" \/>\n<meta property=\"og:title\" content=\"CREATIVE, sementes de cannabis feminizadas\" \/>\n<meta property=\"og:description\" content=\"Esta variedade, como o pr\u00f3prio nome sugere, produz um alto n\u00edvel de criatividade.Devido ao seu alto poder psicoativo, \u00e9 a maconha preferida de todos os ...\" \/>\n<meta property=\"og:url\" content=\"https:\/\/ketamaseeds.com\/pt-br\/produto\/creative\/\" \/>\n<meta property=\"og:site_name\" content=\"KETAMA SEEDS\" \/>\n<meta property=\"article:publisher\" content=\"https:\/\/www.facebook.com\/ketamaseedsbank\" \/>\n<meta property=\"article:modified_time\" content=\"2024-04-03T08:06:02+00:00\" \/>\n<meta property=\"og:image\" content=\"https:\/\/ketamaseeds.com\/wp-content\/uploads\/2023\/10\/CREATIVE-Semillas-de-marihuana-KETAMA-SEEDS-BANK.jpg\" \/>\n\t<meta property=\"og:image:width\" content=\"768\" \/>\n\t<meta property=\"og:image:height\" content=\"1024\" \/>\n\t<meta property=\"og:image:type\" content=\"image\/jpeg\" \/>\n<meta name=\"twitter:card\" content=\"summary_large_image\" \/>\n<meta name=\"twitter:site\" content=\"@KetamaSeeds\" \/>\n<meta name=\"twitter:label1\" content=\"Est. tempo de leitura\" \/>\n\t<meta name=\"twitter:data1\" content=\"1 minuto\" \/>\n<script type=\"application\/ld+json\" class=\"yoast-schema-graph\">{\"@context\":\"https:\\\/\\\/schema.org\",\"@graph\":[{\"@type\":\"WebPage\",\"@id\":\"https:\\\/\\\/ketamaseeds.com\\\/pt-br\\\/produto\\\/creative\\\/\",\"url\":\"https:\\\/\\\/ketamaseeds.com\\\/pt-br\\\/produto\\\/creative\\\/\",\"name\":\"CREATIVE, sementes de cannabis feminizadas\",\"isPartOf\":{\"@id\":\"https:\\\/\\\/ketamaseeds.com\\\/pt-br\\\/#website\"},\"primaryImageOfPage\":{\"@id\":\"https:\\\/\\\/ketamaseeds.com\\\/pt-br\\\/produto\\\/creative\\\/#primaryimage\"},\"image\":{\"@id\":\"https:\\\/\\\/ketamaseeds.com\\\/pt-br\\\/produto\\\/creative\\\/#primaryimage\"},\"thumbnailUrl\":\"https:\\\/\\\/ketamaseeds.com\\\/wp-content\\\/uploads\\\/2023\\\/10\\\/CREATIVE-Semillas-de-marihuana-KETAMA-SEEDS-BANK.jpg\",\"datePublished\":\"2023-10-11T01:32:43+00:00\",\"dateModified\":\"2024-04-03T08:06:02+00:00\",\"description\":\"Esta variedade, como o pr\u00f3prio nome sugere, produz um alto n\u00edvel de criatividade.Devido ao seu alto poder psicoativo, \u00e9 a maconha preferida de todos os ...\",\"breadcrumb\":{\"@id\":\"https:\\\/\\\/ketamaseeds.com\\\/pt-br\\\/produto\\\/creative\\\/#breadcrumb\"},\"inLanguage\":\"pt-BR\",\"potentialAction\":[{\"@type\":\"ReadAction\",\"target\":[\"https:\\\/\\\/ketamaseeds.com\\\/pt-br\\\/produto\\\/creative\\\/\"]}]},{\"@type\":\"ImageObject\",\"inLanguage\":\"pt-BR\",\"@id\":\"https:\\\/\\\/ketamaseeds.com\\\/pt-br\\\/produto\\\/creative\\\/#primaryimage\",\"url\":\"https:\\\/\\\/ketamaseeds.com\\\/wp-content\\\/uploads\\\/2023\\\/10\\\/CREATIVE-Semillas-de-marihuana-KETAMA-SEEDS-BANK.jpg\",\"contentUrl\":\"https:\\\/\\\/ketamaseeds.com\\\/wp-content\\\/uploads\\\/2023\\\/10\\\/CREATIVE-Semillas-de-marihuana-KETAMA-SEEDS-BANK.jpg\",\"width\":768,\"height\":1024},{\"@type\":\"BreadcrumbList\",\"@id\":\"https:\\\/\\\/ketamaseeds.com\\\/pt-br\\\/produto\\\/creative\\\/#breadcrumb\",\"itemListElement\":[{\"@type\":\"ListItem\",\"position\":1,\"name\":\"Home\",\"item\":\"https:\\\/\\\/ketamaseeds.com\\\/pt-br\\\/\"},{\"@type\":\"ListItem\",\"position\":2,\"name\":\"Sementes de cannabis\",\"item\":\"https:\\\/\\\/ketamaseeds.com\\\/pt-br\\\/sementes-de-cannabis\\\/\"},{\"@type\":\"ListItem\",\"position\":3,\"name\":\"CREATIVE sementes de cannabis feminizadas\"}]},{\"@type\":\"WebSite\",\"@id\":\"https:\\\/\\\/ketamaseeds.com\\\/pt-br\\\/#website\",\"url\":\"https:\\\/\\\/ketamaseeds.com\\\/pt-br\\\/\",\"name\":\"KETAMA SEEDS\",\"description\":\"Banco de semillas de Cannabis\",\"publisher\":{\"@id\":\"https:\\\/\\\/ketamaseeds.com\\\/pt-br\\\/#organization\"},\"potentialAction\":[{\"@type\":\"SearchAction\",\"target\":{\"@type\":\"EntryPoint\",\"urlTemplate\":\"https:\\\/\\\/ketamaseeds.com\\\/pt-br\\\/?s={search_term_string}\"},\"query-input\":{\"@type\":\"PropertyValueSpecification\",\"valueRequired\":true,\"valueName\":\"search_term_string\"}}],\"inLanguage\":\"pt-BR\"},{\"@type\":\"Organization\",\"@id\":\"https:\\\/\\\/ketamaseeds.com\\\/pt-br\\\/#organization\",\"name\":\"KETAMA SEEDS\",\"url\":\"https:\\\/\\\/ketamaseeds.com\\\/pt-br\\\/\",\"logo\":{\"@type\":\"ImageObject\",\"inLanguage\":\"pt-BR\",\"@id\":\"https:\\\/\\\/ketamaseeds.com\\\/pt-br\\\/#\\\/schema\\\/logo\\\/image\\\/\",\"url\":\"https:\\\/\\\/ketamaseeds.com\\\/wp-content\\\/uploads\\\/2023\\\/10\\\/cropped-ketama-seeds-logo.jpeg\",\"contentUrl\":\"https:\\\/\\\/ketamaseeds.com\\\/wp-content\\\/uploads\\\/2023\\\/10\\\/cropped-ketama-seeds-logo.jpeg\",\"width\":512,\"height\":512,\"caption\":\"KETAMA SEEDS\"},\"image\":{\"@id\":\"https:\\\/\\\/ketamaseeds.com\\\/pt-br\\\/#\\\/schema\\\/logo\\\/image\\\/\"},\"sameAs\":[\"https:\\\/\\\/www.facebook.com\\\/ketamaseedsbank\",\"https:\\\/\\\/x.com\\\/KetamaSeeds\",\"https:\\\/\\\/www.instagram.com\\\/ketamaseeds\"]}]}<\/script>\n<!-- \/ Yoast SEO plugin. -->","yoast_head_json":{"title":"CREATIVE, sementes de cannabis feminizadas","description":"Esta variedade, como o pr\u00f3prio nome sugere, produz um alto n\u00edvel de criatividade.Devido ao seu alto poder psicoativo, \u00e9 a maconha preferida de todos os ...","robots":{"index":"index","follow":"follow","max-snippet":"max-snippet:-1","max-image-preview":"max-image-preview:large","max-video-preview":"max-video-preview:-1"},"canonical":"https:\/\/ketamaseeds.com\/pt-br\/produto\/creative\/","og_locale":"pt_BR","og_type":"article","og_title":"CREATIVE, sementes de cannabis feminizadas","og_description":"Esta variedade, como o pr\u00f3prio nome sugere, produz um alto n\u00edvel de criatividade.Devido ao seu alto poder psicoativo, \u00e9 a maconha preferida de todos os ...","og_url":"https:\/\/ketamaseeds.com\/pt-br\/produto\/creative\/","og_site_name":"KETAMA SEEDS","article_publisher":"https:\/\/www.facebook.com\/ketamaseedsbank","article_modified_time":"2024-04-03T08:06:02+00:00","og_image":[{"width":768,"height":1024,"url":"https:\/\/ketamaseeds.com\/wp-content\/uploads\/2023\/10\/CREATIVE-Semillas-de-marihuana-KETAMA-SEEDS-BANK.jpg","type":"image\/jpeg"}],"twitter_card":"summary_large_image","twitter_site":"@KetamaSeeds","twitter_misc":{"Est. tempo de leitura":"1 minuto"},"schema":{"@context":"https:\/\/schema.org","@graph":[{"@type":"WebPage","@id":"https:\/\/ketamaseeds.com\/pt-br\/produto\/creative\/","url":"https:\/\/ketamaseeds.com\/pt-br\/produto\/creative\/","name":"CREATIVE, sementes de cannabis feminizadas","isPartOf":{"@id":"https:\/\/ketamaseeds.com\/pt-br\/#website"},"primaryImageOfPage":{"@id":"https:\/\/ketamaseeds.com\/pt-br\/produto\/creative\/#primaryimage"},"image":{"@id":"https:\/\/ketamaseeds.com\/pt-br\/produto\/creative\/#primaryimage"},"thumbnailUrl":"https:\/\/ketamaseeds.com\/wp-content\/uploads\/2023\/10\/CREATIVE-Semillas-de-marihuana-KETAMA-SEEDS-BANK.jpg","datePublished":"2023-10-11T01:32:43+00:00","dateModified":"2024-04-03T08:06:02+00:00","description":"Esta variedade, como o pr\u00f3prio nome sugere, produz um alto n\u00edvel de criatividade.Devido ao seu alto poder psicoativo, \u00e9 a maconha preferida de todos os ...","breadcrumb":{"@id":"https:\/\/ketamaseeds.com\/pt-br\/produto\/creative\/#breadcrumb"},"inLanguage":"pt-BR","potentialAction":[{"@type":"ReadAction","target":["https:\/\/ketamaseeds.com\/pt-br\/produto\/creative\/"]}]},{"@type":"ImageObject","inLanguage":"pt-BR","@id":"https:\/\/ketamaseeds.com\/pt-br\/produto\/creative\/#primaryimage","url":"https:\/\/ketamaseeds.com\/wp-content\/uploads\/2023\/10\/CREATIVE-Semillas-de-marihuana-KETAMA-SEEDS-BANK.jpg","contentUrl":"https:\/\/ketamaseeds.com\/wp-content\/uploads\/2023\/10\/CREATIVE-Semillas-de-marihuana-KETAMA-SEEDS-BANK.jpg","width":768,"height":1024},{"@type":"BreadcrumbList","@id":"https:\/\/ketamaseeds.com\/pt-br\/produto\/creative\/#breadcrumb","itemListElement":[{"@type":"ListItem","position":1,"name":"Home","item":"https:\/\/ketamaseeds.com\/pt-br\/"},{"@type":"ListItem","position":2,"name":"Sementes de cannabis","item":"https:\/\/ketamaseeds.com\/pt-br\/sementes-de-cannabis\/"},{"@type":"ListItem","position":3,"name":"CREATIVE sementes de cannabis feminizadas"}]},{"@type":"WebSite","@id":"https:\/\/ketamaseeds.com\/pt-br\/#website","url":"https:\/\/ketamaseeds.com\/pt-br\/","name":"KETAMA SEEDS","description":"Banco de semillas de Cannabis","publisher":{"@id":"https:\/\/ketamaseeds.com\/pt-br\/#organization"},"potentialAction":[{"@type":"SearchAction","target":{"@type":"EntryPoint","urlTemplate":"https:\/\/ketamaseeds.com\/pt-br\/?s={search_term_string}"},"query-input":{"@type":"PropertyValueSpecification","valueRequired":true,"valueName":"search_term_string"}}],"inLanguage":"pt-BR"},{"@type":"Organization","@id":"https:\/\/ketamaseeds.com\/pt-br\/#organization","name":"KETAMA SEEDS","url":"https:\/\/ketamaseeds.com\/pt-br\/","logo":{"@type":"ImageObject","inLanguage":"pt-BR","@id":"https:\/\/ketamaseeds.com\/pt-br\/#\/schema\/logo\/image\/","url":"https:\/\/ketamaseeds.com\/wp-content\/uploads\/2023\/10\/cropped-ketama-seeds-logo.jpeg","contentUrl":"https:\/\/ketamaseeds.com\/wp-content\/uploads\/2023\/10\/cropped-ketama-seeds-logo.jpeg","width":512,"height":512,"caption":"KETAMA SEEDS"},"image":{"@id":"https:\/\/ketamaseeds.com\/pt-br\/#\/schema\/logo\/image\/"},"sameAs":["https:\/\/www.facebook.com\/ketamaseedsbank","https:\/\/x.com\/KetamaSeeds","https:\/\/www.instagram.com\/ketamaseeds"]}]}},"_links":{"self":[{"href":"https:\/\/ketamaseeds.com\/pt-br\/wp-json\/wp\/v2\/product\/857","targetHints":{"allow":["GET"]}}],"collection":[{"href":"https:\/\/ketamaseeds.com\/pt-br\/wp-json\/wp\/v2\/product"}],"about":[{"href":"https:\/\/ketamaseeds.com\/pt-br\/wp-json\/wp\/v2\/types\/product"}],"replies":[{"embeddable":true,"href":"https:\/\/ketamaseeds.com\/pt-br\/wp-json\/wp\/v2\/comments?post=857"}],"wp:featuredmedia":[{"embeddable":true,"href":"https:\/\/ketamaseeds.com\/pt-br\/wp-json\/wp\/v2\/media\/512"}],"wp:attachment":[{"href":"https:\/\/ketamaseeds.com\/pt-br\/wp-json\/wp\/v2\/media?parent=857"}],"wp:term":[{"taxonomy":"product_brand","embeddable":true,"href":"https:\/\/ketamaseeds.com\/pt-br\/wp-json\/wp\/v2\/product_brand?post=857"},{"taxonomy":"product_cat","embeddable":true,"href":"https:\/\/ketamaseeds.com\/pt-br\/wp-json\/wp\/v2\/product_cat?post=857"},{"taxonomy":"product_tag","embeddable":true,"href":"https:\/\/ketamaseeds.com\/pt-br\/wp-json\/wp\/v2\/product_tag?post=857"}],"curies":[{"name":"wp","href":"https:\/\/api.w.org\/{rel}","templated":true}]}}