{"id":944,"date":"2023-10-12T03:31:12","date_gmt":"2023-10-12T03:31:12","guid":{"rendered":"http:\/\/ketamaseeds.com\/product\/diesel-herer-sementes-de-cannabis-feminizadas\/"},"modified":"2023-11-29T13:11:38","modified_gmt":"2023-11-29T13:11:38","slug":"diesel-herer-sementes-de-cannabis-feminizadas","status":"publish","type":"product","link":"https:\/\/ketamaseeds.com\/pt-br\/produto\/diesel-herer-sementes-de-cannabis-feminizadas\/","title":{"rendered":"DIESEL HERER sementes de cannabis feminizadas"},"content":{"rendered":"<h2>Sementes de cannabis feminizadas DIESEL HERER<\/h2>\n<p>DIESEL HERER. Todo o vigor da m\u00edtica JACK HERER fundido com os aromas ricos e especiais da KETAMA DIESEL.<\/p>\n<p>As melhores caracter\u00edsticas gen\u00e9ticas de seus pais fazem dela uma variedade com a psicoatividade t\u00edpica da cannabis sativa.<\/p>\n<p>Os aromas que a DIESEL HERER emite s\u00e3o basicamente os de eucalipto, frutas c\u00edtricas que a KETAMA DIESEL proporciona, madeira de cedro e incenso.<\/p>\n<p>A DIESEL HERER \u00e9 uma planta que surpreende durante a flora\u00e7\u00e3o e a colheita com um grande bot\u00e3o central e muitas flores grandes e duras carregadas de resina.<\/p>\n<p>\u00c9 uma planta forte que se desenvolve com grande vigor, gerando um bom caule central, com curta dist\u00e2ncia internodal.<\/p>\n<p>Na fase vegetativa ou de crescimento, tem um grande desenvolvimento, alargando-se de forma semelhante \u00e0s plantas de variedades mais indica.<\/p>\n<p>A DIESEL HERER \u00e9 uma variedade de cannabis que precisa de muita comida. Alimente-a bem e ela lhe agradecer\u00e1, se poss\u00edvel de forma org\u00e2nica.<\/p>\n<p>Nos cultivos em ambientes internos, devemos levar em conta o cheiro rico e forte que ela exala.<\/p>\n<p>Adequada para cultivo em ambientes internos e externos em todos os tipos de clima.<\/p>\n<p>Muito resistente a pragas, \u00e9 uma planta de cannabis f\u00e1cil de cultivar para todos.<\/p>\n<p>Uma variedade muito apreciada pelos f\u00e3s da cannabis sativa que todo produtor ou colecionador de gen\u00e9tica deve levar em conta.<\/p>\n<p>PAR\u00c2METROS DE CULTIVO BIOL\u00d3GICO HIDROP\u00d4NICO<br \/>\nCrescimento CE 0,6-0,9ms 1,1-1,4ms<br \/>\nEC Flora\u00e7\u00e3o 0,9-1,4ms 1,1-1,6ms<br \/>\nPH Crescimento 5,5 5,8<br \/>\nPH Flora\u00e7\u00e3o 6,3 6,3<br \/>\nDESENVOLVIMENTO EXTERIOR INTERIOR<br \/>\nCOLHEITA Final de outubro 60 a 70 dias<br \/>\nRENDIMENTO 450-850 gr. por planta 300-550 gr\/m2<\/p>\n<h3>DIESEL HERER sementes de cannabis feminizadas<\/h3>\n","protected":false},"excerpt":{"rendered":"<p>Sementes de cannabis feminizadas DIESEL HERER DIESEL HERER. Todo o vigor da m\u00edtica JACK HERER fundido com os aromas ricos e especiais da KETAMA DIESEL. As melhores caracter\u00edsticas gen\u00e9ticas de seus pais fazem dela uma variedade com a psicoatividade t\u00edpica da cannabis sativa. Os aromas que a DIESEL HERER emite s\u00e3o basicamente os de eucalipto, [&hellip;]<\/p>\n","protected":false},"featured_media":548,"comment_status":"open","ping_status":"closed","template":"","meta":{"_et_pb_use_builder":"","_et_pb_old_content":"","_et_gb_content_width":""},"product_brand":[],"product_cat":[49],"product_tag":[],"class_list":{"0":"post-944","1":"product","2":"type-product","3":"status-publish","4":"has-post-thumbnail","6":"product_cat-sementes-feminizadas","8":"first","9":"instock","10":"shipping-taxable","11":"purchasable","12":"product-type-variable"},"yoast_head":"<!-- This site is optimized with the Yoast SEO plugin v27.3 - https:\/\/yoast.com\/product\/yoast-seo-wordpress\/ -->\n<title>DIESEL HERER sementes de cannabis feminizadas<\/title>\n<meta name=\"description\" content=\"DIESEL HERER. Todo o vigor da m\u00edtica JACK HERER fundido com os aromas ricos e especiais da KETAMA DIESEL.\" \/>\n<meta name=\"robots\" content=\"index, follow, max-snippet:-1, max-image-preview:large, max-video-preview:-1\" \/>\n<link rel=\"canonical\" href=\"https:\/\/ketamaseeds.com\/pt-br\/produto\/diesel-herer-sementes-de-cannabis-feminizadas\/\" \/>\n<meta property=\"og:locale\" content=\"pt_BR\" \/>\n<meta property=\"og:type\" content=\"article\" \/>\n<meta property=\"og:title\" content=\"DIESEL HERER sementes de cannabis feminizadas\" \/>\n<meta property=\"og:description\" content=\"DIESEL HERER. Todo o vigor da m\u00edtica JACK HERER fundido com os aromas ricos e especiais da KETAMA DIESEL.\" \/>\n<meta property=\"og:url\" content=\"https:\/\/ketamaseeds.com\/pt-br\/produto\/diesel-herer-sementes-de-cannabis-feminizadas\/\" \/>\n<meta property=\"og:site_name\" content=\"KETAMA SEEDS\" \/>\n<meta property=\"article:publisher\" content=\"https:\/\/www.facebook.com\/ketamaseedsbank\" \/>\n<meta property=\"article:modified_time\" content=\"2023-11-29T13:11:38+00:00\" \/>\n<meta property=\"og:image\" content=\"https:\/\/ketamaseeds.com\/wp-content\/uploads\/2023\/10\/Diesel-Herer-semillas-cannabis.jpg\" \/>\n\t<meta property=\"og:image:width\" content=\"1024\" \/>\n\t<meta property=\"og:image:height\" content=\"768\" \/>\n\t<meta property=\"og:image:type\" content=\"image\/jpeg\" \/>\n<meta name=\"twitter:card\" content=\"summary_large_image\" \/>\n<meta name=\"twitter:site\" content=\"@KetamaSeeds\" \/>\n<meta name=\"twitter:label1\" content=\"Est. tempo de leitura\" \/>\n\t<meta name=\"twitter:data1\" content=\"2 minutos\" \/>\n<script type=\"application\/ld+json\" class=\"yoast-schema-graph\">{\"@context\":\"https:\\\/\\\/schema.org\",\"@graph\":[{\"@type\":\"WebPage\",\"@id\":\"https:\\\/\\\/ketamaseeds.com\\\/pt-br\\\/produto\\\/diesel-herer-sementes-de-cannabis-feminizadas\\\/\",\"url\":\"https:\\\/\\\/ketamaseeds.com\\\/pt-br\\\/produto\\\/diesel-herer-sementes-de-cannabis-feminizadas\\\/\",\"name\":\"DIESEL HERER sementes de cannabis feminizadas\",\"isPartOf\":{\"@id\":\"https:\\\/\\\/ketamaseeds.com\\\/pt-br\\\/#website\"},\"primaryImageOfPage\":{\"@id\":\"https:\\\/\\\/ketamaseeds.com\\\/pt-br\\\/produto\\\/diesel-herer-sementes-de-cannabis-feminizadas\\\/#primaryimage\"},\"image\":{\"@id\":\"https:\\\/\\\/ketamaseeds.com\\\/pt-br\\\/produto\\\/diesel-herer-sementes-de-cannabis-feminizadas\\\/#primaryimage\"},\"thumbnailUrl\":\"https:\\\/\\\/ketamaseeds.com\\\/wp-content\\\/uploads\\\/2023\\\/10\\\/Diesel-Herer-semillas-cannabis.jpg\",\"datePublished\":\"2023-10-12T03:31:12+00:00\",\"dateModified\":\"2023-11-29T13:11:38+00:00\",\"description\":\"DIESEL HERER. Todo o vigor da m\u00edtica JACK HERER fundido com os aromas ricos e especiais da KETAMA DIESEL.\",\"breadcrumb\":{\"@id\":\"https:\\\/\\\/ketamaseeds.com\\\/pt-br\\\/produto\\\/diesel-herer-sementes-de-cannabis-feminizadas\\\/#breadcrumb\"},\"inLanguage\":\"pt-BR\",\"potentialAction\":[{\"@type\":\"ReadAction\",\"target\":[\"https:\\\/\\\/ketamaseeds.com\\\/pt-br\\\/produto\\\/diesel-herer-sementes-de-cannabis-feminizadas\\\/\"]}]},{\"@type\":\"ImageObject\",\"inLanguage\":\"pt-BR\",\"@id\":\"https:\\\/\\\/ketamaseeds.com\\\/pt-br\\\/produto\\\/diesel-herer-sementes-de-cannabis-feminizadas\\\/#primaryimage\",\"url\":\"https:\\\/\\\/ketamaseeds.com\\\/wp-content\\\/uploads\\\/2023\\\/10\\\/Diesel-Herer-semillas-cannabis.jpg\",\"contentUrl\":\"https:\\\/\\\/ketamaseeds.com\\\/wp-content\\\/uploads\\\/2023\\\/10\\\/Diesel-Herer-semillas-cannabis.jpg\",\"width\":1024,\"height\":768,\"caption\":\"Planta de maconha DIESEL HERER\"},{\"@type\":\"BreadcrumbList\",\"@id\":\"https:\\\/\\\/ketamaseeds.com\\\/pt-br\\\/produto\\\/diesel-herer-sementes-de-cannabis-feminizadas\\\/#breadcrumb\",\"itemListElement\":[{\"@type\":\"ListItem\",\"position\":1,\"name\":\"Home\",\"item\":\"https:\\\/\\\/ketamaseeds.com\\\/pt-br\\\/\"},{\"@type\":\"ListItem\",\"position\":2,\"name\":\"Sementes de cannabis\",\"item\":\"https:\\\/\\\/ketamaseeds.com\\\/pt-br\\\/sementes-de-cannabis\\\/\"},{\"@type\":\"ListItem\",\"position\":3,\"name\":\"DIESEL HERER sementes de cannabis feminizadas\"}]},{\"@type\":\"WebSite\",\"@id\":\"https:\\\/\\\/ketamaseeds.com\\\/pt-br\\\/#website\",\"url\":\"https:\\\/\\\/ketamaseeds.com\\\/pt-br\\\/\",\"name\":\"KETAMA SEEDS\",\"description\":\"Banco de semillas de Cannabis\",\"publisher\":{\"@id\":\"https:\\\/\\\/ketamaseeds.com\\\/pt-br\\\/#organization\"},\"potentialAction\":[{\"@type\":\"SearchAction\",\"target\":{\"@type\":\"EntryPoint\",\"urlTemplate\":\"https:\\\/\\\/ketamaseeds.com\\\/pt-br\\\/?s={search_term_string}\"},\"query-input\":{\"@type\":\"PropertyValueSpecification\",\"valueRequired\":true,\"valueName\":\"search_term_string\"}}],\"inLanguage\":\"pt-BR\"},{\"@type\":\"Organization\",\"@id\":\"https:\\\/\\\/ketamaseeds.com\\\/pt-br\\\/#organization\",\"name\":\"KETAMA SEEDS\",\"url\":\"https:\\\/\\\/ketamaseeds.com\\\/pt-br\\\/\",\"logo\":{\"@type\":\"ImageObject\",\"inLanguage\":\"pt-BR\",\"@id\":\"https:\\\/\\\/ketamaseeds.com\\\/pt-br\\\/#\\\/schema\\\/logo\\\/image\\\/\",\"url\":\"https:\\\/\\\/ketamaseeds.com\\\/wp-content\\\/uploads\\\/2023\\\/10\\\/cropped-ketama-seeds-logo.jpeg\",\"contentUrl\":\"https:\\\/\\\/ketamaseeds.com\\\/wp-content\\\/uploads\\\/2023\\\/10\\\/cropped-ketama-seeds-logo.jpeg\",\"width\":512,\"height\":512,\"caption\":\"KETAMA SEEDS\"},\"image\":{\"@id\":\"https:\\\/\\\/ketamaseeds.com\\\/pt-br\\\/#\\\/schema\\\/logo\\\/image\\\/\"},\"sameAs\":[\"https:\\\/\\\/www.facebook.com\\\/ketamaseedsbank\",\"https:\\\/\\\/x.com\\\/KetamaSeeds\",\"https:\\\/\\\/www.instagram.com\\\/ketamaseeds\"]}]}<\/script>\n<!-- \/ Yoast SEO plugin. -->","yoast_head_json":{"title":"DIESEL HERER sementes de cannabis feminizadas","description":"DIESEL HERER. Todo o vigor da m\u00edtica JACK HERER fundido com os aromas ricos e especiais da KETAMA DIESEL.","robots":{"index":"index","follow":"follow","max-snippet":"max-snippet:-1","max-image-preview":"max-image-preview:large","max-video-preview":"max-video-preview:-1"},"canonical":"https:\/\/ketamaseeds.com\/pt-br\/produto\/diesel-herer-sementes-de-cannabis-feminizadas\/","og_locale":"pt_BR","og_type":"article","og_title":"DIESEL HERER sementes de cannabis feminizadas","og_description":"DIESEL HERER. Todo o vigor da m\u00edtica JACK HERER fundido com os aromas ricos e especiais da KETAMA DIESEL.","og_url":"https:\/\/ketamaseeds.com\/pt-br\/produto\/diesel-herer-sementes-de-cannabis-feminizadas\/","og_site_name":"KETAMA SEEDS","article_publisher":"https:\/\/www.facebook.com\/ketamaseedsbank","article_modified_time":"2023-11-29T13:11:38+00:00","og_image":[{"width":1024,"height":768,"url":"https:\/\/ketamaseeds.com\/wp-content\/uploads\/2023\/10\/Diesel-Herer-semillas-cannabis.jpg","type":"image\/jpeg"}],"twitter_card":"summary_large_image","twitter_site":"@KetamaSeeds","twitter_misc":{"Est. tempo de leitura":"2 minutos"},"schema":{"@context":"https:\/\/schema.org","@graph":[{"@type":"WebPage","@id":"https:\/\/ketamaseeds.com\/pt-br\/produto\/diesel-herer-sementes-de-cannabis-feminizadas\/","url":"https:\/\/ketamaseeds.com\/pt-br\/produto\/diesel-herer-sementes-de-cannabis-feminizadas\/","name":"DIESEL HERER sementes de cannabis feminizadas","isPartOf":{"@id":"https:\/\/ketamaseeds.com\/pt-br\/#website"},"primaryImageOfPage":{"@id":"https:\/\/ketamaseeds.com\/pt-br\/produto\/diesel-herer-sementes-de-cannabis-feminizadas\/#primaryimage"},"image":{"@id":"https:\/\/ketamaseeds.com\/pt-br\/produto\/diesel-herer-sementes-de-cannabis-feminizadas\/#primaryimage"},"thumbnailUrl":"https:\/\/ketamaseeds.com\/wp-content\/uploads\/2023\/10\/Diesel-Herer-semillas-cannabis.jpg","datePublished":"2023-10-12T03:31:12+00:00","dateModified":"2023-11-29T13:11:38+00:00","description":"DIESEL HERER. Todo o vigor da m\u00edtica JACK HERER fundido com os aromas ricos e especiais da KETAMA DIESEL.","breadcrumb":{"@id":"https:\/\/ketamaseeds.com\/pt-br\/produto\/diesel-herer-sementes-de-cannabis-feminizadas\/#breadcrumb"},"inLanguage":"pt-BR","potentialAction":[{"@type":"ReadAction","target":["https:\/\/ketamaseeds.com\/pt-br\/produto\/diesel-herer-sementes-de-cannabis-feminizadas\/"]}]},{"@type":"ImageObject","inLanguage":"pt-BR","@id":"https:\/\/ketamaseeds.com\/pt-br\/produto\/diesel-herer-sementes-de-cannabis-feminizadas\/#primaryimage","url":"https:\/\/ketamaseeds.com\/wp-content\/uploads\/2023\/10\/Diesel-Herer-semillas-cannabis.jpg","contentUrl":"https:\/\/ketamaseeds.com\/wp-content\/uploads\/2023\/10\/Diesel-Herer-semillas-cannabis.jpg","width":1024,"height":768,"caption":"Planta de maconha DIESEL HERER"},{"@type":"BreadcrumbList","@id":"https:\/\/ketamaseeds.com\/pt-br\/produto\/diesel-herer-sementes-de-cannabis-feminizadas\/#breadcrumb","itemListElement":[{"@type":"ListItem","position":1,"name":"Home","item":"https:\/\/ketamaseeds.com\/pt-br\/"},{"@type":"ListItem","position":2,"name":"Sementes de cannabis","item":"https:\/\/ketamaseeds.com\/pt-br\/sementes-de-cannabis\/"},{"@type":"ListItem","position":3,"name":"DIESEL HERER sementes de cannabis feminizadas"}]},{"@type":"WebSite","@id":"https:\/\/ketamaseeds.com\/pt-br\/#website","url":"https:\/\/ketamaseeds.com\/pt-br\/","name":"KETAMA SEEDS","description":"Banco de semillas de Cannabis","publisher":{"@id":"https:\/\/ketamaseeds.com\/pt-br\/#organization"},"potentialAction":[{"@type":"SearchAction","target":{"@type":"EntryPoint","urlTemplate":"https:\/\/ketamaseeds.com\/pt-br\/?s={search_term_string}"},"query-input":{"@type":"PropertyValueSpecification","valueRequired":true,"valueName":"search_term_string"}}],"inLanguage":"pt-BR"},{"@type":"Organization","@id":"https:\/\/ketamaseeds.com\/pt-br\/#organization","name":"KETAMA SEEDS","url":"https:\/\/ketamaseeds.com\/pt-br\/","logo":{"@type":"ImageObject","inLanguage":"pt-BR","@id":"https:\/\/ketamaseeds.com\/pt-br\/#\/schema\/logo\/image\/","url":"https:\/\/ketamaseeds.com\/wp-content\/uploads\/2023\/10\/cropped-ketama-seeds-logo.jpeg","contentUrl":"https:\/\/ketamaseeds.com\/wp-content\/uploads\/2023\/10\/cropped-ketama-seeds-logo.jpeg","width":512,"height":512,"caption":"KETAMA SEEDS"},"image":{"@id":"https:\/\/ketamaseeds.com\/pt-br\/#\/schema\/logo\/image\/"},"sameAs":["https:\/\/www.facebook.com\/ketamaseedsbank","https:\/\/x.com\/KetamaSeeds","https:\/\/www.instagram.com\/ketamaseeds"]}]}},"_links":{"self":[{"href":"https:\/\/ketamaseeds.com\/pt-br\/wp-json\/wp\/v2\/product\/944","targetHints":{"allow":["GET"]}}],"collection":[{"href":"https:\/\/ketamaseeds.com\/pt-br\/wp-json\/wp\/v2\/product"}],"about":[{"href":"https:\/\/ketamaseeds.com\/pt-br\/wp-json\/wp\/v2\/types\/product"}],"replies":[{"embeddable":true,"href":"https:\/\/ketamaseeds.com\/pt-br\/wp-json\/wp\/v2\/comments?post=944"}],"wp:featuredmedia":[{"embeddable":true,"href":"https:\/\/ketamaseeds.com\/pt-br\/wp-json\/wp\/v2\/media\/548"}],"wp:attachment":[{"href":"https:\/\/ketamaseeds.com\/pt-br\/wp-json\/wp\/v2\/media?parent=944"}],"wp:term":[{"taxonomy":"product_brand","embeddable":true,"href":"https:\/\/ketamaseeds.com\/pt-br\/wp-json\/wp\/v2\/product_brand?post=944"},{"taxonomy":"product_cat","embeddable":true,"href":"https:\/\/ketamaseeds.com\/pt-br\/wp-json\/wp\/v2\/product_cat?post=944"},{"taxonomy":"product_tag","embeddable":true,"href":"https:\/\/ketamaseeds.com\/pt-br\/wp-json\/wp\/v2\/product_tag?post=944"}],"curies":[{"name":"wp","href":"https:\/\/api.w.org\/{rel}","templated":true}]}}