{"id":962,"date":"2023-10-11T01:43:23","date_gmt":"2023-10-11T01:43:23","guid":{"rendered":"http:\/\/ketamaseeds.com\/product\/frutilla-haze-sementes-de-cannabis-feminizadas\/"},"modified":"2023-12-08T02:22:13","modified_gmt":"2023-12-08T02:22:13","slug":"frutilla-haze-sementes-de-cannabis-feminizadas","status":"publish","type":"product","link":"https:\/\/ketamaseeds.com\/pt-br\/produto\/frutilla-haze-sementes-de-cannabis-feminizadas\/","title":{"rendered":"FRUTILLA HAZE sementes de cannabis feminizadas"},"content":{"rendered":"<h2>Sementes de cannabis feminizadas FRUTILLA HAZE<\/h2>\n<p>A FRUTILLA HAZE \u00e9 uma rica variedade de maconha de ascend\u00eancia 100% sativa, com um surpreendente sabor de morango que faz voc\u00ea se apaixonar.<\/p>\n<p>Suas flores s\u00e3o grandes e bastante alongadas. Devido \u00e0 sua gen\u00e9tica Haze, ela esconde muito bem o cheiro e o rico sabor de morango at\u00e9 o momento da combust\u00e3o.<\/p>\n<p>Seu efeito relaxante de n\u00edvel m\u00e9dio, al\u00e9m de seu excelente sabor, fazem dela uma variedade de cannabis que abrange um amplo espectro de consumidores, desde os novos at\u00e9 os mais experientes e exigentes.<\/p>\n<p>Uma planta de desenvolvimento bastante r\u00e1pido que, em cultivos internos, terminar\u00e1 a flora\u00e7\u00e3o em pouco mais de 11 semanas.<\/p>\n<p>\u00c9 uma planta que se desenvolve bastante e seus ramos s\u00e3o bastante alongados.<\/p>\n<p>Durante o per\u00edodo de flora\u00e7\u00e3o, ela pode facilmente triplicar sua altura.<\/p>\n<p>Tamb\u00e9m \u00e9 altamente recomendada para o cultivo ao ar livre em climas equatoriais, tropicais, subtropicais e temperados.<\/p>\n<p>Devido \u00e0 sua gen\u00e9tica, a HAZE \u00e9 uma planta ideal para ser cultivada com diferentes tipos de poda, como SOG ou MAIL LINING.<\/p>\n<p>A FRUTILLA HAZE \u00e9 uma planta de cannabis grata para colher e muito f\u00e1cil de cultivar.<\/p>\n<p>FRUTILLA HAZE. Uma excelente variedade de maconha com caracter\u00edsticas t\u00e3o especiais que todo colecionador de gen\u00e9tica deve levar em conta.<\/p>\n<p>PAR\u00c2METROS DE CULTIVO BIOL\u00d3GICO HIDROP\u00d4NICO<br \/>\nCrescimento CE 0,6-0,9ms 1,1-1,4ms<br \/>\nEC Flora\u00e7\u00e3o 0,9-1,4ms 1,1-1,6ms<br \/>\nPH Crescimento 5,5 5,8<br \/>\nPH Flora\u00e7\u00e3o 6,3 6,3<br \/>\nDESENVOLVIMENTO EXTERIOR INTERIOR<br \/>\nCOLHEITA Final de outubro 90 dias<br \/>\nRENDIMENTO 450-850 gr. por planta 400-600 gr\/m2<\/p>\n<h3>FRUTILLA HAZE sementes de maconha feminizadas<\/h3>\n","protected":false},"excerpt":{"rendered":"<p>Sementes de cannabis feminizadas FRUTILLA HAZE A FRUTILLA HAZE \u00e9 uma rica variedade de maconha de ascend\u00eancia 100% sativa, com um surpreendente sabor de morango que faz voc\u00ea se apaixonar. Suas flores s\u00e3o grandes e bastante alongadas. Devido \u00e0 sua gen\u00e9tica Haze, ela esconde muito bem o cheiro e o rico sabor de morango at\u00e9 [&hellip;]<\/p>\n","protected":false},"featured_media":515,"comment_status":"open","ping_status":"closed","template":"","meta":{"_et_pb_use_builder":"","_et_pb_old_content":"","_et_gb_content_width":""},"product_brand":[],"product_cat":[49],"product_tag":[],"class_list":{"0":"post-962","1":"product","2":"type-product","3":"status-publish","4":"has-post-thumbnail","6":"product_cat-sementes-feminizadas","8":"first","9":"instock","10":"shipping-taxable","11":"purchasable","12":"product-type-variable"},"yoast_head":"<!-- This site is optimized with the Yoast SEO plugin v27.3 - https:\/\/yoast.com\/product\/yoast-seo-wordpress\/ -->\n<title>FRUTILLA HAZE sementes de cannabis feminizadas<\/title>\n<meta name=\"description\" content=\"A FRUTILLA HAZE \u00e9 uma rica variedade de maconha de ascend\u00eancia 100% sativa, com um surpreendente sabor de morango que faz voc\u00ea se apaixonar.\" \/>\n<meta name=\"robots\" content=\"index, follow, max-snippet:-1, max-image-preview:large, max-video-preview:-1\" \/>\n<link rel=\"canonical\" href=\"https:\/\/ketamaseeds.com\/pt-br\/produto\/frutilla-haze-sementes-de-cannabis-feminizadas\/\" \/>\n<meta property=\"og:locale\" content=\"pt_BR\" \/>\n<meta property=\"og:type\" content=\"article\" \/>\n<meta property=\"og:title\" content=\"FRUTILLA HAZE sementes de cannabis feminizadas\" \/>\n<meta property=\"og:description\" content=\"A FRUTILLA HAZE \u00e9 uma rica variedade de maconha de ascend\u00eancia 100% sativa, com um surpreendente sabor de morango que faz voc\u00ea se apaixonar.\" \/>\n<meta property=\"og:url\" content=\"https:\/\/ketamaseeds.com\/pt-br\/produto\/frutilla-haze-sementes-de-cannabis-feminizadas\/\" \/>\n<meta property=\"og:site_name\" content=\"KETAMA SEEDS\" \/>\n<meta property=\"article:publisher\" content=\"https:\/\/www.facebook.com\/ketamaseedsbank\" \/>\n<meta property=\"article:modified_time\" content=\"2023-12-08T02:22:13+00:00\" \/>\n<meta property=\"og:image\" content=\"https:\/\/ketamaseeds.com\/wp-content\/uploads\/2023\/10\/FRUTILLA-HAZE-feminised-cannabis-seeds.jpg\" \/>\n\t<meta property=\"og:image:width\" content=\"1280\" \/>\n\t<meta property=\"og:image:height\" content=\"941\" \/>\n\t<meta property=\"og:image:type\" content=\"image\/jpeg\" \/>\n<meta name=\"twitter:card\" content=\"summary_large_image\" \/>\n<meta name=\"twitter:site\" content=\"@KetamaSeeds\" \/>\n<meta name=\"twitter:label1\" content=\"Est. tempo de leitura\" \/>\n\t<meta name=\"twitter:data1\" content=\"2 minutos\" \/>\n<script type=\"application\/ld+json\" class=\"yoast-schema-graph\">{\"@context\":\"https:\\\/\\\/schema.org\",\"@graph\":[{\"@type\":\"WebPage\",\"@id\":\"https:\\\/\\\/ketamaseeds.com\\\/pt-br\\\/produto\\\/frutilla-haze-sementes-de-cannabis-feminizadas\\\/\",\"url\":\"https:\\\/\\\/ketamaseeds.com\\\/pt-br\\\/produto\\\/frutilla-haze-sementes-de-cannabis-feminizadas\\\/\",\"name\":\"FRUTILLA HAZE sementes de cannabis feminizadas\",\"isPartOf\":{\"@id\":\"https:\\\/\\\/ketamaseeds.com\\\/pt-br\\\/#website\"},\"primaryImageOfPage\":{\"@id\":\"https:\\\/\\\/ketamaseeds.com\\\/pt-br\\\/produto\\\/frutilla-haze-sementes-de-cannabis-feminizadas\\\/#primaryimage\"},\"image\":{\"@id\":\"https:\\\/\\\/ketamaseeds.com\\\/pt-br\\\/produto\\\/frutilla-haze-sementes-de-cannabis-feminizadas\\\/#primaryimage\"},\"thumbnailUrl\":\"https:\\\/\\\/ketamaseeds.com\\\/wp-content\\\/uploads\\\/2023\\\/10\\\/FRUTILLA-HAZE-feminised-cannabis-seeds.jpg\",\"datePublished\":\"2023-10-11T01:43:23+00:00\",\"dateModified\":\"2023-12-08T02:22:13+00:00\",\"description\":\"A FRUTILLA HAZE \u00e9 uma rica variedade de maconha de ascend\u00eancia 100% sativa, com um surpreendente sabor de morango que faz voc\u00ea se apaixonar.\",\"breadcrumb\":{\"@id\":\"https:\\\/\\\/ketamaseeds.com\\\/pt-br\\\/produto\\\/frutilla-haze-sementes-de-cannabis-feminizadas\\\/#breadcrumb\"},\"inLanguage\":\"pt-BR\",\"potentialAction\":[{\"@type\":\"ReadAction\",\"target\":[\"https:\\\/\\\/ketamaseeds.com\\\/pt-br\\\/produto\\\/frutilla-haze-sementes-de-cannabis-feminizadas\\\/\"]}]},{\"@type\":\"ImageObject\",\"inLanguage\":\"pt-BR\",\"@id\":\"https:\\\/\\\/ketamaseeds.com\\\/pt-br\\\/produto\\\/frutilla-haze-sementes-de-cannabis-feminizadas\\\/#primaryimage\",\"url\":\"https:\\\/\\\/ketamaseeds.com\\\/wp-content\\\/uploads\\\/2023\\\/10\\\/FRUTILLA-HAZE-feminised-cannabis-seeds.jpg\",\"contentUrl\":\"https:\\\/\\\/ketamaseeds.com\\\/wp-content\\\/uploads\\\/2023\\\/10\\\/FRUTILLA-HAZE-feminised-cannabis-seeds.jpg\",\"width\":1280,\"height\":941},{\"@type\":\"BreadcrumbList\",\"@id\":\"https:\\\/\\\/ketamaseeds.com\\\/pt-br\\\/produto\\\/frutilla-haze-sementes-de-cannabis-feminizadas\\\/#breadcrumb\",\"itemListElement\":[{\"@type\":\"ListItem\",\"position\":1,\"name\":\"Home\",\"item\":\"https:\\\/\\\/ketamaseeds.com\\\/pt-br\\\/\"},{\"@type\":\"ListItem\",\"position\":2,\"name\":\"Sementes de cannabis\",\"item\":\"https:\\\/\\\/ketamaseeds.com\\\/pt-br\\\/sementes-de-cannabis\\\/\"},{\"@type\":\"ListItem\",\"position\":3,\"name\":\"FRUTILLA HAZE sementes de cannabis feminizadas\"}]},{\"@type\":\"WebSite\",\"@id\":\"https:\\\/\\\/ketamaseeds.com\\\/pt-br\\\/#website\",\"url\":\"https:\\\/\\\/ketamaseeds.com\\\/pt-br\\\/\",\"name\":\"KETAMA SEEDS\",\"description\":\"Banco de semillas de Cannabis\",\"publisher\":{\"@id\":\"https:\\\/\\\/ketamaseeds.com\\\/pt-br\\\/#organization\"},\"potentialAction\":[{\"@type\":\"SearchAction\",\"target\":{\"@type\":\"EntryPoint\",\"urlTemplate\":\"https:\\\/\\\/ketamaseeds.com\\\/pt-br\\\/?s={search_term_string}\"},\"query-input\":{\"@type\":\"PropertyValueSpecification\",\"valueRequired\":true,\"valueName\":\"search_term_string\"}}],\"inLanguage\":\"pt-BR\"},{\"@type\":\"Organization\",\"@id\":\"https:\\\/\\\/ketamaseeds.com\\\/pt-br\\\/#organization\",\"name\":\"KETAMA SEEDS\",\"url\":\"https:\\\/\\\/ketamaseeds.com\\\/pt-br\\\/\",\"logo\":{\"@type\":\"ImageObject\",\"inLanguage\":\"pt-BR\",\"@id\":\"https:\\\/\\\/ketamaseeds.com\\\/pt-br\\\/#\\\/schema\\\/logo\\\/image\\\/\",\"url\":\"https:\\\/\\\/ketamaseeds.com\\\/wp-content\\\/uploads\\\/2023\\\/10\\\/cropped-ketama-seeds-logo.jpeg\",\"contentUrl\":\"https:\\\/\\\/ketamaseeds.com\\\/wp-content\\\/uploads\\\/2023\\\/10\\\/cropped-ketama-seeds-logo.jpeg\",\"width\":512,\"height\":512,\"caption\":\"KETAMA SEEDS\"},\"image\":{\"@id\":\"https:\\\/\\\/ketamaseeds.com\\\/pt-br\\\/#\\\/schema\\\/logo\\\/image\\\/\"},\"sameAs\":[\"https:\\\/\\\/www.facebook.com\\\/ketamaseedsbank\",\"https:\\\/\\\/x.com\\\/KetamaSeeds\",\"https:\\\/\\\/www.instagram.com\\\/ketamaseeds\"]}]}<\/script>\n<!-- \/ Yoast SEO plugin. -->","yoast_head_json":{"title":"FRUTILLA HAZE sementes de cannabis feminizadas","description":"A FRUTILLA HAZE \u00e9 uma rica variedade de maconha de ascend\u00eancia 100% sativa, com um surpreendente sabor de morango que faz voc\u00ea se apaixonar.","robots":{"index":"index","follow":"follow","max-snippet":"max-snippet:-1","max-image-preview":"max-image-preview:large","max-video-preview":"max-video-preview:-1"},"canonical":"https:\/\/ketamaseeds.com\/pt-br\/produto\/frutilla-haze-sementes-de-cannabis-feminizadas\/","og_locale":"pt_BR","og_type":"article","og_title":"FRUTILLA HAZE sementes de cannabis feminizadas","og_description":"A FRUTILLA HAZE \u00e9 uma rica variedade de maconha de ascend\u00eancia 100% sativa, com um surpreendente sabor de morango que faz voc\u00ea se apaixonar.","og_url":"https:\/\/ketamaseeds.com\/pt-br\/produto\/frutilla-haze-sementes-de-cannabis-feminizadas\/","og_site_name":"KETAMA SEEDS","article_publisher":"https:\/\/www.facebook.com\/ketamaseedsbank","article_modified_time":"2023-12-08T02:22:13+00:00","og_image":[{"width":1280,"height":941,"url":"https:\/\/ketamaseeds.com\/wp-content\/uploads\/2023\/10\/FRUTILLA-HAZE-feminised-cannabis-seeds.jpg","type":"image\/jpeg"}],"twitter_card":"summary_large_image","twitter_site":"@KetamaSeeds","twitter_misc":{"Est. tempo de leitura":"2 minutos"},"schema":{"@context":"https:\/\/schema.org","@graph":[{"@type":"WebPage","@id":"https:\/\/ketamaseeds.com\/pt-br\/produto\/frutilla-haze-sementes-de-cannabis-feminizadas\/","url":"https:\/\/ketamaseeds.com\/pt-br\/produto\/frutilla-haze-sementes-de-cannabis-feminizadas\/","name":"FRUTILLA HAZE sementes de cannabis feminizadas","isPartOf":{"@id":"https:\/\/ketamaseeds.com\/pt-br\/#website"},"primaryImageOfPage":{"@id":"https:\/\/ketamaseeds.com\/pt-br\/produto\/frutilla-haze-sementes-de-cannabis-feminizadas\/#primaryimage"},"image":{"@id":"https:\/\/ketamaseeds.com\/pt-br\/produto\/frutilla-haze-sementes-de-cannabis-feminizadas\/#primaryimage"},"thumbnailUrl":"https:\/\/ketamaseeds.com\/wp-content\/uploads\/2023\/10\/FRUTILLA-HAZE-feminised-cannabis-seeds.jpg","datePublished":"2023-10-11T01:43:23+00:00","dateModified":"2023-12-08T02:22:13+00:00","description":"A FRUTILLA HAZE \u00e9 uma rica variedade de maconha de ascend\u00eancia 100% sativa, com um surpreendente sabor de morango que faz voc\u00ea se apaixonar.","breadcrumb":{"@id":"https:\/\/ketamaseeds.com\/pt-br\/produto\/frutilla-haze-sementes-de-cannabis-feminizadas\/#breadcrumb"},"inLanguage":"pt-BR","potentialAction":[{"@type":"ReadAction","target":["https:\/\/ketamaseeds.com\/pt-br\/produto\/frutilla-haze-sementes-de-cannabis-feminizadas\/"]}]},{"@type":"ImageObject","inLanguage":"pt-BR","@id":"https:\/\/ketamaseeds.com\/pt-br\/produto\/frutilla-haze-sementes-de-cannabis-feminizadas\/#primaryimage","url":"https:\/\/ketamaseeds.com\/wp-content\/uploads\/2023\/10\/FRUTILLA-HAZE-feminised-cannabis-seeds.jpg","contentUrl":"https:\/\/ketamaseeds.com\/wp-content\/uploads\/2023\/10\/FRUTILLA-HAZE-feminised-cannabis-seeds.jpg","width":1280,"height":941},{"@type":"BreadcrumbList","@id":"https:\/\/ketamaseeds.com\/pt-br\/produto\/frutilla-haze-sementes-de-cannabis-feminizadas\/#breadcrumb","itemListElement":[{"@type":"ListItem","position":1,"name":"Home","item":"https:\/\/ketamaseeds.com\/pt-br\/"},{"@type":"ListItem","position":2,"name":"Sementes de cannabis","item":"https:\/\/ketamaseeds.com\/pt-br\/sementes-de-cannabis\/"},{"@type":"ListItem","position":3,"name":"FRUTILLA HAZE sementes de cannabis feminizadas"}]},{"@type":"WebSite","@id":"https:\/\/ketamaseeds.com\/pt-br\/#website","url":"https:\/\/ketamaseeds.com\/pt-br\/","name":"KETAMA SEEDS","description":"Banco de semillas de Cannabis","publisher":{"@id":"https:\/\/ketamaseeds.com\/pt-br\/#organization"},"potentialAction":[{"@type":"SearchAction","target":{"@type":"EntryPoint","urlTemplate":"https:\/\/ketamaseeds.com\/pt-br\/?s={search_term_string}"},"query-input":{"@type":"PropertyValueSpecification","valueRequired":true,"valueName":"search_term_string"}}],"inLanguage":"pt-BR"},{"@type":"Organization","@id":"https:\/\/ketamaseeds.com\/pt-br\/#organization","name":"KETAMA SEEDS","url":"https:\/\/ketamaseeds.com\/pt-br\/","logo":{"@type":"ImageObject","inLanguage":"pt-BR","@id":"https:\/\/ketamaseeds.com\/pt-br\/#\/schema\/logo\/image\/","url":"https:\/\/ketamaseeds.com\/wp-content\/uploads\/2023\/10\/cropped-ketama-seeds-logo.jpeg","contentUrl":"https:\/\/ketamaseeds.com\/wp-content\/uploads\/2023\/10\/cropped-ketama-seeds-logo.jpeg","width":512,"height":512,"caption":"KETAMA SEEDS"},"image":{"@id":"https:\/\/ketamaseeds.com\/pt-br\/#\/schema\/logo\/image\/"},"sameAs":["https:\/\/www.facebook.com\/ketamaseedsbank","https:\/\/x.com\/KetamaSeeds","https:\/\/www.instagram.com\/ketamaseeds"]}]}},"_links":{"self":[{"href":"https:\/\/ketamaseeds.com\/pt-br\/wp-json\/wp\/v2\/product\/962","targetHints":{"allow":["GET"]}}],"collection":[{"href":"https:\/\/ketamaseeds.com\/pt-br\/wp-json\/wp\/v2\/product"}],"about":[{"href":"https:\/\/ketamaseeds.com\/pt-br\/wp-json\/wp\/v2\/types\/product"}],"replies":[{"embeddable":true,"href":"https:\/\/ketamaseeds.com\/pt-br\/wp-json\/wp\/v2\/comments?post=962"}],"wp:featuredmedia":[{"embeddable":true,"href":"https:\/\/ketamaseeds.com\/pt-br\/wp-json\/wp\/v2\/media\/515"}],"wp:attachment":[{"href":"https:\/\/ketamaseeds.com\/pt-br\/wp-json\/wp\/v2\/media?parent=962"}],"wp:term":[{"taxonomy":"product_brand","embeddable":true,"href":"https:\/\/ketamaseeds.com\/pt-br\/wp-json\/wp\/v2\/product_brand?post=962"},{"taxonomy":"product_cat","embeddable":true,"href":"https:\/\/ketamaseeds.com\/pt-br\/wp-json\/wp\/v2\/product_cat?post=962"},{"taxonomy":"product_tag","embeddable":true,"href":"https:\/\/ketamaseeds.com\/pt-br\/wp-json\/wp\/v2\/product_tag?post=962"}],"curies":[{"name":"wp","href":"https:\/\/api.w.org\/{rel}","templated":true}]}}