{"id":980,"date":"2023-10-12T02:12:40","date_gmt":"2023-10-12T02:12:40","guid":{"rendered":"http:\/\/ketamaseeds.com\/product\/inspiration-sementes-de-cannabis-feminizadas\/"},"modified":"2023-12-08T02:33:42","modified_gmt":"2023-12-08T02:33:42","slug":"inspiration-sementes-de-cannabis-feminizadas","status":"publish","type":"product","link":"https:\/\/ketamaseeds.com\/pt-br\/produto\/inspiration-sementes-de-cannabis-feminizadas\/","title":{"rendered":"INSPIRATION sementes de cannabis feminizadas"},"content":{"rendered":"<h2>INSPIRATION sementes de cannabis feminizadas<\/h2>\n<p>A maconha mais potente. INSPIRATION, uma variedade de sementes de maconha que produz plantas fortes, com efeitos muito bons e espetacularmente atraentes.<\/p>\n<p>INSPIRATION \u00e9 uma das variedades mais potentes de sementes de maconha com o melhor equil\u00edbrio entre Indica-Sativa da KETAMA SEEDS e uma das mais potentes de nossa cole\u00e7\u00e3o.<\/p>\n<p>\u00c9 um cruzamento entre um clone de elite de nossa variedade de sementes feminizadas URUWHITE e a melhor sativa de nossa biblioteca de m\u00e3es.<\/p>\n<p>A INSPIRATION \u00e9 uma planta robusta, de tamanho m\u00e9dio, arbustiva, cheia de flores com alto teor de resina branca espetacular.<\/p>\n<p>Como uma boa variedade de \u00edndica, a INSPIRATION exala um odor agrad\u00e1vel desde o crescimento at\u00e9 o final da flora\u00e7\u00e3o.<\/p>\n<p>A INSPIRATION \u00e9 uma das variedades de maconha mais potentes conhecidas, com n\u00edveis muito altos de THC, de modo que seu efeito \u00e9 mais cerebral do que narc\u00f3tico e mais duradouro.<\/p>\n<p>Em resumo, a INSPIRATION \u00e9 uma variedade que n\u00e3o o deixar\u00e1 indiferente, uma planta f\u00e1cil de cultivar que todos deveriam ter em sua biblioteca gen\u00e9tica.<\/p>\n<p>Cultivo: URUWHITE x Indica<br \/>\nVARIEDADE : 60 % Sativa 40 % Indica<br \/>\nAROMA : Floral com toques de lim\u00e3o e notas amadeiradas<br \/>\nEFEITO : F\u00edsico &#8211; Mental &#8211; Relaxante &#8211; Medicinal<br \/>\nTHC : 20-22%.<br \/>\nCBD : MUITO ALTO<br \/>\nSensibilidade a fungos : Alta<br \/>\nPAR\u00c2METROS DE CULTIVO BIOL\u00d3GICO HIDROP\u00d4NICO<br \/>\nCrescimento CE 0,6-0,9ms 1,1-1,4ms<br \/>\nEC Flora\u00e7\u00e3o 0,9-1,4ms 1,4-2,2ms<br \/>\nPH Crescimento 5,5 5,8<br \/>\nPH Flora\u00e7\u00e3o 6,5 6,5<br \/>\nDESENVOLVIMENTO EXTERIOR INTERIOR<br \/>\nCOLHEITA Meados de outubro 55 &#8211; 60 dias<br \/>\nRENDIMENTO 350-550 gr. por planta 300-550 gr\/m2<\/p>\n","protected":false},"excerpt":{"rendered":"<p>Sementes de maconha feminizadas INSPIRATION para ambientes internos e externos.<\/p>\n<p>A INSPIRATION \u00e9 uma das variedades de sementes de maconha \u00cdndica e Sativa mais equilibradas da KETAMA SEEDS.<\/p>\n<p>Pr\u00eamios:<\/p>\n<p>Copa Erdi Aldea 2015<\/p>\n<p>&#8220;Primeiro pr\u00eamio&#8221; na categoria de extra\u00e7\u00f5es.<\/p>\n<p>Haxixe feito com \u00e1gua, gelo e flores. &#8220;Ice or lator.<\/p>\n","protected":false},"featured_media":539,"comment_status":"open","ping_status":"closed","template":"","meta":{"_et_pb_use_builder":"","_et_pb_old_content":"","_et_gb_content_width":""},"product_brand":[],"product_cat":[49],"product_tag":[],"class_list":{"0":"post-980","1":"product","2":"type-product","3":"status-publish","4":"has-post-thumbnail","6":"product_cat-sementes-feminizadas","8":"first","9":"instock","10":"shipping-taxable","11":"purchasable","12":"product-type-variable"},"yoast_head":"<!-- This site is optimized with the Yoast SEO plugin v27.3 - https:\/\/yoast.com\/product\/yoast-seo-wordpress\/ -->\n<title>INSPIRATION sementes de cannabis feminizadas<\/title>\n<meta name=\"description\" content=\"A maconha mais potente. INSPIRATION, uma variedade de sementes de maconha que produz plantas fortes, com efeitos muito bons e espetacularmente atraentes.\" \/>\n<meta name=\"robots\" content=\"index, follow, max-snippet:-1, max-image-preview:large, max-video-preview:-1\" \/>\n<link rel=\"canonical\" href=\"https:\/\/ketamaseeds.com\/pt-br\/produto\/inspiration-sementes-de-cannabis-feminizadas\/\" \/>\n<meta property=\"og:locale\" content=\"pt_BR\" \/>\n<meta property=\"og:type\" content=\"article\" \/>\n<meta property=\"og:title\" content=\"INSPIRATION sementes de cannabis feminizadas\" \/>\n<meta property=\"og:description\" content=\"A maconha mais potente. INSPIRATION, uma variedade de sementes de maconha que produz plantas fortes, com efeitos muito bons e espetacularmente atraentes.\" \/>\n<meta property=\"og:url\" content=\"https:\/\/ketamaseeds.com\/pt-br\/produto\/inspiration-sementes-de-cannabis-feminizadas\/\" \/>\n<meta property=\"og:site_name\" content=\"KETAMA SEEDS\" \/>\n<meta property=\"article:publisher\" content=\"https:\/\/www.facebook.com\/ketamaseedsbank\" \/>\n<meta property=\"article:modified_time\" content=\"2023-12-08T02:33:42+00:00\" \/>\n<meta property=\"og:image\" content=\"https:\/\/ketamaseeds.com\/wp-content\/uploads\/2023\/10\/la-marihuana-mas-potente-INSPIRATION-de-KETAMA-SEEDS.jpg\" \/>\n\t<meta property=\"og:image:width\" content=\"1000\" \/>\n\t<meta property=\"og:image:height\" content=\"750\" \/>\n\t<meta property=\"og:image:type\" content=\"image\/jpeg\" \/>\n<meta name=\"twitter:card\" content=\"summary_large_image\" \/>\n<meta name=\"twitter:site\" content=\"@KetamaSeeds\" \/>\n<meta name=\"twitter:label1\" content=\"Est. tempo de leitura\" \/>\n\t<meta name=\"twitter:data1\" content=\"2 minutos\" \/>\n<script type=\"application\/ld+json\" class=\"yoast-schema-graph\">{\"@context\":\"https:\\\/\\\/schema.org\",\"@graph\":[{\"@type\":\"WebPage\",\"@id\":\"https:\\\/\\\/ketamaseeds.com\\\/pt-br\\\/produto\\\/inspiration-sementes-de-cannabis-feminizadas\\\/\",\"url\":\"https:\\\/\\\/ketamaseeds.com\\\/pt-br\\\/produto\\\/inspiration-sementes-de-cannabis-feminizadas\\\/\",\"name\":\"INSPIRATION sementes de cannabis feminizadas\",\"isPartOf\":{\"@id\":\"https:\\\/\\\/ketamaseeds.com\\\/pt-br\\\/#website\"},\"primaryImageOfPage\":{\"@id\":\"https:\\\/\\\/ketamaseeds.com\\\/pt-br\\\/produto\\\/inspiration-sementes-de-cannabis-feminizadas\\\/#primaryimage\"},\"image\":{\"@id\":\"https:\\\/\\\/ketamaseeds.com\\\/pt-br\\\/produto\\\/inspiration-sementes-de-cannabis-feminizadas\\\/#primaryimage\"},\"thumbnailUrl\":\"https:\\\/\\\/ketamaseeds.com\\\/wp-content\\\/uploads\\\/2023\\\/10\\\/la-marihuana-mas-potente-INSPIRATION-de-KETAMA-SEEDS.jpg\",\"datePublished\":\"2023-10-12T02:12:40+00:00\",\"dateModified\":\"2023-12-08T02:33:42+00:00\",\"description\":\"A maconha mais potente. INSPIRATION, uma variedade de sementes de maconha que produz plantas fortes, com efeitos muito bons e espetacularmente atraentes.\",\"breadcrumb\":{\"@id\":\"https:\\\/\\\/ketamaseeds.com\\\/pt-br\\\/produto\\\/inspiration-sementes-de-cannabis-feminizadas\\\/#breadcrumb\"},\"inLanguage\":\"pt-BR\",\"potentialAction\":[{\"@type\":\"ReadAction\",\"target\":[\"https:\\\/\\\/ketamaseeds.com\\\/pt-br\\\/produto\\\/inspiration-sementes-de-cannabis-feminizadas\\\/\"]}]},{\"@type\":\"ImageObject\",\"inLanguage\":\"pt-BR\",\"@id\":\"https:\\\/\\\/ketamaseeds.com\\\/pt-br\\\/produto\\\/inspiration-sementes-de-cannabis-feminizadas\\\/#primaryimage\",\"url\":\"https:\\\/\\\/ketamaseeds.com\\\/wp-content\\\/uploads\\\/2023\\\/10\\\/la-marihuana-mas-potente-INSPIRATION-de-KETAMA-SEEDS.jpg\",\"contentUrl\":\"https:\\\/\\\/ketamaseeds.com\\\/wp-content\\\/uploads\\\/2023\\\/10\\\/la-marihuana-mas-potente-INSPIRATION-de-KETAMA-SEEDS.jpg\",\"width\":1000,\"height\":750},{\"@type\":\"BreadcrumbList\",\"@id\":\"https:\\\/\\\/ketamaseeds.com\\\/pt-br\\\/produto\\\/inspiration-sementes-de-cannabis-feminizadas\\\/#breadcrumb\",\"itemListElement\":[{\"@type\":\"ListItem\",\"position\":1,\"name\":\"Home\",\"item\":\"https:\\\/\\\/ketamaseeds.com\\\/pt-br\\\/\"},{\"@type\":\"ListItem\",\"position\":2,\"name\":\"Sementes de cannabis\",\"item\":\"https:\\\/\\\/ketamaseeds.com\\\/pt-br\\\/sementes-de-cannabis\\\/\"},{\"@type\":\"ListItem\",\"position\":3,\"name\":\"INSPIRATION sementes de cannabis feminizadas\"}]},{\"@type\":\"WebSite\",\"@id\":\"https:\\\/\\\/ketamaseeds.com\\\/pt-br\\\/#website\",\"url\":\"https:\\\/\\\/ketamaseeds.com\\\/pt-br\\\/\",\"name\":\"KETAMA SEEDS\",\"description\":\"Banco de semillas de Cannabis\",\"publisher\":{\"@id\":\"https:\\\/\\\/ketamaseeds.com\\\/pt-br\\\/#organization\"},\"potentialAction\":[{\"@type\":\"SearchAction\",\"target\":{\"@type\":\"EntryPoint\",\"urlTemplate\":\"https:\\\/\\\/ketamaseeds.com\\\/pt-br\\\/?s={search_term_string}\"},\"query-input\":{\"@type\":\"PropertyValueSpecification\",\"valueRequired\":true,\"valueName\":\"search_term_string\"}}],\"inLanguage\":\"pt-BR\"},{\"@type\":\"Organization\",\"@id\":\"https:\\\/\\\/ketamaseeds.com\\\/pt-br\\\/#organization\",\"name\":\"KETAMA SEEDS\",\"url\":\"https:\\\/\\\/ketamaseeds.com\\\/pt-br\\\/\",\"logo\":{\"@type\":\"ImageObject\",\"inLanguage\":\"pt-BR\",\"@id\":\"https:\\\/\\\/ketamaseeds.com\\\/pt-br\\\/#\\\/schema\\\/logo\\\/image\\\/\",\"url\":\"https:\\\/\\\/ketamaseeds.com\\\/wp-content\\\/uploads\\\/2023\\\/10\\\/cropped-ketama-seeds-logo.jpeg\",\"contentUrl\":\"https:\\\/\\\/ketamaseeds.com\\\/wp-content\\\/uploads\\\/2023\\\/10\\\/cropped-ketama-seeds-logo.jpeg\",\"width\":512,\"height\":512,\"caption\":\"KETAMA SEEDS\"},\"image\":{\"@id\":\"https:\\\/\\\/ketamaseeds.com\\\/pt-br\\\/#\\\/schema\\\/logo\\\/image\\\/\"},\"sameAs\":[\"https:\\\/\\\/www.facebook.com\\\/ketamaseedsbank\",\"https:\\\/\\\/x.com\\\/KetamaSeeds\",\"https:\\\/\\\/www.instagram.com\\\/ketamaseeds\"]}]}<\/script>\n<!-- \/ Yoast SEO plugin. -->","yoast_head_json":{"title":"INSPIRATION sementes de cannabis feminizadas","description":"A maconha mais potente. INSPIRATION, uma variedade de sementes de maconha que produz plantas fortes, com efeitos muito bons e espetacularmente atraentes.","robots":{"index":"index","follow":"follow","max-snippet":"max-snippet:-1","max-image-preview":"max-image-preview:large","max-video-preview":"max-video-preview:-1"},"canonical":"https:\/\/ketamaseeds.com\/pt-br\/produto\/inspiration-sementes-de-cannabis-feminizadas\/","og_locale":"pt_BR","og_type":"article","og_title":"INSPIRATION sementes de cannabis feminizadas","og_description":"A maconha mais potente. INSPIRATION, uma variedade de sementes de maconha que produz plantas fortes, com efeitos muito bons e espetacularmente atraentes.","og_url":"https:\/\/ketamaseeds.com\/pt-br\/produto\/inspiration-sementes-de-cannabis-feminizadas\/","og_site_name":"KETAMA SEEDS","article_publisher":"https:\/\/www.facebook.com\/ketamaseedsbank","article_modified_time":"2023-12-08T02:33:42+00:00","og_image":[{"width":1000,"height":750,"url":"https:\/\/ketamaseeds.com\/wp-content\/uploads\/2023\/10\/la-marihuana-mas-potente-INSPIRATION-de-KETAMA-SEEDS.jpg","type":"image\/jpeg"}],"twitter_card":"summary_large_image","twitter_site":"@KetamaSeeds","twitter_misc":{"Est. tempo de leitura":"2 minutos"},"schema":{"@context":"https:\/\/schema.org","@graph":[{"@type":"WebPage","@id":"https:\/\/ketamaseeds.com\/pt-br\/produto\/inspiration-sementes-de-cannabis-feminizadas\/","url":"https:\/\/ketamaseeds.com\/pt-br\/produto\/inspiration-sementes-de-cannabis-feminizadas\/","name":"INSPIRATION sementes de cannabis feminizadas","isPartOf":{"@id":"https:\/\/ketamaseeds.com\/pt-br\/#website"},"primaryImageOfPage":{"@id":"https:\/\/ketamaseeds.com\/pt-br\/produto\/inspiration-sementes-de-cannabis-feminizadas\/#primaryimage"},"image":{"@id":"https:\/\/ketamaseeds.com\/pt-br\/produto\/inspiration-sementes-de-cannabis-feminizadas\/#primaryimage"},"thumbnailUrl":"https:\/\/ketamaseeds.com\/wp-content\/uploads\/2023\/10\/la-marihuana-mas-potente-INSPIRATION-de-KETAMA-SEEDS.jpg","datePublished":"2023-10-12T02:12:40+00:00","dateModified":"2023-12-08T02:33:42+00:00","description":"A maconha mais potente. INSPIRATION, uma variedade de sementes de maconha que produz plantas fortes, com efeitos muito bons e espetacularmente atraentes.","breadcrumb":{"@id":"https:\/\/ketamaseeds.com\/pt-br\/produto\/inspiration-sementes-de-cannabis-feminizadas\/#breadcrumb"},"inLanguage":"pt-BR","potentialAction":[{"@type":"ReadAction","target":["https:\/\/ketamaseeds.com\/pt-br\/produto\/inspiration-sementes-de-cannabis-feminizadas\/"]}]},{"@type":"ImageObject","inLanguage":"pt-BR","@id":"https:\/\/ketamaseeds.com\/pt-br\/produto\/inspiration-sementes-de-cannabis-feminizadas\/#primaryimage","url":"https:\/\/ketamaseeds.com\/wp-content\/uploads\/2023\/10\/la-marihuana-mas-potente-INSPIRATION-de-KETAMA-SEEDS.jpg","contentUrl":"https:\/\/ketamaseeds.com\/wp-content\/uploads\/2023\/10\/la-marihuana-mas-potente-INSPIRATION-de-KETAMA-SEEDS.jpg","width":1000,"height":750},{"@type":"BreadcrumbList","@id":"https:\/\/ketamaseeds.com\/pt-br\/produto\/inspiration-sementes-de-cannabis-feminizadas\/#breadcrumb","itemListElement":[{"@type":"ListItem","position":1,"name":"Home","item":"https:\/\/ketamaseeds.com\/pt-br\/"},{"@type":"ListItem","position":2,"name":"Sementes de cannabis","item":"https:\/\/ketamaseeds.com\/pt-br\/sementes-de-cannabis\/"},{"@type":"ListItem","position":3,"name":"INSPIRATION sementes de cannabis feminizadas"}]},{"@type":"WebSite","@id":"https:\/\/ketamaseeds.com\/pt-br\/#website","url":"https:\/\/ketamaseeds.com\/pt-br\/","name":"KETAMA SEEDS","description":"Banco de semillas de Cannabis","publisher":{"@id":"https:\/\/ketamaseeds.com\/pt-br\/#organization"},"potentialAction":[{"@type":"SearchAction","target":{"@type":"EntryPoint","urlTemplate":"https:\/\/ketamaseeds.com\/pt-br\/?s={search_term_string}"},"query-input":{"@type":"PropertyValueSpecification","valueRequired":true,"valueName":"search_term_string"}}],"inLanguage":"pt-BR"},{"@type":"Organization","@id":"https:\/\/ketamaseeds.com\/pt-br\/#organization","name":"KETAMA SEEDS","url":"https:\/\/ketamaseeds.com\/pt-br\/","logo":{"@type":"ImageObject","inLanguage":"pt-BR","@id":"https:\/\/ketamaseeds.com\/pt-br\/#\/schema\/logo\/image\/","url":"https:\/\/ketamaseeds.com\/wp-content\/uploads\/2023\/10\/cropped-ketama-seeds-logo.jpeg","contentUrl":"https:\/\/ketamaseeds.com\/wp-content\/uploads\/2023\/10\/cropped-ketama-seeds-logo.jpeg","width":512,"height":512,"caption":"KETAMA SEEDS"},"image":{"@id":"https:\/\/ketamaseeds.com\/pt-br\/#\/schema\/logo\/image\/"},"sameAs":["https:\/\/www.facebook.com\/ketamaseedsbank","https:\/\/x.com\/KetamaSeeds","https:\/\/www.instagram.com\/ketamaseeds"]}]}},"_links":{"self":[{"href":"https:\/\/ketamaseeds.com\/pt-br\/wp-json\/wp\/v2\/product\/980","targetHints":{"allow":["GET"]}}],"collection":[{"href":"https:\/\/ketamaseeds.com\/pt-br\/wp-json\/wp\/v2\/product"}],"about":[{"href":"https:\/\/ketamaseeds.com\/pt-br\/wp-json\/wp\/v2\/types\/product"}],"replies":[{"embeddable":true,"href":"https:\/\/ketamaseeds.com\/pt-br\/wp-json\/wp\/v2\/comments?post=980"}],"wp:featuredmedia":[{"embeddable":true,"href":"https:\/\/ketamaseeds.com\/pt-br\/wp-json\/wp\/v2\/media\/539"}],"wp:attachment":[{"href":"https:\/\/ketamaseeds.com\/pt-br\/wp-json\/wp\/v2\/media?parent=980"}],"wp:term":[{"taxonomy":"product_brand","embeddable":true,"href":"https:\/\/ketamaseeds.com\/pt-br\/wp-json\/wp\/v2\/product_brand?post=980"},{"taxonomy":"product_cat","embeddable":true,"href":"https:\/\/ketamaseeds.com\/pt-br\/wp-json\/wp\/v2\/product_cat?post=980"},{"taxonomy":"product_tag","embeddable":true,"href":"https:\/\/ketamaseeds.com\/pt-br\/wp-json\/wp\/v2\/product_tag?post=980"}],"curies":[{"name":"wp","href":"https:\/\/api.w.org\/{rel}","templated":true}]}}